{"id":7779,"date":"2025-09-17T13:49:58","date_gmt":"2025-09-17T16:49:58","guid":{"rendered":"https:\/\/www.legislapp.com.br\/index.php\/cam-legislativa-de-pe-prc-2934-2025\/"},"modified":"2025-09-17T13:49:58","modified_gmt":"2025-09-17T16:49:58","slug":"cam-legislativa-de-pe-prc-2934-2025","status":"publish","type":"page","link":"https:\/\/www.legislapp.com.br\/index.php\/cam-legislativa-de-pe-prc-2934-2025\/","title":{"rendered":"PRC 2934\/2025 &#8211; Waldemar Borges"},"content":{"rendered":"<h1 style='text-align: center;'>C\u00e2m. Legislativa de PE &#8211; Autoria de Waldemar Borges<br \/><img src='https:\/\/www.alepe.pe.gov.br\/\/wp-content\/uploads\/2015\/05\/WaldemarBorges_001-scaled-e1675862571749.jpg' alt='Waldemar Borges' \/><\/h3>\n<p><\/p>\n<article style='text-align: center'>Atrav\u00e9s do presente Projeto de Resolu\u00e7\u00e3o, submetemos a esta Casa Legislativa a concess\u00e3o do Registro do Patrim\u00f4nio Cultural Imaterial do Estado de Pernambuco para o Diario de Pernambuco. A Lei n\u00ba 16.426, de 27 de setembro de 2018, orienta, em seu artigo 5\u00ba, inciso II, que a Assembleia Legislativa \u00e9 parte leg\u00edtima para requerer a abertura do Registro do Patrim\u00f4nio Cultural Imaterial do Estado de Pernambuco (RPCI-PE).<\/p>\n<p>Inicialmente, vale ressaltar neste primeiro momento, que o Diario de Pernambuco j\u00e1 possui o t\u00edtulo de Patrim\u00f4nio Cultural Material do Brasil, sancionado pelo presidente Lula atrav\u00e9s da Lei n\u00ba 15.027, de 18 de novembro de 2024, como tamb\u00e9m o t\u00edtulo de Patrim\u00f4nio Imaterial Hist\u00f3rico e Cultural do Recife, institu\u00eddo pelo prefeito Jo\u00e3o Campos atrav\u00e9s da Lei n\u00ba 19.342, de 07 de janeiro de 2025. Portanto, cabe a Pernambuco, atrav\u00e9s desta Casa Legislativa e, posteriormente, a Secretaria de Cultura e a Funda\u00e7\u00e3o do Patrim\u00f4nio Hist\u00f3rico e Art\u00edstico de Pernambuco \u2013 FUNDARPE, prestarem tamb\u00e9m este justo e necess\u00e1rio reconhecimento em n\u00edvel estadual.<\/p>\n<p>Ao longo dos seus quase 200 anos, o Diario de Pernambuco estabeleceu-se como uma forma de comunica\u00e7\u00e3o enraizada na hist\u00f3ria, refletindo os valores, as perspectivas, os costumes e as mudan\u00e7as da sociedade tanto em Pernambuco quanto no resto do pa\u00eds. A sua longevidade possibilita o entendimento de uma parte essencial da mem\u00f3ria social pernambucana e brasileira, auxiliando na conserva\u00e7\u00e3o e dissemina\u00e7\u00e3o de conhecimentos, hist\u00f3rias e express\u00f5es culturais.<\/p>\n<p>O Diario acompanhou e documentou os eventos mais importantes da historiografia de Pernambuco, do Brasil e do mundo. Em 1825, ano de sua cria\u00e7\u00e3o pelas m\u00e3os do tip\u00f3grafo Antonino Jos\u00e9 de Miranda Falc\u00e3o, o Recife ainda n\u00e3o havia se tornado a capital de Pernambuco, e outros fatos hist\u00f3ricos ainda n\u00e3o haviam ocorrido, como a Aboli\u00e7\u00e3o da Escravatura, em 1888, e a Proclama\u00e7\u00e3o da Rep\u00fablica, em 1889.<\/p>\n<p>A exist\u00eancia do Diario nestes quase 200 anos vem mantendo vivos os conhecimentos e valores que a comunidade local considera como parte do seu legado cultural. O jornal tem servido como um meio de transmitir conhecimento, mem\u00f3ria e identidade cultural entre as pessoas. V\u00e1rios setores sociais consideram o Diario de Pernambuco como um patrim\u00f4nio cultural de grande valor simb\u00f3lico, hist\u00f3rico e de identidade.<\/p>\n<p>A sua presen\u00e7a constante na mente das pessoas, na mem\u00f3ria compartilhada e nas cole\u00e7\u00f5es p\u00fablicas e privadas demonstra o reconhecimento social fundamental para classificar algo como um bem imaterial.<\/p>\n<p>Apesar de o patrim\u00f4nio imaterial n\u00e3o se limitar a objetos, \u00e9 importante notar que o Diario de Pernambuco est\u00e1 ligado a estruturas hist\u00f3ricas e t\u00e9cnicas tradicionais de produ\u00e7\u00e3o de jornais, como pr\u00e9dios antigos, arquivos f\u00edsicos, equipamentos gr\u00e1ficos e m\u00e9todos espec\u00edficos de fazer jornalismo que possuem import\u00e2ncia hist\u00f3rica e simb\u00f3lica.<\/p>\n<p>Incluem o rol do Diario de Pernambuco o seu edif\u00edcio-sede, situado \u00e0 Rua do Veiga, 600, Santo Amaro, Recife\/PE \u2013 CEP: \u00a050040-110; a sua reda\u00e7\u00e3o de not\u00edcias, que congrega um portal com multilinguagens de comunica\u00e7\u00e3o, sendo f\u00edsicas e digital; seu acervo jornal\u00edstico f\u00edsico, com publica\u00e7\u00f5es datadas deste 1825; seu acervo jornal\u00edstico digital, dispon\u00edvel para consulta p\u00fablica e gratuita no link: https:\/\/memoria.bn.gov.br\/DocReader\/docmulti.aspx?bib=029033, como tamb\u00e9m a R\u00e1dio Clube de Pernambuco, que opera na frequ\u00eancia FM 99,1 Mhz.<\/p>\n<p>O Diario de Pernambuco se consolida como um verdadeiro memorial p\u00fablico que promove a preserva\u00e7\u00e3o n\u00e3o s\u00f3 dos mais importantes acontecimentos nacionais, mas tamb\u00e9m da mem\u00f3ria pernambucana. Sua exist\u00eancia at\u00e9 os dias de hoje reafirma a relev\u00e2ncia hist\u00f3rica e documental que o jornal representa. O peri\u00f3dico integra o nobre rol dos acervos que contam a hist\u00f3ria deste pa\u00eds e seus acontecimentos.<\/p>\n<p>Ap\u00f3s detalhada avalia\u00e7\u00e3o, considerando as normas legais, sobretudo \u00e0quelas expostas na Lei n\u00ba 16.426, de 27 de setembro de 2018, no que se refere ao patrim\u00f4nio imaterial, compreendemos que o Diario de Pernambuco apresenta todas as caracter\u00edsticas para ser considerado um Patrim\u00f4nio Cultural Imaterial.<\/p>\n<p>Asseguramos que o Diario representa uma tradi\u00e7\u00e3o de manifesta\u00e7\u00e3o cultural, que \u00e9 muito respeitada e apreciada pelos pernambucanos, al\u00e9m de ser essencial para manter viva e espalhar a hist\u00f3ria n\u00e3o s\u00f3 da nossa regi\u00e3o, como tamb\u00e9m a mem\u00f3ria nacional.<\/p>\n<p>Diante do exposto, e com grande honra, encaminho para aprecia\u00e7\u00e3o dos meus pares o presente Projeto de Resolu\u00e7\u00e3o.<\/article>\n<p><\/p>\n<p style='text-align: center'><a href='https:\/\/app.legislapp.com.br\/#\/busca?termo='><\/a><\/p>\n<p><\/p>\n<article>\u00a0\u00a0\u00a0\u00a0\u00a0Art. 1\u00ba Fica submetida\u00a0a indica\u00e7\u00e3o do Diario de Pernambuco\u00a0para obten\u00e7\u00e3o\u00a0do Registro do Patrim\u00f4nio Cultural Imaterial de Pernambuco, nos termos da Lei n\u00ba\u00a016.426, de 27 de setembro de 2018.<\/p>\n<p>\u00a0\u00a0\u00a0\u00a0\u00a0Art. 2\u00ba Esta Resolu\u00e7\u00e3o entra em vigor na data de sua publica\u00e7\u00e3o.<\/article>\n<div style=\"text-align: center\">\n<div style=\"margin-bottom: 20px;\" class=\"et_pb_button_module_wrapper et_pb_button_5_tb_body_wrapper et_pb_button_alignment_center et_pb_module \">\n         <a class=\"et_pb_button et_pb_button_5_tb_body et_hover_enabled et_pb_bg_layout_dark\" style=\"width: 50%;background-color: black;\" href=\"https:\/\/app.legislapp.com.br\" target=\"_blank\" rel=\"noopener\">Visualizar completo na nossa plataforma (30 dias gr\u00e1tis)<\/a><\/p><\/div>\n<p>      <a href=\"https:\/\/play.google.com\/store\/apps\/details?id=br.com.legislapp\"><img decoding=\"async\" style=\"width: 15%; min-width: 130px;\" src=\"https:\/\/www.legislapp.com.br\/wp-content\/uploads\/google-play.png\"><\/a><br \/>\n      <a href=\"https:\/\/apps.apple.com\/us\/app\/legislapp\/id1568929859\"><img decoding=\"async\" style=\"width: 15%; min-width: 130px\" src=\"https:\/\/www.legislapp.com.br\/wp-content\/uploads\/apple-store.png\"><\/a>\n   <\/div>\n","protected":false},"excerpt":{"rendered":"<p>C\u00e2m. Legislativa de PE &#8211; Autoria de Waldemar Borges Atrav\u00e9s do presente Projeto de Resolu\u00e7\u00e3o, submetemos a esta Casa Legislativa a concess\u00e3o do Registro do Patrim\u00f4nio Cultural Imaterial do Estado de Pernambuco para o Diario de Pernambuco. A Lei n\u00ba 16.426, de 27 de setembro de 2018, orienta, em seu artigo 5\u00ba, inciso II, que [&hellip;]<\/p>\n","protected":false},"author":1,"featured_media":0,"parent":0,"menu_order":0,"comment_status":"closed","ping_status":"closed","template":"page-template-blank.php","meta":{"_et_pb_use_builder":"","_et_pb_old_content":"","_et_gb_content_width":"1080","ngg_post_thumbnail":0,"footnotes":""},"class_list":["post-7779","page","type-page","status-publish","hentry"],"yoast_head":"<!-- This site is optimized with the Yoast SEO plugin v24.4 - https:\/\/yoast.com\/wordpress\/plugins\/seo\/ -->\n<title>PRC 2934\/2025 - Waldemar Borges - Legislapp<\/title>\n<meta name=\"robots\" content=\"index, follow, max-snippet:-1, max-image-preview:large, max-video-preview:-1\" \/>\n<link rel=\"canonical\" href=\"https:\/\/www.legislapp.com.br\/index.php\/cam-legislativa-de-pe-prc-2934-2025\/\" \/>\n<meta property=\"og:locale\" content=\"pt_BR\" \/>\n<meta property=\"og:type\" content=\"article\" \/>\n<meta property=\"og:title\" content=\"PRC 2934\/2025 - Waldemar Borges - Legislapp\" \/>\n<meta property=\"og:description\" content=\"C\u00e2m. Legislativa de PE &#8211; Autoria de Waldemar Borges Atrav\u00e9s do presente Projeto de Resolu\u00e7\u00e3o, submetemos a esta Casa Legislativa a concess\u00e3o do Registro do Patrim\u00f4nio Cultural Imaterial do Estado de Pernambuco para o Diario de Pernambuco. A Lei n\u00ba 16.426, de 27 de setembro de 2018, orienta, em seu artigo 5\u00ba, inciso II, que [&hellip;]\" \/>\n<meta property=\"og:url\" content=\"https:\/\/www.legislapp.com.br\/index.php\/cam-legislativa-de-pe-prc-2934-2025\/\" \/>\n<meta property=\"og:site_name\" content=\"Legislapp\" \/>\n<meta property=\"article:publisher\" content=\"https:\/\/www.instagram.com\/legislapp\/\" \/>\n<meta property=\"og:image\" content=\"https:\/\/www.alepe.pe.gov.br\/\/wp-content\/uploads\/2015\/05\/WaldemarBorges_001-scaled-e1675862571749.jpg\" \/>\n<meta name=\"twitter:card\" content=\"summary_large_image\" \/>\n<meta name=\"twitter:label1\" content=\"Est. tempo de leitura\" \/>\n\t<meta name=\"twitter:data1\" content=\"4 minutos\" \/>\n<script type=\"application\/ld+json\" class=\"yoast-schema-graph\">{\"@context\":\"https:\/\/schema.org\",\"@graph\":[{\"@type\":\"WebPage\",\"@id\":\"https:\/\/www.legislapp.com.br\/index.php\/cam-legislativa-de-pe-prc-2934-2025\/\",\"url\":\"https:\/\/www.legislapp.com.br\/index.php\/cam-legislativa-de-pe-prc-2934-2025\/\",\"name\":\"PRC 2934\/2025 - Waldemar Borges - Legislapp\",\"isPartOf\":{\"@id\":\"https:\/\/www.legislapp.com.br\/#website\"},\"primaryImageOfPage\":{\"@id\":\"https:\/\/www.legislapp.com.br\/index.php\/cam-legislativa-de-pe-prc-2934-2025\/#primaryimage\"},\"image\":{\"@id\":\"https:\/\/www.legislapp.com.br\/index.php\/cam-legislativa-de-pe-prc-2934-2025\/#primaryimage\"},\"thumbnailUrl\":\"https:\/\/www.alepe.pe.gov.br\/\/wp-content\/uploads\/2015\/05\/WaldemarBorges_001-scaled-e1675862571749.jpg\",\"datePublished\":\"2025-09-17T16:49:58+00:00\",\"breadcrumb\":{\"@id\":\"https:\/\/www.legislapp.com.br\/index.php\/cam-legislativa-de-pe-prc-2934-2025\/#breadcrumb\"},\"inLanguage\":\"pt-BR\",\"potentialAction\":[{\"@type\":\"ReadAction\",\"target\":[\"https:\/\/www.legislapp.com.br\/index.php\/cam-legislativa-de-pe-prc-2934-2025\/\"]}]},{\"@type\":\"ImageObject\",\"inLanguage\":\"pt-BR\",\"@id\":\"https:\/\/www.legislapp.com.br\/index.php\/cam-legislativa-de-pe-prc-2934-2025\/#primaryimage\",\"url\":\"https:\/\/www.alepe.pe.gov.br\/\/wp-content\/uploads\/2015\/05\/WaldemarBorges_001-scaled-e1675862571749.jpg\",\"contentUrl\":\"https:\/\/www.alepe.pe.gov.br\/\/wp-content\/uploads\/2015\/05\/WaldemarBorges_001-scaled-e1675862571749.jpg\"},{\"@type\":\"BreadcrumbList\",\"@id\":\"https:\/\/www.legislapp.com.br\/index.php\/cam-legislativa-de-pe-prc-2934-2025\/#breadcrumb\",\"itemListElement\":[{\"@type\":\"ListItem\",\"position\":1,\"name\":\"In\u00edcio\",\"item\":\"https:\/\/www.legislapp.com.br\/\"},{\"@type\":\"ListItem\",\"position\":2,\"name\":\"PRC 2934\/2025 &#8211; Waldemar Borges\"}]},{\"@type\":\"WebSite\",\"@id\":\"https:\/\/www.legislapp.com.br\/#website\",\"url\":\"https:\/\/www.legislapp.com.br\/\",\"name\":\"Legislapp\",\"description\":\"Intelig\u00eancia governamental em tempo real\",\"publisher\":{\"@id\":\"https:\/\/www.legislapp.com.br\/#organization\"},\"potentialAction\":[{\"@type\":\"SearchAction\",\"target\":{\"@type\":\"EntryPoint\",\"urlTemplate\":\"https:\/\/www.legislapp.com.br\/?s={search_term_string}\"},\"query-input\":{\"@type\":\"PropertyValueSpecification\",\"valueRequired\":true,\"valueName\":\"search_term_string\"}}],\"inLanguage\":\"pt-BR\"},{\"@type\":\"Organization\",\"@id\":\"https:\/\/www.legislapp.com.br\/#organization\",\"name\":\"Legislapp Monitoramento e Intelig\u00eancia Governamental\",\"url\":\"https:\/\/www.legislapp.com.br\/\",\"logo\":{\"@type\":\"ImageObject\",\"inLanguage\":\"pt-BR\",\"@id\":\"https:\/\/www.legislapp.com.br\/#\/schema\/logo\/image\/\",\"url\":\"https:\/\/www.legislapp.com.br\/wp-content\/uploads\/icon.png\",\"contentUrl\":\"https:\/\/www.legislapp.com.br\/wp-content\/uploads\/icon.png\",\"width\":1024,\"height\":1024,\"caption\":\"Legislapp Monitoramento e Intelig\u00eancia Governamental\"},\"image\":{\"@id\":\"https:\/\/www.legislapp.com.br\/#\/schema\/logo\/image\/\"},\"sameAs\":[\"https:\/\/www.instagram.com\/legislapp\/\"]}]}<\/script>\n<!-- \/ Yoast SEO plugin. -->","yoast_head_json":{"title":"PRC 2934\/2025 - Waldemar Borges - Legislapp","robots":{"index":"index","follow":"follow","max-snippet":"max-snippet:-1","max-image-preview":"max-image-preview:large","max-video-preview":"max-video-preview:-1"},"canonical":"https:\/\/www.legislapp.com.br\/index.php\/cam-legislativa-de-pe-prc-2934-2025\/","og_locale":"pt_BR","og_type":"article","og_title":"PRC 2934\/2025 - Waldemar Borges - Legislapp","og_description":"C\u00e2m. Legislativa de PE &#8211; Autoria de Waldemar Borges Atrav\u00e9s do presente Projeto de Resolu\u00e7\u00e3o, submetemos a esta Casa Legislativa a concess\u00e3o do Registro do Patrim\u00f4nio Cultural Imaterial do Estado de Pernambuco para o Diario de Pernambuco. A Lei n\u00ba 16.426, de 27 de setembro de 2018, orienta, em seu artigo 5\u00ba, inciso II, que [&hellip;]","og_url":"https:\/\/www.legislapp.com.br\/index.php\/cam-legislativa-de-pe-prc-2934-2025\/","og_site_name":"Legislapp","article_publisher":"https:\/\/www.instagram.com\/legislapp\/","og_image":[{"url":"https:\/\/www.alepe.pe.gov.br\/\/wp-content\/uploads\/2015\/05\/WaldemarBorges_001-scaled-e1675862571749.jpg","type":"","width":"","height":""}],"twitter_card":"summary_large_image","twitter_misc":{"Est. tempo de leitura":"4 minutos"},"schema":{"@context":"https:\/\/schema.org","@graph":[{"@type":"WebPage","@id":"https:\/\/www.legislapp.com.br\/index.php\/cam-legislativa-de-pe-prc-2934-2025\/","url":"https:\/\/www.legislapp.com.br\/index.php\/cam-legislativa-de-pe-prc-2934-2025\/","name":"PRC 2934\/2025 - Waldemar Borges - Legislapp","isPartOf":{"@id":"https:\/\/www.legislapp.com.br\/#website"},"primaryImageOfPage":{"@id":"https:\/\/www.legislapp.com.br\/index.php\/cam-legislativa-de-pe-prc-2934-2025\/#primaryimage"},"image":{"@id":"https:\/\/www.legislapp.com.br\/index.php\/cam-legislativa-de-pe-prc-2934-2025\/#primaryimage"},"thumbnailUrl":"https:\/\/www.alepe.pe.gov.br\/\/wp-content\/uploads\/2015\/05\/WaldemarBorges_001-scaled-e1675862571749.jpg","datePublished":"2025-09-17T16:49:58+00:00","breadcrumb":{"@id":"https:\/\/www.legislapp.com.br\/index.php\/cam-legislativa-de-pe-prc-2934-2025\/#breadcrumb"},"inLanguage":"pt-BR","potentialAction":[{"@type":"ReadAction","target":["https:\/\/www.legislapp.com.br\/index.php\/cam-legislativa-de-pe-prc-2934-2025\/"]}]},{"@type":"ImageObject","inLanguage":"pt-BR","@id":"https:\/\/www.legislapp.com.br\/index.php\/cam-legislativa-de-pe-prc-2934-2025\/#primaryimage","url":"https:\/\/www.alepe.pe.gov.br\/\/wp-content\/uploads\/2015\/05\/WaldemarBorges_001-scaled-e1675862571749.jpg","contentUrl":"https:\/\/www.alepe.pe.gov.br\/\/wp-content\/uploads\/2015\/05\/WaldemarBorges_001-scaled-e1675862571749.jpg"},{"@type":"BreadcrumbList","@id":"https:\/\/www.legislapp.com.br\/index.php\/cam-legislativa-de-pe-prc-2934-2025\/#breadcrumb","itemListElement":[{"@type":"ListItem","position":1,"name":"In\u00edcio","item":"https:\/\/www.legislapp.com.br\/"},{"@type":"ListItem","position":2,"name":"PRC 2934\/2025 &#8211; Waldemar Borges"}]},{"@type":"WebSite","@id":"https:\/\/www.legislapp.com.br\/#website","url":"https:\/\/www.legislapp.com.br\/","name":"Legislapp","description":"Intelig\u00eancia governamental em tempo real","publisher":{"@id":"https:\/\/www.legislapp.com.br\/#organization"},"potentialAction":[{"@type":"SearchAction","target":{"@type":"EntryPoint","urlTemplate":"https:\/\/www.legislapp.com.br\/?s={search_term_string}"},"query-input":{"@type":"PropertyValueSpecification","valueRequired":true,"valueName":"search_term_string"}}],"inLanguage":"pt-BR"},{"@type":"Organization","@id":"https:\/\/www.legislapp.com.br\/#organization","name":"Legislapp Monitoramento e Intelig\u00eancia Governamental","url":"https:\/\/www.legislapp.com.br\/","logo":{"@type":"ImageObject","inLanguage":"pt-BR","@id":"https:\/\/www.legislapp.com.br\/#\/schema\/logo\/image\/","url":"https:\/\/www.legislapp.com.br\/wp-content\/uploads\/icon.png","contentUrl":"https:\/\/www.legislapp.com.br\/wp-content\/uploads\/icon.png","width":1024,"height":1024,"caption":"Legislapp Monitoramento e Intelig\u00eancia Governamental"},"image":{"@id":"https:\/\/www.legislapp.com.br\/#\/schema\/logo\/image\/"},"sameAs":["https:\/\/www.instagram.com\/legislapp\/"]}]}},"_links":{"self":[{"href":"https:\/\/www.legislapp.com.br\/index.php\/wp-json\/wp\/v2\/pages\/7779","targetHints":{"allow":["GET"]}}],"collection":[{"href":"https:\/\/www.legislapp.com.br\/index.php\/wp-json\/wp\/v2\/pages"}],"about":[{"href":"https:\/\/www.legislapp.com.br\/index.php\/wp-json\/wp\/v2\/types\/page"}],"author":[{"embeddable":true,"href":"https:\/\/www.legislapp.com.br\/index.php\/wp-json\/wp\/v2\/users\/1"}],"replies":[{"embeddable":true,"href":"https:\/\/www.legislapp.com.br\/index.php\/wp-json\/wp\/v2\/comments?post=7779"}],"version-history":[{"count":0,"href":"https:\/\/www.legislapp.com.br\/index.php\/wp-json\/wp\/v2\/pages\/7779\/revisions"}],"wp:attachment":[{"href":"https:\/\/www.legislapp.com.br\/index.php\/wp-json\/wp\/v2\/media?parent=7779"}],"curies":[{"name":"wp","href":"https:\/\/api.w.org\/{rel}","templated":true}]}}