{"id":7784,"date":"2025-09-17T13:50:14","date_gmt":"2025-09-17T16:50:14","guid":{"rendered":"https:\/\/www.legislapp.com.br\/index.php\/cam-legislativa-de-sc-pl-0264-2025\/"},"modified":"2025-09-17T13:50:14","modified_gmt":"2025-09-17T16:50:14","slug":"cam-legislativa-de-sc-pl-0264-2025","status":"publish","type":"page","link":"https:\/\/www.legislapp.com.br\/index.php\/cam-legislativa-de-sc-pl-0264-2025\/","title":{"rendered":"PL.\/0264\/2025 &#8211; Altair Silva"},"content":{"rendered":"<h1 style='text-align: center;'>C\u00e2m. Legislativa de SC &#8211; Autoria de Altair Silva<\/h3>\n<p><\/p>\n<article style='text-align: center'>Reconhece o Munic\u00edpio de Iomer\u00ea como a Capital Catarinense da Suinocultura e do Cordeiro e altera o Anexo \u00danico da Lei n\u00ba 16.722, de 2015, que &#8220;Consolida as Leis que conferem denomina\u00e7\u00e3o adjetiva aos Munic\u00edpios catarinenses&#8221;, para o fim de nele incluir a denomina\u00e7\u00e3o ao referido Munic\u00edpio.<\/article>\n<p><\/p>\n<p style='text-align: center'><a href='https:\/\/app.legislapp.com.br\/#\/busca?termo='><\/a><\/p>\n<p><\/p>\n<article>ASSEMBLEIA LEGISLATIVA GABINETE DEPUTADO<br \/>\nESTADO DE SANTA CATARINA ALTAIR SILVA<\/p>\n<p>PROJETO DE LEI<\/p>\n<p>Reconhece o Munic\u00edpio de Iomer\u00ea como a Capital<br \/>\nCatarinense da Suinocultura e do Cordeiro e altera o Anexo<br \/>\n\u00danico da Lei n\u00ba 16.722, de 2015, que \u201cConsolida as Leis que<br \/>\nconferem denomina\u00e7\u00e3o adjetiva aos Munic\u00edpios<br \/>\ncatarinenses\u201d, para o fim de nele incluir a denomina\u00e7\u00e3o ao<br \/>\nreferido Munic\u00edpio.<\/p>\n<p>Art. 1\u00ba O Munic\u00edpio de Iomer\u00ea fica reconhecido como a<br \/>\nCapital Catarinense da Suinocultura e do Cordeiro.<\/p>\n<p>Art. 2\u00ba O Anexo \u00danico da Lei n\u00ba 16.722, de 8 de outubro de<br \/>\n2015, passa a vigorar com a reda\u00e7\u00e3o constante no Anexo \u00danico desta Lei.<\/p>\n<p>Art. 3\u00ba Revoga-se a Lei n.\u00ba 13.862 de 27 de novembro de<br \/>\n2006.<\/p>\n<p>Art.4\u00ba Esta Lei entra em vigor na data de sua publica\u00e7\u00e3o.<\/p>\n<p>Sala das Sess\u00f5es,<\/p>\n<p>Deputado Altair Silva<br \/>\n\u00daANEXO \u00daNICO<br \/>\n(Altera o Anexo \u00danico da Lei n\u00ba 16.722, de 8 de outubro de 2015)<\/p>\n<p>\u201cANEXO \u00daNICO<br \/>\nATRIBUI ADJETIVA\u00c7\u00c3O<\/p>\n<p>MUNIC\u00cdPIO T\u00cdTULO LEI ORIGINAL N\u00ba<br \/>\n\u2026\u2026\u2026\u2026\u2026\u2026\u2026\u2026\u2026\u2026\u2026.. \u2026\u2026\u2026\u2026\u2026\u2026\u2026\u2026\u2026\u2026\u2026.. \u2026\u2026\u2026\u2026\u2026\u2026\u2026\u2026\u2026<br \/>\nIomer\u00ea Capital Catarinense da<br \/>\nSuinocultura e do<br \/>\nCordeiro<br \/>\n\u2026\u2026\u2026\u2026\u2026\u2026\u2026\u2026\u2026\u2026\u2026.. \u2026\u2026\u2026\u2026\u2026\u2026\u2026\u2026\u2026\u2026\u2026.. \u2026\u2026\u2026\u2026\u2026\u2026\u2026\u2026\u2026<br \/>\n\u201c(NR)JUSTIFICA\u00c7\u00c3O<\/p>\n<p>O presente projeto de lei prop\u00f5e conceder ao munic\u00edpio de<br \/>\nIomer\u00ea\/SC o t\u00edtulo de \u201cCapital Catarinense da Suinocultura e do Cordeiro\u201d,<br \/>\nreconhecendo sua trajet\u00f3ria de excel\u00eancia, inova\u00e7\u00e3o e lideran\u00e7a em setores<br \/>\nfundamentais para a economia catarinense. A justificativa baseia-se no hist\u00f3rico<br \/>\nconsolidado do munic\u00edpio, nas pol\u00edticas p\u00fablicas implementadas e no impacto<br \/>\nsocioecon\u00f4mico gerado por suas atividades agropecu\u00e1rias.<\/p>\n<p>Iomer\u00ea j\u00e1 ostenta, com orgulho, o t\u00edtulo de \u201cCapital<br \/>\nCatarinense da Suinocultura\u201d, fruto de d\u00e9cadas de dedica\u00e7\u00e3o \u00e0 cadeia produtiva de<br \/>\nsu\u00ednos. Atualmente, o munic\u00edpio conta com 112 criadores ativos, respons\u00e1veis por uma<br \/>\nprodu\u00e7\u00e3o m\u00e9dia anual de 108.325 su\u00ednos, que movimentam R$ 225.247.720,69 na<br \/>\neconomia local e regional. Esses n\u00fameros n\u00e3o apenas consolidam Iomer\u00ea como um<br \/>\np\u00f3lo estrat\u00e9gico para Santa Catarina \u2014 estado l\u00edder nacional na suinocultura \u2014, mas<br \/>\ntamb\u00e9m destacam seu papel na gera\u00e7\u00e3o de empregos, no fortalecimento da agricultura<br \/>\nfamiliar e no abastecimento da agroind\u00fastria catarinense.<\/p>\n<p>Al\u00e9m da suinocultura, o munic\u00edpio destaca-se como l\u00edder<br \/>\nestadual na produ\u00e7\u00e3o de cordeiros, setor que vem registrando crescimento<br \/>\nexponencial. Com o maior n\u00famero de cordeiros entregues anualmente em Santa<br \/>\nCatarina, Iomer\u00ea investe em gen\u00e9tica de ponta, priorizando ra\u00e7as como Santa In\u00eas,<br \/>\nTexel, \u00cele-de-France, Dorper e Suffolk, garantindo qualidade e competitividade. A Expo<br \/>\nIomer\u00ea, um dos maiores eventos de ovinocaprinocultura do estado, exemplifica esse<br \/>\ndinamismo: em 2023, o evento movimentou R$ 1,5 milh\u00e3o em leil\u00f5es e feiras<br \/>\nagroindustriais, atraindo produtores de Santa Catarina, Paran\u00e1 e Rio Grande do Sul.<br \/>\nEssa iniciativa n\u00e3o s\u00f3 promove a troca de tecnologias e conhecimentos, mas tamb\u00e9m<br \/>\nimpulsiona neg\u00f3cios e consolida a reputa\u00e7\u00e3o do munic\u00edpio como refer\u00eancia no setor.<\/p>\n<p>A voca\u00e7\u00e3o inovadora de Iomer\u00ea reflete-se em pol\u00edticas<br \/>\np\u00fablicas pioneiras, como a inclus\u00e3o da carne ovina na merenda escolar, a\u00e7\u00e3o realizada<br \/>\nem parceria com a Coovicap, Senar e Faesc. Essa medida, al\u00e9m de garantir<br \/>\nalimenta\u00e7\u00e3o saud\u00e1vel e diversificada aos estudantes, valoriza os produtores locais e<br \/>\nfortalece a cadeia produtiva. O munic\u00edpio tamb\u00e9m estabeleceu conv\u00eanios com o Sebrae<br \/>\ne o Senar para oferecer consultoria tecnol\u00f3gica aos produtores, resultando em redu\u00e7\u00e3o<br \/>\nde 20% nos custos e aumento de 15% na produtividade. A distribui\u00e7\u00e3o de sementes,<br \/>\nsubs\u00eddios para ensilagem e o apoio \u00e0 agricultura familiar complementam esse conjunto<br \/>\nde a\u00e7\u00f5es, que t\u00eam como foco o desenvolvimento equilibrado e sustent\u00e1vel.<\/p>\n<p>O impacto socioecon\u00f4mico dessas atividades \u00e9 palp\u00e1vel. A<br \/>\nsuinocultura e a ovinocultura geram empregos diretos e indiretos, elevam a renda das<br \/>\nfam\u00edlias rurais e integram toda a cadeia produtiva \u2014 desde a cria\u00e7\u00e3o at\u00e9 a<br \/>\nagroind\u00fastria e o mercado gourmet, onde os cordeiros de Iomer\u00ea j\u00e1 s\u00e3o reconhecidos<br \/>\npor sua qualidade superior. Al\u00e9m disso, as pr\u00e1ticas adotadas priorizam a<br \/>\nsustentabilidade ambiental, com t\u00e9cnicas de manejo respons\u00e1vel e otimiza\u00e7\u00e3o de<br \/>\nrecursos, alinhando crescimento econ\u00f4mico \u00e0 preserva\u00e7\u00e3o do meio ambiente.<\/p>\n<p>Conceder a Iomer\u00ea o t\u00edtulo de \u201cCapital Catarinense da<br \/>\nSuinocultura e do Cordeiro\u201d \u00e9, portanto, um reconhecimento justo ao trabalho \u00e1rduo de<br \/>\nseus produtores, \u00e0 efic\u00e1cia das pol\u00edticas p\u00fablicas locais e ao potencial que o munic\u00edpio<br \/>\nrepresenta para o estado. Mais do que uma homenagem, o t\u00edtulo servir\u00e1 como est\u00edmulo<br \/>\npara o cont\u00ednuo aprimoramento desses setores, fortalecendo Santa Catarina como<br \/>\nrefer\u00eancia nacional em agropecu\u00e1ria e garantindo um legado de prosperidade para as<br \/>\nfuturas gera\u00e7\u00f5es.<\/p>\n<p>Por todo o exposto solicito o inestim\u00e1vel apoio das Senhoras<br \/>\ne dos Senhores Parlamentares \u00e0 sua aprova\u00e7\u00e3o. <\/p>\n<p>Deputado Altair SilvaELEGIS<br \/>\nDocumento assinado eletronicamente por Altair Silva, em<br \/>\nSistema de Processo<br \/>\n20\/05\/2025, \u00e0s 14:12.<br \/>\nLegislativo Eletr\u00f4nico<\/article>\n<div style=\"text-align: center\">\n<div style=\"margin-bottom: 20px;\" class=\"et_pb_button_module_wrapper et_pb_button_5_tb_body_wrapper et_pb_button_alignment_center et_pb_module \">\n         <a class=\"et_pb_button et_pb_button_5_tb_body et_hover_enabled et_pb_bg_layout_dark\" style=\"width: 50%;background-color: black;\" href=\"https:\/\/app.legislapp.com.br\" target=\"_blank\" rel=\"noopener\">Visualizar completo na nossa plataforma (30 dias gr\u00e1tis)<\/a><\/p><\/div>\n<p>      <a href=\"https:\/\/play.google.com\/store\/apps\/details?id=br.com.legislapp\"><img decoding=\"async\" style=\"width: 15%; min-width: 130px;\" src=\"https:\/\/www.legislapp.com.br\/wp-content\/uploads\/google-play.png\"><\/a><br \/>\n      <a href=\"https:\/\/apps.apple.com\/us\/app\/legislapp\/id1568929859\"><img decoding=\"async\" style=\"width: 15%; min-width: 130px\" src=\"https:\/\/www.legislapp.com.br\/wp-content\/uploads\/apple-store.png\"><\/a>\n   <\/div>\n","protected":false},"excerpt":{"rendered":"<p>C\u00e2m. Legislativa de SC &#8211; Autoria de Altair Silva Reconhece o Munic\u00edpio de Iomer\u00ea como a Capital Catarinense da Suinocultura e do Cordeiro e altera o Anexo \u00danico da Lei n\u00ba 16.722, de 2015, que &#8220;Consolida as Leis que conferem denomina\u00e7\u00e3o adjetiva aos Munic\u00edpios catarinenses&#8221;, para o fim de nele incluir a denomina\u00e7\u00e3o ao referido [&hellip;]<\/p>\n","protected":false},"author":1,"featured_media":0,"parent":0,"menu_order":0,"comment_status":"closed","ping_status":"closed","template":"page-template-blank.php","meta":{"_et_pb_use_builder":"","_et_pb_old_content":"","_et_gb_content_width":"1080","ngg_post_thumbnail":0,"footnotes":""},"class_list":["post-7784","page","type-page","status-publish","hentry"],"yoast_head":"<!-- This site is optimized with the Yoast SEO plugin v24.4 - https:\/\/yoast.com\/wordpress\/plugins\/seo\/ -->\n<title>PL.\/0264\/2025 - Altair Silva - Legislapp<\/title>\n<meta name=\"robots\" content=\"index, follow, max-snippet:-1, max-image-preview:large, max-video-preview:-1\" \/>\n<link rel=\"canonical\" href=\"https:\/\/www.legislapp.com.br\/index.php\/cam-legislativa-de-sc-pl-0264-2025\/\" \/>\n<meta property=\"og:locale\" content=\"pt_BR\" \/>\n<meta property=\"og:type\" content=\"article\" \/>\n<meta property=\"og:title\" content=\"PL.\/0264\/2025 - Altair Silva - Legislapp\" \/>\n<meta property=\"og:description\" content=\"C\u00e2m. Legislativa de SC &#8211; Autoria de Altair Silva Reconhece o Munic\u00edpio de Iomer\u00ea como a Capital Catarinense da Suinocultura e do Cordeiro e altera o Anexo \u00danico da Lei n\u00ba 16.722, de 2015, que &#8220;Consolida as Leis que conferem denomina\u00e7\u00e3o adjetiva aos Munic\u00edpios catarinenses&#8221;, para o fim de nele incluir a denomina\u00e7\u00e3o ao referido [&hellip;]\" \/>\n<meta property=\"og:url\" content=\"https:\/\/www.legislapp.com.br\/index.php\/cam-legislativa-de-sc-pl-0264-2025\/\" \/>\n<meta property=\"og:site_name\" content=\"Legislapp\" \/>\n<meta property=\"article:publisher\" content=\"https:\/\/www.instagram.com\/legislapp\/\" \/>\n<meta property=\"og:image\" content=\"https:\/\/www.legislapp.com.br\/wp-content\/uploads\/google-play.png\" \/>\n<meta name=\"twitter:card\" content=\"summary_large_image\" \/>\n<meta name=\"twitter:label1\" content=\"Est. tempo de leitura\" \/>\n\t<meta name=\"twitter:data1\" content=\"4 minutos\" \/>\n<script type=\"application\/ld+json\" class=\"yoast-schema-graph\">{\"@context\":\"https:\/\/schema.org\",\"@graph\":[{\"@type\":\"WebPage\",\"@id\":\"https:\/\/www.legislapp.com.br\/index.php\/cam-legislativa-de-sc-pl-0264-2025\/\",\"url\":\"https:\/\/www.legislapp.com.br\/index.php\/cam-legislativa-de-sc-pl-0264-2025\/\",\"name\":\"PL.\/0264\/2025 - Altair Silva - Legislapp\",\"isPartOf\":{\"@id\":\"https:\/\/www.legislapp.com.br\/#website\"},\"primaryImageOfPage\":{\"@id\":\"https:\/\/www.legislapp.com.br\/index.php\/cam-legislativa-de-sc-pl-0264-2025\/#primaryimage\"},\"image\":{\"@id\":\"https:\/\/www.legislapp.com.br\/index.php\/cam-legislativa-de-sc-pl-0264-2025\/#primaryimage\"},\"thumbnailUrl\":\"https:\/\/www.legislapp.com.br\/wp-content\/uploads\/google-play.png\",\"datePublished\":\"2025-09-17T16:50:14+00:00\",\"breadcrumb\":{\"@id\":\"https:\/\/www.legislapp.com.br\/index.php\/cam-legislativa-de-sc-pl-0264-2025\/#breadcrumb\"},\"inLanguage\":\"pt-BR\",\"potentialAction\":[{\"@type\":\"ReadAction\",\"target\":[\"https:\/\/www.legislapp.com.br\/index.php\/cam-legislativa-de-sc-pl-0264-2025\/\"]}]},{\"@type\":\"ImageObject\",\"inLanguage\":\"pt-BR\",\"@id\":\"https:\/\/www.legislapp.com.br\/index.php\/cam-legislativa-de-sc-pl-0264-2025\/#primaryimage\",\"url\":\"https:\/\/www.legislapp.com.br\/wp-content\/uploads\/google-play.png\",\"contentUrl\":\"https:\/\/www.legislapp.com.br\/wp-content\/uploads\/google-play.png\",\"width\":564,\"height\":168},{\"@type\":\"BreadcrumbList\",\"@id\":\"https:\/\/www.legislapp.com.br\/index.php\/cam-legislativa-de-sc-pl-0264-2025\/#breadcrumb\",\"itemListElement\":[{\"@type\":\"ListItem\",\"position\":1,\"name\":\"In\u00edcio\",\"item\":\"https:\/\/www.legislapp.com.br\/\"},{\"@type\":\"ListItem\",\"position\":2,\"name\":\"PL.\/0264\/2025 &#8211; Altair Silva\"}]},{\"@type\":\"WebSite\",\"@id\":\"https:\/\/www.legislapp.com.br\/#website\",\"url\":\"https:\/\/www.legislapp.com.br\/\",\"name\":\"Legislapp\",\"description\":\"Intelig\u00eancia governamental em tempo real\",\"publisher\":{\"@id\":\"https:\/\/www.legislapp.com.br\/#organization\"},\"potentialAction\":[{\"@type\":\"SearchAction\",\"target\":{\"@type\":\"EntryPoint\",\"urlTemplate\":\"https:\/\/www.legislapp.com.br\/?s={search_term_string}\"},\"query-input\":{\"@type\":\"PropertyValueSpecification\",\"valueRequired\":true,\"valueName\":\"search_term_string\"}}],\"inLanguage\":\"pt-BR\"},{\"@type\":\"Organization\",\"@id\":\"https:\/\/www.legislapp.com.br\/#organization\",\"name\":\"Legislapp Monitoramento e Intelig\u00eancia Governamental\",\"url\":\"https:\/\/www.legislapp.com.br\/\",\"logo\":{\"@type\":\"ImageObject\",\"inLanguage\":\"pt-BR\",\"@id\":\"https:\/\/www.legislapp.com.br\/#\/schema\/logo\/image\/\",\"url\":\"https:\/\/www.legislapp.com.br\/wp-content\/uploads\/icon.png\",\"contentUrl\":\"https:\/\/www.legislapp.com.br\/wp-content\/uploads\/icon.png\",\"width\":1024,\"height\":1024,\"caption\":\"Legislapp Monitoramento e Intelig\u00eancia Governamental\"},\"image\":{\"@id\":\"https:\/\/www.legislapp.com.br\/#\/schema\/logo\/image\/\"},\"sameAs\":[\"https:\/\/www.instagram.com\/legislapp\/\"]}]}<\/script>\n<!-- \/ Yoast SEO plugin. -->","yoast_head_json":{"title":"PL.\/0264\/2025 - Altair Silva - Legislapp","robots":{"index":"index","follow":"follow","max-snippet":"max-snippet:-1","max-image-preview":"max-image-preview:large","max-video-preview":"max-video-preview:-1"},"canonical":"https:\/\/www.legislapp.com.br\/index.php\/cam-legislativa-de-sc-pl-0264-2025\/","og_locale":"pt_BR","og_type":"article","og_title":"PL.\/0264\/2025 - Altair Silva - Legislapp","og_description":"C\u00e2m. Legislativa de SC &#8211; Autoria de Altair Silva Reconhece o Munic\u00edpio de Iomer\u00ea como a Capital Catarinense da Suinocultura e do Cordeiro e altera o Anexo \u00danico da Lei n\u00ba 16.722, de 2015, que &#8220;Consolida as Leis que conferem denomina\u00e7\u00e3o adjetiva aos Munic\u00edpios catarinenses&#8221;, para o fim de nele incluir a denomina\u00e7\u00e3o ao referido [&hellip;]","og_url":"https:\/\/www.legislapp.com.br\/index.php\/cam-legislativa-de-sc-pl-0264-2025\/","og_site_name":"Legislapp","article_publisher":"https:\/\/www.instagram.com\/legislapp\/","og_image":[{"url":"https:\/\/www.legislapp.com.br\/wp-content\/uploads\/google-play.png","type":"","width":"","height":""}],"twitter_card":"summary_large_image","twitter_misc":{"Est. tempo de leitura":"4 minutos"},"schema":{"@context":"https:\/\/schema.org","@graph":[{"@type":"WebPage","@id":"https:\/\/www.legislapp.com.br\/index.php\/cam-legislativa-de-sc-pl-0264-2025\/","url":"https:\/\/www.legislapp.com.br\/index.php\/cam-legislativa-de-sc-pl-0264-2025\/","name":"PL.\/0264\/2025 - Altair Silva - Legislapp","isPartOf":{"@id":"https:\/\/www.legislapp.com.br\/#website"},"primaryImageOfPage":{"@id":"https:\/\/www.legislapp.com.br\/index.php\/cam-legislativa-de-sc-pl-0264-2025\/#primaryimage"},"image":{"@id":"https:\/\/www.legislapp.com.br\/index.php\/cam-legislativa-de-sc-pl-0264-2025\/#primaryimage"},"thumbnailUrl":"https:\/\/www.legislapp.com.br\/wp-content\/uploads\/google-play.png","datePublished":"2025-09-17T16:50:14+00:00","breadcrumb":{"@id":"https:\/\/www.legislapp.com.br\/index.php\/cam-legislativa-de-sc-pl-0264-2025\/#breadcrumb"},"inLanguage":"pt-BR","potentialAction":[{"@type":"ReadAction","target":["https:\/\/www.legislapp.com.br\/index.php\/cam-legislativa-de-sc-pl-0264-2025\/"]}]},{"@type":"ImageObject","inLanguage":"pt-BR","@id":"https:\/\/www.legislapp.com.br\/index.php\/cam-legislativa-de-sc-pl-0264-2025\/#primaryimage","url":"https:\/\/www.legislapp.com.br\/wp-content\/uploads\/google-play.png","contentUrl":"https:\/\/www.legislapp.com.br\/wp-content\/uploads\/google-play.png","width":564,"height":168},{"@type":"BreadcrumbList","@id":"https:\/\/www.legislapp.com.br\/index.php\/cam-legislativa-de-sc-pl-0264-2025\/#breadcrumb","itemListElement":[{"@type":"ListItem","position":1,"name":"In\u00edcio","item":"https:\/\/www.legislapp.com.br\/"},{"@type":"ListItem","position":2,"name":"PL.\/0264\/2025 &#8211; Altair Silva"}]},{"@type":"WebSite","@id":"https:\/\/www.legislapp.com.br\/#website","url":"https:\/\/www.legislapp.com.br\/","name":"Legislapp","description":"Intelig\u00eancia governamental em tempo real","publisher":{"@id":"https:\/\/www.legislapp.com.br\/#organization"},"potentialAction":[{"@type":"SearchAction","target":{"@type":"EntryPoint","urlTemplate":"https:\/\/www.legislapp.com.br\/?s={search_term_string}"},"query-input":{"@type":"PropertyValueSpecification","valueRequired":true,"valueName":"search_term_string"}}],"inLanguage":"pt-BR"},{"@type":"Organization","@id":"https:\/\/www.legislapp.com.br\/#organization","name":"Legislapp Monitoramento e Intelig\u00eancia Governamental","url":"https:\/\/www.legislapp.com.br\/","logo":{"@type":"ImageObject","inLanguage":"pt-BR","@id":"https:\/\/www.legislapp.com.br\/#\/schema\/logo\/image\/","url":"https:\/\/www.legislapp.com.br\/wp-content\/uploads\/icon.png","contentUrl":"https:\/\/www.legislapp.com.br\/wp-content\/uploads\/icon.png","width":1024,"height":1024,"caption":"Legislapp Monitoramento e Intelig\u00eancia Governamental"},"image":{"@id":"https:\/\/www.legislapp.com.br\/#\/schema\/logo\/image\/"},"sameAs":["https:\/\/www.instagram.com\/legislapp\/"]}]}},"_links":{"self":[{"href":"https:\/\/www.legislapp.com.br\/index.php\/wp-json\/wp\/v2\/pages\/7784","targetHints":{"allow":["GET"]}}],"collection":[{"href":"https:\/\/www.legislapp.com.br\/index.php\/wp-json\/wp\/v2\/pages"}],"about":[{"href":"https:\/\/www.legislapp.com.br\/index.php\/wp-json\/wp\/v2\/types\/page"}],"author":[{"embeddable":true,"href":"https:\/\/www.legislapp.com.br\/index.php\/wp-json\/wp\/v2\/users\/1"}],"replies":[{"embeddable":true,"href":"https:\/\/www.legislapp.com.br\/index.php\/wp-json\/wp\/v2\/comments?post=7784"}],"version-history":[{"count":0,"href":"https:\/\/www.legislapp.com.br\/index.php\/wp-json\/wp\/v2\/pages\/7784\/revisions"}],"wp:attachment":[{"href":"https:\/\/www.legislapp.com.br\/index.php\/wp-json\/wp\/v2\/media?parent=7784"}],"curies":[{"name":"wp","href":"https:\/\/api.w.org\/{rel}","templated":true}]}}