{"id":7786,"date":"2025-09-17T13:50:20","date_gmt":"2025-09-17T16:50:20","guid":{"rendered":"https:\/\/www.legislapp.com.br\/index.php\/cam-legislativa-de-sc-plc-0008-2025\/"},"modified":"2025-09-17T13:50:20","modified_gmt":"2025-09-17T16:50:20","slug":"cam-legislativa-de-sc-plc-0008-2025","status":"publish","type":"page","link":"https:\/\/www.legislapp.com.br\/index.php\/cam-legislativa-de-sc-plc-0008-2025\/","title":{"rendered":"PLC\/0008\/2025 &#8211; Ana Campagnolo"},"content":{"rendered":"<h1 style='text-align: center;'>C\u00e2m. Legislativa de SC &#8211; Autoria de Ana Campagnolo<\/h3>\n<p><\/p>\n<article style='text-align: center'>Altera o art. 76 da Lei Complementar n\u00ba 491, de 2010, que &#8220;Cria o Estatuto Jur\u00eddico Disciplinar no \u00e2mbito da Administra\u00e7\u00e3o Direta e Indireta do Estado de Santa Catarina&#8221;.<\/article>\n<p><\/p>\n<p style='text-align: center'><a href='https:\/\/app.legislapp.com.br\/#\/busca?termo='><\/a><\/p>\n<p><\/p>\n<article>ASSEMBLEIA LEGISLATIVA GABINETE DEPUTADA ANA<br \/>\nESTADO DE SANTA CATARINA CAMPAGNOLO<\/p>\n<p>PROJETO DE LEI COMPLEMENTAR<\/p>\n<p>Altera o art. 76 da Lei Complementar n\u00ba 491, de 2010, que<br \/>\n\u201cCria o Estatuto Jur\u00eddico Disciplinar no \u00e2mbito da<br \/>\nAdministra\u00e7\u00e3o Direta e Indireta do Estado de Santa<br \/>\nCatarina\u201d.<\/p>\n<p>Art. 1\u00ba O art. 76 da Lei Complementar n\u00ba 491, de 20 de<br \/>\njaneiro de 2010, passa a vigorar com a seguinte reda\u00e7\u00e3o:<\/p>\n<p>\u201cArt. 76. &#8230;&#8230;&#8230;&#8230;&#8230;&#8230;&#8230;&#8230;&#8230;&#8230;&#8230;&#8230;&#8230;&#8230;&#8230;&#8230;&#8230;&#8230;&#8230;&#8230;&#8230;&#8230;&#8230;&#8230;&#8230;&#8230;&#8230;&#8230;<\/p>\n<p>\u00a7 1\u00ba O afastamento poder\u00e1 ser prorrogado por igual prazo,<br \/>\nreiteradamente, enquanto perdurar o processo, mediante decis\u00e3o fundamentada da<br \/>\nautoridade competente.<\/p>\n<p>&#8230;&#8230;&#8230;&#8230;&#8230;&#8230;&#8230;&#8230;&#8230;&#8230;&#8230;&#8230;&#8230;&#8230;&#8230;&#8230;&#8230;&#8230;&#8230;&#8230;&#8230;&#8230;&#8230;&#8230;&#8230;&#8230;&#8230;&#8230;&#8230;&#8230;&#8230;&#8230;&#8230;.<\/p>\n<p>\u00a7 6\u00ba Em caso de infra\u00e7\u00e3o relacionada a crimes de natureza<br \/>\nsexual, ser\u00e1 obrigat\u00f3ria a designa\u00e7\u00e3o do servidor acusado para exerc\u00edcio em outro<br \/>\nsetor e local, como medida de prote\u00e7\u00e3o \u00e0s poss\u00edveis v\u00edtimas e \u00e0 regularidade do<br \/>\nprocedimento administrativo disciplinar, exceto se estiver afastado, nos termos do ca p u t<br \/>\ne do \u00a7 1\u00ba deste artigo.\u201d (NR)<\/p>\n<p>Art. 2\u00ba Esta Lei Complementar entra em vigor na data de sua<br \/>\npublica\u00e7\u00e3o.<\/p>\n<p>Sala das Sess\u00f5es,<\/p>\n<p>Deputada Ana Campagnolo<br \/>\n J US T I F I CA\u00c7\u00c3O<\/p>\n<p>O presente Projeto de Lei Complementar tem por objetivo<br \/>\nalterar o art. 76 da Lei Complementar n\u00ba 491, de 20 de janeiro de 2010, que disp\u00f5e<br \/>\nsobre o regime jur\u00eddico dos servidores p\u00fablicos civis do Estado de Santa Catarina.<\/p>\n<p>A reda\u00e7\u00e3o atualmente vigente do \u00a7 1\u00ba permite que, ap\u00f3s o<br \/>\nper\u00edodo inicial de afastamento de at\u00e9 60 dias \u2014 prorrog\u00e1vel por igual per\u00edodo \u2014, o<br \/>\nservidor investigado possa retornar \u00e0s suas fun\u00e7\u00f5es, inclusive ao mesmo ambiente de<br \/>\ntrabalho, antes da conclus\u00e3o do processo administrativo disciplinar. Tal possibilidade<br \/>\ngera s\u00e9rias preocupa\u00e7\u00f5es, especialmente em casos que envolvam den\u00fancias de<br \/>\nass\u00e9dio sexual, moral ou outras condutas violentas, cujas v\u00edtimas s\u00e3o colegas de<br \/>\ntrabalho, em especial subordinados diretos, que frequentemente se encontram em<br \/>\nposi\u00e7\u00e3o de maior vulnerabilidade diante da autoridade do agressor.<\/p>\n<p>A perman\u00eancia ou o retorno do servidor acusado ao local<br \/>\nonde os fatos ocorreram pode comprometer a integridade da investiga\u00e7\u00e3o, influenciar<br \/>\ntestemunhas e, sobretudo, causar inseguran\u00e7a e sofrimento adicional \u00e0 v\u00edtima. Assim, \u00e9<br \/>\nimprescind\u00edvel que o Estado adote medidas firmes para garantir o devido processo<br \/>\nlegal ao investigado e, ao mesmo tempo, proteger as v\u00edtimas e demais servidores de<br \/>\nqualquer forma de intimida\u00e7\u00e3o ou revitimiza\u00e7\u00e3o.<\/p>\n<p>Nesse sentido, a altera\u00e7\u00e3o do \u00a7 1\u00ba estabelece que o servidor<br \/>\ninvestigado poder\u00e1 permanecer afastado at\u00e9 a conclus\u00e3o do processo administrativo,<br \/>\ninclusive por prazo superior ao afastamento cautelar padr\u00e3o, desde que haja decis\u00e3o<br \/>\nfundamentada da autoridade competente. Isso confere mais seguran\u00e7a jur\u00eddica e<br \/>\nestabilidade ao ambiente funcional.<\/p>\n<p>Adicionalmente, prop\u00f5e-se o acr\u00e9scimo de \u00a7 6\u00badeterminando<br \/>\nque, em casos de infra\u00e7\u00f5es relacionadas a crimes sexuais, o servidor dever\u00e1 ser<br \/>\nobrigatoriamente removido para outro setor, mesmo que permane\u00e7a em atividade,<br \/>\ncomo forma de preservar as poss\u00edveis v\u00edtimas e garantir a lisura do procedimento<br \/>\ndisciplinar. A medida n\u00e3o revoga o \u00a7 5\u00ba da lei, que continuar\u00e1 a permitir a transfer\u00eancia<br \/>\nfacultativa em outras situa\u00e7\u00f5es.<\/p>\n<p>Diante do exposto, solicitamos o apoio dos nobres<br \/>\nParlamentares para aprova\u00e7\u00e3o desta proposi\u00e7\u00e3o, refor\u00e7ando o compromisso do Estado<br \/>\ncom a \u00e9tica, a prote\u00e7\u00e3o da dignidade humana e a integridade dos processos<br \/>\ndisciplinares no servi\u00e7o p\u00fablico.<br \/>\nELEGIS<br \/>\nDocumento assinado eletronicamente por Ana Caroline<br \/>\nSistema de Processo<br \/>\nCampagnolo, em 20\/05\/2025, \u00e0s 17:43.<br \/>\nLegislativo Eletr\u00f4nico<\/article>\n<div style=\"text-align: center\">\n<div style=\"margin-bottom: 20px;\" class=\"et_pb_button_module_wrapper et_pb_button_5_tb_body_wrapper et_pb_button_alignment_center et_pb_module \">\n         <a class=\"et_pb_button et_pb_button_5_tb_body et_hover_enabled et_pb_bg_layout_dark\" style=\"width: 50%;background-color: black;\" href=\"https:\/\/app.legislapp.com.br\" target=\"_blank\" rel=\"noopener\">Visualizar completo na nossa plataforma (30 dias gr\u00e1tis)<\/a><\/p><\/div>\n<p>      <a href=\"https:\/\/play.google.com\/store\/apps\/details?id=br.com.legislapp\"><img decoding=\"async\" style=\"width: 15%; min-width: 130px;\" src=\"https:\/\/www.legislapp.com.br\/wp-content\/uploads\/google-play.png\"><\/a><br \/>\n      <a href=\"https:\/\/apps.apple.com\/us\/app\/legislapp\/id1568929859\"><img decoding=\"async\" style=\"width: 15%; min-width: 130px\" src=\"https:\/\/www.legislapp.com.br\/wp-content\/uploads\/apple-store.png\"><\/a>\n   <\/div>\n","protected":false},"excerpt":{"rendered":"<p>C\u00e2m. Legislativa de SC &#8211; Autoria de Ana Campagnolo Altera o art. 76 da Lei Complementar n\u00ba 491, de 2010, que &#8220;Cria o Estatuto Jur\u00eddico Disciplinar no \u00e2mbito da Administra\u00e7\u00e3o Direta e Indireta do Estado de Santa Catarina&#8221;. ASSEMBLEIA LEGISLATIVA GABINETE DEPUTADA ANA ESTADO DE SANTA CATARINA CAMPAGNOLO PROJETO DE LEI COMPLEMENTAR Altera o art. [&hellip;]<\/p>\n","protected":false},"author":1,"featured_media":0,"parent":0,"menu_order":0,"comment_status":"closed","ping_status":"closed","template":"page-template-blank.php","meta":{"_et_pb_use_builder":"","_et_pb_old_content":"","_et_gb_content_width":"1080","ngg_post_thumbnail":0,"footnotes":""},"class_list":["post-7786","page","type-page","status-publish","hentry"],"yoast_head":"<!-- This site is optimized with the Yoast SEO plugin v24.4 - https:\/\/yoast.com\/wordpress\/plugins\/seo\/ -->\n<title>PLC\/0008\/2025 - Ana Campagnolo - Legislapp<\/title>\n<meta name=\"robots\" content=\"index, follow, max-snippet:-1, max-image-preview:large, max-video-preview:-1\" \/>\n<link rel=\"canonical\" href=\"https:\/\/www.legislapp.com.br\/index.php\/cam-legislativa-de-sc-plc-0008-2025\/\" \/>\n<meta property=\"og:locale\" content=\"pt_BR\" \/>\n<meta property=\"og:type\" content=\"article\" \/>\n<meta property=\"og:title\" content=\"PLC\/0008\/2025 - Ana Campagnolo - Legislapp\" \/>\n<meta property=\"og:description\" content=\"C\u00e2m. Legislativa de SC &#8211; Autoria de Ana Campagnolo Altera o art. 76 da Lei Complementar n\u00ba 491, de 2010, que &#8220;Cria o Estatuto Jur\u00eddico Disciplinar no \u00e2mbito da Administra\u00e7\u00e3o Direta e Indireta do Estado de Santa Catarina&#8221;. ASSEMBLEIA LEGISLATIVA GABINETE DEPUTADA ANA ESTADO DE SANTA CATARINA CAMPAGNOLO PROJETO DE LEI COMPLEMENTAR Altera o art. [&hellip;]\" \/>\n<meta property=\"og:url\" content=\"https:\/\/www.legislapp.com.br\/index.php\/cam-legislativa-de-sc-plc-0008-2025\/\" \/>\n<meta property=\"og:site_name\" content=\"Legislapp\" \/>\n<meta property=\"article:publisher\" content=\"https:\/\/www.instagram.com\/legislapp\/\" \/>\n<meta property=\"og:image\" content=\"https:\/\/www.legislapp.com.br\/wp-content\/uploads\/google-play.png\" \/>\n<meta name=\"twitter:card\" content=\"summary_large_image\" \/>\n<meta name=\"twitter:label1\" content=\"Est. tempo de leitura\" \/>\n\t<meta name=\"twitter:data1\" content=\"3 minutos\" \/>\n<script type=\"application\/ld+json\" class=\"yoast-schema-graph\">{\"@context\":\"https:\/\/schema.org\",\"@graph\":[{\"@type\":\"WebPage\",\"@id\":\"https:\/\/www.legislapp.com.br\/index.php\/cam-legislativa-de-sc-plc-0008-2025\/\",\"url\":\"https:\/\/www.legislapp.com.br\/index.php\/cam-legislativa-de-sc-plc-0008-2025\/\",\"name\":\"PLC\/0008\/2025 - Ana Campagnolo - Legislapp\",\"isPartOf\":{\"@id\":\"https:\/\/www.legislapp.com.br\/#website\"},\"primaryImageOfPage\":{\"@id\":\"https:\/\/www.legislapp.com.br\/index.php\/cam-legislativa-de-sc-plc-0008-2025\/#primaryimage\"},\"image\":{\"@id\":\"https:\/\/www.legislapp.com.br\/index.php\/cam-legislativa-de-sc-plc-0008-2025\/#primaryimage\"},\"thumbnailUrl\":\"https:\/\/www.legislapp.com.br\/wp-content\/uploads\/google-play.png\",\"datePublished\":\"2025-09-17T16:50:20+00:00\",\"breadcrumb\":{\"@id\":\"https:\/\/www.legislapp.com.br\/index.php\/cam-legislativa-de-sc-plc-0008-2025\/#breadcrumb\"},\"inLanguage\":\"pt-BR\",\"potentialAction\":[{\"@type\":\"ReadAction\",\"target\":[\"https:\/\/www.legislapp.com.br\/index.php\/cam-legislativa-de-sc-plc-0008-2025\/\"]}]},{\"@type\":\"ImageObject\",\"inLanguage\":\"pt-BR\",\"@id\":\"https:\/\/www.legislapp.com.br\/index.php\/cam-legislativa-de-sc-plc-0008-2025\/#primaryimage\",\"url\":\"https:\/\/www.legislapp.com.br\/wp-content\/uploads\/google-play.png\",\"contentUrl\":\"https:\/\/www.legislapp.com.br\/wp-content\/uploads\/google-play.png\",\"width\":564,\"height\":168},{\"@type\":\"BreadcrumbList\",\"@id\":\"https:\/\/www.legislapp.com.br\/index.php\/cam-legislativa-de-sc-plc-0008-2025\/#breadcrumb\",\"itemListElement\":[{\"@type\":\"ListItem\",\"position\":1,\"name\":\"In\u00edcio\",\"item\":\"https:\/\/www.legislapp.com.br\/\"},{\"@type\":\"ListItem\",\"position\":2,\"name\":\"PLC\/0008\/2025 &#8211; Ana Campagnolo\"}]},{\"@type\":\"WebSite\",\"@id\":\"https:\/\/www.legislapp.com.br\/#website\",\"url\":\"https:\/\/www.legislapp.com.br\/\",\"name\":\"Legislapp\",\"description\":\"Intelig\u00eancia governamental em tempo real\",\"publisher\":{\"@id\":\"https:\/\/www.legislapp.com.br\/#organization\"},\"potentialAction\":[{\"@type\":\"SearchAction\",\"target\":{\"@type\":\"EntryPoint\",\"urlTemplate\":\"https:\/\/www.legislapp.com.br\/?s={search_term_string}\"},\"query-input\":{\"@type\":\"PropertyValueSpecification\",\"valueRequired\":true,\"valueName\":\"search_term_string\"}}],\"inLanguage\":\"pt-BR\"},{\"@type\":\"Organization\",\"@id\":\"https:\/\/www.legislapp.com.br\/#organization\",\"name\":\"Legislapp Monitoramento e Intelig\u00eancia Governamental\",\"url\":\"https:\/\/www.legislapp.com.br\/\",\"logo\":{\"@type\":\"ImageObject\",\"inLanguage\":\"pt-BR\",\"@id\":\"https:\/\/www.legislapp.com.br\/#\/schema\/logo\/image\/\",\"url\":\"https:\/\/www.legislapp.com.br\/wp-content\/uploads\/icon.png\",\"contentUrl\":\"https:\/\/www.legislapp.com.br\/wp-content\/uploads\/icon.png\",\"width\":1024,\"height\":1024,\"caption\":\"Legislapp Monitoramento e Intelig\u00eancia Governamental\"},\"image\":{\"@id\":\"https:\/\/www.legislapp.com.br\/#\/schema\/logo\/image\/\"},\"sameAs\":[\"https:\/\/www.instagram.com\/legislapp\/\"]}]}<\/script>\n<!-- \/ Yoast SEO plugin. -->","yoast_head_json":{"title":"PLC\/0008\/2025 - Ana Campagnolo - Legislapp","robots":{"index":"index","follow":"follow","max-snippet":"max-snippet:-1","max-image-preview":"max-image-preview:large","max-video-preview":"max-video-preview:-1"},"canonical":"https:\/\/www.legislapp.com.br\/index.php\/cam-legislativa-de-sc-plc-0008-2025\/","og_locale":"pt_BR","og_type":"article","og_title":"PLC\/0008\/2025 - Ana Campagnolo - Legislapp","og_description":"C\u00e2m. Legislativa de SC &#8211; Autoria de Ana Campagnolo Altera o art. 76 da Lei Complementar n\u00ba 491, de 2010, que &#8220;Cria o Estatuto Jur\u00eddico Disciplinar no \u00e2mbito da Administra\u00e7\u00e3o Direta e Indireta do Estado de Santa Catarina&#8221;. ASSEMBLEIA LEGISLATIVA GABINETE DEPUTADA ANA ESTADO DE SANTA CATARINA CAMPAGNOLO PROJETO DE LEI COMPLEMENTAR Altera o art. [&hellip;]","og_url":"https:\/\/www.legislapp.com.br\/index.php\/cam-legislativa-de-sc-plc-0008-2025\/","og_site_name":"Legislapp","article_publisher":"https:\/\/www.instagram.com\/legislapp\/","og_image":[{"url":"https:\/\/www.legislapp.com.br\/wp-content\/uploads\/google-play.png","type":"","width":"","height":""}],"twitter_card":"summary_large_image","twitter_misc":{"Est. tempo de leitura":"3 minutos"},"schema":{"@context":"https:\/\/schema.org","@graph":[{"@type":"WebPage","@id":"https:\/\/www.legislapp.com.br\/index.php\/cam-legislativa-de-sc-plc-0008-2025\/","url":"https:\/\/www.legislapp.com.br\/index.php\/cam-legislativa-de-sc-plc-0008-2025\/","name":"PLC\/0008\/2025 - Ana Campagnolo - Legislapp","isPartOf":{"@id":"https:\/\/www.legislapp.com.br\/#website"},"primaryImageOfPage":{"@id":"https:\/\/www.legislapp.com.br\/index.php\/cam-legislativa-de-sc-plc-0008-2025\/#primaryimage"},"image":{"@id":"https:\/\/www.legislapp.com.br\/index.php\/cam-legislativa-de-sc-plc-0008-2025\/#primaryimage"},"thumbnailUrl":"https:\/\/www.legislapp.com.br\/wp-content\/uploads\/google-play.png","datePublished":"2025-09-17T16:50:20+00:00","breadcrumb":{"@id":"https:\/\/www.legislapp.com.br\/index.php\/cam-legislativa-de-sc-plc-0008-2025\/#breadcrumb"},"inLanguage":"pt-BR","potentialAction":[{"@type":"ReadAction","target":["https:\/\/www.legislapp.com.br\/index.php\/cam-legislativa-de-sc-plc-0008-2025\/"]}]},{"@type":"ImageObject","inLanguage":"pt-BR","@id":"https:\/\/www.legislapp.com.br\/index.php\/cam-legislativa-de-sc-plc-0008-2025\/#primaryimage","url":"https:\/\/www.legislapp.com.br\/wp-content\/uploads\/google-play.png","contentUrl":"https:\/\/www.legislapp.com.br\/wp-content\/uploads\/google-play.png","width":564,"height":168},{"@type":"BreadcrumbList","@id":"https:\/\/www.legislapp.com.br\/index.php\/cam-legislativa-de-sc-plc-0008-2025\/#breadcrumb","itemListElement":[{"@type":"ListItem","position":1,"name":"In\u00edcio","item":"https:\/\/www.legislapp.com.br\/"},{"@type":"ListItem","position":2,"name":"PLC\/0008\/2025 &#8211; Ana Campagnolo"}]},{"@type":"WebSite","@id":"https:\/\/www.legislapp.com.br\/#website","url":"https:\/\/www.legislapp.com.br\/","name":"Legislapp","description":"Intelig\u00eancia governamental em tempo real","publisher":{"@id":"https:\/\/www.legislapp.com.br\/#organization"},"potentialAction":[{"@type":"SearchAction","target":{"@type":"EntryPoint","urlTemplate":"https:\/\/www.legislapp.com.br\/?s={search_term_string}"},"query-input":{"@type":"PropertyValueSpecification","valueRequired":true,"valueName":"search_term_string"}}],"inLanguage":"pt-BR"},{"@type":"Organization","@id":"https:\/\/www.legislapp.com.br\/#organization","name":"Legislapp Monitoramento e Intelig\u00eancia Governamental","url":"https:\/\/www.legislapp.com.br\/","logo":{"@type":"ImageObject","inLanguage":"pt-BR","@id":"https:\/\/www.legislapp.com.br\/#\/schema\/logo\/image\/","url":"https:\/\/www.legislapp.com.br\/wp-content\/uploads\/icon.png","contentUrl":"https:\/\/www.legislapp.com.br\/wp-content\/uploads\/icon.png","width":1024,"height":1024,"caption":"Legislapp Monitoramento e Intelig\u00eancia Governamental"},"image":{"@id":"https:\/\/www.legislapp.com.br\/#\/schema\/logo\/image\/"},"sameAs":["https:\/\/www.instagram.com\/legislapp\/"]}]}},"_links":{"self":[{"href":"https:\/\/www.legislapp.com.br\/index.php\/wp-json\/wp\/v2\/pages\/7786","targetHints":{"allow":["GET"]}}],"collection":[{"href":"https:\/\/www.legislapp.com.br\/index.php\/wp-json\/wp\/v2\/pages"}],"about":[{"href":"https:\/\/www.legislapp.com.br\/index.php\/wp-json\/wp\/v2\/types\/page"}],"author":[{"embeddable":true,"href":"https:\/\/www.legislapp.com.br\/index.php\/wp-json\/wp\/v2\/users\/1"}],"replies":[{"embeddable":true,"href":"https:\/\/www.legislapp.com.br\/index.php\/wp-json\/wp\/v2\/comments?post=7786"}],"version-history":[{"count":0,"href":"https:\/\/www.legislapp.com.br\/index.php\/wp-json\/wp\/v2\/pages\/7786\/revisions"}],"wp:attachment":[{"href":"https:\/\/www.legislapp.com.br\/index.php\/wp-json\/wp\/v2\/media?parent=7786"}],"curies":[{"name":"wp","href":"https:\/\/api.w.org\/{rel}","templated":true}]}}