{"id":7789,"date":"2025-09-17T13:50:30","date_gmt":"2025-09-17T16:50:30","guid":{"rendered":"https:\/\/www.legislapp.com.br\/index.php\/cam-legislativa-de-pe-pl-2931-2025\/"},"modified":"2025-09-17T13:50:30","modified_gmt":"2025-09-17T16:50:30","slug":"cam-legislativa-de-pe-pl-2931-2025","status":"publish","type":"page","link":"https:\/\/www.legislapp.com.br\/index.php\/cam-legislativa-de-pe-pl-2931-2025\/","title":{"rendered":"PL 2931\/2025 &#8211; Henrique Queiroz Filho"},"content":{"rendered":"<h1 style='text-align: center;'>C\u00e2m. Legislativa de PE &#8211; Autoria de Henrique Queiroz Filho<br \/><img src='https:\/\/www.alepe.pe.gov.br\/\/wp-content\/uploads\/2019\/02\/HenriqueQueirozFilho-scaled-e1675863870515.jpg' alt='Henrique Queiroz Filho' \/><\/h3>\n<p><\/p>\n<article style='text-align: center'>A presente proposi\u00e7\u00e3o visa garantir a amplia\u00e7\u00e3o do direito \u00e0 mobilidade para m\u00e3es, pais ou respons\u00e1veis legais por pessoas com defici\u00eancia ou com Transtorno do Espectro Autista (TEA), que j\u00e1 s\u00e3o contemplados com a gratuidade no transporte p\u00fablico na condi\u00e7\u00e3o de acompanhantes.<\/p>\n<p>\u00c9 not\u00f3rio que a maioria dos cuidados di\u00e1rios, deslocamentos para terapias, atendimentos m\u00e9dicos, atividades escolares e demais compromissos ligados ao bem-estar de pessoas com defici\u00eancia ou TEA recai, majoritariamente, sobre as m\u00e3es \u2014 conhecidas como m\u00e3es at\u00edpicas. Estas mulheres enfrentam uma rotina exaustiva, marcada por sobrecarga emocional e financeira, muitas vezes sem apoio institucional suficiente.<\/p>\n<p>Dessa forma, o acr\u00e9scimo de quatro passagens di\u00e1rias gratuitas representa n\u00e3o apenas um benef\u00edcio material, mas sobretudo um instrumento de inclus\u00e3o e prote\u00e7\u00e3o social, essencial para que essas m\u00e3es e respons\u00e1veis possam exercer seu papel de cuidado de maneira digna e com autonomia de deslocamento otimizando o hor\u00e1rio e deixando sua rotina mais flex\u00edvel.<\/p>\n<p>A medida tamb\u00e9m considera que os momentos em que as crian\u00e7as est\u00e3o em aula ou em terapias s\u00e3o, muitas vezes, os \u00fanicos per\u00edodos dispon\u00edveis para que essas m\u00e3es possam realizar outras atividades essenciais, como cuidados com a pr\u00f3pria sa\u00fade f\u00edsica e mental, deslocamentos para servi\u00e7os p\u00fablicos, compromissos pessoais, profissionais ou dom\u00e9sticos. Garantir a elas o direito de circular durante esse per\u00edodo \u00e9, portanto, promover tamb\u00e9m o seu direito ao autocuidado, ao descanso e \u00e0 cidadania plena.<\/p>\n<p>A exig\u00eancia de inscri\u00e7\u00e3o ativa no Cadastro \u00danico para Programas Sociais do Governo Federal (Cad\u00danico), com N\u00famero de Identifica\u00e7\u00e3o Social (NIS) v\u00e1lido, assegura que o benef\u00edcio seja destinado \u00e0s fam\u00edlias em situa\u00e7\u00e3o de vulnerabilidade socioecon\u00f4mica, promovendo justi\u00e7a social e o uso respons\u00e1vel dos recursos p\u00fablicos.<\/p>\n<p>Portanto, a medida se justifica como uma a\u00e7\u00e3o concreta de valoriza\u00e7\u00e3o do cuidado, de equidade no acesso ao transporte e de amparo \u00e0s fam\u00edlias que vivem sob a realidade.<\/article>\n<p><\/p>\n<p style='text-align: center'><a href='https:\/\/app.legislapp.com.br\/#\/busca?termo='><\/a><\/p>\n<p><\/p>\n<article>\u00a0\u00a0\u00a0\u00a0\u00a0Art. 1\u00ba O art. 1\u00ba da Lei n\u00ba 14.916, de 14 de fevereiro de 2013, passa a vigorar com a seguinte altera\u00e7\u00e3o:<\/p>\n<p>\u201cArt. 1\u00ba &#8230;&#8230;&#8230;&#8230;&#8230;&#8230;&#8230;&#8230;&#8230;&#8230;&#8230;&#8230;&#8230;&#8230;&#8230;&#8230;&#8230;&#8230;&#8230;&#8230;&#8230;&#8230;&#8230;..<\/p>\n<p>&#8230;&#8230;&#8230;&#8230;&#8230;&#8230;&#8230;&#8230;&#8230;&#8230;&#8230;&#8230;&#8230;&#8230;&#8230;&#8230;&#8230;&#8230;&#8230;&#8230;&#8230;&#8230;&#8230;&#8230;&#8230;&#8230;&#8230;..<\/p>\n<p>\u00a7 5\u00ba-A. Fica assegurado aos acompanhantes de crian\u00e7as, adolescentes ou adultos com defici\u00eancia, inclusive aqueles diagnosticados com Transtorno do Espectro Autista (TEA), que j\u00e1 sejam benefici\u00e1rios da gratuidade destinada a acompanhantes no transporte p\u00fablico coletivo e que possuam inscri\u00e7\u00e3o ativa no Cadastro \u00danico para Programas Sociais do Governo Federal (Cad\u00danico), com N\u00famero de Identifica\u00e7\u00e3o Social (NIS) v\u00e1lido, o direito \u00e0 utiliza\u00e7\u00e3o de quatro (4) passagens di\u00e1rias gratuitas.(AC)<\/p>\n<p>&#8230;&#8230;&#8230;&#8230;&#8230;&#8230;&#8230;&#8230;&#8230;&#8230;&#8230;&#8230;&#8230;&#8230;&#8230;&#8230;&#8230;&#8230;&#8230;&#8230;&#8230;&#8230;&#8230;&#8230;&#8230;&#8230;&#8230;.\u201d<\/p>\n<p>\u00a0\u00a0\u00a0\u00a0\u00a0Art. 2\u00ba Esta Lei entra em vigor na data de sua publica\u00e7\u00e3o.<\/article>\n<div style=\"text-align: center\">\n<div style=\"margin-bottom: 20px;\" class=\"et_pb_button_module_wrapper et_pb_button_5_tb_body_wrapper et_pb_button_alignment_center et_pb_module \">\n         <a class=\"et_pb_button et_pb_button_5_tb_body et_hover_enabled et_pb_bg_layout_dark\" style=\"width: 50%;background-color: black;\" href=\"https:\/\/app.legislapp.com.br\" target=\"_blank\" rel=\"noopener\">Visualizar completo na nossa plataforma (30 dias gr\u00e1tis)<\/a><\/p><\/div>\n<p>      <a href=\"https:\/\/play.google.com\/store\/apps\/details?id=br.com.legislapp\"><img decoding=\"async\" style=\"width: 15%; min-width: 130px;\" src=\"https:\/\/www.legislapp.com.br\/wp-content\/uploads\/google-play.png\"><\/a><br \/>\n      <a href=\"https:\/\/apps.apple.com\/us\/app\/legislapp\/id1568929859\"><img decoding=\"async\" style=\"width: 15%; min-width: 130px\" src=\"https:\/\/www.legislapp.com.br\/wp-content\/uploads\/apple-store.png\"><\/a>\n   <\/div>\n","protected":false},"excerpt":{"rendered":"<p>C\u00e2m. Legislativa de PE &#8211; Autoria de Henrique Queiroz Filho A presente proposi\u00e7\u00e3o visa garantir a amplia\u00e7\u00e3o do direito \u00e0 mobilidade para m\u00e3es, pais ou respons\u00e1veis legais por pessoas com defici\u00eancia ou com Transtorno do Espectro Autista (TEA), que j\u00e1 s\u00e3o contemplados com a gratuidade no transporte p\u00fablico na condi\u00e7\u00e3o de acompanhantes. \u00c9 not\u00f3rio que [&hellip;]<\/p>\n","protected":false},"author":1,"featured_media":0,"parent":0,"menu_order":0,"comment_status":"closed","ping_status":"closed","template":"page-template-blank.php","meta":{"_et_pb_use_builder":"","_et_pb_old_content":"","_et_gb_content_width":"1080","ngg_post_thumbnail":0,"footnotes":""},"class_list":["post-7789","page","type-page","status-publish","hentry"],"yoast_head":"<!-- This site is optimized with the Yoast SEO plugin v24.4 - https:\/\/yoast.com\/wordpress\/plugins\/seo\/ -->\n<title>PL 2931\/2025 - Henrique Queiroz Filho - Legislapp<\/title>\n<meta name=\"robots\" content=\"index, follow, max-snippet:-1, max-image-preview:large, max-video-preview:-1\" \/>\n<link rel=\"canonical\" href=\"https:\/\/www.legislapp.com.br\/index.php\/cam-legislativa-de-pe-pl-2931-2025\/\" \/>\n<meta property=\"og:locale\" content=\"pt_BR\" \/>\n<meta property=\"og:type\" content=\"article\" \/>\n<meta property=\"og:title\" content=\"PL 2931\/2025 - Henrique Queiroz Filho - Legislapp\" \/>\n<meta property=\"og:description\" content=\"C\u00e2m. Legislativa de PE &#8211; Autoria de Henrique Queiroz Filho A presente proposi\u00e7\u00e3o visa garantir a amplia\u00e7\u00e3o do direito \u00e0 mobilidade para m\u00e3es, pais ou respons\u00e1veis legais por pessoas com defici\u00eancia ou com Transtorno do Espectro Autista (TEA), que j\u00e1 s\u00e3o contemplados com a gratuidade no transporte p\u00fablico na condi\u00e7\u00e3o de acompanhantes. \u00c9 not\u00f3rio que [&hellip;]\" \/>\n<meta property=\"og:url\" content=\"https:\/\/www.legislapp.com.br\/index.php\/cam-legislativa-de-pe-pl-2931-2025\/\" \/>\n<meta property=\"og:site_name\" content=\"Legislapp\" \/>\n<meta property=\"article:publisher\" content=\"https:\/\/www.instagram.com\/legislapp\/\" \/>\n<meta property=\"og:image\" content=\"https:\/\/www.alepe.pe.gov.br\/\/wp-content\/uploads\/2019\/02\/HenriqueQueirozFilho-scaled-e1675863870515.jpg\" \/>\n<meta name=\"twitter:card\" content=\"summary_large_image\" \/>\n<meta name=\"twitter:label1\" content=\"Est. tempo de leitura\" \/>\n\t<meta name=\"twitter:data1\" content=\"2 minutos\" \/>\n<script type=\"application\/ld+json\" class=\"yoast-schema-graph\">{\"@context\":\"https:\/\/schema.org\",\"@graph\":[{\"@type\":\"WebPage\",\"@id\":\"https:\/\/www.legislapp.com.br\/index.php\/cam-legislativa-de-pe-pl-2931-2025\/\",\"url\":\"https:\/\/www.legislapp.com.br\/index.php\/cam-legislativa-de-pe-pl-2931-2025\/\",\"name\":\"PL 2931\/2025 - Henrique Queiroz Filho - Legislapp\",\"isPartOf\":{\"@id\":\"https:\/\/www.legislapp.com.br\/#website\"},\"primaryImageOfPage\":{\"@id\":\"https:\/\/www.legislapp.com.br\/index.php\/cam-legislativa-de-pe-pl-2931-2025\/#primaryimage\"},\"image\":{\"@id\":\"https:\/\/www.legislapp.com.br\/index.php\/cam-legislativa-de-pe-pl-2931-2025\/#primaryimage\"},\"thumbnailUrl\":\"https:\/\/www.alepe.pe.gov.br\/\/wp-content\/uploads\/2019\/02\/HenriqueQueirozFilho-scaled-e1675863870515.jpg\",\"datePublished\":\"2025-09-17T16:50:30+00:00\",\"breadcrumb\":{\"@id\":\"https:\/\/www.legislapp.com.br\/index.php\/cam-legislativa-de-pe-pl-2931-2025\/#breadcrumb\"},\"inLanguage\":\"pt-BR\",\"potentialAction\":[{\"@type\":\"ReadAction\",\"target\":[\"https:\/\/www.legislapp.com.br\/index.php\/cam-legislativa-de-pe-pl-2931-2025\/\"]}]},{\"@type\":\"ImageObject\",\"inLanguage\":\"pt-BR\",\"@id\":\"https:\/\/www.legislapp.com.br\/index.php\/cam-legislativa-de-pe-pl-2931-2025\/#primaryimage\",\"url\":\"https:\/\/www.alepe.pe.gov.br\/\/wp-content\/uploads\/2019\/02\/HenriqueQueirozFilho-scaled-e1675863870515.jpg\",\"contentUrl\":\"https:\/\/www.alepe.pe.gov.br\/\/wp-content\/uploads\/2019\/02\/HenriqueQueirozFilho-scaled-e1675863870515.jpg\"},{\"@type\":\"BreadcrumbList\",\"@id\":\"https:\/\/www.legislapp.com.br\/index.php\/cam-legislativa-de-pe-pl-2931-2025\/#breadcrumb\",\"itemListElement\":[{\"@type\":\"ListItem\",\"position\":1,\"name\":\"In\u00edcio\",\"item\":\"https:\/\/www.legislapp.com.br\/\"},{\"@type\":\"ListItem\",\"position\":2,\"name\":\"PL 2931\/2025 &#8211; Henrique Queiroz Filho\"}]},{\"@type\":\"WebSite\",\"@id\":\"https:\/\/www.legislapp.com.br\/#website\",\"url\":\"https:\/\/www.legislapp.com.br\/\",\"name\":\"Legislapp\",\"description\":\"Intelig\u00eancia governamental em tempo real\",\"publisher\":{\"@id\":\"https:\/\/www.legislapp.com.br\/#organization\"},\"potentialAction\":[{\"@type\":\"SearchAction\",\"target\":{\"@type\":\"EntryPoint\",\"urlTemplate\":\"https:\/\/www.legislapp.com.br\/?s={search_term_string}\"},\"query-input\":{\"@type\":\"PropertyValueSpecification\",\"valueRequired\":true,\"valueName\":\"search_term_string\"}}],\"inLanguage\":\"pt-BR\"},{\"@type\":\"Organization\",\"@id\":\"https:\/\/www.legislapp.com.br\/#organization\",\"name\":\"Legislapp Monitoramento e Intelig\u00eancia Governamental\",\"url\":\"https:\/\/www.legislapp.com.br\/\",\"logo\":{\"@type\":\"ImageObject\",\"inLanguage\":\"pt-BR\",\"@id\":\"https:\/\/www.legislapp.com.br\/#\/schema\/logo\/image\/\",\"url\":\"https:\/\/www.legislapp.com.br\/wp-content\/uploads\/icon.png\",\"contentUrl\":\"https:\/\/www.legislapp.com.br\/wp-content\/uploads\/icon.png\",\"width\":1024,\"height\":1024,\"caption\":\"Legislapp Monitoramento e Intelig\u00eancia Governamental\"},\"image\":{\"@id\":\"https:\/\/www.legislapp.com.br\/#\/schema\/logo\/image\/\"},\"sameAs\":[\"https:\/\/www.instagram.com\/legislapp\/\"]}]}<\/script>\n<!-- \/ Yoast SEO plugin. -->","yoast_head_json":{"title":"PL 2931\/2025 - Henrique Queiroz Filho - Legislapp","robots":{"index":"index","follow":"follow","max-snippet":"max-snippet:-1","max-image-preview":"max-image-preview:large","max-video-preview":"max-video-preview:-1"},"canonical":"https:\/\/www.legislapp.com.br\/index.php\/cam-legislativa-de-pe-pl-2931-2025\/","og_locale":"pt_BR","og_type":"article","og_title":"PL 2931\/2025 - Henrique Queiroz Filho - Legislapp","og_description":"C\u00e2m. Legislativa de PE &#8211; Autoria de Henrique Queiroz Filho A presente proposi\u00e7\u00e3o visa garantir a amplia\u00e7\u00e3o do direito \u00e0 mobilidade para m\u00e3es, pais ou respons\u00e1veis legais por pessoas com defici\u00eancia ou com Transtorno do Espectro Autista (TEA), que j\u00e1 s\u00e3o contemplados com a gratuidade no transporte p\u00fablico na condi\u00e7\u00e3o de acompanhantes. \u00c9 not\u00f3rio que [&hellip;]","og_url":"https:\/\/www.legislapp.com.br\/index.php\/cam-legislativa-de-pe-pl-2931-2025\/","og_site_name":"Legislapp","article_publisher":"https:\/\/www.instagram.com\/legislapp\/","og_image":[{"url":"https:\/\/www.alepe.pe.gov.br\/\/wp-content\/uploads\/2019\/02\/HenriqueQueirozFilho-scaled-e1675863870515.jpg","type":"","width":"","height":""}],"twitter_card":"summary_large_image","twitter_misc":{"Est. tempo de leitura":"2 minutos"},"schema":{"@context":"https:\/\/schema.org","@graph":[{"@type":"WebPage","@id":"https:\/\/www.legislapp.com.br\/index.php\/cam-legislativa-de-pe-pl-2931-2025\/","url":"https:\/\/www.legislapp.com.br\/index.php\/cam-legislativa-de-pe-pl-2931-2025\/","name":"PL 2931\/2025 - Henrique Queiroz Filho - Legislapp","isPartOf":{"@id":"https:\/\/www.legislapp.com.br\/#website"},"primaryImageOfPage":{"@id":"https:\/\/www.legislapp.com.br\/index.php\/cam-legislativa-de-pe-pl-2931-2025\/#primaryimage"},"image":{"@id":"https:\/\/www.legislapp.com.br\/index.php\/cam-legislativa-de-pe-pl-2931-2025\/#primaryimage"},"thumbnailUrl":"https:\/\/www.alepe.pe.gov.br\/\/wp-content\/uploads\/2019\/02\/HenriqueQueirozFilho-scaled-e1675863870515.jpg","datePublished":"2025-09-17T16:50:30+00:00","breadcrumb":{"@id":"https:\/\/www.legislapp.com.br\/index.php\/cam-legislativa-de-pe-pl-2931-2025\/#breadcrumb"},"inLanguage":"pt-BR","potentialAction":[{"@type":"ReadAction","target":["https:\/\/www.legislapp.com.br\/index.php\/cam-legislativa-de-pe-pl-2931-2025\/"]}]},{"@type":"ImageObject","inLanguage":"pt-BR","@id":"https:\/\/www.legislapp.com.br\/index.php\/cam-legislativa-de-pe-pl-2931-2025\/#primaryimage","url":"https:\/\/www.alepe.pe.gov.br\/\/wp-content\/uploads\/2019\/02\/HenriqueQueirozFilho-scaled-e1675863870515.jpg","contentUrl":"https:\/\/www.alepe.pe.gov.br\/\/wp-content\/uploads\/2019\/02\/HenriqueQueirozFilho-scaled-e1675863870515.jpg"},{"@type":"BreadcrumbList","@id":"https:\/\/www.legislapp.com.br\/index.php\/cam-legislativa-de-pe-pl-2931-2025\/#breadcrumb","itemListElement":[{"@type":"ListItem","position":1,"name":"In\u00edcio","item":"https:\/\/www.legislapp.com.br\/"},{"@type":"ListItem","position":2,"name":"PL 2931\/2025 &#8211; Henrique Queiroz Filho"}]},{"@type":"WebSite","@id":"https:\/\/www.legislapp.com.br\/#website","url":"https:\/\/www.legislapp.com.br\/","name":"Legislapp","description":"Intelig\u00eancia governamental em tempo real","publisher":{"@id":"https:\/\/www.legislapp.com.br\/#organization"},"potentialAction":[{"@type":"SearchAction","target":{"@type":"EntryPoint","urlTemplate":"https:\/\/www.legislapp.com.br\/?s={search_term_string}"},"query-input":{"@type":"PropertyValueSpecification","valueRequired":true,"valueName":"search_term_string"}}],"inLanguage":"pt-BR"},{"@type":"Organization","@id":"https:\/\/www.legislapp.com.br\/#organization","name":"Legislapp Monitoramento e Intelig\u00eancia Governamental","url":"https:\/\/www.legislapp.com.br\/","logo":{"@type":"ImageObject","inLanguage":"pt-BR","@id":"https:\/\/www.legislapp.com.br\/#\/schema\/logo\/image\/","url":"https:\/\/www.legislapp.com.br\/wp-content\/uploads\/icon.png","contentUrl":"https:\/\/www.legislapp.com.br\/wp-content\/uploads\/icon.png","width":1024,"height":1024,"caption":"Legislapp Monitoramento e Intelig\u00eancia Governamental"},"image":{"@id":"https:\/\/www.legislapp.com.br\/#\/schema\/logo\/image\/"},"sameAs":["https:\/\/www.instagram.com\/legislapp\/"]}]}},"_links":{"self":[{"href":"https:\/\/www.legislapp.com.br\/index.php\/wp-json\/wp\/v2\/pages\/7789","targetHints":{"allow":["GET"]}}],"collection":[{"href":"https:\/\/www.legislapp.com.br\/index.php\/wp-json\/wp\/v2\/pages"}],"about":[{"href":"https:\/\/www.legislapp.com.br\/index.php\/wp-json\/wp\/v2\/types\/page"}],"author":[{"embeddable":true,"href":"https:\/\/www.legislapp.com.br\/index.php\/wp-json\/wp\/v2\/users\/1"}],"replies":[{"embeddable":true,"href":"https:\/\/www.legislapp.com.br\/index.php\/wp-json\/wp\/v2\/comments?post=7789"}],"version-history":[{"count":0,"href":"https:\/\/www.legislapp.com.br\/index.php\/wp-json\/wp\/v2\/pages\/7789\/revisions"}],"wp:attachment":[{"href":"https:\/\/www.legislapp.com.br\/index.php\/wp-json\/wp\/v2\/media?parent=7789"}],"curies":[{"name":"wp","href":"https:\/\/api.w.org\/{rel}","templated":true}]}}