{"id":7792,"date":"2025-09-17T13:50:40","date_gmt":"2025-09-17T16:50:40","guid":{"rendered":"https:\/\/www.legislapp.com.br\/index.php\/cam-legislativa-de-sc-pl-0259-2025\/"},"modified":"2025-09-17T13:50:40","modified_gmt":"2025-09-17T16:50:40","slug":"cam-legislativa-de-sc-pl-0259-2025","status":"publish","type":"page","link":"https:\/\/www.legislapp.com.br\/index.php\/cam-legislativa-de-sc-pl-0259-2025\/","title":{"rendered":"PL.\/0259\/2025 &#8211; Pep\u00ea Colla\u00e7o"},"content":{"rendered":"<h1 style='text-align: center;'>C\u00e2m. Legislativa de SC &#8211; Autoria de Pep\u00ea Colla\u00e7o<\/h3>\n<p><\/p>\n<article style='text-align: center'>Acrescenta dispositivo \u00e0 Lei n\u00ba 19.093, de 8 de novembro de 2024, para dispor sobre o ressarcimento de recursos pr\u00f3prios empregados pelos Munic\u00edpios na execu\u00e7\u00e3o de planos de trabalho em decorr\u00eancia de atraso ou suspens\u00e3o de repasses estaduais.<\/article>\n<p><\/p>\n<p style='text-align: center'><a href='https:\/\/app.legislapp.com.br\/#\/busca?termo='><\/a><\/p>\n<p><\/p>\n<article>ASSEMBLEIA LEGISLATIVA GABINETE DEPUTADO<br \/>\nESTADO DE SANTA CATARINA PEP\u00ca COLLA\u00c7O<\/p>\n<p>PROJETO DE LEI<\/p>\n<p>Acrescenta dispositivo \u00e0 Lei n\u00ba 19.093, de 8 de novembro de<br \/>\n2024, para dispor sobre o ressarcimento de recursos pr\u00f3prios<br \/>\nempregados pelos Munic\u00edpios na execu\u00e7\u00e3o de planos de<br \/>\ntrabalho em decorr\u00eancia de atraso ou suspens\u00e3o de<br \/>\nrepasses estaduais.<\/p>\n<p>Art. 1\u00ba Fica acrescentado o art. 10-A \u00e0 Lei n. 19.093, de 8<br \/>\nnovembro de 2024, com a seguinte reda\u00e7\u00e3o:<\/p>\n<p>&#8220;Art. 10-A. O Munic\u00edpio que empregou recursos pr\u00f3prios para<br \/>\nexecutar o plano de trabalho, em decorr\u00eancia de atraso ou suspens\u00e3o do repasse de<br \/>\nrecursos financeiros pelo Estado fixado no plano de trabalho, ser\u00e1 ressarcido, limitado<br \/>\nao valor da transfer\u00eancia especial originalmente autorizada, no prazo de at\u00e9<br \/>\n60(sessenta) dias a contar da entrega da presta\u00e7\u00e3o de contas.<\/p>\n<p>Par\u00e1grafo \u00fanico. Aplica-se a provid\u00eancia prevista no caput<br \/>\ndispositivo independentemente da \u00e9poca em que foram aportados os recursos pelas<br \/>\npartes.&#8221;<\/p>\n<p>Art. 2\u00ba Esta Lei entra em vigor na data de sua publica\u00e7\u00e3o.<\/p>\n<p>Sala da Sess\u00f5es,     <\/p>\n<p>Deputado Pep\u00ea Colla\u00e7o<br \/>\n J US T I F I CA\u00c7\u00c3O<\/p>\n<p>Submeto \u00e0 aprecia\u00e7\u00e3o desta Casa Legislativa o presente<br \/>\nProjeto de Lei que visa aprimorar os mecanismos de colabora\u00e7\u00e3o financeira entre o<br \/>\nEstado de Santa Catarina e seus Munic\u00edpios, em especial no que concerne \u00e0 execu\u00e7\u00e3o<br \/>\nde planos de trabalho financiados por meio do regime simplificado de celebra\u00e7\u00e3o de<br \/>\nconv\u00eanios para as transfer\u00eancias volunt\u00e1rias.<\/p>\n<p>A proposi\u00e7\u00e3o legislativa busca adicionar um importante<br \/>\ndispositivo \u00e0 Lei n\u00ba 19.093, de 8 de novembro de 2024, que converteu as transfer\u00eancias<br \/>\nespeciais autorizadas pela Lei Estadual n\u00ba 18.676, de 20 de dezembro de 2023, em<br \/>\nconv\u00eanios simplificados.<\/p>\n<p>A experi\u00eancia pr\u00e1tica tem demonstrado que, por vezes, a<br \/>\nexecu\u00e7\u00e3o dos planos de trabalho pelos Munic\u00edpios \u00e9 realizada com recursos pr\u00f3prios<br \/>\nem decorr\u00eancia de atrasos ou suspens\u00f5es no repasse dos recursos financeiros por<br \/>\nparte do Estado, previstos nos respectivos planos. Essa situa\u00e7\u00e3o imp\u00f5e um \u00f4nus<br \/>\nfinanceiro significativo aos cofres municipais, podendo comprometer a continuidade de<br \/>\nservi\u00e7os essenciais e o desenvolvimento de projetos importantes para a popula\u00e7\u00e3o<br \/>\nlocal.<\/p>\n<p>Nesse contexto, o presente Projeto de Lei prop\u00f5e a inser\u00e7\u00e3o<br \/>\ndo Art. 10-A na Lei n\u00ba 19.093\/2024, estabelecendo o direito ao ressarcimento dos<br \/>\nrecursos pr\u00f3prios empregados pelos Munic\u00edpios nessas situa\u00e7\u00f5es. Tal ressarcimento<br \/>\nser\u00e1 limitado ao valor da transfer\u00eancia especial originalmente autorizada, e dever\u00e1<br \/>\nocorrer no prazo de at\u00e9 60 (sessenta) dias a contar da entrega da presta\u00e7\u00e3o de contas.<\/p>\n<p>Ademais, o par\u00e1grafo \u00fanico do Art. 10-A busca garantir que<br \/>\nessa medida se aplique desde a assinatura do instrumento simplificado do conv\u00eanio,<br \/>\nindependentemente da data em que os recursos foram aportados pelas partes. Essa<br \/>\nretroatividade visa corrigir situa\u00e7\u00f5es pret\u00e9ritas e assegurar que os Munic\u00edpios n\u00e3o<br \/>\nsejam prejudicados por eventuais atrasos ocorridos desde o in\u00edcio da vig\u00eancia dos<br \/>\nconv\u00eanios convertidos.<\/p>\n<p>Cumpre rememorar que a norma que aqui se pretende<br \/>\nacrescer encontrava previs\u00e3o no par\u00e1grafo \u00fanico do artigo 16 da Lei n\u00ba 18.676\/2023,<br \/>\nque regulamentava as transfer\u00eancias especiais volunt\u00e1rias (TEVs), agora convertidas<br \/>\nem conv\u00eanios simplificados por for\u00e7a do artigo 15 da Lei n\u00ba 19.093\/2024.<\/p>\n<p>Acreditamos que a aprova\u00e7\u00e3o desta proposi\u00e7\u00e3o contribuir\u00e1<br \/>\nsignificativamente para fortalecer a autonomia financeira dos Munic\u00edpios, garantindo<br \/>\nque possam executar os planos de trabalho de forma mais eficiente e sem o risco de<br \/>\narcarem sozinhos com os custos decorrentes de eventuais conting\u00eancias no fluxo de<br \/>\nrepasses estaduais. A medida proposta promove a justi\u00e7a fiscal e a colabora\u00e7\u00e3o<br \/>\nfederativa, pilares essenciais para o desenvolvimento equilibrado do nosso Estado.<\/p>\n<p>Ante o exposto, conto com meus pares para a aprova\u00e7\u00e3o da<br \/>\nmat\u00e9ria.<\/p>\n<p>Deputado Pep\u00ea Colla\u00e7o<br \/>\nELEGIS<br \/>\nDocumento assinado eletronicamente por Felippe Luiz Colla\u00e7o,<br \/>\nSistema de Processo<br \/>\nem 19\/05\/2025, \u00e0s 13:35.<br \/>\nLegislativo Eletr\u00f4nico<\/article>\n<div style=\"text-align: center\">\n<div style=\"margin-bottom: 20px;\" class=\"et_pb_button_module_wrapper et_pb_button_5_tb_body_wrapper et_pb_button_alignment_center et_pb_module \">\n         <a class=\"et_pb_button et_pb_button_5_tb_body et_hover_enabled et_pb_bg_layout_dark\" style=\"width: 50%;background-color: black;\" href=\"https:\/\/app.legislapp.com.br\" target=\"_blank\" rel=\"noopener\">Visualizar completo na nossa plataforma (30 dias gr\u00e1tis)<\/a><\/p><\/div>\n<p>      <a href=\"https:\/\/play.google.com\/store\/apps\/details?id=br.com.legislapp\"><img decoding=\"async\" style=\"width: 15%; min-width: 130px;\" src=\"https:\/\/www.legislapp.com.br\/wp-content\/uploads\/google-play.png\"><\/a><br \/>\n      <a href=\"https:\/\/apps.apple.com\/us\/app\/legislapp\/id1568929859\"><img decoding=\"async\" style=\"width: 15%; min-width: 130px\" src=\"https:\/\/www.legislapp.com.br\/wp-content\/uploads\/apple-store.png\"><\/a>\n   <\/div>\n","protected":false},"excerpt":{"rendered":"<p>C\u00e2m. Legislativa de SC &#8211; Autoria de Pep\u00ea Colla\u00e7o Acrescenta dispositivo \u00e0 Lei n\u00ba 19.093, de 8 de novembro de 2024, para dispor sobre o ressarcimento de recursos pr\u00f3prios empregados pelos Munic\u00edpios na execu\u00e7\u00e3o de planos de trabalho em decorr\u00eancia de atraso ou suspens\u00e3o de repasses estaduais. ASSEMBLEIA LEGISLATIVA GABINETE DEPUTADO ESTADO DE SANTA CATARINA [&hellip;]<\/p>\n","protected":false},"author":1,"featured_media":0,"parent":0,"menu_order":0,"comment_status":"closed","ping_status":"closed","template":"page-template-blank.php","meta":{"_et_pb_use_builder":"","_et_pb_old_content":"","_et_gb_content_width":"1080","ngg_post_thumbnail":0,"footnotes":""},"class_list":["post-7792","page","type-page","status-publish","hentry"],"yoast_head":"<!-- This site is optimized with the Yoast SEO plugin v24.4 - https:\/\/yoast.com\/wordpress\/plugins\/seo\/ -->\n<title>PL.\/0259\/2025 - Pep\u00ea Colla\u00e7o - Legislapp<\/title>\n<meta name=\"robots\" content=\"index, follow, max-snippet:-1, max-image-preview:large, max-video-preview:-1\" \/>\n<link rel=\"canonical\" href=\"https:\/\/www.legislapp.com.br\/index.php\/cam-legislativa-de-sc-pl-0259-2025\/\" \/>\n<meta property=\"og:locale\" content=\"pt_BR\" \/>\n<meta property=\"og:type\" content=\"article\" \/>\n<meta property=\"og:title\" content=\"PL.\/0259\/2025 - Pep\u00ea Colla\u00e7o - Legislapp\" \/>\n<meta property=\"og:description\" content=\"C\u00e2m. Legislativa de SC &#8211; Autoria de Pep\u00ea Colla\u00e7o Acrescenta dispositivo \u00e0 Lei n\u00ba 19.093, de 8 de novembro de 2024, para dispor sobre o ressarcimento de recursos pr\u00f3prios empregados pelos Munic\u00edpios na execu\u00e7\u00e3o de planos de trabalho em decorr\u00eancia de atraso ou suspens\u00e3o de repasses estaduais. ASSEMBLEIA LEGISLATIVA GABINETE DEPUTADO ESTADO DE SANTA CATARINA [&hellip;]\" \/>\n<meta property=\"og:url\" content=\"https:\/\/www.legislapp.com.br\/index.php\/cam-legislativa-de-sc-pl-0259-2025\/\" \/>\n<meta property=\"og:site_name\" content=\"Legislapp\" \/>\n<meta property=\"article:publisher\" content=\"https:\/\/www.instagram.com\/legislapp\/\" \/>\n<meta property=\"og:image\" content=\"https:\/\/www.legislapp.com.br\/wp-content\/uploads\/google-play.png\" \/>\n<meta name=\"twitter:card\" content=\"summary_large_image\" \/>\n<meta name=\"twitter:label1\" content=\"Est. tempo de leitura\" \/>\n\t<meta name=\"twitter:data1\" content=\"3 minutos\" \/>\n<script type=\"application\/ld+json\" class=\"yoast-schema-graph\">{\"@context\":\"https:\/\/schema.org\",\"@graph\":[{\"@type\":\"WebPage\",\"@id\":\"https:\/\/www.legislapp.com.br\/index.php\/cam-legislativa-de-sc-pl-0259-2025\/\",\"url\":\"https:\/\/www.legislapp.com.br\/index.php\/cam-legislativa-de-sc-pl-0259-2025\/\",\"name\":\"PL.\/0259\/2025 - Pep\u00ea Colla\u00e7o - Legislapp\",\"isPartOf\":{\"@id\":\"https:\/\/www.legislapp.com.br\/#website\"},\"primaryImageOfPage\":{\"@id\":\"https:\/\/www.legislapp.com.br\/index.php\/cam-legislativa-de-sc-pl-0259-2025\/#primaryimage\"},\"image\":{\"@id\":\"https:\/\/www.legislapp.com.br\/index.php\/cam-legislativa-de-sc-pl-0259-2025\/#primaryimage\"},\"thumbnailUrl\":\"https:\/\/www.legislapp.com.br\/wp-content\/uploads\/google-play.png\",\"datePublished\":\"2025-09-17T16:50:40+00:00\",\"breadcrumb\":{\"@id\":\"https:\/\/www.legislapp.com.br\/index.php\/cam-legislativa-de-sc-pl-0259-2025\/#breadcrumb\"},\"inLanguage\":\"pt-BR\",\"potentialAction\":[{\"@type\":\"ReadAction\",\"target\":[\"https:\/\/www.legislapp.com.br\/index.php\/cam-legislativa-de-sc-pl-0259-2025\/\"]}]},{\"@type\":\"ImageObject\",\"inLanguage\":\"pt-BR\",\"@id\":\"https:\/\/www.legislapp.com.br\/index.php\/cam-legislativa-de-sc-pl-0259-2025\/#primaryimage\",\"url\":\"https:\/\/www.legislapp.com.br\/wp-content\/uploads\/google-play.png\",\"contentUrl\":\"https:\/\/www.legislapp.com.br\/wp-content\/uploads\/google-play.png\",\"width\":564,\"height\":168},{\"@type\":\"BreadcrumbList\",\"@id\":\"https:\/\/www.legislapp.com.br\/index.php\/cam-legislativa-de-sc-pl-0259-2025\/#breadcrumb\",\"itemListElement\":[{\"@type\":\"ListItem\",\"position\":1,\"name\":\"In\u00edcio\",\"item\":\"https:\/\/www.legislapp.com.br\/\"},{\"@type\":\"ListItem\",\"position\":2,\"name\":\"PL.\/0259\/2025 &#8211; Pep\u00ea Colla\u00e7o\"}]},{\"@type\":\"WebSite\",\"@id\":\"https:\/\/www.legislapp.com.br\/#website\",\"url\":\"https:\/\/www.legislapp.com.br\/\",\"name\":\"Legislapp\",\"description\":\"Intelig\u00eancia governamental em tempo real\",\"publisher\":{\"@id\":\"https:\/\/www.legislapp.com.br\/#organization\"},\"potentialAction\":[{\"@type\":\"SearchAction\",\"target\":{\"@type\":\"EntryPoint\",\"urlTemplate\":\"https:\/\/www.legislapp.com.br\/?s={search_term_string}\"},\"query-input\":{\"@type\":\"PropertyValueSpecification\",\"valueRequired\":true,\"valueName\":\"search_term_string\"}}],\"inLanguage\":\"pt-BR\"},{\"@type\":\"Organization\",\"@id\":\"https:\/\/www.legislapp.com.br\/#organization\",\"name\":\"Legislapp Monitoramento e Intelig\u00eancia Governamental\",\"url\":\"https:\/\/www.legislapp.com.br\/\",\"logo\":{\"@type\":\"ImageObject\",\"inLanguage\":\"pt-BR\",\"@id\":\"https:\/\/www.legislapp.com.br\/#\/schema\/logo\/image\/\",\"url\":\"https:\/\/www.legislapp.com.br\/wp-content\/uploads\/icon.png\",\"contentUrl\":\"https:\/\/www.legislapp.com.br\/wp-content\/uploads\/icon.png\",\"width\":1024,\"height\":1024,\"caption\":\"Legislapp Monitoramento e Intelig\u00eancia Governamental\"},\"image\":{\"@id\":\"https:\/\/www.legislapp.com.br\/#\/schema\/logo\/image\/\"},\"sameAs\":[\"https:\/\/www.instagram.com\/legislapp\/\"]}]}<\/script>\n<!-- \/ Yoast SEO plugin. -->","yoast_head_json":{"title":"PL.\/0259\/2025 - Pep\u00ea Colla\u00e7o - Legislapp","robots":{"index":"index","follow":"follow","max-snippet":"max-snippet:-1","max-image-preview":"max-image-preview:large","max-video-preview":"max-video-preview:-1"},"canonical":"https:\/\/www.legislapp.com.br\/index.php\/cam-legislativa-de-sc-pl-0259-2025\/","og_locale":"pt_BR","og_type":"article","og_title":"PL.\/0259\/2025 - Pep\u00ea Colla\u00e7o - Legislapp","og_description":"C\u00e2m. Legislativa de SC &#8211; Autoria de Pep\u00ea Colla\u00e7o Acrescenta dispositivo \u00e0 Lei n\u00ba 19.093, de 8 de novembro de 2024, para dispor sobre o ressarcimento de recursos pr\u00f3prios empregados pelos Munic\u00edpios na execu\u00e7\u00e3o de planos de trabalho em decorr\u00eancia de atraso ou suspens\u00e3o de repasses estaduais. ASSEMBLEIA LEGISLATIVA GABINETE DEPUTADO ESTADO DE SANTA CATARINA [&hellip;]","og_url":"https:\/\/www.legislapp.com.br\/index.php\/cam-legislativa-de-sc-pl-0259-2025\/","og_site_name":"Legislapp","article_publisher":"https:\/\/www.instagram.com\/legislapp\/","og_image":[{"url":"https:\/\/www.legislapp.com.br\/wp-content\/uploads\/google-play.png","type":"","width":"","height":""}],"twitter_card":"summary_large_image","twitter_misc":{"Est. tempo de leitura":"3 minutos"},"schema":{"@context":"https:\/\/schema.org","@graph":[{"@type":"WebPage","@id":"https:\/\/www.legislapp.com.br\/index.php\/cam-legislativa-de-sc-pl-0259-2025\/","url":"https:\/\/www.legislapp.com.br\/index.php\/cam-legislativa-de-sc-pl-0259-2025\/","name":"PL.\/0259\/2025 - Pep\u00ea Colla\u00e7o - Legislapp","isPartOf":{"@id":"https:\/\/www.legislapp.com.br\/#website"},"primaryImageOfPage":{"@id":"https:\/\/www.legislapp.com.br\/index.php\/cam-legislativa-de-sc-pl-0259-2025\/#primaryimage"},"image":{"@id":"https:\/\/www.legislapp.com.br\/index.php\/cam-legislativa-de-sc-pl-0259-2025\/#primaryimage"},"thumbnailUrl":"https:\/\/www.legislapp.com.br\/wp-content\/uploads\/google-play.png","datePublished":"2025-09-17T16:50:40+00:00","breadcrumb":{"@id":"https:\/\/www.legislapp.com.br\/index.php\/cam-legislativa-de-sc-pl-0259-2025\/#breadcrumb"},"inLanguage":"pt-BR","potentialAction":[{"@type":"ReadAction","target":["https:\/\/www.legislapp.com.br\/index.php\/cam-legislativa-de-sc-pl-0259-2025\/"]}]},{"@type":"ImageObject","inLanguage":"pt-BR","@id":"https:\/\/www.legislapp.com.br\/index.php\/cam-legislativa-de-sc-pl-0259-2025\/#primaryimage","url":"https:\/\/www.legislapp.com.br\/wp-content\/uploads\/google-play.png","contentUrl":"https:\/\/www.legislapp.com.br\/wp-content\/uploads\/google-play.png","width":564,"height":168},{"@type":"BreadcrumbList","@id":"https:\/\/www.legislapp.com.br\/index.php\/cam-legislativa-de-sc-pl-0259-2025\/#breadcrumb","itemListElement":[{"@type":"ListItem","position":1,"name":"In\u00edcio","item":"https:\/\/www.legislapp.com.br\/"},{"@type":"ListItem","position":2,"name":"PL.\/0259\/2025 &#8211; Pep\u00ea Colla\u00e7o"}]},{"@type":"WebSite","@id":"https:\/\/www.legislapp.com.br\/#website","url":"https:\/\/www.legislapp.com.br\/","name":"Legislapp","description":"Intelig\u00eancia governamental em tempo real","publisher":{"@id":"https:\/\/www.legislapp.com.br\/#organization"},"potentialAction":[{"@type":"SearchAction","target":{"@type":"EntryPoint","urlTemplate":"https:\/\/www.legislapp.com.br\/?s={search_term_string}"},"query-input":{"@type":"PropertyValueSpecification","valueRequired":true,"valueName":"search_term_string"}}],"inLanguage":"pt-BR"},{"@type":"Organization","@id":"https:\/\/www.legislapp.com.br\/#organization","name":"Legislapp Monitoramento e Intelig\u00eancia Governamental","url":"https:\/\/www.legislapp.com.br\/","logo":{"@type":"ImageObject","inLanguage":"pt-BR","@id":"https:\/\/www.legislapp.com.br\/#\/schema\/logo\/image\/","url":"https:\/\/www.legislapp.com.br\/wp-content\/uploads\/icon.png","contentUrl":"https:\/\/www.legislapp.com.br\/wp-content\/uploads\/icon.png","width":1024,"height":1024,"caption":"Legislapp Monitoramento e Intelig\u00eancia Governamental"},"image":{"@id":"https:\/\/www.legislapp.com.br\/#\/schema\/logo\/image\/"},"sameAs":["https:\/\/www.instagram.com\/legislapp\/"]}]}},"_links":{"self":[{"href":"https:\/\/www.legislapp.com.br\/index.php\/wp-json\/wp\/v2\/pages\/7792","targetHints":{"allow":["GET"]}}],"collection":[{"href":"https:\/\/www.legislapp.com.br\/index.php\/wp-json\/wp\/v2\/pages"}],"about":[{"href":"https:\/\/www.legislapp.com.br\/index.php\/wp-json\/wp\/v2\/types\/page"}],"author":[{"embeddable":true,"href":"https:\/\/www.legislapp.com.br\/index.php\/wp-json\/wp\/v2\/users\/1"}],"replies":[{"embeddable":true,"href":"https:\/\/www.legislapp.com.br\/index.php\/wp-json\/wp\/v2\/comments?post=7792"}],"version-history":[{"count":0,"href":"https:\/\/www.legislapp.com.br\/index.php\/wp-json\/wp\/v2\/pages\/7792\/revisions"}],"wp:attachment":[{"href":"https:\/\/www.legislapp.com.br\/index.php\/wp-json\/wp\/v2\/media?parent=7792"}],"curies":[{"name":"wp","href":"https:\/\/api.w.org\/{rel}","templated":true}]}}