{"id":7793,"date":"2025-09-17T13:50:43","date_gmt":"2025-09-17T16:50:43","guid":{"rendered":"https:\/\/www.legislapp.com.br\/index.php\/cam-legislativa-de-sc-pl-0260-2025\/"},"modified":"2025-09-17T13:50:43","modified_gmt":"2025-09-17T16:50:43","slug":"cam-legislativa-de-sc-pl-0260-2025","status":"publish","type":"page","link":"https:\/\/www.legislapp.com.br\/index.php\/cam-legislativa-de-sc-pl-0260-2025\/","title":{"rendered":"PL.\/0260\/2025 &#8211; Julio Garcia"},"content":{"rendered":"<h1 style='text-align: center;'>C\u00e2m. Legislativa de SC &#8211; Autoria de Julio Garcia<\/h3>\n<p><\/p>\n<article style='text-align: center'>Declara de utilidade p\u00fablica a Associa\u00e7\u00e3o Educacional e Assistencial Beth\u00e2nia &#8211; Comunidade Beth\u00e2nia, com sede no munic\u00edpio de S\u00e3o Jo\u00e3o Batista, e altera o Anexo \u00danico da Lei n\u00ba 18.278, de 2021, que &#8220;Consolida os atos normativos que concedem o T\u00edtulo de Utilidade P\u00fablica no \u00e2mbito do Estado de Santa Catarina&#8221;.<\/article>\n<p><\/p>\n<p style='text-align: center'><a href='https:\/\/app.legislapp.com.br\/#\/busca?termo='><\/a><\/p>\n<p><\/p>\n<article>ASSEMBLEIA LEGISLATIVA GABINETE DEPUTADO<br \/>\nESTADO DE SANTA CATARINA JULIO GARCIA<\/p>\n<p>PROJETO DE LEI <\/p>\n<p>Declara de utilidade p\u00fablica a Associa\u00e7\u00e3o Educacional e Assistencial<br \/>\nBeth\u00e2nia \u2013 Comunidade Beth\u00e2nia, com sede no munic\u00edpio de S\u00e3o Jo\u00e3o<br \/>\nBatista, e altera o Anexo \u00danico da Lei n\u00ba 18.278, de 2021, que<br \/>\n\u201cConsolida os atos normativos que concedem o T\u00edtulo de Utilidade<br \/>\nP\u00fablica no \u00e2mbito do Estado de Santa Catarina\u201d.<\/p>\n<p>   Art. 1\u00ba Fica declarada de utilidade p\u00fablica estadual a Associa\u00e7\u00e3o Educacional e<br \/>\nAssistencial Beth\u00e2nia \u2013 Comunidade Bethania, com sede no munic\u00edpio de S\u00e3o Jo\u00e3o<br \/>\nBatista\/SC.<\/p>\n<p>    Art. 2\u00ba O Anexo \u00danico da Lei n\u00ba 18.278, de 20 de dezembro de 2021, passa a vigorar<br \/>\ncom a altera\u00e7\u00e3o constante do Anexo \u00danico desta Lei.<\/p>\n<p>    Art. 3\u00ba Esta Lei entra em vigor na data de sua publica\u00e7\u00e3o.<\/p>\n<p>                 Sala das Comiss\u00f5es, <\/p>\n<p>                 Deputado Julio Garcia<\/p>\n<p>ANEXO \u00daNICO<br \/>\n(ALTERA O ANEXO \u00daNICO DA LEI N\u00ba 18.278, DE 20 DE DEZEMBRO DE 2021)<\/p>\n<p>S\u00c3O JO\u00c3O BATISTA LEIS<br \/>\n&#8230;&#8230;&#8230;&#8230;&#8230;&#8230;&#8230;&#8230;&#8230;&#8230;&#8230;&#8230;&#8230;&#8230;&#8230;&#8230;&#8230;&#8230;&#8230;&#8230;&#8230;&#8230;&#8230;&#8230;&#8230;&#8230;&#8230;&#8230;&#8230;&#8230;&#8230;&#8230;&#8230;. &#8230;&#8230;&#8230;&#8230;&#8230;&#8230;&#8230;&#8230;&#8230;&#8230;&#8230;&#8230;&#8230;<br \/>\nAssocia\u00e7\u00e3o Educacional e Assistencial Beth\u00e2nia \u2013 Comunidade<br \/>\n&#8230;&#8230;&#8230;&#8230;&#8230;&#8230;&#8230;&#8230;&#8230;&#8230;&#8230;&#8230;..<br \/>\nBethania<br \/>\n&#8230;&#8230;&#8230;&#8230;&#8230;&#8230;&#8230;&#8230;&#8230;&#8230;&#8230;&#8230;..<br \/>\n&#8230;&#8230;&#8230;&#8230;&#8230;&#8230;&#8230;&#8230;&#8230;&#8230;&#8230;&#8230;&#8230;&#8230;&#8230;&#8230;&#8230;&#8230;&#8230;&#8230;&#8230;&#8230;&#8230;&#8230;&#8230;&#8230;&#8230;&#8230;&#8230;&#8230;&#8230;&#8230;&#8230;..<br \/>\n(NR)\u201d<\/p>\n<p>                               Sala das Comiss\u00f5es,<\/p>\n<p>                               Deputado Julio Garcia<\/p>\n<p>JUSTIFICA\u00c7\u00c3O<\/p>\n<p>    O Projeto de Lei que ora apresento tem por objetivo declarar de utilidade p\u00fablica estadual a<br \/>\nAssocia\u00e7\u00e3o Educacional e Assistencial Beth\u00e2nia \u2013 Comunidade Beth\u00e2nia, com sede no munic\u00edpio<br \/>\nde S\u00e3o Jo\u00e3o Batista\/SC e casas fixadas no Paran\u00e1, S\u00e3o Paulo, Rio de Janeiro e Minas Gerais.<\/p>\n<p>    Fundada em setembro de 1995, a Comunidade j\u00e1 atendeu mais de 20 mil pessoas,<br \/>\ndependentes qu\u00edmicos, de forma  totalmente gratuita. Seu trabalho tem como p\u00fablico alvo<br \/>\npessoas com v\u00ednculos familiares fragilizados, com baixa autoestima, vivendo em situa\u00e7\u00f5es de<br \/>\nrisco e vulnerabilidade social, sem perspectivas de presente e futuro. Atualmente a Comunidade<br \/>\nBeth\u00e2nia de S\u00e3o Jo\u00e3o Batista acolhe 43 pessoas.<\/p>\n<p>       S\u00e3o homens e mulheres com idade entre 18 e 59 anos de idade, com transtornos<br \/>\ndecorrentes do uso, abuso e\/ou de depend\u00eancia de subst\u00e2ncias psicoativas e em situa\u00e7\u00e3o de<br \/>\nrisco pessoal e social,  que necessitam de afastamento prolongado do ambiente no qual se<br \/>\niniciou e desenvolveu o v\u00edcio.<\/p>\n<p>         A Comunidade oferece acolhimento em car\u00e1ter volunt\u00e1rio, suprindo as necessidades<br \/>\nb\u00e1sicas dos internos, como alimenta\u00e7\u00e3o, higiene e hospedagem, espiritualidade e atendimento<br \/>\ns\u00f3cio assistencial. Tamb\u00e9m promove o desenvolvimento de habilidades sociais e de vida para<br \/>\nque possam viver sem o uso da droga, e desenvolve ferramentas para prevenir reca\u00edda.<\/p>\n<p>        A Comunidade trabalha ainda para resgatar e fortalecer os v\u00ednculos familiares e<br \/>\ncomunit\u00e1rios dos seus internos e promove a\u00e7\u00f5es que objetivam a reinser\u00e7\u00e3o na sociedade e no<br \/>\nmercado de trabalho. Oferece assist\u00eancia psicossocial durante todo o processo de acolhimento.<\/p>\n<p>              A manuten\u00e7\u00e3o da institui\u00e7\u00e3o realiza-se por meio de doa\u00e7\u00f5es, atividades beneficentes  e<br \/>\nconv\u00eanios. Hoje, os frutos s\u00e3o percept\u00edveis a todos que experimentam e comprovam a relev\u00e2ncia<br \/>\ndesse trabalho marcado por tantos desafios sociais.<\/p>\n<p>         Sendo assim, apelo aos Senhores Deputados que aprovem o presente projeto de lei,<br \/>\ncontribuindo para o resgate da dignidade de tantas pessoas que buscam socorro.<\/p>\n<p>               Sala de Sess\u00f5es,<\/p>\n<p>               Deputado Julio Garcia<\/p>\n<p>ELEGIS<br \/>\nDocumento assinado eletronicamente por Julio C\u00e9sar Garcia, em<br \/>\nSistema de Processo<br \/>\n19\/05\/2025, \u00e0s 16:33.<br \/>\nLegislativo Eletr\u00f4nico<\/article>\n<div style=\"text-align: center\">\n<div style=\"margin-bottom: 20px;\" class=\"et_pb_button_module_wrapper et_pb_button_5_tb_body_wrapper et_pb_button_alignment_center et_pb_module \">\n         <a class=\"et_pb_button et_pb_button_5_tb_body et_hover_enabled et_pb_bg_layout_dark\" style=\"width: 50%;background-color: black;\" href=\"https:\/\/app.legislapp.com.br\" target=\"_blank\" rel=\"noopener\">Visualizar completo na nossa plataforma (30 dias gr\u00e1tis)<\/a><\/p><\/div>\n<p>      <a href=\"https:\/\/play.google.com\/store\/apps\/details?id=br.com.legislapp\"><img decoding=\"async\" style=\"width: 15%; min-width: 130px;\" src=\"https:\/\/www.legislapp.com.br\/wp-content\/uploads\/google-play.png\"><\/a><br \/>\n      <a href=\"https:\/\/apps.apple.com\/us\/app\/legislapp\/id1568929859\"><img decoding=\"async\" style=\"width: 15%; min-width: 130px\" src=\"https:\/\/www.legislapp.com.br\/wp-content\/uploads\/apple-store.png\"><\/a>\n   <\/div>\n","protected":false},"excerpt":{"rendered":"<p>C\u00e2m. Legislativa de SC &#8211; Autoria de Julio Garcia Declara de utilidade p\u00fablica a Associa\u00e7\u00e3o Educacional e Assistencial Beth\u00e2nia &#8211; Comunidade Beth\u00e2nia, com sede no munic\u00edpio de S\u00e3o Jo\u00e3o Batista, e altera o Anexo \u00danico da Lei n\u00ba 18.278, de 2021, que &#8220;Consolida os atos normativos que concedem o T\u00edtulo de Utilidade P\u00fablica no \u00e2mbito [&hellip;]<\/p>\n","protected":false},"author":1,"featured_media":0,"parent":0,"menu_order":0,"comment_status":"closed","ping_status":"closed","template":"page-template-blank.php","meta":{"_et_pb_use_builder":"","_et_pb_old_content":"","_et_gb_content_width":"1080","ngg_post_thumbnail":0,"footnotes":""},"class_list":["post-7793","page","type-page","status-publish","hentry"],"yoast_head":"<!-- This site is optimized with the Yoast SEO plugin v24.4 - https:\/\/yoast.com\/wordpress\/plugins\/seo\/ -->\n<title>PL.\/0260\/2025 - Julio Garcia - Legislapp<\/title>\n<meta name=\"robots\" content=\"index, follow, max-snippet:-1, max-image-preview:large, max-video-preview:-1\" \/>\n<link rel=\"canonical\" href=\"https:\/\/www.legislapp.com.br\/index.php\/cam-legislativa-de-sc-pl-0260-2025\/\" \/>\n<meta property=\"og:locale\" content=\"pt_BR\" \/>\n<meta property=\"og:type\" content=\"article\" \/>\n<meta property=\"og:title\" content=\"PL.\/0260\/2025 - Julio Garcia - Legislapp\" \/>\n<meta property=\"og:description\" content=\"C\u00e2m. Legislativa de SC &#8211; Autoria de Julio Garcia Declara de utilidade p\u00fablica a Associa\u00e7\u00e3o Educacional e Assistencial Beth\u00e2nia &#8211; Comunidade Beth\u00e2nia, com sede no munic\u00edpio de S\u00e3o Jo\u00e3o Batista, e altera o Anexo \u00danico da Lei n\u00ba 18.278, de 2021, que &#8220;Consolida os atos normativos que concedem o T\u00edtulo de Utilidade P\u00fablica no \u00e2mbito [&hellip;]\" \/>\n<meta property=\"og:url\" content=\"https:\/\/www.legislapp.com.br\/index.php\/cam-legislativa-de-sc-pl-0260-2025\/\" \/>\n<meta property=\"og:site_name\" content=\"Legislapp\" \/>\n<meta property=\"article:publisher\" content=\"https:\/\/www.instagram.com\/legislapp\/\" \/>\n<meta property=\"og:image\" content=\"https:\/\/www.legislapp.com.br\/wp-content\/uploads\/google-play.png\" \/>\n<meta name=\"twitter:card\" content=\"summary_large_image\" \/>\n<meta name=\"twitter:label1\" content=\"Est. tempo de leitura\" \/>\n\t<meta name=\"twitter:data1\" content=\"3 minutos\" \/>\n<script type=\"application\/ld+json\" class=\"yoast-schema-graph\">{\"@context\":\"https:\/\/schema.org\",\"@graph\":[{\"@type\":\"WebPage\",\"@id\":\"https:\/\/www.legislapp.com.br\/index.php\/cam-legislativa-de-sc-pl-0260-2025\/\",\"url\":\"https:\/\/www.legislapp.com.br\/index.php\/cam-legislativa-de-sc-pl-0260-2025\/\",\"name\":\"PL.\/0260\/2025 - Julio Garcia - Legislapp\",\"isPartOf\":{\"@id\":\"https:\/\/www.legislapp.com.br\/#website\"},\"primaryImageOfPage\":{\"@id\":\"https:\/\/www.legislapp.com.br\/index.php\/cam-legislativa-de-sc-pl-0260-2025\/#primaryimage\"},\"image\":{\"@id\":\"https:\/\/www.legislapp.com.br\/index.php\/cam-legislativa-de-sc-pl-0260-2025\/#primaryimage\"},\"thumbnailUrl\":\"https:\/\/www.legislapp.com.br\/wp-content\/uploads\/google-play.png\",\"datePublished\":\"2025-09-17T16:50:43+00:00\",\"breadcrumb\":{\"@id\":\"https:\/\/www.legislapp.com.br\/index.php\/cam-legislativa-de-sc-pl-0260-2025\/#breadcrumb\"},\"inLanguage\":\"pt-BR\",\"potentialAction\":[{\"@type\":\"ReadAction\",\"target\":[\"https:\/\/www.legislapp.com.br\/index.php\/cam-legislativa-de-sc-pl-0260-2025\/\"]}]},{\"@type\":\"ImageObject\",\"inLanguage\":\"pt-BR\",\"@id\":\"https:\/\/www.legislapp.com.br\/index.php\/cam-legislativa-de-sc-pl-0260-2025\/#primaryimage\",\"url\":\"https:\/\/www.legislapp.com.br\/wp-content\/uploads\/google-play.png\",\"contentUrl\":\"https:\/\/www.legislapp.com.br\/wp-content\/uploads\/google-play.png\",\"width\":564,\"height\":168},{\"@type\":\"BreadcrumbList\",\"@id\":\"https:\/\/www.legislapp.com.br\/index.php\/cam-legislativa-de-sc-pl-0260-2025\/#breadcrumb\",\"itemListElement\":[{\"@type\":\"ListItem\",\"position\":1,\"name\":\"In\u00edcio\",\"item\":\"https:\/\/www.legislapp.com.br\/\"},{\"@type\":\"ListItem\",\"position\":2,\"name\":\"PL.\/0260\/2025 &#8211; Julio Garcia\"}]},{\"@type\":\"WebSite\",\"@id\":\"https:\/\/www.legislapp.com.br\/#website\",\"url\":\"https:\/\/www.legislapp.com.br\/\",\"name\":\"Legislapp\",\"description\":\"Intelig\u00eancia governamental em tempo real\",\"publisher\":{\"@id\":\"https:\/\/www.legislapp.com.br\/#organization\"},\"potentialAction\":[{\"@type\":\"SearchAction\",\"target\":{\"@type\":\"EntryPoint\",\"urlTemplate\":\"https:\/\/www.legislapp.com.br\/?s={search_term_string}\"},\"query-input\":{\"@type\":\"PropertyValueSpecification\",\"valueRequired\":true,\"valueName\":\"search_term_string\"}}],\"inLanguage\":\"pt-BR\"},{\"@type\":\"Organization\",\"@id\":\"https:\/\/www.legislapp.com.br\/#organization\",\"name\":\"Legislapp Monitoramento e Intelig\u00eancia Governamental\",\"url\":\"https:\/\/www.legislapp.com.br\/\",\"logo\":{\"@type\":\"ImageObject\",\"inLanguage\":\"pt-BR\",\"@id\":\"https:\/\/www.legislapp.com.br\/#\/schema\/logo\/image\/\",\"url\":\"https:\/\/www.legislapp.com.br\/wp-content\/uploads\/icon.png\",\"contentUrl\":\"https:\/\/www.legislapp.com.br\/wp-content\/uploads\/icon.png\",\"width\":1024,\"height\":1024,\"caption\":\"Legislapp Monitoramento e Intelig\u00eancia Governamental\"},\"image\":{\"@id\":\"https:\/\/www.legislapp.com.br\/#\/schema\/logo\/image\/\"},\"sameAs\":[\"https:\/\/www.instagram.com\/legislapp\/\"]}]}<\/script>\n<!-- \/ Yoast SEO plugin. -->","yoast_head_json":{"title":"PL.\/0260\/2025 - Julio Garcia - Legislapp","robots":{"index":"index","follow":"follow","max-snippet":"max-snippet:-1","max-image-preview":"max-image-preview:large","max-video-preview":"max-video-preview:-1"},"canonical":"https:\/\/www.legislapp.com.br\/index.php\/cam-legislativa-de-sc-pl-0260-2025\/","og_locale":"pt_BR","og_type":"article","og_title":"PL.\/0260\/2025 - Julio Garcia - Legislapp","og_description":"C\u00e2m. Legislativa de SC &#8211; Autoria de Julio Garcia Declara de utilidade p\u00fablica a Associa\u00e7\u00e3o Educacional e Assistencial Beth\u00e2nia &#8211; Comunidade Beth\u00e2nia, com sede no munic\u00edpio de S\u00e3o Jo\u00e3o Batista, e altera o Anexo \u00danico da Lei n\u00ba 18.278, de 2021, que &#8220;Consolida os atos normativos que concedem o T\u00edtulo de Utilidade P\u00fablica no \u00e2mbito [&hellip;]","og_url":"https:\/\/www.legislapp.com.br\/index.php\/cam-legislativa-de-sc-pl-0260-2025\/","og_site_name":"Legislapp","article_publisher":"https:\/\/www.instagram.com\/legislapp\/","og_image":[{"url":"https:\/\/www.legislapp.com.br\/wp-content\/uploads\/google-play.png","type":"","width":"","height":""}],"twitter_card":"summary_large_image","twitter_misc":{"Est. tempo de leitura":"3 minutos"},"schema":{"@context":"https:\/\/schema.org","@graph":[{"@type":"WebPage","@id":"https:\/\/www.legislapp.com.br\/index.php\/cam-legislativa-de-sc-pl-0260-2025\/","url":"https:\/\/www.legislapp.com.br\/index.php\/cam-legislativa-de-sc-pl-0260-2025\/","name":"PL.\/0260\/2025 - Julio Garcia - Legislapp","isPartOf":{"@id":"https:\/\/www.legislapp.com.br\/#website"},"primaryImageOfPage":{"@id":"https:\/\/www.legislapp.com.br\/index.php\/cam-legislativa-de-sc-pl-0260-2025\/#primaryimage"},"image":{"@id":"https:\/\/www.legislapp.com.br\/index.php\/cam-legislativa-de-sc-pl-0260-2025\/#primaryimage"},"thumbnailUrl":"https:\/\/www.legislapp.com.br\/wp-content\/uploads\/google-play.png","datePublished":"2025-09-17T16:50:43+00:00","breadcrumb":{"@id":"https:\/\/www.legislapp.com.br\/index.php\/cam-legislativa-de-sc-pl-0260-2025\/#breadcrumb"},"inLanguage":"pt-BR","potentialAction":[{"@type":"ReadAction","target":["https:\/\/www.legislapp.com.br\/index.php\/cam-legislativa-de-sc-pl-0260-2025\/"]}]},{"@type":"ImageObject","inLanguage":"pt-BR","@id":"https:\/\/www.legislapp.com.br\/index.php\/cam-legislativa-de-sc-pl-0260-2025\/#primaryimage","url":"https:\/\/www.legislapp.com.br\/wp-content\/uploads\/google-play.png","contentUrl":"https:\/\/www.legislapp.com.br\/wp-content\/uploads\/google-play.png","width":564,"height":168},{"@type":"BreadcrumbList","@id":"https:\/\/www.legislapp.com.br\/index.php\/cam-legislativa-de-sc-pl-0260-2025\/#breadcrumb","itemListElement":[{"@type":"ListItem","position":1,"name":"In\u00edcio","item":"https:\/\/www.legislapp.com.br\/"},{"@type":"ListItem","position":2,"name":"PL.\/0260\/2025 &#8211; Julio Garcia"}]},{"@type":"WebSite","@id":"https:\/\/www.legislapp.com.br\/#website","url":"https:\/\/www.legislapp.com.br\/","name":"Legislapp","description":"Intelig\u00eancia governamental em tempo real","publisher":{"@id":"https:\/\/www.legislapp.com.br\/#organization"},"potentialAction":[{"@type":"SearchAction","target":{"@type":"EntryPoint","urlTemplate":"https:\/\/www.legislapp.com.br\/?s={search_term_string}"},"query-input":{"@type":"PropertyValueSpecification","valueRequired":true,"valueName":"search_term_string"}}],"inLanguage":"pt-BR"},{"@type":"Organization","@id":"https:\/\/www.legislapp.com.br\/#organization","name":"Legislapp Monitoramento e Intelig\u00eancia Governamental","url":"https:\/\/www.legislapp.com.br\/","logo":{"@type":"ImageObject","inLanguage":"pt-BR","@id":"https:\/\/www.legislapp.com.br\/#\/schema\/logo\/image\/","url":"https:\/\/www.legislapp.com.br\/wp-content\/uploads\/icon.png","contentUrl":"https:\/\/www.legislapp.com.br\/wp-content\/uploads\/icon.png","width":1024,"height":1024,"caption":"Legislapp Monitoramento e Intelig\u00eancia Governamental"},"image":{"@id":"https:\/\/www.legislapp.com.br\/#\/schema\/logo\/image\/"},"sameAs":["https:\/\/www.instagram.com\/legislapp\/"]}]}},"_links":{"self":[{"href":"https:\/\/www.legislapp.com.br\/index.php\/wp-json\/wp\/v2\/pages\/7793","targetHints":{"allow":["GET"]}}],"collection":[{"href":"https:\/\/www.legislapp.com.br\/index.php\/wp-json\/wp\/v2\/pages"}],"about":[{"href":"https:\/\/www.legislapp.com.br\/index.php\/wp-json\/wp\/v2\/types\/page"}],"author":[{"embeddable":true,"href":"https:\/\/www.legislapp.com.br\/index.php\/wp-json\/wp\/v2\/users\/1"}],"replies":[{"embeddable":true,"href":"https:\/\/www.legislapp.com.br\/index.php\/wp-json\/wp\/v2\/comments?post=7793"}],"version-history":[{"count":0,"href":"https:\/\/www.legislapp.com.br\/index.php\/wp-json\/wp\/v2\/pages\/7793\/revisions"}],"wp:attachment":[{"href":"https:\/\/www.legislapp.com.br\/index.php\/wp-json\/wp\/v2\/media?parent=7793"}],"curies":[{"name":"wp","href":"https:\/\/api.w.org\/{rel}","templated":true}]}}