{"id":7833,"date":"2025-09-17T13:52:56","date_gmt":"2025-09-17T16:52:56","guid":{"rendered":"https:\/\/www.legislapp.com.br\/index.php\/cam-legislativa-de-pe-pl-2912-2025\/"},"modified":"2025-09-17T13:52:56","modified_gmt":"2025-09-17T16:52:56","slug":"cam-legislativa-de-pe-pl-2912-2025","status":"publish","type":"page","link":"https:\/\/www.legislapp.com.br\/index.php\/cam-legislativa-de-pe-pl-2912-2025\/","title":{"rendered":"PL 2912\/2025 &#8211; Claudiano Martins Filho"},"content":{"rendered":"<h1 style='text-align: center;'>C\u00e2m. Legislativa de PE &#8211; Autoria de Claudiano Martins Filho<br \/><img src='https:\/\/www.alepe.pe.gov.br\/\/wp-content\/uploads\/2022\/04\/CLAUDIANO-MARTINS-FILHO-scaled-e1675863305761.jpg' alt='Claudiano Martins Filho' \/><\/h3>\n<p><\/p>\n<article style='text-align: center'>O Projeto de Lei em tela visa disciplinar o procedimento do servi\u00e7o de entregas, courrier, delivery e assemelhados, de compras ao consumidor final e assim garantir maior seguran\u00e7a nessa modalidade de servi\u00e7os em Pernambuco. A institui\u00e7\u00e3o de um cadastro com identifica\u00e7\u00e3o do entregador e do seu ve\u00edculo, garante uma regulamenta\u00e7\u00e3o m\u00ednima, por\u00e9m eficaz, j\u00e1 que possibilita excelentes instrumentos de prote\u00e7\u00e3o, tanto para o consumidor quanto para o entregador. Esse tipo de atividade \u00e9 imprescind\u00edvel nos dias de hoje e ser\u00e1 beneficiada com a aplica\u00e7\u00e3o dessas regras que s\u00e3o de simples implanta\u00e7\u00e3o e de grande impacto na redu\u00e7\u00e3o dos crimes praticados por aproveitadores, que se disfar\u00e7am de entregadores para roubar suas v\u00edtimas.<\/p>\n<p>\u00a0\u00a0\u00a0\u00a0\u00a0Diante do exposto, conto com os Nobres Pares para a aprova\u00e7\u00e3o do presente Projeto de Lei.<\/article>\n<p><\/p>\n<p style='text-align: center'><a href='https:\/\/app.legislapp.com.br\/#\/busca?termo='><\/a><\/p>\n<p><\/p>\n<article>\u00a0\u00a0\u00a0\u00a0\u00a0Art. 1\u00ba\u00a0Esta Lei estabelece procedimentos para os servi\u00e7os de entrega, courrier, delivery e assemelhados em Pernambuco.<\/p>\n<p>\u00a0\u00a0\u00a0\u00a0\u00a0Art. 2\u00ba\u00a0As empresas prestadoras de servi\u00e7os de entrega de qualquer natureza ou modalidade, manter\u00e3o de forma atualizado, cadastro de identifica\u00e7\u00e3o de entregadores, a ser disponibilizado.<\/p>\n<p>\u00a0\u00a0\u00a0\u00a0\u00a0Art. 3\u00ba\u00a0O cadastro de identifica\u00e7\u00e3o de entregadores dever\u00e1 ser integrado ao processo de produ\u00e7\u00e3o das etiquetas de seguran\u00e7a, incluindo:<\/p>\n<p>\u00a0\u00a0\u00a0\u00a0\u00a0I &#8211; nome completo do condutor;<\/p>\n<p>\u00a0\u00a0\u00a0\u00a0\u00a0II &#8211;\u00a0n\u00famero do documento de identidade;<\/p>\n<p>\u00a0\u00a0\u00a0\u00a0\u00a0III &#8211; endere\u00e7o, telefone, e-mail e foto;<\/p>\n<p>\u00a0\u00a0\u00a0\u00a0\u00a0IV &#8211; n\u00famero da Carteira Nacional de Habilita\u00e7\u00e3o;<\/p>\n<p>\u00a0\u00a0\u00a0\u00a0\u00a0V &#8211; modelo de moto ou carro;<\/p>\n<p>\u00a0\u00a0\u00a0\u00a0\u00a0VI &#8211; valida\u00e7\u00e3o com prova de vida do entregador, a ser cadastrada via sistema (validar a foto, nome e CPF do entregador cadastrado via sistema e sem interven\u00e7\u00e3o humana no processo de verifica\u00e7\u00e3o).<\/p>\n<p>\u00a0\u00a0\u00a0\u00a0\u00a0Par\u00e1grafo \u00fanico.\u00a0No que se refere ao inciso V, o modelo automotor dever\u00e1 conter suas especifica\u00e7\u00f5es, tais como:<\/p>\n<p>\u00a0 \u00a0 \u00a0I\u00a0&#8211; marca, modelo e ano;<\/p>\n<p>\u00a0 \u00a0 \u00a0II\u00a0&#8211; cor;<\/p>\n<p>\u00a0 \u00a0 \u00a0III\u00a0&#8211; placa;<\/p>\n<p>\u00a0\u00a0\u00a0\u00a0\u00a0Art. 4\u00ba\u00a0Aqueles que fizerem o uso de bicicletas para o servi\u00e7o de entrega tamb\u00e9m dever\u00e3o constar no cadastro, tendo as mesmas especifica\u00e7\u00f5es dos incisos I, II e III do art. 3\u00b0 da presente Lei, al\u00e9m das seguintes:<\/p>\n<p>\u00a0\u00a0\u00a0\u00a0\u00a0I &#8211; cor;<\/p>\n<p>\u00a0\u00a0\u00a0\u00a0\u00a0II &#8211; modelo da bicicleta.<\/p>\n<p>\u00a0\u00a0\u00a0\u00a0\u00a0Par\u00e1grafo \u00fanico. Os entregadores que utilizam bicicletas, patinetes e demais ve\u00edculos alugados ou cedidos em comodato tamb\u00e9m dever\u00e3o estar cadastrados na empresa, com as mesmas especifica\u00e7\u00f5es dos incisos I, II e III do art.\u00a03\u00b0 da presente Lei.<\/p>\n<p>\u00a0\u00a0\u00a0\u00a0\u00a0Art. 5\u00ba\u00a0Cada entregador dever\u00e1 ter em sua mochila, ba\u00fa ou demais dispositivos utilizados nas entregas uma etiqueta de seguran\u00e7a afixada na parte traseira da mochila e em local vis\u00edvel.<\/p>\n<p>\u00a0\u00a0\u00a0\u00a0\u00a0Par\u00e1grafo \u00fanico. O QR Code e o chip de seguran\u00e7a presentes na etiqueta de seguran\u00e7a servir\u00e3o para valida\u00e7\u00e3o da rela\u00e7\u00e3o entre o entregador e a empresa.<\/p>\n<p>\u00a0\u00a0\u00a0\u00a0\u00a0Art. 6\u00ba O descumprimento das disposi\u00e7\u00f5es contidas nesta Lei sujeitar\u00e1 a empresa infratora \u00e0s seguintes penalidades:<\/p>\n<p>\u00a0\u00a0\u00a0\u00a0\u00a0I &#8211; advert\u00eancia;<\/p>\n<p>\u00a0\u00a0\u00a0\u00a0\u00a0II &#8211; multa;<\/p>\n<p>\u00a0\u00a0\u00a0\u00a0\u00a0III &#8211; suspens\u00e3o das atividades por tempo determinado.<\/p>\n<p>\u00a0\u00a0\u00a0\u00a0\u00a0Art. 7\u00ba Esta Lei entra em vigor na data de sua publica\u00e7\u00e3o.<\/article>\n<div style=\"text-align: center\">\n<div style=\"margin-bottom: 20px;\" class=\"et_pb_button_module_wrapper et_pb_button_5_tb_body_wrapper et_pb_button_alignment_center et_pb_module \">\n         <a class=\"et_pb_button et_pb_button_5_tb_body et_hover_enabled et_pb_bg_layout_dark\" style=\"width: 50%;background-color: black;\" href=\"https:\/\/app.legislapp.com.br\" target=\"_blank\" rel=\"noopener\">Visualizar completo na nossa plataforma (30 dias gr\u00e1tis)<\/a><\/p><\/div>\n<p>      <a href=\"https:\/\/play.google.com\/store\/apps\/details?id=br.com.legislapp\"><img decoding=\"async\" style=\"width: 15%; min-width: 130px;\" src=\"https:\/\/www.legislapp.com.br\/wp-content\/uploads\/google-play.png\"><\/a><br \/>\n      <a href=\"https:\/\/apps.apple.com\/us\/app\/legislapp\/id1568929859\"><img decoding=\"async\" style=\"width: 15%; min-width: 130px\" src=\"https:\/\/www.legislapp.com.br\/wp-content\/uploads\/apple-store.png\"><\/a>\n   <\/div>\n","protected":false},"excerpt":{"rendered":"<p>C\u00e2m. Legislativa de PE &#8211; Autoria de Claudiano Martins Filho O Projeto de Lei em tela visa disciplinar o procedimento do servi\u00e7o de entregas, courrier, delivery e assemelhados, de compras ao consumidor final e assim garantir maior seguran\u00e7a nessa modalidade de servi\u00e7os em Pernambuco. A institui\u00e7\u00e3o de um cadastro com identifica\u00e7\u00e3o do entregador e do [&hellip;]<\/p>\n","protected":false},"author":1,"featured_media":0,"parent":0,"menu_order":0,"comment_status":"closed","ping_status":"closed","template":"page-template-blank.php","meta":{"_et_pb_use_builder":"","_et_pb_old_content":"","_et_gb_content_width":"1080","ngg_post_thumbnail":0,"footnotes":""},"class_list":["post-7833","page","type-page","status-publish","hentry"],"yoast_head":"<!-- This site is optimized with the Yoast SEO plugin v24.4 - https:\/\/yoast.com\/wordpress\/plugins\/seo\/ -->\n<title>PL 2912\/2025 - Claudiano Martins Filho - Legislapp<\/title>\n<meta name=\"robots\" content=\"index, follow, max-snippet:-1, max-image-preview:large, max-video-preview:-1\" \/>\n<link rel=\"canonical\" href=\"https:\/\/www.legislapp.com.br\/index.php\/cam-legislativa-de-pe-pl-2912-2025\/\" \/>\n<meta property=\"og:locale\" content=\"pt_BR\" \/>\n<meta property=\"og:type\" content=\"article\" \/>\n<meta property=\"og:title\" content=\"PL 2912\/2025 - Claudiano Martins Filho - Legislapp\" \/>\n<meta property=\"og:description\" content=\"C\u00e2m. Legislativa de PE &#8211; Autoria de Claudiano Martins Filho O Projeto de Lei em tela visa disciplinar o procedimento do servi\u00e7o de entregas, courrier, delivery e assemelhados, de compras ao consumidor final e assim garantir maior seguran\u00e7a nessa modalidade de servi\u00e7os em Pernambuco. A institui\u00e7\u00e3o de um cadastro com identifica\u00e7\u00e3o do entregador e do [&hellip;]\" \/>\n<meta property=\"og:url\" content=\"https:\/\/www.legislapp.com.br\/index.php\/cam-legislativa-de-pe-pl-2912-2025\/\" \/>\n<meta property=\"og:site_name\" content=\"Legislapp\" \/>\n<meta property=\"article:publisher\" content=\"https:\/\/www.instagram.com\/legislapp\/\" \/>\n<meta property=\"og:image\" content=\"https:\/\/www.alepe.pe.gov.br\/\/wp-content\/uploads\/2022\/04\/CLAUDIANO-MARTINS-FILHO-scaled-e1675863305761.jpg\" \/>\n<meta name=\"twitter:card\" content=\"summary_large_image\" \/>\n<meta name=\"twitter:label1\" content=\"Est. tempo de leitura\" \/>\n\t<meta name=\"twitter:data1\" content=\"3 minutos\" \/>\n<script type=\"application\/ld+json\" class=\"yoast-schema-graph\">{\"@context\":\"https:\/\/schema.org\",\"@graph\":[{\"@type\":\"WebPage\",\"@id\":\"https:\/\/www.legislapp.com.br\/index.php\/cam-legislativa-de-pe-pl-2912-2025\/\",\"url\":\"https:\/\/www.legislapp.com.br\/index.php\/cam-legislativa-de-pe-pl-2912-2025\/\",\"name\":\"PL 2912\/2025 - Claudiano Martins Filho - Legislapp\",\"isPartOf\":{\"@id\":\"https:\/\/www.legislapp.com.br\/#website\"},\"primaryImageOfPage\":{\"@id\":\"https:\/\/www.legislapp.com.br\/index.php\/cam-legislativa-de-pe-pl-2912-2025\/#primaryimage\"},\"image\":{\"@id\":\"https:\/\/www.legislapp.com.br\/index.php\/cam-legislativa-de-pe-pl-2912-2025\/#primaryimage\"},\"thumbnailUrl\":\"https:\/\/www.alepe.pe.gov.br\/\/wp-content\/uploads\/2022\/04\/CLAUDIANO-MARTINS-FILHO-scaled-e1675863305761.jpg\",\"datePublished\":\"2025-09-17T16:52:56+00:00\",\"breadcrumb\":{\"@id\":\"https:\/\/www.legislapp.com.br\/index.php\/cam-legislativa-de-pe-pl-2912-2025\/#breadcrumb\"},\"inLanguage\":\"pt-BR\",\"potentialAction\":[{\"@type\":\"ReadAction\",\"target\":[\"https:\/\/www.legislapp.com.br\/index.php\/cam-legislativa-de-pe-pl-2912-2025\/\"]}]},{\"@type\":\"ImageObject\",\"inLanguage\":\"pt-BR\",\"@id\":\"https:\/\/www.legislapp.com.br\/index.php\/cam-legislativa-de-pe-pl-2912-2025\/#primaryimage\",\"url\":\"https:\/\/www.alepe.pe.gov.br\/\/wp-content\/uploads\/2022\/04\/CLAUDIANO-MARTINS-FILHO-scaled-e1675863305761.jpg\",\"contentUrl\":\"https:\/\/www.alepe.pe.gov.br\/\/wp-content\/uploads\/2022\/04\/CLAUDIANO-MARTINS-FILHO-scaled-e1675863305761.jpg\"},{\"@type\":\"BreadcrumbList\",\"@id\":\"https:\/\/www.legislapp.com.br\/index.php\/cam-legislativa-de-pe-pl-2912-2025\/#breadcrumb\",\"itemListElement\":[{\"@type\":\"ListItem\",\"position\":1,\"name\":\"In\u00edcio\",\"item\":\"https:\/\/www.legislapp.com.br\/\"},{\"@type\":\"ListItem\",\"position\":2,\"name\":\"PL 2912\/2025 &#8211; Claudiano Martins Filho\"}]},{\"@type\":\"WebSite\",\"@id\":\"https:\/\/www.legislapp.com.br\/#website\",\"url\":\"https:\/\/www.legislapp.com.br\/\",\"name\":\"Legislapp\",\"description\":\"Intelig\u00eancia governamental em tempo real\",\"publisher\":{\"@id\":\"https:\/\/www.legislapp.com.br\/#organization\"},\"potentialAction\":[{\"@type\":\"SearchAction\",\"target\":{\"@type\":\"EntryPoint\",\"urlTemplate\":\"https:\/\/www.legislapp.com.br\/?s={search_term_string}\"},\"query-input\":{\"@type\":\"PropertyValueSpecification\",\"valueRequired\":true,\"valueName\":\"search_term_string\"}}],\"inLanguage\":\"pt-BR\"},{\"@type\":\"Organization\",\"@id\":\"https:\/\/www.legislapp.com.br\/#organization\",\"name\":\"Legislapp Monitoramento e Intelig\u00eancia Governamental\",\"url\":\"https:\/\/www.legislapp.com.br\/\",\"logo\":{\"@type\":\"ImageObject\",\"inLanguage\":\"pt-BR\",\"@id\":\"https:\/\/www.legislapp.com.br\/#\/schema\/logo\/image\/\",\"url\":\"https:\/\/www.legislapp.com.br\/wp-content\/uploads\/icon.png\",\"contentUrl\":\"https:\/\/www.legislapp.com.br\/wp-content\/uploads\/icon.png\",\"width\":1024,\"height\":1024,\"caption\":\"Legislapp Monitoramento e Intelig\u00eancia Governamental\"},\"image\":{\"@id\":\"https:\/\/www.legislapp.com.br\/#\/schema\/logo\/image\/\"},\"sameAs\":[\"https:\/\/www.instagram.com\/legislapp\/\"]}]}<\/script>\n<!-- \/ Yoast SEO plugin. -->","yoast_head_json":{"title":"PL 2912\/2025 - Claudiano Martins Filho - Legislapp","robots":{"index":"index","follow":"follow","max-snippet":"max-snippet:-1","max-image-preview":"max-image-preview:large","max-video-preview":"max-video-preview:-1"},"canonical":"https:\/\/www.legislapp.com.br\/index.php\/cam-legislativa-de-pe-pl-2912-2025\/","og_locale":"pt_BR","og_type":"article","og_title":"PL 2912\/2025 - Claudiano Martins Filho - Legislapp","og_description":"C\u00e2m. Legislativa de PE &#8211; Autoria de Claudiano Martins Filho O Projeto de Lei em tela visa disciplinar o procedimento do servi\u00e7o de entregas, courrier, delivery e assemelhados, de compras ao consumidor final e assim garantir maior seguran\u00e7a nessa modalidade de servi\u00e7os em Pernambuco. A institui\u00e7\u00e3o de um cadastro com identifica\u00e7\u00e3o do entregador e do [&hellip;]","og_url":"https:\/\/www.legislapp.com.br\/index.php\/cam-legislativa-de-pe-pl-2912-2025\/","og_site_name":"Legislapp","article_publisher":"https:\/\/www.instagram.com\/legislapp\/","og_image":[{"url":"https:\/\/www.alepe.pe.gov.br\/\/wp-content\/uploads\/2022\/04\/CLAUDIANO-MARTINS-FILHO-scaled-e1675863305761.jpg","type":"","width":"","height":""}],"twitter_card":"summary_large_image","twitter_misc":{"Est. tempo de leitura":"3 minutos"},"schema":{"@context":"https:\/\/schema.org","@graph":[{"@type":"WebPage","@id":"https:\/\/www.legislapp.com.br\/index.php\/cam-legislativa-de-pe-pl-2912-2025\/","url":"https:\/\/www.legislapp.com.br\/index.php\/cam-legislativa-de-pe-pl-2912-2025\/","name":"PL 2912\/2025 - Claudiano Martins Filho - Legislapp","isPartOf":{"@id":"https:\/\/www.legislapp.com.br\/#website"},"primaryImageOfPage":{"@id":"https:\/\/www.legislapp.com.br\/index.php\/cam-legislativa-de-pe-pl-2912-2025\/#primaryimage"},"image":{"@id":"https:\/\/www.legislapp.com.br\/index.php\/cam-legislativa-de-pe-pl-2912-2025\/#primaryimage"},"thumbnailUrl":"https:\/\/www.alepe.pe.gov.br\/\/wp-content\/uploads\/2022\/04\/CLAUDIANO-MARTINS-FILHO-scaled-e1675863305761.jpg","datePublished":"2025-09-17T16:52:56+00:00","breadcrumb":{"@id":"https:\/\/www.legislapp.com.br\/index.php\/cam-legislativa-de-pe-pl-2912-2025\/#breadcrumb"},"inLanguage":"pt-BR","potentialAction":[{"@type":"ReadAction","target":["https:\/\/www.legislapp.com.br\/index.php\/cam-legislativa-de-pe-pl-2912-2025\/"]}]},{"@type":"ImageObject","inLanguage":"pt-BR","@id":"https:\/\/www.legislapp.com.br\/index.php\/cam-legislativa-de-pe-pl-2912-2025\/#primaryimage","url":"https:\/\/www.alepe.pe.gov.br\/\/wp-content\/uploads\/2022\/04\/CLAUDIANO-MARTINS-FILHO-scaled-e1675863305761.jpg","contentUrl":"https:\/\/www.alepe.pe.gov.br\/\/wp-content\/uploads\/2022\/04\/CLAUDIANO-MARTINS-FILHO-scaled-e1675863305761.jpg"},{"@type":"BreadcrumbList","@id":"https:\/\/www.legislapp.com.br\/index.php\/cam-legislativa-de-pe-pl-2912-2025\/#breadcrumb","itemListElement":[{"@type":"ListItem","position":1,"name":"In\u00edcio","item":"https:\/\/www.legislapp.com.br\/"},{"@type":"ListItem","position":2,"name":"PL 2912\/2025 &#8211; Claudiano Martins Filho"}]},{"@type":"WebSite","@id":"https:\/\/www.legislapp.com.br\/#website","url":"https:\/\/www.legislapp.com.br\/","name":"Legislapp","description":"Intelig\u00eancia governamental em tempo real","publisher":{"@id":"https:\/\/www.legislapp.com.br\/#organization"},"potentialAction":[{"@type":"SearchAction","target":{"@type":"EntryPoint","urlTemplate":"https:\/\/www.legislapp.com.br\/?s={search_term_string}"},"query-input":{"@type":"PropertyValueSpecification","valueRequired":true,"valueName":"search_term_string"}}],"inLanguage":"pt-BR"},{"@type":"Organization","@id":"https:\/\/www.legislapp.com.br\/#organization","name":"Legislapp Monitoramento e Intelig\u00eancia Governamental","url":"https:\/\/www.legislapp.com.br\/","logo":{"@type":"ImageObject","inLanguage":"pt-BR","@id":"https:\/\/www.legislapp.com.br\/#\/schema\/logo\/image\/","url":"https:\/\/www.legislapp.com.br\/wp-content\/uploads\/icon.png","contentUrl":"https:\/\/www.legislapp.com.br\/wp-content\/uploads\/icon.png","width":1024,"height":1024,"caption":"Legislapp Monitoramento e Intelig\u00eancia Governamental"},"image":{"@id":"https:\/\/www.legislapp.com.br\/#\/schema\/logo\/image\/"},"sameAs":["https:\/\/www.instagram.com\/legislapp\/"]}]}},"_links":{"self":[{"href":"https:\/\/www.legislapp.com.br\/index.php\/wp-json\/wp\/v2\/pages\/7833","targetHints":{"allow":["GET"]}}],"collection":[{"href":"https:\/\/www.legislapp.com.br\/index.php\/wp-json\/wp\/v2\/pages"}],"about":[{"href":"https:\/\/www.legislapp.com.br\/index.php\/wp-json\/wp\/v2\/types\/page"}],"author":[{"embeddable":true,"href":"https:\/\/www.legislapp.com.br\/index.php\/wp-json\/wp\/v2\/users\/1"}],"replies":[{"embeddable":true,"href":"https:\/\/www.legislapp.com.br\/index.php\/wp-json\/wp\/v2\/comments?post=7833"}],"version-history":[{"count":0,"href":"https:\/\/www.legislapp.com.br\/index.php\/wp-json\/wp\/v2\/pages\/7833\/revisions"}],"wp:attachment":[{"href":"https:\/\/www.legislapp.com.br\/index.php\/wp-json\/wp\/v2\/media?parent=7833"}],"curies":[{"name":"wp","href":"https:\/\/api.w.org\/{rel}","templated":true}]}}