{"id":7844,"date":"2025-09-17T13:53:33","date_gmt":"2025-09-17T16:53:33","guid":{"rendered":"https:\/\/www.legislapp.com.br\/index.php\/cam-legislativa-de-pe-pl-2904-2025-2\/"},"modified":"2025-09-17T13:53:33","modified_gmt":"2025-09-17T16:53:33","slug":"cam-legislativa-de-pe-pl-2904-2025-2","status":"publish","type":"page","link":"https:\/\/www.legislapp.com.br\/index.php\/cam-legislativa-de-pe-pl-2904-2025-2\/","title":{"rendered":"PL 2904\/2025 &#8211; Gilmar Junior"},"content":{"rendered":"<h1 style='text-align: center;'>C\u00e2m. Legislativa de PE &#8211; Autoria de Gilmar Junior<br \/><img src='https:\/\/www.alepe.pe.gov.br\/\/wp-content\/uploads\/2023\/02\/GILMAR-JUNIOR-scaled-e1675859139299.jpg' alt='Gilmar Junior' \/><\/h3>\n<p><\/p>\n<article style='text-align: center'>A presente proposta visa a implementa\u00e7\u00e3o de uma medida importante para assegurar ainda mais prote\u00e7\u00e3o aos consumidores, especialmente em situa\u00e7\u00f5es envolvendo a arremata\u00e7\u00e3o de bens automotores em leil\u00f5es.<\/p>\n<p>\u00a0\u00a0\u00a0\u00a0\u00a0A arremata\u00e7\u00e3o de bens, particularmente ve\u00edculos automotores, em leil\u00f5es, \u00e9 uma pr\u00e1tica cada vez mais comum no mercado brasileiro. No entanto, frequentemente, os consumidores que participam desses leil\u00f5es podem se deparar com dificuldades relacionadas \u00e0 regulariza\u00e7\u00e3o do bem adquirido, sobretudo em rela\u00e7\u00e3o \u00e0 documenta\u00e7\u00e3o e \u00e0 regulariza\u00e7\u00e3o das placas dos ve\u00edculos. Isso ocorre porque, em alguns casos, o ve\u00edculo arrematado pode apresentar discrep\u00e2ncias entre a placa de registro e o CRLV, o que pode gerar d\u00favidas sobre a proced\u00eancia e a legalidade do bem.<\/p>\n<p>\u00a0\u00a0\u00a0\u00a0\u00a0Al\u00e9m disso, \u00e9 sabido que a documenta\u00e7\u00e3o de ve\u00edculos \u00e9 uma exig\u00eancia legal para a sua circula\u00e7\u00e3o e utiliza\u00e7\u00e3o no territ\u00f3rio nacional. A regularidade da placa e do registro, conforme estabelecido pela legisla\u00e7\u00e3o federal, \u00e9 essencial para garantir a seguran\u00e7a jur\u00eddica tanto do consumidor quanto das autoridades de tr\u00e2nsito. Portanto, a proposta busca resolver essa lacuna, oferecendo maior seguran\u00e7a aos consumidores, e criando um ambiente de transpar\u00eancia e confian\u00e7a no processo de compra.<\/p>\n<p>\u00a0\u00a0\u00a0\u00a0\u00a0O C\u00f3digo Estadual de Defesa do Consumidor tem como premissa a prote\u00e7\u00e3o do consumidor contra pr\u00e1ticas prejudiciais e desleais, buscando equilibrar a rela\u00e7\u00e3o entre o fornecedor e o consumidor, com especial aten\u00e7\u00e3o \u00e0 boa-f\u00e9 e \u00e0 transpar\u00eancia. A altera\u00e7\u00e3o proposta vai ao encontro desse princ\u00edpio, ao garantir que o consumidor que arremate um ve\u00edculo em leil\u00e3o receba o bem com toda a documenta\u00e7\u00e3o regularizada, o que facilita a sua posse, circula\u00e7\u00e3o e o exerc\u00edcio dos seus direitos.<\/p>\n<p>\u00a0\u00a0\u00a0\u00a0\u00a0A garantia de que a documenta\u00e7\u00e3o do ve\u00edculo arrematado esteja em conformidade com o CRLV \u00e9 um direito do consumidor que fortalece a seguran\u00e7a jur\u00eddica da transa\u00e7\u00e3o. Este ajuste na legisla\u00e7\u00e3o visa harmonizar a entrega dos bens de forma compat\u00edvel com as exig\u00eancias legais do sistema de registro e licenciamento de ve\u00edculos, evitando que o consumidor se depare com obst\u00e1culos para regularizar o seu bem junto aos \u00f3rg\u00e3os de tr\u00e2nsito.<\/p>\n<p>\u00a0\u00a0\u00a0\u00a0\u00a0Tal medida \u00e9 de extrema import\u00e2ncia para assegurar que o consumidor arrematante do bem automotor receba o ve\u00edculo com a documenta\u00e7\u00e3o completa e em plena conformidade com os registros oficiais, evitando futuros contratempos ou questionamentos quanto \u00e0 regularidade do bem adquirido.<\/p>\n<p>\u00a0\u00a0\u00a0\u00a0\u00a0Diante do exposto, solicito aos Nobres Pares a aprova\u00e7\u00e3o desta mat\u00e9ria.<\/article>\n<p><\/p>\n<p style='text-align: center'><a href='https:\/\/app.legislapp.com.br\/#\/busca?termo='><\/a><\/p>\n<p><\/p>\n<article>\u00a0\u00a0\u00a0\u00a0\u00a0Art. 1\u00ba A Lei n\u00ba 16.559, de 15 de janeiro de 2019, passa a vigorar com o seguinte acr\u00e9scimo:<\/p>\n<p>\u201cArt. 128-A. Os bens arrematados, como ve\u00edculos automotores de todos os portes, inclusive motocicletas, dever\u00e3o ser entregues ao consumidor arrematante com a placa de registro do ve\u00edculo em conformidade com a placa e Unidade Federativa (UF) constante no documento de porte obrigat\u00f3rio do Certificado de Registro e Licenciamento de Ve\u00edculo (CRLV \u2013\/CRLV-e). (AC)<\/p>\n<p>Par\u00e1grafo \u00fanico. A empresa respons\u00e1vel pelo preg\u00e3o disponibilizar\u00e1 no ato da entrega do bem arrematado, o documento mesmo que em formato PDF comprovando que a placa do bem corresponde ao documento do porte obrigat\u00f3rio.&#8221; (AC)<\/p>\n<p>\u00a0\u00a0\u00a0\u00a0\u00a0Art. 2\u00ba Esta Lei entra em vigor na data de sua publica\u00e7\u00e3o.<\/article>\n<div style=\"text-align: center\">\n<div style=\"margin-bottom: 20px;\" class=\"et_pb_button_module_wrapper et_pb_button_5_tb_body_wrapper et_pb_button_alignment_center et_pb_module \">\n         <a class=\"et_pb_button et_pb_button_5_tb_body et_hover_enabled et_pb_bg_layout_dark\" style=\"width: 50%;background-color: black;\" href=\"https:\/\/app.legislapp.com.br\" target=\"_blank\" rel=\"noopener\">Visualizar completo na nossa plataforma (30 dias gr\u00e1tis)<\/a><\/p><\/div>\n<p>      <a href=\"https:\/\/play.google.com\/store\/apps\/details?id=br.com.legislapp\"><img decoding=\"async\" style=\"width: 15%; min-width: 130px;\" src=\"https:\/\/www.legislapp.com.br\/wp-content\/uploads\/google-play.png\"><\/a><br \/>\n      <a href=\"https:\/\/apps.apple.com\/us\/app\/legislapp\/id1568929859\"><img decoding=\"async\" style=\"width: 15%; min-width: 130px\" src=\"https:\/\/www.legislapp.com.br\/wp-content\/uploads\/apple-store.png\"><\/a>\n   <\/div>\n","protected":false},"excerpt":{"rendered":"<p>C\u00e2m. Legislativa de PE &#8211; Autoria de Gilmar Junior A presente proposta visa a implementa\u00e7\u00e3o de uma medida importante para assegurar ainda mais prote\u00e7\u00e3o aos consumidores, especialmente em situa\u00e7\u00f5es envolvendo a arremata\u00e7\u00e3o de bens automotores em leil\u00f5es. \u00a0\u00a0\u00a0\u00a0\u00a0A arremata\u00e7\u00e3o de bens, particularmente ve\u00edculos automotores, em leil\u00f5es, \u00e9 uma pr\u00e1tica cada vez mais comum no mercado [&hellip;]<\/p>\n","protected":false},"author":1,"featured_media":0,"parent":0,"menu_order":0,"comment_status":"closed","ping_status":"closed","template":"page-template-blank.php","meta":{"_et_pb_use_builder":"","_et_pb_old_content":"","_et_gb_content_width":"1080","ngg_post_thumbnail":0,"footnotes":""},"class_list":["post-7844","page","type-page","status-publish","hentry"],"yoast_head":"<!-- This site is optimized with the Yoast SEO plugin v24.4 - https:\/\/yoast.com\/wordpress\/plugins\/seo\/ -->\n<title>PL 2904\/2025 - Gilmar Junior - Legislapp<\/title>\n<meta name=\"robots\" content=\"index, follow, max-snippet:-1, max-image-preview:large, max-video-preview:-1\" \/>\n<link rel=\"canonical\" href=\"https:\/\/www.legislapp.com.br\/index.php\/cam-legislativa-de-pe-pl-2904-2025-2\/\" \/>\n<meta property=\"og:locale\" content=\"pt_BR\" \/>\n<meta property=\"og:type\" content=\"article\" \/>\n<meta property=\"og:title\" content=\"PL 2904\/2025 - Gilmar Junior - Legislapp\" \/>\n<meta property=\"og:description\" content=\"C\u00e2m. Legislativa de PE &#8211; Autoria de Gilmar Junior A presente proposta visa a implementa\u00e7\u00e3o de uma medida importante para assegurar ainda mais prote\u00e7\u00e3o aos consumidores, especialmente em situa\u00e7\u00f5es envolvendo a arremata\u00e7\u00e3o de bens automotores em leil\u00f5es. \u00a0\u00a0\u00a0\u00a0\u00a0A arremata\u00e7\u00e3o de bens, particularmente ve\u00edculos automotores, em leil\u00f5es, \u00e9 uma pr\u00e1tica cada vez mais comum no mercado [&hellip;]\" \/>\n<meta property=\"og:url\" content=\"https:\/\/www.legislapp.com.br\/index.php\/cam-legislativa-de-pe-pl-2904-2025-2\/\" \/>\n<meta property=\"og:site_name\" content=\"Legislapp\" \/>\n<meta property=\"article:publisher\" content=\"https:\/\/www.instagram.com\/legislapp\/\" \/>\n<meta property=\"og:image\" content=\"https:\/\/www.alepe.pe.gov.br\/\/wp-content\/uploads\/2023\/02\/GILMAR-JUNIOR-scaled-e1675859139299.jpg\" \/>\n<meta name=\"twitter:card\" content=\"summary_large_image\" \/>\n<meta name=\"twitter:label1\" content=\"Est. tempo de leitura\" \/>\n\t<meta name=\"twitter:data1\" content=\"3 minutos\" \/>\n<script type=\"application\/ld+json\" class=\"yoast-schema-graph\">{\"@context\":\"https:\/\/schema.org\",\"@graph\":[{\"@type\":\"WebPage\",\"@id\":\"https:\/\/www.legislapp.com.br\/index.php\/cam-legislativa-de-pe-pl-2904-2025-2\/\",\"url\":\"https:\/\/www.legislapp.com.br\/index.php\/cam-legislativa-de-pe-pl-2904-2025-2\/\",\"name\":\"PL 2904\/2025 - Gilmar Junior - Legislapp\",\"isPartOf\":{\"@id\":\"https:\/\/www.legislapp.com.br\/#website\"},\"primaryImageOfPage\":{\"@id\":\"https:\/\/www.legislapp.com.br\/index.php\/cam-legislativa-de-pe-pl-2904-2025-2\/#primaryimage\"},\"image\":{\"@id\":\"https:\/\/www.legislapp.com.br\/index.php\/cam-legislativa-de-pe-pl-2904-2025-2\/#primaryimage\"},\"thumbnailUrl\":\"https:\/\/www.alepe.pe.gov.br\/\/wp-content\/uploads\/2023\/02\/GILMAR-JUNIOR-scaled-e1675859139299.jpg\",\"datePublished\":\"2025-09-17T16:53:33+00:00\",\"breadcrumb\":{\"@id\":\"https:\/\/www.legislapp.com.br\/index.php\/cam-legislativa-de-pe-pl-2904-2025-2\/#breadcrumb\"},\"inLanguage\":\"pt-BR\",\"potentialAction\":[{\"@type\":\"ReadAction\",\"target\":[\"https:\/\/www.legislapp.com.br\/index.php\/cam-legislativa-de-pe-pl-2904-2025-2\/\"]}]},{\"@type\":\"ImageObject\",\"inLanguage\":\"pt-BR\",\"@id\":\"https:\/\/www.legislapp.com.br\/index.php\/cam-legislativa-de-pe-pl-2904-2025-2\/#primaryimage\",\"url\":\"https:\/\/www.alepe.pe.gov.br\/\/wp-content\/uploads\/2023\/02\/GILMAR-JUNIOR-scaled-e1675859139299.jpg\",\"contentUrl\":\"https:\/\/www.alepe.pe.gov.br\/\/wp-content\/uploads\/2023\/02\/GILMAR-JUNIOR-scaled-e1675859139299.jpg\"},{\"@type\":\"BreadcrumbList\",\"@id\":\"https:\/\/www.legislapp.com.br\/index.php\/cam-legislativa-de-pe-pl-2904-2025-2\/#breadcrumb\",\"itemListElement\":[{\"@type\":\"ListItem\",\"position\":1,\"name\":\"In\u00edcio\",\"item\":\"https:\/\/www.legislapp.com.br\/\"},{\"@type\":\"ListItem\",\"position\":2,\"name\":\"PL 2904\/2025 &#8211; Gilmar Junior\"}]},{\"@type\":\"WebSite\",\"@id\":\"https:\/\/www.legislapp.com.br\/#website\",\"url\":\"https:\/\/www.legislapp.com.br\/\",\"name\":\"Legislapp\",\"description\":\"Intelig\u00eancia governamental em tempo real\",\"publisher\":{\"@id\":\"https:\/\/www.legislapp.com.br\/#organization\"},\"potentialAction\":[{\"@type\":\"SearchAction\",\"target\":{\"@type\":\"EntryPoint\",\"urlTemplate\":\"https:\/\/www.legislapp.com.br\/?s={search_term_string}\"},\"query-input\":{\"@type\":\"PropertyValueSpecification\",\"valueRequired\":true,\"valueName\":\"search_term_string\"}}],\"inLanguage\":\"pt-BR\"},{\"@type\":\"Organization\",\"@id\":\"https:\/\/www.legislapp.com.br\/#organization\",\"name\":\"Legislapp Monitoramento e Intelig\u00eancia Governamental\",\"url\":\"https:\/\/www.legislapp.com.br\/\",\"logo\":{\"@type\":\"ImageObject\",\"inLanguage\":\"pt-BR\",\"@id\":\"https:\/\/www.legislapp.com.br\/#\/schema\/logo\/image\/\",\"url\":\"https:\/\/www.legislapp.com.br\/wp-content\/uploads\/icon.png\",\"contentUrl\":\"https:\/\/www.legislapp.com.br\/wp-content\/uploads\/icon.png\",\"width\":1024,\"height\":1024,\"caption\":\"Legislapp Monitoramento e Intelig\u00eancia Governamental\"},\"image\":{\"@id\":\"https:\/\/www.legislapp.com.br\/#\/schema\/logo\/image\/\"},\"sameAs\":[\"https:\/\/www.instagram.com\/legislapp\/\"]}]}<\/script>\n<!-- \/ Yoast SEO plugin. -->","yoast_head_json":{"title":"PL 2904\/2025 - Gilmar Junior - Legislapp","robots":{"index":"index","follow":"follow","max-snippet":"max-snippet:-1","max-image-preview":"max-image-preview:large","max-video-preview":"max-video-preview:-1"},"canonical":"https:\/\/www.legislapp.com.br\/index.php\/cam-legislativa-de-pe-pl-2904-2025-2\/","og_locale":"pt_BR","og_type":"article","og_title":"PL 2904\/2025 - Gilmar Junior - Legislapp","og_description":"C\u00e2m. Legislativa de PE &#8211; Autoria de Gilmar Junior A presente proposta visa a implementa\u00e7\u00e3o de uma medida importante para assegurar ainda mais prote\u00e7\u00e3o aos consumidores, especialmente em situa\u00e7\u00f5es envolvendo a arremata\u00e7\u00e3o de bens automotores em leil\u00f5es. \u00a0\u00a0\u00a0\u00a0\u00a0A arremata\u00e7\u00e3o de bens, particularmente ve\u00edculos automotores, em leil\u00f5es, \u00e9 uma pr\u00e1tica cada vez mais comum no mercado [&hellip;]","og_url":"https:\/\/www.legislapp.com.br\/index.php\/cam-legislativa-de-pe-pl-2904-2025-2\/","og_site_name":"Legislapp","article_publisher":"https:\/\/www.instagram.com\/legislapp\/","og_image":[{"url":"https:\/\/www.alepe.pe.gov.br\/\/wp-content\/uploads\/2023\/02\/GILMAR-JUNIOR-scaled-e1675859139299.jpg","type":"","width":"","height":""}],"twitter_card":"summary_large_image","twitter_misc":{"Est. tempo de leitura":"3 minutos"},"schema":{"@context":"https:\/\/schema.org","@graph":[{"@type":"WebPage","@id":"https:\/\/www.legislapp.com.br\/index.php\/cam-legislativa-de-pe-pl-2904-2025-2\/","url":"https:\/\/www.legislapp.com.br\/index.php\/cam-legislativa-de-pe-pl-2904-2025-2\/","name":"PL 2904\/2025 - Gilmar Junior - Legislapp","isPartOf":{"@id":"https:\/\/www.legislapp.com.br\/#website"},"primaryImageOfPage":{"@id":"https:\/\/www.legislapp.com.br\/index.php\/cam-legislativa-de-pe-pl-2904-2025-2\/#primaryimage"},"image":{"@id":"https:\/\/www.legislapp.com.br\/index.php\/cam-legislativa-de-pe-pl-2904-2025-2\/#primaryimage"},"thumbnailUrl":"https:\/\/www.alepe.pe.gov.br\/\/wp-content\/uploads\/2023\/02\/GILMAR-JUNIOR-scaled-e1675859139299.jpg","datePublished":"2025-09-17T16:53:33+00:00","breadcrumb":{"@id":"https:\/\/www.legislapp.com.br\/index.php\/cam-legislativa-de-pe-pl-2904-2025-2\/#breadcrumb"},"inLanguage":"pt-BR","potentialAction":[{"@type":"ReadAction","target":["https:\/\/www.legislapp.com.br\/index.php\/cam-legislativa-de-pe-pl-2904-2025-2\/"]}]},{"@type":"ImageObject","inLanguage":"pt-BR","@id":"https:\/\/www.legislapp.com.br\/index.php\/cam-legislativa-de-pe-pl-2904-2025-2\/#primaryimage","url":"https:\/\/www.alepe.pe.gov.br\/\/wp-content\/uploads\/2023\/02\/GILMAR-JUNIOR-scaled-e1675859139299.jpg","contentUrl":"https:\/\/www.alepe.pe.gov.br\/\/wp-content\/uploads\/2023\/02\/GILMAR-JUNIOR-scaled-e1675859139299.jpg"},{"@type":"BreadcrumbList","@id":"https:\/\/www.legislapp.com.br\/index.php\/cam-legislativa-de-pe-pl-2904-2025-2\/#breadcrumb","itemListElement":[{"@type":"ListItem","position":1,"name":"In\u00edcio","item":"https:\/\/www.legislapp.com.br\/"},{"@type":"ListItem","position":2,"name":"PL 2904\/2025 &#8211; Gilmar Junior"}]},{"@type":"WebSite","@id":"https:\/\/www.legislapp.com.br\/#website","url":"https:\/\/www.legislapp.com.br\/","name":"Legislapp","description":"Intelig\u00eancia governamental em tempo real","publisher":{"@id":"https:\/\/www.legislapp.com.br\/#organization"},"potentialAction":[{"@type":"SearchAction","target":{"@type":"EntryPoint","urlTemplate":"https:\/\/www.legislapp.com.br\/?s={search_term_string}"},"query-input":{"@type":"PropertyValueSpecification","valueRequired":true,"valueName":"search_term_string"}}],"inLanguage":"pt-BR"},{"@type":"Organization","@id":"https:\/\/www.legislapp.com.br\/#organization","name":"Legislapp Monitoramento e Intelig\u00eancia Governamental","url":"https:\/\/www.legislapp.com.br\/","logo":{"@type":"ImageObject","inLanguage":"pt-BR","@id":"https:\/\/www.legislapp.com.br\/#\/schema\/logo\/image\/","url":"https:\/\/www.legislapp.com.br\/wp-content\/uploads\/icon.png","contentUrl":"https:\/\/www.legislapp.com.br\/wp-content\/uploads\/icon.png","width":1024,"height":1024,"caption":"Legislapp Monitoramento e Intelig\u00eancia Governamental"},"image":{"@id":"https:\/\/www.legislapp.com.br\/#\/schema\/logo\/image\/"},"sameAs":["https:\/\/www.instagram.com\/legislapp\/"]}]}},"_links":{"self":[{"href":"https:\/\/www.legislapp.com.br\/index.php\/wp-json\/wp\/v2\/pages\/7844","targetHints":{"allow":["GET"]}}],"collection":[{"href":"https:\/\/www.legislapp.com.br\/index.php\/wp-json\/wp\/v2\/pages"}],"about":[{"href":"https:\/\/www.legislapp.com.br\/index.php\/wp-json\/wp\/v2\/types\/page"}],"author":[{"embeddable":true,"href":"https:\/\/www.legislapp.com.br\/index.php\/wp-json\/wp\/v2\/users\/1"}],"replies":[{"embeddable":true,"href":"https:\/\/www.legislapp.com.br\/index.php\/wp-json\/wp\/v2\/comments?post=7844"}],"version-history":[{"count":0,"href":"https:\/\/www.legislapp.com.br\/index.php\/wp-json\/wp\/v2\/pages\/7844\/revisions"}],"wp:attachment":[{"href":"https:\/\/www.legislapp.com.br\/index.php\/wp-json\/wp\/v2\/media?parent=7844"}],"curies":[{"name":"wp","href":"https:\/\/api.w.org\/{rel}","templated":true}]}}