{"id":7848,"date":"2025-09-17T13:53:45","date_gmt":"2025-09-17T16:53:45","guid":{"rendered":"https:\/\/www.legislapp.com.br\/index.php\/cam-legislativa-de-pe-pl-2901-2025\/"},"modified":"2025-09-17T13:53:45","modified_gmt":"2025-09-17T16:53:45","slug":"cam-legislativa-de-pe-pl-2901-2025","status":"publish","type":"page","link":"https:\/\/www.legislapp.com.br\/index.php\/cam-legislativa-de-pe-pl-2901-2025\/","title":{"rendered":"PL 2901\/2025 &#8211; Jo\u00e3o Paulo Costa"},"content":{"rendered":"<h1 style='text-align: center;'>C\u00e2m. Legislativa de PE &#8211; Autoria de Jo\u00e3o Paulo Costa<br \/><img src='https:\/\/www.alepe.pe.gov.br\/\/wp-content\/uploads\/2019\/02\/JOAO-PAULO-DA-COSTA-scaled-e1675860456891.jpg' alt='Jo\u00e3o Paulo Costa' \/><\/h3>\n<p><\/p>\n<article style='text-align: center'>A insufici\u00eancia renal cr\u00f4nica \u00e9 uma condi\u00e7\u00e3o que exige tratamentos frequentes, especialmente por meio da hemodi\u00e1lise, que deve ser realizada, em m\u00e9dia, tr\u00eas vezes por semana. O deslocamento excessivo para o tratamento, especialmente em dist\u00e2ncias superiores a 40 km, representa um fardo f\u00edsico, psicol\u00f3gico e financeiro para os pacientes e seus familiares, comprometendo diretamente a ades\u00e3o ao tratamento e a qualidade de vida do paciente.<\/p>\n<p>De acordo com dados da Sociedade Brasileira de Nefrologia, os pacientes que enfrentam longos deslocamentos tendem a apresentar maior taxa de absente\u00edsmo, complica\u00e7\u00f5es cl\u00ednicas e queda na expectativa de vida. Al\u00e9m disso, o pr\u00f3prio Minist\u00e9rio da Sa\u00fade, por meio de suas diretrizes, recomenda a regionaliza\u00e7\u00e3o do atendimento \u00e0 sa\u00fade como forma de garantir maior equidade no acesso.<\/p>\n<p>A presente proposta visa assegurar o direito \u00e0 sa\u00fade de maneira digna e eficiente, determinando que os pacientes tenham garantido o atendimento dentro de um raio de 40 km de sua resid\u00eancia, salvo em caso de absoluta impossibilidade. A medida busca ainda fomentar a celebra\u00e7\u00e3o de conv\u00eanios com cl\u00ednicas regionais, fortalecendo o sistema de sa\u00fade e a aten\u00e7\u00e3o b\u00e1sica nos munic\u00edpios do interior do Estado.<\/article>\n<p><\/p>\n<p style='text-align: center'><a href='https:\/\/app.legislapp.com.br\/#\/busca?termo='><\/a><\/p>\n<p><\/p>\n<article>\u00a0\u00a0\u00a0\u00a0\u00a0Art. 1\u00ba A Lei n\u00ba 18.790, de 30 de dezembro de 2024, passa a vigorar com a seguinte reda\u00e7\u00e3o:<\/p>\n<p>\u201cArt. 3\u00ba-A. Fica vedado ao Poder P\u00fablico estadual direcionar pacientes diagnosticados com insufici\u00eancia renal cr\u00f4nica a unidades de tratamento de hemodi\u00e1lise localizadas a mais de 40 (quarenta) quil\u00f4metros de dist\u00e2ncia da resid\u00eancia do paciente, salvo nas hip\u00f3teses em que n\u00e3o houver disponibilidade t\u00e9cnica ou contratual em cl\u00ednicas conveniadas dentro do raio previsto.\u00a0(AC)<\/p>\n<p>\u00a7 1\u00ba Para fins de cumprimento do caput, o Poder Executivo dever\u00e1 envidar esfor\u00e7os para celebrar conv\u00eanios ou contratos com cl\u00ednicas especializadas em munic\u00edpios mais pr\u00f3ximos \u00e0 resid\u00eancia do paciente.\u00a0(AC)<\/p>\n<p>\u00a7 2\u00ba Nos casos excepcionais de inexist\u00eancia de unidade conveniada no raio previsto no caput, o Estado dever\u00e1 providenciar o transporte sanit\u00e1rio adequado, cont\u00ednuo e humanizado, garantindo a integridade f\u00edsica e emocional do paciente.\u00a0(AC)<\/p>\n<p>\u00a7 3\u00ba A veda\u00e7\u00e3o prevista no caput aplica-se a novos e antigos pacientes, a partir de 90 (noventa) dias da publica\u00e7\u00e3o desta Lei, prazo no qual o Estado dever\u00e1 se adequar \u00e0 presente norma.\u00a0(AC)<\/p>\n<p>\u00a7 4\u00ba\u00a0O descumprimento do disposto nesta Lei sujeitar\u00e1 o ente p\u00fablico \u00e0s san\u00e7\u00f5es administrativas cab\u00edveis, sem preju\u00edzo da responsabiliza\u00e7\u00e3o por eventuais danos \u00e0 sa\u00fade dos pacientes.&#8221; (AC)<\/p>\n<p>\u00a0\u00a0\u00a0\u00a0\u00a0Art. 2\u00ba Esta Lei entra em vigor na data de sua publica\u00e7\u00e3o.<\/article>\n<div style=\"text-align: center\">\n<div style=\"margin-bottom: 20px;\" class=\"et_pb_button_module_wrapper et_pb_button_5_tb_body_wrapper et_pb_button_alignment_center et_pb_module \">\n         <a class=\"et_pb_button et_pb_button_5_tb_body et_hover_enabled et_pb_bg_layout_dark\" style=\"width: 50%;background-color: black;\" href=\"https:\/\/app.legislapp.com.br\" target=\"_blank\" rel=\"noopener\">Visualizar completo na nossa plataforma (30 dias gr\u00e1tis)<\/a><\/p><\/div>\n<p>      <a href=\"https:\/\/play.google.com\/store\/apps\/details?id=br.com.legislapp\"><img decoding=\"async\" style=\"width: 15%; min-width: 130px;\" src=\"https:\/\/www.legislapp.com.br\/wp-content\/uploads\/google-play.png\"><\/a><br \/>\n      <a href=\"https:\/\/apps.apple.com\/us\/app\/legislapp\/id1568929859\"><img decoding=\"async\" style=\"width: 15%; min-width: 130px\" src=\"https:\/\/www.legislapp.com.br\/wp-content\/uploads\/apple-store.png\"><\/a>\n   <\/div>\n","protected":false},"excerpt":{"rendered":"<p>C\u00e2m. Legislativa de PE &#8211; Autoria de Jo\u00e3o Paulo Costa A insufici\u00eancia renal cr\u00f4nica \u00e9 uma condi\u00e7\u00e3o que exige tratamentos frequentes, especialmente por meio da hemodi\u00e1lise, que deve ser realizada, em m\u00e9dia, tr\u00eas vezes por semana. O deslocamento excessivo para o tratamento, especialmente em dist\u00e2ncias superiores a 40 km, representa um fardo f\u00edsico, psicol\u00f3gico e [&hellip;]<\/p>\n","protected":false},"author":1,"featured_media":0,"parent":0,"menu_order":0,"comment_status":"closed","ping_status":"closed","template":"page-template-blank.php","meta":{"_et_pb_use_builder":"","_et_pb_old_content":"","_et_gb_content_width":"1080","ngg_post_thumbnail":0,"footnotes":""},"class_list":["post-7848","page","type-page","status-publish","hentry"],"yoast_head":"<!-- This site is optimized with the Yoast SEO plugin v24.4 - https:\/\/yoast.com\/wordpress\/plugins\/seo\/ -->\n<title>PL 2901\/2025 - Jo\u00e3o Paulo Costa - Legislapp<\/title>\n<meta name=\"robots\" content=\"index, follow, max-snippet:-1, max-image-preview:large, max-video-preview:-1\" \/>\n<link rel=\"canonical\" href=\"https:\/\/www.legislapp.com.br\/index.php\/cam-legislativa-de-pe-pl-2901-2025\/\" \/>\n<meta property=\"og:locale\" content=\"pt_BR\" \/>\n<meta property=\"og:type\" content=\"article\" \/>\n<meta property=\"og:title\" content=\"PL 2901\/2025 - Jo\u00e3o Paulo Costa - Legislapp\" \/>\n<meta property=\"og:description\" content=\"C\u00e2m. Legislativa de PE &#8211; Autoria de Jo\u00e3o Paulo Costa A insufici\u00eancia renal cr\u00f4nica \u00e9 uma condi\u00e7\u00e3o que exige tratamentos frequentes, especialmente por meio da hemodi\u00e1lise, que deve ser realizada, em m\u00e9dia, tr\u00eas vezes por semana. O deslocamento excessivo para o tratamento, especialmente em dist\u00e2ncias superiores a 40 km, representa um fardo f\u00edsico, psicol\u00f3gico e [&hellip;]\" \/>\n<meta property=\"og:url\" content=\"https:\/\/www.legislapp.com.br\/index.php\/cam-legislativa-de-pe-pl-2901-2025\/\" \/>\n<meta property=\"og:site_name\" content=\"Legislapp\" \/>\n<meta property=\"article:publisher\" content=\"https:\/\/www.instagram.com\/legislapp\/\" \/>\n<meta property=\"og:image\" content=\"https:\/\/www.alepe.pe.gov.br\/\/wp-content\/uploads\/2019\/02\/JOAO-PAULO-DA-COSTA-scaled-e1675860456891.jpg\" \/>\n<meta name=\"twitter:card\" content=\"summary_large_image\" \/>\n<meta name=\"twitter:label1\" content=\"Est. tempo de leitura\" \/>\n\t<meta name=\"twitter:data1\" content=\"2 minutos\" \/>\n<script type=\"application\/ld+json\" class=\"yoast-schema-graph\">{\"@context\":\"https:\/\/schema.org\",\"@graph\":[{\"@type\":\"WebPage\",\"@id\":\"https:\/\/www.legislapp.com.br\/index.php\/cam-legislativa-de-pe-pl-2901-2025\/\",\"url\":\"https:\/\/www.legislapp.com.br\/index.php\/cam-legislativa-de-pe-pl-2901-2025\/\",\"name\":\"PL 2901\/2025 - Jo\u00e3o Paulo Costa - Legislapp\",\"isPartOf\":{\"@id\":\"https:\/\/www.legislapp.com.br\/#website\"},\"primaryImageOfPage\":{\"@id\":\"https:\/\/www.legislapp.com.br\/index.php\/cam-legislativa-de-pe-pl-2901-2025\/#primaryimage\"},\"image\":{\"@id\":\"https:\/\/www.legislapp.com.br\/index.php\/cam-legislativa-de-pe-pl-2901-2025\/#primaryimage\"},\"thumbnailUrl\":\"https:\/\/www.alepe.pe.gov.br\/\/wp-content\/uploads\/2019\/02\/JOAO-PAULO-DA-COSTA-scaled-e1675860456891.jpg\",\"datePublished\":\"2025-09-17T16:53:45+00:00\",\"breadcrumb\":{\"@id\":\"https:\/\/www.legislapp.com.br\/index.php\/cam-legislativa-de-pe-pl-2901-2025\/#breadcrumb\"},\"inLanguage\":\"pt-BR\",\"potentialAction\":[{\"@type\":\"ReadAction\",\"target\":[\"https:\/\/www.legislapp.com.br\/index.php\/cam-legislativa-de-pe-pl-2901-2025\/\"]}]},{\"@type\":\"ImageObject\",\"inLanguage\":\"pt-BR\",\"@id\":\"https:\/\/www.legislapp.com.br\/index.php\/cam-legislativa-de-pe-pl-2901-2025\/#primaryimage\",\"url\":\"https:\/\/www.alepe.pe.gov.br\/\/wp-content\/uploads\/2019\/02\/JOAO-PAULO-DA-COSTA-scaled-e1675860456891.jpg\",\"contentUrl\":\"https:\/\/www.alepe.pe.gov.br\/\/wp-content\/uploads\/2019\/02\/JOAO-PAULO-DA-COSTA-scaled-e1675860456891.jpg\"},{\"@type\":\"BreadcrumbList\",\"@id\":\"https:\/\/www.legislapp.com.br\/index.php\/cam-legislativa-de-pe-pl-2901-2025\/#breadcrumb\",\"itemListElement\":[{\"@type\":\"ListItem\",\"position\":1,\"name\":\"In\u00edcio\",\"item\":\"https:\/\/www.legislapp.com.br\/\"},{\"@type\":\"ListItem\",\"position\":2,\"name\":\"PL 2901\/2025 &#8211; Jo\u00e3o Paulo Costa\"}]},{\"@type\":\"WebSite\",\"@id\":\"https:\/\/www.legislapp.com.br\/#website\",\"url\":\"https:\/\/www.legislapp.com.br\/\",\"name\":\"Legislapp\",\"description\":\"Intelig\u00eancia governamental em tempo real\",\"publisher\":{\"@id\":\"https:\/\/www.legislapp.com.br\/#organization\"},\"potentialAction\":[{\"@type\":\"SearchAction\",\"target\":{\"@type\":\"EntryPoint\",\"urlTemplate\":\"https:\/\/www.legislapp.com.br\/?s={search_term_string}\"},\"query-input\":{\"@type\":\"PropertyValueSpecification\",\"valueRequired\":true,\"valueName\":\"search_term_string\"}}],\"inLanguage\":\"pt-BR\"},{\"@type\":\"Organization\",\"@id\":\"https:\/\/www.legislapp.com.br\/#organization\",\"name\":\"Legislapp Monitoramento e Intelig\u00eancia Governamental\",\"url\":\"https:\/\/www.legislapp.com.br\/\",\"logo\":{\"@type\":\"ImageObject\",\"inLanguage\":\"pt-BR\",\"@id\":\"https:\/\/www.legislapp.com.br\/#\/schema\/logo\/image\/\",\"url\":\"https:\/\/www.legislapp.com.br\/wp-content\/uploads\/icon.png\",\"contentUrl\":\"https:\/\/www.legislapp.com.br\/wp-content\/uploads\/icon.png\",\"width\":1024,\"height\":1024,\"caption\":\"Legislapp Monitoramento e Intelig\u00eancia Governamental\"},\"image\":{\"@id\":\"https:\/\/www.legislapp.com.br\/#\/schema\/logo\/image\/\"},\"sameAs\":[\"https:\/\/www.instagram.com\/legislapp\/\"]}]}<\/script>\n<!-- \/ Yoast SEO plugin. -->","yoast_head_json":{"title":"PL 2901\/2025 - Jo\u00e3o Paulo Costa - Legislapp","robots":{"index":"index","follow":"follow","max-snippet":"max-snippet:-1","max-image-preview":"max-image-preview:large","max-video-preview":"max-video-preview:-1"},"canonical":"https:\/\/www.legislapp.com.br\/index.php\/cam-legislativa-de-pe-pl-2901-2025\/","og_locale":"pt_BR","og_type":"article","og_title":"PL 2901\/2025 - Jo\u00e3o Paulo Costa - Legislapp","og_description":"C\u00e2m. Legislativa de PE &#8211; Autoria de Jo\u00e3o Paulo Costa A insufici\u00eancia renal cr\u00f4nica \u00e9 uma condi\u00e7\u00e3o que exige tratamentos frequentes, especialmente por meio da hemodi\u00e1lise, que deve ser realizada, em m\u00e9dia, tr\u00eas vezes por semana. O deslocamento excessivo para o tratamento, especialmente em dist\u00e2ncias superiores a 40 km, representa um fardo f\u00edsico, psicol\u00f3gico e [&hellip;]","og_url":"https:\/\/www.legislapp.com.br\/index.php\/cam-legislativa-de-pe-pl-2901-2025\/","og_site_name":"Legislapp","article_publisher":"https:\/\/www.instagram.com\/legislapp\/","og_image":[{"url":"https:\/\/www.alepe.pe.gov.br\/\/wp-content\/uploads\/2019\/02\/JOAO-PAULO-DA-COSTA-scaled-e1675860456891.jpg","type":"","width":"","height":""}],"twitter_card":"summary_large_image","twitter_misc":{"Est. tempo de leitura":"2 minutos"},"schema":{"@context":"https:\/\/schema.org","@graph":[{"@type":"WebPage","@id":"https:\/\/www.legislapp.com.br\/index.php\/cam-legislativa-de-pe-pl-2901-2025\/","url":"https:\/\/www.legislapp.com.br\/index.php\/cam-legislativa-de-pe-pl-2901-2025\/","name":"PL 2901\/2025 - Jo\u00e3o Paulo Costa - Legislapp","isPartOf":{"@id":"https:\/\/www.legislapp.com.br\/#website"},"primaryImageOfPage":{"@id":"https:\/\/www.legislapp.com.br\/index.php\/cam-legislativa-de-pe-pl-2901-2025\/#primaryimage"},"image":{"@id":"https:\/\/www.legislapp.com.br\/index.php\/cam-legislativa-de-pe-pl-2901-2025\/#primaryimage"},"thumbnailUrl":"https:\/\/www.alepe.pe.gov.br\/\/wp-content\/uploads\/2019\/02\/JOAO-PAULO-DA-COSTA-scaled-e1675860456891.jpg","datePublished":"2025-09-17T16:53:45+00:00","breadcrumb":{"@id":"https:\/\/www.legislapp.com.br\/index.php\/cam-legislativa-de-pe-pl-2901-2025\/#breadcrumb"},"inLanguage":"pt-BR","potentialAction":[{"@type":"ReadAction","target":["https:\/\/www.legislapp.com.br\/index.php\/cam-legislativa-de-pe-pl-2901-2025\/"]}]},{"@type":"ImageObject","inLanguage":"pt-BR","@id":"https:\/\/www.legislapp.com.br\/index.php\/cam-legislativa-de-pe-pl-2901-2025\/#primaryimage","url":"https:\/\/www.alepe.pe.gov.br\/\/wp-content\/uploads\/2019\/02\/JOAO-PAULO-DA-COSTA-scaled-e1675860456891.jpg","contentUrl":"https:\/\/www.alepe.pe.gov.br\/\/wp-content\/uploads\/2019\/02\/JOAO-PAULO-DA-COSTA-scaled-e1675860456891.jpg"},{"@type":"BreadcrumbList","@id":"https:\/\/www.legislapp.com.br\/index.php\/cam-legislativa-de-pe-pl-2901-2025\/#breadcrumb","itemListElement":[{"@type":"ListItem","position":1,"name":"In\u00edcio","item":"https:\/\/www.legislapp.com.br\/"},{"@type":"ListItem","position":2,"name":"PL 2901\/2025 &#8211; Jo\u00e3o Paulo Costa"}]},{"@type":"WebSite","@id":"https:\/\/www.legislapp.com.br\/#website","url":"https:\/\/www.legislapp.com.br\/","name":"Legislapp","description":"Intelig\u00eancia governamental em tempo real","publisher":{"@id":"https:\/\/www.legislapp.com.br\/#organization"},"potentialAction":[{"@type":"SearchAction","target":{"@type":"EntryPoint","urlTemplate":"https:\/\/www.legislapp.com.br\/?s={search_term_string}"},"query-input":{"@type":"PropertyValueSpecification","valueRequired":true,"valueName":"search_term_string"}}],"inLanguage":"pt-BR"},{"@type":"Organization","@id":"https:\/\/www.legislapp.com.br\/#organization","name":"Legislapp Monitoramento e Intelig\u00eancia Governamental","url":"https:\/\/www.legislapp.com.br\/","logo":{"@type":"ImageObject","inLanguage":"pt-BR","@id":"https:\/\/www.legislapp.com.br\/#\/schema\/logo\/image\/","url":"https:\/\/www.legislapp.com.br\/wp-content\/uploads\/icon.png","contentUrl":"https:\/\/www.legislapp.com.br\/wp-content\/uploads\/icon.png","width":1024,"height":1024,"caption":"Legislapp Monitoramento e Intelig\u00eancia Governamental"},"image":{"@id":"https:\/\/www.legislapp.com.br\/#\/schema\/logo\/image\/"},"sameAs":["https:\/\/www.instagram.com\/legislapp\/"]}]}},"_links":{"self":[{"href":"https:\/\/www.legislapp.com.br\/index.php\/wp-json\/wp\/v2\/pages\/7848","targetHints":{"allow":["GET"]}}],"collection":[{"href":"https:\/\/www.legislapp.com.br\/index.php\/wp-json\/wp\/v2\/pages"}],"about":[{"href":"https:\/\/www.legislapp.com.br\/index.php\/wp-json\/wp\/v2\/types\/page"}],"author":[{"embeddable":true,"href":"https:\/\/www.legislapp.com.br\/index.php\/wp-json\/wp\/v2\/users\/1"}],"replies":[{"embeddable":true,"href":"https:\/\/www.legislapp.com.br\/index.php\/wp-json\/wp\/v2\/comments?post=7848"}],"version-history":[{"count":0,"href":"https:\/\/www.legislapp.com.br\/index.php\/wp-json\/wp\/v2\/pages\/7848\/revisions"}],"wp:attachment":[{"href":"https:\/\/www.legislapp.com.br\/index.php\/wp-json\/wp\/v2\/media?parent=7848"}],"curies":[{"name":"wp","href":"https:\/\/api.w.org\/{rel}","templated":true}]}}