{"id":7851,"date":"2025-09-17T13:53:55","date_gmt":"2025-09-17T16:53:55","guid":{"rendered":"https:\/\/www.legislapp.com.br\/index.php\/cam-legislativa-de-sc-pl-0249-2025\/"},"modified":"2025-09-17T13:53:55","modified_gmt":"2025-09-17T16:53:55","slug":"cam-legislativa-de-sc-pl-0249-2025","status":"publish","type":"page","link":"https:\/\/www.legislapp.com.br\/index.php\/cam-legislativa-de-sc-pl-0249-2025\/","title":{"rendered":"PL.\/0249\/2025 &#8211; Comiss\u00e3o de Assuntos Municipais"},"content":{"rendered":"<h1 style='text-align: center;'>C\u00e2m. Legislativa de SC &#8211; Autoria de Comiss\u00e3o de Assuntos Municipais<\/h3>\n<p><\/p>\n<article style='text-align: center'>Disp\u00f5e sobre a corre\u00e7\u00e3o dos memoriais descritivos e mapas que estabelecem as divisas intermunicipais do Estado de Santa Catarina, consolidadas pela Lei n\u00ba 13.993, de 2007.<\/article>\n<p><\/p>\n<p style='text-align: center'><a href='https:\/\/app.legislapp.com.br\/#\/busca?termo='><\/a><\/p>\n<p><\/p>\n<article>ASSEMBLEIA LEGISLATIVA GABINETE DEPUTADO<br \/>\nESTADO DE SANTA CATARINA TIAGO ZILLI<\/p>\n<p>PROJETO DE LEI<\/p>\n<p>Disp\u00f5e sobre a corre\u00e7\u00e3o dos memoriais descritivos e mapas<br \/>\nque estabelecem as divisas intermunicipais do Estado de<br \/>\nSanta Catarina, consolidadas pela Lei n\u00ba 13.993, de 2007.<\/p>\n<p>Art. 1\u00ba A corre\u00e7\u00e3o dos memoriais descritivos e mapas que estabelecem as divisas<br \/>\nintermunicipais do Estado de Santa Catarina, consolidadas pela Lei n\u00ba 13.993, de 20 de<br \/>\nmar\u00e7o de 2007, se dar\u00e1 na forma desta Lei.<\/p>\n<p>Art. 2\u00ba A corre\u00e7\u00e3o dos memoriais descritivos e mapas que estabelecem as divisas<br \/>\nintermunicipais do Estado de Santa Catarina fica condicionada \u00e0 concord\u00e2ncia dos<br \/>\nentes municipais confrontantes, da qual decorra a edi\u00e7\u00e3o de leis municipais<br \/>\nautorizadoras da altera\u00e7\u00e3o.<\/p>\n<p>Arte. 3\u00ba A solicita\u00e7\u00e3o de corre\u00e7\u00e3o ser\u00e1 apresentada \u00e0 Comiss\u00e3o de Assuntos<br \/>\nMunicipais da Assembleia Legislativa do Estado de Santa Catarina e dever\u00e1 ser<br \/>\nacompanhada da seguinte documenta\u00e7\u00e3o:<\/p>\n<p>I-leis autorizando o Poder Executivo dos munic\u00edpios confrontantes a encaminhar a<br \/>\ncorre\u00e7\u00e3o de seus limites;<\/p>\n<p>II- relat\u00f3rio t\u00e9cnico com os impactos socioecon\u00f4micos relacionados \u00e0 corre\u00e7\u00e3o<br \/>\npretendida;<\/p>\n<p>III &#8211; mapa da proposta de limite, elaborado com base nos insumos cartogr\u00e1ficos oficiais<br \/>\ndo Estado, mais atuais, com precis\u00e3o igual ou melhor que 1:10.000, elaborado no<br \/>\nSistema de Refer\u00eancia Geoc\u00eantrico para as Am\u00e9ricas (SIRGAS2000) e no Sistema de<br \/>\nProje\u00e7\u00e3o Universal Transversa de Mercator (UTM), contendo tamb\u00e9m coordenadas<br \/>\ngeod\u00e9sicas;<\/p>\n<p>IV &#8211; memorial descritivo do limite proposto contendo as seguintes<\/p>\n<p>a) reda\u00e7\u00e3o clara, precisa e concisa, contemplando todos os elementos que comp\u00f5em o<br \/>\nlimite proposto, de forma a n\u00e3o deixar margem a d\u00favidas ou m\u00faltiplas interpreta\u00e7\u00f5es;<\/p>\n<p>b) linguagem t\u00e9cnica apropriada levando em considera\u00e7\u00e3o a correta representa\u00e7\u00e3o<br \/>\ncartogr\u00e1fica do limite, indicando os principais v\u00e9rtices, como marco de limite, que<br \/>\ncaracterizem o formato do limite proposto, iniciando a descri\u00e7\u00e3o a partir do ponto mais<br \/>\nocidental da confronta\u00e7\u00e3o norte, seguido pela descri\u00e7\u00e3o das confronta\u00e7\u00f5es leste, sul e<br \/>\noeste,<\/p>\n<p>c) utiliza\u00e7\u00e3o, na descri\u00e7\u00e3o do limite proposto, de coordenadas planas (UTM), onde cada<br \/>\ncoordenada seja apresentada com tr\u00eas casas decimais, mesmo que os \u00faltimos d\u00edgitos<br \/>\nsejam zeros; e<\/p>\n<p>d) justificativa do erro contido na reda\u00e7\u00e3o da lei, quando da cria\u00e7\u00e3o do munic\u00edpio ou dos<br \/>\nmunic\u00edpios que ter\u00e3o os limites corrigidos, bem como nas subsequentes altera\u00e7\u00f5es<br \/>\nlegais, acompanhada de documenta\u00e7\u00e3o comprobat\u00f3ria, quando necess\u00e1ria, e<\/p>\n<p>V &#8211; abaixo-assinado de mais de 50% (cinquenta por cento) dos moradores da \u00e1rea a<br \/>\nser retificada, contendo nome leg\u00edvel, n\u00famero de registro (RG) e assinatura, solicitando<br \/>\na corre\u00e7\u00e3o do limite.<br \/>\n \u00a7 1\u00ba O mapa da \u00e1rea a ser alterado e o memorial descritivo de que tratam os incisos III<br \/>\ne IV deste artigo, dever\u00e3o ser assinados pelo respons\u00e1vel t\u00e9cnico, constando o n\u00famero<br \/>\nde registro do profissional.<\/p>\n<p>\u00a7 2\u00ba A Diretoria de Desenvolvimento Territorial, vinculada \u00e0 Secretaria de Estado do<br \/>\nPlanejamento, definir\u00e1 a especifica\u00e7\u00e3o t\u00e9cnica para a produ\u00e7\u00e3o dos dados, mapas e<br \/>\nmemorial descritivo obrigat\u00f3rios, na forma a ser definida em decreto do Governador do<br \/>\nEstado.<\/p>\n<p>Arte. 4\u00b0 Os munic\u00edpios confrontantes dever\u00e3o apresentar uma solicita\u00e7\u00e3o de que trata o<br \/>\nart. 3\u00ba de forma conjunta \u00e0 Comiss\u00e3o de Assuntos Municipais, que, por sua vez, n\u00e3o<br \/>\nconhecer\u00e1 exporta\u00e7\u00f5es unilaterais.<\/p>\n<p>Art. 5\u00ba A Comiss\u00e3o de Assuntos Municipais, na forma do Regimento Interno da<br \/>\nAssembleia Legislativa do Estado de Santa Catarina, analisar\u00e1 a mat\u00e9ria e decidir\u00e1<br \/>\npelo acolhimento ou n\u00e3o da solicita\u00e7\u00e3o e, em caso afirmativo, pela apresenta\u00e7\u00e3o de<br \/>\nprojeto de lei de sua autoria, alterando a Lei n\u00ba 13.993, de 2007.<\/p>\n<p>Par\u00e1grafo \u00fanico. A Comiss\u00e3o de Assuntos Municipais, para fundamentar a decis\u00e3o de<br \/>\nque trata o caput deste artigo, encaminhar\u00e1 a documenta\u00e7\u00e3o em dilig\u00eancia \u00e0 Secretaria<br \/>\nde Estado do Planejamento, para que a Diretoria de Desenvolvimento Territorial exare<br \/>\nparecer.<\/p>\n<p>Art. 6\u00b0 Esta Lei entra em vigor na data de sua publica\u00e7\u00e3o<\/p>\n<p>Sala da Sess\u00f5es,     <\/p>\n<p>Deputado Tiago Zilli<br \/>\n J US T I F I CA\u00c7\u00c3O<\/p>\n<p>O presente Projeto de Lei tem como objetivo definir o procedimento para corrigir e<br \/>\naprimorar a delimita\u00e7\u00e3o dos limites intermunicipais do Estado de Santa Catarina,<br \/>\nprevistos na Lei n\u00ba 13.993, de 20 de mar\u00e7o de 2007.<\/p>\n<p>Desde a publica\u00e7\u00e3o da referida Lei, o Estado passou por transforma\u00e7\u00f5es<br \/>\nsocioespaciais e din\u00e2micas territoriais, tornando necess\u00e1ria a revis\u00e3o e atualiza\u00e7\u00e3o dos<br \/>\ndados geogr\u00e1ficos e legais que definem e representam os limites municipais, em<br \/>\nespecial definindo a forma dessa corre\u00e7\u00e3o\/revis\u00e3o.<\/p>\n<p>A moderniza\u00e7\u00e3o da descri\u00e7\u00e3o e representa\u00e7\u00e3o cartogr\u00e1fica dos limites intermunicipais \u00e9<br \/>\nfundamental para a administra\u00e7\u00e3o p\u00fablica, planejamento urbano e rural e garantia de<br \/>\ndireitos b\u00e1sicos dos cidad\u00e3os.<\/p>\n<p>Salienta-se que a necessidade de revis\u00e3o e corre\u00e7\u00e3o se justifica por conta dos avan\u00e7os<br \/>\ntecnol\u00f3gicos, permitindo o levantamento, a descri\u00e7\u00e3o e a representa\u00e7\u00e3o dos limites<br \/>\nmunicipais com mais precis\u00e3o, eliminando incertezas posicionais e, consequentemente,<br \/>\ngarantindo mais seguran\u00e7a jur\u00eddica. A moderniza\u00e7\u00e3o dos memoriais descritivos e<br \/>\nmapas contribui para a melhor defini\u00e7\u00e3o dos limites municipais, eliminando as<br \/>\nincertezas existentes.<\/p>\n<p>Al\u00e9m disso, fatores como a expans\u00e3o urbana, a constru\u00e7\u00e3o de novas infraestruturas e a<br \/>\nretifica\u00e7\u00e3o de cursos d&#8217;\u00e1gua alteraram a configura\u00e7\u00e3o original de diversos munic\u00edpios. A<br \/>\natualiza\u00e7\u00e3o dos dados geogr\u00e1ficos torna-se, portanto, imprescind\u00edvel para refletir a<br \/>\nrealidade territorial atual e evitar conflitos de jurisdi\u00e7\u00e3o entre entes municipais.<\/p>\n<p>A presente proposta tamb\u00e9m visa padronizar os memoriais descritivos em<br \/>\nconformidade com as normas e diretrizes estaduais e federais, garantindo a qualidade,<br \/>\na consist\u00eancia e a interoperabilidade das informa\u00e7\u00f5es geogr\u00e1ficas, facilitando seu<br \/>\nacesso e utiliza\u00e7\u00e3o tanto pelos \u00f3rg\u00e3os p\u00fablicos quanto pela sociedade em geral.<\/p>\n<p>\u00c9 importante, ainda, diferenciar a situa\u00e7\u00e3o tratada neste Projeto de Lei das hip\u00f3teses<br \/>\nde emancipa\u00e7\u00e3o, anexa\u00e7\u00e3o e desmembramento de munic\u00edpios, disciplinadas pelo \u00a7 4\u00ba<br \/>\ndo art. 18 da Constitui\u00e7\u00e3o Federal, cuja regulamenta\u00e7\u00e3o ainda est\u00e1 pendente no<br \/>\nCongresso Nacional<\/p>\n<p>No presente caso, trata-se exclusivamente da corre\u00e7\u00e3o de equ\u00edvocos envolvidos na<br \/>\ndelimita\u00e7\u00e3o dos limites municipais quando da elabora\u00e7\u00e3o da lei de cria\u00e7\u00e3o de<br \/>\ndeterminado munic\u00edpio. Esses erros, muitas vezes, resultam na divis\u00e3o de<br \/>\ncomunidades ao meio, gerando dificuldades na presta\u00e7\u00e3o de servi\u00e7os p\u00fablicos.<\/p>\n<p>J\u00e1 as emancipa\u00e7\u00f5es, anexa\u00e7\u00f5es e desmembramentos t\u00e9m por objetivo a cria\u00e7\u00e3o de um<br \/>\nnovo ente federativo ou a incorpora\u00e7\u00e3o de parte do territ\u00f3rio de um munic\u00edpio a outro.<br \/>\nPor outro lado, na corre\u00e7\u00e3o de limites, n\u00e3o h\u00e1 transfer\u00eancia de territ\u00f3rio, mas, sim, a<br \/>\nregulariza\u00e7\u00e3o de uma \u00e1rea que, de fato, sempre pertenceu a um determinado<br \/>\nmunic\u00edpio, necessitando apenas de adequa\u00e7\u00e3o jur\u00eddico-legal.<\/p>\n<p>Destaca-se, ainda, que a Secretaria de Estado do Planejamento (SEPLAN) est\u00e1<br \/>\nconduzindo um projeto de revis\u00e3o dos limites municipais, incluindo a elabora\u00e7\u00e3o de<br \/>\nmapas e memoriais descritivos atualizados, que ser\u00e3o necess\u00e1rios para corrigir e<br \/>\naprimorar a delimita\u00e7\u00e3o dos limites intermunicipais do Estado de Santa Catarina<br \/>\nprevistos na Lei n\u00ba 13.993, de 2007, garantindo maior precis\u00e3o e confiabilidade aos<br \/>\ndados geogr\u00e1ficos.<\/p>\n<p>Diante do exposto, a proposta busca promover a moderniza\u00e7\u00e3o e a forma de<br \/>\natualiza\u00e7\u00e3o dos limites intermunicipais do Estado de Santa Catarina, fortalecendo a<br \/>\nseguran\u00e7a jur\u00eddica, melhorando a efici\u00eancia da administra\u00e7\u00e3o p\u00fablica e a presta\u00e7\u00e3o de<br \/>\nservi\u00e7os \u00e0 popula\u00e7\u00e3o.ELEGIS<br \/>\nDocumento assinado eletronicamente por Napole\u00e3o Bernardes<br \/>\nSistema de Processo<br \/>\nNeto, em 12\/05\/2025, \u00e0s 17:10.<br \/>\nLegislativo Eletr\u00f4nico<br \/>\nELEGIS<br \/>\nDocumento assinado eletronicamente por Tiago Zilli, em<br \/>\nSistema de Processo<br \/>\n12\/05\/2025, \u00e0s 16:43.<br \/>\nLegislativo Eletr\u00f4nico<\/article>\n<div style=\"text-align: center\">\n<div style=\"margin-bottom: 20px;\" class=\"et_pb_button_module_wrapper et_pb_button_5_tb_body_wrapper et_pb_button_alignment_center et_pb_module \">\n         <a class=\"et_pb_button et_pb_button_5_tb_body et_hover_enabled et_pb_bg_layout_dark\" style=\"width: 50%;background-color: black;\" href=\"https:\/\/app.legislapp.com.br\" target=\"_blank\" rel=\"noopener\">Visualizar completo na nossa plataforma (30 dias gr\u00e1tis)<\/a><\/p><\/div>\n<p>      <a href=\"https:\/\/play.google.com\/store\/apps\/details?id=br.com.legislapp\"><img decoding=\"async\" style=\"width: 15%; min-width: 130px;\" src=\"https:\/\/www.legislapp.com.br\/wp-content\/uploads\/google-play.png\"><\/a><br \/>\n      <a href=\"https:\/\/apps.apple.com\/us\/app\/legislapp\/id1568929859\"><img decoding=\"async\" style=\"width: 15%; min-width: 130px\" src=\"https:\/\/www.legislapp.com.br\/wp-content\/uploads\/apple-store.png\"><\/a>\n   <\/div>\n","protected":false},"excerpt":{"rendered":"<p>C\u00e2m. Legislativa de SC &#8211; Autoria de Comiss\u00e3o de Assuntos Municipais Disp\u00f5e sobre a corre\u00e7\u00e3o dos memoriais descritivos e mapas que estabelecem as divisas intermunicipais do Estado de Santa Catarina, consolidadas pela Lei n\u00ba 13.993, de 2007. ASSEMBLEIA LEGISLATIVA GABINETE DEPUTADO ESTADO DE SANTA CATARINA TIAGO ZILLI PROJETO DE LEI Disp\u00f5e sobre a corre\u00e7\u00e3o dos [&hellip;]<\/p>\n","protected":false},"author":1,"featured_media":0,"parent":0,"menu_order":0,"comment_status":"closed","ping_status":"closed","template":"page-template-blank.php","meta":{"_et_pb_use_builder":"","_et_pb_old_content":"","_et_gb_content_width":"1080","ngg_post_thumbnail":0,"footnotes":""},"class_list":["post-7851","page","type-page","status-publish","hentry"],"yoast_head":"<!-- This site is optimized with the Yoast SEO plugin v24.4 - https:\/\/yoast.com\/wordpress\/plugins\/seo\/ -->\n<title>PL.\/0249\/2025 - Comiss\u00e3o de Assuntos Municipais - Legislapp<\/title>\n<meta name=\"robots\" content=\"index, follow, max-snippet:-1, max-image-preview:large, max-video-preview:-1\" \/>\n<link rel=\"canonical\" href=\"https:\/\/www.legislapp.com.br\/index.php\/cam-legislativa-de-sc-pl-0249-2025\/\" \/>\n<meta property=\"og:locale\" content=\"pt_BR\" \/>\n<meta property=\"og:type\" content=\"article\" \/>\n<meta property=\"og:title\" content=\"PL.\/0249\/2025 - Comiss\u00e3o de Assuntos Municipais - Legislapp\" \/>\n<meta property=\"og:description\" content=\"C\u00e2m. Legislativa de SC &#8211; Autoria de Comiss\u00e3o de Assuntos Municipais Disp\u00f5e sobre a corre\u00e7\u00e3o dos memoriais descritivos e mapas que estabelecem as divisas intermunicipais do Estado de Santa Catarina, consolidadas pela Lei n\u00ba 13.993, de 2007. ASSEMBLEIA LEGISLATIVA GABINETE DEPUTADO ESTADO DE SANTA CATARINA TIAGO ZILLI PROJETO DE LEI Disp\u00f5e sobre a corre\u00e7\u00e3o dos [&hellip;]\" \/>\n<meta property=\"og:url\" content=\"https:\/\/www.legislapp.com.br\/index.php\/cam-legislativa-de-sc-pl-0249-2025\/\" \/>\n<meta property=\"og:site_name\" content=\"Legislapp\" \/>\n<meta property=\"article:publisher\" content=\"https:\/\/www.instagram.com\/legislapp\/\" \/>\n<meta property=\"og:image\" content=\"https:\/\/www.legislapp.com.br\/wp-content\/uploads\/google-play.png\" \/>\n<meta name=\"twitter:card\" content=\"summary_large_image\" \/>\n<meta name=\"twitter:label1\" content=\"Est. tempo de leitura\" \/>\n\t<meta name=\"twitter:data1\" content=\"7 minutos\" \/>\n<script type=\"application\/ld+json\" class=\"yoast-schema-graph\">{\"@context\":\"https:\/\/schema.org\",\"@graph\":[{\"@type\":\"WebPage\",\"@id\":\"https:\/\/www.legislapp.com.br\/index.php\/cam-legislativa-de-sc-pl-0249-2025\/\",\"url\":\"https:\/\/www.legislapp.com.br\/index.php\/cam-legislativa-de-sc-pl-0249-2025\/\",\"name\":\"PL.\/0249\/2025 - Comiss\u00e3o de Assuntos Municipais - Legislapp\",\"isPartOf\":{\"@id\":\"https:\/\/www.legislapp.com.br\/#website\"},\"primaryImageOfPage\":{\"@id\":\"https:\/\/www.legislapp.com.br\/index.php\/cam-legislativa-de-sc-pl-0249-2025\/#primaryimage\"},\"image\":{\"@id\":\"https:\/\/www.legislapp.com.br\/index.php\/cam-legislativa-de-sc-pl-0249-2025\/#primaryimage\"},\"thumbnailUrl\":\"https:\/\/www.legislapp.com.br\/wp-content\/uploads\/google-play.png\",\"datePublished\":\"2025-09-17T16:53:55+00:00\",\"breadcrumb\":{\"@id\":\"https:\/\/www.legislapp.com.br\/index.php\/cam-legislativa-de-sc-pl-0249-2025\/#breadcrumb\"},\"inLanguage\":\"pt-BR\",\"potentialAction\":[{\"@type\":\"ReadAction\",\"target\":[\"https:\/\/www.legislapp.com.br\/index.php\/cam-legislativa-de-sc-pl-0249-2025\/\"]}]},{\"@type\":\"ImageObject\",\"inLanguage\":\"pt-BR\",\"@id\":\"https:\/\/www.legislapp.com.br\/index.php\/cam-legislativa-de-sc-pl-0249-2025\/#primaryimage\",\"url\":\"https:\/\/www.legislapp.com.br\/wp-content\/uploads\/google-play.png\",\"contentUrl\":\"https:\/\/www.legislapp.com.br\/wp-content\/uploads\/google-play.png\",\"width\":564,\"height\":168},{\"@type\":\"BreadcrumbList\",\"@id\":\"https:\/\/www.legislapp.com.br\/index.php\/cam-legislativa-de-sc-pl-0249-2025\/#breadcrumb\",\"itemListElement\":[{\"@type\":\"ListItem\",\"position\":1,\"name\":\"In\u00edcio\",\"item\":\"https:\/\/www.legislapp.com.br\/\"},{\"@type\":\"ListItem\",\"position\":2,\"name\":\"PL.\/0249\/2025 &#8211; Comiss\u00e3o de Assuntos Municipais\"}]},{\"@type\":\"WebSite\",\"@id\":\"https:\/\/www.legislapp.com.br\/#website\",\"url\":\"https:\/\/www.legislapp.com.br\/\",\"name\":\"Legislapp\",\"description\":\"Intelig\u00eancia governamental em tempo real\",\"publisher\":{\"@id\":\"https:\/\/www.legislapp.com.br\/#organization\"},\"potentialAction\":[{\"@type\":\"SearchAction\",\"target\":{\"@type\":\"EntryPoint\",\"urlTemplate\":\"https:\/\/www.legislapp.com.br\/?s={search_term_string}\"},\"query-input\":{\"@type\":\"PropertyValueSpecification\",\"valueRequired\":true,\"valueName\":\"search_term_string\"}}],\"inLanguage\":\"pt-BR\"},{\"@type\":\"Organization\",\"@id\":\"https:\/\/www.legislapp.com.br\/#organization\",\"name\":\"Legislapp Monitoramento e Intelig\u00eancia Governamental\",\"url\":\"https:\/\/www.legislapp.com.br\/\",\"logo\":{\"@type\":\"ImageObject\",\"inLanguage\":\"pt-BR\",\"@id\":\"https:\/\/www.legislapp.com.br\/#\/schema\/logo\/image\/\",\"url\":\"https:\/\/www.legislapp.com.br\/wp-content\/uploads\/icon.png\",\"contentUrl\":\"https:\/\/www.legislapp.com.br\/wp-content\/uploads\/icon.png\",\"width\":1024,\"height\":1024,\"caption\":\"Legislapp Monitoramento e Intelig\u00eancia Governamental\"},\"image\":{\"@id\":\"https:\/\/www.legislapp.com.br\/#\/schema\/logo\/image\/\"},\"sameAs\":[\"https:\/\/www.instagram.com\/legislapp\/\"]}]}<\/script>\n<!-- \/ Yoast SEO plugin. -->","yoast_head_json":{"title":"PL.\/0249\/2025 - Comiss\u00e3o de Assuntos Municipais - Legislapp","robots":{"index":"index","follow":"follow","max-snippet":"max-snippet:-1","max-image-preview":"max-image-preview:large","max-video-preview":"max-video-preview:-1"},"canonical":"https:\/\/www.legislapp.com.br\/index.php\/cam-legislativa-de-sc-pl-0249-2025\/","og_locale":"pt_BR","og_type":"article","og_title":"PL.\/0249\/2025 - Comiss\u00e3o de Assuntos Municipais - Legislapp","og_description":"C\u00e2m. Legislativa de SC &#8211; Autoria de Comiss\u00e3o de Assuntos Municipais Disp\u00f5e sobre a corre\u00e7\u00e3o dos memoriais descritivos e mapas que estabelecem as divisas intermunicipais do Estado de Santa Catarina, consolidadas pela Lei n\u00ba 13.993, de 2007. ASSEMBLEIA LEGISLATIVA GABINETE DEPUTADO ESTADO DE SANTA CATARINA TIAGO ZILLI PROJETO DE LEI Disp\u00f5e sobre a corre\u00e7\u00e3o dos [&hellip;]","og_url":"https:\/\/www.legislapp.com.br\/index.php\/cam-legislativa-de-sc-pl-0249-2025\/","og_site_name":"Legislapp","article_publisher":"https:\/\/www.instagram.com\/legislapp\/","og_image":[{"url":"https:\/\/www.legislapp.com.br\/wp-content\/uploads\/google-play.png","type":"","width":"","height":""}],"twitter_card":"summary_large_image","twitter_misc":{"Est. tempo de leitura":"7 minutos"},"schema":{"@context":"https:\/\/schema.org","@graph":[{"@type":"WebPage","@id":"https:\/\/www.legislapp.com.br\/index.php\/cam-legislativa-de-sc-pl-0249-2025\/","url":"https:\/\/www.legislapp.com.br\/index.php\/cam-legislativa-de-sc-pl-0249-2025\/","name":"PL.\/0249\/2025 - Comiss\u00e3o de Assuntos Municipais - Legislapp","isPartOf":{"@id":"https:\/\/www.legislapp.com.br\/#website"},"primaryImageOfPage":{"@id":"https:\/\/www.legislapp.com.br\/index.php\/cam-legislativa-de-sc-pl-0249-2025\/#primaryimage"},"image":{"@id":"https:\/\/www.legislapp.com.br\/index.php\/cam-legislativa-de-sc-pl-0249-2025\/#primaryimage"},"thumbnailUrl":"https:\/\/www.legislapp.com.br\/wp-content\/uploads\/google-play.png","datePublished":"2025-09-17T16:53:55+00:00","breadcrumb":{"@id":"https:\/\/www.legislapp.com.br\/index.php\/cam-legislativa-de-sc-pl-0249-2025\/#breadcrumb"},"inLanguage":"pt-BR","potentialAction":[{"@type":"ReadAction","target":["https:\/\/www.legislapp.com.br\/index.php\/cam-legislativa-de-sc-pl-0249-2025\/"]}]},{"@type":"ImageObject","inLanguage":"pt-BR","@id":"https:\/\/www.legislapp.com.br\/index.php\/cam-legislativa-de-sc-pl-0249-2025\/#primaryimage","url":"https:\/\/www.legislapp.com.br\/wp-content\/uploads\/google-play.png","contentUrl":"https:\/\/www.legislapp.com.br\/wp-content\/uploads\/google-play.png","width":564,"height":168},{"@type":"BreadcrumbList","@id":"https:\/\/www.legislapp.com.br\/index.php\/cam-legislativa-de-sc-pl-0249-2025\/#breadcrumb","itemListElement":[{"@type":"ListItem","position":1,"name":"In\u00edcio","item":"https:\/\/www.legislapp.com.br\/"},{"@type":"ListItem","position":2,"name":"PL.\/0249\/2025 &#8211; Comiss\u00e3o de Assuntos Municipais"}]},{"@type":"WebSite","@id":"https:\/\/www.legislapp.com.br\/#website","url":"https:\/\/www.legislapp.com.br\/","name":"Legislapp","description":"Intelig\u00eancia governamental em tempo real","publisher":{"@id":"https:\/\/www.legislapp.com.br\/#organization"},"potentialAction":[{"@type":"SearchAction","target":{"@type":"EntryPoint","urlTemplate":"https:\/\/www.legislapp.com.br\/?s={search_term_string}"},"query-input":{"@type":"PropertyValueSpecification","valueRequired":true,"valueName":"search_term_string"}}],"inLanguage":"pt-BR"},{"@type":"Organization","@id":"https:\/\/www.legislapp.com.br\/#organization","name":"Legislapp Monitoramento e Intelig\u00eancia Governamental","url":"https:\/\/www.legislapp.com.br\/","logo":{"@type":"ImageObject","inLanguage":"pt-BR","@id":"https:\/\/www.legislapp.com.br\/#\/schema\/logo\/image\/","url":"https:\/\/www.legislapp.com.br\/wp-content\/uploads\/icon.png","contentUrl":"https:\/\/www.legislapp.com.br\/wp-content\/uploads\/icon.png","width":1024,"height":1024,"caption":"Legislapp Monitoramento e Intelig\u00eancia Governamental"},"image":{"@id":"https:\/\/www.legislapp.com.br\/#\/schema\/logo\/image\/"},"sameAs":["https:\/\/www.instagram.com\/legislapp\/"]}]}},"_links":{"self":[{"href":"https:\/\/www.legislapp.com.br\/index.php\/wp-json\/wp\/v2\/pages\/7851","targetHints":{"allow":["GET"]}}],"collection":[{"href":"https:\/\/www.legislapp.com.br\/index.php\/wp-json\/wp\/v2\/pages"}],"about":[{"href":"https:\/\/www.legislapp.com.br\/index.php\/wp-json\/wp\/v2\/types\/page"}],"author":[{"embeddable":true,"href":"https:\/\/www.legislapp.com.br\/index.php\/wp-json\/wp\/v2\/users\/1"}],"replies":[{"embeddable":true,"href":"https:\/\/www.legislapp.com.br\/index.php\/wp-json\/wp\/v2\/comments?post=7851"}],"version-history":[{"count":0,"href":"https:\/\/www.legislapp.com.br\/index.php\/wp-json\/wp\/v2\/pages\/7851\/revisions"}],"wp:attachment":[{"href":"https:\/\/www.legislapp.com.br\/index.php\/wp-json\/wp\/v2\/media?parent=7851"}],"curies":[{"name":"wp","href":"https:\/\/api.w.org\/{rel}","templated":true}]}}