{"id":7856,"date":"2025-09-17T13:54:12","date_gmt":"2025-09-17T16:54:12","guid":{"rendered":"https:\/\/www.legislapp.com.br\/index.php\/cam-legislativa-de-pe-pl-2899-2025\/"},"modified":"2025-09-17T13:54:12","modified_gmt":"2025-09-17T16:54:12","slug":"cam-legislativa-de-pe-pl-2899-2025","status":"publish","type":"page","link":"https:\/\/www.legislapp.com.br\/index.php\/cam-legislativa-de-pe-pl-2899-2025\/","title":{"rendered":"PL 2899\/2025 &#8211; William BrIgido"},"content":{"rendered":"<h1 style='text-align: center;'>C\u00e2m. Legislativa de PE &#8211; Autoria de William BrIgido<br \/><img src='https:\/\/www.alepe.pe.gov.br\/\/wp-content\/uploads\/2019\/02\/WILLIAM-BRIGIDO-scaled-e1675862649941.jpg' alt='William BrIgido' \/><\/h3>\n<p><\/p>\n<article style='text-align: center'>A presen\u00e7a francesa no Norte-Nordeste do Brasil e especialmente em Pernambuco remonta o ano de 1531. Foi na ilha de Santo Aleixo, localizada no munic\u00edpio de Sirinha\u00e9m no estado de Pernambuco, que se passou a primeira domina\u00e7\u00e3o francesa no Brasil, de mar\u00e7o a dezembro de 1531. Quando da ocupa\u00e7\u00e3o francesa, a ilha foi denominada de Saint-Alexis, pelos franceses.<\/p>\n<p>A referida homenagem \u00e9 mas que merecida, pela Ilha de Santo Aleixo em Sirinha\u00e9m, ter uma liga\u00e7\u00e3o hist\u00f3rica com a Fran\u00e7a. O pr\u00f3prio nome da ilha e sua exist\u00eancia liga o povo franc\u00eas a Pernambuco.<\/p>\n<p>Os franceses tamb\u00e9m governaram alguns territ\u00f3rios no Brasil em v\u00e1rias ocasi\u00f5es, al\u00e9m da ilha de Santo Aleixo em 1531. Os franceses tamb\u00e9m dominaram a Ilha de Itamarac\u00e1, onde constru\u00edram uma fortifica\u00e7\u00e3o, durante 18 dias.<\/p>\n<p>Os franceses estabeleceram feitorias no litoral brasileiro em busca do pau-brasil e outros produtos. Eles tamb\u00e9m mantinham contatos com os povos ind\u00edgenas para estabelecer acordos e alian\u00e7as.<\/p>\n<p>Inicialmente dentro da contesta\u00e7\u00e3o de Francisco I de Fran\u00e7a ao Tratado de Tordesilhas, ao arguir o paradeiro do testamento de Ad\u00e3o e incentivar a pr\u00e1tica do corso para o escambo do pau-brasil (C\u00e6salpinia echinata), ainda no s\u00e9culo XVI evoluiu para o apoio \u00e0s tentativas de coloniza\u00e7\u00e3o no litoral brasileiro.<\/p>\n<p>At\u00e9 meados do fim do s\u00e9culo XVI a posi\u00e7\u00e3o de dom\u00ednio dos franceses na costa setentrional (o que lhes garantia a entrada para a conquista da maior bacia\u00a0 hidrogr\u00e1fica que se conhece dentre todas as existentes) e do extremo leste do continente era muito s\u00f3lida, com nativos aliados a si prestes a atacar a principal vila exportadora dos portugueses (Olinda).<\/p>\n<p>De acordo com as informa\u00e7\u00f5es no mapa de Jacques de Vau de Claye (&#8220;Le Br\u00e9sil&#8221;,1579), a Fran\u00e7a acalentou um projeto para a conquista do litoral da regi\u00e3o Nordeste do Brasil.<\/p>\n<p>Em 1736, a Companhia Francesa das \u00cdndias Orientais enviou uma expedi\u00e7\u00e3o, sob comando do capit\u00e3o Lesquelin.o arquip\u00e9lago de Fernando de Noronha foi ocupado pelos franceses de de 1736 at\u00e9 1738.<\/p>\n<p>Amizade entre a Fran\u00e7a e Pernambuco vem de longas datas. Um dos 14 teatros- monumento do pa\u00eds, tombado pelo Instituo do Patrim\u00f4nio Hist\u00f3rico e Art\u00edstico Nacional em 1949, o teatro de Santa Isabel representa o primeiro e mais expressivo exemplar da arquitetura neocl\u00e1ssica em Pernambuco. A ideia de construir um teatro p\u00fablico no Recife partiu de Francisco do Rego Barros, o Conde da Boa Vista, que foi presidente da Prov\u00edncia de 1837 a 1844. Por isso, ele convidou ao Brasil o engenheiro franc\u00eas Louis- L\u00e9ger Vauthier que elaborou e dirigiu o projeto. O teatro foi inaugurado em 1850.<\/p>\n<p>No dia 19 de setembro de 1869, o Santa Isabel seria quase totalmente destru\u00eddo por um inc\u00eandio. As obras de reconstru\u00e7\u00e3o s\u00f3 tiveram in\u00edcio em maio de 1871 e Vauthier foi novamente solicitado, desde a Fran\u00e7a, para a revis\u00e3o dos planos de obras e moderniza\u00e7\u00e3o. O teatro de Santa Isabel foi reinaugurado em 1876.<\/p>\n<p>Louis-L\u00e9ger Vauthier administrou a Reparti\u00e7\u00e3o de Obras P\u00fablicas da Prov\u00edncia de Pernambuco entre 1840 e 1846, a convite do Conde de Boa Vista. A contribui\u00e7\u00e3o de Vauthier para o desenvolvimento urbano da prov\u00edncia \u00e9 imensur\u00e1vel. Entre as v\u00e1rias obras que ele dirigiu durante sua estadia em Pernambuco, como tamb\u00e9m ap\u00f3s seu retorno a Fran\u00e7a, o teatro de Santa Isabel permanece seu mais simb\u00f3lico legado.<\/p>\n<p>Contudo, a heran\u00e7a de Louis-L\u00e9ger Vauthier n\u00e3o \u00e9 somente t\u00e9cnica, ela \u00e9 tamb\u00e9m ideol\u00f3gica. O jovem engenheiro contribuiu para divulgar no Brasil as ideias que reinavam na Fran\u00e7a e na Europa naquela \u00e9poca, especialmente o socialismo de Charles Fourier. \u00c9 por essa raz\u00e3o que Gilberto Freyre declarou que Vauthier era um 1\u201cengenheiro de pontes e ideias\u201d. O soci\u00f3logo brasileiro se interessou por esse Franc\u00eas e pelo seu jornal \u00edntimo e at\u00e9 publicou um livro intitulado Um engenheiro franc\u00eas no Brasil que retrata o percurso de Vauthier e sua heran\u00e7a.<\/p>\n<p>Em outubro de 1860, foi circulada uma carta da Fran\u00e7a para Pernambuco, de acordo com a Conven\u00e7\u00e3o Brasil-Fran\u00e7a de 1860. As rela\u00e7\u00f5es diplom\u00e1ticas entre Brasil e Fran\u00e7a datam de um per\u00edodo long\u00ednquo, apresentando diversos momentos pontuais, como quando a Fran\u00e7a reconheceu nossa Independ\u00eancia, ou em 1945 quando foi estabelecida uma nova rela\u00e7\u00e3o bilateral.<\/p>\n<p>A parceria entre Pernambuco e a Fran\u00e7a tem gerado frutos nos \u00faltimos anos, como investimentos de empresas francesas no Nordeste e apoio em a\u00e7\u00f5es de sustentabilidade, preserva\u00e7\u00e3o do meio ambiente e v\u00e1rias outras.<\/p>\n<p>No esportes, em especial o futebol, Pernambuco deu a Fran\u00e7a um dos seus maiores \u00eddolos. Juninho Pernambucano defendeu o Lyon entre 2001 e 2009, conquistando 14 t\u00edtulos, incluindo o heptacampeonato franc\u00eas entre 2002 e 2008.<\/p>\n<p>O brasileiro \u00e9 considerado um dos maiores \u00eddolos da hist\u00f3ria do futebol franc\u00eas, sendo o quinto maior artilheiro do clube e respons\u00e1vel pela maior parte das gl\u00f3rias do time no s\u00e9culo XXI.<\/p>\n<p>A rela\u00e7\u00e3o entre o Brasil e a Fran\u00e7a \u00e9 antiga: e abrange diferentes setores. Vai do transporte \u00e0 energia, passa pela ind\u00fastria, agroneg\u00f3cio, defesa, ci\u00eancia, sa\u00fade e tecnologia. O relacionamento bilateral \u00e9 considerado pr\u00f3spero.<\/p>\n<p>O Brasil e a Fran\u00e7a t\u00eam uma amizade de longa data, que foi intensificada nos \u00faltimos anos. Atualmente, s\u00e3o mais de mil empresas francesas instaladas no Brasil.<\/p>\n<p>Para 2025, est\u00e1 marcada a reedi\u00e7\u00e3o do Ano do Brasil na Fran\u00e7a. A ideia \u00e9 o fortalecimento da rela\u00e7\u00e3o entre os dois pa\u00edses pela preserva\u00e7\u00e3o do meio ambiente, em nome da pesquisa cient\u00edfica, educa\u00e7\u00e3o, cultura e defesa.<\/p>\n<p>Hoje, 90 mil brasileiros vivem na Fran\u00e7a continental e mais de 82 mil na Guiana Francesa.<\/p>\n<p>A parceria possibilita a troca de know-how por meio de iniciativas conjuntas, como compartilhamento de recursos materiais, tecnol\u00f3gicos e humanos.<\/p>\n<p>O territ\u00f3rio franc\u00eas tem mais de 700 quil\u00f4metros de fronteira com o Brasil. De acordo com a Embaixada da Fran\u00e7a no Brasil, h\u00e1 uma rela\u00e7\u00e3o transfronteiri\u00e7a, que inclui uma importante coopera\u00e7\u00e3o entre a Guiana Francesa e o Amap\u00e1 para vigil\u00e2ncia epidemiol\u00f3gica, seguran\u00e7a, imigra\u00e7\u00e3o, entre outros.<\/p>\n<p>H\u00e1 tamb\u00e9m coopera\u00e7\u00e3o com ag\u00eancias de pesquisas, como o Institut National de Recherche en Informatique et en Automatique ( Inria), o Instituto Pasteur e a Ag\u00eancia Nacional de Pesquisa Francesa (ANRS, na sigla em sefranc\u00eas). Tr\u00eas institutos franceses t\u00eam representa\u00e7\u00e3o permanente no Brasil: o CNRS, o IRD e o\u00a0Cirad.<\/p>\n<p>S\u00e3o mais de 800 acordos de coopera\u00e7\u00e3o assinados com universidades e 276 de duplo-diplomas. Por ano, mais de cinco mil estudantes brasileiros v\u00e3o estudar na Fran\u00e7a. Entre os cursos mais procurados est\u00e3o Engenharia, Inform\u00e1tica, Ci\u00eancias Humanas e Sociais e L\u00ednguas.<\/p>\n<p>Na sa\u00fade, no s\u00e9culo 19, houve a colabora\u00e7\u00e3o de Oswaldo Cruz e do Instituto Pasteur na cria\u00e7\u00e3o da Funda\u00e7\u00e3o Oswaldo Cruz (Fiocruz). Neste ano, a parceria cient\u00edfica resultou na cria\u00e7\u00e3o do Instituto Pasteur de S\u00e3o Paulo, com a participa\u00e7\u00e3o da Fiocruz e da USP. S\u00e3o 40 pesquisadores, estudantes e t\u00e9cnicos e dois laborat\u00f3rios de n\u00edvel 3 de biosseguran\u00e7a.<\/p>\n<p>O Consulado-Geral da Fran\u00e7a no estado, tem se destacado com a\u00e7\u00f5es e projetos em diversas \u00e1reas, principalmente em eventos cient\u00edficos franco-brasileiros no Nordeste.<\/p>\n<p>Assim, meus caros pares, atrav\u00e9s das raz\u00f5es, ora apresentadas, resta comprovado e justificado a aprova\u00e7\u00e3o do presente projeto pela liga\u00e7\u00e3o hist\u00f3rica da Fran\u00e7a com a Ilha de Santo Aleixo no munic\u00edpio de Sirinha\u00e9m no estado de Pernambuco, solicitando assim, o apoio e aprova\u00e7\u00e3o dos senhores para essa importante proposi\u00e7\u00e3o.<\/article>\n<p><\/p>\n<p style='text-align: center'><a href='https:\/\/app.legislapp.com.br\/#\/busca?termo='><\/a><\/p>\n<p><\/p>\n<article>\u00a0\u00a0\u00a0\u00a0\u00a0Art. 1\u00ba A\u00a0Lei n\u00ba 16.241, de 14 de dezembro de 2017, passa a vigorar com o seguinte acr\u00e9scimo:<\/p>\n<p>\u201cArt. 197-A. Dia 16 de julho: Dia Estadual da Imigra\u00e7\u00e3o Francesa em Pernambuco.\u201d (AC)<\/p>\n<p>\u00a0\u00a0\u00a0\u00a0\u00a0Art. 2\u00ba Esta Lei entra em vigor na data de sua publica\u00e7\u00e3o.<\/article>\n<div style=\"text-align: center\">\n<div style=\"margin-bottom: 20px;\" class=\"et_pb_button_module_wrapper et_pb_button_5_tb_body_wrapper et_pb_button_alignment_center et_pb_module \">\n         <a class=\"et_pb_button et_pb_button_5_tb_body et_hover_enabled et_pb_bg_layout_dark\" style=\"width: 50%;background-color: black;\" href=\"https:\/\/app.legislapp.com.br\" target=\"_blank\" rel=\"noopener\">Visualizar completo na nossa plataforma (30 dias gr\u00e1tis)<\/a><\/p><\/div>\n<p>      <a href=\"https:\/\/play.google.com\/store\/apps\/details?id=br.com.legislapp\"><img decoding=\"async\" style=\"width: 15%; min-width: 130px;\" src=\"https:\/\/www.legislapp.com.br\/wp-content\/uploads\/google-play.png\"><\/a><br \/>\n      <a href=\"https:\/\/apps.apple.com\/us\/app\/legislapp\/id1568929859\"><img decoding=\"async\" style=\"width: 15%; min-width: 130px\" src=\"https:\/\/www.legislapp.com.br\/wp-content\/uploads\/apple-store.png\"><\/a>\n   <\/div>\n","protected":false},"excerpt":{"rendered":"<p>C\u00e2m. Legislativa de PE &#8211; Autoria de William BrIgido A presen\u00e7a francesa no Norte-Nordeste do Brasil e especialmente em Pernambuco remonta o ano de 1531. Foi na ilha de Santo Aleixo, localizada no munic\u00edpio de Sirinha\u00e9m no estado de Pernambuco, que se passou a primeira domina\u00e7\u00e3o francesa no Brasil, de mar\u00e7o a dezembro de 1531. [&hellip;]<\/p>\n","protected":false},"author":1,"featured_media":0,"parent":0,"menu_order":0,"comment_status":"closed","ping_status":"closed","template":"page-template-blank.php","meta":{"_et_pb_use_builder":"","_et_pb_old_content":"","_et_gb_content_width":"1080","ngg_post_thumbnail":0,"footnotes":""},"class_list":["post-7856","page","type-page","status-publish","hentry"],"yoast_head":"<!-- This site is optimized with the Yoast SEO plugin v24.4 - https:\/\/yoast.com\/wordpress\/plugins\/seo\/ -->\n<title>PL 2899\/2025 - William BrIgido - Legislapp<\/title>\n<meta name=\"robots\" content=\"index, follow, max-snippet:-1, max-image-preview:large, max-video-preview:-1\" \/>\n<link rel=\"canonical\" href=\"https:\/\/www.legislapp.com.br\/index.php\/cam-legislativa-de-pe-pl-2899-2025\/\" \/>\n<meta property=\"og:locale\" content=\"pt_BR\" \/>\n<meta property=\"og:type\" content=\"article\" \/>\n<meta property=\"og:title\" content=\"PL 2899\/2025 - William BrIgido - Legislapp\" \/>\n<meta property=\"og:description\" content=\"C\u00e2m. Legislativa de PE &#8211; Autoria de William BrIgido A presen\u00e7a francesa no Norte-Nordeste do Brasil e especialmente em Pernambuco remonta o ano de 1531. Foi na ilha de Santo Aleixo, localizada no munic\u00edpio de Sirinha\u00e9m no estado de Pernambuco, que se passou a primeira domina\u00e7\u00e3o francesa no Brasil, de mar\u00e7o a dezembro de 1531. [&hellip;]\" \/>\n<meta property=\"og:url\" content=\"https:\/\/www.legislapp.com.br\/index.php\/cam-legislativa-de-pe-pl-2899-2025\/\" \/>\n<meta property=\"og:site_name\" content=\"Legislapp\" \/>\n<meta property=\"article:publisher\" content=\"https:\/\/www.instagram.com\/legislapp\/\" \/>\n<meta property=\"og:image\" content=\"https:\/\/www.alepe.pe.gov.br\/\/wp-content\/uploads\/2019\/02\/WILLIAM-BRIGIDO-scaled-e1675862649941.jpg\" \/>\n<meta name=\"twitter:card\" content=\"summary_large_image\" \/>\n<meta name=\"twitter:label1\" content=\"Est. tempo de leitura\" \/>\n\t<meta name=\"twitter:data1\" content=\"7 minutos\" \/>\n<script type=\"application\/ld+json\" class=\"yoast-schema-graph\">{\"@context\":\"https:\/\/schema.org\",\"@graph\":[{\"@type\":\"WebPage\",\"@id\":\"https:\/\/www.legislapp.com.br\/index.php\/cam-legislativa-de-pe-pl-2899-2025\/\",\"url\":\"https:\/\/www.legislapp.com.br\/index.php\/cam-legislativa-de-pe-pl-2899-2025\/\",\"name\":\"PL 2899\/2025 - William BrIgido - Legislapp\",\"isPartOf\":{\"@id\":\"https:\/\/www.legislapp.com.br\/#website\"},\"primaryImageOfPage\":{\"@id\":\"https:\/\/www.legislapp.com.br\/index.php\/cam-legislativa-de-pe-pl-2899-2025\/#primaryimage\"},\"image\":{\"@id\":\"https:\/\/www.legislapp.com.br\/index.php\/cam-legislativa-de-pe-pl-2899-2025\/#primaryimage\"},\"thumbnailUrl\":\"https:\/\/www.alepe.pe.gov.br\/\/wp-content\/uploads\/2019\/02\/WILLIAM-BRIGIDO-scaled-e1675862649941.jpg\",\"datePublished\":\"2025-09-17T16:54:12+00:00\",\"breadcrumb\":{\"@id\":\"https:\/\/www.legislapp.com.br\/index.php\/cam-legislativa-de-pe-pl-2899-2025\/#breadcrumb\"},\"inLanguage\":\"pt-BR\",\"potentialAction\":[{\"@type\":\"ReadAction\",\"target\":[\"https:\/\/www.legislapp.com.br\/index.php\/cam-legislativa-de-pe-pl-2899-2025\/\"]}]},{\"@type\":\"ImageObject\",\"inLanguage\":\"pt-BR\",\"@id\":\"https:\/\/www.legislapp.com.br\/index.php\/cam-legislativa-de-pe-pl-2899-2025\/#primaryimage\",\"url\":\"https:\/\/www.alepe.pe.gov.br\/\/wp-content\/uploads\/2019\/02\/WILLIAM-BRIGIDO-scaled-e1675862649941.jpg\",\"contentUrl\":\"https:\/\/www.alepe.pe.gov.br\/\/wp-content\/uploads\/2019\/02\/WILLIAM-BRIGIDO-scaled-e1675862649941.jpg\"},{\"@type\":\"BreadcrumbList\",\"@id\":\"https:\/\/www.legislapp.com.br\/index.php\/cam-legislativa-de-pe-pl-2899-2025\/#breadcrumb\",\"itemListElement\":[{\"@type\":\"ListItem\",\"position\":1,\"name\":\"In\u00edcio\",\"item\":\"https:\/\/www.legislapp.com.br\/\"},{\"@type\":\"ListItem\",\"position\":2,\"name\":\"PL 2899\/2025 &#8211; William BrIgido\"}]},{\"@type\":\"WebSite\",\"@id\":\"https:\/\/www.legislapp.com.br\/#website\",\"url\":\"https:\/\/www.legislapp.com.br\/\",\"name\":\"Legislapp\",\"description\":\"Intelig\u00eancia governamental em tempo real\",\"publisher\":{\"@id\":\"https:\/\/www.legislapp.com.br\/#organization\"},\"potentialAction\":[{\"@type\":\"SearchAction\",\"target\":{\"@type\":\"EntryPoint\",\"urlTemplate\":\"https:\/\/www.legislapp.com.br\/?s={search_term_string}\"},\"query-input\":{\"@type\":\"PropertyValueSpecification\",\"valueRequired\":true,\"valueName\":\"search_term_string\"}}],\"inLanguage\":\"pt-BR\"},{\"@type\":\"Organization\",\"@id\":\"https:\/\/www.legislapp.com.br\/#organization\",\"name\":\"Legislapp Monitoramento e Intelig\u00eancia Governamental\",\"url\":\"https:\/\/www.legislapp.com.br\/\",\"logo\":{\"@type\":\"ImageObject\",\"inLanguage\":\"pt-BR\",\"@id\":\"https:\/\/www.legislapp.com.br\/#\/schema\/logo\/image\/\",\"url\":\"https:\/\/www.legislapp.com.br\/wp-content\/uploads\/icon.png\",\"contentUrl\":\"https:\/\/www.legislapp.com.br\/wp-content\/uploads\/icon.png\",\"width\":1024,\"height\":1024,\"caption\":\"Legislapp Monitoramento e Intelig\u00eancia Governamental\"},\"image\":{\"@id\":\"https:\/\/www.legislapp.com.br\/#\/schema\/logo\/image\/\"},\"sameAs\":[\"https:\/\/www.instagram.com\/legislapp\/\"]}]}<\/script>\n<!-- \/ Yoast SEO plugin. -->","yoast_head_json":{"title":"PL 2899\/2025 - William BrIgido - Legislapp","robots":{"index":"index","follow":"follow","max-snippet":"max-snippet:-1","max-image-preview":"max-image-preview:large","max-video-preview":"max-video-preview:-1"},"canonical":"https:\/\/www.legislapp.com.br\/index.php\/cam-legislativa-de-pe-pl-2899-2025\/","og_locale":"pt_BR","og_type":"article","og_title":"PL 2899\/2025 - William BrIgido - Legislapp","og_description":"C\u00e2m. Legislativa de PE &#8211; Autoria de William BrIgido A presen\u00e7a francesa no Norte-Nordeste do Brasil e especialmente em Pernambuco remonta o ano de 1531. Foi na ilha de Santo Aleixo, localizada no munic\u00edpio de Sirinha\u00e9m no estado de Pernambuco, que se passou a primeira domina\u00e7\u00e3o francesa no Brasil, de mar\u00e7o a dezembro de 1531. [&hellip;]","og_url":"https:\/\/www.legislapp.com.br\/index.php\/cam-legislativa-de-pe-pl-2899-2025\/","og_site_name":"Legislapp","article_publisher":"https:\/\/www.instagram.com\/legislapp\/","og_image":[{"url":"https:\/\/www.alepe.pe.gov.br\/\/wp-content\/uploads\/2019\/02\/WILLIAM-BRIGIDO-scaled-e1675862649941.jpg","type":"","width":"","height":""}],"twitter_card":"summary_large_image","twitter_misc":{"Est. tempo de leitura":"7 minutos"},"schema":{"@context":"https:\/\/schema.org","@graph":[{"@type":"WebPage","@id":"https:\/\/www.legislapp.com.br\/index.php\/cam-legislativa-de-pe-pl-2899-2025\/","url":"https:\/\/www.legislapp.com.br\/index.php\/cam-legislativa-de-pe-pl-2899-2025\/","name":"PL 2899\/2025 - William BrIgido - Legislapp","isPartOf":{"@id":"https:\/\/www.legislapp.com.br\/#website"},"primaryImageOfPage":{"@id":"https:\/\/www.legislapp.com.br\/index.php\/cam-legislativa-de-pe-pl-2899-2025\/#primaryimage"},"image":{"@id":"https:\/\/www.legislapp.com.br\/index.php\/cam-legislativa-de-pe-pl-2899-2025\/#primaryimage"},"thumbnailUrl":"https:\/\/www.alepe.pe.gov.br\/\/wp-content\/uploads\/2019\/02\/WILLIAM-BRIGIDO-scaled-e1675862649941.jpg","datePublished":"2025-09-17T16:54:12+00:00","breadcrumb":{"@id":"https:\/\/www.legislapp.com.br\/index.php\/cam-legislativa-de-pe-pl-2899-2025\/#breadcrumb"},"inLanguage":"pt-BR","potentialAction":[{"@type":"ReadAction","target":["https:\/\/www.legislapp.com.br\/index.php\/cam-legislativa-de-pe-pl-2899-2025\/"]}]},{"@type":"ImageObject","inLanguage":"pt-BR","@id":"https:\/\/www.legislapp.com.br\/index.php\/cam-legislativa-de-pe-pl-2899-2025\/#primaryimage","url":"https:\/\/www.alepe.pe.gov.br\/\/wp-content\/uploads\/2019\/02\/WILLIAM-BRIGIDO-scaled-e1675862649941.jpg","contentUrl":"https:\/\/www.alepe.pe.gov.br\/\/wp-content\/uploads\/2019\/02\/WILLIAM-BRIGIDO-scaled-e1675862649941.jpg"},{"@type":"BreadcrumbList","@id":"https:\/\/www.legislapp.com.br\/index.php\/cam-legislativa-de-pe-pl-2899-2025\/#breadcrumb","itemListElement":[{"@type":"ListItem","position":1,"name":"In\u00edcio","item":"https:\/\/www.legislapp.com.br\/"},{"@type":"ListItem","position":2,"name":"PL 2899\/2025 &#8211; William BrIgido"}]},{"@type":"WebSite","@id":"https:\/\/www.legislapp.com.br\/#website","url":"https:\/\/www.legislapp.com.br\/","name":"Legislapp","description":"Intelig\u00eancia governamental em tempo real","publisher":{"@id":"https:\/\/www.legislapp.com.br\/#organization"},"potentialAction":[{"@type":"SearchAction","target":{"@type":"EntryPoint","urlTemplate":"https:\/\/www.legislapp.com.br\/?s={search_term_string}"},"query-input":{"@type":"PropertyValueSpecification","valueRequired":true,"valueName":"search_term_string"}}],"inLanguage":"pt-BR"},{"@type":"Organization","@id":"https:\/\/www.legislapp.com.br\/#organization","name":"Legislapp Monitoramento e Intelig\u00eancia Governamental","url":"https:\/\/www.legislapp.com.br\/","logo":{"@type":"ImageObject","inLanguage":"pt-BR","@id":"https:\/\/www.legislapp.com.br\/#\/schema\/logo\/image\/","url":"https:\/\/www.legislapp.com.br\/wp-content\/uploads\/icon.png","contentUrl":"https:\/\/www.legislapp.com.br\/wp-content\/uploads\/icon.png","width":1024,"height":1024,"caption":"Legislapp Monitoramento e Intelig\u00eancia Governamental"},"image":{"@id":"https:\/\/www.legislapp.com.br\/#\/schema\/logo\/image\/"},"sameAs":["https:\/\/www.instagram.com\/legislapp\/"]}]}},"_links":{"self":[{"href":"https:\/\/www.legislapp.com.br\/index.php\/wp-json\/wp\/v2\/pages\/7856","targetHints":{"allow":["GET"]}}],"collection":[{"href":"https:\/\/www.legislapp.com.br\/index.php\/wp-json\/wp\/v2\/pages"}],"about":[{"href":"https:\/\/www.legislapp.com.br\/index.php\/wp-json\/wp\/v2\/types\/page"}],"author":[{"embeddable":true,"href":"https:\/\/www.legislapp.com.br\/index.php\/wp-json\/wp\/v2\/users\/1"}],"replies":[{"embeddable":true,"href":"https:\/\/www.legislapp.com.br\/index.php\/wp-json\/wp\/v2\/comments?post=7856"}],"version-history":[{"count":0,"href":"https:\/\/www.legislapp.com.br\/index.php\/wp-json\/wp\/v2\/pages\/7856\/revisions"}],"wp:attachment":[{"href":"https:\/\/www.legislapp.com.br\/index.php\/wp-json\/wp\/v2\/media?parent=7856"}],"curies":[{"name":"wp","href":"https:\/\/api.w.org\/{rel}","templated":true}]}}