{"id":7860,"date":"2025-09-17T13:54:25","date_gmt":"2025-09-17T16:54:25","guid":{"rendered":"https:\/\/www.legislapp.com.br\/index.php\/cam-legislativa-de-mg-pl-3731-2025\/"},"modified":"2025-09-17T13:54:25","modified_gmt":"2025-09-17T16:54:25","slug":"cam-legislativa-de-mg-pl-3731-2025","status":"publish","type":"page","link":"https:\/\/www.legislapp.com.br\/index.php\/cam-legislativa-de-mg-pl-3731-2025\/","title":{"rendered":"PL 3731\/2025 &#8211;"},"content":{"rendered":"<h1 style='text-align: center;'>C\u00e2m. Legislativa de MG &#8211; Autoria de <\/h3>\n<p><\/p>\n<article style='text-align: center'>Autoriza o Estado, por interm\u00e9dio do Poder Executivo, a aderir ao<br \/>\nPrograma de Pleno Pagamento de D\u00edvidas dos Estados, nos termos da Lei<br \/>\nComplementar Federal 212, de 13 de janeiro de 2025, e d\u00e1 outras<br \/>\nprovid\u00eancias.<\/article>\n<p><\/p>\n<p style='text-align: center'><a href='https:\/\/app.legislapp.com.br\/#\/busca?termo='><\/a><\/p>\n<p><\/p>\n<article>Autoriza o Estado, por interm\u00e9dio do Poder Executivo, a aderir ao Programa de Pleno Pagamento de D\u00edvidas dos Estados, nos termos da Lei Complementar Federal n\u00ba 212, de 13 de janeiro de 2025, e d\u00e1 outras provid\u00eancias.<br \/>\nArt. 1\u00ba \u2013 Fica o Estado, por interm\u00e9dio do Poder Executivo, autorizado a aderir ao Programa de Pleno Pagamento de D\u00edvidas dos Estados \u2013 Propag, nos termos da Lei Complementar Federal n\u00ba 212, de 13 de janeiro de 2025.<br \/>\nArt. 2\u00ba \u2013 Fica o Estado, por interm\u00e9dio do Poder Executivo, autorizado a solicitar o encerramento do Regime de Recupera\u00e7\u00e3o Fiscal, conforme previs\u00e3o do art. 12 da Lei Complementar Federal n\u00ba 159, de 19 de maio de 2017.<br \/>\nArt. 3\u00ba \u2013 Fica o Estado, por interm\u00e9dio do Poder Executivo, autorizado a celebrar com a Uni\u00e3o contrato de refinanciamento ou termo aditivo aos contratos renegociados em decorr\u00eancia da aplica\u00e7\u00e3o do disposto no art. 4\u00ba da Lei Complementar Federal n\u00ba 212, de 2025.<br \/>\n\u00a7 1\u00ba \u2013 Fica autorizada a vincula\u00e7\u00e3o das receitas de que tratam os arts. 155, 156-A, 157 e a al\u00ednea \u201ca\u201d do inciso I e o inciso II do caput do art. 159 da Constitui\u00e7\u00e3o da Rep\u00fablica aos contratos de que trata o caput, em garantia ou contragarantia \u00e0 Uni\u00e3o, em car\u00e1ter irrevog\u00e1vel e irretrat\u00e1vel, pelas obriga\u00e7\u00f5es assumidas nos termos aditivos e contratos a serem firmados, nos termos do \u00a7 4\u00ba do art. 167 da Constitui\u00e7\u00e3o da Rep\u00fablica.<br \/>\n\u00a7 2\u00ba \u2013 Permanecem vinculadas as receitas de que tratam os arts. 155, 156-A, 157 e a al\u00ednea \u201ca\u201d do inciso I e o inciso II do caput do art. 159 da Constitui\u00e7\u00e3o da Rep\u00fablica aos contratos de refinanciamento aditados de que trata esta lei, em car\u00e1ter irrevog\u00e1vel e irretrat\u00e1vel, em garantia das obriga\u00e7\u00f5es assumidas no contrato aditado, nos termos do \u00a7 4\u00ba do art. 167 da Constitui\u00e7\u00e3o da Rep\u00fablica e da Lei Complementar Federal n\u00ba 87, de 13 de setembro de 1996.<br \/>\nArt. 4\u00ba \u2013 Fica o Estado, por interm\u00e9dio do Poder Executivo, autorizado a efetuar o pagamento da d\u00edvida apurada nos termos do \u00a7 2\u00ba do art. 2\u00ba da Lei Complementar Federal n\u00ba 212, de 2025, por meio dos instrumentos previstos no art. 3\u00ba da mesma lei complementar.<br \/>\n\u00a7 1\u00ba \u2013 O contrato de refinanciamento ou aditivo contratual a que se refere o art. 3\u00ba poder\u00e1 ser celebrado, sob condi\u00e7\u00e3o resolutiva, para viabilizar a redu\u00e7\u00e3o da d\u00edvida consolidada, ainda que pendente a aprova\u00e7\u00e3o das leis autorizativas de transfer\u00eancia dos ativos, nos termos do \u00a7 3\u00ba do art. 3\u00ba da Lei Complementar Federal n\u00ba 212, de 2025.<br \/>\n\u00a7 2\u00ba \u2013 O Estado, por interm\u00e9dio do Poder Executivo, fica autorizado a prever cl\u00e1usula de arbitragem para dirimir eventuais conflitos entre a Uni\u00e3o e o Estado, decorrentes das transfer\u00eancias de ativos.<br \/>\nArt. 5\u00ba \u2013 Fica o Estado, por interm\u00e9dio do Poder Executivo, autorizado a realizar a op\u00e7\u00e3o pelos encargos do aditivo contratual, viabilizada pela previs\u00e3o do art. 5\u00ba da Lei Complementar Federal n\u00ba 212, de 2025, com a devida fundamenta\u00e7\u00e3o que a caracterize como a mais adequada.<br \/>\nArt. 6\u00ba \u2013 Fica o Estado, por interm\u00e9dio do Poder Executivo, autorizado a realizar os investimentos previstos como contrapartida \u00e0 op\u00e7\u00e3o a que se refere o art. 5\u00ba, com discricionariedade de decis\u00e3o relativa \u00e0s op\u00e7\u00f5es de investimento, observado o regramento contido no \u00a7 2\u00ba do art. 5\u00ba da Lei Complementar Federal n\u00ba 212, de 2025.<br \/>\nArt. 7\u00ba \u2013 Fica o Estado, por interm\u00e9dio do Poder Executivo, autorizado a realizar o aporte anual para o Fundo de Equaliza\u00e7\u00e3o Federativa, previsto no art. 9\u00ba da Lei Complementar Federal n\u00ba 212, de 2025, de acordo com o montante definido na op\u00e7\u00e3o a que se refere o art. 5\u00ba.<br \/>\nArt. 8\u00ba \u2013 Os Poderes do Estado, o Minist\u00e9rio P\u00fablico do Estado de Minas Gerais \u2013 MPMG, a Defensoria P\u00fablica do Estado de Minas Gerais \u2013 DPMG e o Tribunal de Contas do Estado de Minas Gerais \u2013 TCEMG, no prazo de 12 (doze) meses a partir da assinatura do contrato de refinanciamento ou aditivo contratual a que se refere o art. 3\u00ba, dever\u00e3o limitar o crescimento das despesas prim\u00e1rias \u00e0 varia\u00e7\u00e3o do \u00cdndice Nacional de Pre\u00e7os ao Consumidor Amplo \u2013 IPCA, apurado pela Funda\u00e7\u00e3o Instituto Brasileiro de Geografia e Estat\u00edstica \u2013 IBGE, acrescida de:<br \/>\nI \u2013 0% (zero por cento), caso n\u00e3o tenha ocorrido aumento real na receita prim\u00e1ria no exerc\u00edcio anterior;<br \/>\nII \u2013 50% (cinquenta por cento) da varia\u00e7\u00e3o real positiva da receita prim\u00e1ria apurada, caso o Estado tenha apurado resultado prim\u00e1rio nulo ou negativo;<br \/>\nIII \u2013 70% (setenta por cento) da varia\u00e7\u00e3o real positiva da receita prim\u00e1ria apurada, caso o Estado tenha apurado resultado prim\u00e1rio positivo.<br \/>\n\u00a7 1\u00ba \u2013 O Poder Executivo fica autorizado a indicar, no instrumento contratual a que se refere o caput, o valor-base nominal para fins de apura\u00e7\u00e3o do limite de crescimento das despesas prim\u00e1rias, bem como o exerc\u00edcio financeiro de in\u00edcio da aplica\u00e7\u00e3o da referida limita\u00e7\u00e3o, conforme o disposto nos \u00a7\u00a7 1\u00ba e 5\u00ba do art. 7\u00ba da Lei Complementar federal n\u00ba 212, de 13 de janeiro de 2025.<br \/>\n\u00a7 2\u00ba \u2013 Excluem-se da limita\u00e7\u00e3o prevista no caput, as despesas:<br \/>\nI \u2013 custeadas com recursos provenientes do Fundo de Equaliza\u00e7\u00e3o Federativa, de transfer\u00eancias vinculadas da Uni\u00e3o, dos fundos especiais do Poder Judici\u00e1rio, da Assembleia Legislativa de Minas Gerais, do TCEMG, da DPMG, do MPMG, da Advocacia-Geral do Estado, da Secretaria de Estado de Fazenda e de outras fontes de recursos definidas em ato do Poder Executivo federal;<br \/>\nII \u2013 com sa\u00fade e educa\u00e7\u00e3o, no montante estritamente necess\u00e1rio ao cumprimento do \u00a7 2\u00ba do art. 198 ou do art. 212 da Constitui\u00e7\u00e3o da Rep\u00fablica, conforme ato do Poder Executivo federal;<br \/>\nIII \u2013 necess\u00e1rias para o cumprimento das condi\u00e7\u00f5es estabelecidas no art. 5\u00ba da Lei Complementar Federal n\u00ba 212, de 2025;<br \/>\nIV \u2013 custeadas com recursos provenientes de indeniza\u00e7\u00f5es judiciais;<br \/>\nV \u2013 relativas a transfer\u00eancias constitucionais aos munic\u00edpios quando o Estado optar por fazer o registro cont\u00e1bil desse repasse como despesa or\u00e7ament\u00e1ria.<br \/>\nArt. 9\u00ba \u2013 A ades\u00e3o ao Propag n\u00e3o implicar\u00e1 o desligamento do Programa de Acompanhamento e Transpar\u00eancia Fiscal nem do Programa de Reestrutura\u00e7\u00e3o e Ajuste Fiscal, de que trata a Lei Complementar Federal n\u00ba 178, de 13 de janeiro de 2021.<br \/>\nArt. 10 \u2013 \u00c9 vedada a contrata\u00e7\u00e3o de novas opera\u00e7\u00f5es de cr\u00e9dito pelo Estado para o pagamento das parcelas de que trata o art. 4\u00ba da Lei Complementar Federal n\u00ba 212, de 2025.<br \/>\nArt. 11 \u2013 Fica o Poder Executivo autorizado a transferir para a Uni\u00e3o os bens im\u00f3veis de propriedade do Estado, suas autarquias e funda\u00e7\u00f5es p\u00fablicas, para fins de amortiza\u00e7\u00e3o da d\u00edvida apurada nos termos do \u00a7 2\u00ba do art. 2\u00ba da Lei Complementar Federal n\u00ba 212, de 2025.<br \/>\nArt. 12 \u2013 Fica o Poder Executivo autorizado a receber bens im\u00f3veis de propriedade das empresas estatais, como forma de pagamento de dividendos ou redu\u00e7\u00e3o de capital, ou mediante permuta com bens im\u00f3veis de propriedade do Estado, suas autarquias e funda\u00e7\u00f5es p\u00fablicas.<br \/>\nArt. 13 \u2013 Fica o Poder Executivo autorizado a alienar onerosamente os bens im\u00f3veis de propriedade do Estado, suas autarquias e funda\u00e7\u00f5es p\u00fablicas n\u00e3o transferidos \u00e0 Uni\u00e3o, podendo os recursos financeiros obtidos com a opera\u00e7\u00e3o ser destinados \u00e0 amortiza\u00e7\u00e3o da d\u00edvida ou ao cumprimento das obriga\u00e7\u00f5es do Estado no \u00e2mbito do Propag.<br \/>\nArt. 14 \u2013 Fica o Poder Executivo autorizado a transferir, para a Uni\u00e3o ou para a entidade por ela controlada, as participa\u00e7\u00f5es societ\u00e1rias nas empresas estatais de propriedade do Estado, na totalidade ou em parte, para fins de pagamento da d\u00edvida apurada nos termos do \u00a7 2\u00ba do art. 2\u00ba da Lei Complementar Federal n\u00ba 212, de 2025.<br \/>\nArt. 15 \u2013 Para fins de amortiza\u00e7\u00e3o da d\u00edvida e cumprimento das obriga\u00e7\u00f5es do Estado no \u00e2mbito do Propag, fica o Poder Executivo autorizado a receber os ativos, bens e direitos de propriedade de empresas estatais.<br \/>\nPar\u00e1grafo \u00fanico \u2013 Os ativos, bens e direitos recebidos pelo Poder Executivo poder\u00e3o ser alienados ou transferidos a outras empresas estatais por meio de aporte de capital, cess\u00e3o ou permuta.<br \/>\nArt. 16 \u2013 Esta lei entra em vigor na data de sua publica\u00e7\u00e3o.<br \/>\n\u2013 Publicado, vai o projeto \u00e0s Comiss\u00f5es de Justi\u00e7a, de Administra\u00e7\u00e3o P\u00fablica e de Fiscaliza\u00e7\u00e3o Financeira para parecer, nos termos do art. 188, c\/c o art. 102, do Regimento Interno.<\/article>\n<div style=\"text-align: center\">\n<div style=\"margin-bottom: 20px;\" class=\"et_pb_button_module_wrapper et_pb_button_5_tb_body_wrapper et_pb_button_alignment_center et_pb_module \">\n         <a class=\"et_pb_button et_pb_button_5_tb_body et_hover_enabled et_pb_bg_layout_dark\" style=\"width: 50%;background-color: black;\" href=\"https:\/\/app.legislapp.com.br\" target=\"_blank\" rel=\"noopener\">Visualizar completo na nossa plataforma (30 dias gr\u00e1tis)<\/a><\/p><\/div>\n<p>      <a href=\"https:\/\/play.google.com\/store\/apps\/details?id=br.com.legislapp\"><img decoding=\"async\" style=\"width: 15%; min-width: 130px;\" src=\"https:\/\/www.legislapp.com.br\/wp-content\/uploads\/google-play.png\"><\/a><br \/>\n      <a href=\"https:\/\/apps.apple.com\/us\/app\/legislapp\/id1568929859\"><img decoding=\"async\" style=\"width: 15%; min-width: 130px\" src=\"https:\/\/www.legislapp.com.br\/wp-content\/uploads\/apple-store.png\"><\/a>\n   <\/div>\n","protected":false},"excerpt":{"rendered":"<p>C\u00e2m. Legislativa de MG &#8211; Autoria de Autoriza o Estado, por interm\u00e9dio do Poder Executivo, a aderir ao Programa de Pleno Pagamento de D\u00edvidas dos Estados, nos termos da Lei Complementar Federal 212, de 13 de janeiro de 2025, e d\u00e1 outras provid\u00eancias. Autoriza o Estado, por interm\u00e9dio do Poder Executivo, a aderir ao Programa [&hellip;]<\/p>\n","protected":false},"author":1,"featured_media":0,"parent":0,"menu_order":0,"comment_status":"closed","ping_status":"closed","template":"page-template-blank.php","meta":{"_et_pb_use_builder":"","_et_pb_old_content":"","_et_gb_content_width":"1080","ngg_post_thumbnail":0,"footnotes":""},"class_list":["post-7860","page","type-page","status-publish","hentry"],"yoast_head":"<!-- This site is optimized with the Yoast SEO plugin v24.4 - https:\/\/yoast.com\/wordpress\/plugins\/seo\/ -->\n<title>PL 3731\/2025 - Legislapp<\/title>\n<meta name=\"robots\" content=\"index, follow, max-snippet:-1, max-image-preview:large, max-video-preview:-1\" \/>\n<link rel=\"canonical\" href=\"https:\/\/www.legislapp.com.br\/index.php\/cam-legislativa-de-mg-pl-3731-2025\/\" \/>\n<meta property=\"og:locale\" content=\"pt_BR\" \/>\n<meta property=\"og:type\" content=\"article\" \/>\n<meta property=\"og:title\" content=\"PL 3731\/2025 - Legislapp\" \/>\n<meta property=\"og:description\" content=\"C\u00e2m. Legislativa de MG &#8211; Autoria de Autoriza o Estado, por interm\u00e9dio do Poder Executivo, a aderir ao Programa de Pleno Pagamento de D\u00edvidas dos Estados, nos termos da Lei Complementar Federal 212, de 13 de janeiro de 2025, e d\u00e1 outras provid\u00eancias. Autoriza o Estado, por interm\u00e9dio do Poder Executivo, a aderir ao Programa [&hellip;]\" \/>\n<meta property=\"og:url\" content=\"https:\/\/www.legislapp.com.br\/index.php\/cam-legislativa-de-mg-pl-3731-2025\/\" \/>\n<meta property=\"og:site_name\" content=\"Legislapp\" \/>\n<meta property=\"article:publisher\" content=\"https:\/\/www.instagram.com\/legislapp\/\" \/>\n<meta property=\"og:image\" content=\"https:\/\/www.legislapp.com.br\/wp-content\/uploads\/google-play.png\" \/>\n<meta name=\"twitter:card\" content=\"summary_large_image\" \/>\n<meta name=\"twitter:label1\" content=\"Est. tempo de leitura\" \/>\n\t<meta name=\"twitter:data1\" content=\"7 minutos\" \/>\n<script type=\"application\/ld+json\" class=\"yoast-schema-graph\">{\"@context\":\"https:\/\/schema.org\",\"@graph\":[{\"@type\":\"WebPage\",\"@id\":\"https:\/\/www.legislapp.com.br\/index.php\/cam-legislativa-de-mg-pl-3731-2025\/\",\"url\":\"https:\/\/www.legislapp.com.br\/index.php\/cam-legislativa-de-mg-pl-3731-2025\/\",\"name\":\"PL 3731\/2025 - Legislapp\",\"isPartOf\":{\"@id\":\"https:\/\/www.legislapp.com.br\/#website\"},\"primaryImageOfPage\":{\"@id\":\"https:\/\/www.legislapp.com.br\/index.php\/cam-legislativa-de-mg-pl-3731-2025\/#primaryimage\"},\"image\":{\"@id\":\"https:\/\/www.legislapp.com.br\/index.php\/cam-legislativa-de-mg-pl-3731-2025\/#primaryimage\"},\"thumbnailUrl\":\"https:\/\/www.legislapp.com.br\/wp-content\/uploads\/google-play.png\",\"datePublished\":\"2025-09-17T16:54:25+00:00\",\"breadcrumb\":{\"@id\":\"https:\/\/www.legislapp.com.br\/index.php\/cam-legislativa-de-mg-pl-3731-2025\/#breadcrumb\"},\"inLanguage\":\"pt-BR\",\"potentialAction\":[{\"@type\":\"ReadAction\",\"target\":[\"https:\/\/www.legislapp.com.br\/index.php\/cam-legislativa-de-mg-pl-3731-2025\/\"]}]},{\"@type\":\"ImageObject\",\"inLanguage\":\"pt-BR\",\"@id\":\"https:\/\/www.legislapp.com.br\/index.php\/cam-legislativa-de-mg-pl-3731-2025\/#primaryimage\",\"url\":\"https:\/\/www.legislapp.com.br\/wp-content\/uploads\/google-play.png\",\"contentUrl\":\"https:\/\/www.legislapp.com.br\/wp-content\/uploads\/google-play.png\",\"width\":564,\"height\":168},{\"@type\":\"BreadcrumbList\",\"@id\":\"https:\/\/www.legislapp.com.br\/index.php\/cam-legislativa-de-mg-pl-3731-2025\/#breadcrumb\",\"itemListElement\":[{\"@type\":\"ListItem\",\"position\":1,\"name\":\"In\u00edcio\",\"item\":\"https:\/\/www.legislapp.com.br\/\"},{\"@type\":\"ListItem\",\"position\":2,\"name\":\"PL 3731\/2025 &#8211;\"}]},{\"@type\":\"WebSite\",\"@id\":\"https:\/\/www.legislapp.com.br\/#website\",\"url\":\"https:\/\/www.legislapp.com.br\/\",\"name\":\"Legislapp\",\"description\":\"Intelig\u00eancia governamental em tempo real\",\"publisher\":{\"@id\":\"https:\/\/www.legislapp.com.br\/#organization\"},\"potentialAction\":[{\"@type\":\"SearchAction\",\"target\":{\"@type\":\"EntryPoint\",\"urlTemplate\":\"https:\/\/www.legislapp.com.br\/?s={search_term_string}\"},\"query-input\":{\"@type\":\"PropertyValueSpecification\",\"valueRequired\":true,\"valueName\":\"search_term_string\"}}],\"inLanguage\":\"pt-BR\"},{\"@type\":\"Organization\",\"@id\":\"https:\/\/www.legislapp.com.br\/#organization\",\"name\":\"Legislapp Monitoramento e Intelig\u00eancia Governamental\",\"url\":\"https:\/\/www.legislapp.com.br\/\",\"logo\":{\"@type\":\"ImageObject\",\"inLanguage\":\"pt-BR\",\"@id\":\"https:\/\/www.legislapp.com.br\/#\/schema\/logo\/image\/\",\"url\":\"https:\/\/www.legislapp.com.br\/wp-content\/uploads\/icon.png\",\"contentUrl\":\"https:\/\/www.legislapp.com.br\/wp-content\/uploads\/icon.png\",\"width\":1024,\"height\":1024,\"caption\":\"Legislapp Monitoramento e Intelig\u00eancia Governamental\"},\"image\":{\"@id\":\"https:\/\/www.legislapp.com.br\/#\/schema\/logo\/image\/\"},\"sameAs\":[\"https:\/\/www.instagram.com\/legislapp\/\"]}]}<\/script>\n<!-- \/ Yoast SEO plugin. -->","yoast_head_json":{"title":"PL 3731\/2025 - Legislapp","robots":{"index":"index","follow":"follow","max-snippet":"max-snippet:-1","max-image-preview":"max-image-preview:large","max-video-preview":"max-video-preview:-1"},"canonical":"https:\/\/www.legislapp.com.br\/index.php\/cam-legislativa-de-mg-pl-3731-2025\/","og_locale":"pt_BR","og_type":"article","og_title":"PL 3731\/2025 - Legislapp","og_description":"C\u00e2m. Legislativa de MG &#8211; Autoria de Autoriza o Estado, por interm\u00e9dio do Poder Executivo, a aderir ao Programa de Pleno Pagamento de D\u00edvidas dos Estados, nos termos da Lei Complementar Federal 212, de 13 de janeiro de 2025, e d\u00e1 outras provid\u00eancias. Autoriza o Estado, por interm\u00e9dio do Poder Executivo, a aderir ao Programa [&hellip;]","og_url":"https:\/\/www.legislapp.com.br\/index.php\/cam-legislativa-de-mg-pl-3731-2025\/","og_site_name":"Legislapp","article_publisher":"https:\/\/www.instagram.com\/legislapp\/","og_image":[{"url":"https:\/\/www.legislapp.com.br\/wp-content\/uploads\/google-play.png","type":"","width":"","height":""}],"twitter_card":"summary_large_image","twitter_misc":{"Est. tempo de leitura":"7 minutos"},"schema":{"@context":"https:\/\/schema.org","@graph":[{"@type":"WebPage","@id":"https:\/\/www.legislapp.com.br\/index.php\/cam-legislativa-de-mg-pl-3731-2025\/","url":"https:\/\/www.legislapp.com.br\/index.php\/cam-legislativa-de-mg-pl-3731-2025\/","name":"PL 3731\/2025 - Legislapp","isPartOf":{"@id":"https:\/\/www.legislapp.com.br\/#website"},"primaryImageOfPage":{"@id":"https:\/\/www.legislapp.com.br\/index.php\/cam-legislativa-de-mg-pl-3731-2025\/#primaryimage"},"image":{"@id":"https:\/\/www.legislapp.com.br\/index.php\/cam-legislativa-de-mg-pl-3731-2025\/#primaryimage"},"thumbnailUrl":"https:\/\/www.legislapp.com.br\/wp-content\/uploads\/google-play.png","datePublished":"2025-09-17T16:54:25+00:00","breadcrumb":{"@id":"https:\/\/www.legislapp.com.br\/index.php\/cam-legislativa-de-mg-pl-3731-2025\/#breadcrumb"},"inLanguage":"pt-BR","potentialAction":[{"@type":"ReadAction","target":["https:\/\/www.legislapp.com.br\/index.php\/cam-legislativa-de-mg-pl-3731-2025\/"]}]},{"@type":"ImageObject","inLanguage":"pt-BR","@id":"https:\/\/www.legislapp.com.br\/index.php\/cam-legislativa-de-mg-pl-3731-2025\/#primaryimage","url":"https:\/\/www.legislapp.com.br\/wp-content\/uploads\/google-play.png","contentUrl":"https:\/\/www.legislapp.com.br\/wp-content\/uploads\/google-play.png","width":564,"height":168},{"@type":"BreadcrumbList","@id":"https:\/\/www.legislapp.com.br\/index.php\/cam-legislativa-de-mg-pl-3731-2025\/#breadcrumb","itemListElement":[{"@type":"ListItem","position":1,"name":"In\u00edcio","item":"https:\/\/www.legislapp.com.br\/"},{"@type":"ListItem","position":2,"name":"PL 3731\/2025 &#8211;"}]},{"@type":"WebSite","@id":"https:\/\/www.legislapp.com.br\/#website","url":"https:\/\/www.legislapp.com.br\/","name":"Legislapp","description":"Intelig\u00eancia governamental em tempo real","publisher":{"@id":"https:\/\/www.legislapp.com.br\/#organization"},"potentialAction":[{"@type":"SearchAction","target":{"@type":"EntryPoint","urlTemplate":"https:\/\/www.legislapp.com.br\/?s={search_term_string}"},"query-input":{"@type":"PropertyValueSpecification","valueRequired":true,"valueName":"search_term_string"}}],"inLanguage":"pt-BR"},{"@type":"Organization","@id":"https:\/\/www.legislapp.com.br\/#organization","name":"Legislapp Monitoramento e Intelig\u00eancia Governamental","url":"https:\/\/www.legislapp.com.br\/","logo":{"@type":"ImageObject","inLanguage":"pt-BR","@id":"https:\/\/www.legislapp.com.br\/#\/schema\/logo\/image\/","url":"https:\/\/www.legislapp.com.br\/wp-content\/uploads\/icon.png","contentUrl":"https:\/\/www.legislapp.com.br\/wp-content\/uploads\/icon.png","width":1024,"height":1024,"caption":"Legislapp Monitoramento e Intelig\u00eancia Governamental"},"image":{"@id":"https:\/\/www.legislapp.com.br\/#\/schema\/logo\/image\/"},"sameAs":["https:\/\/www.instagram.com\/legislapp\/"]}]}},"_links":{"self":[{"href":"https:\/\/www.legislapp.com.br\/index.php\/wp-json\/wp\/v2\/pages\/7860","targetHints":{"allow":["GET"]}}],"collection":[{"href":"https:\/\/www.legislapp.com.br\/index.php\/wp-json\/wp\/v2\/pages"}],"about":[{"href":"https:\/\/www.legislapp.com.br\/index.php\/wp-json\/wp\/v2\/types\/page"}],"author":[{"embeddable":true,"href":"https:\/\/www.legislapp.com.br\/index.php\/wp-json\/wp\/v2\/users\/1"}],"replies":[{"embeddable":true,"href":"https:\/\/www.legislapp.com.br\/index.php\/wp-json\/wp\/v2\/comments?post=7860"}],"version-history":[{"count":0,"href":"https:\/\/www.legislapp.com.br\/index.php\/wp-json\/wp\/v2\/pages\/7860\/revisions"}],"wp:attachment":[{"href":"https:\/\/www.legislapp.com.br\/index.php\/wp-json\/wp\/v2\/media?parent=7860"}],"curies":[{"name":"wp","href":"https:\/\/api.w.org\/{rel}","templated":true}]}}