{"id":7877,"date":"2025-09-17T13:55:26","date_gmt":"2025-09-17T16:55:26","guid":{"rendered":"https:\/\/www.legislapp.com.br\/index.php\/cam-legislativa-de-pe-pl-2902-2025\/"},"modified":"2025-09-17T13:55:26","modified_gmt":"2025-09-17T16:55:26","slug":"cam-legislativa-de-pe-pl-2902-2025","status":"publish","type":"page","link":"https:\/\/www.legislapp.com.br\/index.php\/cam-legislativa-de-pe-pl-2902-2025\/","title":{"rendered":"PL 2902\/2025 &#8211; Gilmar Junior"},"content":{"rendered":"<h1 style='text-align: center;'>C\u00e2m. Legislativa de PE &#8211; Autoria de Gilmar Junior<br \/><img src='https:\/\/www.alepe.pe.gov.br\/\/wp-content\/uploads\/2023\/02\/GILMAR-JUNIOR-scaled-e1675859139299.jpg' alt='Gilmar Junior' \/><\/h3>\n<p><\/p>\n<article style='text-align: center'>A obesidade, \u00e9 um problema de sa\u00fade p\u00fablica e fator de risco para outras enfermidades, como doen\u00e7as cardiovasculares, diabetes, hipertens\u00e3o e alguns tipos de c\u00e2nceres, e, consequentemente, afeta a qualidade de vida, as intera\u00e7\u00f5es sociais e favorece a mortalidade precoce.<\/p>\n<p>\u00a0\u00a0\u00a0\u00a0\u00a0No Brasil, mais de 41 milh\u00f5es de pessoas s\u00e3o obesas, segundo a Pesquisa Nacional de Sa\u00fade (PNS\/2020). A Federa\u00e7\u00e3o internacional de Diabetes &#8211; IDF, entidade que re\u00fane mais de 240 associa\u00e7\u00f5es de diabetes em mais de 161 pa\u00edses e territ\u00f3rios, estima que a preval\u00eancia do diabetes no Brasil \u00e9 de 10,5% da popula\u00e7\u00e3o brasileira. Dentre os tipos de diabetes, a maioria \u00e9 de diabetes Tipo 2, que ocorre quando o organismo n\u00e3o consegue usar adequadamente a insulina que produz (denominada resist\u00eancia \u00e0 a\u00e7\u00e3o da insulina), ou n\u00e3o produz insulina suficiente para controlar a taxa de glicemia. \u00c9 conhecido que a resist\u00eancia \u00e0 a\u00e7\u00e3o de insulina \u00e9 a base para a altera\u00e7\u00e3o no controle da glicemia no diabetes tipo 2 e tem como fatores de risco principais a obesidade, a dieta n\u00e3o saud\u00e1vel e a falta de atividade f\u00edsica.<\/p>\n<p>\u00a0\u00a0\u00a0\u00a0\u00a0Esse tipo de diabetes se manifesta mais frequentemente em adultos, mas, com o aumento de casos de obesidade em crian\u00e7as e adolescentes, tamb\u00e9m tem sido registrado casos de diabetes tipo 2 entre grupos mais jovens. Recentemente, foi comprovada a efic\u00e1cia do uso dos medicamentos como semaglutida e tirzepatida no combate a ambas as doen\u00e7as, tendo a Anvisa aprovado a semaglutida (Wegovy) para o tratamento da obesidade em 2023, e estudos cl\u00ednicos como o programa STEP demonstram elevada efic\u00e1cia: perda m\u00e9dia de at\u00e9 17% do peso corporal em 68 semanas, incluindo um em cada tr\u00eas pacientes com redu\u00e7\u00e3o igual ou superior a 20%. Resultados como estes reduzem a morbidade e outras complica\u00e7\u00f5es decorrentes da obesidade, e, a longo prazo, geram economia ao sistema de sa\u00fade. N\u00e3o obstante, o valor de tais medicamentos \u00e9 elevad\u00edssimo, privando as pessoas de baixa renda de tal tratamento, de forma que a gratuidade atende ao princ\u00edpio da equidade do SUS, conforme o art. 196 da Constitui\u00e7\u00e3o Federal, contribuindo para justi\u00e7a social e preven\u00e7\u00e3o de complica\u00e7\u00f5es cl\u00ednicas.<\/p>\n<p>\u00a0\u00a0\u00a0\u00a0\u00a0Diante do exposto, conto com a colabora\u00e7\u00e3o dos Nobres Pares para a aprova\u00e7\u00e3o do presente projeto de Lei.<\/article>\n<p><\/p>\n<p style='text-align: center'><a href='https:\/\/app.legislapp.com.br\/#\/busca?termo='><\/a><\/p>\n<p><\/p>\n<article>\u00a0\u00a0\u00a0\u00a0\u00a0Art. 1\u00ba Ficam institu\u00eddas diretrizes para o fornecimento de medicamentos \u00e0 base de tirzepatida, semaglutida e outras subst\u00e2ncias inseridas no Sistema \u00danico de Sa\u00fade &#8211; SUS em Pernambuco.<\/p>\n<p>\u00a0\u00a0\u00a0\u00a0\u00a0\u00a7 1\u00ba\u00a0O fornecimento das substancias que menciona o caput se refere ao tratamento terap\u00eautico indicado para o diabetes mellitus tipo 2, obesidade, doen\u00e7as cr\u00f4nicas ou comorbidades associadas, conforme laudo m\u00e9dico emitido por profissional da rede p\u00fablica de sa\u00fade.<\/p>\n<p>\u00a0\u00a0\u00a0\u00a0\u00a0\u00a7 2\u00ba\u00a0As diretrizes fundamentam-se nos princ\u00edpios da universalidade, integralidade e equidade do Sistema \u00danico de Sa\u00fade (SUS).<\/p>\n<p>\u00a0\u00a0\u00a0\u00a0\u00a0Art. 2\u00ba\u00a0O acesso aos medicamentos de que trata esta Lei fica condicionado aos seguintes crit\u00e9rios:<\/p>\n<p>\u00a0\u00a0\u00a0\u00a0\u00a0I &#8211;\u00a0prescri\u00e7\u00e3o m\u00e9dica emitida por profissional da rede p\u00fablica de sa\u00fade;<\/p>\n<p>\u00a0\u00a0\u00a0\u00a0\u00a0II &#8211;\u00a0laudo m\u00e9dico que comprove o diagn\u00f3stico e a indica\u00e7\u00e3o cl\u00ednica do tratamento;<\/p>\n<p>\u00a0\u00a0\u00a0\u00a0\u00a0III &#8211;\u00a0comprova\u00e7\u00e3o, mediante avalia\u00e7\u00e3o socioecon\u00f4mica, de que o paciente n\u00e3o disp\u00f5e de recursos financeiros para adquirir o medicamento;<\/p>\n<p>\u00a0\u00a0\u00a0\u00a0\u00a0IV &#8211;\u00a0reavalia\u00e7\u00e3o obrigat\u00f3ria do tratamento, a cada 6 (seis) meses, com base em crit\u00e9rios cl\u00ednicos e de efic\u00e1cia terap\u00eautica, a ser realizada por profissional da rede p\u00fablica de sa\u00fade.<\/p>\n<p>\u00a0\u00a0\u00a0\u00a0\u00a0Art. 3\u00ba\u00a0Esta Lei entra em vigor 60 (sessenta) ap\u00f3s a data de publica\u00e7\u00e3o.<\/article>\n<div style=\"text-align: center\">\n<div style=\"margin-bottom: 20px;\" class=\"et_pb_button_module_wrapper et_pb_button_5_tb_body_wrapper et_pb_button_alignment_center et_pb_module \">\n         <a class=\"et_pb_button et_pb_button_5_tb_body et_hover_enabled et_pb_bg_layout_dark\" style=\"width: 50%;background-color: black;\" href=\"https:\/\/app.legislapp.com.br\" target=\"_blank\" rel=\"noopener\">Visualizar completo na nossa plataforma (30 dias gr\u00e1tis)<\/a><\/p><\/div>\n<p>      <a href=\"https:\/\/play.google.com\/store\/apps\/details?id=br.com.legislapp\"><img decoding=\"async\" style=\"width: 15%; min-width: 130px;\" src=\"https:\/\/www.legislapp.com.br\/wp-content\/uploads\/google-play.png\"><\/a><br \/>\n      <a href=\"https:\/\/apps.apple.com\/us\/app\/legislapp\/id1568929859\"><img decoding=\"async\" style=\"width: 15%; min-width: 130px\" src=\"https:\/\/www.legislapp.com.br\/wp-content\/uploads\/apple-store.png\"><\/a>\n   <\/div>\n","protected":false},"excerpt":{"rendered":"<p>C\u00e2m. Legislativa de PE &#8211; Autoria de Gilmar Junior A obesidade, \u00e9 um problema de sa\u00fade p\u00fablica e fator de risco para outras enfermidades, como doen\u00e7as cardiovasculares, diabetes, hipertens\u00e3o e alguns tipos de c\u00e2nceres, e, consequentemente, afeta a qualidade de vida, as intera\u00e7\u00f5es sociais e favorece a mortalidade precoce. \u00a0\u00a0\u00a0\u00a0\u00a0No Brasil, mais de 41 milh\u00f5es [&hellip;]<\/p>\n","protected":false},"author":1,"featured_media":0,"parent":0,"menu_order":0,"comment_status":"closed","ping_status":"closed","template":"page-template-blank.php","meta":{"_et_pb_use_builder":"","_et_pb_old_content":"","_et_gb_content_width":"1080","ngg_post_thumbnail":0,"footnotes":""},"class_list":["post-7877","page","type-page","status-publish","hentry"],"yoast_head":"<!-- This site is optimized with the Yoast SEO plugin v24.4 - https:\/\/yoast.com\/wordpress\/plugins\/seo\/ -->\n<title>PL 2902\/2025 - Gilmar Junior - Legislapp<\/title>\n<meta name=\"robots\" content=\"index, follow, max-snippet:-1, max-image-preview:large, max-video-preview:-1\" \/>\n<link rel=\"canonical\" href=\"https:\/\/www.legislapp.com.br\/index.php\/cam-legislativa-de-pe-pl-2902-2025\/\" \/>\n<meta property=\"og:locale\" content=\"pt_BR\" \/>\n<meta property=\"og:type\" content=\"article\" \/>\n<meta property=\"og:title\" content=\"PL 2902\/2025 - Gilmar Junior - Legislapp\" \/>\n<meta property=\"og:description\" content=\"C\u00e2m. Legislativa de PE &#8211; Autoria de Gilmar Junior A obesidade, \u00e9 um problema de sa\u00fade p\u00fablica e fator de risco para outras enfermidades, como doen\u00e7as cardiovasculares, diabetes, hipertens\u00e3o e alguns tipos de c\u00e2nceres, e, consequentemente, afeta a qualidade de vida, as intera\u00e7\u00f5es sociais e favorece a mortalidade precoce. \u00a0\u00a0\u00a0\u00a0\u00a0No Brasil, mais de 41 milh\u00f5es [&hellip;]\" \/>\n<meta property=\"og:url\" content=\"https:\/\/www.legislapp.com.br\/index.php\/cam-legislativa-de-pe-pl-2902-2025\/\" \/>\n<meta property=\"og:site_name\" content=\"Legislapp\" \/>\n<meta property=\"article:publisher\" content=\"https:\/\/www.instagram.com\/legislapp\/\" \/>\n<meta property=\"og:image\" content=\"https:\/\/www.alepe.pe.gov.br\/\/wp-content\/uploads\/2023\/02\/GILMAR-JUNIOR-scaled-e1675859139299.jpg\" \/>\n<meta name=\"twitter:card\" content=\"summary_large_image\" \/>\n<meta name=\"twitter:label1\" content=\"Est. tempo de leitura\" \/>\n\t<meta name=\"twitter:data1\" content=\"3 minutos\" \/>\n<script type=\"application\/ld+json\" class=\"yoast-schema-graph\">{\"@context\":\"https:\/\/schema.org\",\"@graph\":[{\"@type\":\"WebPage\",\"@id\":\"https:\/\/www.legislapp.com.br\/index.php\/cam-legislativa-de-pe-pl-2902-2025\/\",\"url\":\"https:\/\/www.legislapp.com.br\/index.php\/cam-legislativa-de-pe-pl-2902-2025\/\",\"name\":\"PL 2902\/2025 - Gilmar Junior - Legislapp\",\"isPartOf\":{\"@id\":\"https:\/\/www.legislapp.com.br\/#website\"},\"primaryImageOfPage\":{\"@id\":\"https:\/\/www.legislapp.com.br\/index.php\/cam-legislativa-de-pe-pl-2902-2025\/#primaryimage\"},\"image\":{\"@id\":\"https:\/\/www.legislapp.com.br\/index.php\/cam-legislativa-de-pe-pl-2902-2025\/#primaryimage\"},\"thumbnailUrl\":\"https:\/\/www.alepe.pe.gov.br\/\/wp-content\/uploads\/2023\/02\/GILMAR-JUNIOR-scaled-e1675859139299.jpg\",\"datePublished\":\"2025-09-17T16:55:26+00:00\",\"breadcrumb\":{\"@id\":\"https:\/\/www.legislapp.com.br\/index.php\/cam-legislativa-de-pe-pl-2902-2025\/#breadcrumb\"},\"inLanguage\":\"pt-BR\",\"potentialAction\":[{\"@type\":\"ReadAction\",\"target\":[\"https:\/\/www.legislapp.com.br\/index.php\/cam-legislativa-de-pe-pl-2902-2025\/\"]}]},{\"@type\":\"ImageObject\",\"inLanguage\":\"pt-BR\",\"@id\":\"https:\/\/www.legislapp.com.br\/index.php\/cam-legislativa-de-pe-pl-2902-2025\/#primaryimage\",\"url\":\"https:\/\/www.alepe.pe.gov.br\/\/wp-content\/uploads\/2023\/02\/GILMAR-JUNIOR-scaled-e1675859139299.jpg\",\"contentUrl\":\"https:\/\/www.alepe.pe.gov.br\/\/wp-content\/uploads\/2023\/02\/GILMAR-JUNIOR-scaled-e1675859139299.jpg\"},{\"@type\":\"BreadcrumbList\",\"@id\":\"https:\/\/www.legislapp.com.br\/index.php\/cam-legislativa-de-pe-pl-2902-2025\/#breadcrumb\",\"itemListElement\":[{\"@type\":\"ListItem\",\"position\":1,\"name\":\"In\u00edcio\",\"item\":\"https:\/\/www.legislapp.com.br\/\"},{\"@type\":\"ListItem\",\"position\":2,\"name\":\"PL 2902\/2025 &#8211; Gilmar Junior\"}]},{\"@type\":\"WebSite\",\"@id\":\"https:\/\/www.legislapp.com.br\/#website\",\"url\":\"https:\/\/www.legislapp.com.br\/\",\"name\":\"Legislapp\",\"description\":\"Intelig\u00eancia governamental em tempo real\",\"publisher\":{\"@id\":\"https:\/\/www.legislapp.com.br\/#organization\"},\"potentialAction\":[{\"@type\":\"SearchAction\",\"target\":{\"@type\":\"EntryPoint\",\"urlTemplate\":\"https:\/\/www.legislapp.com.br\/?s={search_term_string}\"},\"query-input\":{\"@type\":\"PropertyValueSpecification\",\"valueRequired\":true,\"valueName\":\"search_term_string\"}}],\"inLanguage\":\"pt-BR\"},{\"@type\":\"Organization\",\"@id\":\"https:\/\/www.legislapp.com.br\/#organization\",\"name\":\"Legislapp Monitoramento e Intelig\u00eancia Governamental\",\"url\":\"https:\/\/www.legislapp.com.br\/\",\"logo\":{\"@type\":\"ImageObject\",\"inLanguage\":\"pt-BR\",\"@id\":\"https:\/\/www.legislapp.com.br\/#\/schema\/logo\/image\/\",\"url\":\"https:\/\/www.legislapp.com.br\/wp-content\/uploads\/icon.png\",\"contentUrl\":\"https:\/\/www.legislapp.com.br\/wp-content\/uploads\/icon.png\",\"width\":1024,\"height\":1024,\"caption\":\"Legislapp Monitoramento e Intelig\u00eancia Governamental\"},\"image\":{\"@id\":\"https:\/\/www.legislapp.com.br\/#\/schema\/logo\/image\/\"},\"sameAs\":[\"https:\/\/www.instagram.com\/legislapp\/\"]}]}<\/script>\n<!-- \/ Yoast SEO plugin. -->","yoast_head_json":{"title":"PL 2902\/2025 - Gilmar Junior - Legislapp","robots":{"index":"index","follow":"follow","max-snippet":"max-snippet:-1","max-image-preview":"max-image-preview:large","max-video-preview":"max-video-preview:-1"},"canonical":"https:\/\/www.legislapp.com.br\/index.php\/cam-legislativa-de-pe-pl-2902-2025\/","og_locale":"pt_BR","og_type":"article","og_title":"PL 2902\/2025 - Gilmar Junior - Legislapp","og_description":"C\u00e2m. Legislativa de PE &#8211; Autoria de Gilmar Junior A obesidade, \u00e9 um problema de sa\u00fade p\u00fablica e fator de risco para outras enfermidades, como doen\u00e7as cardiovasculares, diabetes, hipertens\u00e3o e alguns tipos de c\u00e2nceres, e, consequentemente, afeta a qualidade de vida, as intera\u00e7\u00f5es sociais e favorece a mortalidade precoce. \u00a0\u00a0\u00a0\u00a0\u00a0No Brasil, mais de 41 milh\u00f5es [&hellip;]","og_url":"https:\/\/www.legislapp.com.br\/index.php\/cam-legislativa-de-pe-pl-2902-2025\/","og_site_name":"Legislapp","article_publisher":"https:\/\/www.instagram.com\/legislapp\/","og_image":[{"url":"https:\/\/www.alepe.pe.gov.br\/\/wp-content\/uploads\/2023\/02\/GILMAR-JUNIOR-scaled-e1675859139299.jpg","type":"","width":"","height":""}],"twitter_card":"summary_large_image","twitter_misc":{"Est. tempo de leitura":"3 minutos"},"schema":{"@context":"https:\/\/schema.org","@graph":[{"@type":"WebPage","@id":"https:\/\/www.legislapp.com.br\/index.php\/cam-legislativa-de-pe-pl-2902-2025\/","url":"https:\/\/www.legislapp.com.br\/index.php\/cam-legislativa-de-pe-pl-2902-2025\/","name":"PL 2902\/2025 - Gilmar Junior - Legislapp","isPartOf":{"@id":"https:\/\/www.legislapp.com.br\/#website"},"primaryImageOfPage":{"@id":"https:\/\/www.legislapp.com.br\/index.php\/cam-legislativa-de-pe-pl-2902-2025\/#primaryimage"},"image":{"@id":"https:\/\/www.legislapp.com.br\/index.php\/cam-legislativa-de-pe-pl-2902-2025\/#primaryimage"},"thumbnailUrl":"https:\/\/www.alepe.pe.gov.br\/\/wp-content\/uploads\/2023\/02\/GILMAR-JUNIOR-scaled-e1675859139299.jpg","datePublished":"2025-09-17T16:55:26+00:00","breadcrumb":{"@id":"https:\/\/www.legislapp.com.br\/index.php\/cam-legislativa-de-pe-pl-2902-2025\/#breadcrumb"},"inLanguage":"pt-BR","potentialAction":[{"@type":"ReadAction","target":["https:\/\/www.legislapp.com.br\/index.php\/cam-legislativa-de-pe-pl-2902-2025\/"]}]},{"@type":"ImageObject","inLanguage":"pt-BR","@id":"https:\/\/www.legislapp.com.br\/index.php\/cam-legislativa-de-pe-pl-2902-2025\/#primaryimage","url":"https:\/\/www.alepe.pe.gov.br\/\/wp-content\/uploads\/2023\/02\/GILMAR-JUNIOR-scaled-e1675859139299.jpg","contentUrl":"https:\/\/www.alepe.pe.gov.br\/\/wp-content\/uploads\/2023\/02\/GILMAR-JUNIOR-scaled-e1675859139299.jpg"},{"@type":"BreadcrumbList","@id":"https:\/\/www.legislapp.com.br\/index.php\/cam-legislativa-de-pe-pl-2902-2025\/#breadcrumb","itemListElement":[{"@type":"ListItem","position":1,"name":"In\u00edcio","item":"https:\/\/www.legislapp.com.br\/"},{"@type":"ListItem","position":2,"name":"PL 2902\/2025 &#8211; Gilmar Junior"}]},{"@type":"WebSite","@id":"https:\/\/www.legislapp.com.br\/#website","url":"https:\/\/www.legislapp.com.br\/","name":"Legislapp","description":"Intelig\u00eancia governamental em tempo real","publisher":{"@id":"https:\/\/www.legislapp.com.br\/#organization"},"potentialAction":[{"@type":"SearchAction","target":{"@type":"EntryPoint","urlTemplate":"https:\/\/www.legislapp.com.br\/?s={search_term_string}"},"query-input":{"@type":"PropertyValueSpecification","valueRequired":true,"valueName":"search_term_string"}}],"inLanguage":"pt-BR"},{"@type":"Organization","@id":"https:\/\/www.legislapp.com.br\/#organization","name":"Legislapp Monitoramento e Intelig\u00eancia Governamental","url":"https:\/\/www.legislapp.com.br\/","logo":{"@type":"ImageObject","inLanguage":"pt-BR","@id":"https:\/\/www.legislapp.com.br\/#\/schema\/logo\/image\/","url":"https:\/\/www.legislapp.com.br\/wp-content\/uploads\/icon.png","contentUrl":"https:\/\/www.legislapp.com.br\/wp-content\/uploads\/icon.png","width":1024,"height":1024,"caption":"Legislapp Monitoramento e Intelig\u00eancia Governamental"},"image":{"@id":"https:\/\/www.legislapp.com.br\/#\/schema\/logo\/image\/"},"sameAs":["https:\/\/www.instagram.com\/legislapp\/"]}]}},"_links":{"self":[{"href":"https:\/\/www.legislapp.com.br\/index.php\/wp-json\/wp\/v2\/pages\/7877","targetHints":{"allow":["GET"]}}],"collection":[{"href":"https:\/\/www.legislapp.com.br\/index.php\/wp-json\/wp\/v2\/pages"}],"about":[{"href":"https:\/\/www.legislapp.com.br\/index.php\/wp-json\/wp\/v2\/types\/page"}],"author":[{"embeddable":true,"href":"https:\/\/www.legislapp.com.br\/index.php\/wp-json\/wp\/v2\/users\/1"}],"replies":[{"embeddable":true,"href":"https:\/\/www.legislapp.com.br\/index.php\/wp-json\/wp\/v2\/comments?post=7877"}],"version-history":[{"count":0,"href":"https:\/\/www.legislapp.com.br\/index.php\/wp-json\/wp\/v2\/pages\/7877\/revisions"}],"wp:attachment":[{"href":"https:\/\/www.legislapp.com.br\/index.php\/wp-json\/wp\/v2\/media?parent=7877"}],"curies":[{"name":"wp","href":"https:\/\/api.w.org\/{rel}","templated":true}]}}