{"id":7878,"date":"2025-09-17T13:55:29","date_gmt":"2025-09-17T16:55:29","guid":{"rendered":"https:\/\/www.legislapp.com.br\/index.php\/cam-legislativa-de-pe-pl-2898-2025\/"},"modified":"2025-09-17T13:55:29","modified_gmt":"2025-09-17T16:55:29","slug":"cam-legislativa-de-pe-pl-2898-2025","status":"publish","type":"page","link":"https:\/\/www.legislapp.com.br\/index.php\/cam-legislativa-de-pe-pl-2898-2025\/","title":{"rendered":"PL 2898\/2025 &#8211; Socorro Pimentel"},"content":{"rendered":"<h1 style='text-align: center;'>C\u00e2m. Legislativa de PE &#8211; Autoria de Socorro Pimentel<br \/><img src='https:\/\/www.alepe.pe.gov.br\/\/wp-content\/uploads\/2023\/01\/SOCORRO-PIMENTEL-1-scaled-e1676403370709.jpg' alt='Socorro Pimentel' \/><\/h3>\n<p><\/p>\n<article style='text-align: center'>A presente proposi\u00e7\u00e3o tem por finalidade alterar a Lei n\u00ba 17.522, de 9 de dezembro de 2021, que disp\u00f5e sobre as penalidades administrativas aplic\u00e1veis em raz\u00e3o de atos de racismo e LGBTQI+fobia, bem como de atos discriminat\u00f3rios ou ofensivos contra a mulher, praticados no \u00e2mbito do Estado de Pernambuco, e institui diretrizes para o Poder P\u00fablico no combate ao ass\u00e9dio sexual nos locais que indica e d\u00e1 outras provid\u00eancias.<\/p>\n<p>\u00a0\u00a0\u00a0\u00a0\u00a0A altera\u00e7\u00e3o ora proposta visa incluir nova diretriz que deve servir como guia para a atua\u00e7\u00e3o do poder p\u00fablico no combate ao ass\u00e9dio e \u00e0 viol\u00eancia sexual contra as mulheres nos est\u00e1dios, gin\u00e1sios e demais locais onde s\u00e3o realizados eventos esportivos.<\/p>\n<p>\u00a0\u00a0\u00a0\u00a0\u00a0Al\u00e9m disso, acrescenta, no \u00e2mbito das atividades esportivas realizadas em est\u00e1dios e arenas do Estado de Pernambuco, a necessidade da divulga\u00e7\u00e3o dos telefones de \u00f3rg\u00e3os p\u00fablicos respons\u00e1veis pelo atendimento e acolhimento das v\u00edtimas.<\/p>\n<p>\u00a0\u00a0\u00a0\u00a0\u00a0Quanto \u00e0 constitucionalidade material da proposi\u00e7\u00e3o, verifica-se que a mat\u00e9ria trata de direito fundamental insculpido na Carta Magna, mais precisamente no art. 3\u00ba, IV c\/c art. 5\u00ba, caput, CF\/88, in verbis:<\/p>\n<p>Art. 3\u00ba Constituem objetivos fundamentais da Rep\u00fablica Federativa do Brasil:<\/p>\n<p>[&#8230;]<\/p>\n<p>IV &#8211; promover o bem de todos, sem preconceitos de origem, ra\u00e7a, sexo, cor, idade e quaisquer outras formas de discrimina\u00e7\u00e3o.<\/p>\n<p>Art. 5\u00ba Todos s\u00e3o iguais perante a lei, sem distin\u00e7\u00e3o de qualquer natureza, garantindo-se aos brasileiros e aos estrangeiros residentes no Pa\u00eds a inviolabilidade do direito \u00e0 vida, \u00e0 liberdade, \u00e0 igualdade, \u00e0 seguran\u00e7a e \u00e0 propriedade, nos termos seguintes:<\/p>\n<p>\u00a0\u00a0\u00a0\u00a0\u00a0Sobre a utiliza\u00e7\u00e3o dos atos estatais como instrumento de efetiva\u00e7\u00e3o dos objetivos fundamentais da Rep\u00fablica Federativa do Brasil, dentre eles \u201cpromover o bem de todos, sem preconceitos de origem, ra\u00e7a, sexo, cor, idade e quaisquer outras formas de discrimina\u00e7\u00e3o\u201d, colaciona-se valiosa li\u00e7\u00e3o doutrin\u00e1ria, sen\u00e3o vejamos:<\/p>\n<p>\u201cNitidamente, a Constitui\u00e7\u00e3o brasileira aponta para a constru\u00e7\u00e3o de um Estado Social de \u00edndole intervencionista, que deve pautar-se por pol\u00edticas p\u00fablicas distributivistas, quest\u00e3o que exsurge claramente da dic\u00e7\u00e3o do art. 3\u00ba do texto magno. Desse modo, a no\u00e7\u00e3o de Constitui\u00e7\u00e3o que se pretende preservar, nesta quadra da hist\u00f3ria, \u00e9 aquela que contenha uma for\u00e7a normativa capaz de assegurar esse n\u00facleo de modernidade tardia n\u00e3o cumprida. [&#8230;] A formula\u00e7\u00e3o e execu\u00e7\u00e3o das pol\u00edticas p\u00fablicas v\u00eam n\u00e3o apenas sujeitas ao controle de sua regularidade formal, como tamb\u00e9m de sua destina\u00e7\u00e3o adequada ao cumprimento dos fins do Estado. [&#8230;] Mais do que procedimentos, a Constitui\u00e7\u00e3o instituidora do Estado Democr\u00e1tico de Direito apresenta, a partir de uma revolu\u00e7\u00e3o copernicana do direito constitucional, a determina\u00e7\u00e3o da realiza\u00e7\u00e3o substantiva dos direitos sociais, de cidadania e aqueles relacionados diretamente \u00e0 terceira dimens\u00e3o de direitos. Para tanto, o Direito assume uma nova fei\u00e7\u00e3o: a de transforma\u00e7\u00e3o das estruturas da sociedade.\u201d (STRECK, Lenio L. Coment\u00e1rio ao artigo 3\u00ba, In: CANOTILHO, J. J. Gomes; MENDES, Gilmar F.; SARLET, Ingo W.; ________ (Coords.). Coment\u00e1rios \u00e0 Constitui\u00e7\u00e3o do Brasil. S\u00e3o Paulo: Saraiva\/Almedina, 2013. p. 310-312).<\/p>\n<p>\u00a0\u00a0\u00a0\u00a0\u00a0A mat\u00e9ria se insere, ainda, na compet\u00eancia legislativa concorrente dos estados membros para dispor sobre prote\u00e7\u00e3o e defesa da sa\u00fade, nos termos do art. 24, XII, da Constitui\u00e7\u00e3o Federal.<\/p>\n<p>\u00a0\u00a0\u00a0\u00a0\u00a0Por fim, quanto \u00e0 constitucionalidade formal da proposta, n\u00e3o existe impedimento para a iniciativa parlamentar, pois a mat\u00e9ria n\u00e3o se enquadra nas hip\u00f3teses de iniciativa privativa do Governador do Estado (art. 19, \u00a7 1\u00ba da Constitui\u00e7\u00e3o Estadual), uma vez que n\u00e3o versa sobre cria\u00e7\u00e3o, estrutura\u00e7\u00e3o e atribui\u00e7\u00f5es de \u00f3rg\u00e3os do Poder Executivo.<\/article>\n<p><\/p>\n<p style='text-align: center'><a href='https:\/\/app.legislapp.com.br\/#\/busca?termo='><\/a><\/p>\n<p><\/p>\n<article>\u00a0\u00a0\u00a0\u00a0\u00a0Art. 1\u00ba A Lei n\u00ba 17.522, de 9 de dezembro de 2021, passa a vigorar com as seguintes altera\u00e7\u00f5es:<\/p>\n<p>\u201cArt. 3\u00ba &#8230;&#8230;&#8230;&#8230;&#8230;&#8230;&#8230;&#8230;&#8230;&#8230;&#8230;&#8230;&#8230;&#8230;&#8230;&#8230;&#8230;&#8230;&#8230;&#8230;&#8230;&#8230;&#8230;&#8230;&#8230;&#8230;&#8230;..<\/p>\n<p>&#8230;&#8230;&#8230;&#8230;&#8230;&#8230;&#8230;&#8230;&#8230;&#8230;&#8230;&#8230;&#8230;&#8230;&#8230;&#8230;&#8230;&#8230;&#8230;&#8230;&#8230;&#8230;&#8230;&#8230;&#8230;&#8230;&#8230;&#8230;&#8230;&#8230;&#8230;..<\/p>\n<p>II &#8211; apoio \u00e0 realiza\u00e7\u00e3o de campanhas educativas e n\u00e3o discriminat\u00f3rias de enfrentamento ao ass\u00e9dio e a viol\u00eancia sexual, atrav\u00e9s das agremia\u00e7\u00f5es desportivas, da administra\u00e7\u00e3o dos est\u00e1dios, gin\u00e1sios e demais locais onde s\u00e3o realizados eventos esportivos ou em parcerias com o Poder P\u00fablico; (NR)<\/p>\n<p>III &#8211; fomento e divulga\u00e7\u00e3o das pol\u00edticas p\u00fablicas voltadas para o atendimento \u00e0s v\u00edtimas de ass\u00e9dio e a viol\u00eancia sexual nos est\u00e1dios, gin\u00e1sios e demais locais onde s\u00e3o realizados eventos esportivos; e (NR)<\/p>\n<p>IV &#8211; incentivo \u00e0 presen\u00e7a de mulheres torcedoras nos est\u00e1dios, gin\u00e1sios e demais locais onde s\u00e3o realizados eventos esportivos. (AC)<\/p>\n<p>Art. 3\u00ba-A. &#8230;&#8230;&#8230;&#8230;&#8230;&#8230;&#8230;&#8230;&#8230;&#8230;&#8230;&#8230;&#8230;&#8230;&#8230;&#8230;&#8230;&#8230;&#8230;&#8230;&#8230;&#8230;&#8230;&#8230;&#8230;&#8230;&#8230;.<\/p>\n<p>&#8230;&#8230;&#8230;&#8230;&#8230;&#8230;&#8230;&#8230;&#8230;&#8230;&#8230;&#8230;&#8230;&#8230;&#8230;&#8230;&#8230;&#8230;&#8230;&#8230;&#8230;&#8230;&#8230;&#8230;&#8230;&#8230;&#8230;&#8230;&#8230;&#8230;&#8230;&#8230;..<\/p>\n<p>V &#8211; a cria\u00e7\u00e3o e ampla divulga\u00e7\u00e3o de medidas de acolhimento e aux\u00edlio disponibilizados ao denunciante v\u00edtima da conduta combatida por esta Lei, assim como a divulga\u00e7\u00e3o dos telefones dos \u00f3rg\u00e3os p\u00fablicos respons\u00e1veis pelo acolhimento e atendimento das v\u00edtimas; e (NR)<\/p>\n<p>&#8230;&#8230;&#8230;&#8230;&#8230;&#8230;&#8230;&#8230;&#8230;&#8230;&#8230;&#8230;&#8230;&#8230;&#8230;&#8230;&#8230;&#8230;&#8230;&#8230;&#8230;&#8230;&#8230;&#8230;&#8230;&#8230;&#8230;&#8230;&#8230;&#8230;&#8230;&#8230;\u201d<\/p>\n<p>\u00a0\u00a0\u00a0\u00a0\u00a0Art. 2\u00ba Esta Lei entra em vigor na data de sua publica\u00e7\u00e3o.<\/article>\n<div style=\"text-align: center\">\n<div style=\"margin-bottom: 20px;\" class=\"et_pb_button_module_wrapper et_pb_button_5_tb_body_wrapper et_pb_button_alignment_center et_pb_module \">\n         <a class=\"et_pb_button et_pb_button_5_tb_body et_hover_enabled et_pb_bg_layout_dark\" style=\"width: 50%;background-color: black;\" href=\"https:\/\/app.legislapp.com.br\" target=\"_blank\" rel=\"noopener\">Visualizar completo na nossa plataforma (30 dias gr\u00e1tis)<\/a><\/p><\/div>\n<p>      <a href=\"https:\/\/play.google.com\/store\/apps\/details?id=br.com.legislapp\"><img decoding=\"async\" style=\"width: 15%; min-width: 130px;\" src=\"https:\/\/www.legislapp.com.br\/wp-content\/uploads\/google-play.png\"><\/a><br \/>\n      <a href=\"https:\/\/apps.apple.com\/us\/app\/legislapp\/id1568929859\"><img decoding=\"async\" style=\"width: 15%; min-width: 130px\" src=\"https:\/\/www.legislapp.com.br\/wp-content\/uploads\/apple-store.png\"><\/a>\n   <\/div>\n","protected":false},"excerpt":{"rendered":"<p>C\u00e2m. Legislativa de PE &#8211; Autoria de Socorro Pimentel A presente proposi\u00e7\u00e3o tem por finalidade alterar a Lei n\u00ba 17.522, de 9 de dezembro de 2021, que disp\u00f5e sobre as penalidades administrativas aplic\u00e1veis em raz\u00e3o de atos de racismo e LGBTQI+fobia, bem como de atos discriminat\u00f3rios ou ofensivos contra a mulher, praticados no \u00e2mbito do [&hellip;]<\/p>\n","protected":false},"author":1,"featured_media":0,"parent":0,"menu_order":0,"comment_status":"closed","ping_status":"closed","template":"page-template-blank.php","meta":{"_et_pb_use_builder":"","_et_pb_old_content":"","_et_gb_content_width":"1080","ngg_post_thumbnail":0,"footnotes":""},"class_list":["post-7878","page","type-page","status-publish","hentry"],"yoast_head":"<!-- This site is optimized with the Yoast SEO plugin v24.4 - https:\/\/yoast.com\/wordpress\/plugins\/seo\/ -->\n<title>PL 2898\/2025 - Socorro Pimentel - Legislapp<\/title>\n<meta name=\"robots\" content=\"index, follow, max-snippet:-1, max-image-preview:large, max-video-preview:-1\" \/>\n<link rel=\"canonical\" href=\"https:\/\/www.legislapp.com.br\/index.php\/cam-legislativa-de-pe-pl-2898-2025\/\" \/>\n<meta property=\"og:locale\" content=\"pt_BR\" \/>\n<meta property=\"og:type\" content=\"article\" \/>\n<meta property=\"og:title\" content=\"PL 2898\/2025 - Socorro Pimentel - Legislapp\" \/>\n<meta property=\"og:description\" content=\"C\u00e2m. Legislativa de PE &#8211; Autoria de Socorro Pimentel A presente proposi\u00e7\u00e3o tem por finalidade alterar a Lei n\u00ba 17.522, de 9 de dezembro de 2021, que disp\u00f5e sobre as penalidades administrativas aplic\u00e1veis em raz\u00e3o de atos de racismo e LGBTQI+fobia, bem como de atos discriminat\u00f3rios ou ofensivos contra a mulher, praticados no \u00e2mbito do [&hellip;]\" \/>\n<meta property=\"og:url\" content=\"https:\/\/www.legislapp.com.br\/index.php\/cam-legislativa-de-pe-pl-2898-2025\/\" \/>\n<meta property=\"og:site_name\" content=\"Legislapp\" \/>\n<meta property=\"article:publisher\" content=\"https:\/\/www.instagram.com\/legislapp\/\" \/>\n<meta property=\"og:image\" content=\"https:\/\/www.alepe.pe.gov.br\/\/wp-content\/uploads\/2023\/01\/SOCORRO-PIMENTEL-1-scaled-e1676403370709.jpg\" \/>\n<meta name=\"twitter:card\" content=\"summary_large_image\" \/>\n<meta name=\"twitter:label1\" content=\"Est. tempo de leitura\" \/>\n\t<meta name=\"twitter:data1\" content=\"4 minutos\" \/>\n<script type=\"application\/ld+json\" class=\"yoast-schema-graph\">{\"@context\":\"https:\/\/schema.org\",\"@graph\":[{\"@type\":\"WebPage\",\"@id\":\"https:\/\/www.legislapp.com.br\/index.php\/cam-legislativa-de-pe-pl-2898-2025\/\",\"url\":\"https:\/\/www.legislapp.com.br\/index.php\/cam-legislativa-de-pe-pl-2898-2025\/\",\"name\":\"PL 2898\/2025 - Socorro Pimentel - Legislapp\",\"isPartOf\":{\"@id\":\"https:\/\/www.legislapp.com.br\/#website\"},\"primaryImageOfPage\":{\"@id\":\"https:\/\/www.legislapp.com.br\/index.php\/cam-legislativa-de-pe-pl-2898-2025\/#primaryimage\"},\"image\":{\"@id\":\"https:\/\/www.legislapp.com.br\/index.php\/cam-legislativa-de-pe-pl-2898-2025\/#primaryimage\"},\"thumbnailUrl\":\"https:\/\/www.alepe.pe.gov.br\/\/wp-content\/uploads\/2023\/01\/SOCORRO-PIMENTEL-1-scaled-e1676403370709.jpg\",\"datePublished\":\"2025-09-17T16:55:29+00:00\",\"breadcrumb\":{\"@id\":\"https:\/\/www.legislapp.com.br\/index.php\/cam-legislativa-de-pe-pl-2898-2025\/#breadcrumb\"},\"inLanguage\":\"pt-BR\",\"potentialAction\":[{\"@type\":\"ReadAction\",\"target\":[\"https:\/\/www.legislapp.com.br\/index.php\/cam-legislativa-de-pe-pl-2898-2025\/\"]}]},{\"@type\":\"ImageObject\",\"inLanguage\":\"pt-BR\",\"@id\":\"https:\/\/www.legislapp.com.br\/index.php\/cam-legislativa-de-pe-pl-2898-2025\/#primaryimage\",\"url\":\"https:\/\/www.alepe.pe.gov.br\/\/wp-content\/uploads\/2023\/01\/SOCORRO-PIMENTEL-1-scaled-e1676403370709.jpg\",\"contentUrl\":\"https:\/\/www.alepe.pe.gov.br\/\/wp-content\/uploads\/2023\/01\/SOCORRO-PIMENTEL-1-scaled-e1676403370709.jpg\"},{\"@type\":\"BreadcrumbList\",\"@id\":\"https:\/\/www.legislapp.com.br\/index.php\/cam-legislativa-de-pe-pl-2898-2025\/#breadcrumb\",\"itemListElement\":[{\"@type\":\"ListItem\",\"position\":1,\"name\":\"In\u00edcio\",\"item\":\"https:\/\/www.legislapp.com.br\/\"},{\"@type\":\"ListItem\",\"position\":2,\"name\":\"PL 2898\/2025 &#8211; Socorro Pimentel\"}]},{\"@type\":\"WebSite\",\"@id\":\"https:\/\/www.legislapp.com.br\/#website\",\"url\":\"https:\/\/www.legislapp.com.br\/\",\"name\":\"Legislapp\",\"description\":\"Intelig\u00eancia governamental em tempo real\",\"publisher\":{\"@id\":\"https:\/\/www.legislapp.com.br\/#organization\"},\"potentialAction\":[{\"@type\":\"SearchAction\",\"target\":{\"@type\":\"EntryPoint\",\"urlTemplate\":\"https:\/\/www.legislapp.com.br\/?s={search_term_string}\"},\"query-input\":{\"@type\":\"PropertyValueSpecification\",\"valueRequired\":true,\"valueName\":\"search_term_string\"}}],\"inLanguage\":\"pt-BR\"},{\"@type\":\"Organization\",\"@id\":\"https:\/\/www.legislapp.com.br\/#organization\",\"name\":\"Legislapp Monitoramento e Intelig\u00eancia Governamental\",\"url\":\"https:\/\/www.legislapp.com.br\/\",\"logo\":{\"@type\":\"ImageObject\",\"inLanguage\":\"pt-BR\",\"@id\":\"https:\/\/www.legislapp.com.br\/#\/schema\/logo\/image\/\",\"url\":\"https:\/\/www.legislapp.com.br\/wp-content\/uploads\/icon.png\",\"contentUrl\":\"https:\/\/www.legislapp.com.br\/wp-content\/uploads\/icon.png\",\"width\":1024,\"height\":1024,\"caption\":\"Legislapp Monitoramento e Intelig\u00eancia Governamental\"},\"image\":{\"@id\":\"https:\/\/www.legislapp.com.br\/#\/schema\/logo\/image\/\"},\"sameAs\":[\"https:\/\/www.instagram.com\/legislapp\/\"]}]}<\/script>\n<!-- \/ Yoast SEO plugin. -->","yoast_head_json":{"title":"PL 2898\/2025 - Socorro Pimentel - Legislapp","robots":{"index":"index","follow":"follow","max-snippet":"max-snippet:-1","max-image-preview":"max-image-preview:large","max-video-preview":"max-video-preview:-1"},"canonical":"https:\/\/www.legislapp.com.br\/index.php\/cam-legislativa-de-pe-pl-2898-2025\/","og_locale":"pt_BR","og_type":"article","og_title":"PL 2898\/2025 - Socorro Pimentel - Legislapp","og_description":"C\u00e2m. Legislativa de PE &#8211; Autoria de Socorro Pimentel A presente proposi\u00e7\u00e3o tem por finalidade alterar a Lei n\u00ba 17.522, de 9 de dezembro de 2021, que disp\u00f5e sobre as penalidades administrativas aplic\u00e1veis em raz\u00e3o de atos de racismo e LGBTQI+fobia, bem como de atos discriminat\u00f3rios ou ofensivos contra a mulher, praticados no \u00e2mbito do [&hellip;]","og_url":"https:\/\/www.legislapp.com.br\/index.php\/cam-legislativa-de-pe-pl-2898-2025\/","og_site_name":"Legislapp","article_publisher":"https:\/\/www.instagram.com\/legislapp\/","og_image":[{"url":"https:\/\/www.alepe.pe.gov.br\/\/wp-content\/uploads\/2023\/01\/SOCORRO-PIMENTEL-1-scaled-e1676403370709.jpg","type":"","width":"","height":""}],"twitter_card":"summary_large_image","twitter_misc":{"Est. tempo de leitura":"4 minutos"},"schema":{"@context":"https:\/\/schema.org","@graph":[{"@type":"WebPage","@id":"https:\/\/www.legislapp.com.br\/index.php\/cam-legislativa-de-pe-pl-2898-2025\/","url":"https:\/\/www.legislapp.com.br\/index.php\/cam-legislativa-de-pe-pl-2898-2025\/","name":"PL 2898\/2025 - Socorro Pimentel - Legislapp","isPartOf":{"@id":"https:\/\/www.legislapp.com.br\/#website"},"primaryImageOfPage":{"@id":"https:\/\/www.legislapp.com.br\/index.php\/cam-legislativa-de-pe-pl-2898-2025\/#primaryimage"},"image":{"@id":"https:\/\/www.legislapp.com.br\/index.php\/cam-legislativa-de-pe-pl-2898-2025\/#primaryimage"},"thumbnailUrl":"https:\/\/www.alepe.pe.gov.br\/\/wp-content\/uploads\/2023\/01\/SOCORRO-PIMENTEL-1-scaled-e1676403370709.jpg","datePublished":"2025-09-17T16:55:29+00:00","breadcrumb":{"@id":"https:\/\/www.legislapp.com.br\/index.php\/cam-legislativa-de-pe-pl-2898-2025\/#breadcrumb"},"inLanguage":"pt-BR","potentialAction":[{"@type":"ReadAction","target":["https:\/\/www.legislapp.com.br\/index.php\/cam-legislativa-de-pe-pl-2898-2025\/"]}]},{"@type":"ImageObject","inLanguage":"pt-BR","@id":"https:\/\/www.legislapp.com.br\/index.php\/cam-legislativa-de-pe-pl-2898-2025\/#primaryimage","url":"https:\/\/www.alepe.pe.gov.br\/\/wp-content\/uploads\/2023\/01\/SOCORRO-PIMENTEL-1-scaled-e1676403370709.jpg","contentUrl":"https:\/\/www.alepe.pe.gov.br\/\/wp-content\/uploads\/2023\/01\/SOCORRO-PIMENTEL-1-scaled-e1676403370709.jpg"},{"@type":"BreadcrumbList","@id":"https:\/\/www.legislapp.com.br\/index.php\/cam-legislativa-de-pe-pl-2898-2025\/#breadcrumb","itemListElement":[{"@type":"ListItem","position":1,"name":"In\u00edcio","item":"https:\/\/www.legislapp.com.br\/"},{"@type":"ListItem","position":2,"name":"PL 2898\/2025 &#8211; Socorro Pimentel"}]},{"@type":"WebSite","@id":"https:\/\/www.legislapp.com.br\/#website","url":"https:\/\/www.legislapp.com.br\/","name":"Legislapp","description":"Intelig\u00eancia governamental em tempo real","publisher":{"@id":"https:\/\/www.legislapp.com.br\/#organization"},"potentialAction":[{"@type":"SearchAction","target":{"@type":"EntryPoint","urlTemplate":"https:\/\/www.legislapp.com.br\/?s={search_term_string}"},"query-input":{"@type":"PropertyValueSpecification","valueRequired":true,"valueName":"search_term_string"}}],"inLanguage":"pt-BR"},{"@type":"Organization","@id":"https:\/\/www.legislapp.com.br\/#organization","name":"Legislapp Monitoramento e Intelig\u00eancia Governamental","url":"https:\/\/www.legislapp.com.br\/","logo":{"@type":"ImageObject","inLanguage":"pt-BR","@id":"https:\/\/www.legislapp.com.br\/#\/schema\/logo\/image\/","url":"https:\/\/www.legislapp.com.br\/wp-content\/uploads\/icon.png","contentUrl":"https:\/\/www.legislapp.com.br\/wp-content\/uploads\/icon.png","width":1024,"height":1024,"caption":"Legislapp Monitoramento e Intelig\u00eancia Governamental"},"image":{"@id":"https:\/\/www.legislapp.com.br\/#\/schema\/logo\/image\/"},"sameAs":["https:\/\/www.instagram.com\/legislapp\/"]}]}},"_links":{"self":[{"href":"https:\/\/www.legislapp.com.br\/index.php\/wp-json\/wp\/v2\/pages\/7878","targetHints":{"allow":["GET"]}}],"collection":[{"href":"https:\/\/www.legislapp.com.br\/index.php\/wp-json\/wp\/v2\/pages"}],"about":[{"href":"https:\/\/www.legislapp.com.br\/index.php\/wp-json\/wp\/v2\/types\/page"}],"author":[{"embeddable":true,"href":"https:\/\/www.legislapp.com.br\/index.php\/wp-json\/wp\/v2\/users\/1"}],"replies":[{"embeddable":true,"href":"https:\/\/www.legislapp.com.br\/index.php\/wp-json\/wp\/v2\/comments?post=7878"}],"version-history":[{"count":0,"href":"https:\/\/www.legislapp.com.br\/index.php\/wp-json\/wp\/v2\/pages\/7878\/revisions"}],"wp:attachment":[{"href":"https:\/\/www.legislapp.com.br\/index.php\/wp-json\/wp\/v2\/media?parent=7878"}],"curies":[{"name":"wp","href":"https:\/\/api.w.org\/{rel}","templated":true}]}}