{"id":7882,"date":"2025-09-17T13:55:42","date_gmt":"2025-09-17T16:55:42","guid":{"rendered":"https:\/\/www.legislapp.com.br\/index.php\/cam-legislativa-de-sc-pl-0244-2025\/"},"modified":"2025-09-17T13:55:42","modified_gmt":"2025-09-17T16:55:42","slug":"cam-legislativa-de-sc-pl-0244-2025","status":"publish","type":"page","link":"https:\/\/www.legislapp.com.br\/index.php\/cam-legislativa-de-sc-pl-0244-2025\/","title":{"rendered":"PL.\/0244\/2025 &#8211; Luciane Carminatti"},"content":{"rendered":"<h1 style='text-align: center;'>C\u00e2m. Legislativa de SC &#8211; Autoria de Luciane Carminatti<\/h3>\n<p><\/p>\n<article style='text-align: center'>Institui o Selo Empresa Amiga do Cuidado.<\/article>\n<p><\/p>\n<p style='text-align: center'><a href='https:\/\/app.legislapp.com.br\/#\/busca?termo='><\/a><\/p>\n<p><\/p>\n<article>ASSEMBLEIA LEGISLATIVA GABINETE DEPUTADA<br \/>\nESTADO DE SANTA CATARINA LUCIANE CARMINATTI<br \/>\nPROJETO DE LEI<\/p>\n<p>Institui o Selo Empresa Amiga do Cuidado.<\/p>\n<p>Art. 1\u00ba. Fica institu\u00eddo o Selo Empresa Amiga do Cuidado, a ser concedido \u00e0s<br \/>\nempresas que adotarem pol\u00edticas internas de abono de faltas justificadas de seus<br \/>\nempregados e empregadas para o acompanhamento de:<\/p>\n<p>I \u2013 Filhos(as), ou pessoas sob sua guarda ou tutela legal em consultas m\u00e9dicas,<br \/>\nexames, interna\u00e7\u00f5es, tratamentos ou demais procedimentos de sa\u00fade que requeiram<br \/>\nacompanhamento, mediante apresenta\u00e7\u00e3o de documenta\u00e7\u00e3o comprobat\u00f3ria; e<\/p>\n<p>II \u2013 Filhos(as), ou pessoas sob sua guarda ou tutela legal em reuni\u00f5es escolares ou<br \/>\noutras atividades relacionadas ao acompanhamento da vida escolar, mediante<br \/>\napresenta\u00e7\u00e3o de documenta\u00e7\u00e3o comprobat\u00f3ria.<\/p>\n<p>Art. 2\u00ba. O Selo ser\u00e1 concedido pela Administra\u00e7\u00e3o P\u00fablica Estadual, mediante<br \/>\nsolicita\u00e7\u00e3o da empresa interessada.<\/p>\n<p>o<br \/>\nArt. 3 . O Selo ter\u00e1 validade de 1 (um) ano, podendo ser renovada por igual per\u00edodo<br \/>\ndesde que sejam atendidos os requisitos elencados nesta Lei.<\/p>\n<p>Art. 4\u00ba. .A empresa certificada poder\u00e1 utilizar o Selo Empresa Amiga do Cuidado em<br \/>\nsua logomarca e em seus produtos durante o per\u00edodo de validade da certifica\u00e7\u00e3o.<\/p>\n<p>Art. 5\u00ba. O Poder Executivo regulamentar\u00e1 esta Lei, nos termos do artigo 71, inciso III,<br \/>\nda Constitui\u00e7\u00e3o Estadual.<\/p>\n<p>Art. 6\u00ba. Esta Lei entra em vigor na data de sua publica\u00e7\u00e3o.<\/p>\n<p>Sala das sess\u00f5es,     de maio de 2025.<\/p>\n<p>Deputada Luciane Carminatti<\/p>\n<p>JUSTIFICATIVA<\/p>\n<p>Apresento este Projeto de Lei, visando a cria\u00e7\u00e3o do Selo Empresa Amiga do Cuidado<br \/>\npara as empresas, localizadas em Santa Catarina, que  estabele\u00e7am a\u00e7\u00f5es em prol dos<br \/>\ncuidados de filhos(as), ou pessoas sob a guarda ou tutela legal de<br \/>\nempregados\/empregadas de cada uma delas.<\/p>\n<p>A mat\u00e9ria se insere no escopo de uma transforma\u00e7\u00e3o pol\u00edtica inadi\u00e1vel de reconhecer o<br \/>\ncuidado como uma atividade essencial \u00e0 sustenta\u00e7\u00e3o da vida, e portanto como<br \/>\nresponsabilidade compartilhada. A proposta nasce da urg\u00eancia em construir uma novacultura, na qual o cuidar das pessoas n\u00e3o seja um fardo individual, mas um direito<br \/>\ngarantido e valorizado.<\/p>\n<p>Esse Projeto \u00e9 fruto de uma ampla articula\u00e7\u00e3o nacional, composta por Parlamentares<br \/>\nem todas as esferas (municipal, estadual e federal). Trata-se de um chamado coletivo a<br \/>\ntodos e todas que compreendem que uma sociedade justa come\u00e7a pelo<br \/>\nreconhecimento de quem cuida.<\/p>\n<p>O Congresso Nacional aprovou e o Presidente sancionou a Lei Federal n\u00ba 15.069, de<br \/>\n23 de dezembro de 2024, que \u201cInstitui a Pol\u00edtica Nacional de Cuidados\u201d.<\/p>\n<p>Criar um selo de incentivo paras as empresas que se insiram na pol\u00edtica de cuidados \u00e9<br \/>\num passo inicial para tentarmos avan\u00e7ar nessa dire\u00e7\u00e3o.<\/p>\n<p>Pelos motivos aqui expostos, solicitamos a aprova\u00e7\u00e3o deste Projeto de Lei.<\/p>\n<p>Sala das sess\u00f5es,     de maio de 2025.<\/p>\n<p>Deputada Luciane Carminatti<\/p>\n<p>ELEGIS<br \/>\nDocumento assinado eletronicamente por Luciane Maria<br \/>\nSistema de Processo<br \/>\nCarminatti, em 08\/05\/2025, \u00e0s 17:23.<br \/>\nLegislativo Eletr\u00f4nico<\/article>\n<div style=\"text-align: center\">\n<div style=\"margin-bottom: 20px;\" class=\"et_pb_button_module_wrapper et_pb_button_5_tb_body_wrapper et_pb_button_alignment_center et_pb_module \">\n         <a class=\"et_pb_button et_pb_button_5_tb_body et_hover_enabled et_pb_bg_layout_dark\" style=\"width: 50%;background-color: black;\" href=\"https:\/\/app.legislapp.com.br\" target=\"_blank\" rel=\"noopener\">Visualizar completo na nossa plataforma (30 dias gr\u00e1tis)<\/a><\/p><\/div>\n<p>      <a href=\"https:\/\/play.google.com\/store\/apps\/details?id=br.com.legislapp\"><img decoding=\"async\" style=\"width: 15%; min-width: 130px;\" src=\"https:\/\/www.legislapp.com.br\/wp-content\/uploads\/google-play.png\"><\/a><br \/>\n      <a href=\"https:\/\/apps.apple.com\/us\/app\/legislapp\/id1568929859\"><img decoding=\"async\" style=\"width: 15%; min-width: 130px\" src=\"https:\/\/www.legislapp.com.br\/wp-content\/uploads\/apple-store.png\"><\/a>\n   <\/div>\n","protected":false},"excerpt":{"rendered":"<p>C\u00e2m. Legislativa de SC &#8211; Autoria de Luciane Carminatti Institui o Selo Empresa Amiga do Cuidado. ASSEMBLEIA LEGISLATIVA GABINETE DEPUTADA ESTADO DE SANTA CATARINA LUCIANE CARMINATTI PROJETO DE LEI Institui o Selo Empresa Amiga do Cuidado. Art. 1\u00ba. Fica institu\u00eddo o Selo Empresa Amiga do Cuidado, a ser concedido \u00e0s empresas que adotarem pol\u00edticas internas [&hellip;]<\/p>\n","protected":false},"author":1,"featured_media":0,"parent":0,"menu_order":0,"comment_status":"closed","ping_status":"closed","template":"page-template-blank.php","meta":{"_et_pb_use_builder":"","_et_pb_old_content":"","_et_gb_content_width":"1080","ngg_post_thumbnail":0,"footnotes":""},"class_list":["post-7882","page","type-page","status-publish","hentry"],"yoast_head":"<!-- This site is optimized with the Yoast SEO plugin v24.4 - https:\/\/yoast.com\/wordpress\/plugins\/seo\/ -->\n<title>PL.\/0244\/2025 - Luciane Carminatti - Legislapp<\/title>\n<meta name=\"robots\" content=\"index, follow, max-snippet:-1, max-image-preview:large, max-video-preview:-1\" \/>\n<link rel=\"canonical\" href=\"https:\/\/www.legislapp.com.br\/index.php\/cam-legislativa-de-sc-pl-0244-2025\/\" \/>\n<meta property=\"og:locale\" content=\"pt_BR\" \/>\n<meta property=\"og:type\" content=\"article\" \/>\n<meta property=\"og:title\" content=\"PL.\/0244\/2025 - Luciane Carminatti - Legislapp\" \/>\n<meta property=\"og:description\" content=\"C\u00e2m. Legislativa de SC &#8211; Autoria de Luciane Carminatti Institui o Selo Empresa Amiga do Cuidado. ASSEMBLEIA LEGISLATIVA GABINETE DEPUTADA ESTADO DE SANTA CATARINA LUCIANE CARMINATTI PROJETO DE LEI Institui o Selo Empresa Amiga do Cuidado. Art. 1\u00ba. Fica institu\u00eddo o Selo Empresa Amiga do Cuidado, a ser concedido \u00e0s empresas que adotarem pol\u00edticas internas [&hellip;]\" \/>\n<meta property=\"og:url\" content=\"https:\/\/www.legislapp.com.br\/index.php\/cam-legislativa-de-sc-pl-0244-2025\/\" \/>\n<meta property=\"og:site_name\" content=\"Legislapp\" \/>\n<meta property=\"article:publisher\" content=\"https:\/\/www.instagram.com\/legislapp\/\" \/>\n<meta property=\"og:image\" content=\"https:\/\/www.legislapp.com.br\/wp-content\/uploads\/google-play.png\" \/>\n<meta name=\"twitter:card\" content=\"summary_large_image\" \/>\n<meta name=\"twitter:label1\" content=\"Est. tempo de leitura\" \/>\n\t<meta name=\"twitter:data1\" content=\"2 minutos\" \/>\n<script type=\"application\/ld+json\" class=\"yoast-schema-graph\">{\"@context\":\"https:\/\/schema.org\",\"@graph\":[{\"@type\":\"WebPage\",\"@id\":\"https:\/\/www.legislapp.com.br\/index.php\/cam-legislativa-de-sc-pl-0244-2025\/\",\"url\":\"https:\/\/www.legislapp.com.br\/index.php\/cam-legislativa-de-sc-pl-0244-2025\/\",\"name\":\"PL.\/0244\/2025 - Luciane Carminatti - Legislapp\",\"isPartOf\":{\"@id\":\"https:\/\/www.legislapp.com.br\/#website\"},\"primaryImageOfPage\":{\"@id\":\"https:\/\/www.legislapp.com.br\/index.php\/cam-legislativa-de-sc-pl-0244-2025\/#primaryimage\"},\"image\":{\"@id\":\"https:\/\/www.legislapp.com.br\/index.php\/cam-legislativa-de-sc-pl-0244-2025\/#primaryimage\"},\"thumbnailUrl\":\"https:\/\/www.legislapp.com.br\/wp-content\/uploads\/google-play.png\",\"datePublished\":\"2025-09-17T16:55:42+00:00\",\"breadcrumb\":{\"@id\":\"https:\/\/www.legislapp.com.br\/index.php\/cam-legislativa-de-sc-pl-0244-2025\/#breadcrumb\"},\"inLanguage\":\"pt-BR\",\"potentialAction\":[{\"@type\":\"ReadAction\",\"target\":[\"https:\/\/www.legislapp.com.br\/index.php\/cam-legislativa-de-sc-pl-0244-2025\/\"]}]},{\"@type\":\"ImageObject\",\"inLanguage\":\"pt-BR\",\"@id\":\"https:\/\/www.legislapp.com.br\/index.php\/cam-legislativa-de-sc-pl-0244-2025\/#primaryimage\",\"url\":\"https:\/\/www.legislapp.com.br\/wp-content\/uploads\/google-play.png\",\"contentUrl\":\"https:\/\/www.legislapp.com.br\/wp-content\/uploads\/google-play.png\",\"width\":564,\"height\":168},{\"@type\":\"BreadcrumbList\",\"@id\":\"https:\/\/www.legislapp.com.br\/index.php\/cam-legislativa-de-sc-pl-0244-2025\/#breadcrumb\",\"itemListElement\":[{\"@type\":\"ListItem\",\"position\":1,\"name\":\"In\u00edcio\",\"item\":\"https:\/\/www.legislapp.com.br\/\"},{\"@type\":\"ListItem\",\"position\":2,\"name\":\"PL.\/0244\/2025 &#8211; Luciane Carminatti\"}]},{\"@type\":\"WebSite\",\"@id\":\"https:\/\/www.legislapp.com.br\/#website\",\"url\":\"https:\/\/www.legislapp.com.br\/\",\"name\":\"Legislapp\",\"description\":\"Intelig\u00eancia governamental em tempo real\",\"publisher\":{\"@id\":\"https:\/\/www.legislapp.com.br\/#organization\"},\"potentialAction\":[{\"@type\":\"SearchAction\",\"target\":{\"@type\":\"EntryPoint\",\"urlTemplate\":\"https:\/\/www.legislapp.com.br\/?s={search_term_string}\"},\"query-input\":{\"@type\":\"PropertyValueSpecification\",\"valueRequired\":true,\"valueName\":\"search_term_string\"}}],\"inLanguage\":\"pt-BR\"},{\"@type\":\"Organization\",\"@id\":\"https:\/\/www.legislapp.com.br\/#organization\",\"name\":\"Legislapp Monitoramento e Intelig\u00eancia Governamental\",\"url\":\"https:\/\/www.legislapp.com.br\/\",\"logo\":{\"@type\":\"ImageObject\",\"inLanguage\":\"pt-BR\",\"@id\":\"https:\/\/www.legislapp.com.br\/#\/schema\/logo\/image\/\",\"url\":\"https:\/\/www.legislapp.com.br\/wp-content\/uploads\/icon.png\",\"contentUrl\":\"https:\/\/www.legislapp.com.br\/wp-content\/uploads\/icon.png\",\"width\":1024,\"height\":1024,\"caption\":\"Legislapp Monitoramento e Intelig\u00eancia Governamental\"},\"image\":{\"@id\":\"https:\/\/www.legislapp.com.br\/#\/schema\/logo\/image\/\"},\"sameAs\":[\"https:\/\/www.instagram.com\/legislapp\/\"]}]}<\/script>\n<!-- \/ Yoast SEO plugin. -->","yoast_head_json":{"title":"PL.\/0244\/2025 - Luciane Carminatti - Legislapp","robots":{"index":"index","follow":"follow","max-snippet":"max-snippet:-1","max-image-preview":"max-image-preview:large","max-video-preview":"max-video-preview:-1"},"canonical":"https:\/\/www.legislapp.com.br\/index.php\/cam-legislativa-de-sc-pl-0244-2025\/","og_locale":"pt_BR","og_type":"article","og_title":"PL.\/0244\/2025 - Luciane Carminatti - Legislapp","og_description":"C\u00e2m. Legislativa de SC &#8211; Autoria de Luciane Carminatti Institui o Selo Empresa Amiga do Cuidado. ASSEMBLEIA LEGISLATIVA GABINETE DEPUTADA ESTADO DE SANTA CATARINA LUCIANE CARMINATTI PROJETO DE LEI Institui o Selo Empresa Amiga do Cuidado. Art. 1\u00ba. Fica institu\u00eddo o Selo Empresa Amiga do Cuidado, a ser concedido \u00e0s empresas que adotarem pol\u00edticas internas [&hellip;]","og_url":"https:\/\/www.legislapp.com.br\/index.php\/cam-legislativa-de-sc-pl-0244-2025\/","og_site_name":"Legislapp","article_publisher":"https:\/\/www.instagram.com\/legislapp\/","og_image":[{"url":"https:\/\/www.legislapp.com.br\/wp-content\/uploads\/google-play.png","type":"","width":"","height":""}],"twitter_card":"summary_large_image","twitter_misc":{"Est. tempo de leitura":"2 minutos"},"schema":{"@context":"https:\/\/schema.org","@graph":[{"@type":"WebPage","@id":"https:\/\/www.legislapp.com.br\/index.php\/cam-legislativa-de-sc-pl-0244-2025\/","url":"https:\/\/www.legislapp.com.br\/index.php\/cam-legislativa-de-sc-pl-0244-2025\/","name":"PL.\/0244\/2025 - Luciane Carminatti - Legislapp","isPartOf":{"@id":"https:\/\/www.legislapp.com.br\/#website"},"primaryImageOfPage":{"@id":"https:\/\/www.legislapp.com.br\/index.php\/cam-legislativa-de-sc-pl-0244-2025\/#primaryimage"},"image":{"@id":"https:\/\/www.legislapp.com.br\/index.php\/cam-legislativa-de-sc-pl-0244-2025\/#primaryimage"},"thumbnailUrl":"https:\/\/www.legislapp.com.br\/wp-content\/uploads\/google-play.png","datePublished":"2025-09-17T16:55:42+00:00","breadcrumb":{"@id":"https:\/\/www.legislapp.com.br\/index.php\/cam-legislativa-de-sc-pl-0244-2025\/#breadcrumb"},"inLanguage":"pt-BR","potentialAction":[{"@type":"ReadAction","target":["https:\/\/www.legislapp.com.br\/index.php\/cam-legislativa-de-sc-pl-0244-2025\/"]}]},{"@type":"ImageObject","inLanguage":"pt-BR","@id":"https:\/\/www.legislapp.com.br\/index.php\/cam-legislativa-de-sc-pl-0244-2025\/#primaryimage","url":"https:\/\/www.legislapp.com.br\/wp-content\/uploads\/google-play.png","contentUrl":"https:\/\/www.legislapp.com.br\/wp-content\/uploads\/google-play.png","width":564,"height":168},{"@type":"BreadcrumbList","@id":"https:\/\/www.legislapp.com.br\/index.php\/cam-legislativa-de-sc-pl-0244-2025\/#breadcrumb","itemListElement":[{"@type":"ListItem","position":1,"name":"In\u00edcio","item":"https:\/\/www.legislapp.com.br\/"},{"@type":"ListItem","position":2,"name":"PL.\/0244\/2025 &#8211; Luciane Carminatti"}]},{"@type":"WebSite","@id":"https:\/\/www.legislapp.com.br\/#website","url":"https:\/\/www.legislapp.com.br\/","name":"Legislapp","description":"Intelig\u00eancia governamental em tempo real","publisher":{"@id":"https:\/\/www.legislapp.com.br\/#organization"},"potentialAction":[{"@type":"SearchAction","target":{"@type":"EntryPoint","urlTemplate":"https:\/\/www.legislapp.com.br\/?s={search_term_string}"},"query-input":{"@type":"PropertyValueSpecification","valueRequired":true,"valueName":"search_term_string"}}],"inLanguage":"pt-BR"},{"@type":"Organization","@id":"https:\/\/www.legislapp.com.br\/#organization","name":"Legislapp Monitoramento e Intelig\u00eancia Governamental","url":"https:\/\/www.legislapp.com.br\/","logo":{"@type":"ImageObject","inLanguage":"pt-BR","@id":"https:\/\/www.legislapp.com.br\/#\/schema\/logo\/image\/","url":"https:\/\/www.legislapp.com.br\/wp-content\/uploads\/icon.png","contentUrl":"https:\/\/www.legislapp.com.br\/wp-content\/uploads\/icon.png","width":1024,"height":1024,"caption":"Legislapp Monitoramento e Intelig\u00eancia Governamental"},"image":{"@id":"https:\/\/www.legislapp.com.br\/#\/schema\/logo\/image\/"},"sameAs":["https:\/\/www.instagram.com\/legislapp\/"]}]}},"_links":{"self":[{"href":"https:\/\/www.legislapp.com.br\/index.php\/wp-json\/wp\/v2\/pages\/7882","targetHints":{"allow":["GET"]}}],"collection":[{"href":"https:\/\/www.legislapp.com.br\/index.php\/wp-json\/wp\/v2\/pages"}],"about":[{"href":"https:\/\/www.legislapp.com.br\/index.php\/wp-json\/wp\/v2\/types\/page"}],"author":[{"embeddable":true,"href":"https:\/\/www.legislapp.com.br\/index.php\/wp-json\/wp\/v2\/users\/1"}],"replies":[{"embeddable":true,"href":"https:\/\/www.legislapp.com.br\/index.php\/wp-json\/wp\/v2\/comments?post=7882"}],"version-history":[{"count":0,"href":"https:\/\/www.legislapp.com.br\/index.php\/wp-json\/wp\/v2\/pages\/7882\/revisions"}],"wp:attachment":[{"href":"https:\/\/www.legislapp.com.br\/index.php\/wp-json\/wp\/v2\/media?parent=7882"}],"curies":[{"name":"wp","href":"https:\/\/api.w.org\/{rel}","templated":true}]}}