{"id":7884,"date":"2025-09-17T13:55:49","date_gmt":"2025-09-17T16:55:49","guid":{"rendered":"https:\/\/www.legislapp.com.br\/index.php\/cam-legislativa-de-sc-pl-0238-2025\/"},"modified":"2025-09-17T13:55:49","modified_gmt":"2025-09-17T16:55:49","slug":"cam-legislativa-de-sc-pl-0238-2025","status":"publish","type":"page","link":"https:\/\/www.legislapp.com.br\/index.php\/cam-legislativa-de-sc-pl-0238-2025\/","title":{"rendered":"PL.\/0238\/2025 &#8211; Marcos da Rosa"},"content":{"rendered":"<h1 style='text-align: center;'>C\u00e2m. Legislativa de SC &#8211; Autoria de Marcos da Rosa<\/h3>\n<p><\/p>\n<article style='text-align: center'>Declara integrante do Patrim\u00f4nio Cultural Imaterial do Estado de Santa Catarina a Festa do Pescador, realizada no munic\u00edpio de Governador Celso Ramos, e altera o Anexo I da Lei n\u00ba 17.565, de 2018, que &#8220;Consolida as leis sobre o Patrim\u00f4nio Cultural do Estado&#8221;.<\/article>\n<p><\/p>\n<p style='text-align: center'><a href='https:\/\/app.legislapp.com.br\/#\/busca?termo='><\/a><\/p>\n<p><\/p>\n<article>ASSEMBLEIA LEGISLATIVA GABINETE DEPUTADO<br \/>\nESTADO DE SANTA CATARINA MARCOS DA ROSA<\/p>\n<p>PROJETO DE LEI<\/p>\n<p>Declara integrante do Patrim\u00f4nio Cultural Imaterial do Estado<br \/>\nde Santa Catarina a Festa do Pescador, realizada no<br \/>\nmunic\u00edpio de Governador Celso Ramos, e altera o Anexo I da<br \/>\nLei n\u00ba 17.565, de 2018, que &#8220;Consolida as leis sobre o<br \/>\nPatrim\u00f4nio Cultural do Estado&#8221;.<\/p>\n<p>Art. 1\u00ba Fica declarada integrante do Patrim\u00f4nio Cultural<br \/>\nImaterial do Estado de Santa Catarina a Festa do Pescador, realizada anualmente no<br \/>\nmunic\u00edpio de Governador Celso Ramos\/SC.<\/p>\n<p>Art. 2\u00ba A Festa do Pescador, evento de grande express\u00e3o<br \/>\ncultural e religiosa, \u00e9 reconhecida como manifesta\u00e7\u00e3o que expressa a f\u00e9, a tradi\u00e7\u00e3o e a<br \/>\nidentidade da comunidade pesqueira local, sendo promovida atualmente sob a<br \/>\ncoordena\u00e7\u00e3o e apoio de l\u00edderes comunit\u00e1rios e religiosos.<\/p>\n<p>Art. 3\u00ba O Anexo I da Lei n\u00ba 17.565, de 2018, que consolida as<br \/>\nleis que disp\u00f5em sobre o Patrim\u00f4nio Cultural do Estado de Santa Catarina, passa a<br \/>\nvigorar conforme o Anexo \u00danico desta Lei.<\/p>\n<p>Art. 4\u00ba O Poder Executivo, por meio da Funda\u00e7\u00e3o<br \/>\nCatarinense de Cultura ou \u00f3rg\u00e3o competente, adotar\u00e1 as provid\u00eancias necess\u00e1rias ao<br \/>\nregistro e \u00e0 salvaguarda da manifesta\u00e7\u00e3o cultural de que trata esta Lei.<\/p>\n<p>Art. 5\u00ba Esta Lei entra em vigor na data de sua publica\u00e7\u00e3o.<\/p>\n<p>Sala das Sess\u00f5es, <\/p>\n<p>Deputado Marcos Da Rosa<\/p>\n<p>\u00daANEXO \u00daNICO<br \/>\n(Altera o Anexo I da Lei n\u00ba 17.565, de 6 de agosto de 2018)<\/p>\n<p>&#8220;ANEXO I<\/p>\n<p>DO PATRIM\u00d4NIO CULTURAL<\/p>\n<p>&#8230;&#8230;&#8230;&#8230;&#8230;&#8230;&#8230;&#8230;&#8230;&#8230;&#8230;&#8230;&#8230;&#8230;&#8230;&#8230;&#8230;&#8230;&#8230;&#8230;&#8230;&#8230;&#8230;&#8230;&#8230;&#8230;&#8230;&#8230;&#8230;&#8230;.<\/p>\n<p>Patrim\u00f4nio Cultural                      Lei Original<br \/>\n&#8230;&#8230;&#8230;&#8230;&#8230;&#8230;&#8230;&#8230;&#8230;&#8230;&#8230;&#8230;&#8230;&#8230;&#8230;&#8230;&#8230;&#8230;&#8230;&#8230;&#8230;&#8230;&#8230;&#8230;&#8230;&#8230;&#8230;&#8230;&#8230;&#8230;.<br \/>\n Festa do Pescador, do Munic\u00edpio de Governador Celso Ramos<br \/>\n&#8230;&#8230;&#8230;&#8230;&#8230;&#8230;&#8230;&#8230;&#8230;&#8230;&#8230;&#8230;&#8230;&#8230;&#8230;&#8230;&#8230;&#8230;&#8230;&#8230;&#8230;&#8230;&#8230;&#8230;&#8230;&#8230;&#8230;&#8230;&#8230;&#8230;.<\/p>\n<p>JUSTIFICA\u00c7\u00c3O<\/p>\n<p>A cultura de um povo \u00e9 o espelho de sua alma, e preservar<br \/>\nas tradi\u00e7\u00f5es \u00e9 um ato de respeito \u00e0s gera\u00e7\u00f5es passadas e um compromisso com o<br \/>\nfuturo. Nesse sentido, a Festa do Pescador de Governador Celso Ramos\/SC<br \/>\ntranscende a mera celebra\u00e7\u00e3o: ela \u00e9 um testemunho vivo da f\u00e9, da hist\u00f3ria e da<br \/>\nidentidade de uma comunidade marcada pela luta no mar e pela esperan\u00e7a no Criador.<\/p>\n<p>O evento teve in\u00edcio em mar\u00e7o de 1998, fruto da iniciativa de<br \/>\num grupo de pescadores evang\u00e9licos liderados pelo evangelista Alcides Sagas, que,<br \/>\nmovidos pela gratid\u00e3o pelas boas safras de pesca, organizaram o primeiro Congresso<br \/>\ndos Pescadores. Este encontro inaugural lan\u00e7ou as bases para uma tradi\u00e7\u00e3o que, ano<br \/>\nap\u00f3s ano, foi crescendo em relev\u00e2ncia e participa\u00e7\u00e3o.<\/p>\n<p>Desde o ano 2000, a festa passou a ocorrer durante a Sexta-<br \/>\nfeira Santa at\u00e9 o Domingo de P\u00e1scoa, marcando uma profunda mudan\u00e7a cultural no<br \/>\nmunic\u00edpio. Em um passado recente, Governador Celso Ramos era estigmatizado como<br \/>\n&#8220;terra da farra do boi&#8221;, pr\u00e1tica repudiada pela sociedade atual. Com a realiza\u00e7\u00e3o<br \/>\nda Festa do Pescador, a comunidade ressignificou sua identidade, substituindo uma<br \/>\nimagem de transgress\u00e3o por uma express\u00e3o de f\u00e9, gratid\u00e3o e renova\u00e7\u00e3o cultural.<\/p>\n<p>A Festa re\u00fane louvores, ministra\u00e7\u00f5es da palavra de Deus,<br \/>\napresenta\u00e7\u00f5es culturais, desfiles c\u00edvicos e mostras hist\u00f3ricas sobre as pr\u00e1ticas da<br \/>\npesca tradicional. Al\u00e9m disso, tornou-se uma poderosa ferramenta de coes\u00e3o social e<br \/>\nevangeliza\u00e7\u00e3o, sendo considerada atualmente a maior festa evang\u00e9lica do Estado de<br \/>\nSanta Catarina depois dos Gide\u00f5es Mission\u00e1rios da \u00daltima Hora, em Balne\u00e1rio<br \/>\nCambori\u00fa.<\/p>\n<p>A coordena\u00e7\u00e3o atual da festa, sob lideran\u00e7a do presb\u00edtero<br \/>\nAlberto Carlos dos Santos e supervis\u00e3o do pastor Eduardo Gon\u00e7alves, tem<br \/>\ndemonstrado grande compet\u00eancia na preserva\u00e7\u00e3o e expans\u00e3o deste evento que j\u00e1 faz<br \/>\nparte do calend\u00e1rio cultural catarinense. O evento n\u00e3o apenas celebra as b\u00ean\u00e7\u00e3os<br \/>\nconcedidas aos pescadores, mas tamb\u00e9m impulsiona a economia local, com<br \/>\nsignificativa movimenta\u00e7\u00e3o tur\u00edstica e comercial, beneficiando a comunidade em<br \/>\ndiversas dimens\u00f5es.<\/p>\n<p>Portanto, o reconhecimento da Festa do Pescador como<br \/>\nPatrim\u00f4nio Cultural Imaterial do Estado de Santa Catarina \u00e9 uma medida justa e<br \/>\nnecess\u00e1ria para assegurar sua continuidade e valoriza\u00e7\u00e3o. Esta Casa Legislativa, ao<br \/>\naprovar esta proposi\u00e7\u00e3o, estar\u00e1 n\u00e3o apenas homenageando a comunidade de<br \/>\nGovernador Celso Ramos, mas reafirmando seu compromisso com a preserva\u00e7\u00e3o da<br \/>\ndiversidade cultural e da hist\u00f3ria viva do povo catarinense.<\/p>\n<p>Certo de que a causa \u00e9 de interesse p\u00fablico, conto com a<br \/>\nsensibilidade dos Pares para a sua aprova\u00e7\u00e3o.<\/p>\n<p>Deputado Marcos Da Rosa<br \/>\nELEGIS<br \/>\nDocumento assinado eletronicamente por Marcos da Rosa, em<br \/>\nSistema de Processo<br \/>\n08\/05\/2025, \u00e0s 10:02.<br \/>\nLegislativo Eletr\u00f4nico<\/article>\n<div style=\"text-align: center\">\n<div style=\"margin-bottom: 20px;\" class=\"et_pb_button_module_wrapper et_pb_button_5_tb_body_wrapper et_pb_button_alignment_center et_pb_module \">\n         <a class=\"et_pb_button et_pb_button_5_tb_body et_hover_enabled et_pb_bg_layout_dark\" style=\"width: 50%;background-color: black;\" href=\"https:\/\/app.legislapp.com.br\" target=\"_blank\" rel=\"noopener\">Visualizar completo na nossa plataforma (30 dias gr\u00e1tis)<\/a><\/p><\/div>\n<p>      <a href=\"https:\/\/play.google.com\/store\/apps\/details?id=br.com.legislapp\"><img decoding=\"async\" style=\"width: 15%; min-width: 130px;\" src=\"https:\/\/www.legislapp.com.br\/wp-content\/uploads\/google-play.png\"><\/a><br \/>\n      <a href=\"https:\/\/apps.apple.com\/us\/app\/legislapp\/id1568929859\"><img decoding=\"async\" style=\"width: 15%; min-width: 130px\" src=\"https:\/\/www.legislapp.com.br\/wp-content\/uploads\/apple-store.png\"><\/a>\n   <\/div>\n","protected":false},"excerpt":{"rendered":"<p>C\u00e2m. Legislativa de SC &#8211; Autoria de Marcos da Rosa Declara integrante do Patrim\u00f4nio Cultural Imaterial do Estado de Santa Catarina a Festa do Pescador, realizada no munic\u00edpio de Governador Celso Ramos, e altera o Anexo I da Lei n\u00ba 17.565, de 2018, que &#8220;Consolida as leis sobre o Patrim\u00f4nio Cultural do Estado&#8221;. ASSEMBLEIA LEGISLATIVA [&hellip;]<\/p>\n","protected":false},"author":1,"featured_media":0,"parent":0,"menu_order":0,"comment_status":"closed","ping_status":"closed","template":"page-template-blank.php","meta":{"_et_pb_use_builder":"","_et_pb_old_content":"","_et_gb_content_width":"1080","ngg_post_thumbnail":0,"footnotes":""},"class_list":["post-7884","page","type-page","status-publish","hentry"],"yoast_head":"<!-- This site is optimized with the Yoast SEO plugin v24.4 - https:\/\/yoast.com\/wordpress\/plugins\/seo\/ -->\n<title>PL.\/0238\/2025 - Marcos da Rosa - Legislapp<\/title>\n<meta name=\"robots\" content=\"index, follow, max-snippet:-1, max-image-preview:large, max-video-preview:-1\" \/>\n<link rel=\"canonical\" href=\"https:\/\/www.legislapp.com.br\/index.php\/cam-legislativa-de-sc-pl-0238-2025\/\" \/>\n<meta property=\"og:locale\" content=\"pt_BR\" \/>\n<meta property=\"og:type\" content=\"article\" \/>\n<meta property=\"og:title\" content=\"PL.\/0238\/2025 - Marcos da Rosa - Legislapp\" \/>\n<meta property=\"og:description\" content=\"C\u00e2m. Legislativa de SC &#8211; Autoria de Marcos da Rosa Declara integrante do Patrim\u00f4nio Cultural Imaterial do Estado de Santa Catarina a Festa do Pescador, realizada no munic\u00edpio de Governador Celso Ramos, e altera o Anexo I da Lei n\u00ba 17.565, de 2018, que &#8220;Consolida as leis sobre o Patrim\u00f4nio Cultural do Estado&#8221;. ASSEMBLEIA LEGISLATIVA [&hellip;]\" \/>\n<meta property=\"og:url\" content=\"https:\/\/www.legislapp.com.br\/index.php\/cam-legislativa-de-sc-pl-0238-2025\/\" \/>\n<meta property=\"og:site_name\" content=\"Legislapp\" \/>\n<meta property=\"article:publisher\" content=\"https:\/\/www.instagram.com\/legislapp\/\" \/>\n<meta property=\"og:image\" content=\"https:\/\/www.legislapp.com.br\/wp-content\/uploads\/google-play.png\" \/>\n<meta name=\"twitter:card\" content=\"summary_large_image\" \/>\n<meta name=\"twitter:label1\" content=\"Est. tempo de leitura\" \/>\n\t<meta name=\"twitter:data1\" content=\"4 minutos\" \/>\n<script type=\"application\/ld+json\" class=\"yoast-schema-graph\">{\"@context\":\"https:\/\/schema.org\",\"@graph\":[{\"@type\":\"WebPage\",\"@id\":\"https:\/\/www.legislapp.com.br\/index.php\/cam-legislativa-de-sc-pl-0238-2025\/\",\"url\":\"https:\/\/www.legislapp.com.br\/index.php\/cam-legislativa-de-sc-pl-0238-2025\/\",\"name\":\"PL.\/0238\/2025 - Marcos da Rosa - Legislapp\",\"isPartOf\":{\"@id\":\"https:\/\/www.legislapp.com.br\/#website\"},\"primaryImageOfPage\":{\"@id\":\"https:\/\/www.legislapp.com.br\/index.php\/cam-legislativa-de-sc-pl-0238-2025\/#primaryimage\"},\"image\":{\"@id\":\"https:\/\/www.legislapp.com.br\/index.php\/cam-legislativa-de-sc-pl-0238-2025\/#primaryimage\"},\"thumbnailUrl\":\"https:\/\/www.legislapp.com.br\/wp-content\/uploads\/google-play.png\",\"datePublished\":\"2025-09-17T16:55:49+00:00\",\"breadcrumb\":{\"@id\":\"https:\/\/www.legislapp.com.br\/index.php\/cam-legislativa-de-sc-pl-0238-2025\/#breadcrumb\"},\"inLanguage\":\"pt-BR\",\"potentialAction\":[{\"@type\":\"ReadAction\",\"target\":[\"https:\/\/www.legislapp.com.br\/index.php\/cam-legislativa-de-sc-pl-0238-2025\/\"]}]},{\"@type\":\"ImageObject\",\"inLanguage\":\"pt-BR\",\"@id\":\"https:\/\/www.legislapp.com.br\/index.php\/cam-legislativa-de-sc-pl-0238-2025\/#primaryimage\",\"url\":\"https:\/\/www.legislapp.com.br\/wp-content\/uploads\/google-play.png\",\"contentUrl\":\"https:\/\/www.legislapp.com.br\/wp-content\/uploads\/google-play.png\",\"width\":564,\"height\":168},{\"@type\":\"BreadcrumbList\",\"@id\":\"https:\/\/www.legislapp.com.br\/index.php\/cam-legislativa-de-sc-pl-0238-2025\/#breadcrumb\",\"itemListElement\":[{\"@type\":\"ListItem\",\"position\":1,\"name\":\"In\u00edcio\",\"item\":\"https:\/\/www.legislapp.com.br\/\"},{\"@type\":\"ListItem\",\"position\":2,\"name\":\"PL.\/0238\/2025 &#8211; Marcos da Rosa\"}]},{\"@type\":\"WebSite\",\"@id\":\"https:\/\/www.legislapp.com.br\/#website\",\"url\":\"https:\/\/www.legislapp.com.br\/\",\"name\":\"Legislapp\",\"description\":\"Intelig\u00eancia governamental em tempo real\",\"publisher\":{\"@id\":\"https:\/\/www.legislapp.com.br\/#organization\"},\"potentialAction\":[{\"@type\":\"SearchAction\",\"target\":{\"@type\":\"EntryPoint\",\"urlTemplate\":\"https:\/\/www.legislapp.com.br\/?s={search_term_string}\"},\"query-input\":{\"@type\":\"PropertyValueSpecification\",\"valueRequired\":true,\"valueName\":\"search_term_string\"}}],\"inLanguage\":\"pt-BR\"},{\"@type\":\"Organization\",\"@id\":\"https:\/\/www.legislapp.com.br\/#organization\",\"name\":\"Legislapp Monitoramento e Intelig\u00eancia Governamental\",\"url\":\"https:\/\/www.legislapp.com.br\/\",\"logo\":{\"@type\":\"ImageObject\",\"inLanguage\":\"pt-BR\",\"@id\":\"https:\/\/www.legislapp.com.br\/#\/schema\/logo\/image\/\",\"url\":\"https:\/\/www.legislapp.com.br\/wp-content\/uploads\/icon.png\",\"contentUrl\":\"https:\/\/www.legislapp.com.br\/wp-content\/uploads\/icon.png\",\"width\":1024,\"height\":1024,\"caption\":\"Legislapp Monitoramento e Intelig\u00eancia Governamental\"},\"image\":{\"@id\":\"https:\/\/www.legislapp.com.br\/#\/schema\/logo\/image\/\"},\"sameAs\":[\"https:\/\/www.instagram.com\/legislapp\/\"]}]}<\/script>\n<!-- \/ Yoast SEO plugin. -->","yoast_head_json":{"title":"PL.\/0238\/2025 - Marcos da Rosa - Legislapp","robots":{"index":"index","follow":"follow","max-snippet":"max-snippet:-1","max-image-preview":"max-image-preview:large","max-video-preview":"max-video-preview:-1"},"canonical":"https:\/\/www.legislapp.com.br\/index.php\/cam-legislativa-de-sc-pl-0238-2025\/","og_locale":"pt_BR","og_type":"article","og_title":"PL.\/0238\/2025 - Marcos da Rosa - Legislapp","og_description":"C\u00e2m. Legislativa de SC &#8211; Autoria de Marcos da Rosa Declara integrante do Patrim\u00f4nio Cultural Imaterial do Estado de Santa Catarina a Festa do Pescador, realizada no munic\u00edpio de Governador Celso Ramos, e altera o Anexo I da Lei n\u00ba 17.565, de 2018, que &#8220;Consolida as leis sobre o Patrim\u00f4nio Cultural do Estado&#8221;. ASSEMBLEIA LEGISLATIVA [&hellip;]","og_url":"https:\/\/www.legislapp.com.br\/index.php\/cam-legislativa-de-sc-pl-0238-2025\/","og_site_name":"Legislapp","article_publisher":"https:\/\/www.instagram.com\/legislapp\/","og_image":[{"url":"https:\/\/www.legislapp.com.br\/wp-content\/uploads\/google-play.png","type":"","width":"","height":""}],"twitter_card":"summary_large_image","twitter_misc":{"Est. tempo de leitura":"4 minutos"},"schema":{"@context":"https:\/\/schema.org","@graph":[{"@type":"WebPage","@id":"https:\/\/www.legislapp.com.br\/index.php\/cam-legislativa-de-sc-pl-0238-2025\/","url":"https:\/\/www.legislapp.com.br\/index.php\/cam-legislativa-de-sc-pl-0238-2025\/","name":"PL.\/0238\/2025 - Marcos da Rosa - Legislapp","isPartOf":{"@id":"https:\/\/www.legislapp.com.br\/#website"},"primaryImageOfPage":{"@id":"https:\/\/www.legislapp.com.br\/index.php\/cam-legislativa-de-sc-pl-0238-2025\/#primaryimage"},"image":{"@id":"https:\/\/www.legislapp.com.br\/index.php\/cam-legislativa-de-sc-pl-0238-2025\/#primaryimage"},"thumbnailUrl":"https:\/\/www.legislapp.com.br\/wp-content\/uploads\/google-play.png","datePublished":"2025-09-17T16:55:49+00:00","breadcrumb":{"@id":"https:\/\/www.legislapp.com.br\/index.php\/cam-legislativa-de-sc-pl-0238-2025\/#breadcrumb"},"inLanguage":"pt-BR","potentialAction":[{"@type":"ReadAction","target":["https:\/\/www.legislapp.com.br\/index.php\/cam-legislativa-de-sc-pl-0238-2025\/"]}]},{"@type":"ImageObject","inLanguage":"pt-BR","@id":"https:\/\/www.legislapp.com.br\/index.php\/cam-legislativa-de-sc-pl-0238-2025\/#primaryimage","url":"https:\/\/www.legislapp.com.br\/wp-content\/uploads\/google-play.png","contentUrl":"https:\/\/www.legislapp.com.br\/wp-content\/uploads\/google-play.png","width":564,"height":168},{"@type":"BreadcrumbList","@id":"https:\/\/www.legislapp.com.br\/index.php\/cam-legislativa-de-sc-pl-0238-2025\/#breadcrumb","itemListElement":[{"@type":"ListItem","position":1,"name":"In\u00edcio","item":"https:\/\/www.legislapp.com.br\/"},{"@type":"ListItem","position":2,"name":"PL.\/0238\/2025 &#8211; Marcos da Rosa"}]},{"@type":"WebSite","@id":"https:\/\/www.legislapp.com.br\/#website","url":"https:\/\/www.legislapp.com.br\/","name":"Legislapp","description":"Intelig\u00eancia governamental em tempo real","publisher":{"@id":"https:\/\/www.legislapp.com.br\/#organization"},"potentialAction":[{"@type":"SearchAction","target":{"@type":"EntryPoint","urlTemplate":"https:\/\/www.legislapp.com.br\/?s={search_term_string}"},"query-input":{"@type":"PropertyValueSpecification","valueRequired":true,"valueName":"search_term_string"}}],"inLanguage":"pt-BR"},{"@type":"Organization","@id":"https:\/\/www.legislapp.com.br\/#organization","name":"Legislapp Monitoramento e Intelig\u00eancia Governamental","url":"https:\/\/www.legislapp.com.br\/","logo":{"@type":"ImageObject","inLanguage":"pt-BR","@id":"https:\/\/www.legislapp.com.br\/#\/schema\/logo\/image\/","url":"https:\/\/www.legislapp.com.br\/wp-content\/uploads\/icon.png","contentUrl":"https:\/\/www.legislapp.com.br\/wp-content\/uploads\/icon.png","width":1024,"height":1024,"caption":"Legislapp Monitoramento e Intelig\u00eancia Governamental"},"image":{"@id":"https:\/\/www.legislapp.com.br\/#\/schema\/logo\/image\/"},"sameAs":["https:\/\/www.instagram.com\/legislapp\/"]}]}},"_links":{"self":[{"href":"https:\/\/www.legislapp.com.br\/index.php\/wp-json\/wp\/v2\/pages\/7884","targetHints":{"allow":["GET"]}}],"collection":[{"href":"https:\/\/www.legislapp.com.br\/index.php\/wp-json\/wp\/v2\/pages"}],"about":[{"href":"https:\/\/www.legislapp.com.br\/index.php\/wp-json\/wp\/v2\/types\/page"}],"author":[{"embeddable":true,"href":"https:\/\/www.legislapp.com.br\/index.php\/wp-json\/wp\/v2\/users\/1"}],"replies":[{"embeddable":true,"href":"https:\/\/www.legislapp.com.br\/index.php\/wp-json\/wp\/v2\/comments?post=7884"}],"version-history":[{"count":0,"href":"https:\/\/www.legislapp.com.br\/index.php\/wp-json\/wp\/v2\/pages\/7884\/revisions"}],"wp:attachment":[{"href":"https:\/\/www.legislapp.com.br\/index.php\/wp-json\/wp\/v2\/media?parent=7884"}],"curies":[{"name":"wp","href":"https:\/\/api.w.org\/{rel}","templated":true}]}}