{"id":7898,"date":"2025-09-17T13:56:40","date_gmt":"2025-09-17T16:56:40","guid":{"rendered":"https:\/\/www.legislapp.com.br\/index.php\/cam-legislativa-de-sc-pl-0229-2025\/"},"modified":"2025-09-17T13:56:40","modified_gmt":"2025-09-17T16:56:40","slug":"cam-legislativa-de-sc-pl-0229-2025","status":"publish","type":"page","link":"https:\/\/www.legislapp.com.br\/index.php\/cam-legislativa-de-sc-pl-0229-2025\/","title":{"rendered":"PL.\/0229\/2025 &#8211; Janice Krasniak"},"content":{"rendered":"<h1 style='text-align: center;'>C\u00e2m. Legislativa de SC &#8211; Autoria de Janice Krasniak<\/h3>\n<p><\/p>\n<article style='text-align: center'>Institui a Semana de Conscientiza\u00e7\u00e3o sobre a Neurodiversidade e altera o Anexo \u00danico da Lei n\u00ba 18.531, de 2022, que Consolida as leis que instituem datas e eventos alusivos no \u00e2mbito do Estado de Santa Catarina.<\/article>\n<p><\/p>\n<p style='text-align: center'><a href='https:\/\/app.legislapp.com.br\/#\/busca?termo='><\/a><\/p>\n<p><\/p>\n<article>ASSEMBLEIA LEGISLATIVA GABINETE DEPUTADA<br \/>\nESTADO DE SANTA CATARINA JANICE KRASNIAK<\/p>\n<p>PROJETO DE LEI<\/p>\n<p>Institui a Semana de Conscientiza\u00e7\u00e3o sobre a<br \/>\nNeurodiversidade e altera o Anexo \u00danico da Lei n\u00ba 18.531,<br \/>\nde 2022, que Consolida as leis que instituem datas e eventos<br \/>\nalusivos no \u00e2mbito do Estado de Santa Catarina. <\/p>\n<p>Art. 1\u00ba . Fica institu\u00eddo, no \u00e2mbito do Estado de Santa<br \/>\nCatarina, a Semana de Conscientiza\u00e7\u00e3o sobre a Neurodiversidade, a ser celebrada,<br \/>\nanualmente, entre os dias 17 e 23 de mar\u00e7o.<\/p>\n<p>PAR\u00c1GRAFO \u00daNICO. A referida lei tem como objetivo<br \/>\npromover a conscientiza\u00e7\u00e3o sobre as diferentes formas de funcionamento neurol\u00f3gico<br \/>\ne incentivar a inclus\u00e3o social e educacional.<\/p>\n<p>Art. 2\u00ba Durante Semana de Conscientiza\u00e7\u00e3o sobre a<br \/>\nNeurodiversidade, poder\u00e3o ser realizadas, entre outras atividades:<\/p>\n<p>I &#8211; Palestras, semin\u00e1rios e workshops sobre<br \/>\nneurodiversidade, inclus\u00e3o e acessibilidade;<br \/>\nII &#8211; Campanhas educativas em escolas, universidades e<br \/>\nespa\u00e7os p\u00fablicos; <\/p>\n<p>III &#8211; Distribui\u00e7\u00e3o de materiais informativos sobre as condi\u00e7\u00f5es<br \/>\nneurodivergentes, como autismo, TDAH, dislexia, entre outras;<\/p>\n<p>IV &#8211; Exposi\u00e7\u00f5es culturais e art\u00edsticas que promovam a<br \/>\nvaloriza\u00e7\u00e3o da diversidade neurol\u00f3gica;<br \/>\nV &#8211; Parcerias com organiza\u00e7\u00f5es da sociedade civil para a<br \/>\nrealiza\u00e7\u00e3o de eventos e atividades de conscientiza\u00e7\u00e3o.<\/p>\n<p>Art. 3\u00ba O Poder Executivo Estadual, por meio dos \u00f3rg\u00e3os<br \/>\ncompetentes, poder\u00e1 estabelecer parcerias com entidades p\u00fablicas e privadas,<br \/>\norganiza\u00e7\u00f5es n\u00e3o governamentais e movimentos sociais para a execu\u00e7\u00e3o das<br \/>\natividades previstas nesta Lei.<\/p>\n<p>Art. 4\u00ba O Anexo \u00danico da Lei n\u00ba 18.531, de 5 de dezembro de<br \/>\n2022, passa a vigorar com a altera\u00e7\u00e3o constante do Anexo \u00fanico desta Lei.<\/p>\n<p>Art. 5\u00ba Esta Lei entra em vigor na data de sua publica\u00e7\u00e3o<\/p>\n<p>Sala da Sess\u00f5es,     <\/p>\n<p>Janice Aparecida Steidel Krasniak<br \/>\nDeputada Estadual<\/p>\n<p>JUSTIFICA\u00c7\u00c3O<\/p>\n<p>O presente Projeto de Lei visa instituir, no \u00e2mbito do Estado<br \/>\nde Santa Catarina, Semana de Conscientiza\u00e7\u00e3o sobre a Neurodiversidade, a ser<br \/>\ncelebrada anualmente no per\u00edodo de 17 a 23 de mar\u00e7o.<\/p>\n<p>A neurodiversidade \u00e9 um conceito que reconhece e valoriza<br \/>\nas varia\u00e7\u00f5es neurol\u00f3gicas naturais do c\u00e9rebro humano como parte da diversidade<br \/>\nhumana, assim como as diferen\u00e7as culturais, \u00e9tnicas ou lingu\u00edsticas. O termo surgiu na<br \/>\nd\u00e9cada de 1990, especialmente dentro da comunidade do autismo, e defende que<br \/>\ncondi\u00e7\u00f5es como: Autismo, TDAH (Transtorno do D\u00e9ficit de Aten\u00e7\u00e3o com<br \/>\nHiperatividade), Dislexia, Discalculia, S\u00edndrome de Tourette, Altas<br \/>\nHabilidades\/Superdota\u00e7\u00e3o, entre outras, n\u00e3o devem ser vistas apenas como<br \/>\n&#8220;dist\u00farbios&#8221; ou &#8220;d\u00e9ficits&#8221;, mas como formas diferentes de pensar, perceber e interagir<br \/>\ncom o mundo.<\/p>\n<p>Esse conceito tem influenciado a educa\u00e7\u00e3o, o mercado de<br \/>\ntrabalho e at\u00e9 pol\u00edticas p\u00fablicas, propondo uma mudan\u00e7a de perspectiva: do modelo<br \/>\nm\u00e9dico (que busca &#8220;corrigir&#8221;) para um modelo social (que busca &#8220;incluir e adaptar&#8221;).<\/p>\n<p>A neurodiversidade reconhece que varia\u00e7\u00f5es neurol\u00f3gicas,<br \/>\ncomo o autismo, o TDAH, a dislexia e outras, s\u00e3o manifesta\u00e7\u00f5es naturais da<br \/>\ndiversidade humana. Essas condi\u00e7\u00f5es n\u00e3o devem ser vistas como defici\u00eancias, mas<br \/>\ncomo formas diferentes de perceber e interagir com o mundo. Promover a<br \/>\nneurodiversidade \u00e9 essencial para combater estigmas, preconceitos e capacitismo,<br \/>\nal\u00e9m de garantir que as pessoas neurodivergentes tenham acesso a direitos e<br \/>\noportunidades iguais.<\/p>\n<p>A Semana de Conscientiza\u00e7\u00e3o sobre a Neurodiversidade \u00e9<br \/>\numa iniciativa que visa promover a conscientiza\u00e7\u00e3o, o respeito e a inclus\u00e3o das<br \/>\npessoas neurodivergentes na sociedade. Embora n\u00e3o haja uma legisla\u00e7\u00e3o espec\u00edfica<br \/>\ncom esse nome em Santa Catarina, o estado tem demonstrado compromisso com a<br \/>\ninclus\u00e3o por meio de outras a\u00e7\u00f5es e leis.<\/p>\n<p>Em Santa Catarina, a\u00e7\u00f5es como a Semana Nacional da<br \/>\nPessoa com Defici\u00eancia Intelectual e M\u00faltipla refor\u00e7am o compromisso com pol\u00edticas<br \/>\np\u00fablicas para inclus\u00e3o social. Durante essa semana, s\u00e3o realizadas atividades que<br \/>\nvisam conscientizar a sociedade sobre o preconceito contra as pessoas com<br \/>\ndefici\u00eancia, valorizando a diversidade e o respeito. A Funda\u00e7\u00e3o Catarinense de<br \/>\nEduca\u00e7\u00e3o Especial (FCEE) tamb\u00e9m desempenha um papel fundamental na promo\u00e7\u00e3o<br \/>\nda inclus\u00e3o social, oferecendo servi\u00e7os especializados e formando parcerias com<br \/>\ninstitui\u00e7\u00f5es em todo o estado.<\/p>\n<p>A cria\u00e7\u00e3o da Semana de Conscientiza\u00e7\u00e3o sobre a<br \/>\nNeurodiversidade em Santa Catarina \u00e9 um passo significativo para fortalecer o<br \/>\ncompromisso do estado com a inclus\u00e3o e o respeito \u00e0s diferen\u00e7as. Por meio de<br \/>\natividades educativas, culturais e informativas, seria poss\u00edvel sensibilizar a popula\u00e7\u00e3o e<br \/>\npromover uma sociedade mais justa e igualit\u00e1ria para todos.<\/p>\n<p>Sala das Sess\u00f5es<\/p>\n<p>da Sess\u00f5es, Janice Aparecida Steidel Krasniak<br \/>\n                               Deputada EstadualELEGIS<br \/>\nDocumento assinado eletronicamente por Janice Aparecida<br \/>\nSteidel Krasniak, em 07\/05\/2025, \u00e0s 12:08.<br \/>\nSistema de Processo<br \/>\nLegislativo Eletr\u00f4nico<\/article>\n<div style=\"text-align: center\">\n<div style=\"margin-bottom: 20px;\" class=\"et_pb_button_module_wrapper et_pb_button_5_tb_body_wrapper et_pb_button_alignment_center et_pb_module \">\n         <a class=\"et_pb_button et_pb_button_5_tb_body et_hover_enabled et_pb_bg_layout_dark\" style=\"width: 50%;background-color: black;\" href=\"https:\/\/app.legislapp.com.br\" target=\"_blank\" rel=\"noopener\">Visualizar completo na nossa plataforma (30 dias gr\u00e1tis)<\/a><\/p><\/div>\n<p>      <a href=\"https:\/\/play.google.com\/store\/apps\/details?id=br.com.legislapp\"><img decoding=\"async\" style=\"width: 15%; min-width: 130px;\" src=\"https:\/\/www.legislapp.com.br\/wp-content\/uploads\/google-play.png\"><\/a><br \/>\n      <a href=\"https:\/\/apps.apple.com\/us\/app\/legislapp\/id1568929859\"><img decoding=\"async\" style=\"width: 15%; min-width: 130px\" src=\"https:\/\/www.legislapp.com.br\/wp-content\/uploads\/apple-store.png\"><\/a>\n   <\/div>\n","protected":false},"excerpt":{"rendered":"<p>C\u00e2m. Legislativa de SC &#8211; Autoria de Janice Krasniak Institui a Semana de Conscientiza\u00e7\u00e3o sobre a Neurodiversidade e altera o Anexo \u00danico da Lei n\u00ba 18.531, de 2022, que Consolida as leis que instituem datas e eventos alusivos no \u00e2mbito do Estado de Santa Catarina. ASSEMBLEIA LEGISLATIVA GABINETE DEPUTADA ESTADO DE SANTA CATARINA JANICE KRASNIAK [&hellip;]<\/p>\n","protected":false},"author":1,"featured_media":0,"parent":0,"menu_order":0,"comment_status":"closed","ping_status":"closed","template":"page-template-blank.php","meta":{"_et_pb_use_builder":"","_et_pb_old_content":"","_et_gb_content_width":"1080","ngg_post_thumbnail":0,"footnotes":""},"class_list":["post-7898","page","type-page","status-publish","hentry"],"yoast_head":"<!-- This site is optimized with the Yoast SEO plugin v24.4 - https:\/\/yoast.com\/wordpress\/plugins\/seo\/ -->\n<title>PL.\/0229\/2025 - Janice Krasniak - Legislapp<\/title>\n<meta name=\"robots\" content=\"index, follow, max-snippet:-1, max-image-preview:large, max-video-preview:-1\" \/>\n<link rel=\"canonical\" href=\"https:\/\/www.legislapp.com.br\/index.php\/cam-legislativa-de-sc-pl-0229-2025\/\" \/>\n<meta property=\"og:locale\" content=\"pt_BR\" \/>\n<meta property=\"og:type\" content=\"article\" \/>\n<meta property=\"og:title\" content=\"PL.\/0229\/2025 - Janice Krasniak - Legislapp\" \/>\n<meta property=\"og:description\" content=\"C\u00e2m. Legislativa de SC &#8211; Autoria de Janice Krasniak Institui a Semana de Conscientiza\u00e7\u00e3o sobre a Neurodiversidade e altera o Anexo \u00danico da Lei n\u00ba 18.531, de 2022, que Consolida as leis que instituem datas e eventos alusivos no \u00e2mbito do Estado de Santa Catarina. ASSEMBLEIA LEGISLATIVA GABINETE DEPUTADA ESTADO DE SANTA CATARINA JANICE KRASNIAK [&hellip;]\" \/>\n<meta property=\"og:url\" content=\"https:\/\/www.legislapp.com.br\/index.php\/cam-legislativa-de-sc-pl-0229-2025\/\" \/>\n<meta property=\"og:site_name\" content=\"Legislapp\" \/>\n<meta property=\"article:publisher\" content=\"https:\/\/www.instagram.com\/legislapp\/\" \/>\n<meta property=\"og:image\" content=\"https:\/\/www.legislapp.com.br\/wp-content\/uploads\/google-play.png\" \/>\n<meta name=\"twitter:card\" content=\"summary_large_image\" \/>\n<meta name=\"twitter:label1\" content=\"Est. tempo de leitura\" \/>\n\t<meta name=\"twitter:data1\" content=\"4 minutos\" \/>\n<script type=\"application\/ld+json\" class=\"yoast-schema-graph\">{\"@context\":\"https:\/\/schema.org\",\"@graph\":[{\"@type\":\"WebPage\",\"@id\":\"https:\/\/www.legislapp.com.br\/index.php\/cam-legislativa-de-sc-pl-0229-2025\/\",\"url\":\"https:\/\/www.legislapp.com.br\/index.php\/cam-legislativa-de-sc-pl-0229-2025\/\",\"name\":\"PL.\/0229\/2025 - Janice Krasniak - Legislapp\",\"isPartOf\":{\"@id\":\"https:\/\/www.legislapp.com.br\/#website\"},\"primaryImageOfPage\":{\"@id\":\"https:\/\/www.legislapp.com.br\/index.php\/cam-legislativa-de-sc-pl-0229-2025\/#primaryimage\"},\"image\":{\"@id\":\"https:\/\/www.legislapp.com.br\/index.php\/cam-legislativa-de-sc-pl-0229-2025\/#primaryimage\"},\"thumbnailUrl\":\"https:\/\/www.legislapp.com.br\/wp-content\/uploads\/google-play.png\",\"datePublished\":\"2025-09-17T16:56:40+00:00\",\"breadcrumb\":{\"@id\":\"https:\/\/www.legislapp.com.br\/index.php\/cam-legislativa-de-sc-pl-0229-2025\/#breadcrumb\"},\"inLanguage\":\"pt-BR\",\"potentialAction\":[{\"@type\":\"ReadAction\",\"target\":[\"https:\/\/www.legislapp.com.br\/index.php\/cam-legislativa-de-sc-pl-0229-2025\/\"]}]},{\"@type\":\"ImageObject\",\"inLanguage\":\"pt-BR\",\"@id\":\"https:\/\/www.legislapp.com.br\/index.php\/cam-legislativa-de-sc-pl-0229-2025\/#primaryimage\",\"url\":\"https:\/\/www.legislapp.com.br\/wp-content\/uploads\/google-play.png\",\"contentUrl\":\"https:\/\/www.legislapp.com.br\/wp-content\/uploads\/google-play.png\",\"width\":564,\"height\":168},{\"@type\":\"BreadcrumbList\",\"@id\":\"https:\/\/www.legislapp.com.br\/index.php\/cam-legislativa-de-sc-pl-0229-2025\/#breadcrumb\",\"itemListElement\":[{\"@type\":\"ListItem\",\"position\":1,\"name\":\"In\u00edcio\",\"item\":\"https:\/\/www.legislapp.com.br\/\"},{\"@type\":\"ListItem\",\"position\":2,\"name\":\"PL.\/0229\/2025 &#8211; Janice Krasniak\"}]},{\"@type\":\"WebSite\",\"@id\":\"https:\/\/www.legislapp.com.br\/#website\",\"url\":\"https:\/\/www.legislapp.com.br\/\",\"name\":\"Legislapp\",\"description\":\"Intelig\u00eancia governamental em tempo real\",\"publisher\":{\"@id\":\"https:\/\/www.legislapp.com.br\/#organization\"},\"potentialAction\":[{\"@type\":\"SearchAction\",\"target\":{\"@type\":\"EntryPoint\",\"urlTemplate\":\"https:\/\/www.legislapp.com.br\/?s={search_term_string}\"},\"query-input\":{\"@type\":\"PropertyValueSpecification\",\"valueRequired\":true,\"valueName\":\"search_term_string\"}}],\"inLanguage\":\"pt-BR\"},{\"@type\":\"Organization\",\"@id\":\"https:\/\/www.legislapp.com.br\/#organization\",\"name\":\"Legislapp Monitoramento e Intelig\u00eancia Governamental\",\"url\":\"https:\/\/www.legislapp.com.br\/\",\"logo\":{\"@type\":\"ImageObject\",\"inLanguage\":\"pt-BR\",\"@id\":\"https:\/\/www.legislapp.com.br\/#\/schema\/logo\/image\/\",\"url\":\"https:\/\/www.legislapp.com.br\/wp-content\/uploads\/icon.png\",\"contentUrl\":\"https:\/\/www.legislapp.com.br\/wp-content\/uploads\/icon.png\",\"width\":1024,\"height\":1024,\"caption\":\"Legislapp Monitoramento e Intelig\u00eancia Governamental\"},\"image\":{\"@id\":\"https:\/\/www.legislapp.com.br\/#\/schema\/logo\/image\/\"},\"sameAs\":[\"https:\/\/www.instagram.com\/legislapp\/\"]}]}<\/script>\n<!-- \/ Yoast SEO plugin. -->","yoast_head_json":{"title":"PL.\/0229\/2025 - Janice Krasniak - Legislapp","robots":{"index":"index","follow":"follow","max-snippet":"max-snippet:-1","max-image-preview":"max-image-preview:large","max-video-preview":"max-video-preview:-1"},"canonical":"https:\/\/www.legislapp.com.br\/index.php\/cam-legislativa-de-sc-pl-0229-2025\/","og_locale":"pt_BR","og_type":"article","og_title":"PL.\/0229\/2025 - Janice Krasniak - Legislapp","og_description":"C\u00e2m. Legislativa de SC &#8211; Autoria de Janice Krasniak Institui a Semana de Conscientiza\u00e7\u00e3o sobre a Neurodiversidade e altera o Anexo \u00danico da Lei n\u00ba 18.531, de 2022, que Consolida as leis que instituem datas e eventos alusivos no \u00e2mbito do Estado de Santa Catarina. ASSEMBLEIA LEGISLATIVA GABINETE DEPUTADA ESTADO DE SANTA CATARINA JANICE KRASNIAK [&hellip;]","og_url":"https:\/\/www.legislapp.com.br\/index.php\/cam-legislativa-de-sc-pl-0229-2025\/","og_site_name":"Legislapp","article_publisher":"https:\/\/www.instagram.com\/legislapp\/","og_image":[{"url":"https:\/\/www.legislapp.com.br\/wp-content\/uploads\/google-play.png","type":"","width":"","height":""}],"twitter_card":"summary_large_image","twitter_misc":{"Est. tempo de leitura":"4 minutos"},"schema":{"@context":"https:\/\/schema.org","@graph":[{"@type":"WebPage","@id":"https:\/\/www.legislapp.com.br\/index.php\/cam-legislativa-de-sc-pl-0229-2025\/","url":"https:\/\/www.legislapp.com.br\/index.php\/cam-legislativa-de-sc-pl-0229-2025\/","name":"PL.\/0229\/2025 - Janice Krasniak - Legislapp","isPartOf":{"@id":"https:\/\/www.legislapp.com.br\/#website"},"primaryImageOfPage":{"@id":"https:\/\/www.legislapp.com.br\/index.php\/cam-legislativa-de-sc-pl-0229-2025\/#primaryimage"},"image":{"@id":"https:\/\/www.legislapp.com.br\/index.php\/cam-legislativa-de-sc-pl-0229-2025\/#primaryimage"},"thumbnailUrl":"https:\/\/www.legislapp.com.br\/wp-content\/uploads\/google-play.png","datePublished":"2025-09-17T16:56:40+00:00","breadcrumb":{"@id":"https:\/\/www.legislapp.com.br\/index.php\/cam-legislativa-de-sc-pl-0229-2025\/#breadcrumb"},"inLanguage":"pt-BR","potentialAction":[{"@type":"ReadAction","target":["https:\/\/www.legislapp.com.br\/index.php\/cam-legislativa-de-sc-pl-0229-2025\/"]}]},{"@type":"ImageObject","inLanguage":"pt-BR","@id":"https:\/\/www.legislapp.com.br\/index.php\/cam-legislativa-de-sc-pl-0229-2025\/#primaryimage","url":"https:\/\/www.legislapp.com.br\/wp-content\/uploads\/google-play.png","contentUrl":"https:\/\/www.legislapp.com.br\/wp-content\/uploads\/google-play.png","width":564,"height":168},{"@type":"BreadcrumbList","@id":"https:\/\/www.legislapp.com.br\/index.php\/cam-legislativa-de-sc-pl-0229-2025\/#breadcrumb","itemListElement":[{"@type":"ListItem","position":1,"name":"In\u00edcio","item":"https:\/\/www.legislapp.com.br\/"},{"@type":"ListItem","position":2,"name":"PL.\/0229\/2025 &#8211; Janice Krasniak"}]},{"@type":"WebSite","@id":"https:\/\/www.legislapp.com.br\/#website","url":"https:\/\/www.legislapp.com.br\/","name":"Legislapp","description":"Intelig\u00eancia governamental em tempo real","publisher":{"@id":"https:\/\/www.legislapp.com.br\/#organization"},"potentialAction":[{"@type":"SearchAction","target":{"@type":"EntryPoint","urlTemplate":"https:\/\/www.legislapp.com.br\/?s={search_term_string}"},"query-input":{"@type":"PropertyValueSpecification","valueRequired":true,"valueName":"search_term_string"}}],"inLanguage":"pt-BR"},{"@type":"Organization","@id":"https:\/\/www.legislapp.com.br\/#organization","name":"Legislapp Monitoramento e Intelig\u00eancia Governamental","url":"https:\/\/www.legislapp.com.br\/","logo":{"@type":"ImageObject","inLanguage":"pt-BR","@id":"https:\/\/www.legislapp.com.br\/#\/schema\/logo\/image\/","url":"https:\/\/www.legislapp.com.br\/wp-content\/uploads\/icon.png","contentUrl":"https:\/\/www.legislapp.com.br\/wp-content\/uploads\/icon.png","width":1024,"height":1024,"caption":"Legislapp Monitoramento e Intelig\u00eancia Governamental"},"image":{"@id":"https:\/\/www.legislapp.com.br\/#\/schema\/logo\/image\/"},"sameAs":["https:\/\/www.instagram.com\/legislapp\/"]}]}},"_links":{"self":[{"href":"https:\/\/www.legislapp.com.br\/index.php\/wp-json\/wp\/v2\/pages\/7898","targetHints":{"allow":["GET"]}}],"collection":[{"href":"https:\/\/www.legislapp.com.br\/index.php\/wp-json\/wp\/v2\/pages"}],"about":[{"href":"https:\/\/www.legislapp.com.br\/index.php\/wp-json\/wp\/v2\/types\/page"}],"author":[{"embeddable":true,"href":"https:\/\/www.legislapp.com.br\/index.php\/wp-json\/wp\/v2\/users\/1"}],"replies":[{"embeddable":true,"href":"https:\/\/www.legislapp.com.br\/index.php\/wp-json\/wp\/v2\/comments?post=7898"}],"version-history":[{"count":0,"href":"https:\/\/www.legislapp.com.br\/index.php\/wp-json\/wp\/v2\/pages\/7898\/revisions"}],"wp:attachment":[{"href":"https:\/\/www.legislapp.com.br\/index.php\/wp-json\/wp\/v2\/media?parent=7898"}],"curies":[{"name":"wp","href":"https:\/\/api.w.org\/{rel}","templated":true}]}}