{"id":7905,"date":"2025-09-17T13:57:04","date_gmt":"2025-09-17T16:57:04","guid":{"rendered":"https:\/\/www.legislapp.com.br\/index.php\/cam-legislativa-de-mg-pl-3675-2025\/"},"modified":"2025-09-17T13:57:04","modified_gmt":"2025-09-17T16:57:04","slug":"cam-legislativa-de-mg-pl-3675-2025","status":"publish","type":"page","link":"https:\/\/www.legislapp.com.br\/index.php\/cam-legislativa-de-mg-pl-3675-2025\/","title":{"rendered":"PL 3675\/2025 &#8211; Deputados"},"content":{"rendered":"<h1 style='text-align: center;'>C\u00e2m. Legislativa de MG &#8211; Autoria de Deputados<\/h3>\n<p><\/p>\n<article style='text-align: center'>Altera a Lei 24462, de 26 de setembro de 2023, que disp\u00f5e sobre o<br \/>\nSistema Estadual de Cultura, o Sistema de Financiamento \u00e0 Cultura &#8211;<br \/>\nDescentra Cultura Minas Gerais e a Pol\u00edtica Estadual de Cultura Viva e d\u00e1<br \/>\noutras provid\u00eancias.<\/article>\n<p><\/p>\n<p style='text-align: center'><a href='https:\/\/app.legislapp.com.br\/#\/busca?termo='><\/a><\/p>\n<p><\/p>\n<article>Altera a Lei n\u00ba 24.462, de 26 de setembro de 2023, que disp\u00f5e sobre o Sistema Estadual de Cultura, o Sistema de Financiamento \u00e0 Cultura \u2013 Descentra Cultura Minas Gerais e a Pol\u00edtica Estadual de Cultura Viva e d\u00e1 outras provid\u00eancias.<br \/>\nA Assembleia Legislativa do Estado de Minas Gerais decreta:<br \/>\nArt. 1\u00ba \u2013 O art. 9\u00ba da Lei n\u00ba 24.462, de 26 de setembro de 2023, que passa a vigorar com a seguinte reda\u00e7\u00e3o:<br \/>\n\u201cArt. 9\u00ba \u2013 Os editais de a\u00e7\u00f5es especiais do FEC, a que se refere o art. 26, dever\u00e3o seguir crit\u00e9rios e defini\u00e7\u00f5es estabelecidas nos programas de fomento \u00e0 cultura, sendo vedado ao Poder P\u00fablico:<br \/>\nI \u2013 adotar crit\u00e9rios subjetivos ou gen\u00e9ricos para impedir, restringir ou dificultar a contrata\u00e7\u00e3o de artistas ou grupos culturais, especialmente aqueles historicamente marginalizados, sob alega\u00e7\u00f5es vagas de risco \u00e0 ordem p\u00fablica ou apologia a atividades il\u00edcitas;<br \/>\nII \u2013 recusar a cess\u00e3o de espa\u00e7os p\u00fablicos culturais para manifesta\u00e7\u00f5es art\u00edsticas de car\u00e1ter comunit\u00e1rio, salvo por raz\u00f5es estritamente t\u00e9cnicas, devidamente justificadas.<br \/>\nPar\u00e1grafo \u00fanico \u2013 O descumprimento desta lei por agentes p\u00fablicos sujeitar\u00e1 os respons\u00e1veis a san\u00e7\u00f5es administrativas, sem preju\u00edzo de outras penalidades previstas na legisla\u00e7\u00e3o vigente.<br \/>\nArt. 2\u00ba \u2013 Esta lei entra em vigor na data de sua publica\u00e7\u00e3o.<br \/>\nSala das Reuni\u00f5es, 10 de abril de 2025.<br \/>\nAndr\u00e9ia de Jesus (PT)<br \/>\nJustifica\u00e7\u00e3o: A tentativa de criminalizar e excluir jovens perif\u00e9ricos do cen\u00e1rio musical brasileiro representa um grave retrocesso na garantia da liberdade de express\u00e3o art\u00edstica e cultural.<br \/>\nPol\u00edticas de segrega\u00e7\u00e3o e censura buscam restringir a ascens\u00e3o de artistas vindos das camadas populares, impactando diretamente a diversidade e representatividade na cultura nacional.<br \/>\nAtualmente, tramitam nas C\u00e2maras Municipais do Rio de Janeiro\/RJ e S\u00e3o Paulo\/SP projetos como a chamada \u201cLei Anti-Oruam\u201d. A autora do projeto em S\u00e3o Paulo declarou explicitamente seu desejo de proibir o rapper Oruam de se apresentar na cidade. Oruam, nome art\u00edstico de Mauro Davi dos Santos Nepomuceno, \u00e9 filho de Marcinho VP, identificado como chefe da fac\u00e7\u00e3o criminosa Comando Vermelho. Durante suas apresenta\u00e7\u00f5es, Oruam frequentemente homenageia seu pai e pede sua liberdade, fato que tem sido usado como justificativa para tentativas de censura.<br \/>\nDesde o surgimento do funk na d\u00e9cada de 1970 e a populariza\u00e7\u00e3o do rap nos anos 1990, jovens das periferias encontraram na m\u00fasica um meio de express\u00e3o e ascens\u00e3o social, relatando em suas letras a realidade em que vivem. \u00c9 fundamental reconhecer o contexto social desses artistas: crian\u00e7as que crescem em favelas, enfrentando precariedade, viol\u00eancia e criminalidade, naturalmente refletem esses temas em suas composi\u00e7\u00f5es.<br \/>\n\u00c9 essencial compreender que, para qualquer crian\u00e7a, a fam\u00edlia e o meio onde vive influenciam diretamente sua vis\u00e3o de mundo e suas refer\u00eancias. No caso de Oruam, sua hist\u00f3ria n\u00e3o foge a essa regra.<br \/>\nEste projeto de lei visa preservar as ra\u00edzes negras e perif\u00e9ricas dos g\u00eaneros musicais que ainda s\u00e3o majoritariamente difundidos pela popula\u00e7\u00e3o preta e da periferia. \u00c9 um passo necess\u00e1rio para garantir a liberdade de express\u00e3o art\u00edstica e cultural em Minas Gerais, protegendo os jovens negros de persegui\u00e7\u00f5es e criminaliza\u00e7\u00e3o indevida.<br \/>\nPortanto, \u00e9 imprescind\u00edvel que o Poder P\u00fablico apoie iniciativas que fortale\u00e7am a liberdade de express\u00e3o, valorizem as manifesta\u00e7\u00f5es art\u00edsticas e reconhe\u00e7am a cultura como pilar essencial na estrutura\u00e7\u00e3o da sociedade.<br \/>\nDessa forma, solicito o apoio dos nobres pares para a aprova\u00e7\u00e3o deste projeto de lei.<br \/>\n\u2013 Semelhante proposi\u00e7\u00e3o foi apresentada anteriormente pela deputada Amanda Teixeira Dias. Anexe-se ao Projeto de Lei n\u00ba 3.254\/2025, nos termos do \u00a7 2\u00ba do art. 173 do Regimento Interno.<\/article>\n<div style=\"text-align: center\">\n<div style=\"margin-bottom: 20px;\" class=\"et_pb_button_module_wrapper et_pb_button_5_tb_body_wrapper et_pb_button_alignment_center et_pb_module \">\n         <a class=\"et_pb_button et_pb_button_5_tb_body et_hover_enabled et_pb_bg_layout_dark\" style=\"width: 50%;background-color: black;\" href=\"https:\/\/app.legislapp.com.br\" target=\"_blank\" rel=\"noopener\">Visualizar completo na nossa plataforma (30 dias gr\u00e1tis)<\/a><\/p><\/div>\n<p>      <a href=\"https:\/\/play.google.com\/store\/apps\/details?id=br.com.legislapp\"><img decoding=\"async\" style=\"width: 15%; min-width: 130px;\" src=\"https:\/\/www.legislapp.com.br\/wp-content\/uploads\/google-play.png\"><\/a><br \/>\n      <a href=\"https:\/\/apps.apple.com\/us\/app\/legislapp\/id1568929859\"><img decoding=\"async\" style=\"width: 15%; min-width: 130px\" src=\"https:\/\/www.legislapp.com.br\/wp-content\/uploads\/apple-store.png\"><\/a>\n   <\/div>\n","protected":false},"excerpt":{"rendered":"<p>C\u00e2m. Legislativa de MG &#8211; Autoria de Deputados Altera a Lei 24462, de 26 de setembro de 2023, que disp\u00f5e sobre o Sistema Estadual de Cultura, o Sistema de Financiamento \u00e0 Cultura &#8211; Descentra Cultura Minas Gerais e a Pol\u00edtica Estadual de Cultura Viva e d\u00e1 outras provid\u00eancias. Altera a Lei n\u00ba 24.462, de 26 [&hellip;]<\/p>\n","protected":false},"author":1,"featured_media":0,"parent":0,"menu_order":0,"comment_status":"closed","ping_status":"closed","template":"page-template-blank.php","meta":{"_et_pb_use_builder":"","_et_pb_old_content":"","_et_gb_content_width":"1080","ngg_post_thumbnail":0,"footnotes":""},"class_list":["post-7905","page","type-page","status-publish","hentry"],"yoast_head":"<!-- This site is optimized with the Yoast SEO plugin v24.4 - https:\/\/yoast.com\/wordpress\/plugins\/seo\/ -->\n<title>PL 3675\/2025 - Deputados - Legislapp<\/title>\n<meta name=\"robots\" content=\"index, follow, max-snippet:-1, max-image-preview:large, max-video-preview:-1\" \/>\n<link rel=\"canonical\" href=\"https:\/\/www.legislapp.com.br\/index.php\/cam-legislativa-de-mg-pl-3675-2025\/\" \/>\n<meta property=\"og:locale\" content=\"pt_BR\" \/>\n<meta property=\"og:type\" content=\"article\" \/>\n<meta property=\"og:title\" content=\"PL 3675\/2025 - Deputados - Legislapp\" \/>\n<meta property=\"og:description\" content=\"C\u00e2m. Legislativa de MG &#8211; Autoria de Deputados Altera a Lei 24462, de 26 de setembro de 2023, que disp\u00f5e sobre o Sistema Estadual de Cultura, o Sistema de Financiamento \u00e0 Cultura &#8211; Descentra Cultura Minas Gerais e a Pol\u00edtica Estadual de Cultura Viva e d\u00e1 outras provid\u00eancias. Altera a Lei n\u00ba 24.462, de 26 [&hellip;]\" \/>\n<meta property=\"og:url\" content=\"https:\/\/www.legislapp.com.br\/index.php\/cam-legislativa-de-mg-pl-3675-2025\/\" \/>\n<meta property=\"og:site_name\" content=\"Legislapp\" \/>\n<meta property=\"article:publisher\" content=\"https:\/\/www.instagram.com\/legislapp\/\" \/>\n<meta property=\"og:image\" content=\"https:\/\/www.legislapp.com.br\/wp-content\/uploads\/google-play.png\" \/>\n<meta name=\"twitter:card\" content=\"summary_large_image\" \/>\n<meta name=\"twitter:label1\" content=\"Est. tempo de leitura\" \/>\n\t<meta name=\"twitter:data1\" content=\"3 minutos\" \/>\n<script type=\"application\/ld+json\" class=\"yoast-schema-graph\">{\"@context\":\"https:\/\/schema.org\",\"@graph\":[{\"@type\":\"WebPage\",\"@id\":\"https:\/\/www.legislapp.com.br\/index.php\/cam-legislativa-de-mg-pl-3675-2025\/\",\"url\":\"https:\/\/www.legislapp.com.br\/index.php\/cam-legislativa-de-mg-pl-3675-2025\/\",\"name\":\"PL 3675\/2025 - Deputados - Legislapp\",\"isPartOf\":{\"@id\":\"https:\/\/www.legislapp.com.br\/#website\"},\"primaryImageOfPage\":{\"@id\":\"https:\/\/www.legislapp.com.br\/index.php\/cam-legislativa-de-mg-pl-3675-2025\/#primaryimage\"},\"image\":{\"@id\":\"https:\/\/www.legislapp.com.br\/index.php\/cam-legislativa-de-mg-pl-3675-2025\/#primaryimage\"},\"thumbnailUrl\":\"https:\/\/www.legislapp.com.br\/wp-content\/uploads\/google-play.png\",\"datePublished\":\"2025-09-17T16:57:04+00:00\",\"breadcrumb\":{\"@id\":\"https:\/\/www.legislapp.com.br\/index.php\/cam-legislativa-de-mg-pl-3675-2025\/#breadcrumb\"},\"inLanguage\":\"pt-BR\",\"potentialAction\":[{\"@type\":\"ReadAction\",\"target\":[\"https:\/\/www.legislapp.com.br\/index.php\/cam-legislativa-de-mg-pl-3675-2025\/\"]}]},{\"@type\":\"ImageObject\",\"inLanguage\":\"pt-BR\",\"@id\":\"https:\/\/www.legislapp.com.br\/index.php\/cam-legislativa-de-mg-pl-3675-2025\/#primaryimage\",\"url\":\"https:\/\/www.legislapp.com.br\/wp-content\/uploads\/google-play.png\",\"contentUrl\":\"https:\/\/www.legislapp.com.br\/wp-content\/uploads\/google-play.png\",\"width\":564,\"height\":168},{\"@type\":\"BreadcrumbList\",\"@id\":\"https:\/\/www.legislapp.com.br\/index.php\/cam-legislativa-de-mg-pl-3675-2025\/#breadcrumb\",\"itemListElement\":[{\"@type\":\"ListItem\",\"position\":1,\"name\":\"In\u00edcio\",\"item\":\"https:\/\/www.legislapp.com.br\/\"},{\"@type\":\"ListItem\",\"position\":2,\"name\":\"PL 3675\/2025 &#8211; Deputados\"}]},{\"@type\":\"WebSite\",\"@id\":\"https:\/\/www.legislapp.com.br\/#website\",\"url\":\"https:\/\/www.legislapp.com.br\/\",\"name\":\"Legislapp\",\"description\":\"Intelig\u00eancia governamental em tempo real\",\"publisher\":{\"@id\":\"https:\/\/www.legislapp.com.br\/#organization\"},\"potentialAction\":[{\"@type\":\"SearchAction\",\"target\":{\"@type\":\"EntryPoint\",\"urlTemplate\":\"https:\/\/www.legislapp.com.br\/?s={search_term_string}\"},\"query-input\":{\"@type\":\"PropertyValueSpecification\",\"valueRequired\":true,\"valueName\":\"search_term_string\"}}],\"inLanguage\":\"pt-BR\"},{\"@type\":\"Organization\",\"@id\":\"https:\/\/www.legislapp.com.br\/#organization\",\"name\":\"Legislapp Monitoramento e Intelig\u00eancia Governamental\",\"url\":\"https:\/\/www.legislapp.com.br\/\",\"logo\":{\"@type\":\"ImageObject\",\"inLanguage\":\"pt-BR\",\"@id\":\"https:\/\/www.legislapp.com.br\/#\/schema\/logo\/image\/\",\"url\":\"https:\/\/www.legislapp.com.br\/wp-content\/uploads\/icon.png\",\"contentUrl\":\"https:\/\/www.legislapp.com.br\/wp-content\/uploads\/icon.png\",\"width\":1024,\"height\":1024,\"caption\":\"Legislapp Monitoramento e Intelig\u00eancia Governamental\"},\"image\":{\"@id\":\"https:\/\/www.legislapp.com.br\/#\/schema\/logo\/image\/\"},\"sameAs\":[\"https:\/\/www.instagram.com\/legislapp\/\"]}]}<\/script>\n<!-- \/ Yoast SEO plugin. -->","yoast_head_json":{"title":"PL 3675\/2025 - Deputados - Legislapp","robots":{"index":"index","follow":"follow","max-snippet":"max-snippet:-1","max-image-preview":"max-image-preview:large","max-video-preview":"max-video-preview:-1"},"canonical":"https:\/\/www.legislapp.com.br\/index.php\/cam-legislativa-de-mg-pl-3675-2025\/","og_locale":"pt_BR","og_type":"article","og_title":"PL 3675\/2025 - Deputados - Legislapp","og_description":"C\u00e2m. Legislativa de MG &#8211; Autoria de Deputados Altera a Lei 24462, de 26 de setembro de 2023, que disp\u00f5e sobre o Sistema Estadual de Cultura, o Sistema de Financiamento \u00e0 Cultura &#8211; Descentra Cultura Minas Gerais e a Pol\u00edtica Estadual de Cultura Viva e d\u00e1 outras provid\u00eancias. Altera a Lei n\u00ba 24.462, de 26 [&hellip;]","og_url":"https:\/\/www.legislapp.com.br\/index.php\/cam-legislativa-de-mg-pl-3675-2025\/","og_site_name":"Legislapp","article_publisher":"https:\/\/www.instagram.com\/legislapp\/","og_image":[{"url":"https:\/\/www.legislapp.com.br\/wp-content\/uploads\/google-play.png","type":"","width":"","height":""}],"twitter_card":"summary_large_image","twitter_misc":{"Est. tempo de leitura":"3 minutos"},"schema":{"@context":"https:\/\/schema.org","@graph":[{"@type":"WebPage","@id":"https:\/\/www.legislapp.com.br\/index.php\/cam-legislativa-de-mg-pl-3675-2025\/","url":"https:\/\/www.legislapp.com.br\/index.php\/cam-legislativa-de-mg-pl-3675-2025\/","name":"PL 3675\/2025 - Deputados - Legislapp","isPartOf":{"@id":"https:\/\/www.legislapp.com.br\/#website"},"primaryImageOfPage":{"@id":"https:\/\/www.legislapp.com.br\/index.php\/cam-legislativa-de-mg-pl-3675-2025\/#primaryimage"},"image":{"@id":"https:\/\/www.legislapp.com.br\/index.php\/cam-legislativa-de-mg-pl-3675-2025\/#primaryimage"},"thumbnailUrl":"https:\/\/www.legislapp.com.br\/wp-content\/uploads\/google-play.png","datePublished":"2025-09-17T16:57:04+00:00","breadcrumb":{"@id":"https:\/\/www.legislapp.com.br\/index.php\/cam-legislativa-de-mg-pl-3675-2025\/#breadcrumb"},"inLanguage":"pt-BR","potentialAction":[{"@type":"ReadAction","target":["https:\/\/www.legislapp.com.br\/index.php\/cam-legislativa-de-mg-pl-3675-2025\/"]}]},{"@type":"ImageObject","inLanguage":"pt-BR","@id":"https:\/\/www.legislapp.com.br\/index.php\/cam-legislativa-de-mg-pl-3675-2025\/#primaryimage","url":"https:\/\/www.legislapp.com.br\/wp-content\/uploads\/google-play.png","contentUrl":"https:\/\/www.legislapp.com.br\/wp-content\/uploads\/google-play.png","width":564,"height":168},{"@type":"BreadcrumbList","@id":"https:\/\/www.legislapp.com.br\/index.php\/cam-legislativa-de-mg-pl-3675-2025\/#breadcrumb","itemListElement":[{"@type":"ListItem","position":1,"name":"In\u00edcio","item":"https:\/\/www.legislapp.com.br\/"},{"@type":"ListItem","position":2,"name":"PL 3675\/2025 &#8211; Deputados"}]},{"@type":"WebSite","@id":"https:\/\/www.legislapp.com.br\/#website","url":"https:\/\/www.legislapp.com.br\/","name":"Legislapp","description":"Intelig\u00eancia governamental em tempo real","publisher":{"@id":"https:\/\/www.legislapp.com.br\/#organization"},"potentialAction":[{"@type":"SearchAction","target":{"@type":"EntryPoint","urlTemplate":"https:\/\/www.legislapp.com.br\/?s={search_term_string}"},"query-input":{"@type":"PropertyValueSpecification","valueRequired":true,"valueName":"search_term_string"}}],"inLanguage":"pt-BR"},{"@type":"Organization","@id":"https:\/\/www.legislapp.com.br\/#organization","name":"Legislapp Monitoramento e Intelig\u00eancia Governamental","url":"https:\/\/www.legislapp.com.br\/","logo":{"@type":"ImageObject","inLanguage":"pt-BR","@id":"https:\/\/www.legislapp.com.br\/#\/schema\/logo\/image\/","url":"https:\/\/www.legislapp.com.br\/wp-content\/uploads\/icon.png","contentUrl":"https:\/\/www.legislapp.com.br\/wp-content\/uploads\/icon.png","width":1024,"height":1024,"caption":"Legislapp Monitoramento e Intelig\u00eancia Governamental"},"image":{"@id":"https:\/\/www.legislapp.com.br\/#\/schema\/logo\/image\/"},"sameAs":["https:\/\/www.instagram.com\/legislapp\/"]}]}},"_links":{"self":[{"href":"https:\/\/www.legislapp.com.br\/index.php\/wp-json\/wp\/v2\/pages\/7905","targetHints":{"allow":["GET"]}}],"collection":[{"href":"https:\/\/www.legislapp.com.br\/index.php\/wp-json\/wp\/v2\/pages"}],"about":[{"href":"https:\/\/www.legislapp.com.br\/index.php\/wp-json\/wp\/v2\/types\/page"}],"author":[{"embeddable":true,"href":"https:\/\/www.legislapp.com.br\/index.php\/wp-json\/wp\/v2\/users\/1"}],"replies":[{"embeddable":true,"href":"https:\/\/www.legislapp.com.br\/index.php\/wp-json\/wp\/v2\/comments?post=7905"}],"version-history":[{"count":0,"href":"https:\/\/www.legislapp.com.br\/index.php\/wp-json\/wp\/v2\/pages\/7905\/revisions"}],"wp:attachment":[{"href":"https:\/\/www.legislapp.com.br\/index.php\/wp-json\/wp\/v2\/media?parent=7905"}],"curies":[{"name":"wp","href":"https:\/\/api.w.org\/{rel}","templated":true}]}}