{"id":7910,"date":"2025-09-17T13:57:21","date_gmt":"2025-09-17T16:57:21","guid":{"rendered":"https:\/\/www.legislapp.com.br\/index.php\/cam-legislativa-de-mg-pl-3683-2025\/"},"modified":"2025-09-17T13:57:21","modified_gmt":"2025-09-17T16:57:21","slug":"cam-legislativa-de-mg-pl-3683-2025","status":"publish","type":"page","link":"https:\/\/www.legislapp.com.br\/index.php\/cam-legislativa-de-mg-pl-3683-2025\/","title":{"rendered":"PL 3683\/2025 &#8211; Deputados"},"content":{"rendered":"<h1 style='text-align: center;'>C\u00e2m. Legislativa de MG &#8211; Autoria de Deputados<\/h3>\n<p><\/p>\n<article style='text-align: center'>Institui o programa Vida Rara &#8211; Fisioterapia e Terapia Ocupacional para<br \/>\nPessoas com Doen\u00e7as Raras no \u00e2mbito do Estado.<\/article>\n<p><\/p>\n<p style='text-align: center'><a href='https:\/\/app.legislapp.com.br\/#\/busca?termo='><\/a><\/p>\n<p><\/p>\n<article>Institui o programa Vida Rara \u2013 Fisioterapia e Terapia Ocupacional para Pessoas com Doen\u00e7as Raras no \u00e2mbito do Estado.<br \/>\nA Assembleia Legislativa do Estado de Minas Gerais decreta:<br \/>\nArt. 1\u00ba \u2013 Fica institu\u00eddo o programa Vida Rara \u2013 Fisioterapia e Terapia Ocupacional para Pessoas com Doen\u00e7as Raras, no \u00e2mbito do Estado.<br \/>\nPar\u00e1grafo \u00fanico \u2013 Considera-se pessoa com doen\u00e7a rara aquela diagnosticada conforme defini\u00e7\u00e3o estabelecida pela Organiza\u00e7\u00e3o Mundial da Sa\u00fade \u2013 OMS \u2013 e pela legisla\u00e7\u00e3o federal pertinente.<br \/>\nArt. 2\u00ba \u2013 S\u00e3o objetivos do programa institu\u00eddo por esta lei:<br \/>\nI \u2013 promover a preven\u00e7\u00e3o de incapacidades decorrentes de doen\u00e7as raras;<br \/>\nII \u2013 fomentar a reabilita\u00e7\u00e3o funcional das pessoas diagnosticadas com doen\u00e7as raras;<br \/>\nIII \u2013 contribuir para a melhoria da qualidade de vida, a inclus\u00e3o social e a autonomia das pessoas diagnosticadas com doen\u00e7as raras;<br \/>\nIV \u2013 promover a inclus\u00e3o social e a autonomia das pessoas com doen\u00e7as raras;<br \/>\nV \u2013 oferecer atendimento fisioterap\u00eautico e de terapia ocupacional especializado, gratuito e multiprofissional;<br \/>\nVI \u2013 reduzir o impacto de incapacidades decorrentes das doen\u00e7as raras;<br \/>\nVII \u2013 capacitar profissionais da rede estadual de sa\u00fade para o atendimento a pessoas com doen\u00e7as raras;<br \/>\nVIII \u2013 fomentar a cria\u00e7\u00e3o de protocolos cl\u00ednicos e diretrizes terap\u00eauticas espec\u00edficas;<br \/>\nIX \u2013 estimular a realiza\u00e7\u00e3o de campanhas de conscientiza\u00e7\u00e3o sobre doen\u00e7as raras e os benef\u00edcios da reabilita\u00e7\u00e3o precoce.<br \/>\nArt. 3\u00ba \u2013 A implementa\u00e7\u00e3o do programa institu\u00eddo por esta lei contemplar\u00e1 prioritariamente as unidades da rede p\u00fablica de sa\u00fade, podendo ser firmadas parcerias com:<br \/>\nI \u2013 universidades e institui\u00e7\u00f5es de ensino superior;<br \/>\nII \u2013 hospitais universit\u00e1rios e hospitais especializados;<br \/>\nIII \u2013 organiza\u00e7\u00f5es da sociedade civil sem fins lucrativos;<br \/>\nIV \u2013 \u00f3rg\u00e3os e institui\u00e7\u00f5es federais, estaduais e municipais.<br \/>\nPar\u00e1grafo \u00fanico \u2013 Poder\u00e1 haver concess\u00e3o de incentivos fiscais e outros benef\u00edcios previstos em lei \u00e0s entidades que colaborarem com a execu\u00e7\u00e3o do programa Vida Rara.<br \/>\nArt. 4\u00ba \u2013 As a\u00e7\u00f5es previstas para o programa Vida Rara dever\u00e3o contemplar:<br \/>\nI \u2013 avalia\u00e7\u00e3o funcional e elabora\u00e7\u00e3o de plano terap\u00eautico individualizado;<br \/>\nII \u2013 atendimento ambulatorial e domiciliar, conforme necessidade do paciente;<br \/>\nIII \u2013 orienta\u00e7\u00e3o, capacita\u00e7\u00e3o e acompanhamento de familiares e cuidadores;<br \/>\nIV \u2013 aquisi\u00e7\u00e3o e fornecimento de dispositivos de tecnologia assistiva;<br \/>\nV \u2013 monitoramento e avalia\u00e7\u00e3o peri\u00f3dica dos resultados obtidos;<br \/>\nVI \u2013 integra\u00e7\u00e3o com outros programas de sa\u00fade e assist\u00eancia social.<br \/>\nArt. 5\u00ba \u2013 Para a consecu\u00e7\u00e3o dos objetivos do programa Vida Rara, poder\u00e3o ser realizadas parcerias, conv\u00eanios, acordos ou outros instrumentos jur\u00eddicos com institui\u00e7\u00f5es p\u00fablicas e privadas sem fins lucrativos.<br \/>\nArt. 6\u00ba \u2013 O Poder Executivo regulamentar\u00e1 esta lei, definindo as etapas para a cria\u00e7\u00e3o e implementa\u00e7\u00e3o do programa Vida Rara.<br \/>\nArt. 7\u00ba \u2013 Esta lei entra em vigor na data de sua publica\u00e7\u00e3o.<br \/>\nSala das Reuni\u00f5es, 23 de abril de 2025.<br \/>\nNayara Rocha (PP), vice-l\u00edder do Governo.<br \/>\nJustifica\u00e7\u00e3o: As doen\u00e7as raras, embora individualmente incomuns, afetam conjuntamente uma parcela significativa da popula\u00e7\u00e3o e imp\u00f5em desafios \u00fanicos aos sistemas de sa\u00fade p\u00fablica. S\u00e3o condi\u00e7\u00f5es, em sua maioria, cr\u00f4nicas, progressivas e debilitantes, que frequentemente levam \u00e0 perda da autonomia e \u00e0 redu\u00e7\u00e3o da qualidade de vida dos pacientes.<br \/>\nSegundo a Organiza\u00e7\u00e3o Mundial da Sa\u00fade \u2013 OMS \u2013, uma doen\u00e7a \u00e9 considerada rara quando afeta at\u00e9 65 pessoas em cada 100 mil habitantes. Estima-se que, no Brasil, mais de 13 milh\u00f5es de pessoas convivam com alguma dessas condi\u00e7\u00f5es. Em Minas Gerais, dados de 2022 indicam um aumento significativo nas interna\u00e7\u00f5es por doen\u00e7as raras, refletindo a crescente demanda por servi\u00e7os especializados.<br \/>\nO Programa Vida Rara tem como objetivo central fomentar a preven\u00e7\u00e3o de incapacidades e a reabilita\u00e7\u00e3o funcional, por meio do acesso a servi\u00e7os especializados de fisioterapia e terapia ocupacional. O Programa busca promover a autonomia, a inclus\u00e3o social e a melhoria da qualidade de vida de milhares de cidad\u00e3os mineiros.<br \/>\nImportante ressaltar que a cria\u00e7\u00e3o de diretrizes, conforme propomos, respeita o princ\u00edpio federativo da separa\u00e7\u00e3o de compet\u00eancias e confere ao Poder Executivo a necess\u00e1ria flexibilidade para modelar e implementar o programa segundo crit\u00e9rios t\u00e9cnicos, disponibilidade or\u00e7ament\u00e1ria e realidades regionais.<br \/>\nPortanto, a aprova\u00e7\u00e3o deste projeto de lei representa um passo importante para o fortalecimento da aten\u00e7\u00e3o integral \u00e0s pessoas com doen\u00e7as raras em Minas Gerais, promovendo dignidade, respeito e cidadania.<br \/>\nDiante do exposto, solicitamos o apoio dos nobres Pares para a aprova\u00e7\u00e3o desta iniciativa.<br \/>\n\u2013 Semelhante proposi\u00e7\u00e3o foi apresentada anteriormente pelo deputado Z\u00e9 Guilherme. Anexe-se ao Projeto de Lei n\u00ba 3.399\/2025, nos termos do \u00a7 2\u00ba do art. 173 do Regimento Interno.<\/article>\n<div style=\"text-align: center\">\n<div style=\"margin-bottom: 20px;\" class=\"et_pb_button_module_wrapper et_pb_button_5_tb_body_wrapper et_pb_button_alignment_center et_pb_module \">\n         <a class=\"et_pb_button et_pb_button_5_tb_body et_hover_enabled et_pb_bg_layout_dark\" style=\"width: 50%;background-color: black;\" href=\"https:\/\/app.legislapp.com.br\" target=\"_blank\" rel=\"noopener\">Visualizar completo na nossa plataforma (30 dias gr\u00e1tis)<\/a><\/p><\/div>\n<p>      <a href=\"https:\/\/play.google.com\/store\/apps\/details?id=br.com.legislapp\"><img decoding=\"async\" style=\"width: 15%; min-width: 130px;\" src=\"https:\/\/www.legislapp.com.br\/wp-content\/uploads\/google-play.png\"><\/a><br \/>\n      <a href=\"https:\/\/apps.apple.com\/us\/app\/legislapp\/id1568929859\"><img decoding=\"async\" style=\"width: 15%; min-width: 130px\" src=\"https:\/\/www.legislapp.com.br\/wp-content\/uploads\/apple-store.png\"><\/a>\n   <\/div>\n","protected":false},"excerpt":{"rendered":"<p>C\u00e2m. Legislativa de MG &#8211; Autoria de Deputados Institui o programa Vida Rara &#8211; Fisioterapia e Terapia Ocupacional para Pessoas com Doen\u00e7as Raras no \u00e2mbito do Estado. Institui o programa Vida Rara \u2013 Fisioterapia e Terapia Ocupacional para Pessoas com Doen\u00e7as Raras no \u00e2mbito do Estado. A Assembleia Legislativa do Estado de Minas Gerais decreta: [&hellip;]<\/p>\n","protected":false},"author":1,"featured_media":0,"parent":0,"menu_order":0,"comment_status":"closed","ping_status":"closed","template":"page-template-blank.php","meta":{"_et_pb_use_builder":"","_et_pb_old_content":"","_et_gb_content_width":"1080","ngg_post_thumbnail":0,"footnotes":""},"class_list":["post-7910","page","type-page","status-publish","hentry"],"yoast_head":"<!-- This site is optimized with the Yoast SEO plugin v24.4 - https:\/\/yoast.com\/wordpress\/plugins\/seo\/ -->\n<title>PL 3683\/2025 - Deputados - Legislapp<\/title>\n<meta name=\"robots\" content=\"index, follow, max-snippet:-1, max-image-preview:large, max-video-preview:-1\" \/>\n<link rel=\"canonical\" href=\"https:\/\/www.legislapp.com.br\/index.php\/cam-legislativa-de-mg-pl-3683-2025\/\" \/>\n<meta property=\"og:locale\" content=\"pt_BR\" \/>\n<meta property=\"og:type\" content=\"article\" \/>\n<meta property=\"og:title\" content=\"PL 3683\/2025 - Deputados - Legislapp\" \/>\n<meta property=\"og:description\" content=\"C\u00e2m. Legislativa de MG &#8211; Autoria de Deputados Institui o programa Vida Rara &#8211; Fisioterapia e Terapia Ocupacional para Pessoas com Doen\u00e7as Raras no \u00e2mbito do Estado. Institui o programa Vida Rara \u2013 Fisioterapia e Terapia Ocupacional para Pessoas com Doen\u00e7as Raras no \u00e2mbito do Estado. A Assembleia Legislativa do Estado de Minas Gerais decreta: [&hellip;]\" \/>\n<meta property=\"og:url\" content=\"https:\/\/www.legislapp.com.br\/index.php\/cam-legislativa-de-mg-pl-3683-2025\/\" \/>\n<meta property=\"og:site_name\" content=\"Legislapp\" \/>\n<meta property=\"article:publisher\" content=\"https:\/\/www.instagram.com\/legislapp\/\" \/>\n<meta property=\"og:image\" content=\"https:\/\/www.legislapp.com.br\/wp-content\/uploads\/google-play.png\" \/>\n<meta name=\"twitter:card\" content=\"summary_large_image\" \/>\n<meta name=\"twitter:label1\" content=\"Est. tempo de leitura\" \/>\n\t<meta name=\"twitter:data1\" content=\"4 minutos\" \/>\n<script type=\"application\/ld+json\" class=\"yoast-schema-graph\">{\"@context\":\"https:\/\/schema.org\",\"@graph\":[{\"@type\":\"WebPage\",\"@id\":\"https:\/\/www.legislapp.com.br\/index.php\/cam-legislativa-de-mg-pl-3683-2025\/\",\"url\":\"https:\/\/www.legislapp.com.br\/index.php\/cam-legislativa-de-mg-pl-3683-2025\/\",\"name\":\"PL 3683\/2025 - Deputados - Legislapp\",\"isPartOf\":{\"@id\":\"https:\/\/www.legislapp.com.br\/#website\"},\"primaryImageOfPage\":{\"@id\":\"https:\/\/www.legislapp.com.br\/index.php\/cam-legislativa-de-mg-pl-3683-2025\/#primaryimage\"},\"image\":{\"@id\":\"https:\/\/www.legislapp.com.br\/index.php\/cam-legislativa-de-mg-pl-3683-2025\/#primaryimage\"},\"thumbnailUrl\":\"https:\/\/www.legislapp.com.br\/wp-content\/uploads\/google-play.png\",\"datePublished\":\"2025-09-17T16:57:21+00:00\",\"breadcrumb\":{\"@id\":\"https:\/\/www.legislapp.com.br\/index.php\/cam-legislativa-de-mg-pl-3683-2025\/#breadcrumb\"},\"inLanguage\":\"pt-BR\",\"potentialAction\":[{\"@type\":\"ReadAction\",\"target\":[\"https:\/\/www.legislapp.com.br\/index.php\/cam-legislativa-de-mg-pl-3683-2025\/\"]}]},{\"@type\":\"ImageObject\",\"inLanguage\":\"pt-BR\",\"@id\":\"https:\/\/www.legislapp.com.br\/index.php\/cam-legislativa-de-mg-pl-3683-2025\/#primaryimage\",\"url\":\"https:\/\/www.legislapp.com.br\/wp-content\/uploads\/google-play.png\",\"contentUrl\":\"https:\/\/www.legislapp.com.br\/wp-content\/uploads\/google-play.png\",\"width\":564,\"height\":168},{\"@type\":\"BreadcrumbList\",\"@id\":\"https:\/\/www.legislapp.com.br\/index.php\/cam-legislativa-de-mg-pl-3683-2025\/#breadcrumb\",\"itemListElement\":[{\"@type\":\"ListItem\",\"position\":1,\"name\":\"In\u00edcio\",\"item\":\"https:\/\/www.legislapp.com.br\/\"},{\"@type\":\"ListItem\",\"position\":2,\"name\":\"PL 3683\/2025 &#8211; Deputados\"}]},{\"@type\":\"WebSite\",\"@id\":\"https:\/\/www.legislapp.com.br\/#website\",\"url\":\"https:\/\/www.legislapp.com.br\/\",\"name\":\"Legislapp\",\"description\":\"Intelig\u00eancia governamental em tempo real\",\"publisher\":{\"@id\":\"https:\/\/www.legislapp.com.br\/#organization\"},\"potentialAction\":[{\"@type\":\"SearchAction\",\"target\":{\"@type\":\"EntryPoint\",\"urlTemplate\":\"https:\/\/www.legislapp.com.br\/?s={search_term_string}\"},\"query-input\":{\"@type\":\"PropertyValueSpecification\",\"valueRequired\":true,\"valueName\":\"search_term_string\"}}],\"inLanguage\":\"pt-BR\"},{\"@type\":\"Organization\",\"@id\":\"https:\/\/www.legislapp.com.br\/#organization\",\"name\":\"Legislapp Monitoramento e Intelig\u00eancia Governamental\",\"url\":\"https:\/\/www.legislapp.com.br\/\",\"logo\":{\"@type\":\"ImageObject\",\"inLanguage\":\"pt-BR\",\"@id\":\"https:\/\/www.legislapp.com.br\/#\/schema\/logo\/image\/\",\"url\":\"https:\/\/www.legislapp.com.br\/wp-content\/uploads\/icon.png\",\"contentUrl\":\"https:\/\/www.legislapp.com.br\/wp-content\/uploads\/icon.png\",\"width\":1024,\"height\":1024,\"caption\":\"Legislapp Monitoramento e Intelig\u00eancia Governamental\"},\"image\":{\"@id\":\"https:\/\/www.legislapp.com.br\/#\/schema\/logo\/image\/\"},\"sameAs\":[\"https:\/\/www.instagram.com\/legislapp\/\"]}]}<\/script>\n<!-- \/ Yoast SEO plugin. -->","yoast_head_json":{"title":"PL 3683\/2025 - Deputados - Legislapp","robots":{"index":"index","follow":"follow","max-snippet":"max-snippet:-1","max-image-preview":"max-image-preview:large","max-video-preview":"max-video-preview:-1"},"canonical":"https:\/\/www.legislapp.com.br\/index.php\/cam-legislativa-de-mg-pl-3683-2025\/","og_locale":"pt_BR","og_type":"article","og_title":"PL 3683\/2025 - Deputados - Legislapp","og_description":"C\u00e2m. Legislativa de MG &#8211; Autoria de Deputados Institui o programa Vida Rara &#8211; Fisioterapia e Terapia Ocupacional para Pessoas com Doen\u00e7as Raras no \u00e2mbito do Estado. Institui o programa Vida Rara \u2013 Fisioterapia e Terapia Ocupacional para Pessoas com Doen\u00e7as Raras no \u00e2mbito do Estado. A Assembleia Legislativa do Estado de Minas Gerais decreta: [&hellip;]","og_url":"https:\/\/www.legislapp.com.br\/index.php\/cam-legislativa-de-mg-pl-3683-2025\/","og_site_name":"Legislapp","article_publisher":"https:\/\/www.instagram.com\/legislapp\/","og_image":[{"url":"https:\/\/www.legislapp.com.br\/wp-content\/uploads\/google-play.png","type":"","width":"","height":""}],"twitter_card":"summary_large_image","twitter_misc":{"Est. tempo de leitura":"4 minutos"},"schema":{"@context":"https:\/\/schema.org","@graph":[{"@type":"WebPage","@id":"https:\/\/www.legislapp.com.br\/index.php\/cam-legislativa-de-mg-pl-3683-2025\/","url":"https:\/\/www.legislapp.com.br\/index.php\/cam-legislativa-de-mg-pl-3683-2025\/","name":"PL 3683\/2025 - Deputados - Legislapp","isPartOf":{"@id":"https:\/\/www.legislapp.com.br\/#website"},"primaryImageOfPage":{"@id":"https:\/\/www.legislapp.com.br\/index.php\/cam-legislativa-de-mg-pl-3683-2025\/#primaryimage"},"image":{"@id":"https:\/\/www.legislapp.com.br\/index.php\/cam-legislativa-de-mg-pl-3683-2025\/#primaryimage"},"thumbnailUrl":"https:\/\/www.legislapp.com.br\/wp-content\/uploads\/google-play.png","datePublished":"2025-09-17T16:57:21+00:00","breadcrumb":{"@id":"https:\/\/www.legislapp.com.br\/index.php\/cam-legislativa-de-mg-pl-3683-2025\/#breadcrumb"},"inLanguage":"pt-BR","potentialAction":[{"@type":"ReadAction","target":["https:\/\/www.legislapp.com.br\/index.php\/cam-legislativa-de-mg-pl-3683-2025\/"]}]},{"@type":"ImageObject","inLanguage":"pt-BR","@id":"https:\/\/www.legislapp.com.br\/index.php\/cam-legislativa-de-mg-pl-3683-2025\/#primaryimage","url":"https:\/\/www.legislapp.com.br\/wp-content\/uploads\/google-play.png","contentUrl":"https:\/\/www.legislapp.com.br\/wp-content\/uploads\/google-play.png","width":564,"height":168},{"@type":"BreadcrumbList","@id":"https:\/\/www.legislapp.com.br\/index.php\/cam-legislativa-de-mg-pl-3683-2025\/#breadcrumb","itemListElement":[{"@type":"ListItem","position":1,"name":"In\u00edcio","item":"https:\/\/www.legislapp.com.br\/"},{"@type":"ListItem","position":2,"name":"PL 3683\/2025 &#8211; Deputados"}]},{"@type":"WebSite","@id":"https:\/\/www.legislapp.com.br\/#website","url":"https:\/\/www.legislapp.com.br\/","name":"Legislapp","description":"Intelig\u00eancia governamental em tempo real","publisher":{"@id":"https:\/\/www.legislapp.com.br\/#organization"},"potentialAction":[{"@type":"SearchAction","target":{"@type":"EntryPoint","urlTemplate":"https:\/\/www.legislapp.com.br\/?s={search_term_string}"},"query-input":{"@type":"PropertyValueSpecification","valueRequired":true,"valueName":"search_term_string"}}],"inLanguage":"pt-BR"},{"@type":"Organization","@id":"https:\/\/www.legislapp.com.br\/#organization","name":"Legislapp Monitoramento e Intelig\u00eancia Governamental","url":"https:\/\/www.legislapp.com.br\/","logo":{"@type":"ImageObject","inLanguage":"pt-BR","@id":"https:\/\/www.legislapp.com.br\/#\/schema\/logo\/image\/","url":"https:\/\/www.legislapp.com.br\/wp-content\/uploads\/icon.png","contentUrl":"https:\/\/www.legislapp.com.br\/wp-content\/uploads\/icon.png","width":1024,"height":1024,"caption":"Legislapp Monitoramento e Intelig\u00eancia Governamental"},"image":{"@id":"https:\/\/www.legislapp.com.br\/#\/schema\/logo\/image\/"},"sameAs":["https:\/\/www.instagram.com\/legislapp\/"]}]}},"_links":{"self":[{"href":"https:\/\/www.legislapp.com.br\/index.php\/wp-json\/wp\/v2\/pages\/7910","targetHints":{"allow":["GET"]}}],"collection":[{"href":"https:\/\/www.legislapp.com.br\/index.php\/wp-json\/wp\/v2\/pages"}],"about":[{"href":"https:\/\/www.legislapp.com.br\/index.php\/wp-json\/wp\/v2\/types\/page"}],"author":[{"embeddable":true,"href":"https:\/\/www.legislapp.com.br\/index.php\/wp-json\/wp\/v2\/users\/1"}],"replies":[{"embeddable":true,"href":"https:\/\/www.legislapp.com.br\/index.php\/wp-json\/wp\/v2\/comments?post=7910"}],"version-history":[{"count":0,"href":"https:\/\/www.legislapp.com.br\/index.php\/wp-json\/wp\/v2\/pages\/7910\/revisions"}],"wp:attachment":[{"href":"https:\/\/www.legislapp.com.br\/index.php\/wp-json\/wp\/v2\/media?parent=7910"}],"curies":[{"name":"wp","href":"https:\/\/api.w.org\/{rel}","templated":true}]}}