{"id":7914,"date":"2025-09-17T13:57:34","date_gmt":"2025-09-17T16:57:34","guid":{"rendered":"https:\/\/www.legislapp.com.br\/index.php\/cam-legislativa-de-pe-pl-2897-2025\/"},"modified":"2025-09-17T13:57:34","modified_gmt":"2025-09-17T16:57:34","slug":"cam-legislativa-de-pe-pl-2897-2025","status":"publish","type":"page","link":"https:\/\/www.legislapp.com.br\/index.php\/cam-legislativa-de-pe-pl-2897-2025\/","title":{"rendered":"PL 2897\/2025 &#8211; Jeferson Tim\u00f3teo"},"content":{"rendered":"<h1 style='text-align: center;'>C\u00e2m. Legislativa de PE &#8211; Autoria de Jeferson Tim\u00f3teo<br \/><img src='https:\/\/www.alepe.pe.gov.br\/\/wp-content\/uploads\/2023\/02\/JEFERSON-TIMOTEO-1-scaled-e1675860179567.jpg' alt='Jeferson Tim\u00f3teo' \/><\/h3>\n<p><\/p>\n<article style='text-align: center'>O presente Projeto de Lei tem por objetivo realizar altera\u00e7\u00f5es na Lei n\u00ba 12.280 de 11 de novembro de 2002, que disp\u00f5e sobre a Prote\u00e7\u00e3o Integral aos Direitos do Aluno, e em seu cap\u00edtulo VIII, que trata do Direito ao Aluno Atleta, afim de estabelecer crit\u00e9rios adicionais aos direitos do aluno atleta, para que estudantes atletas possam concluir seu processo educativo sem interromper sua trajet\u00f3ria esportiva, especialmente no que diz respeito \u00e0 participa\u00e7\u00e3o em eventos e competi\u00e7\u00f5es oficiais.<\/p>\n<p>\u00a0\u00a0\u00a0\u00a0\u00a0Temos que o desporto educacional,\u00a0tem um papel importante na vida desses estudantes, pois visa a forma\u00e7\u00e3o integral do indiv\u00edduo, focando n\u00e3o apenas no desenvolvimento f\u00edsico, mas muito al\u00e9m disso, como no desenvolvimento de valores, habilidades sociais e emocionais, buscando a constru\u00e7\u00e3o de cidad\u00e3os conscientes e respons\u00e1veis atrav\u00e9s do esporte.<\/p>\n<p>\u00a0\u00a0\u00a0\u00a0\u00a0Em sua trajet\u00f3ria esportiva, \u00e9 comum que o estudante atleta precise dividir seu tempo entre a forma\u00e7\u00e3o acad\u00eamica e a prepara\u00e7\u00e3o esportiva, muitas vezes sacrificando sua vida escolar, o que n\u00e3o deveria ocorrer, j\u00e1 que a escola deve incentivar os seus estudantes atletas a participarem de eventos e competi\u00e7\u00f5es, promovendo meios alternativos para tanto, sem a prejudicar o ensino.<\/p>\n<p>\u00a0\u00a0\u00a0\u00a0\u00a0\u00c9 certo que a referida Lei j\u00e1 disp\u00f5e de alguns meios alternativos para a reposi\u00e7\u00e3o do ensino, quando o aluno atleta necessitar ausentar-se de suas obriga\u00e7\u00f5es escolares para a participa\u00e7\u00e3o de eventos ou competi\u00e7\u00f5es oficiais, contudo \u00e9 necess\u00e1ria a altera\u00e7\u00e3o da Lei, para conferir maior garantia no exerc\u00edcio do direito adquirido pelo atleta, j\u00e1 que muitas vezes esses meios alternativos oferecidos pelas institui\u00e7\u00f5es de ensino, tornam-se invi\u00e1veis, fazendo com que o aluno prejudique o ensino, ou desista de sua trajet\u00f3ria esportiva.<\/p>\n<p>\u00a0\u00a0\u00a0\u00a0\u00a0Assim, as altera\u00e7\u00f5es pretendidas com a aprova\u00e7\u00e3o do presente Projeto de Lei, s\u00e3o no sentido de que as institui\u00e7\u00f5es de ensino ofere\u00e7am as reposi\u00e7\u00f5es e per\u00edodo especial e prova em data alternativa, no turno de estudo do aluno ou em outro hor\u00e1rio agendado com sua anu\u00eancia expressa, de modo a viabilizar a sua substitui\u00e7\u00e3o sem qualquer prejudicialidade do ensino e cumprimento das atividades do calend\u00e1rio escolar.<\/p>\n<p>\u00a0\u00a0\u00a0\u00a0\u00a0Al\u00e9m disso, como forma de formalizar o pedido dos alunos as institui\u00e7\u00f5es de ensino, o presente Projeto visa determinar que o estudante comprove o seu v\u00ednculo com a pr\u00e1tica esportiva, mediante a apresenta\u00e7\u00e3o de declara\u00e7\u00e3o firmada por um dos pais ou respons\u00e1vel, bem como declara\u00e7\u00e3o emitida pela entidade esportiva \u00e0 qual o estudante atleta esteja vinculado.<\/p>\n<p>\u00a0\u00a0\u00a0\u00a0\u00a0Tais altera\u00e7\u00f5es sugeridas na Lei em quest\u00e3o, visam garantir condi\u00e7\u00f5es efetivas para que estudantes atletas possam concluir seu processo educativo sem interromper sua trajet\u00f3ria esportiva, bem como garantir maior seguran\u00e7a das escolas quanto ao direito dos alunos atletas nas solicita\u00e7\u00f5es apresentadas.<\/p>\n<p>\u00a0\u00a0\u00a0\u00a0\u00a0Assim, conforme exposto, o presente projeto busca meios de garantir o direito \u00e0 educa\u00e7\u00e3o dos jovens estudantes atletas, permitindo que conciliem sua forma\u00e7\u00e3o acad\u00eamica com o desenvolvimento esportivo, sem preju\u00edzo de nenhum dos dois.<\/p>\n<p>\u00a0\u00a0\u00a0\u00a0\u00a0Desta feita, solicito o apoio dos Nobres Pares para aprova\u00e7\u00e3o do presente Projeto de Lei dada a sua relev\u00e2ncia social.<\/article>\n<p><\/p>\n<p style='text-align: center'><a href='https:\/\/app.legislapp.com.br\/#\/busca?termo='><\/a><\/p>\n<p><\/p>\n<article>\u00a0\u00a0\u00a0\u00a0\u00a0Art. 1\u00ba A.\u00a0Lei n\u00ba 12.280 de 11 de novembro de 2002, passa a vigorar com os seguintes acr\u00e9scimos:<\/p>\n<p>\u201cArt. 28. A reposi\u00e7\u00e3o de ensino e o per\u00edodo especial de provas de que trata o art.\u00a027\u00a0dever\u00e3o ser solicitadas pelo aluno e oferecidas pela escola, conforme o caso, em data alternativa, no turno de estudo do aluno ou em outro hor\u00e1rio agendado com a sua anu\u00eancia expressa; (NR)<\/p>\n<p>\u00a7 1\u00ba A presta\u00e7\u00e3o alternativa dever\u00e1 observar os par\u00e2metros curriculares e o plano de aula do dia da aus\u00eancia do aluno. (AC)<\/p>\n<p>\u00a7 2\u00ba O cumprimento das formas de presta\u00e7\u00e3o alternativa de que trata este artigo substituir\u00e1 a obriga\u00e7\u00e3o original para todos os efeitos. (AC)<\/p>\n<p>Art. 28-A. Para o exerc\u00edcio do direito de que trata esta Lei, o v\u00ednculo do estudante \u00e0 pr\u00e1tica esportiva dever\u00e1 ser atestado pelos seguintes documentos: (AC)<\/p>\n<p>I &#8211;\u00a0declara\u00e7\u00e3o firmada por um dos pais ou respons\u00e1vel; (AC)<\/p>\n<p>II &#8211;\u00a0declara\u00e7\u00e3o emitida pela entidade esportiva \u00e0 qual o estudante atleta esteja vinculado, atestando sua participa\u00e7\u00e3o em competi\u00e7\u00f5es oficiais. (AC)<\/p>\n<p>Par\u00e1grafo \u00fanico. As declara\u00e7\u00f5es mencionadas neste artigo dever\u00e3o ser apresentadas \u00e0 institui\u00e7\u00e3o de ensino com anteced\u00eancia m\u00ednima de 15 (quinze) dias da data da competi\u00e7\u00e3o oficial, para que a institui\u00e7\u00e3o possa adotar as provid\u00eancias necess\u00e1rias.\u201d (AC)<\/p>\n<p>\u00a0\u00a0\u00a0\u00a0\u00a0Art. 2\u00ba Esta Lei entra em vigor na data de sua publica\u00e7\u00e3o.<\/article>\n<div style=\"text-align: center\">\n<div style=\"margin-bottom: 20px;\" class=\"et_pb_button_module_wrapper et_pb_button_5_tb_body_wrapper et_pb_button_alignment_center et_pb_module \">\n         <a class=\"et_pb_button et_pb_button_5_tb_body et_hover_enabled et_pb_bg_layout_dark\" style=\"width: 50%;background-color: black;\" href=\"https:\/\/app.legislapp.com.br\" target=\"_blank\" rel=\"noopener\">Visualizar completo na nossa plataforma (30 dias gr\u00e1tis)<\/a><\/p><\/div>\n<p>      <a href=\"https:\/\/play.google.com\/store\/apps\/details?id=br.com.legislapp\"><img decoding=\"async\" style=\"width: 15%; min-width: 130px;\" src=\"https:\/\/www.legislapp.com.br\/wp-content\/uploads\/google-play.png\"><\/a><br \/>\n      <a href=\"https:\/\/apps.apple.com\/us\/app\/legislapp\/id1568929859\"><img decoding=\"async\" style=\"width: 15%; min-width: 130px\" src=\"https:\/\/www.legislapp.com.br\/wp-content\/uploads\/apple-store.png\"><\/a>\n   <\/div>\n","protected":false},"excerpt":{"rendered":"<p>C\u00e2m. Legislativa de PE &#8211; Autoria de Jeferson Tim\u00f3teo O presente Projeto de Lei tem por objetivo realizar altera\u00e7\u00f5es na Lei n\u00ba 12.280 de 11 de novembro de 2002, que disp\u00f5e sobre a Prote\u00e7\u00e3o Integral aos Direitos do Aluno, e em seu cap\u00edtulo VIII, que trata do Direito ao Aluno Atleta, afim de estabelecer crit\u00e9rios [&hellip;]<\/p>\n","protected":false},"author":1,"featured_media":0,"parent":0,"menu_order":0,"comment_status":"closed","ping_status":"closed","template":"page-template-blank.php","meta":{"_et_pb_use_builder":"","_et_pb_old_content":"","_et_gb_content_width":"1080","ngg_post_thumbnail":0,"footnotes":""},"class_list":["post-7914","page","type-page","status-publish","hentry"],"yoast_head":"<!-- This site is optimized with the Yoast SEO plugin v24.4 - https:\/\/yoast.com\/wordpress\/plugins\/seo\/ -->\n<title>PL 2897\/2025 - Jeferson Tim\u00f3teo - Legislapp<\/title>\n<meta name=\"robots\" content=\"index, follow, max-snippet:-1, max-image-preview:large, max-video-preview:-1\" \/>\n<link rel=\"canonical\" href=\"https:\/\/www.legislapp.com.br\/index.php\/cam-legislativa-de-pe-pl-2897-2025\/\" \/>\n<meta property=\"og:locale\" content=\"pt_BR\" \/>\n<meta property=\"og:type\" content=\"article\" \/>\n<meta property=\"og:title\" content=\"PL 2897\/2025 - Jeferson Tim\u00f3teo - Legislapp\" \/>\n<meta property=\"og:description\" content=\"C\u00e2m. Legislativa de PE &#8211; Autoria de Jeferson Tim\u00f3teo O presente Projeto de Lei tem por objetivo realizar altera\u00e7\u00f5es na Lei n\u00ba 12.280 de 11 de novembro de 2002, que disp\u00f5e sobre a Prote\u00e7\u00e3o Integral aos Direitos do Aluno, e em seu cap\u00edtulo VIII, que trata do Direito ao Aluno Atleta, afim de estabelecer crit\u00e9rios [&hellip;]\" \/>\n<meta property=\"og:url\" content=\"https:\/\/www.legislapp.com.br\/index.php\/cam-legislativa-de-pe-pl-2897-2025\/\" \/>\n<meta property=\"og:site_name\" content=\"Legislapp\" \/>\n<meta property=\"article:publisher\" content=\"https:\/\/www.instagram.com\/legislapp\/\" \/>\n<meta property=\"og:image\" content=\"https:\/\/www.alepe.pe.gov.br\/\/wp-content\/uploads\/2023\/02\/JEFERSON-TIMOTEO-1-scaled-e1675860179567.jpg\" \/>\n<meta name=\"twitter:card\" content=\"summary_large_image\" \/>\n<meta name=\"twitter:label1\" content=\"Est. tempo de leitura\" \/>\n\t<meta name=\"twitter:data1\" content=\"4 minutos\" \/>\n<script type=\"application\/ld+json\" class=\"yoast-schema-graph\">{\"@context\":\"https:\/\/schema.org\",\"@graph\":[{\"@type\":\"WebPage\",\"@id\":\"https:\/\/www.legislapp.com.br\/index.php\/cam-legislativa-de-pe-pl-2897-2025\/\",\"url\":\"https:\/\/www.legislapp.com.br\/index.php\/cam-legislativa-de-pe-pl-2897-2025\/\",\"name\":\"PL 2897\/2025 - Jeferson Tim\u00f3teo - Legislapp\",\"isPartOf\":{\"@id\":\"https:\/\/www.legislapp.com.br\/#website\"},\"primaryImageOfPage\":{\"@id\":\"https:\/\/www.legislapp.com.br\/index.php\/cam-legislativa-de-pe-pl-2897-2025\/#primaryimage\"},\"image\":{\"@id\":\"https:\/\/www.legislapp.com.br\/index.php\/cam-legislativa-de-pe-pl-2897-2025\/#primaryimage\"},\"thumbnailUrl\":\"https:\/\/www.alepe.pe.gov.br\/\/wp-content\/uploads\/2023\/02\/JEFERSON-TIMOTEO-1-scaled-e1675860179567.jpg\",\"datePublished\":\"2025-09-17T16:57:34+00:00\",\"breadcrumb\":{\"@id\":\"https:\/\/www.legislapp.com.br\/index.php\/cam-legislativa-de-pe-pl-2897-2025\/#breadcrumb\"},\"inLanguage\":\"pt-BR\",\"potentialAction\":[{\"@type\":\"ReadAction\",\"target\":[\"https:\/\/www.legislapp.com.br\/index.php\/cam-legislativa-de-pe-pl-2897-2025\/\"]}]},{\"@type\":\"ImageObject\",\"inLanguage\":\"pt-BR\",\"@id\":\"https:\/\/www.legislapp.com.br\/index.php\/cam-legislativa-de-pe-pl-2897-2025\/#primaryimage\",\"url\":\"https:\/\/www.alepe.pe.gov.br\/\/wp-content\/uploads\/2023\/02\/JEFERSON-TIMOTEO-1-scaled-e1675860179567.jpg\",\"contentUrl\":\"https:\/\/www.alepe.pe.gov.br\/\/wp-content\/uploads\/2023\/02\/JEFERSON-TIMOTEO-1-scaled-e1675860179567.jpg\"},{\"@type\":\"BreadcrumbList\",\"@id\":\"https:\/\/www.legislapp.com.br\/index.php\/cam-legislativa-de-pe-pl-2897-2025\/#breadcrumb\",\"itemListElement\":[{\"@type\":\"ListItem\",\"position\":1,\"name\":\"In\u00edcio\",\"item\":\"https:\/\/www.legislapp.com.br\/\"},{\"@type\":\"ListItem\",\"position\":2,\"name\":\"PL 2897\/2025 &#8211; Jeferson Tim\u00f3teo\"}]},{\"@type\":\"WebSite\",\"@id\":\"https:\/\/www.legislapp.com.br\/#website\",\"url\":\"https:\/\/www.legislapp.com.br\/\",\"name\":\"Legislapp\",\"description\":\"Intelig\u00eancia governamental em tempo real\",\"publisher\":{\"@id\":\"https:\/\/www.legislapp.com.br\/#organization\"},\"potentialAction\":[{\"@type\":\"SearchAction\",\"target\":{\"@type\":\"EntryPoint\",\"urlTemplate\":\"https:\/\/www.legislapp.com.br\/?s={search_term_string}\"},\"query-input\":{\"@type\":\"PropertyValueSpecification\",\"valueRequired\":true,\"valueName\":\"search_term_string\"}}],\"inLanguage\":\"pt-BR\"},{\"@type\":\"Organization\",\"@id\":\"https:\/\/www.legislapp.com.br\/#organization\",\"name\":\"Legislapp Monitoramento e Intelig\u00eancia Governamental\",\"url\":\"https:\/\/www.legislapp.com.br\/\",\"logo\":{\"@type\":\"ImageObject\",\"inLanguage\":\"pt-BR\",\"@id\":\"https:\/\/www.legislapp.com.br\/#\/schema\/logo\/image\/\",\"url\":\"https:\/\/www.legislapp.com.br\/wp-content\/uploads\/icon.png\",\"contentUrl\":\"https:\/\/www.legislapp.com.br\/wp-content\/uploads\/icon.png\",\"width\":1024,\"height\":1024,\"caption\":\"Legislapp Monitoramento e Intelig\u00eancia Governamental\"},\"image\":{\"@id\":\"https:\/\/www.legislapp.com.br\/#\/schema\/logo\/image\/\"},\"sameAs\":[\"https:\/\/www.instagram.com\/legislapp\/\"]}]}<\/script>\n<!-- \/ Yoast SEO plugin. -->","yoast_head_json":{"title":"PL 2897\/2025 - Jeferson Tim\u00f3teo - Legislapp","robots":{"index":"index","follow":"follow","max-snippet":"max-snippet:-1","max-image-preview":"max-image-preview:large","max-video-preview":"max-video-preview:-1"},"canonical":"https:\/\/www.legislapp.com.br\/index.php\/cam-legislativa-de-pe-pl-2897-2025\/","og_locale":"pt_BR","og_type":"article","og_title":"PL 2897\/2025 - Jeferson Tim\u00f3teo - Legislapp","og_description":"C\u00e2m. Legislativa de PE &#8211; Autoria de Jeferson Tim\u00f3teo O presente Projeto de Lei tem por objetivo realizar altera\u00e7\u00f5es na Lei n\u00ba 12.280 de 11 de novembro de 2002, que disp\u00f5e sobre a Prote\u00e7\u00e3o Integral aos Direitos do Aluno, e em seu cap\u00edtulo VIII, que trata do Direito ao Aluno Atleta, afim de estabelecer crit\u00e9rios [&hellip;]","og_url":"https:\/\/www.legislapp.com.br\/index.php\/cam-legislativa-de-pe-pl-2897-2025\/","og_site_name":"Legislapp","article_publisher":"https:\/\/www.instagram.com\/legislapp\/","og_image":[{"url":"https:\/\/www.alepe.pe.gov.br\/\/wp-content\/uploads\/2023\/02\/JEFERSON-TIMOTEO-1-scaled-e1675860179567.jpg","type":"","width":"","height":""}],"twitter_card":"summary_large_image","twitter_misc":{"Est. tempo de leitura":"4 minutos"},"schema":{"@context":"https:\/\/schema.org","@graph":[{"@type":"WebPage","@id":"https:\/\/www.legislapp.com.br\/index.php\/cam-legislativa-de-pe-pl-2897-2025\/","url":"https:\/\/www.legislapp.com.br\/index.php\/cam-legislativa-de-pe-pl-2897-2025\/","name":"PL 2897\/2025 - Jeferson Tim\u00f3teo - Legislapp","isPartOf":{"@id":"https:\/\/www.legislapp.com.br\/#website"},"primaryImageOfPage":{"@id":"https:\/\/www.legislapp.com.br\/index.php\/cam-legislativa-de-pe-pl-2897-2025\/#primaryimage"},"image":{"@id":"https:\/\/www.legislapp.com.br\/index.php\/cam-legislativa-de-pe-pl-2897-2025\/#primaryimage"},"thumbnailUrl":"https:\/\/www.alepe.pe.gov.br\/\/wp-content\/uploads\/2023\/02\/JEFERSON-TIMOTEO-1-scaled-e1675860179567.jpg","datePublished":"2025-09-17T16:57:34+00:00","breadcrumb":{"@id":"https:\/\/www.legislapp.com.br\/index.php\/cam-legislativa-de-pe-pl-2897-2025\/#breadcrumb"},"inLanguage":"pt-BR","potentialAction":[{"@type":"ReadAction","target":["https:\/\/www.legislapp.com.br\/index.php\/cam-legislativa-de-pe-pl-2897-2025\/"]}]},{"@type":"ImageObject","inLanguage":"pt-BR","@id":"https:\/\/www.legislapp.com.br\/index.php\/cam-legislativa-de-pe-pl-2897-2025\/#primaryimage","url":"https:\/\/www.alepe.pe.gov.br\/\/wp-content\/uploads\/2023\/02\/JEFERSON-TIMOTEO-1-scaled-e1675860179567.jpg","contentUrl":"https:\/\/www.alepe.pe.gov.br\/\/wp-content\/uploads\/2023\/02\/JEFERSON-TIMOTEO-1-scaled-e1675860179567.jpg"},{"@type":"BreadcrumbList","@id":"https:\/\/www.legislapp.com.br\/index.php\/cam-legislativa-de-pe-pl-2897-2025\/#breadcrumb","itemListElement":[{"@type":"ListItem","position":1,"name":"In\u00edcio","item":"https:\/\/www.legislapp.com.br\/"},{"@type":"ListItem","position":2,"name":"PL 2897\/2025 &#8211; Jeferson Tim\u00f3teo"}]},{"@type":"WebSite","@id":"https:\/\/www.legislapp.com.br\/#website","url":"https:\/\/www.legislapp.com.br\/","name":"Legislapp","description":"Intelig\u00eancia governamental em tempo real","publisher":{"@id":"https:\/\/www.legislapp.com.br\/#organization"},"potentialAction":[{"@type":"SearchAction","target":{"@type":"EntryPoint","urlTemplate":"https:\/\/www.legislapp.com.br\/?s={search_term_string}"},"query-input":{"@type":"PropertyValueSpecification","valueRequired":true,"valueName":"search_term_string"}}],"inLanguage":"pt-BR"},{"@type":"Organization","@id":"https:\/\/www.legislapp.com.br\/#organization","name":"Legislapp Monitoramento e Intelig\u00eancia Governamental","url":"https:\/\/www.legislapp.com.br\/","logo":{"@type":"ImageObject","inLanguage":"pt-BR","@id":"https:\/\/www.legislapp.com.br\/#\/schema\/logo\/image\/","url":"https:\/\/www.legislapp.com.br\/wp-content\/uploads\/icon.png","contentUrl":"https:\/\/www.legislapp.com.br\/wp-content\/uploads\/icon.png","width":1024,"height":1024,"caption":"Legislapp Monitoramento e Intelig\u00eancia Governamental"},"image":{"@id":"https:\/\/www.legislapp.com.br\/#\/schema\/logo\/image\/"},"sameAs":["https:\/\/www.instagram.com\/legislapp\/"]}]}},"_links":{"self":[{"href":"https:\/\/www.legislapp.com.br\/index.php\/wp-json\/wp\/v2\/pages\/7914","targetHints":{"allow":["GET"]}}],"collection":[{"href":"https:\/\/www.legislapp.com.br\/index.php\/wp-json\/wp\/v2\/pages"}],"about":[{"href":"https:\/\/www.legislapp.com.br\/index.php\/wp-json\/wp\/v2\/types\/page"}],"author":[{"embeddable":true,"href":"https:\/\/www.legislapp.com.br\/index.php\/wp-json\/wp\/v2\/users\/1"}],"replies":[{"embeddable":true,"href":"https:\/\/www.legislapp.com.br\/index.php\/wp-json\/wp\/v2\/comments?post=7914"}],"version-history":[{"count":0,"href":"https:\/\/www.legislapp.com.br\/index.php\/wp-json\/wp\/v2\/pages\/7914\/revisions"}],"wp:attachment":[{"href":"https:\/\/www.legislapp.com.br\/index.php\/wp-json\/wp\/v2\/media?parent=7914"}],"curies":[{"name":"wp","href":"https:\/\/api.w.org\/{rel}","templated":true}]}}