{"id":7915,"date":"2025-09-17T13:57:37","date_gmt":"2025-09-17T16:57:37","guid":{"rendered":"https:\/\/www.legislapp.com.br\/index.php\/cam-legislativa-de-pe-prc-2888-2025\/"},"modified":"2025-09-17T13:57:37","modified_gmt":"2025-09-17T16:57:37","slug":"cam-legislativa-de-pe-prc-2888-2025","status":"publish","type":"page","link":"https:\/\/www.legislapp.com.br\/index.php\/cam-legislativa-de-pe-prc-2888-2025\/","title":{"rendered":"PRC 2888\/2025 &#8211; Joel da Harpa"},"content":{"rendered":"<h1 style='text-align: center;'>C\u00e2m. Legislativa de PE &#8211; Autoria de Joel da Harpa<br \/><img src='https:\/\/www.alepe.pe.gov.br\/\/wp-content\/uploads\/2015\/05\/JOEL-DA-HARPA-V2-scaled-e1730987062752.jpg' alt='Joel da Harpa' \/><\/h3>\n<p><\/p>\n<article style='text-align: center'>A presente proposi\u00e7\u00e3o visa conceder o T\u00edtulo de Cidad\u00e3o Pernambucano ao Pastor Nic\u00e1cio Correia de Moura Filho, em reconhecimento \u00e0 sua relevante trajet\u00f3ria de vida, marcada pelo compromisso com a f\u00e9, a fam\u00edlia e a contribui\u00e7\u00e3o significativa para o desenvolvimento social e espiritual das comunidades onde atuou no Estado de Pernambuco.<\/p>\n<p>Natural da Para\u00edba, o Pr. Nic\u00e1cio Correia de Moura Filho, mudou-se para o estado de Pernambuco em 1979 fixando resid\u00eancia inicialmente no munic\u00edpio de Santa Cruz do Capibaribe, onde permaneceu por sete anos. Nesse per\u00edodo, exerceu com dedica\u00e7\u00e3o seu minist\u00e9rio pastoral, promovendo a\u00e7\u00f5es voltadas ao acolhimento, aconselhamento e fortalecimento dos v\u00ednculos comunit\u00e1rios. Posteriormente, transferiu-se para Caruaru, onde est\u00e1 a 39 anos e segue sua miss\u00e3o com zelo, fortalecendo la\u00e7os de f\u00e9 e solidariedade entre os cidad\u00e3os.<\/p>\n<p>Formado em Teologia, o Pr. Nic\u00e1cio\u00a0Correia de Moura Filho \u00e9 exemplo de dedica\u00e7\u00e3o \u00e0 voca\u00e7\u00e3o ministerial e \u00e0 fam\u00edlia. Ao lado de sua esposa Maria Teot\u00f4nio Santos de Moura e dos quatro filhos, construiu uma trajet\u00f3ria pautada pela \u00e9tica, pelo servi\u00e7o ao pr\u00f3ximo e pelo compromisso com os valores crist\u00e3os, sendo reconhecido como uma lideran\u00e7a respeitada e atuante no meio religioso, atualmente \u00e9 o\u00a0Presidente da Alian\u00e7a das igrejas Congregacional no Brasil que atualmente lidera\u00a034 igrejas.<\/p>\n<p>Nos trabalhos sociais, tem sua atua\u00e7\u00e3o no Centro Social da Igreja Evang\u00e9lica em Pernambuco (CASEVAP), atua tamb\u00e9m como Presidente da Associa\u00e7\u00e3o de Ministros em Pernambuco (AMEAP) e\u00a0faz parte da Diretoria do Hospital Infantil do c\u00e2ncer no Agreste (INCIA). Tem o projeto o LAR DO IDOSO, que est\u00e1 em andamento.<\/p>\n<p>Sua hist\u00f3ria de vida, marcada pelo trabalho incans\u00e1vel em favor da dignidade humana e do bem-estar coletivo, justifica, com m\u00e9rito, a concess\u00e3o do T\u00edtulo de Cidad\u00e3o Pernambucano, como forma de reconhecer e agradecer por sua contribui\u00e7\u00e3o \u00e0 sociedade do nosso estado.<\/p>\n<p>Desta forma, concito os ilustres membros desta Casa de Joaquim Nabuco para a aprova\u00e7\u00e3o do presente projeto de resolu\u00e7\u00e3o que reconhece o\u00a0 Pastor Nic\u00e1cio Correia de Moura Filho,\u00a0e a sua ineg\u00e1vel pernambucanidade e atua\u00e7\u00e3o em prol do Estado de Pernambuco, fazendo jus a receber dessa Casa o T\u00edtulo de Cidad\u00e3o Pernambucano.<\/article>\n<p><\/p>\n<p style='text-align: center'><a href='https:\/\/app.legislapp.com.br\/#\/busca?termo='><\/a><\/p>\n<p><\/p>\n<article>\u00a0Art. 1\u00ba Fica concedido o T\u00edtulo Honor\u00edfico de Cidad\u00e3o Pernambucano ao\u00a0Pastor Nic\u00e1cio Correia de Moura Filho.<\/p>\n<p>\u00a0\u00a0\u00a0\u00a0\u00a0\u00a0Art. 2\u00ba Esta Resolu\u00e7\u00e3o entra em vigor na data de sua publica\u00e7\u00e3o.<\/article>\n<div style=\"text-align: center\">\n<div style=\"margin-bottom: 20px;\" class=\"et_pb_button_module_wrapper et_pb_button_5_tb_body_wrapper et_pb_button_alignment_center et_pb_module \">\n         <a class=\"et_pb_button et_pb_button_5_tb_body et_hover_enabled et_pb_bg_layout_dark\" style=\"width: 50%;background-color: black;\" href=\"https:\/\/app.legislapp.com.br\" target=\"_blank\" rel=\"noopener\">Visualizar completo na nossa plataforma (30 dias gr\u00e1tis)<\/a><\/p><\/div>\n<p>      <a href=\"https:\/\/play.google.com\/store\/apps\/details?id=br.com.legislapp\"><img decoding=\"async\" style=\"width: 15%; min-width: 130px;\" src=\"https:\/\/www.legislapp.com.br\/wp-content\/uploads\/google-play.png\"><\/a><br \/>\n      <a href=\"https:\/\/apps.apple.com\/us\/app\/legislapp\/id1568929859\"><img decoding=\"async\" style=\"width: 15%; min-width: 130px\" src=\"https:\/\/www.legislapp.com.br\/wp-content\/uploads\/apple-store.png\"><\/a>\n   <\/div>\n","protected":false},"excerpt":{"rendered":"<p>C\u00e2m. Legislativa de PE &#8211; Autoria de Joel da Harpa A presente proposi\u00e7\u00e3o visa conceder o T\u00edtulo de Cidad\u00e3o Pernambucano ao Pastor Nic\u00e1cio Correia de Moura Filho, em reconhecimento \u00e0 sua relevante trajet\u00f3ria de vida, marcada pelo compromisso com a f\u00e9, a fam\u00edlia e a contribui\u00e7\u00e3o significativa para o desenvolvimento social e espiritual das comunidades [&hellip;]<\/p>\n","protected":false},"author":1,"featured_media":0,"parent":0,"menu_order":0,"comment_status":"closed","ping_status":"closed","template":"page-template-blank.php","meta":{"_et_pb_use_builder":"","_et_pb_old_content":"","_et_gb_content_width":"1080","ngg_post_thumbnail":0,"footnotes":""},"class_list":["post-7915","page","type-page","status-publish","hentry"],"yoast_head":"<!-- This site is optimized with the Yoast SEO plugin v24.4 - https:\/\/yoast.com\/wordpress\/plugins\/seo\/ -->\n<title>PRC 2888\/2025 - Joel da Harpa - Legislapp<\/title>\n<meta name=\"robots\" content=\"index, follow, max-snippet:-1, max-image-preview:large, max-video-preview:-1\" \/>\n<link rel=\"canonical\" href=\"https:\/\/www.legislapp.com.br\/index.php\/cam-legislativa-de-pe-prc-2888-2025\/\" \/>\n<meta property=\"og:locale\" content=\"pt_BR\" \/>\n<meta property=\"og:type\" content=\"article\" \/>\n<meta property=\"og:title\" content=\"PRC 2888\/2025 - Joel da Harpa - Legislapp\" \/>\n<meta property=\"og:description\" content=\"C\u00e2m. Legislativa de PE &#8211; Autoria de Joel da Harpa A presente proposi\u00e7\u00e3o visa conceder o T\u00edtulo de Cidad\u00e3o Pernambucano ao Pastor Nic\u00e1cio Correia de Moura Filho, em reconhecimento \u00e0 sua relevante trajet\u00f3ria de vida, marcada pelo compromisso com a f\u00e9, a fam\u00edlia e a contribui\u00e7\u00e3o significativa para o desenvolvimento social e espiritual das comunidades [&hellip;]\" \/>\n<meta property=\"og:url\" content=\"https:\/\/www.legislapp.com.br\/index.php\/cam-legislativa-de-pe-prc-2888-2025\/\" \/>\n<meta property=\"og:site_name\" content=\"Legislapp\" \/>\n<meta property=\"article:publisher\" content=\"https:\/\/www.instagram.com\/legislapp\/\" \/>\n<meta property=\"og:image\" content=\"https:\/\/www.alepe.pe.gov.br\/\/wp-content\/uploads\/2015\/05\/JOEL-DA-HARPA-V2-scaled-e1730987062752.jpg\" \/>\n<meta name=\"twitter:card\" content=\"summary_large_image\" \/>\n<meta name=\"twitter:label1\" content=\"Est. tempo de leitura\" \/>\n\t<meta name=\"twitter:data1\" content=\"2 minutos\" \/>\n<script type=\"application\/ld+json\" class=\"yoast-schema-graph\">{\"@context\":\"https:\/\/schema.org\",\"@graph\":[{\"@type\":\"WebPage\",\"@id\":\"https:\/\/www.legislapp.com.br\/index.php\/cam-legislativa-de-pe-prc-2888-2025\/\",\"url\":\"https:\/\/www.legislapp.com.br\/index.php\/cam-legislativa-de-pe-prc-2888-2025\/\",\"name\":\"PRC 2888\/2025 - Joel da Harpa - Legislapp\",\"isPartOf\":{\"@id\":\"https:\/\/www.legislapp.com.br\/#website\"},\"primaryImageOfPage\":{\"@id\":\"https:\/\/www.legislapp.com.br\/index.php\/cam-legislativa-de-pe-prc-2888-2025\/#primaryimage\"},\"image\":{\"@id\":\"https:\/\/www.legislapp.com.br\/index.php\/cam-legislativa-de-pe-prc-2888-2025\/#primaryimage\"},\"thumbnailUrl\":\"https:\/\/www.alepe.pe.gov.br\/\/wp-content\/uploads\/2015\/05\/JOEL-DA-HARPA-V2-scaled-e1730987062752.jpg\",\"datePublished\":\"2025-09-17T16:57:37+00:00\",\"breadcrumb\":{\"@id\":\"https:\/\/www.legislapp.com.br\/index.php\/cam-legislativa-de-pe-prc-2888-2025\/#breadcrumb\"},\"inLanguage\":\"pt-BR\",\"potentialAction\":[{\"@type\":\"ReadAction\",\"target\":[\"https:\/\/www.legislapp.com.br\/index.php\/cam-legislativa-de-pe-prc-2888-2025\/\"]}]},{\"@type\":\"ImageObject\",\"inLanguage\":\"pt-BR\",\"@id\":\"https:\/\/www.legislapp.com.br\/index.php\/cam-legislativa-de-pe-prc-2888-2025\/#primaryimage\",\"url\":\"https:\/\/www.alepe.pe.gov.br\/\/wp-content\/uploads\/2015\/05\/JOEL-DA-HARPA-V2-scaled-e1730987062752.jpg\",\"contentUrl\":\"https:\/\/www.alepe.pe.gov.br\/\/wp-content\/uploads\/2015\/05\/JOEL-DA-HARPA-V2-scaled-e1730987062752.jpg\"},{\"@type\":\"BreadcrumbList\",\"@id\":\"https:\/\/www.legislapp.com.br\/index.php\/cam-legislativa-de-pe-prc-2888-2025\/#breadcrumb\",\"itemListElement\":[{\"@type\":\"ListItem\",\"position\":1,\"name\":\"In\u00edcio\",\"item\":\"https:\/\/www.legislapp.com.br\/\"},{\"@type\":\"ListItem\",\"position\":2,\"name\":\"PRC 2888\/2025 &#8211; Joel da Harpa\"}]},{\"@type\":\"WebSite\",\"@id\":\"https:\/\/www.legislapp.com.br\/#website\",\"url\":\"https:\/\/www.legislapp.com.br\/\",\"name\":\"Legislapp\",\"description\":\"Intelig\u00eancia governamental em tempo real\",\"publisher\":{\"@id\":\"https:\/\/www.legislapp.com.br\/#organization\"},\"potentialAction\":[{\"@type\":\"SearchAction\",\"target\":{\"@type\":\"EntryPoint\",\"urlTemplate\":\"https:\/\/www.legislapp.com.br\/?s={search_term_string}\"},\"query-input\":{\"@type\":\"PropertyValueSpecification\",\"valueRequired\":true,\"valueName\":\"search_term_string\"}}],\"inLanguage\":\"pt-BR\"},{\"@type\":\"Organization\",\"@id\":\"https:\/\/www.legislapp.com.br\/#organization\",\"name\":\"Legislapp Monitoramento e Intelig\u00eancia Governamental\",\"url\":\"https:\/\/www.legislapp.com.br\/\",\"logo\":{\"@type\":\"ImageObject\",\"inLanguage\":\"pt-BR\",\"@id\":\"https:\/\/www.legislapp.com.br\/#\/schema\/logo\/image\/\",\"url\":\"https:\/\/www.legislapp.com.br\/wp-content\/uploads\/icon.png\",\"contentUrl\":\"https:\/\/www.legislapp.com.br\/wp-content\/uploads\/icon.png\",\"width\":1024,\"height\":1024,\"caption\":\"Legislapp Monitoramento e Intelig\u00eancia Governamental\"},\"image\":{\"@id\":\"https:\/\/www.legislapp.com.br\/#\/schema\/logo\/image\/\"},\"sameAs\":[\"https:\/\/www.instagram.com\/legislapp\/\"]}]}<\/script>\n<!-- \/ Yoast SEO plugin. -->","yoast_head_json":{"title":"PRC 2888\/2025 - Joel da Harpa - Legislapp","robots":{"index":"index","follow":"follow","max-snippet":"max-snippet:-1","max-image-preview":"max-image-preview:large","max-video-preview":"max-video-preview:-1"},"canonical":"https:\/\/www.legislapp.com.br\/index.php\/cam-legislativa-de-pe-prc-2888-2025\/","og_locale":"pt_BR","og_type":"article","og_title":"PRC 2888\/2025 - Joel da Harpa - Legislapp","og_description":"C\u00e2m. Legislativa de PE &#8211; Autoria de Joel da Harpa A presente proposi\u00e7\u00e3o visa conceder o T\u00edtulo de Cidad\u00e3o Pernambucano ao Pastor Nic\u00e1cio Correia de Moura Filho, em reconhecimento \u00e0 sua relevante trajet\u00f3ria de vida, marcada pelo compromisso com a f\u00e9, a fam\u00edlia e a contribui\u00e7\u00e3o significativa para o desenvolvimento social e espiritual das comunidades [&hellip;]","og_url":"https:\/\/www.legislapp.com.br\/index.php\/cam-legislativa-de-pe-prc-2888-2025\/","og_site_name":"Legislapp","article_publisher":"https:\/\/www.instagram.com\/legislapp\/","og_image":[{"url":"https:\/\/www.alepe.pe.gov.br\/\/wp-content\/uploads\/2015\/05\/JOEL-DA-HARPA-V2-scaled-e1730987062752.jpg","type":"","width":"","height":""}],"twitter_card":"summary_large_image","twitter_misc":{"Est. tempo de leitura":"2 minutos"},"schema":{"@context":"https:\/\/schema.org","@graph":[{"@type":"WebPage","@id":"https:\/\/www.legislapp.com.br\/index.php\/cam-legislativa-de-pe-prc-2888-2025\/","url":"https:\/\/www.legislapp.com.br\/index.php\/cam-legislativa-de-pe-prc-2888-2025\/","name":"PRC 2888\/2025 - Joel da Harpa - Legislapp","isPartOf":{"@id":"https:\/\/www.legislapp.com.br\/#website"},"primaryImageOfPage":{"@id":"https:\/\/www.legislapp.com.br\/index.php\/cam-legislativa-de-pe-prc-2888-2025\/#primaryimage"},"image":{"@id":"https:\/\/www.legislapp.com.br\/index.php\/cam-legislativa-de-pe-prc-2888-2025\/#primaryimage"},"thumbnailUrl":"https:\/\/www.alepe.pe.gov.br\/\/wp-content\/uploads\/2015\/05\/JOEL-DA-HARPA-V2-scaled-e1730987062752.jpg","datePublished":"2025-09-17T16:57:37+00:00","breadcrumb":{"@id":"https:\/\/www.legislapp.com.br\/index.php\/cam-legislativa-de-pe-prc-2888-2025\/#breadcrumb"},"inLanguage":"pt-BR","potentialAction":[{"@type":"ReadAction","target":["https:\/\/www.legislapp.com.br\/index.php\/cam-legislativa-de-pe-prc-2888-2025\/"]}]},{"@type":"ImageObject","inLanguage":"pt-BR","@id":"https:\/\/www.legislapp.com.br\/index.php\/cam-legislativa-de-pe-prc-2888-2025\/#primaryimage","url":"https:\/\/www.alepe.pe.gov.br\/\/wp-content\/uploads\/2015\/05\/JOEL-DA-HARPA-V2-scaled-e1730987062752.jpg","contentUrl":"https:\/\/www.alepe.pe.gov.br\/\/wp-content\/uploads\/2015\/05\/JOEL-DA-HARPA-V2-scaled-e1730987062752.jpg"},{"@type":"BreadcrumbList","@id":"https:\/\/www.legislapp.com.br\/index.php\/cam-legislativa-de-pe-prc-2888-2025\/#breadcrumb","itemListElement":[{"@type":"ListItem","position":1,"name":"In\u00edcio","item":"https:\/\/www.legislapp.com.br\/"},{"@type":"ListItem","position":2,"name":"PRC 2888\/2025 &#8211; Joel da Harpa"}]},{"@type":"WebSite","@id":"https:\/\/www.legislapp.com.br\/#website","url":"https:\/\/www.legislapp.com.br\/","name":"Legislapp","description":"Intelig\u00eancia governamental em tempo real","publisher":{"@id":"https:\/\/www.legislapp.com.br\/#organization"},"potentialAction":[{"@type":"SearchAction","target":{"@type":"EntryPoint","urlTemplate":"https:\/\/www.legislapp.com.br\/?s={search_term_string}"},"query-input":{"@type":"PropertyValueSpecification","valueRequired":true,"valueName":"search_term_string"}}],"inLanguage":"pt-BR"},{"@type":"Organization","@id":"https:\/\/www.legislapp.com.br\/#organization","name":"Legislapp Monitoramento e Intelig\u00eancia Governamental","url":"https:\/\/www.legislapp.com.br\/","logo":{"@type":"ImageObject","inLanguage":"pt-BR","@id":"https:\/\/www.legislapp.com.br\/#\/schema\/logo\/image\/","url":"https:\/\/www.legislapp.com.br\/wp-content\/uploads\/icon.png","contentUrl":"https:\/\/www.legislapp.com.br\/wp-content\/uploads\/icon.png","width":1024,"height":1024,"caption":"Legislapp Monitoramento e Intelig\u00eancia Governamental"},"image":{"@id":"https:\/\/www.legislapp.com.br\/#\/schema\/logo\/image\/"},"sameAs":["https:\/\/www.instagram.com\/legislapp\/"]}]}},"_links":{"self":[{"href":"https:\/\/www.legislapp.com.br\/index.php\/wp-json\/wp\/v2\/pages\/7915","targetHints":{"allow":["GET"]}}],"collection":[{"href":"https:\/\/www.legislapp.com.br\/index.php\/wp-json\/wp\/v2\/pages"}],"about":[{"href":"https:\/\/www.legislapp.com.br\/index.php\/wp-json\/wp\/v2\/types\/page"}],"author":[{"embeddable":true,"href":"https:\/\/www.legislapp.com.br\/index.php\/wp-json\/wp\/v2\/users\/1"}],"replies":[{"embeddable":true,"href":"https:\/\/www.legislapp.com.br\/index.php\/wp-json\/wp\/v2\/comments?post=7915"}],"version-history":[{"count":0,"href":"https:\/\/www.legislapp.com.br\/index.php\/wp-json\/wp\/v2\/pages\/7915\/revisions"}],"wp:attachment":[{"href":"https:\/\/www.legislapp.com.br\/index.php\/wp-json\/wp\/v2\/media?parent=7915"}],"curies":[{"name":"wp","href":"https:\/\/api.w.org\/{rel}","templated":true}]}}