{"id":7917,"date":"2025-09-17T13:57:44","date_gmt":"2025-09-17T16:57:44","guid":{"rendered":"https:\/\/www.legislapp.com.br\/index.php\/cam-legislativa-de-pe-prc-2853-2025\/"},"modified":"2025-09-17T13:57:44","modified_gmt":"2025-09-17T16:57:44","slug":"cam-legislativa-de-pe-prc-2853-2025","status":"publish","type":"page","link":"https:\/\/www.legislapp.com.br\/index.php\/cam-legislativa-de-pe-prc-2853-2025\/","title":{"rendered":"PRC 2853\/2025 &#8211; Mesa Diretora"},"content":{"rendered":"<h1 style='text-align: center;'>C\u00e2m. Legislativa de PE &#8211; Autoria de Mesa Diretora<\/h3>\n<p><\/p>\n<article style='text-align: center'>PROPOSTA N\u00ba 5<\/p>\n<p>A MESA DIRETORA DA ASSEMBLEIA LEGISLATIVA DO ESTADO DE PERNAMBUCO, no uso de suas atribui\u00e7\u00f5es na forma do previsto na al\u00ednea \u201ce\u201d do inciso II do art. 63 do Regimento Interno c\/c art. 2\u00ba da Resolu\u00e7\u00e3o n\u00ba 1.892, de 18 de janeiro de 2023, levando em considera\u00e7\u00e3o o trabalho realizado no \u00e2mbito da Comiss\u00e3o Especial para Celebra\u00e7\u00e3o do Bicenten\u00e1rio da Pol\u00edcia Militar de Pernambuco, submete ao Plen\u00e1rio:<\/p>\n<p>Justificativa<\/p>\n<p>A Briosa Pol\u00edcia Militar do Estado de Pernambuco completa 200 anos de cria\u00e7\u00e3o no dia 11 de junho de 2025. Sendo assim, faz-se mister que esta Casa Legislativa preste justa e devida homenagem a esta institui\u00e7\u00e3o e \u00e0quelas pessoas, f\u00edsicas e jur\u00eddicas, que contribuem para sua defesa e desenvolvimento, uma vez que a atua\u00e7\u00e3o da PMPE \u00e9 essencial para a manuten\u00e7\u00e3o da ordem p\u00fablica e para a prote\u00e7\u00e3o da vida e do patrim\u00f4nio dos pernambucanos e das pernambucanas.<\/p>\n<p>Diante disso, e tendo em vista a instala\u00e7\u00e3o, no dia 26 de novembro de 2024, da Comiss\u00e3o Especial para celebra\u00e7\u00e3o do Bicenten\u00e1rio da Pol\u00edcia Militar de Pernambuco (PMPE), criada pelo Ato n\u00ba 1.806, de 14 de novembro de 2024, sob a Presid\u00eancia do Deputado Antonio Moraes, Vice-Presid\u00eancia do Deputado Joel da Harpa e Relatoria do Deputado Coronel Alberto Feitosa, foi solicitada a cria\u00e7\u00e3o de medalha alusiva ao Bicenten\u00e1rio da Pol\u00edcia Militar de Pernambuco \u2013 PMPE, prontamente acatada por esta Mesa Diretora, nos termos da presente proposta, em conformidade com o que disp\u00f5e o \u00a7 1\u00ba do art. 2\u00ba da Resolu\u00e7\u00e3o n\u00ba 1.892, de 18 de janeiro de 2023.<\/p>\n<p>Tendo em vista o exposto, solicita-se o valoroso apoio dos Nobres Parlamentares desta Assembleia Legislativa para aprova\u00e7\u00e3o do presente projeto de Resolu\u00e7\u00e3o.<\/article>\n<p><\/p>\n<p style='text-align: center'><a href='https:\/\/app.legislapp.com.br\/#\/busca?termo='><\/a><\/p>\n<p><\/p>\n<article>\u00a0\u00a0\u00a0\u00a0\u00a0Art. 1\u00ba Fica criada a Medalha Comemorativa em Celebra\u00e7\u00e3o do Bicenten\u00e1rio da Pol\u00edcia Militar de Pernambuco &#8211; PMPE, a ser outorgada no ano de 2025, destinada a agraciar pessoas f\u00edsicas e jur\u00eddicas que tenham prestado relevantes servi\u00e7os para o fortalecimento da PMPE e para o cumprimento de suas fun\u00e7\u00f5es institucionais.<\/p>\n<p>\u00a0\u00a0\u00a0\u00a0\u00a0Art. 2\u00ba Ser\u00e3o condecoradas com a Medalha Comemorativa em Celebra\u00e7\u00e3o do Bicenten\u00e1rio da Pol\u00edcia Militar de Pernambuco &#8211; PMPE at\u00e9 6 (seis) pessoas, entre f\u00edsicas e jur\u00eddicas, indicadas pela Comiss\u00e3o Especial para celebra\u00e7\u00e3o do Bicenten\u00e1rio da Pol\u00edcia Militar de Pernambuco &#8211; PMPE, institu\u00edda pelo Ato n\u00ba 1.806, de 14 de novembro de 2024.<\/p>\n<p>\u00a0\u00a0\u00a0\u00a0\u00a0Par\u00e1grafo \u00fanico. A Comiss\u00e3o Especial para celebra\u00e7\u00e3o do Bicenten\u00e1rio da Pol\u00edcia Militar de Pernambuco &#8211;\u00a0PMPE encaminhar\u00e1 as indica\u00e7\u00f5es \u00e0 Mesa Diretora, que far\u00e1 publicar no Di\u00e1rio Oficial do Poder Legislativo, mediante ato da Mesa Diretora, rela\u00e7\u00e3o com os nomes dos agraciados.<\/p>\n<p>\u00a0\u00a0\u00a0\u00a0\u00a0Art. 3\u00ba A Medalha Comemorativa em Celebra\u00e7\u00e3o do Bicenten\u00e1rio da Pol\u00edcia Militar de Pernambuco &#8211; PMPE ser\u00e1 cunhada em bronze, ter\u00e1 a cor de ouro e conter\u00e1, em uma das faces, a imagem frontal do Pal\u00e1cio Joaquim Nabuco para a Rua da Aurora, contendo a inscri\u00e7\u00e3o \u201cAssembleia Legislativa de Pernambuco &#8211; Casa Joaquim Nabuco\u201d, e, na outra face, a imagem frontal do quartel do Derby, contendo a inscri\u00e7\u00e3o \u201cAno do Bicenten\u00e1rio da Pol\u00edcia Militar de Pernambuco &#8211; 1825-2025\u201d.<\/p>\n<p>\u00a0\u00a0\u00a0\u00a0\u00a0Art. 4\u00ba A Medalha Comemorativa em Celebra\u00e7\u00e3o do Bicenten\u00e1rio da Pol\u00edcia Militar de Pernambuco &#8211; PMPE ser\u00e1 entregue aos agraciados pelos membros da Mesa Diretora, em uma \u00fanica Reuni\u00e3o Solene, em data a ser fixada pelo Presidente.<\/p>\n<p>\u00a0\u00a0\u00a0\u00a0\u00a0Par\u00e1grafo \u00fanico. Em se tratando de pessoa jur\u00eddica, a Medalha Comemorativa em Celebra\u00e7\u00e3o do Bicenten\u00e1rio da Pol\u00edcia Militar de Pernambuco &#8211; PMPE ser\u00e1 entregue pela Mesa Diretora ao seu leg\u00edtimo representante.<\/p>\n<p>\u00a0\u00a0\u00a0\u00a0\u00a0Art. 5\u00ba Esta Resolu\u00e7\u00e3o entra em vigor na data de sua publica\u00e7\u00e3o.<\/article>\n<div style=\"text-align: center\">\n<div style=\"margin-bottom: 20px;\" class=\"et_pb_button_module_wrapper et_pb_button_5_tb_body_wrapper et_pb_button_alignment_center et_pb_module \">\n         <a class=\"et_pb_button et_pb_button_5_tb_body et_hover_enabled et_pb_bg_layout_dark\" style=\"width: 50%;background-color: black;\" href=\"https:\/\/app.legislapp.com.br\" target=\"_blank\" rel=\"noopener\">Visualizar completo na nossa plataforma (30 dias gr\u00e1tis)<\/a><\/p><\/div>\n<p>      <a href=\"https:\/\/play.google.com\/store\/apps\/details?id=br.com.legislapp\"><img decoding=\"async\" style=\"width: 15%; min-width: 130px;\" src=\"https:\/\/www.legislapp.com.br\/wp-content\/uploads\/google-play.png\"><\/a><br \/>\n      <a href=\"https:\/\/apps.apple.com\/us\/app\/legislapp\/id1568929859\"><img decoding=\"async\" style=\"width: 15%; min-width: 130px\" src=\"https:\/\/www.legislapp.com.br\/wp-content\/uploads\/apple-store.png\"><\/a>\n   <\/div>\n","protected":false},"excerpt":{"rendered":"<p>C\u00e2m. Legislativa de PE &#8211; Autoria de Mesa Diretora PROPOSTA N\u00ba 5 A MESA DIRETORA DA ASSEMBLEIA LEGISLATIVA DO ESTADO DE PERNAMBUCO, no uso de suas atribui\u00e7\u00f5es na forma do previsto na al\u00ednea \u201ce\u201d do inciso II do art. 63 do Regimento Interno c\/c art. 2\u00ba da Resolu\u00e7\u00e3o n\u00ba 1.892, de 18 de janeiro de [&hellip;]<\/p>\n","protected":false},"author":1,"featured_media":0,"parent":0,"menu_order":0,"comment_status":"closed","ping_status":"closed","template":"page-template-blank.php","meta":{"_et_pb_use_builder":"","_et_pb_old_content":"","_et_gb_content_width":"1080","ngg_post_thumbnail":0,"footnotes":""},"class_list":["post-7917","page","type-page","status-publish","hentry"],"yoast_head":"<!-- This site is optimized with the Yoast SEO plugin v24.4 - https:\/\/yoast.com\/wordpress\/plugins\/seo\/ -->\n<title>PRC 2853\/2025 - Mesa Diretora - Legislapp<\/title>\n<meta name=\"robots\" content=\"index, follow, max-snippet:-1, max-image-preview:large, max-video-preview:-1\" \/>\n<link rel=\"canonical\" href=\"https:\/\/www.legislapp.com.br\/index.php\/cam-legislativa-de-pe-prc-2853-2025\/\" \/>\n<meta property=\"og:locale\" content=\"pt_BR\" \/>\n<meta property=\"og:type\" content=\"article\" \/>\n<meta property=\"og:title\" content=\"PRC 2853\/2025 - Mesa Diretora - Legislapp\" \/>\n<meta property=\"og:description\" content=\"C\u00e2m. Legislativa de PE &#8211; Autoria de Mesa Diretora PROPOSTA N\u00ba 5 A MESA DIRETORA DA ASSEMBLEIA LEGISLATIVA DO ESTADO DE PERNAMBUCO, no uso de suas atribui\u00e7\u00f5es na forma do previsto na al\u00ednea \u201ce\u201d do inciso II do art. 63 do Regimento Interno c\/c art. 2\u00ba da Resolu\u00e7\u00e3o n\u00ba 1.892, de 18 de janeiro de [&hellip;]\" \/>\n<meta property=\"og:url\" content=\"https:\/\/www.legislapp.com.br\/index.php\/cam-legislativa-de-pe-prc-2853-2025\/\" \/>\n<meta property=\"og:site_name\" content=\"Legislapp\" \/>\n<meta property=\"article:publisher\" content=\"https:\/\/www.instagram.com\/legislapp\/\" \/>\n<meta property=\"og:image\" content=\"https:\/\/www.legislapp.com.br\/wp-content\/uploads\/google-play.png\" \/>\n<meta name=\"twitter:card\" content=\"summary_large_image\" \/>\n<meta name=\"twitter:label1\" content=\"Est. tempo de leitura\" \/>\n\t<meta name=\"twitter:data1\" content=\"3 minutos\" \/>\n<script type=\"application\/ld+json\" class=\"yoast-schema-graph\">{\"@context\":\"https:\/\/schema.org\",\"@graph\":[{\"@type\":\"WebPage\",\"@id\":\"https:\/\/www.legislapp.com.br\/index.php\/cam-legislativa-de-pe-prc-2853-2025\/\",\"url\":\"https:\/\/www.legislapp.com.br\/index.php\/cam-legislativa-de-pe-prc-2853-2025\/\",\"name\":\"PRC 2853\/2025 - Mesa Diretora - Legislapp\",\"isPartOf\":{\"@id\":\"https:\/\/www.legislapp.com.br\/#website\"},\"primaryImageOfPage\":{\"@id\":\"https:\/\/www.legislapp.com.br\/index.php\/cam-legislativa-de-pe-prc-2853-2025\/#primaryimage\"},\"image\":{\"@id\":\"https:\/\/www.legislapp.com.br\/index.php\/cam-legislativa-de-pe-prc-2853-2025\/#primaryimage\"},\"thumbnailUrl\":\"https:\/\/www.legislapp.com.br\/wp-content\/uploads\/google-play.png\",\"datePublished\":\"2025-09-17T16:57:44+00:00\",\"breadcrumb\":{\"@id\":\"https:\/\/www.legislapp.com.br\/index.php\/cam-legislativa-de-pe-prc-2853-2025\/#breadcrumb\"},\"inLanguage\":\"pt-BR\",\"potentialAction\":[{\"@type\":\"ReadAction\",\"target\":[\"https:\/\/www.legislapp.com.br\/index.php\/cam-legislativa-de-pe-prc-2853-2025\/\"]}]},{\"@type\":\"ImageObject\",\"inLanguage\":\"pt-BR\",\"@id\":\"https:\/\/www.legislapp.com.br\/index.php\/cam-legislativa-de-pe-prc-2853-2025\/#primaryimage\",\"url\":\"https:\/\/www.legislapp.com.br\/wp-content\/uploads\/google-play.png\",\"contentUrl\":\"https:\/\/www.legislapp.com.br\/wp-content\/uploads\/google-play.png\",\"width\":564,\"height\":168},{\"@type\":\"BreadcrumbList\",\"@id\":\"https:\/\/www.legislapp.com.br\/index.php\/cam-legislativa-de-pe-prc-2853-2025\/#breadcrumb\",\"itemListElement\":[{\"@type\":\"ListItem\",\"position\":1,\"name\":\"In\u00edcio\",\"item\":\"https:\/\/www.legislapp.com.br\/\"},{\"@type\":\"ListItem\",\"position\":2,\"name\":\"PRC 2853\/2025 &#8211; Mesa Diretora\"}]},{\"@type\":\"WebSite\",\"@id\":\"https:\/\/www.legislapp.com.br\/#website\",\"url\":\"https:\/\/www.legislapp.com.br\/\",\"name\":\"Legislapp\",\"description\":\"Intelig\u00eancia governamental em tempo real\",\"publisher\":{\"@id\":\"https:\/\/www.legislapp.com.br\/#organization\"},\"potentialAction\":[{\"@type\":\"SearchAction\",\"target\":{\"@type\":\"EntryPoint\",\"urlTemplate\":\"https:\/\/www.legislapp.com.br\/?s={search_term_string}\"},\"query-input\":{\"@type\":\"PropertyValueSpecification\",\"valueRequired\":true,\"valueName\":\"search_term_string\"}}],\"inLanguage\":\"pt-BR\"},{\"@type\":\"Organization\",\"@id\":\"https:\/\/www.legislapp.com.br\/#organization\",\"name\":\"Legislapp Monitoramento e Intelig\u00eancia Governamental\",\"url\":\"https:\/\/www.legislapp.com.br\/\",\"logo\":{\"@type\":\"ImageObject\",\"inLanguage\":\"pt-BR\",\"@id\":\"https:\/\/www.legislapp.com.br\/#\/schema\/logo\/image\/\",\"url\":\"https:\/\/www.legislapp.com.br\/wp-content\/uploads\/icon.png\",\"contentUrl\":\"https:\/\/www.legislapp.com.br\/wp-content\/uploads\/icon.png\",\"width\":1024,\"height\":1024,\"caption\":\"Legislapp Monitoramento e Intelig\u00eancia Governamental\"},\"image\":{\"@id\":\"https:\/\/www.legislapp.com.br\/#\/schema\/logo\/image\/\"},\"sameAs\":[\"https:\/\/www.instagram.com\/legislapp\/\"]}]}<\/script>\n<!-- \/ Yoast SEO plugin. -->","yoast_head_json":{"title":"PRC 2853\/2025 - Mesa Diretora - Legislapp","robots":{"index":"index","follow":"follow","max-snippet":"max-snippet:-1","max-image-preview":"max-image-preview:large","max-video-preview":"max-video-preview:-1"},"canonical":"https:\/\/www.legislapp.com.br\/index.php\/cam-legislativa-de-pe-prc-2853-2025\/","og_locale":"pt_BR","og_type":"article","og_title":"PRC 2853\/2025 - Mesa Diretora - Legislapp","og_description":"C\u00e2m. Legislativa de PE &#8211; Autoria de Mesa Diretora PROPOSTA N\u00ba 5 A MESA DIRETORA DA ASSEMBLEIA LEGISLATIVA DO ESTADO DE PERNAMBUCO, no uso de suas atribui\u00e7\u00f5es na forma do previsto na al\u00ednea \u201ce\u201d do inciso II do art. 63 do Regimento Interno c\/c art. 2\u00ba da Resolu\u00e7\u00e3o n\u00ba 1.892, de 18 de janeiro de [&hellip;]","og_url":"https:\/\/www.legislapp.com.br\/index.php\/cam-legislativa-de-pe-prc-2853-2025\/","og_site_name":"Legislapp","article_publisher":"https:\/\/www.instagram.com\/legislapp\/","og_image":[{"url":"https:\/\/www.legislapp.com.br\/wp-content\/uploads\/google-play.png","type":"","width":"","height":""}],"twitter_card":"summary_large_image","twitter_misc":{"Est. tempo de leitura":"3 minutos"},"schema":{"@context":"https:\/\/schema.org","@graph":[{"@type":"WebPage","@id":"https:\/\/www.legislapp.com.br\/index.php\/cam-legislativa-de-pe-prc-2853-2025\/","url":"https:\/\/www.legislapp.com.br\/index.php\/cam-legislativa-de-pe-prc-2853-2025\/","name":"PRC 2853\/2025 - Mesa Diretora - Legislapp","isPartOf":{"@id":"https:\/\/www.legislapp.com.br\/#website"},"primaryImageOfPage":{"@id":"https:\/\/www.legislapp.com.br\/index.php\/cam-legislativa-de-pe-prc-2853-2025\/#primaryimage"},"image":{"@id":"https:\/\/www.legislapp.com.br\/index.php\/cam-legislativa-de-pe-prc-2853-2025\/#primaryimage"},"thumbnailUrl":"https:\/\/www.legislapp.com.br\/wp-content\/uploads\/google-play.png","datePublished":"2025-09-17T16:57:44+00:00","breadcrumb":{"@id":"https:\/\/www.legislapp.com.br\/index.php\/cam-legislativa-de-pe-prc-2853-2025\/#breadcrumb"},"inLanguage":"pt-BR","potentialAction":[{"@type":"ReadAction","target":["https:\/\/www.legislapp.com.br\/index.php\/cam-legislativa-de-pe-prc-2853-2025\/"]}]},{"@type":"ImageObject","inLanguage":"pt-BR","@id":"https:\/\/www.legislapp.com.br\/index.php\/cam-legislativa-de-pe-prc-2853-2025\/#primaryimage","url":"https:\/\/www.legislapp.com.br\/wp-content\/uploads\/google-play.png","contentUrl":"https:\/\/www.legislapp.com.br\/wp-content\/uploads\/google-play.png","width":564,"height":168},{"@type":"BreadcrumbList","@id":"https:\/\/www.legislapp.com.br\/index.php\/cam-legislativa-de-pe-prc-2853-2025\/#breadcrumb","itemListElement":[{"@type":"ListItem","position":1,"name":"In\u00edcio","item":"https:\/\/www.legislapp.com.br\/"},{"@type":"ListItem","position":2,"name":"PRC 2853\/2025 &#8211; Mesa Diretora"}]},{"@type":"WebSite","@id":"https:\/\/www.legislapp.com.br\/#website","url":"https:\/\/www.legislapp.com.br\/","name":"Legislapp","description":"Intelig\u00eancia governamental em tempo real","publisher":{"@id":"https:\/\/www.legislapp.com.br\/#organization"},"potentialAction":[{"@type":"SearchAction","target":{"@type":"EntryPoint","urlTemplate":"https:\/\/www.legislapp.com.br\/?s={search_term_string}"},"query-input":{"@type":"PropertyValueSpecification","valueRequired":true,"valueName":"search_term_string"}}],"inLanguage":"pt-BR"},{"@type":"Organization","@id":"https:\/\/www.legislapp.com.br\/#organization","name":"Legislapp Monitoramento e Intelig\u00eancia Governamental","url":"https:\/\/www.legislapp.com.br\/","logo":{"@type":"ImageObject","inLanguage":"pt-BR","@id":"https:\/\/www.legislapp.com.br\/#\/schema\/logo\/image\/","url":"https:\/\/www.legislapp.com.br\/wp-content\/uploads\/icon.png","contentUrl":"https:\/\/www.legislapp.com.br\/wp-content\/uploads\/icon.png","width":1024,"height":1024,"caption":"Legislapp Monitoramento e Intelig\u00eancia Governamental"},"image":{"@id":"https:\/\/www.legislapp.com.br\/#\/schema\/logo\/image\/"},"sameAs":["https:\/\/www.instagram.com\/legislapp\/"]}]}},"_links":{"self":[{"href":"https:\/\/www.legislapp.com.br\/index.php\/wp-json\/wp\/v2\/pages\/7917","targetHints":{"allow":["GET"]}}],"collection":[{"href":"https:\/\/www.legislapp.com.br\/index.php\/wp-json\/wp\/v2\/pages"}],"about":[{"href":"https:\/\/www.legislapp.com.br\/index.php\/wp-json\/wp\/v2\/types\/page"}],"author":[{"embeddable":true,"href":"https:\/\/www.legislapp.com.br\/index.php\/wp-json\/wp\/v2\/users\/1"}],"replies":[{"embeddable":true,"href":"https:\/\/www.legislapp.com.br\/index.php\/wp-json\/wp\/v2\/comments?post=7917"}],"version-history":[{"count":0,"href":"https:\/\/www.legislapp.com.br\/index.php\/wp-json\/wp\/v2\/pages\/7917\/revisions"}],"wp:attachment":[{"href":"https:\/\/www.legislapp.com.br\/index.php\/wp-json\/wp\/v2\/media?parent=7917"}],"curies":[{"name":"wp","href":"https:\/\/api.w.org\/{rel}","templated":true}]}}