{"id":7921,"date":"2025-09-17T13:57:57","date_gmt":"2025-09-17T16:57:57","guid":{"rendered":"https:\/\/www.legislapp.com.br\/index.php\/cam-legislativa-de-pe-prc-2886-2025\/"},"modified":"2025-09-17T13:57:57","modified_gmt":"2025-09-17T16:57:57","slug":"cam-legislativa-de-pe-prc-2886-2025","status":"publish","type":"page","link":"https:\/\/www.legislapp.com.br\/index.php\/cam-legislativa-de-pe-prc-2886-2025\/","title":{"rendered":"PRC 2886\/2025 &#8211; Henrique Queiroz Filho"},"content":{"rendered":"<h1 style='text-align: center;'>C\u00e2m. Legislativa de PE &#8211; Autoria de Henrique Queiroz Filho<br \/><img src='https:\/\/www.alepe.pe.gov.br\/\/wp-content\/uploads\/2019\/02\/HenriqueQueirozFilho-scaled-e1675863870515.jpg' alt='Henrique Queiroz Filho' \/><\/h3>\n<p><\/p>\n<article style='text-align: center'>No ano de 1891 um surto da peste de var\u00edola (\u201cbixiga lixa\u201d), assolava a regi\u00e3o do Agreste Setentrional pernambucano e um dos locais mais castigados era a ent\u00e3o \u201cVila de Limoeiro\u201d. A peste foi t\u00e3o intensa que foi preciso construir, na \u201cSerra do Redentor\u201d,um cemit\u00e9rio para os \u201cbixiguentos\u201d. O povo estava sofrendo e morrendo, a situa\u00e7\u00e3o eracastigadora.<\/p>\n<p>No meio desse contexto, \u00e9 importante destacar o protagonismo do portugu\u00eas Avelino, que residia na rua da Matriz, no centro, e teve uma das suas filhas acometida da t\u00e3o terr\u00edvel doen\u00e7a. Para livrar a sua filha, a sua fam\u00edlia e todo o povo, Avelino faz uma promessa a S\u00e3o Sebasti\u00e3o com a garantia de todos os anos, a partir daquele mesmo ano, fazer uma novena em sua casa para agradecer a \u201cvalia\u201d do santo. E assim se fez, a peste foi cessada e promessa come\u00e7ou a ser cumprida.<\/p>\n<p>Por\u00e9m, \u00e9 imposs\u00edvel falar da Festa de S\u00e3o Sebasti\u00e3o sem deixar de mencionar e dedestacar de forma honrosa e especial, a Prociss\u00e3o com a imagem original (da promessa)de S\u00e3o Sebasti\u00e3o.<\/p>\n<p>Nos prim\u00f3rdios, come\u00e7ou t\u00edmida, com pouca express\u00e3o em n\u00fameros de participantes, mas cheia de devo\u00e7\u00e3o; passou a sair da pr\u00f3pria \u201cMatriz de Nossa Senhora da Apresenta\u00e7\u00e3o\u201d e percorria algumas ruas da vila e posteriormente da cidade; em algumas edi\u00e7\u00f5es saiu da resid\u00eancia de pessoas ilustres; h\u00e1 cerca de aproximadamente 90 (noventa) anos passou a ter sua concentra\u00e7\u00e3o na \u201cCapela de S\u00e3o Sebasti\u00e3o\u201d que se tornou Par\u00f3quia, no bairro que leva o nome do santo.<\/p>\n<p>Prestes a completar 134 (cento e trinta e quatro) anos do ato de f\u00e9 mais memor\u00e1vel da cidade de Limoeiro, sendo uma das express\u00f5es populares mais significativas do interior do Estado de Pernambuco.<\/p>\n<p>S\u00e3o Sebasti\u00e3o \u00e9 padroeiro em mais de 600 (seiscentas) cidades no nosso pa\u00eds, e Limoeiro tem a grata satisfa\u00e7\u00e3o de t\u00ea-lo como protetor e ter uma das maiores prociss\u00f5es dedicadas a ele no Brasil.<\/p>\n<p>Por fim, n\u00e3o apenas a f\u00e9 \u00e9 aquecida, mas tamb\u00e9m a economia do munic\u00edpio. Durante as noites de novena simultaneamente celebrada na \u201cPar\u00f3quia de Nossa Senhora da Apresenta\u00e7\u00e3o\u201d (ber\u00e7o da promessa) e na \u201cPar\u00f3quia de S\u00e3o Sebasti\u00e3o (herdeira e guardi\u00e3 da tradi\u00e7\u00e3o), os turistas celebram e consomem os produtos locais, a rede hoteleira e gastron\u00f4mica cresce significativamente, e os comerciantes, grandes ou pequenos, s\u00e3o beneficiados. O turismo religioso nesse per\u00edodo fica em evid\u00eancia.<\/p>\n<p>A prociss\u00e3o de S\u00e3o Sebasti\u00e3o \u00e9 algo que vem da alma, n\u00e3o se explica apenas se vive. Por isso \u00e9 imaterial e \u00e9 de suma import\u00e2ncia que reconhecida e preservada, para que sua identidade n\u00e3o seja perdida nem maculada. F\u00e9, tradi\u00e7\u00e3o, cultura, pulsam no cora\u00e7\u00e3o de Limoeiro, de Pernambuco e do Brasil.<\/p>\n<p>\u00c9 de fundamental import\u00e2ncia proteger e preservar nossos bens imateriais, mem\u00f3rias, pr\u00e1ticas culturais e nossos costumes por meio do Sistema Estadual de Registro e Salvaguarda do Patrim\u00f4nio Cultural Imaterial.<\/p>\n<p>Por essas raz\u00f5es, solicito o apoio dos nobres pares para a aprova\u00e7\u00e3o do presente Projeto de Resolu\u00e7\u00e3o.<\/article>\n<p><\/p>\n<p style='text-align: center'><a href='https:\/\/app.legislapp.com.br\/#\/busca?termo='><\/a><\/p>\n<p><\/p>\n<article>\u00a0\u00a0\u00a0\u00a0\u00a0Art. 1\u00ba Fica submetida a indica\u00e7\u00e3o da Festa e Prociss\u00e3o de S\u00e3o Sebasti\u00e3o de Limoeiro para obten\u00e7\u00e3o da Concess\u00e3o do Registro do Patrim\u00f4nio Cultural Imaterial de Pernambuco, nos termos da Lei n\u00ba 16.426, de 27 de setembro de 2018.<\/p>\n<p>\u00a0\u00a0\u00a0\u00a0\u00a0Art. 2\u00ba Esta Resolu\u00e7\u00e3o entra em vigor na data de sua publica\u00e7\u00e3o.<\/article>\n<div style=\"text-align: center\">\n<div style=\"margin-bottom: 20px;\" class=\"et_pb_button_module_wrapper et_pb_button_5_tb_body_wrapper et_pb_button_alignment_center et_pb_module \">\n         <a class=\"et_pb_button et_pb_button_5_tb_body et_hover_enabled et_pb_bg_layout_dark\" style=\"width: 50%;background-color: black;\" href=\"https:\/\/app.legislapp.com.br\" target=\"_blank\" rel=\"noopener\">Visualizar completo na nossa plataforma (30 dias gr\u00e1tis)<\/a><\/p><\/div>\n<p>      <a href=\"https:\/\/play.google.com\/store\/apps\/details?id=br.com.legislapp\"><img decoding=\"async\" style=\"width: 15%; min-width: 130px;\" src=\"https:\/\/www.legislapp.com.br\/wp-content\/uploads\/google-play.png\"><\/a><br \/>\n      <a href=\"https:\/\/apps.apple.com\/us\/app\/legislapp\/id1568929859\"><img decoding=\"async\" style=\"width: 15%; min-width: 130px\" src=\"https:\/\/www.legislapp.com.br\/wp-content\/uploads\/apple-store.png\"><\/a>\n   <\/div>\n","protected":false},"excerpt":{"rendered":"<p>C\u00e2m. Legislativa de PE &#8211; Autoria de Henrique Queiroz Filho No ano de 1891 um surto da peste de var\u00edola (\u201cbixiga lixa\u201d), assolava a regi\u00e3o do Agreste Setentrional pernambucano e um dos locais mais castigados era a ent\u00e3o \u201cVila de Limoeiro\u201d. A peste foi t\u00e3o intensa que foi preciso construir, na \u201cSerra do Redentor\u201d,um cemit\u00e9rio [&hellip;]<\/p>\n","protected":false},"author":1,"featured_media":0,"parent":0,"menu_order":0,"comment_status":"closed","ping_status":"closed","template":"page-template-blank.php","meta":{"_et_pb_use_builder":"","_et_pb_old_content":"","_et_gb_content_width":"1080","ngg_post_thumbnail":0,"footnotes":""},"class_list":["post-7921","page","type-page","status-publish","hentry"],"yoast_head":"<!-- This site is optimized with the Yoast SEO plugin v24.4 - https:\/\/yoast.com\/wordpress\/plugins\/seo\/ -->\n<title>PRC 2886\/2025 - Henrique Queiroz Filho - Legislapp<\/title>\n<meta name=\"robots\" content=\"index, follow, max-snippet:-1, max-image-preview:large, max-video-preview:-1\" \/>\n<link rel=\"canonical\" href=\"https:\/\/www.legislapp.com.br\/index.php\/cam-legislativa-de-pe-prc-2886-2025\/\" \/>\n<meta property=\"og:locale\" content=\"pt_BR\" \/>\n<meta property=\"og:type\" content=\"article\" \/>\n<meta property=\"og:title\" content=\"PRC 2886\/2025 - Henrique Queiroz Filho - Legislapp\" \/>\n<meta property=\"og:description\" content=\"C\u00e2m. Legislativa de PE &#8211; Autoria de Henrique Queiroz Filho No ano de 1891 um surto da peste de var\u00edola (\u201cbixiga lixa\u201d), assolava a regi\u00e3o do Agreste Setentrional pernambucano e um dos locais mais castigados era a ent\u00e3o \u201cVila de Limoeiro\u201d. A peste foi t\u00e3o intensa que foi preciso construir, na \u201cSerra do Redentor\u201d,um cemit\u00e9rio [&hellip;]\" \/>\n<meta property=\"og:url\" content=\"https:\/\/www.legislapp.com.br\/index.php\/cam-legislativa-de-pe-prc-2886-2025\/\" \/>\n<meta property=\"og:site_name\" content=\"Legislapp\" \/>\n<meta property=\"article:publisher\" content=\"https:\/\/www.instagram.com\/legislapp\/\" \/>\n<meta property=\"og:image\" content=\"https:\/\/www.alepe.pe.gov.br\/\/wp-content\/uploads\/2019\/02\/HenriqueQueirozFilho-scaled-e1675863870515.jpg\" \/>\n<meta name=\"twitter:card\" content=\"summary_large_image\" \/>\n<meta name=\"twitter:label1\" content=\"Est. tempo de leitura\" \/>\n\t<meta name=\"twitter:data1\" content=\"3 minutos\" \/>\n<script type=\"application\/ld+json\" class=\"yoast-schema-graph\">{\"@context\":\"https:\/\/schema.org\",\"@graph\":[{\"@type\":\"WebPage\",\"@id\":\"https:\/\/www.legislapp.com.br\/index.php\/cam-legislativa-de-pe-prc-2886-2025\/\",\"url\":\"https:\/\/www.legislapp.com.br\/index.php\/cam-legislativa-de-pe-prc-2886-2025\/\",\"name\":\"PRC 2886\/2025 - Henrique Queiroz Filho - Legislapp\",\"isPartOf\":{\"@id\":\"https:\/\/www.legislapp.com.br\/#website\"},\"primaryImageOfPage\":{\"@id\":\"https:\/\/www.legislapp.com.br\/index.php\/cam-legislativa-de-pe-prc-2886-2025\/#primaryimage\"},\"image\":{\"@id\":\"https:\/\/www.legislapp.com.br\/index.php\/cam-legislativa-de-pe-prc-2886-2025\/#primaryimage\"},\"thumbnailUrl\":\"https:\/\/www.alepe.pe.gov.br\/\/wp-content\/uploads\/2019\/02\/HenriqueQueirozFilho-scaled-e1675863870515.jpg\",\"datePublished\":\"2025-09-17T16:57:57+00:00\",\"breadcrumb\":{\"@id\":\"https:\/\/www.legislapp.com.br\/index.php\/cam-legislativa-de-pe-prc-2886-2025\/#breadcrumb\"},\"inLanguage\":\"pt-BR\",\"potentialAction\":[{\"@type\":\"ReadAction\",\"target\":[\"https:\/\/www.legislapp.com.br\/index.php\/cam-legislativa-de-pe-prc-2886-2025\/\"]}]},{\"@type\":\"ImageObject\",\"inLanguage\":\"pt-BR\",\"@id\":\"https:\/\/www.legislapp.com.br\/index.php\/cam-legislativa-de-pe-prc-2886-2025\/#primaryimage\",\"url\":\"https:\/\/www.alepe.pe.gov.br\/\/wp-content\/uploads\/2019\/02\/HenriqueQueirozFilho-scaled-e1675863870515.jpg\",\"contentUrl\":\"https:\/\/www.alepe.pe.gov.br\/\/wp-content\/uploads\/2019\/02\/HenriqueQueirozFilho-scaled-e1675863870515.jpg\"},{\"@type\":\"BreadcrumbList\",\"@id\":\"https:\/\/www.legislapp.com.br\/index.php\/cam-legislativa-de-pe-prc-2886-2025\/#breadcrumb\",\"itemListElement\":[{\"@type\":\"ListItem\",\"position\":1,\"name\":\"In\u00edcio\",\"item\":\"https:\/\/www.legislapp.com.br\/\"},{\"@type\":\"ListItem\",\"position\":2,\"name\":\"PRC 2886\/2025 &#8211; Henrique Queiroz Filho\"}]},{\"@type\":\"WebSite\",\"@id\":\"https:\/\/www.legislapp.com.br\/#website\",\"url\":\"https:\/\/www.legislapp.com.br\/\",\"name\":\"Legislapp\",\"description\":\"Intelig\u00eancia governamental em tempo real\",\"publisher\":{\"@id\":\"https:\/\/www.legislapp.com.br\/#organization\"},\"potentialAction\":[{\"@type\":\"SearchAction\",\"target\":{\"@type\":\"EntryPoint\",\"urlTemplate\":\"https:\/\/www.legislapp.com.br\/?s={search_term_string}\"},\"query-input\":{\"@type\":\"PropertyValueSpecification\",\"valueRequired\":true,\"valueName\":\"search_term_string\"}}],\"inLanguage\":\"pt-BR\"},{\"@type\":\"Organization\",\"@id\":\"https:\/\/www.legislapp.com.br\/#organization\",\"name\":\"Legislapp Monitoramento e Intelig\u00eancia Governamental\",\"url\":\"https:\/\/www.legislapp.com.br\/\",\"logo\":{\"@type\":\"ImageObject\",\"inLanguage\":\"pt-BR\",\"@id\":\"https:\/\/www.legislapp.com.br\/#\/schema\/logo\/image\/\",\"url\":\"https:\/\/www.legislapp.com.br\/wp-content\/uploads\/icon.png\",\"contentUrl\":\"https:\/\/www.legislapp.com.br\/wp-content\/uploads\/icon.png\",\"width\":1024,\"height\":1024,\"caption\":\"Legislapp Monitoramento e Intelig\u00eancia Governamental\"},\"image\":{\"@id\":\"https:\/\/www.legislapp.com.br\/#\/schema\/logo\/image\/\"},\"sameAs\":[\"https:\/\/www.instagram.com\/legislapp\/\"]}]}<\/script>\n<!-- \/ Yoast SEO plugin. -->","yoast_head_json":{"title":"PRC 2886\/2025 - Henrique Queiroz Filho - Legislapp","robots":{"index":"index","follow":"follow","max-snippet":"max-snippet:-1","max-image-preview":"max-image-preview:large","max-video-preview":"max-video-preview:-1"},"canonical":"https:\/\/www.legislapp.com.br\/index.php\/cam-legislativa-de-pe-prc-2886-2025\/","og_locale":"pt_BR","og_type":"article","og_title":"PRC 2886\/2025 - Henrique Queiroz Filho - Legislapp","og_description":"C\u00e2m. Legislativa de PE &#8211; Autoria de Henrique Queiroz Filho No ano de 1891 um surto da peste de var\u00edola (\u201cbixiga lixa\u201d), assolava a regi\u00e3o do Agreste Setentrional pernambucano e um dos locais mais castigados era a ent\u00e3o \u201cVila de Limoeiro\u201d. A peste foi t\u00e3o intensa que foi preciso construir, na \u201cSerra do Redentor\u201d,um cemit\u00e9rio [&hellip;]","og_url":"https:\/\/www.legislapp.com.br\/index.php\/cam-legislativa-de-pe-prc-2886-2025\/","og_site_name":"Legislapp","article_publisher":"https:\/\/www.instagram.com\/legislapp\/","og_image":[{"url":"https:\/\/www.alepe.pe.gov.br\/\/wp-content\/uploads\/2019\/02\/HenriqueQueirozFilho-scaled-e1675863870515.jpg","type":"","width":"","height":""}],"twitter_card":"summary_large_image","twitter_misc":{"Est. tempo de leitura":"3 minutos"},"schema":{"@context":"https:\/\/schema.org","@graph":[{"@type":"WebPage","@id":"https:\/\/www.legislapp.com.br\/index.php\/cam-legislativa-de-pe-prc-2886-2025\/","url":"https:\/\/www.legislapp.com.br\/index.php\/cam-legislativa-de-pe-prc-2886-2025\/","name":"PRC 2886\/2025 - Henrique Queiroz Filho - Legislapp","isPartOf":{"@id":"https:\/\/www.legislapp.com.br\/#website"},"primaryImageOfPage":{"@id":"https:\/\/www.legislapp.com.br\/index.php\/cam-legislativa-de-pe-prc-2886-2025\/#primaryimage"},"image":{"@id":"https:\/\/www.legislapp.com.br\/index.php\/cam-legislativa-de-pe-prc-2886-2025\/#primaryimage"},"thumbnailUrl":"https:\/\/www.alepe.pe.gov.br\/\/wp-content\/uploads\/2019\/02\/HenriqueQueirozFilho-scaled-e1675863870515.jpg","datePublished":"2025-09-17T16:57:57+00:00","breadcrumb":{"@id":"https:\/\/www.legislapp.com.br\/index.php\/cam-legislativa-de-pe-prc-2886-2025\/#breadcrumb"},"inLanguage":"pt-BR","potentialAction":[{"@type":"ReadAction","target":["https:\/\/www.legislapp.com.br\/index.php\/cam-legislativa-de-pe-prc-2886-2025\/"]}]},{"@type":"ImageObject","inLanguage":"pt-BR","@id":"https:\/\/www.legislapp.com.br\/index.php\/cam-legislativa-de-pe-prc-2886-2025\/#primaryimage","url":"https:\/\/www.alepe.pe.gov.br\/\/wp-content\/uploads\/2019\/02\/HenriqueQueirozFilho-scaled-e1675863870515.jpg","contentUrl":"https:\/\/www.alepe.pe.gov.br\/\/wp-content\/uploads\/2019\/02\/HenriqueQueirozFilho-scaled-e1675863870515.jpg"},{"@type":"BreadcrumbList","@id":"https:\/\/www.legislapp.com.br\/index.php\/cam-legislativa-de-pe-prc-2886-2025\/#breadcrumb","itemListElement":[{"@type":"ListItem","position":1,"name":"In\u00edcio","item":"https:\/\/www.legislapp.com.br\/"},{"@type":"ListItem","position":2,"name":"PRC 2886\/2025 &#8211; Henrique Queiroz Filho"}]},{"@type":"WebSite","@id":"https:\/\/www.legislapp.com.br\/#website","url":"https:\/\/www.legislapp.com.br\/","name":"Legislapp","description":"Intelig\u00eancia governamental em tempo real","publisher":{"@id":"https:\/\/www.legislapp.com.br\/#organization"},"potentialAction":[{"@type":"SearchAction","target":{"@type":"EntryPoint","urlTemplate":"https:\/\/www.legislapp.com.br\/?s={search_term_string}"},"query-input":{"@type":"PropertyValueSpecification","valueRequired":true,"valueName":"search_term_string"}}],"inLanguage":"pt-BR"},{"@type":"Organization","@id":"https:\/\/www.legislapp.com.br\/#organization","name":"Legislapp Monitoramento e Intelig\u00eancia Governamental","url":"https:\/\/www.legislapp.com.br\/","logo":{"@type":"ImageObject","inLanguage":"pt-BR","@id":"https:\/\/www.legislapp.com.br\/#\/schema\/logo\/image\/","url":"https:\/\/www.legislapp.com.br\/wp-content\/uploads\/icon.png","contentUrl":"https:\/\/www.legislapp.com.br\/wp-content\/uploads\/icon.png","width":1024,"height":1024,"caption":"Legislapp Monitoramento e Intelig\u00eancia Governamental"},"image":{"@id":"https:\/\/www.legislapp.com.br\/#\/schema\/logo\/image\/"},"sameAs":["https:\/\/www.instagram.com\/legislapp\/"]}]}},"_links":{"self":[{"href":"https:\/\/www.legislapp.com.br\/index.php\/wp-json\/wp\/v2\/pages\/7921","targetHints":{"allow":["GET"]}}],"collection":[{"href":"https:\/\/www.legislapp.com.br\/index.php\/wp-json\/wp\/v2\/pages"}],"about":[{"href":"https:\/\/www.legislapp.com.br\/index.php\/wp-json\/wp\/v2\/types\/page"}],"author":[{"embeddable":true,"href":"https:\/\/www.legislapp.com.br\/index.php\/wp-json\/wp\/v2\/users\/1"}],"replies":[{"embeddable":true,"href":"https:\/\/www.legislapp.com.br\/index.php\/wp-json\/wp\/v2\/comments?post=7921"}],"version-history":[{"count":0,"href":"https:\/\/www.legislapp.com.br\/index.php\/wp-json\/wp\/v2\/pages\/7921\/revisions"}],"wp:attachment":[{"href":"https:\/\/www.legislapp.com.br\/index.php\/wp-json\/wp\/v2\/media?parent=7921"}],"curies":[{"name":"wp","href":"https:\/\/api.w.org\/{rel}","templated":true}]}}