{"id":7926,"date":"2025-09-17T13:58:13","date_gmt":"2025-09-17T16:58:13","guid":{"rendered":"https:\/\/www.legislapp.com.br\/index.php\/cam-legislativa-de-pe-pl-2927-2025\/"},"modified":"2025-09-17T13:58:13","modified_gmt":"2025-09-17T16:58:13","slug":"cam-legislativa-de-pe-pl-2927-2025","status":"publish","type":"page","link":"https:\/\/www.legislapp.com.br\/index.php\/cam-legislativa-de-pe-pl-2927-2025\/","title":{"rendered":"PL 2927\/2025 &#8211; M\u00e1rio Ricardo"},"content":{"rendered":"<h1 style='text-align: center;'>C\u00e2m. Legislativa de PE &#8211; Autoria de M\u00e1rio Ricardo<br \/><img src='https:\/\/www.alepe.pe.gov.br\/\/wp-content\/uploads\/2023\/02\/MARIO-RICARDO-1-scaled-e1676403125673.jpg' alt='M\u00e1rio Ricardo' \/><\/h3>\n<p><\/p>\n<article style='text-align: center'>Nossa proposi\u00e7\u00e3o tem como objetivo alinhar o crescimento econ\u00f4mico a pr\u00e1ticas empresariais socialmente respons\u00e1veis, promovendo a\u00e7\u00f5es que contribuam para o desenvolvimento sustent\u00e1vel no Estado de Pernambuco.\u00a0<\/p>\n<p>Desse modo, pretende-se fomentar iniciativas que fortale\u00e7am a economia local, valorizem a forma\u00e7\u00e3o profissional e reduzam impactos ambientais, em conson\u00e2ncia com prioridades sociais e regionais. A participa\u00e7\u00e3o de diferentes atores cria uma rede de colabora\u00e7\u00e3o favor\u00e1vel \u00e0 inova\u00e7\u00e3o e ao avan\u00e7o de indicadores que, cada vez mais, promovam equidade e qualidade de vida.<\/p>\n<p>Adicionalmente, a divulga\u00e7\u00e3o das a\u00e7\u00f5es e resultados obtidos pelas entidades certificadas refor\u00e7a o compromisso da sociedade em reconhecer e incentivar esfor\u00e7os de responsabilidade empresarial. Assim, constr\u00f3i-se uma base s\u00f3lida para a consolida\u00e7\u00e3o de uma cultura corporativa orientada por princ\u00edpios \u00e9ticos, ambientais e sociais, em favor de um futuro mais promissor para todos.<\/p>\n<p>Em face do exposto, solicita-se a colabora\u00e7\u00e3o de todos os membros desta nobre Casa para aprova\u00e7\u00e3o da presente proposi\u00e7\u00e3o legislativa, dada a sua relev\u00e2ncia e interesse p\u00fablico.<\/article>\n<p><\/p>\n<p style='text-align: center'><a href='https:\/\/app.legislapp.com.br\/#\/busca?termo='><\/a><\/p>\n<p><\/p>\n<article>\u00a0\u00a0\u00a0\u00a0\u00a0Art. 1\u00ba Fica institu\u00eddo, no \u00e2mbito do Estado de Pernambuco, o Programa de Responsabilidade Empresarial, Desenvolvimento e Sustentabilidade &#8211; Programa REDS.<\/p>\n<p>\u00a0\u00a0\u00a0\u00a0\u00a0Art. 2\u00ba O Programa de Responsabilidade Empresarial, Desenvolvimento e Sustentabilidade tem por finalidade fomentar a ado\u00e7\u00e3o de pr\u00e1ticas empresariais comprometidas com a governan\u00e7a social, visando \u00e0 consolida\u00e7\u00e3o de a\u00e7\u00f5es sustent\u00e1veis e \u00e0 implementa\u00e7\u00e3o de iniciativas que contribuam para o desenvolvimento econ\u00f4mico, social e ambiental do Estado de Pernambuco.<\/p>\n<p>\u00a0\u00a0\u00a0\u00a0\u00a0Art. 3\u00ba O Programa REDS \u00e9 instrumento auxiliar no fortalecimento da implanta\u00e7\u00e3o de uma gest\u00e3o empresarial socialmente respons\u00e1vel, comprometida com as pol\u00edticas p\u00fablicas sociais e desenvolvimentistas.<\/p>\n<p>\u00a0\u00a0\u00a0\u00a0\u00a0Art. 4\u00ba S\u00e3o objetivos do Programa de Responsabilidade Empresarial, Desenvolvimento e Sustentabilidade:<\/p>\n<p>\u00a0\u00a0\u00a0\u00a0\u00a0I &#8211; incentivar a participa\u00e7\u00e3o das organiza\u00e7\u00f5es em a\u00e7\u00f5es que aprimorem o bem-estar das comunidades;<\/p>\n<p>\u00a0\u00a0\u00a0\u00a0\u00a0II &#8211; estimular o alinhamento entre investimentos privados e prioridades definidas nas pol\u00edticas p\u00fablicas estaduais;<\/p>\n<p>\u00a0\u00a0\u00a0\u00a0\u00a0III &#8211; refor\u00e7ar o envolvimento das entidades em atividades de inclus\u00e3o social;<\/p>\n<p>\u00a0\u00a0\u00a0\u00a0\u00a0IV &#8211; promover a competitividade empresarial de forma ambientalmente sustent\u00e1vel; e<\/p>\n<p>\u00a0\u00a0\u00a0\u00a0\u00a0V &#8211; incentivar a colabora\u00e7\u00e3o com microneg\u00f3cios regionais e redes de coopera\u00e7\u00e3o.<\/p>\n<p>\u00a0\u00a0\u00a0\u00a0\u00a0Art. 5\u00ba S\u00e3o diretrizes deste Programa:<\/p>\n<p>\u00a0\u00a0\u00a0\u00a0\u00a0I &#8211; respeito \u00e0s normas estaduais vigentes;<\/p>\n<p>\u00a0\u00a0\u00a0\u00a0\u00a0II &#8211; observ\u00e2ncia dos princ\u00edpios de governan\u00e7a social e transpar\u00eancia;<\/p>\n<p>\u00a0\u00a0\u00a0\u00a0\u00a0III &#8211; est\u00edmulo \u00e0 inova\u00e7\u00e3o que reduza impactos ambientais;<\/p>\n<p>\u00a0\u00a0\u00a0\u00a0\u00a0IV &#8211; articula\u00e7\u00e3o de a\u00e7\u00f5es para fortalecer a forma\u00e7\u00e3o e a qualifica\u00e7\u00e3o profissional; e<\/p>\n<p>\u00a0\u00a0\u00a0\u00a0\u00a0V &#8211; incentivo \u00e0 ado\u00e7\u00e3o de instrumentos de controle e balan\u00e7o social.<\/p>\n<p>\u00a0\u00a0\u00a0\u00a0\u00a0Art. 6\u00ba Constituem linhas de a\u00e7\u00e3o do Programa de Responsabilidade Empresarial, Desenvolvimento e Sustentabilidade:<\/p>\n<p>\u00a0\u00a0\u00a0\u00a0\u00a0I &#8211; elabora\u00e7\u00e3o de campanhas de conscientiza\u00e7\u00e3o sobre responsabilidade social;<\/p>\n<p>\u00a0\u00a0\u00a0\u00a0\u00a0II &#8211; incentivo \u00e0 cria\u00e7\u00e3o ou ao fortalecimento de projetos de capacita\u00e7\u00e3o profissional;<\/p>\n<p>\u00a0\u00a0\u00a0\u00a0\u00a0III &#8211; promo\u00e7\u00e3o de iniciativas educacionais, ambientais e culturais;<\/p>\n<p>\u00a0\u00a0\u00a0\u00a0\u00a0IV &#8211; integra\u00e7\u00e3o de esfor\u00e7os para melhorar indicadores sociais; e<\/p>\n<p>\u00a0\u00a0\u00a0\u00a0\u00a0V &#8211; divulga\u00e7\u00e3o de resultados e compartilhamento de boas pr\u00e1ticas empresariais.<\/p>\n<p>\u00a0\u00a0\u00a0\u00a0\u00a0Art. 7\u00ba A atua\u00e7\u00e3o prevista neste Programa ser\u00e1 pautada, prioritariamente, em quatro \u00e1reas: EMPRESARIAL, EDUCACIONAL, AMBIENTAL E SOCIAL.<\/p>\n<p>\u00a0\u00a0\u00a0\u00a0\u00a0Par\u00e1grafo \u00fanico. As entidades candidatas a participarem do programa devem comprovar e\/ou buscar a ado\u00e7\u00e3o de medidas voltadas \u00e0 eleva\u00e7\u00e3o da qualidade de vida e ao desenvolvimento sustent\u00e1vel, atendendo aos seguintes requisitos, correspondente \u00e0s \u00e1reas:<\/p>\n<p>\u00a0\u00a0\u00a0\u00a0\u00a0I &#8211; EMPRESARIAL:<\/p>\n<p>\u00a0\u00a0\u00a0\u00a0\u00a0a) colabora\u00e7\u00e3o com microneg\u00f3cios regionais, dando prioridade \u00e0 contrata\u00e7\u00e3o de servi\u00e7os locais;<\/p>\n<p>\u00a0\u00a0\u00a0\u00a0\u00a0b) incentivo \u00e0 forma\u00e7\u00e3o escolar e profissional dos colaboradores;<\/p>\n<p>\u00a0\u00a0\u00a0\u00a0\u00a0c) apoio a projetos de qualifica\u00e7\u00e3o ou nivelamento escolar para empreendedores;<\/p>\n<p>\u00a0\u00a0\u00a0\u00a0\u00a0d) promo\u00e7\u00e3o do associativismo e da coopera\u00e7\u00e3o em arranjos produtivos;\u00a0<\/p>\n<p>\u00a0\u00a0\u00a0\u00a0\u00a0e) valoriza\u00e7\u00e3o da inova\u00e7\u00e3o e do empreendedorismo local;<\/p>\n<p>\u00a0\u00a0\u00a0\u00a0\u00a0II &#8211; EDUCACIONAL:<\/p>\n<p>\u00a0\u00a0\u00a0\u00a0\u00a0a) suporte a iniciativas educativas para a comunidade;<\/p>\n<p>\u00a0\u00a0\u00a0\u00a0\u00a0b) est\u00edmulo \u00e0 manuten\u00e7\u00e3o de dependentes de colaboradores na rede de ensino;<\/p>\n<p>\u00a0\u00a0\u00a0\u00a0\u00a0c) incentivo ao nivelamento escolar dos trabalhadores;<\/p>\n<p>\u00a0\u00a0\u00a0\u00a0\u00a0d) realiza\u00e7\u00e3o de projetos socioculturais e de qualifica\u00e7\u00e3o;\u00a0<\/p>\n<p>\u00a0\u00a0\u00a0\u00a0\u00a0e) colabora\u00e7\u00e3o para melhorias em institui\u00e7\u00f5es de ensino;<\/p>\n<p>\u00a0\u00a0\u00a0\u00a0\u00a0III &#8211; AMBIENTAL:<\/p>\n<p>\u00a0\u00a0\u00a0\u00a0\u00a0a) ado\u00e7\u00e3o de pr\u00e1ticas que reduzam impactos sobre o meio ambiente;<\/p>\n<p>\u00a0\u00a0\u00a0\u00a0\u00a0b) implanta\u00e7\u00e3o de coleta seletiva ou procedimentos de descarte adequado;<\/p>\n<p>\u00a0\u00a0\u00a0\u00a0\u00a0c) participa\u00e7\u00e3o em programas de conscientiza\u00e7\u00e3o ecol\u00f3gica;<\/p>\n<p>\u00a0\u00a0\u00a0\u00a0\u00a0d) incentivo a solu\u00e7\u00f5es tecnol\u00f3gicas que minimizem danos ambientais;\u00a0<\/p>\n<p>\u00a0\u00a0\u00a0\u00a0\u00a0e) apoio a a\u00e7\u00f5es de sustentabilidade e log\u00edstica reversa;<\/p>\n<p>\u00a0\u00a0\u00a0\u00a0\u00a0IV &#8211; SOCIAL:<\/p>\n<p>\u00a0\u00a0\u00a0\u00a0\u00a0a) promo\u00e7\u00e3o de projetos vinculados \u00e0s pol\u00edticas p\u00fablicas de assist\u00eancia social e de sa\u00fade;<\/p>\n<p>\u00a0\u00a0\u00a0\u00a0\u00a0b) engajamento em programas de preven\u00e7\u00e3o, prote\u00e7\u00e3o e promo\u00e7\u00e3o social e de sa\u00fade;<\/p>\n<p>\u00a0\u00a0\u00a0\u00a0\u00a0c) incentivo a a\u00e7\u00f5es de cultura, esporte, lazer e promo\u00e7\u00e3o de sa\u00fade para a comunidade;<\/p>\n<p>\u00a0\u00a0\u00a0\u00a0\u00a0d) colabora\u00e7\u00e3o com iniciativas de inclus\u00e3o de grupos em situa\u00e7\u00e3o de vulnerabilidade; e<\/p>\n<p>\u00a0\u00a0\u00a0\u00a0\u00a0e) est\u00edmulo \u00e0 participa\u00e7\u00e3o cidad\u00e3 por meio de parcerias com organiza\u00e7\u00f5es sociais.<\/p>\n<p>\u00a0\u00a0\u00a0\u00a0\u00a0Art. 8\u00ba Os projetos e a\u00e7\u00f5es desenvolvidos no \u00e2mbito deste Programa ser\u00e3o divulgados em ve\u00edculos de comunica\u00e7\u00e3o oficiais ou espa\u00e7os p\u00fablicos, com indica\u00e7\u00e3o dos respons\u00e1veis pelas iniciativas, a fim de fomentar a transpar\u00eancia e incentivar novas ades\u00f5es.<\/p>\n<p>\u00a0\u00a0\u00a0\u00a0\u00a0Art. 9\u00ba Caber\u00e1 \u00e0 Comiss\u00e3o de Desenvolvimento Econ\u00f4mico e Turismo da Assembleia Legislativa do Estado de Pernambuco (Alepe), em parceria com o instituto e o Conselho Regional de Engenharia e Agronomia do Estado de Pernambuco (Crea\/PE), promover as medidas necess\u00e1rias com vistas \u00e0 implementa\u00e7\u00e3o do Programa de que trata esta Lei.<\/p>\n<p>\u00a0\u00a0\u00a0\u00a0\u00a0\u00a7 1\u00ba Importante destacar a import\u00e2ncia do CREA\/PE junto ao referido programa, visto que uma de suas miss\u00f5es \u00e9 prover confian\u00e7a \u00e0 sociedade nas medi\u00e7\u00f5es e nos produtos, por meio da avalia\u00e7\u00e3o e da conformidade de produtos e servi\u00e7os, promovendo a harmoniza\u00e7\u00e3o das rela\u00e7\u00f5es de consumo, a inova\u00e7\u00e3o tecnol\u00f3gica, a competitividade empresarial, o consumo sustent\u00e1vel e na gest\u00e3o da qualidade empresarial;<\/p>\n<p>\u00a0\u00a0\u00a0\u00a0\u00a0\u00a7 2\u00ba Os termos de ades\u00e3o, parcerias, coopera\u00e7\u00e3o t\u00e9cnica, projetos e\/ou instrumentos alusivos ao programa de responsabilidade empresarial, desenvolvimento e sustentabilidade, dever\u00e3o ser registradas e viabilizadas via instituto e em sitio especifico;<\/p>\n<p>\u00a0\u00a0\u00a0\u00a0\u00a0Art. 10. Para inscri\u00e7\u00e3o dos projetos, bem como a avalia\u00e7\u00e3o e an\u00e1lise de propostas para o Programa, ser\u00e1 constitu\u00eddo um Conselho Gestor.<\/p>\n<p>\u00a0\u00a0\u00a0\u00a0\u00a0\u00a7 1\u00ba O Conselho Gestor de que trata o caput ser\u00e1 composto por membros convidados, indicados e nomeados por Ato Normativo do Presidente da Comiss\u00e3o de Desenvolvimento Econ\u00f4mico e Turismo da Alepe, com a seguinte composi\u00e7\u00e3o:<\/p>\n<p>\u00a0\u00a0\u00a0\u00a0\u00a0I &#8211; membro do Poder Legislativo Estadual, integrante da Comiss\u00e3o de Desenvolvimento Econ\u00f4mico e Turismo;<\/p>\n<p>\u00a0\u00a0\u00a0\u00a0\u00a0II &#8211; representante do Poder Executivo Estadual, integrante da Ag\u00eancia de Desenvolvimento de Pernambuco &#8211;\u00a0ADEPE;<\/p>\n<p>\u00a0\u00a0\u00a0\u00a0\u00a0III &#8211; membro do Conselho Regional de Engenharia e Agronomia em Pernambuco &#8211;\u00a0CREA\/PE;<\/p>\n<p>\u00a0\u00a0\u00a0\u00a0\u00a0IV &#8211; representante do Minist\u00e9rio P\u00fablico de Pernambuco &#8211;\u00a0MPPE;<\/p>\n<p>\u00a0\u00a0\u00a0\u00a0\u00a0V &#8211; representante da Ordem dos Advogados de Pernambuco &#8211;\u00a0OAB-PE;<\/p>\n<p>\u00a0\u00a0\u00a0\u00a0\u00a0VI &#8211; representante de institui\u00e7\u00e3o de ensino t\u00e9cnico e\/ou superior;<\/p>\n<p>\u00a0\u00a0\u00a0\u00a0\u00a0VII &#8211; representante de institui\u00e7\u00e3o financeira de car\u00e1ter desenvolvimentista (BNDES\/BNB);<\/p>\n<p>\u00a0\u00a0\u00a0\u00a0\u00a0VIII &#8211; representante de instituto social de incentivo, defesa e estudo da cidadania; e<\/p>\n<p>\u00a0\u00a0\u00a0\u00a0\u00a0IX &#8211; representante de institui\u00e7\u00e3o de representatividade empresarial (Fiepe\/ Fecom\u00e9rcio\/Femicro\/CDL).<\/p>\n<p>\u00a0\u00a0\u00a0\u00a0\u00a0\u00a7 2\u00ba A aus\u00eancia ou recusa de um membro indicado \u00e0 participa\u00e7\u00e3o Conselho Gestor n\u00e3o constituir\u00e1 \u00f3bice ao seu funcionamento, cabendo ao Presidente da Comiss\u00e3o de Desenvolvimento Econ\u00f4mico e Turismo da Alepe indicar o membro substituto, observado, sempre que poss\u00edvel, a composi\u00e7\u00e3o indicada no \u00a7 1\u00ba deste artigo.<\/p>\n<p>\u00a0\u00a0\u00a0\u00a0\u00a0Art. 11. Esta Lei\u00a0entra em vigor na data de sua publica\u00e7\u00e3o.<\/article>\n<div style=\"text-align: center\">\n<div style=\"margin-bottom: 20px;\" class=\"et_pb_button_module_wrapper et_pb_button_5_tb_body_wrapper et_pb_button_alignment_center et_pb_module \">\n         <a class=\"et_pb_button et_pb_button_5_tb_body et_hover_enabled et_pb_bg_layout_dark\" style=\"width: 50%;background-color: black;\" href=\"https:\/\/app.legislapp.com.br\" target=\"_blank\" rel=\"noopener\">Visualizar completo na nossa plataforma (30 dias gr\u00e1tis)<\/a><\/p><\/div>\n<p>      <a href=\"https:\/\/play.google.com\/store\/apps\/details?id=br.com.legislapp\"><img decoding=\"async\" style=\"width: 15%; min-width: 130px;\" src=\"https:\/\/www.legislapp.com.br\/wp-content\/uploads\/google-play.png\"><\/a><br \/>\n      <a href=\"https:\/\/apps.apple.com\/us\/app\/legislapp\/id1568929859\"><img decoding=\"async\" style=\"width: 15%; min-width: 130px\" src=\"https:\/\/www.legislapp.com.br\/wp-content\/uploads\/apple-store.png\"><\/a>\n   <\/div>\n","protected":false},"excerpt":{"rendered":"<p>C\u00e2m. Legislativa de PE &#8211; Autoria de M\u00e1rio Ricardo Nossa proposi\u00e7\u00e3o tem como objetivo alinhar o crescimento econ\u00f4mico a pr\u00e1ticas empresariais socialmente respons\u00e1veis, promovendo a\u00e7\u00f5es que contribuam para o desenvolvimento sustent\u00e1vel no Estado de Pernambuco.\u00a0 Desse modo, pretende-se fomentar iniciativas que fortale\u00e7am a economia local, valorizem a forma\u00e7\u00e3o profissional e reduzam impactos ambientais, em conson\u00e2ncia [&hellip;]<\/p>\n","protected":false},"author":1,"featured_media":0,"parent":0,"menu_order":0,"comment_status":"closed","ping_status":"closed","template":"page-template-blank.php","meta":{"_et_pb_use_builder":"","_et_pb_old_content":"","_et_gb_content_width":"1080","ngg_post_thumbnail":0,"footnotes":""},"class_list":["post-7926","page","type-page","status-publish","hentry"],"yoast_head":"<!-- This site is optimized with the Yoast SEO plugin v24.4 - https:\/\/yoast.com\/wordpress\/plugins\/seo\/ -->\n<title>PL 2927\/2025 - M\u00e1rio Ricardo - Legislapp<\/title>\n<meta name=\"robots\" content=\"index, follow, max-snippet:-1, max-image-preview:large, max-video-preview:-1\" \/>\n<link rel=\"canonical\" href=\"https:\/\/www.legislapp.com.br\/index.php\/cam-legislativa-de-pe-pl-2927-2025\/\" \/>\n<meta property=\"og:locale\" content=\"pt_BR\" \/>\n<meta property=\"og:type\" content=\"article\" \/>\n<meta property=\"og:title\" content=\"PL 2927\/2025 - M\u00e1rio Ricardo - Legislapp\" \/>\n<meta property=\"og:description\" content=\"C\u00e2m. Legislativa de PE &#8211; Autoria de M\u00e1rio Ricardo Nossa proposi\u00e7\u00e3o tem como objetivo alinhar o crescimento econ\u00f4mico a pr\u00e1ticas empresariais socialmente respons\u00e1veis, promovendo a\u00e7\u00f5es que contribuam para o desenvolvimento sustent\u00e1vel no Estado de Pernambuco.\u00a0 Desse modo, pretende-se fomentar iniciativas que fortale\u00e7am a economia local, valorizem a forma\u00e7\u00e3o profissional e reduzam impactos ambientais, em conson\u00e2ncia [&hellip;]\" \/>\n<meta property=\"og:url\" content=\"https:\/\/www.legislapp.com.br\/index.php\/cam-legislativa-de-pe-pl-2927-2025\/\" \/>\n<meta property=\"og:site_name\" content=\"Legislapp\" \/>\n<meta property=\"article:publisher\" content=\"https:\/\/www.instagram.com\/legislapp\/\" \/>\n<meta property=\"og:image\" content=\"https:\/\/www.alepe.pe.gov.br\/\/wp-content\/uploads\/2023\/02\/MARIO-RICARDO-1-scaled-e1676403125673.jpg\" \/>\n<meta name=\"twitter:card\" content=\"summary_large_image\" \/>\n<meta name=\"twitter:label1\" content=\"Est. tempo de leitura\" \/>\n\t<meta name=\"twitter:data1\" content=\"7 minutos\" \/>\n<script type=\"application\/ld+json\" class=\"yoast-schema-graph\">{\"@context\":\"https:\/\/schema.org\",\"@graph\":[{\"@type\":\"WebPage\",\"@id\":\"https:\/\/www.legislapp.com.br\/index.php\/cam-legislativa-de-pe-pl-2927-2025\/\",\"url\":\"https:\/\/www.legislapp.com.br\/index.php\/cam-legislativa-de-pe-pl-2927-2025\/\",\"name\":\"PL 2927\/2025 - M\u00e1rio Ricardo - Legislapp\",\"isPartOf\":{\"@id\":\"https:\/\/www.legislapp.com.br\/#website\"},\"primaryImageOfPage\":{\"@id\":\"https:\/\/www.legislapp.com.br\/index.php\/cam-legislativa-de-pe-pl-2927-2025\/#primaryimage\"},\"image\":{\"@id\":\"https:\/\/www.legislapp.com.br\/index.php\/cam-legislativa-de-pe-pl-2927-2025\/#primaryimage\"},\"thumbnailUrl\":\"https:\/\/www.alepe.pe.gov.br\/\/wp-content\/uploads\/2023\/02\/MARIO-RICARDO-1-scaled-e1676403125673.jpg\",\"datePublished\":\"2025-09-17T16:58:13+00:00\",\"breadcrumb\":{\"@id\":\"https:\/\/www.legislapp.com.br\/index.php\/cam-legislativa-de-pe-pl-2927-2025\/#breadcrumb\"},\"inLanguage\":\"pt-BR\",\"potentialAction\":[{\"@type\":\"ReadAction\",\"target\":[\"https:\/\/www.legislapp.com.br\/index.php\/cam-legislativa-de-pe-pl-2927-2025\/\"]}]},{\"@type\":\"ImageObject\",\"inLanguage\":\"pt-BR\",\"@id\":\"https:\/\/www.legislapp.com.br\/index.php\/cam-legislativa-de-pe-pl-2927-2025\/#primaryimage\",\"url\":\"https:\/\/www.alepe.pe.gov.br\/\/wp-content\/uploads\/2023\/02\/MARIO-RICARDO-1-scaled-e1676403125673.jpg\",\"contentUrl\":\"https:\/\/www.alepe.pe.gov.br\/\/wp-content\/uploads\/2023\/02\/MARIO-RICARDO-1-scaled-e1676403125673.jpg\"},{\"@type\":\"BreadcrumbList\",\"@id\":\"https:\/\/www.legislapp.com.br\/index.php\/cam-legislativa-de-pe-pl-2927-2025\/#breadcrumb\",\"itemListElement\":[{\"@type\":\"ListItem\",\"position\":1,\"name\":\"In\u00edcio\",\"item\":\"https:\/\/www.legislapp.com.br\/\"},{\"@type\":\"ListItem\",\"position\":2,\"name\":\"PL 2927\/2025 &#8211; M\u00e1rio Ricardo\"}]},{\"@type\":\"WebSite\",\"@id\":\"https:\/\/www.legislapp.com.br\/#website\",\"url\":\"https:\/\/www.legislapp.com.br\/\",\"name\":\"Legislapp\",\"description\":\"Intelig\u00eancia governamental em tempo real\",\"publisher\":{\"@id\":\"https:\/\/www.legislapp.com.br\/#organization\"},\"potentialAction\":[{\"@type\":\"SearchAction\",\"target\":{\"@type\":\"EntryPoint\",\"urlTemplate\":\"https:\/\/www.legislapp.com.br\/?s={search_term_string}\"},\"query-input\":{\"@type\":\"PropertyValueSpecification\",\"valueRequired\":true,\"valueName\":\"search_term_string\"}}],\"inLanguage\":\"pt-BR\"},{\"@type\":\"Organization\",\"@id\":\"https:\/\/www.legislapp.com.br\/#organization\",\"name\":\"Legislapp Monitoramento e Intelig\u00eancia Governamental\",\"url\":\"https:\/\/www.legislapp.com.br\/\",\"logo\":{\"@type\":\"ImageObject\",\"inLanguage\":\"pt-BR\",\"@id\":\"https:\/\/www.legislapp.com.br\/#\/schema\/logo\/image\/\",\"url\":\"https:\/\/www.legislapp.com.br\/wp-content\/uploads\/icon.png\",\"contentUrl\":\"https:\/\/www.legislapp.com.br\/wp-content\/uploads\/icon.png\",\"width\":1024,\"height\":1024,\"caption\":\"Legislapp Monitoramento e Intelig\u00eancia Governamental\"},\"image\":{\"@id\":\"https:\/\/www.legislapp.com.br\/#\/schema\/logo\/image\/\"},\"sameAs\":[\"https:\/\/www.instagram.com\/legislapp\/\"]}]}<\/script>\n<!-- \/ Yoast SEO plugin. -->","yoast_head_json":{"title":"PL 2927\/2025 - M\u00e1rio Ricardo - Legislapp","robots":{"index":"index","follow":"follow","max-snippet":"max-snippet:-1","max-image-preview":"max-image-preview:large","max-video-preview":"max-video-preview:-1"},"canonical":"https:\/\/www.legislapp.com.br\/index.php\/cam-legislativa-de-pe-pl-2927-2025\/","og_locale":"pt_BR","og_type":"article","og_title":"PL 2927\/2025 - M\u00e1rio Ricardo - Legislapp","og_description":"C\u00e2m. Legislativa de PE &#8211; Autoria de M\u00e1rio Ricardo Nossa proposi\u00e7\u00e3o tem como objetivo alinhar o crescimento econ\u00f4mico a pr\u00e1ticas empresariais socialmente respons\u00e1veis, promovendo a\u00e7\u00f5es que contribuam para o desenvolvimento sustent\u00e1vel no Estado de Pernambuco.\u00a0 Desse modo, pretende-se fomentar iniciativas que fortale\u00e7am a economia local, valorizem a forma\u00e7\u00e3o profissional e reduzam impactos ambientais, em conson\u00e2ncia [&hellip;]","og_url":"https:\/\/www.legislapp.com.br\/index.php\/cam-legislativa-de-pe-pl-2927-2025\/","og_site_name":"Legislapp","article_publisher":"https:\/\/www.instagram.com\/legislapp\/","og_image":[{"url":"https:\/\/www.alepe.pe.gov.br\/\/wp-content\/uploads\/2023\/02\/MARIO-RICARDO-1-scaled-e1676403125673.jpg","type":"","width":"","height":""}],"twitter_card":"summary_large_image","twitter_misc":{"Est. tempo de leitura":"7 minutos"},"schema":{"@context":"https:\/\/schema.org","@graph":[{"@type":"WebPage","@id":"https:\/\/www.legislapp.com.br\/index.php\/cam-legislativa-de-pe-pl-2927-2025\/","url":"https:\/\/www.legislapp.com.br\/index.php\/cam-legislativa-de-pe-pl-2927-2025\/","name":"PL 2927\/2025 - M\u00e1rio Ricardo - Legislapp","isPartOf":{"@id":"https:\/\/www.legislapp.com.br\/#website"},"primaryImageOfPage":{"@id":"https:\/\/www.legislapp.com.br\/index.php\/cam-legislativa-de-pe-pl-2927-2025\/#primaryimage"},"image":{"@id":"https:\/\/www.legislapp.com.br\/index.php\/cam-legislativa-de-pe-pl-2927-2025\/#primaryimage"},"thumbnailUrl":"https:\/\/www.alepe.pe.gov.br\/\/wp-content\/uploads\/2023\/02\/MARIO-RICARDO-1-scaled-e1676403125673.jpg","datePublished":"2025-09-17T16:58:13+00:00","breadcrumb":{"@id":"https:\/\/www.legislapp.com.br\/index.php\/cam-legislativa-de-pe-pl-2927-2025\/#breadcrumb"},"inLanguage":"pt-BR","potentialAction":[{"@type":"ReadAction","target":["https:\/\/www.legislapp.com.br\/index.php\/cam-legislativa-de-pe-pl-2927-2025\/"]}]},{"@type":"ImageObject","inLanguage":"pt-BR","@id":"https:\/\/www.legislapp.com.br\/index.php\/cam-legislativa-de-pe-pl-2927-2025\/#primaryimage","url":"https:\/\/www.alepe.pe.gov.br\/\/wp-content\/uploads\/2023\/02\/MARIO-RICARDO-1-scaled-e1676403125673.jpg","contentUrl":"https:\/\/www.alepe.pe.gov.br\/\/wp-content\/uploads\/2023\/02\/MARIO-RICARDO-1-scaled-e1676403125673.jpg"},{"@type":"BreadcrumbList","@id":"https:\/\/www.legislapp.com.br\/index.php\/cam-legislativa-de-pe-pl-2927-2025\/#breadcrumb","itemListElement":[{"@type":"ListItem","position":1,"name":"In\u00edcio","item":"https:\/\/www.legislapp.com.br\/"},{"@type":"ListItem","position":2,"name":"PL 2927\/2025 &#8211; M\u00e1rio Ricardo"}]},{"@type":"WebSite","@id":"https:\/\/www.legislapp.com.br\/#website","url":"https:\/\/www.legislapp.com.br\/","name":"Legislapp","description":"Intelig\u00eancia governamental em tempo real","publisher":{"@id":"https:\/\/www.legislapp.com.br\/#organization"},"potentialAction":[{"@type":"SearchAction","target":{"@type":"EntryPoint","urlTemplate":"https:\/\/www.legislapp.com.br\/?s={search_term_string}"},"query-input":{"@type":"PropertyValueSpecification","valueRequired":true,"valueName":"search_term_string"}}],"inLanguage":"pt-BR"},{"@type":"Organization","@id":"https:\/\/www.legislapp.com.br\/#organization","name":"Legislapp Monitoramento e Intelig\u00eancia Governamental","url":"https:\/\/www.legislapp.com.br\/","logo":{"@type":"ImageObject","inLanguage":"pt-BR","@id":"https:\/\/www.legislapp.com.br\/#\/schema\/logo\/image\/","url":"https:\/\/www.legislapp.com.br\/wp-content\/uploads\/icon.png","contentUrl":"https:\/\/www.legislapp.com.br\/wp-content\/uploads\/icon.png","width":1024,"height":1024,"caption":"Legislapp Monitoramento e Intelig\u00eancia Governamental"},"image":{"@id":"https:\/\/www.legislapp.com.br\/#\/schema\/logo\/image\/"},"sameAs":["https:\/\/www.instagram.com\/legislapp\/"]}]}},"_links":{"self":[{"href":"https:\/\/www.legislapp.com.br\/index.php\/wp-json\/wp\/v2\/pages\/7926","targetHints":{"allow":["GET"]}}],"collection":[{"href":"https:\/\/www.legislapp.com.br\/index.php\/wp-json\/wp\/v2\/pages"}],"about":[{"href":"https:\/\/www.legislapp.com.br\/index.php\/wp-json\/wp\/v2\/types\/page"}],"author":[{"embeddable":true,"href":"https:\/\/www.legislapp.com.br\/index.php\/wp-json\/wp\/v2\/users\/1"}],"replies":[{"embeddable":true,"href":"https:\/\/www.legislapp.com.br\/index.php\/wp-json\/wp\/v2\/comments?post=7926"}],"version-history":[{"count":0,"href":"https:\/\/www.legislapp.com.br\/index.php\/wp-json\/wp\/v2\/pages\/7926\/revisions"}],"wp:attachment":[{"href":"https:\/\/www.legislapp.com.br\/index.php\/wp-json\/wp\/v2\/media?parent=7926"}],"curies":[{"name":"wp","href":"https:\/\/api.w.org\/{rel}","templated":true}]}}