{"id":7927,"date":"2025-09-17T13:58:16","date_gmt":"2025-09-17T16:58:16","guid":{"rendered":"https:\/\/www.legislapp.com.br\/index.php\/cam-legislativa-de-pe-pl-2885-2025\/"},"modified":"2025-09-17T13:58:16","modified_gmt":"2025-09-17T16:58:16","slug":"cam-legislativa-de-pe-pl-2885-2025","status":"publish","type":"page","link":"https:\/\/www.legislapp.com.br\/index.php\/cam-legislativa-de-pe-pl-2885-2025\/","title":{"rendered":"PL 2885\/2025 &#8211; Gilmar Junior"},"content":{"rendered":"<h1 style='text-align: center;'>C\u00e2m. Legislativa de PE &#8211; Autoria de Gilmar Junior<br \/><img src='https:\/\/www.alepe.pe.gov.br\/\/wp-content\/uploads\/2023\/02\/GILMAR-JUNIOR-scaled-e1675859139299.jpg' alt='Gilmar Junior' \/><\/h3>\n<p><\/p>\n<article style='text-align: center'>A demanda habitacional \u00e9 um dos grandes desafios a serem enfrentados em Pernambuco. Nesse contexto, a cria\u00e7\u00e3o do Cadastro Estadual de Habita\u00e7\u00e3o de Interesse Social surge como uma iniciativa fundamental para mapear e acompanhar com mais precis\u00e3o essa demanda, possibilitando uma gest\u00e3o mais eficiente dos recursos e das pol\u00edticas p\u00fablicas voltadas \u00e0 habita\u00e7\u00e3o.<\/p>\n<p>\u00a0\u00a0\u00a0\u00a0\u00a0Alinhado aos par\u00e2metros do Sistema Nacional de Habita\u00e7\u00e3o de Interesse Social \u2013 SNHIS, institu\u00eddo pela Lei n\u00ba 11.124, de 16 de junho de 2005, que tem como objetivo garantir o acesso \u00e0 moradia digna, urbanizada e sustent\u00e1vel para a popula\u00e7\u00e3o de menor renda, esse cadastro estadual ser\u00e1 uma ferramenta estrat\u00e9gica. Ele permitir\u00e1 a implementa\u00e7\u00e3o de pol\u00edticas e programas que envolvem investimentos, subs\u00eddios e a\u00e7\u00f5es integradas, contribuindo para ampliar o acesso \u00e0 habita\u00e7\u00e3o adequada para quem mais precisa.<\/p>\n<p>\u00a0\u00a0\u00a0\u00a0\u00a0Al\u00e9m disso, o cadastro permitir\u00e1 articular e apoiar a atua\u00e7\u00e3o de institui\u00e7\u00f5es e \u00f3rg\u00e3os p\u00fablicos que trabalham no setor habitacional, promovendo a compatibilidade e integra\u00e7\u00e3o das pol\u00edticas habitacionais em todo o estado de Pernambuco.<\/p>\n<p>\u00a0\u00a0\u00a0\u00a0\u00a0Diante da import\u00e2ncia desta medida para o enfrentamento do d\u00e9ficit habitacional e para o fortalecimento das a\u00e7\u00f5es sociais no estado, solicitamos o apoio dos Nobres Pares para a aprova\u00e7\u00e3o deste Projeto de Lei.<\/article>\n<p><\/p>\n<p style='text-align: center'><a href='https:\/\/app.legislapp.com.br\/#\/busca?termo='><\/a><\/p>\n<p><\/p>\n<article>\u00a0\u00a0\u00a0\u00a0\u00a0Art. 1\u00ba Fica criado o Cadastro Estadual de Habita\u00e7\u00e3o de Interesse Social em Pernambuco.<\/p>\n<p>\u00a0\u00a0\u00a0\u00a0\u00a0Art. 2\u00ba O Cadastro Estadual de Habita\u00e7\u00e3o de Interesse Social, ter\u00e1 como objetivos:<\/p>\n<p>\u00a0\u00a0\u00a0\u00a0\u00a0I \u2013 monitorar e acompanhar a demanda por habita\u00e7\u00e3o nas diferentes faixas de renda;<\/p>\n<p>\u00a0\u00a0\u00a0\u00a0\u00a0II \u2013 identificar as alternativas de melhoria da condi\u00e7\u00e3o habitacional da popula\u00e7\u00e3o;<\/p>\n<p>\u00a0\u00a0\u00a0\u00a0\u00a0III \u2013 fomentar pol\u00edticas p\u00fablicas e estrat\u00e9gias de gest\u00e3o em habita\u00e7\u00e3o;<\/p>\n<p>\u00a0\u00a0\u00a0\u00a0\u00a0IV \u2013 permitir a identifica\u00e7\u00e3o de loca\u00e7\u00e3o e venda irregulares de im\u00f3veis de programas de habita\u00e7\u00e3o de interesse social;<\/p>\n<p>\u00a0\u00a0\u00a0\u00a0\u00a0V \u2013 manter registro atualizado das pessoas contempladas em programas de habita\u00e7\u00e3o de interesse social.<\/p>\n<p>\u00a0\u00a0\u00a0\u00a0\u00a0Art. 3\u00ba O Cadastro Estadual de Habita\u00e7\u00e3o de Interesse Social em Pernambuco ter\u00e1 as seguintes informa\u00e7\u00f5es:<\/p>\n<p>\u00a0\u00a0\u00a0\u00a0\u00a0I \u2013 cadastro das \u00e1reas urbanas e rurais com demanda de melhoria, requalifica\u00e7\u00e3o e regulariza\u00e7\u00e3o fundi\u00e1ria dos munic\u00edpios;<\/p>\n<p>\u00a0\u00a0\u00a0\u00a0\u00a0II \u2013 registro dos candidatos \u00e0 habita\u00e7\u00e3o de interesse social;<\/p>\n<p>\u00a0\u00a0\u00a0\u00a0\u00a0III \u2013 registro dos benefici\u00e1rios de programas habitacionais de interesse social;<\/p>\n<p>\u00a0\u00a0\u00a0\u00a0\u00a0IV \u2013 registro dos propriet\u00e1rios de im\u00f3veis objeto de regulariza\u00e7\u00e3o fundi\u00e1ria.<\/p>\n<p>\u00a0\u00a0\u00a0\u00a0\u00a0Art. 4\u00ba O cadastro ter\u00e1 como princ\u00edpios:<\/p>\n<p>\u00a0\u00a0\u00a0\u00a0\u00a0I \u2013 respeito \u00e0s diretrizes do Sistema Nacional de Habita\u00e7\u00e3o de Interesse Social, dispostas na Lei Federal n\u00ba 11.124, de 16 de junho de 2005;<\/p>\n<p>\u00a0\u00a0\u00a0\u00a0\u00a0II \u2013 ado\u00e7\u00e3o dos princ\u00edpios e diretrizes do Sistema Estadual de Habita\u00e7\u00e3o e seus programas;<\/p>\n<p>\u00a0\u00a0\u00a0\u00a0\u00a0III \u2013 reconhecimento da habita\u00e7\u00e3o como direito b\u00e1sico, fundamental e indispens\u00e1vel;<\/p>\n<p>\u00a0\u00a0\u00a0\u00a0\u00a0IV \u2013 integra\u00e7\u00e3o das pol\u00edticas habitacionais com as pol\u00edticas setoriais de desenvolvimento urbano;<\/p>\n<p>\u00a0\u00a0\u00a0\u00a0\u00a0V \u2013 prioriza\u00e7\u00e3o da popula\u00e7\u00e3o de baixa renda por meio de pol\u00edticas espec\u00edficas de subs\u00eddios e inclus\u00e3o social;<\/p>\n<p>\u00a0\u00a0\u00a0\u00a0\u00a0VI \u2013 respeito \u00e0 prioridade de atendimento conforme necessidade e urg\u00eancia, especialmente em calamidades p\u00fablicas;<\/p>\n<p>\u00a0\u00a0\u00a0\u00a0\u00a0VII \u2013 garantia e amplia\u00e7\u00e3o do direito \u00e0 cidade e \u00e0 cidadania;<\/p>\n<p>\u00a0\u00a0\u00a0\u00a0\u00a0VIII \u2013 respeito ao meio ambiente, com foco na preserva\u00e7\u00e3o e conserva\u00e7\u00e3o dos recursos naturais;<\/p>\n<p>\u00a0\u00a0\u00a0\u00a0\u00a0IX \u2013 otimiza\u00e7\u00e3o da aplica\u00e7\u00e3o de recursos p\u00fablicos e do tempo de resposta social com uso de tecnologias e m\u00e9todos eficazes;<\/p>\n<p>\u00a0\u00a0\u00a0\u00a0\u00a0X \u2013 prioriza\u00e7\u00e3o de pol\u00edticas para prote\u00e7\u00e3o da primeira inf\u00e2ncia, comunidades ind\u00edgenas e quilombolas.<\/p>\n<p>\u00a0\u00a0\u00a0\u00a0\u00a0Art. 5\u00b0 Esta Lei entra em vigor na data de sua publica\u00e7\u00e3o.<\/article>\n<div style=\"text-align: center\">\n<div style=\"margin-bottom: 20px;\" class=\"et_pb_button_module_wrapper et_pb_button_5_tb_body_wrapper et_pb_button_alignment_center et_pb_module \">\n         <a class=\"et_pb_button et_pb_button_5_tb_body et_hover_enabled et_pb_bg_layout_dark\" style=\"width: 50%;background-color: black;\" href=\"https:\/\/app.legislapp.com.br\" target=\"_blank\" rel=\"noopener\">Visualizar completo na nossa plataforma (30 dias gr\u00e1tis)<\/a><\/p><\/div>\n<p>      <a href=\"https:\/\/play.google.com\/store\/apps\/details?id=br.com.legislapp\"><img decoding=\"async\" style=\"width: 15%; min-width: 130px;\" src=\"https:\/\/www.legislapp.com.br\/wp-content\/uploads\/google-play.png\"><\/a><br \/>\n      <a href=\"https:\/\/apps.apple.com\/us\/app\/legislapp\/id1568929859\"><img decoding=\"async\" style=\"width: 15%; min-width: 130px\" src=\"https:\/\/www.legislapp.com.br\/wp-content\/uploads\/apple-store.png\"><\/a>\n   <\/div>\n","protected":false},"excerpt":{"rendered":"<p>C\u00e2m. Legislativa de PE &#8211; Autoria de Gilmar Junior A demanda habitacional \u00e9 um dos grandes desafios a serem enfrentados em Pernambuco. Nesse contexto, a cria\u00e7\u00e3o do Cadastro Estadual de Habita\u00e7\u00e3o de Interesse Social surge como uma iniciativa fundamental para mapear e acompanhar com mais precis\u00e3o essa demanda, possibilitando uma gest\u00e3o mais eficiente dos recursos [&hellip;]<\/p>\n","protected":false},"author":1,"featured_media":0,"parent":0,"menu_order":0,"comment_status":"closed","ping_status":"closed","template":"page-template-blank.php","meta":{"_et_pb_use_builder":"","_et_pb_old_content":"","_et_gb_content_width":"1080","ngg_post_thumbnail":0,"footnotes":""},"class_list":["post-7927","page","type-page","status-publish","hentry"],"yoast_head":"<!-- This site is optimized with the Yoast SEO plugin v24.4 - https:\/\/yoast.com\/wordpress\/plugins\/seo\/ -->\n<title>PL 2885\/2025 - Gilmar Junior - Legislapp<\/title>\n<meta name=\"robots\" content=\"index, follow, max-snippet:-1, max-image-preview:large, max-video-preview:-1\" \/>\n<link rel=\"canonical\" href=\"https:\/\/www.legislapp.com.br\/index.php\/cam-legislativa-de-pe-pl-2885-2025\/\" \/>\n<meta property=\"og:locale\" content=\"pt_BR\" \/>\n<meta property=\"og:type\" content=\"article\" \/>\n<meta property=\"og:title\" content=\"PL 2885\/2025 - Gilmar Junior - Legislapp\" \/>\n<meta property=\"og:description\" content=\"C\u00e2m. Legislativa de PE &#8211; Autoria de Gilmar Junior A demanda habitacional \u00e9 um dos grandes desafios a serem enfrentados em Pernambuco. Nesse contexto, a cria\u00e7\u00e3o do Cadastro Estadual de Habita\u00e7\u00e3o de Interesse Social surge como uma iniciativa fundamental para mapear e acompanhar com mais precis\u00e3o essa demanda, possibilitando uma gest\u00e3o mais eficiente dos recursos [&hellip;]\" \/>\n<meta property=\"og:url\" content=\"https:\/\/www.legislapp.com.br\/index.php\/cam-legislativa-de-pe-pl-2885-2025\/\" \/>\n<meta property=\"og:site_name\" content=\"Legislapp\" \/>\n<meta property=\"article:publisher\" content=\"https:\/\/www.instagram.com\/legislapp\/\" \/>\n<meta property=\"og:image\" content=\"https:\/\/www.alepe.pe.gov.br\/\/wp-content\/uploads\/2023\/02\/GILMAR-JUNIOR-scaled-e1675859139299.jpg\" \/>\n<meta name=\"twitter:card\" content=\"summary_large_image\" \/>\n<meta name=\"twitter:label1\" content=\"Est. tempo de leitura\" \/>\n\t<meta name=\"twitter:data1\" content=\"3 minutos\" \/>\n<script type=\"application\/ld+json\" class=\"yoast-schema-graph\">{\"@context\":\"https:\/\/schema.org\",\"@graph\":[{\"@type\":\"WebPage\",\"@id\":\"https:\/\/www.legislapp.com.br\/index.php\/cam-legislativa-de-pe-pl-2885-2025\/\",\"url\":\"https:\/\/www.legislapp.com.br\/index.php\/cam-legislativa-de-pe-pl-2885-2025\/\",\"name\":\"PL 2885\/2025 - Gilmar Junior - Legislapp\",\"isPartOf\":{\"@id\":\"https:\/\/www.legislapp.com.br\/#website\"},\"primaryImageOfPage\":{\"@id\":\"https:\/\/www.legislapp.com.br\/index.php\/cam-legislativa-de-pe-pl-2885-2025\/#primaryimage\"},\"image\":{\"@id\":\"https:\/\/www.legislapp.com.br\/index.php\/cam-legislativa-de-pe-pl-2885-2025\/#primaryimage\"},\"thumbnailUrl\":\"https:\/\/www.alepe.pe.gov.br\/\/wp-content\/uploads\/2023\/02\/GILMAR-JUNIOR-scaled-e1675859139299.jpg\",\"datePublished\":\"2025-09-17T16:58:16+00:00\",\"breadcrumb\":{\"@id\":\"https:\/\/www.legislapp.com.br\/index.php\/cam-legislativa-de-pe-pl-2885-2025\/#breadcrumb\"},\"inLanguage\":\"pt-BR\",\"potentialAction\":[{\"@type\":\"ReadAction\",\"target\":[\"https:\/\/www.legislapp.com.br\/index.php\/cam-legislativa-de-pe-pl-2885-2025\/\"]}]},{\"@type\":\"ImageObject\",\"inLanguage\":\"pt-BR\",\"@id\":\"https:\/\/www.legislapp.com.br\/index.php\/cam-legislativa-de-pe-pl-2885-2025\/#primaryimage\",\"url\":\"https:\/\/www.alepe.pe.gov.br\/\/wp-content\/uploads\/2023\/02\/GILMAR-JUNIOR-scaled-e1675859139299.jpg\",\"contentUrl\":\"https:\/\/www.alepe.pe.gov.br\/\/wp-content\/uploads\/2023\/02\/GILMAR-JUNIOR-scaled-e1675859139299.jpg\"},{\"@type\":\"BreadcrumbList\",\"@id\":\"https:\/\/www.legislapp.com.br\/index.php\/cam-legislativa-de-pe-pl-2885-2025\/#breadcrumb\",\"itemListElement\":[{\"@type\":\"ListItem\",\"position\":1,\"name\":\"In\u00edcio\",\"item\":\"https:\/\/www.legislapp.com.br\/\"},{\"@type\":\"ListItem\",\"position\":2,\"name\":\"PL 2885\/2025 &#8211; Gilmar Junior\"}]},{\"@type\":\"WebSite\",\"@id\":\"https:\/\/www.legislapp.com.br\/#website\",\"url\":\"https:\/\/www.legislapp.com.br\/\",\"name\":\"Legislapp\",\"description\":\"Intelig\u00eancia governamental em tempo real\",\"publisher\":{\"@id\":\"https:\/\/www.legislapp.com.br\/#organization\"},\"potentialAction\":[{\"@type\":\"SearchAction\",\"target\":{\"@type\":\"EntryPoint\",\"urlTemplate\":\"https:\/\/www.legislapp.com.br\/?s={search_term_string}\"},\"query-input\":{\"@type\":\"PropertyValueSpecification\",\"valueRequired\":true,\"valueName\":\"search_term_string\"}}],\"inLanguage\":\"pt-BR\"},{\"@type\":\"Organization\",\"@id\":\"https:\/\/www.legislapp.com.br\/#organization\",\"name\":\"Legislapp Monitoramento e Intelig\u00eancia Governamental\",\"url\":\"https:\/\/www.legislapp.com.br\/\",\"logo\":{\"@type\":\"ImageObject\",\"inLanguage\":\"pt-BR\",\"@id\":\"https:\/\/www.legislapp.com.br\/#\/schema\/logo\/image\/\",\"url\":\"https:\/\/www.legislapp.com.br\/wp-content\/uploads\/icon.png\",\"contentUrl\":\"https:\/\/www.legislapp.com.br\/wp-content\/uploads\/icon.png\",\"width\":1024,\"height\":1024,\"caption\":\"Legislapp Monitoramento e Intelig\u00eancia Governamental\"},\"image\":{\"@id\":\"https:\/\/www.legislapp.com.br\/#\/schema\/logo\/image\/\"},\"sameAs\":[\"https:\/\/www.instagram.com\/legislapp\/\"]}]}<\/script>\n<!-- \/ Yoast SEO plugin. -->","yoast_head_json":{"title":"PL 2885\/2025 - Gilmar Junior - Legislapp","robots":{"index":"index","follow":"follow","max-snippet":"max-snippet:-1","max-image-preview":"max-image-preview:large","max-video-preview":"max-video-preview:-1"},"canonical":"https:\/\/www.legislapp.com.br\/index.php\/cam-legislativa-de-pe-pl-2885-2025\/","og_locale":"pt_BR","og_type":"article","og_title":"PL 2885\/2025 - Gilmar Junior - Legislapp","og_description":"C\u00e2m. Legislativa de PE &#8211; Autoria de Gilmar Junior A demanda habitacional \u00e9 um dos grandes desafios a serem enfrentados em Pernambuco. Nesse contexto, a cria\u00e7\u00e3o do Cadastro Estadual de Habita\u00e7\u00e3o de Interesse Social surge como uma iniciativa fundamental para mapear e acompanhar com mais precis\u00e3o essa demanda, possibilitando uma gest\u00e3o mais eficiente dos recursos [&hellip;]","og_url":"https:\/\/www.legislapp.com.br\/index.php\/cam-legislativa-de-pe-pl-2885-2025\/","og_site_name":"Legislapp","article_publisher":"https:\/\/www.instagram.com\/legislapp\/","og_image":[{"url":"https:\/\/www.alepe.pe.gov.br\/\/wp-content\/uploads\/2023\/02\/GILMAR-JUNIOR-scaled-e1675859139299.jpg","type":"","width":"","height":""}],"twitter_card":"summary_large_image","twitter_misc":{"Est. tempo de leitura":"3 minutos"},"schema":{"@context":"https:\/\/schema.org","@graph":[{"@type":"WebPage","@id":"https:\/\/www.legislapp.com.br\/index.php\/cam-legislativa-de-pe-pl-2885-2025\/","url":"https:\/\/www.legislapp.com.br\/index.php\/cam-legislativa-de-pe-pl-2885-2025\/","name":"PL 2885\/2025 - Gilmar Junior - Legislapp","isPartOf":{"@id":"https:\/\/www.legislapp.com.br\/#website"},"primaryImageOfPage":{"@id":"https:\/\/www.legislapp.com.br\/index.php\/cam-legislativa-de-pe-pl-2885-2025\/#primaryimage"},"image":{"@id":"https:\/\/www.legislapp.com.br\/index.php\/cam-legislativa-de-pe-pl-2885-2025\/#primaryimage"},"thumbnailUrl":"https:\/\/www.alepe.pe.gov.br\/\/wp-content\/uploads\/2023\/02\/GILMAR-JUNIOR-scaled-e1675859139299.jpg","datePublished":"2025-09-17T16:58:16+00:00","breadcrumb":{"@id":"https:\/\/www.legislapp.com.br\/index.php\/cam-legislativa-de-pe-pl-2885-2025\/#breadcrumb"},"inLanguage":"pt-BR","potentialAction":[{"@type":"ReadAction","target":["https:\/\/www.legislapp.com.br\/index.php\/cam-legislativa-de-pe-pl-2885-2025\/"]}]},{"@type":"ImageObject","inLanguage":"pt-BR","@id":"https:\/\/www.legislapp.com.br\/index.php\/cam-legislativa-de-pe-pl-2885-2025\/#primaryimage","url":"https:\/\/www.alepe.pe.gov.br\/\/wp-content\/uploads\/2023\/02\/GILMAR-JUNIOR-scaled-e1675859139299.jpg","contentUrl":"https:\/\/www.alepe.pe.gov.br\/\/wp-content\/uploads\/2023\/02\/GILMAR-JUNIOR-scaled-e1675859139299.jpg"},{"@type":"BreadcrumbList","@id":"https:\/\/www.legislapp.com.br\/index.php\/cam-legislativa-de-pe-pl-2885-2025\/#breadcrumb","itemListElement":[{"@type":"ListItem","position":1,"name":"In\u00edcio","item":"https:\/\/www.legislapp.com.br\/"},{"@type":"ListItem","position":2,"name":"PL 2885\/2025 &#8211; Gilmar Junior"}]},{"@type":"WebSite","@id":"https:\/\/www.legislapp.com.br\/#website","url":"https:\/\/www.legislapp.com.br\/","name":"Legislapp","description":"Intelig\u00eancia governamental em tempo real","publisher":{"@id":"https:\/\/www.legislapp.com.br\/#organization"},"potentialAction":[{"@type":"SearchAction","target":{"@type":"EntryPoint","urlTemplate":"https:\/\/www.legislapp.com.br\/?s={search_term_string}"},"query-input":{"@type":"PropertyValueSpecification","valueRequired":true,"valueName":"search_term_string"}}],"inLanguage":"pt-BR"},{"@type":"Organization","@id":"https:\/\/www.legislapp.com.br\/#organization","name":"Legislapp Monitoramento e Intelig\u00eancia Governamental","url":"https:\/\/www.legislapp.com.br\/","logo":{"@type":"ImageObject","inLanguage":"pt-BR","@id":"https:\/\/www.legislapp.com.br\/#\/schema\/logo\/image\/","url":"https:\/\/www.legislapp.com.br\/wp-content\/uploads\/icon.png","contentUrl":"https:\/\/www.legislapp.com.br\/wp-content\/uploads\/icon.png","width":1024,"height":1024,"caption":"Legislapp Monitoramento e Intelig\u00eancia Governamental"},"image":{"@id":"https:\/\/www.legislapp.com.br\/#\/schema\/logo\/image\/"},"sameAs":["https:\/\/www.instagram.com\/legislapp\/"]}]}},"_links":{"self":[{"href":"https:\/\/www.legislapp.com.br\/index.php\/wp-json\/wp\/v2\/pages\/7927","targetHints":{"allow":["GET"]}}],"collection":[{"href":"https:\/\/www.legislapp.com.br\/index.php\/wp-json\/wp\/v2\/pages"}],"about":[{"href":"https:\/\/www.legislapp.com.br\/index.php\/wp-json\/wp\/v2\/types\/page"}],"author":[{"embeddable":true,"href":"https:\/\/www.legislapp.com.br\/index.php\/wp-json\/wp\/v2\/users\/1"}],"replies":[{"embeddable":true,"href":"https:\/\/www.legislapp.com.br\/index.php\/wp-json\/wp\/v2\/comments?post=7927"}],"version-history":[{"count":0,"href":"https:\/\/www.legislapp.com.br\/index.php\/wp-json\/wp\/v2\/pages\/7927\/revisions"}],"wp:attachment":[{"href":"https:\/\/www.legislapp.com.br\/index.php\/wp-json\/wp\/v2\/media?parent=7927"}],"curies":[{"name":"wp","href":"https:\/\/api.w.org\/{rel}","templated":true}]}}