{"id":7935,"date":"2025-09-17T13:58:42","date_gmt":"2025-09-17T16:58:42","guid":{"rendered":"https:\/\/www.legislapp.com.br\/index.php\/cam-legislativa-de-pe-pl-2880-2025\/"},"modified":"2025-09-17T13:58:42","modified_gmt":"2025-09-17T16:58:42","slug":"cam-legislativa-de-pe-pl-2880-2025","status":"publish","type":"page","link":"https:\/\/www.legislapp.com.br\/index.php\/cam-legislativa-de-pe-pl-2880-2025\/","title":{"rendered":"PL 2880\/2025 &#8211; Delegada Gleide Angelo"},"content":{"rendered":"<h1 style='text-align: center;'>C\u00e2m. Legislativa de PE &#8211; Autoria de Delegada Gleide Angelo<br \/><img src='https:\/\/www.alepe.pe.gov.br\/\/wp-content\/uploads\/2019\/02\/GLEIDE-ANGELO-scaled-e1675863599809.jpg' alt='Delegada Gleide Angelo' \/><\/h3>\n<p><\/p>\n<article style='text-align: center'>A proposi\u00e7\u00e3o tem como objetivo fortalecer a legisla\u00e7\u00e3o protetiva das pessoas com defici\u00eancia, ao assegurar o acesso facilitado aos benef\u00edcios estaduais para as m\u00e3es at\u00edpicas. Como \u00e9 consabido, as m\u00e3es de pessoas com defici\u00eancia, doen\u00e7a rara ou condi\u00e7\u00e3o de sa\u00fade que exija dedica\u00e7\u00e3o permanente enfrentam uma realidade bastante dif\u00edcil, com desafios adicionais.<\/p>\n<p>\u00a0\u00a0\u00a0\u00a0\u00a0Al\u00e9m das quest\u00f5es emocionais e f\u00edsicas, muitas dessas m\u00e3es lidam com obst\u00e1culos relacionados ao acesso a servi\u00e7os de sa\u00fade, educa\u00e7\u00e3o inclusiva, apoio social e benef\u00edcios estaduais, que nem sempre s\u00e3o f\u00e1ceis de obter. Com uma resili\u00eancia incr\u00edvel, essas m\u00e3es permanecem lutando por direitos, inclus\u00e3o e uma vida melhor para seus filhos.<\/p>\n<p>\u00a0\u00a0\u00a0\u00a0\u00a0\u00c9, pois, diante da dura realidade constatada, que se torna extremamente importante garantir que essas m\u00e3es recebam o apoio necess\u00e1rio de forma r\u00e1pida e sem burocracias excessivas. O acesso facilitado aos benef\u00edcios, sejam eles relacionados \u00e0 sa\u00fade, assist\u00eancia social, educa\u00e7\u00e3o ou suporte financeiro, pode fazer toda a diferen\u00e7a na qualidade de vida delas e de suas fam\u00edlias.<\/p>\n<p>\u00a0\u00a0\u00a0\u00a0\u00a0Tendo em vista, assim, tratar-se de medida apta a promover a justi\u00e7a social, conferindo bem-estar e inclus\u00e3o dessas fam\u00edlias na sociedade, solicita-se a colabora\u00e7\u00e3o de todos os membros desta nobre Casa para aprova\u00e7\u00e3o da presente proposi\u00e7\u00e3o legislativa, dada a sua relev\u00e2ncia e interesse p\u00fablico.<\/article>\n<p><\/p>\n<p style='text-align: center'><a href='https:\/\/app.legislapp.com.br\/#\/busca?termo='><\/a><\/p>\n<p><\/p>\n<article>\u00a0\u00a0\u00a0\u00a0\u00a0Art. 1\u00ba Fica garantido o acesso facilitado aos benef\u00edcios e servi\u00e7os estaduais j\u00e1 existentes \u00e0s m\u00e3es at\u00edpicas em situa\u00e7\u00e3o de vulnerabilidade social, assegurada a prioriza\u00e7\u00e3o no atendimento pelas pol\u00edticas p\u00fablicas do Estado de Pernambuco.<\/p>\n<p>\u00a0\u00a0\u00a0\u00a0\u00a0Par\u00e1grafo \u00fanico. Para fins desta Lei, considera-se m\u00e3e at\u00edpica a mulher que se dedica integralmente ao cuidado de filho ou dependente com defici\u00eancia, doen\u00e7a rara ou condi\u00e7\u00e3o de sa\u00fade que exija cuidados permanentes.<\/p>\n<p>\u00a0\u00a0\u00a0\u00a0\u00a0Art. 2\u00ba Poder\u00e3o requerer o acesso facilitado previsto nesta Lei as m\u00e3es at\u00edpicas que:<\/p>\n<p>\u00a0\u00a0\u00a0\u00a0\u00a0I &#8211; estejam regularmente inscritas no Cadastro \u00danico para Programas Sociais do Governo Federal (Cad\u00danico); e<\/p>\n<p>\u00a0\u00a0\u00a0\u00a0\u00a0II &#8211; apresentem laudo m\u00e9dico que comprove a defici\u00eancia, transtorno ou condi\u00e7\u00e3o de sa\u00fade do dependente, atestando a necessidade de cuidados integrais prestados pela m\u00e3e ou respons\u00e1vel legal.<\/p>\n<p>\u00a0\u00a0\u00a0\u00a0\u00a0\u00a7 1\u00ba O acesso facilitado a que se refere o caput incluir\u00e1 prioridade na an\u00e1lise para a concess\u00e3o de benef\u00edcios estaduais, programas sociais e servi\u00e7os p\u00fablicos.<\/p>\n<p>\u00a0\u00a0\u00a0\u00a0\u00a0\u00a7 2\u00ba A comprova\u00e7\u00e3o da condi\u00e7\u00e3o de cuidadora dever\u00e1 ser atualizada periodicamente, conforme regulamento.<\/p>\n<p>\u00a0\u00a0\u00a0\u00a0\u00a0\u00a7 3\u00ba O acesso garantido por esta Lei ser\u00e1 mantido enquanto perdurar a necessidade de cuidados integrais com o dependente.<\/p>\n<p>\u00a0\u00a0\u00a0\u00a0\u00a0Art. 3\u00ba Para a execu\u00e7\u00e3o dos objetivos desta Lei, poder\u00e3o ser celebrados conv\u00eanios, parcerias ou termos de colabora\u00e7\u00e3o com \u00f3rg\u00e3os da Administra\u00e7\u00e3o P\u00fablica, institui\u00e7\u00f5es do terceiro setor, entidades de classe, empresas e demais colaboradores externos.<\/p>\n<p>\u00a0\u00a0\u00a0\u00a0\u00a0Art. 4\u00ba Caber\u00e1 ao Poder Executivo regulamentar a presente Lei em todos os aspectos necess\u00e1rios para sua efetiva aplica\u00e7\u00e3o.<\/p>\n<p>\u00a0\u00a0\u00a0\u00a0\u00a0Art. 5\u00ba Esta Lei entra em vigor na data de sua publica\u00e7\u00e3o.<\/article>\n<div style=\"text-align: center\">\n<div style=\"margin-bottom: 20px;\" class=\"et_pb_button_module_wrapper et_pb_button_5_tb_body_wrapper et_pb_button_alignment_center et_pb_module \">\n         <a class=\"et_pb_button et_pb_button_5_tb_body et_hover_enabled et_pb_bg_layout_dark\" style=\"width: 50%;background-color: black;\" href=\"https:\/\/app.legislapp.com.br\" target=\"_blank\" rel=\"noopener\">Visualizar completo na nossa plataforma (30 dias gr\u00e1tis)<\/a><\/p><\/div>\n<p>      <a href=\"https:\/\/play.google.com\/store\/apps\/details?id=br.com.legislapp\"><img decoding=\"async\" style=\"width: 15%; min-width: 130px;\" src=\"https:\/\/www.legislapp.com.br\/wp-content\/uploads\/google-play.png\"><\/a><br \/>\n      <a href=\"https:\/\/apps.apple.com\/us\/app\/legislapp\/id1568929859\"><img decoding=\"async\" style=\"width: 15%; min-width: 130px\" src=\"https:\/\/www.legislapp.com.br\/wp-content\/uploads\/apple-store.png\"><\/a>\n   <\/div>\n","protected":false},"excerpt":{"rendered":"<p>C\u00e2m. Legislativa de PE &#8211; Autoria de Delegada Gleide Angelo A proposi\u00e7\u00e3o tem como objetivo fortalecer a legisla\u00e7\u00e3o protetiva das pessoas com defici\u00eancia, ao assegurar o acesso facilitado aos benef\u00edcios estaduais para as m\u00e3es at\u00edpicas. Como \u00e9 consabido, as m\u00e3es de pessoas com defici\u00eancia, doen\u00e7a rara ou condi\u00e7\u00e3o de sa\u00fade que exija dedica\u00e7\u00e3o permanente enfrentam [&hellip;]<\/p>\n","protected":false},"author":1,"featured_media":0,"parent":0,"menu_order":0,"comment_status":"closed","ping_status":"closed","template":"page-template-blank.php","meta":{"_et_pb_use_builder":"","_et_pb_old_content":"","_et_gb_content_width":"1080","ngg_post_thumbnail":0,"footnotes":""},"class_list":["post-7935","page","type-page","status-publish","hentry"],"yoast_head":"<!-- This site is optimized with the Yoast SEO plugin v24.4 - https:\/\/yoast.com\/wordpress\/plugins\/seo\/ -->\n<title>PL 2880\/2025 - Delegada Gleide Angelo - Legislapp<\/title>\n<meta name=\"robots\" content=\"index, follow, max-snippet:-1, max-image-preview:large, max-video-preview:-1\" \/>\n<link rel=\"canonical\" href=\"https:\/\/www.legislapp.com.br\/index.php\/cam-legislativa-de-pe-pl-2880-2025\/\" \/>\n<meta property=\"og:locale\" content=\"pt_BR\" \/>\n<meta property=\"og:type\" content=\"article\" \/>\n<meta property=\"og:title\" content=\"PL 2880\/2025 - Delegada Gleide Angelo - Legislapp\" \/>\n<meta property=\"og:description\" content=\"C\u00e2m. Legislativa de PE &#8211; Autoria de Delegada Gleide Angelo A proposi\u00e7\u00e3o tem como objetivo fortalecer a legisla\u00e7\u00e3o protetiva das pessoas com defici\u00eancia, ao assegurar o acesso facilitado aos benef\u00edcios estaduais para as m\u00e3es at\u00edpicas. Como \u00e9 consabido, as m\u00e3es de pessoas com defici\u00eancia, doen\u00e7a rara ou condi\u00e7\u00e3o de sa\u00fade que exija dedica\u00e7\u00e3o permanente enfrentam [&hellip;]\" \/>\n<meta property=\"og:url\" content=\"https:\/\/www.legislapp.com.br\/index.php\/cam-legislativa-de-pe-pl-2880-2025\/\" \/>\n<meta property=\"og:site_name\" content=\"Legislapp\" \/>\n<meta property=\"article:publisher\" content=\"https:\/\/www.instagram.com\/legislapp\/\" \/>\n<meta property=\"og:image\" content=\"https:\/\/www.alepe.pe.gov.br\/\/wp-content\/uploads\/2019\/02\/GLEIDE-ANGELO-scaled-e1675863599809.jpg\" \/>\n<meta name=\"twitter:card\" content=\"summary_large_image\" \/>\n<meta name=\"twitter:label1\" content=\"Est. tempo de leitura\" \/>\n\t<meta name=\"twitter:data1\" content=\"3 minutos\" \/>\n<script type=\"application\/ld+json\" class=\"yoast-schema-graph\">{\"@context\":\"https:\/\/schema.org\",\"@graph\":[{\"@type\":\"WebPage\",\"@id\":\"https:\/\/www.legislapp.com.br\/index.php\/cam-legislativa-de-pe-pl-2880-2025\/\",\"url\":\"https:\/\/www.legislapp.com.br\/index.php\/cam-legislativa-de-pe-pl-2880-2025\/\",\"name\":\"PL 2880\/2025 - Delegada Gleide Angelo - Legislapp\",\"isPartOf\":{\"@id\":\"https:\/\/www.legislapp.com.br\/#website\"},\"primaryImageOfPage\":{\"@id\":\"https:\/\/www.legislapp.com.br\/index.php\/cam-legislativa-de-pe-pl-2880-2025\/#primaryimage\"},\"image\":{\"@id\":\"https:\/\/www.legislapp.com.br\/index.php\/cam-legislativa-de-pe-pl-2880-2025\/#primaryimage\"},\"thumbnailUrl\":\"https:\/\/www.alepe.pe.gov.br\/\/wp-content\/uploads\/2019\/02\/GLEIDE-ANGELO-scaled-e1675863599809.jpg\",\"datePublished\":\"2025-09-17T16:58:42+00:00\",\"breadcrumb\":{\"@id\":\"https:\/\/www.legislapp.com.br\/index.php\/cam-legislativa-de-pe-pl-2880-2025\/#breadcrumb\"},\"inLanguage\":\"pt-BR\",\"potentialAction\":[{\"@type\":\"ReadAction\",\"target\":[\"https:\/\/www.legislapp.com.br\/index.php\/cam-legislativa-de-pe-pl-2880-2025\/\"]}]},{\"@type\":\"ImageObject\",\"inLanguage\":\"pt-BR\",\"@id\":\"https:\/\/www.legislapp.com.br\/index.php\/cam-legislativa-de-pe-pl-2880-2025\/#primaryimage\",\"url\":\"https:\/\/www.alepe.pe.gov.br\/\/wp-content\/uploads\/2019\/02\/GLEIDE-ANGELO-scaled-e1675863599809.jpg\",\"contentUrl\":\"https:\/\/www.alepe.pe.gov.br\/\/wp-content\/uploads\/2019\/02\/GLEIDE-ANGELO-scaled-e1675863599809.jpg\"},{\"@type\":\"BreadcrumbList\",\"@id\":\"https:\/\/www.legislapp.com.br\/index.php\/cam-legislativa-de-pe-pl-2880-2025\/#breadcrumb\",\"itemListElement\":[{\"@type\":\"ListItem\",\"position\":1,\"name\":\"In\u00edcio\",\"item\":\"https:\/\/www.legislapp.com.br\/\"},{\"@type\":\"ListItem\",\"position\":2,\"name\":\"PL 2880\/2025 &#8211; Delegada Gleide Angelo\"}]},{\"@type\":\"WebSite\",\"@id\":\"https:\/\/www.legislapp.com.br\/#website\",\"url\":\"https:\/\/www.legislapp.com.br\/\",\"name\":\"Legislapp\",\"description\":\"Intelig\u00eancia governamental em tempo real\",\"publisher\":{\"@id\":\"https:\/\/www.legislapp.com.br\/#organization\"},\"potentialAction\":[{\"@type\":\"SearchAction\",\"target\":{\"@type\":\"EntryPoint\",\"urlTemplate\":\"https:\/\/www.legislapp.com.br\/?s={search_term_string}\"},\"query-input\":{\"@type\":\"PropertyValueSpecification\",\"valueRequired\":true,\"valueName\":\"search_term_string\"}}],\"inLanguage\":\"pt-BR\"},{\"@type\":\"Organization\",\"@id\":\"https:\/\/www.legislapp.com.br\/#organization\",\"name\":\"Legislapp Monitoramento e Intelig\u00eancia Governamental\",\"url\":\"https:\/\/www.legislapp.com.br\/\",\"logo\":{\"@type\":\"ImageObject\",\"inLanguage\":\"pt-BR\",\"@id\":\"https:\/\/www.legislapp.com.br\/#\/schema\/logo\/image\/\",\"url\":\"https:\/\/www.legislapp.com.br\/wp-content\/uploads\/icon.png\",\"contentUrl\":\"https:\/\/www.legislapp.com.br\/wp-content\/uploads\/icon.png\",\"width\":1024,\"height\":1024,\"caption\":\"Legislapp Monitoramento e Intelig\u00eancia Governamental\"},\"image\":{\"@id\":\"https:\/\/www.legislapp.com.br\/#\/schema\/logo\/image\/\"},\"sameAs\":[\"https:\/\/www.instagram.com\/legislapp\/\"]}]}<\/script>\n<!-- \/ Yoast SEO plugin. -->","yoast_head_json":{"title":"PL 2880\/2025 - Delegada Gleide Angelo - Legislapp","robots":{"index":"index","follow":"follow","max-snippet":"max-snippet:-1","max-image-preview":"max-image-preview:large","max-video-preview":"max-video-preview:-1"},"canonical":"https:\/\/www.legislapp.com.br\/index.php\/cam-legislativa-de-pe-pl-2880-2025\/","og_locale":"pt_BR","og_type":"article","og_title":"PL 2880\/2025 - Delegada Gleide Angelo - Legislapp","og_description":"C\u00e2m. Legislativa de PE &#8211; Autoria de Delegada Gleide Angelo A proposi\u00e7\u00e3o tem como objetivo fortalecer a legisla\u00e7\u00e3o protetiva das pessoas com defici\u00eancia, ao assegurar o acesso facilitado aos benef\u00edcios estaduais para as m\u00e3es at\u00edpicas. Como \u00e9 consabido, as m\u00e3es de pessoas com defici\u00eancia, doen\u00e7a rara ou condi\u00e7\u00e3o de sa\u00fade que exija dedica\u00e7\u00e3o permanente enfrentam [&hellip;]","og_url":"https:\/\/www.legislapp.com.br\/index.php\/cam-legislativa-de-pe-pl-2880-2025\/","og_site_name":"Legislapp","article_publisher":"https:\/\/www.instagram.com\/legislapp\/","og_image":[{"url":"https:\/\/www.alepe.pe.gov.br\/\/wp-content\/uploads\/2019\/02\/GLEIDE-ANGELO-scaled-e1675863599809.jpg","type":"","width":"","height":""}],"twitter_card":"summary_large_image","twitter_misc":{"Est. tempo de leitura":"3 minutos"},"schema":{"@context":"https:\/\/schema.org","@graph":[{"@type":"WebPage","@id":"https:\/\/www.legislapp.com.br\/index.php\/cam-legislativa-de-pe-pl-2880-2025\/","url":"https:\/\/www.legislapp.com.br\/index.php\/cam-legislativa-de-pe-pl-2880-2025\/","name":"PL 2880\/2025 - Delegada Gleide Angelo - Legislapp","isPartOf":{"@id":"https:\/\/www.legislapp.com.br\/#website"},"primaryImageOfPage":{"@id":"https:\/\/www.legislapp.com.br\/index.php\/cam-legislativa-de-pe-pl-2880-2025\/#primaryimage"},"image":{"@id":"https:\/\/www.legislapp.com.br\/index.php\/cam-legislativa-de-pe-pl-2880-2025\/#primaryimage"},"thumbnailUrl":"https:\/\/www.alepe.pe.gov.br\/\/wp-content\/uploads\/2019\/02\/GLEIDE-ANGELO-scaled-e1675863599809.jpg","datePublished":"2025-09-17T16:58:42+00:00","breadcrumb":{"@id":"https:\/\/www.legislapp.com.br\/index.php\/cam-legislativa-de-pe-pl-2880-2025\/#breadcrumb"},"inLanguage":"pt-BR","potentialAction":[{"@type":"ReadAction","target":["https:\/\/www.legislapp.com.br\/index.php\/cam-legislativa-de-pe-pl-2880-2025\/"]}]},{"@type":"ImageObject","inLanguage":"pt-BR","@id":"https:\/\/www.legislapp.com.br\/index.php\/cam-legislativa-de-pe-pl-2880-2025\/#primaryimage","url":"https:\/\/www.alepe.pe.gov.br\/\/wp-content\/uploads\/2019\/02\/GLEIDE-ANGELO-scaled-e1675863599809.jpg","contentUrl":"https:\/\/www.alepe.pe.gov.br\/\/wp-content\/uploads\/2019\/02\/GLEIDE-ANGELO-scaled-e1675863599809.jpg"},{"@type":"BreadcrumbList","@id":"https:\/\/www.legislapp.com.br\/index.php\/cam-legislativa-de-pe-pl-2880-2025\/#breadcrumb","itemListElement":[{"@type":"ListItem","position":1,"name":"In\u00edcio","item":"https:\/\/www.legislapp.com.br\/"},{"@type":"ListItem","position":2,"name":"PL 2880\/2025 &#8211; Delegada Gleide Angelo"}]},{"@type":"WebSite","@id":"https:\/\/www.legislapp.com.br\/#website","url":"https:\/\/www.legislapp.com.br\/","name":"Legislapp","description":"Intelig\u00eancia governamental em tempo real","publisher":{"@id":"https:\/\/www.legislapp.com.br\/#organization"},"potentialAction":[{"@type":"SearchAction","target":{"@type":"EntryPoint","urlTemplate":"https:\/\/www.legislapp.com.br\/?s={search_term_string}"},"query-input":{"@type":"PropertyValueSpecification","valueRequired":true,"valueName":"search_term_string"}}],"inLanguage":"pt-BR"},{"@type":"Organization","@id":"https:\/\/www.legislapp.com.br\/#organization","name":"Legislapp Monitoramento e Intelig\u00eancia Governamental","url":"https:\/\/www.legislapp.com.br\/","logo":{"@type":"ImageObject","inLanguage":"pt-BR","@id":"https:\/\/www.legislapp.com.br\/#\/schema\/logo\/image\/","url":"https:\/\/www.legislapp.com.br\/wp-content\/uploads\/icon.png","contentUrl":"https:\/\/www.legislapp.com.br\/wp-content\/uploads\/icon.png","width":1024,"height":1024,"caption":"Legislapp Monitoramento e Intelig\u00eancia Governamental"},"image":{"@id":"https:\/\/www.legislapp.com.br\/#\/schema\/logo\/image\/"},"sameAs":["https:\/\/www.instagram.com\/legislapp\/"]}]}},"_links":{"self":[{"href":"https:\/\/www.legislapp.com.br\/index.php\/wp-json\/wp\/v2\/pages\/7935","targetHints":{"allow":["GET"]}}],"collection":[{"href":"https:\/\/www.legislapp.com.br\/index.php\/wp-json\/wp\/v2\/pages"}],"about":[{"href":"https:\/\/www.legislapp.com.br\/index.php\/wp-json\/wp\/v2\/types\/page"}],"author":[{"embeddable":true,"href":"https:\/\/www.legislapp.com.br\/index.php\/wp-json\/wp\/v2\/users\/1"}],"replies":[{"embeddable":true,"href":"https:\/\/www.legislapp.com.br\/index.php\/wp-json\/wp\/v2\/comments?post=7935"}],"version-history":[{"count":0,"href":"https:\/\/www.legislapp.com.br\/index.php\/wp-json\/wp\/v2\/pages\/7935\/revisions"}],"wp:attachment":[{"href":"https:\/\/www.legislapp.com.br\/index.php\/wp-json\/wp\/v2\/media?parent=7935"}],"curies":[{"name":"wp","href":"https:\/\/api.w.org\/{rel}","templated":true}]}}