{"id":7938,"date":"2025-09-17T13:58:51","date_gmt":"2025-09-17T16:58:51","guid":{"rendered":"https:\/\/www.legislapp.com.br\/index.php\/cam-legislativa-de-pe-pl-2879-2025\/"},"modified":"2025-09-17T13:58:51","modified_gmt":"2025-09-17T16:58:51","slug":"cam-legislativa-de-pe-pl-2879-2025","status":"publish","type":"page","link":"https:\/\/www.legislapp.com.br\/index.php\/cam-legislativa-de-pe-pl-2879-2025\/","title":{"rendered":"PL 2879\/2025 &#8211; Delegada Gleide Angelo"},"content":{"rendered":"<h1 style='text-align: center;'>C\u00e2m. Legislativa de PE &#8211; Autoria de Delegada Gleide Angelo<br \/><img src='https:\/\/www.alepe.pe.gov.br\/\/wp-content\/uploads\/2019\/02\/GLEIDE-ANGELO-scaled-e1675863599809.jpg' alt='Delegada Gleide Angelo' \/><\/h3>\n<p><\/p>\n<article style='text-align: center'>O presente projeto tem por intuito promover altera\u00e7\u00e3o na Lei n\u00ba 18.497, de11 de mar\u00e7o de 2024, que institui a Pol\u00edtica Estadual de Apoio e Incentivo \u00e0s mulheres no Esporte no Estado de Pernambuco.<\/p>\n<p>\u00a0\u00a0\u00a0\u00a0\u00a0A modifica\u00e7\u00e3o pretendida visa, basicamente, prever linhas de a\u00e7\u00e3o voltadas para a valoriza\u00e7\u00e3o das mulheres nas artes marciais e para o fomento ao ensino de defesa pessoal, como forma de trazer efetividade para a a\u00e7\u00e3o prevista no inciso II, do art. 4\u00ba, relacionada \u00e0 preven\u00e7\u00e3o e ao combate da viol\u00eancia contra mulheres e meninas atletas.<\/p>\n<p>\u00a0\u00a0\u00a0Nesse sentido, a atualiza\u00e7\u00e3o legal encontra embasamento no princ\u00edpio da dignidade da pessoa humana e da isonomia, nos termos do art. 1\u00ba, III e art. 5\u00ba, I, do Texto Constitucional. Ademais, do ponto de vista da constitucionalidade formal, a mat\u00e9ria se insere na compet\u00eancia legislativa residual dos estados membros, conforme art. 25, \u00a71\u00ba, da Carta Magna.<\/p>\n<p>\u00a0\u00a0\u00a0Al\u00e9m disso, n\u00e3o existem \u00f3bices para a deflagra\u00e7\u00e3o do processo legislativo pela via parlamentar, pois a mat\u00e9ria n\u00e3o se enquadra nas hip\u00f3teses de iniciativa do Governador do Estado (art. 19, \u00a7 1\u00ba, da Constitui\u00e7\u00e3o Estadual c\/c entendimento do STF proferido no RE n\u00ba 573.040\/SP).<\/p>\n<p>\u00a0\u00a0\u00a0Diante do exposto, solicito o valoroso apoio dos Nobres Parlamentares da Assembleia Legislativa.<\/article>\n<p><\/p>\n<p style='text-align: center'><a href='https:\/\/app.legislapp.com.br\/#\/busca?termo='><\/a><\/p>\n<p><\/p>\n<article>\u00a0\u00a0\u00a0\u00a0\u00a0Art. 1\u00ba O art. 4\u00ba da Lei n\u00ba 18.497, de 11 de mar\u00e7o de 2024, passa a vigorar com os seguintes acr\u00e9scimos:<\/p>\n<p>\u201cArt. 4\u00ba &#8230;&#8230;&#8230;&#8230;&#8230;&#8230;&#8230;&#8230;&#8230;&#8230;&#8230;&#8230;&#8230;&#8230;&#8230;&#8230;&#8230;&#8230;&#8230;&#8230;&#8230;&#8230;&#8230;&#8230;&#8230;<\/p>\n<p>&#8230;&#8230;&#8230;&#8230;&#8230;&#8230;&#8230;&#8230;&#8230;&#8230;&#8230;&#8230;&#8230;&#8230;&#8230;&#8230;&#8230;&#8230;&#8230;&#8230;&#8230;&#8230;&#8230;&#8230;&#8230;&#8230;&#8230;&#8230;&#8230;.<\/p>\n<p>Par\u00e1grafo \u00fanico. Para fins do disposto no inciso II do caput deste artigo, dever\u00e1 ser promovida a valoriza\u00e7\u00e3o das mulheres nas artes marciais e o fomento ao ensino de defesa pessoal, atrav\u00e9s das seguintes linhas de a\u00e7\u00e3o: (AC)<\/p>\n<p>I &#8211; reconhecer e valorizar a participa\u00e7\u00e3o das mulheres nas artes marciais, incentivando sua representa\u00e7\u00e3o e visibilidade no esporte; (AC)<\/p>\n<p>II &#8211; fomentar o ensino e a pr\u00e1tica de defesa pessoal para mulheres, com a promo\u00e7\u00e3o de cursos atrav\u00e9s da celebra\u00e7\u00e3o de parcerias entre \u00f3rg\u00e3os p\u00fablicos estaduais e entidades privadas; (AC)<\/p>\n<p>III &#8211; estimular parcerias entre o poder p\u00fablico e entidades esportivas, acad\u00eamicas e comunit\u00e1rias para a realiza\u00e7\u00e3o de programas de incentivo \u00e0s artes marciais; e (AC)<\/p>\n<p>IV &#8211; promover campanhas educativas sobre a import\u00e2ncia da defesa pessoal e da pr\u00e1tica esportiva para o bem-estar e seguran\u00e7a das mulheres.&#8221; (AC)<\/p>\n<p>\u00a0\u00a0\u00a0\u00a0\u00a0Art. 2\u00ba Esta Lei entra em vigor na data de sua publica\u00e7\u00e3o.<\/article>\n<div style=\"text-align: center\">\n<div style=\"margin-bottom: 20px;\" class=\"et_pb_button_module_wrapper et_pb_button_5_tb_body_wrapper et_pb_button_alignment_center et_pb_module \">\n         <a class=\"et_pb_button et_pb_button_5_tb_body et_hover_enabled et_pb_bg_layout_dark\" style=\"width: 50%;background-color: black;\" href=\"https:\/\/app.legislapp.com.br\" target=\"_blank\" rel=\"noopener\">Visualizar completo na nossa plataforma (30 dias gr\u00e1tis)<\/a><\/p><\/div>\n<p>      <a href=\"https:\/\/play.google.com\/store\/apps\/details?id=br.com.legislapp\"><img decoding=\"async\" style=\"width: 15%; min-width: 130px;\" src=\"https:\/\/www.legislapp.com.br\/wp-content\/uploads\/google-play.png\"><\/a><br \/>\n      <a href=\"https:\/\/apps.apple.com\/us\/app\/legislapp\/id1568929859\"><img decoding=\"async\" style=\"width: 15%; min-width: 130px\" src=\"https:\/\/www.legislapp.com.br\/wp-content\/uploads\/apple-store.png\"><\/a>\n   <\/div>\n","protected":false},"excerpt":{"rendered":"<p>C\u00e2m. Legislativa de PE &#8211; Autoria de Delegada Gleide Angelo O presente projeto tem por intuito promover altera\u00e7\u00e3o na Lei n\u00ba 18.497, de11 de mar\u00e7o de 2024, que institui a Pol\u00edtica Estadual de Apoio e Incentivo \u00e0s mulheres no Esporte no Estado de Pernambuco. \u00a0\u00a0\u00a0\u00a0\u00a0A modifica\u00e7\u00e3o pretendida visa, basicamente, prever linhas de a\u00e7\u00e3o voltadas para [&hellip;]<\/p>\n","protected":false},"author":1,"featured_media":0,"parent":0,"menu_order":0,"comment_status":"closed","ping_status":"closed","template":"page-template-blank.php","meta":{"_et_pb_use_builder":"","_et_pb_old_content":"","_et_gb_content_width":"1080","ngg_post_thumbnail":0,"footnotes":""},"class_list":["post-7938","page","type-page","status-publish","hentry"],"yoast_head":"<!-- This site is optimized with the Yoast SEO plugin v24.4 - https:\/\/yoast.com\/wordpress\/plugins\/seo\/ -->\n<title>PL 2879\/2025 - Delegada Gleide Angelo - Legislapp<\/title>\n<meta name=\"robots\" content=\"index, follow, max-snippet:-1, max-image-preview:large, max-video-preview:-1\" \/>\n<link rel=\"canonical\" href=\"https:\/\/www.legislapp.com.br\/index.php\/cam-legislativa-de-pe-pl-2879-2025\/\" \/>\n<meta property=\"og:locale\" content=\"pt_BR\" \/>\n<meta property=\"og:type\" content=\"article\" \/>\n<meta property=\"og:title\" content=\"PL 2879\/2025 - Delegada Gleide Angelo - Legislapp\" \/>\n<meta property=\"og:description\" content=\"C\u00e2m. Legislativa de PE &#8211; Autoria de Delegada Gleide Angelo O presente projeto tem por intuito promover altera\u00e7\u00e3o na Lei n\u00ba 18.497, de11 de mar\u00e7o de 2024, que institui a Pol\u00edtica Estadual de Apoio e Incentivo \u00e0s mulheres no Esporte no Estado de Pernambuco. \u00a0\u00a0\u00a0\u00a0\u00a0A modifica\u00e7\u00e3o pretendida visa, basicamente, prever linhas de a\u00e7\u00e3o voltadas para [&hellip;]\" \/>\n<meta property=\"og:url\" content=\"https:\/\/www.legislapp.com.br\/index.php\/cam-legislativa-de-pe-pl-2879-2025\/\" \/>\n<meta property=\"og:site_name\" content=\"Legislapp\" \/>\n<meta property=\"article:publisher\" content=\"https:\/\/www.instagram.com\/legislapp\/\" \/>\n<meta property=\"og:image\" content=\"https:\/\/www.alepe.pe.gov.br\/\/wp-content\/uploads\/2019\/02\/GLEIDE-ANGELO-scaled-e1675863599809.jpg\" \/>\n<meta name=\"twitter:card\" content=\"summary_large_image\" \/>\n<meta name=\"twitter:label1\" content=\"Est. tempo de leitura\" \/>\n\t<meta name=\"twitter:data1\" content=\"2 minutos\" \/>\n<script type=\"application\/ld+json\" class=\"yoast-schema-graph\">{\"@context\":\"https:\/\/schema.org\",\"@graph\":[{\"@type\":\"WebPage\",\"@id\":\"https:\/\/www.legislapp.com.br\/index.php\/cam-legislativa-de-pe-pl-2879-2025\/\",\"url\":\"https:\/\/www.legislapp.com.br\/index.php\/cam-legislativa-de-pe-pl-2879-2025\/\",\"name\":\"PL 2879\/2025 - Delegada Gleide Angelo - Legislapp\",\"isPartOf\":{\"@id\":\"https:\/\/www.legislapp.com.br\/#website\"},\"primaryImageOfPage\":{\"@id\":\"https:\/\/www.legislapp.com.br\/index.php\/cam-legislativa-de-pe-pl-2879-2025\/#primaryimage\"},\"image\":{\"@id\":\"https:\/\/www.legislapp.com.br\/index.php\/cam-legislativa-de-pe-pl-2879-2025\/#primaryimage\"},\"thumbnailUrl\":\"https:\/\/www.alepe.pe.gov.br\/\/wp-content\/uploads\/2019\/02\/GLEIDE-ANGELO-scaled-e1675863599809.jpg\",\"datePublished\":\"2025-09-17T16:58:51+00:00\",\"breadcrumb\":{\"@id\":\"https:\/\/www.legislapp.com.br\/index.php\/cam-legislativa-de-pe-pl-2879-2025\/#breadcrumb\"},\"inLanguage\":\"pt-BR\",\"potentialAction\":[{\"@type\":\"ReadAction\",\"target\":[\"https:\/\/www.legislapp.com.br\/index.php\/cam-legislativa-de-pe-pl-2879-2025\/\"]}]},{\"@type\":\"ImageObject\",\"inLanguage\":\"pt-BR\",\"@id\":\"https:\/\/www.legislapp.com.br\/index.php\/cam-legislativa-de-pe-pl-2879-2025\/#primaryimage\",\"url\":\"https:\/\/www.alepe.pe.gov.br\/\/wp-content\/uploads\/2019\/02\/GLEIDE-ANGELO-scaled-e1675863599809.jpg\",\"contentUrl\":\"https:\/\/www.alepe.pe.gov.br\/\/wp-content\/uploads\/2019\/02\/GLEIDE-ANGELO-scaled-e1675863599809.jpg\"},{\"@type\":\"BreadcrumbList\",\"@id\":\"https:\/\/www.legislapp.com.br\/index.php\/cam-legislativa-de-pe-pl-2879-2025\/#breadcrumb\",\"itemListElement\":[{\"@type\":\"ListItem\",\"position\":1,\"name\":\"In\u00edcio\",\"item\":\"https:\/\/www.legislapp.com.br\/\"},{\"@type\":\"ListItem\",\"position\":2,\"name\":\"PL 2879\/2025 &#8211; Delegada Gleide Angelo\"}]},{\"@type\":\"WebSite\",\"@id\":\"https:\/\/www.legislapp.com.br\/#website\",\"url\":\"https:\/\/www.legislapp.com.br\/\",\"name\":\"Legislapp\",\"description\":\"Intelig\u00eancia governamental em tempo real\",\"publisher\":{\"@id\":\"https:\/\/www.legislapp.com.br\/#organization\"},\"potentialAction\":[{\"@type\":\"SearchAction\",\"target\":{\"@type\":\"EntryPoint\",\"urlTemplate\":\"https:\/\/www.legislapp.com.br\/?s={search_term_string}\"},\"query-input\":{\"@type\":\"PropertyValueSpecification\",\"valueRequired\":true,\"valueName\":\"search_term_string\"}}],\"inLanguage\":\"pt-BR\"},{\"@type\":\"Organization\",\"@id\":\"https:\/\/www.legislapp.com.br\/#organization\",\"name\":\"Legislapp Monitoramento e Intelig\u00eancia Governamental\",\"url\":\"https:\/\/www.legislapp.com.br\/\",\"logo\":{\"@type\":\"ImageObject\",\"inLanguage\":\"pt-BR\",\"@id\":\"https:\/\/www.legislapp.com.br\/#\/schema\/logo\/image\/\",\"url\":\"https:\/\/www.legislapp.com.br\/wp-content\/uploads\/icon.png\",\"contentUrl\":\"https:\/\/www.legislapp.com.br\/wp-content\/uploads\/icon.png\",\"width\":1024,\"height\":1024,\"caption\":\"Legislapp Monitoramento e Intelig\u00eancia Governamental\"},\"image\":{\"@id\":\"https:\/\/www.legislapp.com.br\/#\/schema\/logo\/image\/\"},\"sameAs\":[\"https:\/\/www.instagram.com\/legislapp\/\"]}]}<\/script>\n<!-- \/ Yoast SEO plugin. -->","yoast_head_json":{"title":"PL 2879\/2025 - Delegada Gleide Angelo - Legislapp","robots":{"index":"index","follow":"follow","max-snippet":"max-snippet:-1","max-image-preview":"max-image-preview:large","max-video-preview":"max-video-preview:-1"},"canonical":"https:\/\/www.legislapp.com.br\/index.php\/cam-legislativa-de-pe-pl-2879-2025\/","og_locale":"pt_BR","og_type":"article","og_title":"PL 2879\/2025 - Delegada Gleide Angelo - Legislapp","og_description":"C\u00e2m. Legislativa de PE &#8211; Autoria de Delegada Gleide Angelo O presente projeto tem por intuito promover altera\u00e7\u00e3o na Lei n\u00ba 18.497, de11 de mar\u00e7o de 2024, que institui a Pol\u00edtica Estadual de Apoio e Incentivo \u00e0s mulheres no Esporte no Estado de Pernambuco. \u00a0\u00a0\u00a0\u00a0\u00a0A modifica\u00e7\u00e3o pretendida visa, basicamente, prever linhas de a\u00e7\u00e3o voltadas para [&hellip;]","og_url":"https:\/\/www.legislapp.com.br\/index.php\/cam-legislativa-de-pe-pl-2879-2025\/","og_site_name":"Legislapp","article_publisher":"https:\/\/www.instagram.com\/legislapp\/","og_image":[{"url":"https:\/\/www.alepe.pe.gov.br\/\/wp-content\/uploads\/2019\/02\/GLEIDE-ANGELO-scaled-e1675863599809.jpg","type":"","width":"","height":""}],"twitter_card":"summary_large_image","twitter_misc":{"Est. tempo de leitura":"2 minutos"},"schema":{"@context":"https:\/\/schema.org","@graph":[{"@type":"WebPage","@id":"https:\/\/www.legislapp.com.br\/index.php\/cam-legislativa-de-pe-pl-2879-2025\/","url":"https:\/\/www.legislapp.com.br\/index.php\/cam-legislativa-de-pe-pl-2879-2025\/","name":"PL 2879\/2025 - Delegada Gleide Angelo - Legislapp","isPartOf":{"@id":"https:\/\/www.legislapp.com.br\/#website"},"primaryImageOfPage":{"@id":"https:\/\/www.legislapp.com.br\/index.php\/cam-legislativa-de-pe-pl-2879-2025\/#primaryimage"},"image":{"@id":"https:\/\/www.legislapp.com.br\/index.php\/cam-legislativa-de-pe-pl-2879-2025\/#primaryimage"},"thumbnailUrl":"https:\/\/www.alepe.pe.gov.br\/\/wp-content\/uploads\/2019\/02\/GLEIDE-ANGELO-scaled-e1675863599809.jpg","datePublished":"2025-09-17T16:58:51+00:00","breadcrumb":{"@id":"https:\/\/www.legislapp.com.br\/index.php\/cam-legislativa-de-pe-pl-2879-2025\/#breadcrumb"},"inLanguage":"pt-BR","potentialAction":[{"@type":"ReadAction","target":["https:\/\/www.legislapp.com.br\/index.php\/cam-legislativa-de-pe-pl-2879-2025\/"]}]},{"@type":"ImageObject","inLanguage":"pt-BR","@id":"https:\/\/www.legislapp.com.br\/index.php\/cam-legislativa-de-pe-pl-2879-2025\/#primaryimage","url":"https:\/\/www.alepe.pe.gov.br\/\/wp-content\/uploads\/2019\/02\/GLEIDE-ANGELO-scaled-e1675863599809.jpg","contentUrl":"https:\/\/www.alepe.pe.gov.br\/\/wp-content\/uploads\/2019\/02\/GLEIDE-ANGELO-scaled-e1675863599809.jpg"},{"@type":"BreadcrumbList","@id":"https:\/\/www.legislapp.com.br\/index.php\/cam-legislativa-de-pe-pl-2879-2025\/#breadcrumb","itemListElement":[{"@type":"ListItem","position":1,"name":"In\u00edcio","item":"https:\/\/www.legislapp.com.br\/"},{"@type":"ListItem","position":2,"name":"PL 2879\/2025 &#8211; Delegada Gleide Angelo"}]},{"@type":"WebSite","@id":"https:\/\/www.legislapp.com.br\/#website","url":"https:\/\/www.legislapp.com.br\/","name":"Legislapp","description":"Intelig\u00eancia governamental em tempo real","publisher":{"@id":"https:\/\/www.legislapp.com.br\/#organization"},"potentialAction":[{"@type":"SearchAction","target":{"@type":"EntryPoint","urlTemplate":"https:\/\/www.legislapp.com.br\/?s={search_term_string}"},"query-input":{"@type":"PropertyValueSpecification","valueRequired":true,"valueName":"search_term_string"}}],"inLanguage":"pt-BR"},{"@type":"Organization","@id":"https:\/\/www.legislapp.com.br\/#organization","name":"Legislapp Monitoramento e Intelig\u00eancia Governamental","url":"https:\/\/www.legislapp.com.br\/","logo":{"@type":"ImageObject","inLanguage":"pt-BR","@id":"https:\/\/www.legislapp.com.br\/#\/schema\/logo\/image\/","url":"https:\/\/www.legislapp.com.br\/wp-content\/uploads\/icon.png","contentUrl":"https:\/\/www.legislapp.com.br\/wp-content\/uploads\/icon.png","width":1024,"height":1024,"caption":"Legislapp Monitoramento e Intelig\u00eancia Governamental"},"image":{"@id":"https:\/\/www.legislapp.com.br\/#\/schema\/logo\/image\/"},"sameAs":["https:\/\/www.instagram.com\/legislapp\/"]}]}},"_links":{"self":[{"href":"https:\/\/www.legislapp.com.br\/index.php\/wp-json\/wp\/v2\/pages\/7938","targetHints":{"allow":["GET"]}}],"collection":[{"href":"https:\/\/www.legislapp.com.br\/index.php\/wp-json\/wp\/v2\/pages"}],"about":[{"href":"https:\/\/www.legislapp.com.br\/index.php\/wp-json\/wp\/v2\/types\/page"}],"author":[{"embeddable":true,"href":"https:\/\/www.legislapp.com.br\/index.php\/wp-json\/wp\/v2\/users\/1"}],"replies":[{"embeddable":true,"href":"https:\/\/www.legislapp.com.br\/index.php\/wp-json\/wp\/v2\/comments?post=7938"}],"version-history":[{"count":0,"href":"https:\/\/www.legislapp.com.br\/index.php\/wp-json\/wp\/v2\/pages\/7938\/revisions"}],"wp:attachment":[{"href":"https:\/\/www.legislapp.com.br\/index.php\/wp-json\/wp\/v2\/media?parent=7938"}],"curies":[{"name":"wp","href":"https:\/\/api.w.org\/{rel}","templated":true}]}}