{"id":7975,"date":"2025-09-17T14:00:54","date_gmt":"2025-09-17T17:00:54","guid":{"rendered":"https:\/\/www.legislapp.com.br\/index.php\/cam-legislativa-de-mg-pl-3677-2025\/"},"modified":"2025-09-17T14:00:54","modified_gmt":"2025-09-17T17:00:54","slug":"cam-legislativa-de-mg-pl-3677-2025","status":"publish","type":"page","link":"https:\/\/www.legislapp.com.br\/index.php\/cam-legislativa-de-mg-pl-3677-2025\/","title":{"rendered":"PL 3677\/2025 &#8211; Deputados"},"content":{"rendered":"<h1 style='text-align: center;'>C\u00e2m. Legislativa de MG &#8211; Autoria de Deputados<\/h3>\n<p><\/p>\n<article style='text-align: center'>Reconhece como de relevante interesse cultural do Estado a comunidade<br \/>\nquilombola de S\u00e3o Benedito do Girau, localizada no Munic\u00edpio de Ara\u00e7ua\u00ed,<br \/>\ne suas festividades.<\/article>\n<p><\/p>\n<p style='text-align: center'><a href='https:\/\/app.legislapp.com.br\/#\/busca?termo='><\/a><\/p>\n<p><\/p>\n<article>Reconhece como de relevante interesse cultural do Estado a Comunidade Quilombola de S\u00e3o Benedito do Girau e suas festividades, localizada no Munic\u00edpio de Ara\u00e7ua\u00ed.<br \/>\nA Assembleia Legislativa do Estado de Minas Gerais decreta:<br \/>\nArt. 1\u00ba \u2013 1\u00ba Fica reconhecido como de relevante interesse cultural do Estado, nos termos da Lei n\u00ba 24.219, de 15 de julho de 2022, a Comunidade Quilombola de S\u00e3o Benedito do Girau e suas festividades, localizada no Munic\u00edpio de Ara\u00e7ua\u00ed.<br \/>\nArt. 2\u00ba \u2013 O reconhecimento de que trata esta lei, conforme disp\u00f5e o art. 2\u00ba da Lei n\u00ba 24.219, de 2022, tem por objetivo valorizar bens, express\u00f5es e manifesta\u00e7\u00f5es culturais dos diferentes grupos formadores da sociedade mineira.<br \/>\nArt. 3\u00ba \u2013 Esta lei entra em vigor na data de sua publica\u00e7\u00e3o.<br \/>\nSala das Reuni\u00f5es, 1\u00ba de abril de 2025.<br \/>\nAndr\u00e9ia de Jesus (PT), vice-presidenta da Comiss\u00e3o de Cultura.<br \/>\nJustifica\u00e7\u00e3o: A Comunidade Quilombola de S\u00e3o Benedito do Girau, localizada no munic\u00edpio de Ara\u00e7ua\u00ed, representa um dos mais significativos exemplos da resist\u00eancia e preserva\u00e7\u00e3o da cultura afro-brasileira em Minas Gerais. Sua hist\u00f3ria remonta ao s\u00e9culo XIX e se mant\u00e9m viva por meio da transmiss\u00e3o intergeracional de saberes e pr\u00e1ticas culturais, religiosas e sociais. As festividades realizadas pela comunidade, como a Folia de Reis e as celebra\u00e7\u00f5es em homenagem a S\u00e3o Benedito, s\u00e3o express\u00f5es fundamentais do patrim\u00f4nio imaterial mineiro e nacional.<br \/>\nA Folia de Reis re\u00fane anualmente centenas de pessoas das comunidades quilombolas e n\u00e3o quilombolas da regi\u00e3o do Vale do Jequitinhonha, tradicional h\u00e1 mais de 60 anos o movimento na tradi\u00e7\u00e3o religiosa de rezas, c\u00e2nticos, prociss\u00f5es e visitas \u00e0s casas da comunidade. \u00c9 uma das poucas folias que ainda acontecem no munic\u00edpio e que guarda a tradi\u00e7\u00e3o secular mantida pelos foli\u00f5es. A folia traz al\u00e9m das ra\u00edzes culturais a uni\u00e3o dos seus membros na confec\u00e7\u00e3o dos instrumentos musicais e dos trajes utilizados.<br \/>\nAl\u00e9m da Folia de Reis, a comunidade \u00e9 respons\u00e1vel pela manuten\u00e7\u00e3o de diversas express\u00f5es culturais, como a Festa de S\u00e3o Benedito, padroeiro da comunidade que \u00e9 celebrado como s\u00edmbolo da resist\u00eancia e da fartura de alimentos.<br \/>\nA festividade de S\u00e3o Benedito movimenta, inclusive, financeiramente a comunidade com a venda de objetos sagrados e quitandas produzidos dentro do quilombo que s\u00e3o um momento de comunh\u00e3o na comunidade para a extra\u00e7\u00e3o da mandioca e a produ\u00e7\u00e3o de farinha, bij\u00fa e goma. Esses produtos s\u00e3o vendidos nas quermesses e em toda regi\u00e3o do Vale do Jequitinhonha.<br \/>\nTornando a colheita da mandioca um evento de troca e partilha na comunidade, conhecido com Farinhada, produ\u00e7\u00e3o agr\u00edcola que movimenta a economia da comunidade gerando emprego e renda.<br \/>\nS\u00e3o Benedito \u00e9 dos poucos santos negros reconhecido pela Igreja Cat\u00f3lica Apost\u00f3lica Romana e no per\u00edodo da escravid\u00e3o foi um santo sincretizado com o Orix\u00e1 Oxossi, assim unindo a pluralidade de f\u00e9 e comunh\u00e3o na comunidade.<br \/>\nO reconhecimento da Comunidade Quilombola de S\u00e3o Bendito do Girau como de relevante interesse cultural pelo Estado contribui para a valoriza\u00e7\u00e3o e prote\u00e7\u00e3o desse patrim\u00f4nio, fortalecendo pol\u00edticas p\u00fablicas voltadas \u00e0 salvaguarda das tradi\u00e7\u00f5es quilombolas, promovendo a inclus\u00e3o social e o respeito \u00e0 diversidade cultural. Al\u00e9m disso, reafirma o compromisso do Estado com a preserva\u00e7\u00e3o da mem\u00f3ria e identidade das comunidades quilombolas, fundamentais para a constru\u00e7\u00e3o da hist\u00f3ria e cultura de Minas Gerais.<br \/>\nA Constitui\u00e7\u00e3o do Estado de Minas Gerais, em seu art. 207, assegura a prote\u00e7\u00e3o do patrim\u00f4nio cultural, abrangendo bens de natureza material e imaterial, bem como express\u00f5es art\u00edsticas e manifesta\u00e7\u00f5es tradicionais das diversas comunidades formadoras da sociedade mineira. No mesmo sentido, o art. 9\u00ba da Lei n\u00ba 25.150\/2025, que institui o Estatuto da Igualdade Racial no Estado de Minas Gerais, determina que o Estado deve assegurar a prote\u00e7\u00e3o e a salvaguarda dos valores culturais de matriz afro-brasileira e das comunidades tradicionais, incluindo seus modos de vida, usos, costumes, manifesta\u00e7\u00f5es e express\u00f5es culturais.<br \/>\nDiante do exposto, solicito o apoio dos nobres deputados e deputadas para a aprova\u00e7\u00e3o deste projeto, como forma de promover a justi\u00e7a hist\u00f3rica e valorizar as tradi\u00e7\u00f5es das comunidades quilombolas do nosso Estado.<br \/>\n\u2013 Publicado, vai o projeto \u00e0s Comiss\u00f5es de Justi\u00e7a e de Cultura para parecer, nos termos do art. 188, c\/c o art. 102, do Regimento Interno.<\/article>\n<div style=\"text-align: center\">\n<div style=\"margin-bottom: 20px;\" class=\"et_pb_button_module_wrapper et_pb_button_5_tb_body_wrapper et_pb_button_alignment_center et_pb_module \">\n         <a class=\"et_pb_button et_pb_button_5_tb_body et_hover_enabled et_pb_bg_layout_dark\" style=\"width: 50%;background-color: black;\" href=\"https:\/\/app.legislapp.com.br\" target=\"_blank\" rel=\"noopener\">Visualizar completo na nossa plataforma (30 dias gr\u00e1tis)<\/a><\/p><\/div>\n<p>      <a href=\"https:\/\/play.google.com\/store\/apps\/details?id=br.com.legislapp\"><img decoding=\"async\" style=\"width: 15%; min-width: 130px;\" src=\"https:\/\/www.legislapp.com.br\/wp-content\/uploads\/google-play.png\"><\/a><br \/>\n      <a href=\"https:\/\/apps.apple.com\/us\/app\/legislapp\/id1568929859\"><img decoding=\"async\" style=\"width: 15%; min-width: 130px\" src=\"https:\/\/www.legislapp.com.br\/wp-content\/uploads\/apple-store.png\"><\/a>\n   <\/div>\n","protected":false},"excerpt":{"rendered":"<p>C\u00e2m. Legislativa de MG &#8211; Autoria de Deputados Reconhece como de relevante interesse cultural do Estado a comunidade quilombola de S\u00e3o Benedito do Girau, localizada no Munic\u00edpio de Ara\u00e7ua\u00ed, e suas festividades. Reconhece como de relevante interesse cultural do Estado a Comunidade Quilombola de S\u00e3o Benedito do Girau e suas festividades, localizada no Munic\u00edpio de [&hellip;]<\/p>\n","protected":false},"author":1,"featured_media":0,"parent":0,"menu_order":0,"comment_status":"closed","ping_status":"closed","template":"page-template-blank.php","meta":{"_et_pb_use_builder":"","_et_pb_old_content":"","_et_gb_content_width":"1080","ngg_post_thumbnail":0,"footnotes":""},"class_list":["post-7975","page","type-page","status-publish","hentry"],"yoast_head":"<!-- This site is optimized with the Yoast SEO plugin v24.4 - https:\/\/yoast.com\/wordpress\/plugins\/seo\/ -->\n<title>PL 3677\/2025 - Deputados - Legislapp<\/title>\n<meta name=\"robots\" content=\"index, follow, max-snippet:-1, max-image-preview:large, max-video-preview:-1\" \/>\n<link rel=\"canonical\" href=\"https:\/\/www.legislapp.com.br\/index.php\/cam-legislativa-de-mg-pl-3677-2025\/\" \/>\n<meta property=\"og:locale\" content=\"pt_BR\" \/>\n<meta property=\"og:type\" content=\"article\" \/>\n<meta property=\"og:title\" content=\"PL 3677\/2025 - Deputados - Legislapp\" \/>\n<meta property=\"og:description\" content=\"C\u00e2m. Legislativa de MG &#8211; Autoria de Deputados Reconhece como de relevante interesse cultural do Estado a comunidade quilombola de S\u00e3o Benedito do Girau, localizada no Munic\u00edpio de Ara\u00e7ua\u00ed, e suas festividades. Reconhece como de relevante interesse cultural do Estado a Comunidade Quilombola de S\u00e3o Benedito do Girau e suas festividades, localizada no Munic\u00edpio de [&hellip;]\" \/>\n<meta property=\"og:url\" content=\"https:\/\/www.legislapp.com.br\/index.php\/cam-legislativa-de-mg-pl-3677-2025\/\" \/>\n<meta property=\"og:site_name\" content=\"Legislapp\" \/>\n<meta property=\"article:publisher\" content=\"https:\/\/www.instagram.com\/legislapp\/\" \/>\n<meta property=\"og:image\" content=\"https:\/\/www.legislapp.com.br\/wp-content\/uploads\/google-play.png\" \/>\n<meta name=\"twitter:card\" content=\"summary_large_image\" \/>\n<meta name=\"twitter:label1\" content=\"Est. tempo de leitura\" \/>\n\t<meta name=\"twitter:data1\" content=\"4 minutos\" \/>\n<script type=\"application\/ld+json\" class=\"yoast-schema-graph\">{\"@context\":\"https:\/\/schema.org\",\"@graph\":[{\"@type\":\"WebPage\",\"@id\":\"https:\/\/www.legislapp.com.br\/index.php\/cam-legislativa-de-mg-pl-3677-2025\/\",\"url\":\"https:\/\/www.legislapp.com.br\/index.php\/cam-legislativa-de-mg-pl-3677-2025\/\",\"name\":\"PL 3677\/2025 - Deputados - Legislapp\",\"isPartOf\":{\"@id\":\"https:\/\/www.legislapp.com.br\/#website\"},\"primaryImageOfPage\":{\"@id\":\"https:\/\/www.legislapp.com.br\/index.php\/cam-legislativa-de-mg-pl-3677-2025\/#primaryimage\"},\"image\":{\"@id\":\"https:\/\/www.legislapp.com.br\/index.php\/cam-legislativa-de-mg-pl-3677-2025\/#primaryimage\"},\"thumbnailUrl\":\"https:\/\/www.legislapp.com.br\/wp-content\/uploads\/google-play.png\",\"datePublished\":\"2025-09-17T17:00:54+00:00\",\"breadcrumb\":{\"@id\":\"https:\/\/www.legislapp.com.br\/index.php\/cam-legislativa-de-mg-pl-3677-2025\/#breadcrumb\"},\"inLanguage\":\"pt-BR\",\"potentialAction\":[{\"@type\":\"ReadAction\",\"target\":[\"https:\/\/www.legislapp.com.br\/index.php\/cam-legislativa-de-mg-pl-3677-2025\/\"]}]},{\"@type\":\"ImageObject\",\"inLanguage\":\"pt-BR\",\"@id\":\"https:\/\/www.legislapp.com.br\/index.php\/cam-legislativa-de-mg-pl-3677-2025\/#primaryimage\",\"url\":\"https:\/\/www.legislapp.com.br\/wp-content\/uploads\/google-play.png\",\"contentUrl\":\"https:\/\/www.legislapp.com.br\/wp-content\/uploads\/google-play.png\",\"width\":564,\"height\":168},{\"@type\":\"BreadcrumbList\",\"@id\":\"https:\/\/www.legislapp.com.br\/index.php\/cam-legislativa-de-mg-pl-3677-2025\/#breadcrumb\",\"itemListElement\":[{\"@type\":\"ListItem\",\"position\":1,\"name\":\"In\u00edcio\",\"item\":\"https:\/\/www.legislapp.com.br\/\"},{\"@type\":\"ListItem\",\"position\":2,\"name\":\"PL 3677\/2025 &#8211; Deputados\"}]},{\"@type\":\"WebSite\",\"@id\":\"https:\/\/www.legislapp.com.br\/#website\",\"url\":\"https:\/\/www.legislapp.com.br\/\",\"name\":\"Legislapp\",\"description\":\"Intelig\u00eancia governamental em tempo real\",\"publisher\":{\"@id\":\"https:\/\/www.legislapp.com.br\/#organization\"},\"potentialAction\":[{\"@type\":\"SearchAction\",\"target\":{\"@type\":\"EntryPoint\",\"urlTemplate\":\"https:\/\/www.legislapp.com.br\/?s={search_term_string}\"},\"query-input\":{\"@type\":\"PropertyValueSpecification\",\"valueRequired\":true,\"valueName\":\"search_term_string\"}}],\"inLanguage\":\"pt-BR\"},{\"@type\":\"Organization\",\"@id\":\"https:\/\/www.legislapp.com.br\/#organization\",\"name\":\"Legislapp Monitoramento e Intelig\u00eancia Governamental\",\"url\":\"https:\/\/www.legislapp.com.br\/\",\"logo\":{\"@type\":\"ImageObject\",\"inLanguage\":\"pt-BR\",\"@id\":\"https:\/\/www.legislapp.com.br\/#\/schema\/logo\/image\/\",\"url\":\"https:\/\/www.legislapp.com.br\/wp-content\/uploads\/icon.png\",\"contentUrl\":\"https:\/\/www.legislapp.com.br\/wp-content\/uploads\/icon.png\",\"width\":1024,\"height\":1024,\"caption\":\"Legislapp Monitoramento e Intelig\u00eancia Governamental\"},\"image\":{\"@id\":\"https:\/\/www.legislapp.com.br\/#\/schema\/logo\/image\/\"},\"sameAs\":[\"https:\/\/www.instagram.com\/legislapp\/\"]}]}<\/script>\n<!-- \/ Yoast SEO plugin. -->","yoast_head_json":{"title":"PL 3677\/2025 - Deputados - Legislapp","robots":{"index":"index","follow":"follow","max-snippet":"max-snippet:-1","max-image-preview":"max-image-preview:large","max-video-preview":"max-video-preview:-1"},"canonical":"https:\/\/www.legislapp.com.br\/index.php\/cam-legislativa-de-mg-pl-3677-2025\/","og_locale":"pt_BR","og_type":"article","og_title":"PL 3677\/2025 - Deputados - Legislapp","og_description":"C\u00e2m. Legislativa de MG &#8211; Autoria de Deputados Reconhece como de relevante interesse cultural do Estado a comunidade quilombola de S\u00e3o Benedito do Girau, localizada no Munic\u00edpio de Ara\u00e7ua\u00ed, e suas festividades. Reconhece como de relevante interesse cultural do Estado a Comunidade Quilombola de S\u00e3o Benedito do Girau e suas festividades, localizada no Munic\u00edpio de [&hellip;]","og_url":"https:\/\/www.legislapp.com.br\/index.php\/cam-legislativa-de-mg-pl-3677-2025\/","og_site_name":"Legislapp","article_publisher":"https:\/\/www.instagram.com\/legislapp\/","og_image":[{"url":"https:\/\/www.legislapp.com.br\/wp-content\/uploads\/google-play.png","type":"","width":"","height":""}],"twitter_card":"summary_large_image","twitter_misc":{"Est. tempo de leitura":"4 minutos"},"schema":{"@context":"https:\/\/schema.org","@graph":[{"@type":"WebPage","@id":"https:\/\/www.legislapp.com.br\/index.php\/cam-legislativa-de-mg-pl-3677-2025\/","url":"https:\/\/www.legislapp.com.br\/index.php\/cam-legislativa-de-mg-pl-3677-2025\/","name":"PL 3677\/2025 - Deputados - Legislapp","isPartOf":{"@id":"https:\/\/www.legislapp.com.br\/#website"},"primaryImageOfPage":{"@id":"https:\/\/www.legislapp.com.br\/index.php\/cam-legislativa-de-mg-pl-3677-2025\/#primaryimage"},"image":{"@id":"https:\/\/www.legislapp.com.br\/index.php\/cam-legislativa-de-mg-pl-3677-2025\/#primaryimage"},"thumbnailUrl":"https:\/\/www.legislapp.com.br\/wp-content\/uploads\/google-play.png","datePublished":"2025-09-17T17:00:54+00:00","breadcrumb":{"@id":"https:\/\/www.legislapp.com.br\/index.php\/cam-legislativa-de-mg-pl-3677-2025\/#breadcrumb"},"inLanguage":"pt-BR","potentialAction":[{"@type":"ReadAction","target":["https:\/\/www.legislapp.com.br\/index.php\/cam-legislativa-de-mg-pl-3677-2025\/"]}]},{"@type":"ImageObject","inLanguage":"pt-BR","@id":"https:\/\/www.legislapp.com.br\/index.php\/cam-legislativa-de-mg-pl-3677-2025\/#primaryimage","url":"https:\/\/www.legislapp.com.br\/wp-content\/uploads\/google-play.png","contentUrl":"https:\/\/www.legislapp.com.br\/wp-content\/uploads\/google-play.png","width":564,"height":168},{"@type":"BreadcrumbList","@id":"https:\/\/www.legislapp.com.br\/index.php\/cam-legislativa-de-mg-pl-3677-2025\/#breadcrumb","itemListElement":[{"@type":"ListItem","position":1,"name":"In\u00edcio","item":"https:\/\/www.legislapp.com.br\/"},{"@type":"ListItem","position":2,"name":"PL 3677\/2025 &#8211; Deputados"}]},{"@type":"WebSite","@id":"https:\/\/www.legislapp.com.br\/#website","url":"https:\/\/www.legislapp.com.br\/","name":"Legislapp","description":"Intelig\u00eancia governamental em tempo real","publisher":{"@id":"https:\/\/www.legislapp.com.br\/#organization"},"potentialAction":[{"@type":"SearchAction","target":{"@type":"EntryPoint","urlTemplate":"https:\/\/www.legislapp.com.br\/?s={search_term_string}"},"query-input":{"@type":"PropertyValueSpecification","valueRequired":true,"valueName":"search_term_string"}}],"inLanguage":"pt-BR"},{"@type":"Organization","@id":"https:\/\/www.legislapp.com.br\/#organization","name":"Legislapp Monitoramento e Intelig\u00eancia Governamental","url":"https:\/\/www.legislapp.com.br\/","logo":{"@type":"ImageObject","inLanguage":"pt-BR","@id":"https:\/\/www.legislapp.com.br\/#\/schema\/logo\/image\/","url":"https:\/\/www.legislapp.com.br\/wp-content\/uploads\/icon.png","contentUrl":"https:\/\/www.legislapp.com.br\/wp-content\/uploads\/icon.png","width":1024,"height":1024,"caption":"Legislapp Monitoramento e Intelig\u00eancia Governamental"},"image":{"@id":"https:\/\/www.legislapp.com.br\/#\/schema\/logo\/image\/"},"sameAs":["https:\/\/www.instagram.com\/legislapp\/"]}]}},"_links":{"self":[{"href":"https:\/\/www.legislapp.com.br\/index.php\/wp-json\/wp\/v2\/pages\/7975","targetHints":{"allow":["GET"]}}],"collection":[{"href":"https:\/\/www.legislapp.com.br\/index.php\/wp-json\/wp\/v2\/pages"}],"about":[{"href":"https:\/\/www.legislapp.com.br\/index.php\/wp-json\/wp\/v2\/types\/page"}],"author":[{"embeddable":true,"href":"https:\/\/www.legislapp.com.br\/index.php\/wp-json\/wp\/v2\/users\/1"}],"replies":[{"embeddable":true,"href":"https:\/\/www.legislapp.com.br\/index.php\/wp-json\/wp\/v2\/comments?post=7975"}],"version-history":[{"count":0,"href":"https:\/\/www.legislapp.com.br\/index.php\/wp-json\/wp\/v2\/pages\/7975\/revisions"}],"wp:attachment":[{"href":"https:\/\/www.legislapp.com.br\/index.php\/wp-json\/wp\/v2\/media?parent=7975"}],"curies":[{"name":"wp","href":"https:\/\/api.w.org\/{rel}","templated":true}]}}