{"id":8212,"date":"2025-10-08T11:19:02","date_gmt":"2025-10-08T14:19:02","guid":{"rendered":"https:\/\/www.legislapp.com.br\/index.php\/cam-legislativa-de-mg-pl-4465-2025\/"},"modified":"2025-10-08T11:19:02","modified_gmt":"2025-10-08T14:19:02","slug":"cam-legislativa-de-mg-pl-4465-2025","status":"publish","type":"page","link":"https:\/\/www.legislapp.com.br\/index.php\/cam-legislativa-de-mg-pl-4465-2025\/","title":{"rendered":"PL 4465\/2025 &#8211; Deputados"},"content":{"rendered":"<h1 style='text-align: center;'>C\u00e2m. Legislativa de MG &#8211; Autoria de Deputados<\/h3>\n<p><\/p>\n<article style='text-align: center'>Reconhece como de relevante interesse cultural do Estado\u00a0o Morro da Mesa,<br \/>\nlocalizado no Distrito de Guardinha, no Munic\u00edpio de S\u00e3o Sebasti\u00e3o do<br \/>\nPara\u00edso.<\/article>\n<p><\/p>\n<p style='text-align: center'><a href='https:\/\/app.legislapp.com.br\/#\/busca?termo='><\/a><\/p>\n<p><\/p>\n<article>Reconhece como de relevante interesse cultural do Estado\u00a0o Morro da Mesa, localizado no Distrito de Guardinha, Munic\u00edpio de S\u00e3o Sebasti\u00e3o do Para\u00edso.<br \/>\nA Assembleia Legislativa do Estado de Minas Gerais decreta:<br \/>\nArt. 1\u00ba \u2013 Fica reconhecido como de relevante interesse cultural nos termos da Lei n\u00ba 24.219, de 15 de julho de 2022,\u00a0o Morro da Mesa, situado no Distrito de Guardinha, munic\u00edpio de S\u00e3o Sebasti\u00e3o do Para\u00edso.<br \/>\nPar\u00e1grafo \u00fanico \u2013 O Morro da Mesa possui valor hist\u00f3rico, natural, cultural, social e religioso, sendo refer\u00eancia geogr\u00e1fica, marco da divisa entre Minas Gerais e S\u00e3o Paulo desde 1720, espa\u00e7o de acontecimentos hist\u00f3ricos importantes e local tradicional de manifesta\u00e7\u00f5es coletivas da comunidade.<br \/>\nArt. 2\u00ba \u2013 O reconhecimento que trata esta lei nos termos do art. 2\u00ba da Lei n\u00ba 24.219, de 15 de julho de 2022, tem por finalidade promover a valoriza\u00e7\u00e3o dos bens, express\u00f5es e manifesta\u00e7\u00f5es culturais da comunidade e grupos formadores da sociedade mineira.<br \/>\nArt. 3\u00ba \u2013 Esta lei entra em vigor na data de sua publica\u00e7\u00e3o.<br \/>\nSala das Reuni\u00f5es, 23 de setembro de 2025.<br \/>\nProfessor Wendel Mesquita (Solidariedade)<br \/>\nJustifica\u00e7\u00e3o: O Morro da Mesa, localizado no Distrito de Guardinha, em S\u00e3o Sebasti\u00e3o do Para\u00edso, \u00e9 um dos mais marcantes s\u00edmbolos naturais do Sudoeste Mineiro. Sua silhueta singular, em formato de mesa, domina a paisagem e tornou-se refer\u00eancia geogr\u00e1fica, cultural e afetiva para moradores e visitantes.<br \/>\nSituado na divisa entre os estados de Minas Gerais e S\u00e3o Paulo, o Morro da Mesa \u00e9 considerado marco divis\u00f3rio desde 1720. Foi palco de acontecimentos hist\u00f3ricos que ajudaram a definir a identidade regional, incluindo eventos significativos da Hist\u00f3ria brasileira, como a Revolu\u00e7\u00e3o Constituinte de 1932.<br \/>\nO Distrito de Guardinha, criado pela Lei n\u00ba 843, de 7 de setembro de 1923, surgiu ao lado do Morro da Mesa. Sua localiza\u00e7\u00e3o estrat\u00e9gica foi determinante para a fixa\u00e7\u00e3o dos primeiros habitantes. A constru\u00e7\u00e3o da capela local, atribu\u00edda ao fazendeiro Francisco Daniel da Silva no final do s\u00e9culo XIX, e a inaugura\u00e7\u00e3o da Esta\u00e7\u00e3o da Estrada de Ferro S\u00e3o Paulo e Minas, em 1910, refor\u00e7aram o papel do distrito como ponto de passagem e interc\u00e2mbio econ\u00f4mico entre os dois estados. O Morro da Mesa sempre funcionou como marco visual e f\u00edsico da fronteira, consolidando-se como s\u00edmbolo cultural e hist\u00f3rico da regi\u00e3o.<br \/>\nAl\u00e9m do seu valor hist\u00f3rico, o Morro da Mesa apresenta caracter\u00edsticas naturais e culturais excepcionais. Com altitude de 1.005 metros, oferece vistas panor\u00e2micas de diversos munic\u00edpios, possui grutas e pared\u00f5es rochosos, e guarda cavidades naturais que, segundo moradores, tornam grande parte do morro \u201coco\u201d. No seu topo, encontra-se um marco de pedra de 1936 que simboliza a divisa entre Minas Gerais e S\u00e3o Paulo, bem como uma capela constru\u00edda em 1925, consolidando sua import\u00e2ncia religiosa e comunit\u00e1ria.<br \/>\nO Morro da Mesa possui potencial tur\u00edstico e educativo. Atualmente, \u00e9 utilizado para caminhadas, trilhas ecol\u00f3gicas e momentos de contempla\u00e7\u00e3o, evidenciando sua voca\u00e7\u00e3o para lazer sustent\u00e1vel e ecoturismo. A preserva\u00e7\u00e3o do local possibilita a\u00e7\u00f5es de sinaliza\u00e7\u00e3o, infraestrutura e projetos educativos que valorizem o patrim\u00f4nio natural e promovam a conscientiza\u00e7\u00e3o ambiental.<br \/>\nDo ponto de vista legal, a Constitui\u00e7\u00e3o Federal e a Lei Org\u00e2nica do Munic\u00edpio de S\u00e3o Sebasti\u00e3o do Para\u00edso conferem respaldo \u00e0 prote\u00e7\u00e3o de bens naturais e culturais de interesse local, o que inclui o Morro da Mesa. O reconhecimento estadual como bem de relevante interesse cultural garantir\u00e1 a preserva\u00e7\u00e3o de sua integridade e valor hist\u00f3rico, ambiental e social, assegurando que as futuras gera\u00e7\u00f5es possam usufruir desse patrim\u00f4nio.<br \/>\nMais do que uma paisagem, o Morro da Mesa \u00e9 testemunho vivo da hist\u00f3ria do Sudoeste Mineiro, um marco geogr\u00e1fico, cultural e natural que merece ser protegido, valorizado e transmitido como legado \u00e0s pr\u00f3ximas gera\u00e7\u00f5es.<br \/>\n\u2013 Publicado, vai o projeto \u00e0s Comiss\u00f5es de Justi\u00e7a e de Cultura para parecer, nos termos do art. 188, c\/c o art. 102, do Regimento Interno.<\/article>\n<div style=\"text-align: center\">\n<div style=\"margin-bottom: 20px;\" class=\"et_pb_button_module_wrapper et_pb_button_5_tb_body_wrapper et_pb_button_alignment_center et_pb_module \">\n         <a class=\"et_pb_button et_pb_button_5_tb_body et_hover_enabled et_pb_bg_layout_dark\" style=\"width: 50%;background-color: black;\" href=\"https:\/\/app.legislapp.com.br\" target=\"_blank\" rel=\"noopener\">Visualizar completo na nossa plataforma (30 dias gr\u00e1tis)<\/a><\/p><\/div>\n<p>      <a href=\"https:\/\/play.google.com\/store\/apps\/details?id=br.com.legislapp\"><img decoding=\"async\" style=\"width: 15%; min-width: 130px;\" src=\"https:\/\/www.legislapp.com.br\/wp-content\/uploads\/google-play.png\"><\/a><br \/>\n      <a href=\"https:\/\/apps.apple.com\/us\/app\/legislapp\/id1568929859\"><img decoding=\"async\" style=\"width: 15%; min-width: 130px\" src=\"https:\/\/www.legislapp.com.br\/wp-content\/uploads\/apple-store.png\"><\/a>\n   <\/div>\n","protected":false},"excerpt":{"rendered":"<p>C\u00e2m. Legislativa de MG &#8211; Autoria de Deputados Reconhece como de relevante interesse cultural do Estado\u00a0o Morro da Mesa, localizado no Distrito de Guardinha, no Munic\u00edpio de S\u00e3o Sebasti\u00e3o do Para\u00edso. Reconhece como de relevante interesse cultural do Estado\u00a0o Morro da Mesa, localizado no Distrito de Guardinha, Munic\u00edpio de S\u00e3o Sebasti\u00e3o do Para\u00edso. A Assembleia [&hellip;]<\/p>\n","protected":false},"author":1,"featured_media":0,"parent":0,"menu_order":0,"comment_status":"closed","ping_status":"closed","template":"page-template-blank.php","meta":{"_et_pb_use_builder":"","_et_pb_old_content":"","_et_gb_content_width":"1080","ngg_post_thumbnail":0,"footnotes":""},"class_list":["post-8212","page","type-page","status-publish","hentry"],"yoast_head":"<!-- This site is optimized with the Yoast SEO plugin v24.4 - https:\/\/yoast.com\/wordpress\/plugins\/seo\/ -->\n<title>PL 4465\/2025 - Deputados - Legislapp<\/title>\n<meta name=\"robots\" content=\"index, follow, max-snippet:-1, max-image-preview:large, max-video-preview:-1\" \/>\n<link rel=\"canonical\" href=\"https:\/\/www.legislapp.com.br\/index.php\/cam-legislativa-de-mg-pl-4465-2025\/\" \/>\n<meta property=\"og:locale\" content=\"pt_BR\" \/>\n<meta property=\"og:type\" content=\"article\" \/>\n<meta property=\"og:title\" content=\"PL 4465\/2025 - Deputados - Legislapp\" \/>\n<meta property=\"og:description\" content=\"C\u00e2m. Legislativa de MG &#8211; Autoria de Deputados Reconhece como de relevante interesse cultural do Estado\u00a0o Morro da Mesa, localizado no Distrito de Guardinha, no Munic\u00edpio de S\u00e3o Sebasti\u00e3o do Para\u00edso. Reconhece como de relevante interesse cultural do Estado\u00a0o Morro da Mesa, localizado no Distrito de Guardinha, Munic\u00edpio de S\u00e3o Sebasti\u00e3o do Para\u00edso. A Assembleia [&hellip;]\" \/>\n<meta property=\"og:url\" content=\"https:\/\/www.legislapp.com.br\/index.php\/cam-legislativa-de-mg-pl-4465-2025\/\" \/>\n<meta property=\"og:site_name\" content=\"Legislapp\" \/>\n<meta property=\"article:publisher\" content=\"https:\/\/www.instagram.com\/legislapp\/\" \/>\n<meta property=\"og:image\" content=\"https:\/\/www.legislapp.com.br\/wp-content\/uploads\/google-play.png\" \/>\n<meta name=\"twitter:card\" content=\"summary_large_image\" \/>\n<meta name=\"twitter:label1\" content=\"Est. tempo de leitura\" \/>\n\t<meta name=\"twitter:data1\" content=\"4 minutos\" \/>\n<script type=\"application\/ld+json\" class=\"yoast-schema-graph\">{\"@context\":\"https:\/\/schema.org\",\"@graph\":[{\"@type\":\"WebPage\",\"@id\":\"https:\/\/www.legislapp.com.br\/index.php\/cam-legislativa-de-mg-pl-4465-2025\/\",\"url\":\"https:\/\/www.legislapp.com.br\/index.php\/cam-legislativa-de-mg-pl-4465-2025\/\",\"name\":\"PL 4465\/2025 - Deputados - Legislapp\",\"isPartOf\":{\"@id\":\"https:\/\/www.legislapp.com.br\/#website\"},\"primaryImageOfPage\":{\"@id\":\"https:\/\/www.legislapp.com.br\/index.php\/cam-legislativa-de-mg-pl-4465-2025\/#primaryimage\"},\"image\":{\"@id\":\"https:\/\/www.legislapp.com.br\/index.php\/cam-legislativa-de-mg-pl-4465-2025\/#primaryimage\"},\"thumbnailUrl\":\"https:\/\/www.legislapp.com.br\/wp-content\/uploads\/google-play.png\",\"datePublished\":\"2025-10-08T14:19:02+00:00\",\"breadcrumb\":{\"@id\":\"https:\/\/www.legislapp.com.br\/index.php\/cam-legislativa-de-mg-pl-4465-2025\/#breadcrumb\"},\"inLanguage\":\"pt-BR\",\"potentialAction\":[{\"@type\":\"ReadAction\",\"target\":[\"https:\/\/www.legislapp.com.br\/index.php\/cam-legislativa-de-mg-pl-4465-2025\/\"]}]},{\"@type\":\"ImageObject\",\"inLanguage\":\"pt-BR\",\"@id\":\"https:\/\/www.legislapp.com.br\/index.php\/cam-legislativa-de-mg-pl-4465-2025\/#primaryimage\",\"url\":\"https:\/\/www.legislapp.com.br\/wp-content\/uploads\/google-play.png\",\"contentUrl\":\"https:\/\/www.legislapp.com.br\/wp-content\/uploads\/google-play.png\",\"width\":564,\"height\":168},{\"@type\":\"BreadcrumbList\",\"@id\":\"https:\/\/www.legislapp.com.br\/index.php\/cam-legislativa-de-mg-pl-4465-2025\/#breadcrumb\",\"itemListElement\":[{\"@type\":\"ListItem\",\"position\":1,\"name\":\"In\u00edcio\",\"item\":\"https:\/\/www.legislapp.com.br\/\"},{\"@type\":\"ListItem\",\"position\":2,\"name\":\"PL 4465\/2025 &#8211; Deputados\"}]},{\"@type\":\"WebSite\",\"@id\":\"https:\/\/www.legislapp.com.br\/#website\",\"url\":\"https:\/\/www.legislapp.com.br\/\",\"name\":\"Legislapp\",\"description\":\"Intelig\u00eancia governamental em tempo real\",\"publisher\":{\"@id\":\"https:\/\/www.legislapp.com.br\/#organization\"},\"potentialAction\":[{\"@type\":\"SearchAction\",\"target\":{\"@type\":\"EntryPoint\",\"urlTemplate\":\"https:\/\/www.legislapp.com.br\/?s={search_term_string}\"},\"query-input\":{\"@type\":\"PropertyValueSpecification\",\"valueRequired\":true,\"valueName\":\"search_term_string\"}}],\"inLanguage\":\"pt-BR\"},{\"@type\":\"Organization\",\"@id\":\"https:\/\/www.legislapp.com.br\/#organization\",\"name\":\"Legislapp Monitoramento e Intelig\u00eancia Governamental\",\"url\":\"https:\/\/www.legislapp.com.br\/\",\"logo\":{\"@type\":\"ImageObject\",\"inLanguage\":\"pt-BR\",\"@id\":\"https:\/\/www.legislapp.com.br\/#\/schema\/logo\/image\/\",\"url\":\"https:\/\/www.legislapp.com.br\/wp-content\/uploads\/icon.png\",\"contentUrl\":\"https:\/\/www.legislapp.com.br\/wp-content\/uploads\/icon.png\",\"width\":1024,\"height\":1024,\"caption\":\"Legislapp Monitoramento e Intelig\u00eancia Governamental\"},\"image\":{\"@id\":\"https:\/\/www.legislapp.com.br\/#\/schema\/logo\/image\/\"},\"sameAs\":[\"https:\/\/www.instagram.com\/legislapp\/\"]}]}<\/script>\n<!-- \/ Yoast SEO plugin. -->","yoast_head_json":{"title":"PL 4465\/2025 - Deputados - Legislapp","robots":{"index":"index","follow":"follow","max-snippet":"max-snippet:-1","max-image-preview":"max-image-preview:large","max-video-preview":"max-video-preview:-1"},"canonical":"https:\/\/www.legislapp.com.br\/index.php\/cam-legislativa-de-mg-pl-4465-2025\/","og_locale":"pt_BR","og_type":"article","og_title":"PL 4465\/2025 - Deputados - Legislapp","og_description":"C\u00e2m. Legislativa de MG &#8211; Autoria de Deputados Reconhece como de relevante interesse cultural do Estado\u00a0o Morro da Mesa, localizado no Distrito de Guardinha, no Munic\u00edpio de S\u00e3o Sebasti\u00e3o do Para\u00edso. Reconhece como de relevante interesse cultural do Estado\u00a0o Morro da Mesa, localizado no Distrito de Guardinha, Munic\u00edpio de S\u00e3o Sebasti\u00e3o do Para\u00edso. A Assembleia [&hellip;]","og_url":"https:\/\/www.legislapp.com.br\/index.php\/cam-legislativa-de-mg-pl-4465-2025\/","og_site_name":"Legislapp","article_publisher":"https:\/\/www.instagram.com\/legislapp\/","og_image":[{"url":"https:\/\/www.legislapp.com.br\/wp-content\/uploads\/google-play.png","type":"","width":"","height":""}],"twitter_card":"summary_large_image","twitter_misc":{"Est. tempo de leitura":"4 minutos"},"schema":{"@context":"https:\/\/schema.org","@graph":[{"@type":"WebPage","@id":"https:\/\/www.legislapp.com.br\/index.php\/cam-legislativa-de-mg-pl-4465-2025\/","url":"https:\/\/www.legislapp.com.br\/index.php\/cam-legislativa-de-mg-pl-4465-2025\/","name":"PL 4465\/2025 - Deputados - Legislapp","isPartOf":{"@id":"https:\/\/www.legislapp.com.br\/#website"},"primaryImageOfPage":{"@id":"https:\/\/www.legislapp.com.br\/index.php\/cam-legislativa-de-mg-pl-4465-2025\/#primaryimage"},"image":{"@id":"https:\/\/www.legislapp.com.br\/index.php\/cam-legislativa-de-mg-pl-4465-2025\/#primaryimage"},"thumbnailUrl":"https:\/\/www.legislapp.com.br\/wp-content\/uploads\/google-play.png","datePublished":"2025-10-08T14:19:02+00:00","breadcrumb":{"@id":"https:\/\/www.legislapp.com.br\/index.php\/cam-legislativa-de-mg-pl-4465-2025\/#breadcrumb"},"inLanguage":"pt-BR","potentialAction":[{"@type":"ReadAction","target":["https:\/\/www.legislapp.com.br\/index.php\/cam-legislativa-de-mg-pl-4465-2025\/"]}]},{"@type":"ImageObject","inLanguage":"pt-BR","@id":"https:\/\/www.legislapp.com.br\/index.php\/cam-legislativa-de-mg-pl-4465-2025\/#primaryimage","url":"https:\/\/www.legislapp.com.br\/wp-content\/uploads\/google-play.png","contentUrl":"https:\/\/www.legislapp.com.br\/wp-content\/uploads\/google-play.png","width":564,"height":168},{"@type":"BreadcrumbList","@id":"https:\/\/www.legislapp.com.br\/index.php\/cam-legislativa-de-mg-pl-4465-2025\/#breadcrumb","itemListElement":[{"@type":"ListItem","position":1,"name":"In\u00edcio","item":"https:\/\/www.legislapp.com.br\/"},{"@type":"ListItem","position":2,"name":"PL 4465\/2025 &#8211; Deputados"}]},{"@type":"WebSite","@id":"https:\/\/www.legislapp.com.br\/#website","url":"https:\/\/www.legislapp.com.br\/","name":"Legislapp","description":"Intelig\u00eancia governamental em tempo real","publisher":{"@id":"https:\/\/www.legislapp.com.br\/#organization"},"potentialAction":[{"@type":"SearchAction","target":{"@type":"EntryPoint","urlTemplate":"https:\/\/www.legislapp.com.br\/?s={search_term_string}"},"query-input":{"@type":"PropertyValueSpecification","valueRequired":true,"valueName":"search_term_string"}}],"inLanguage":"pt-BR"},{"@type":"Organization","@id":"https:\/\/www.legislapp.com.br\/#organization","name":"Legislapp Monitoramento e Intelig\u00eancia Governamental","url":"https:\/\/www.legislapp.com.br\/","logo":{"@type":"ImageObject","inLanguage":"pt-BR","@id":"https:\/\/www.legislapp.com.br\/#\/schema\/logo\/image\/","url":"https:\/\/www.legislapp.com.br\/wp-content\/uploads\/icon.png","contentUrl":"https:\/\/www.legislapp.com.br\/wp-content\/uploads\/icon.png","width":1024,"height":1024,"caption":"Legislapp Monitoramento e Intelig\u00eancia Governamental"},"image":{"@id":"https:\/\/www.legislapp.com.br\/#\/schema\/logo\/image\/"},"sameAs":["https:\/\/www.instagram.com\/legislapp\/"]}]}},"_links":{"self":[{"href":"https:\/\/www.legislapp.com.br\/index.php\/wp-json\/wp\/v2\/pages\/8212","targetHints":{"allow":["GET"]}}],"collection":[{"href":"https:\/\/www.legislapp.com.br\/index.php\/wp-json\/wp\/v2\/pages"}],"about":[{"href":"https:\/\/www.legislapp.com.br\/index.php\/wp-json\/wp\/v2\/types\/page"}],"author":[{"embeddable":true,"href":"https:\/\/www.legislapp.com.br\/index.php\/wp-json\/wp\/v2\/users\/1"}],"replies":[{"embeddable":true,"href":"https:\/\/www.legislapp.com.br\/index.php\/wp-json\/wp\/v2\/comments?post=8212"}],"version-history":[{"count":0,"href":"https:\/\/www.legislapp.com.br\/index.php\/wp-json\/wp\/v2\/pages\/8212\/revisions"}],"wp:attachment":[{"href":"https:\/\/www.legislapp.com.br\/index.php\/wp-json\/wp\/v2\/media?parent=8212"}],"curies":[{"name":"wp","href":"https:\/\/api.w.org\/{rel}","templated":true}]}}