{"id":8229,"date":"2025-10-08T11:20:04","date_gmt":"2025-10-08T14:20:04","guid":{"rendered":"https:\/\/www.legislapp.com.br\/index.php\/cam-legislativa-de-sc-pl-0717-2025\/"},"modified":"2025-10-08T11:20:04","modified_gmt":"2025-10-08T14:20:04","slug":"cam-legislativa-de-sc-pl-0717-2025","status":"publish","type":"page","link":"https:\/\/www.legislapp.com.br\/index.php\/cam-legislativa-de-sc-pl-0717-2025\/","title":{"rendered":"PL.\/0717\/2025 &#8211; Governador do Estado"},"content":{"rendered":"<h1 style='text-align: center;'>C\u00e2m. Legislativa de SC &#8211; Autoria de Governador do Estado<\/h3>\n<p><\/p>\n<article style='text-align: center'>Autoriza o Poder Executivo a prestar garantia em opera\u00e7\u00e3o de cr\u00e9dito externo celebrada entre a Companhia Catarinense de \u00c1guas e Saneamento (CASAN) e o Banco Europeu de Investimento (BEI) e estabelece outras provid\u00eancias.<\/article>\n<p><\/p>\n<p style='text-align: center'><a href='https:\/\/app.legislapp.com.br\/#\/busca?termo='><\/a><\/p>\n<p><\/p>\n<article>ESTADO DE SANTA CATARINA<br \/>\nGABINETE DO GOVERNADOR  <\/p>\n<p>MENSAGEM N\u00ba 1295 <\/p>\n<p>EXCELENT\u00cdSSIMO SENHOR PRESIDENTE, SENHORAS<br \/>\nDEPUTADAS E SENHORES DEPUTADOS DA ASSEMBLEIA<br \/>\nLEGISLATIVA DO ESTADO <\/p>\n<p>Nos termos do art. 50 da Constitui\u00e7\u00e3o do Estado, submeto \u00e0<br \/>\nelevada delibera\u00e7\u00e3o dessa augusta Casa Legislativa, acompanhado de exposi\u00e7\u00e3o de<br \/>\nmotivos conjunta da Secretaria de Estado da Fazenda e da Companhia Catarinense de<br \/>\n\u00c1guas e Saneamento, o projeto de lei que \u201cAutoriza o Poder Executivo a prestar garantia<br \/>\nem opera\u00e7\u00e3o de cr\u00e9dito externo celebrada entre a Companhia Catarinense de \u00c1guas e<br \/>\nSaneamento (CASAN) e o Banco Europeu de Investimento (BEI) e estabelece outras<br \/>\nprovid\u00eancias\u201d. <\/p>\n<p>Florian\u00f3polis, 29 de setembro de 2025. <\/p>\n<p>JORGINHO MELLO<br \/>\nGovernador do Estado<br \/>\nmsl_PJ_292<br \/>\n451<br \/>\nP\u00e1g. 01 de 01 &#8211; Documento assinado digitalmente. Para confer\u00eancia, acesse o site https:\/\/portal.sgpe.sea.sc.gov.br\/portal-externo e informe o processo SEF 00006937\/2024 e o c\u00f3digo 94WEFZ19.Assinaturas do documento<\/p>\n<p>C\u00f3digo para verifica\u00e7\u00e3o: 94WEFZ19<\/p>\n<p>Este documento foi assinado digitalmente pelos seguintes signat\u00e1rios nas datas indicadas:<\/p>\n<p>JORGINHO DOS SANTOS MELLO (CPF: 250.XXX.199-XX) em 30\/09\/2025 \u00e0s 14:39:23<br \/>\nEmitido por: &#8220;SGP-e&#8221;, emitido em 14\/04\/2023 &#8211; 11:54:30 e v\u00e1lido at\u00e9 14\/04\/2123 &#8211; 11:54:30.<br \/>\n(Assinatura do sistema)<\/p>\n<p>Para verificar a autenticidade desta c\u00f3pia, acesse o link https:\/\/portal.sgpe.sea.sc.gov.br\/portal-externo\/conferencia-<br \/>\ndocumento\/U0VGXzY5NjRfMDAwMDY5MzdfNjk1Ml8yMDI0Xzk0V0VGWjE5 ou o site<br \/>\nhttps:\/\/portal.sgpe.sea.sc.gov.br\/portal-externo e informe o processo SEF 00006937\/2024 e o c\u00f3digo 94WEFZ19<br \/>\nou aponte a c\u00e2mera para o QR Code presente nesta p\u00e1gina para realizar a confer\u00eancia.<br \/>\nGOVERNO DO ESTADO DE SANTA CATARINA<br \/>\nSECRETARIA DE ESTADO DA FAZENDA <\/p>\n<p>EM N\u00ba 181\/2024                                                       Florian\u00f3polis, data da assinatura digital. <\/p>\n<p>Senhor Governador, <\/p>\n<p>Submetemos \u00e0 elevada considera\u00e7\u00e3o de Vossa Excel\u00eancia o incluso projeto de<br \/>\nLei, que autoriza o Poder Executivo a prestar garantia em opera\u00e7\u00e3o de cr\u00e9dito externo<br \/>\nfirmado entre a Companhia Catarinense de \u00c1guas e Saneamento (CASAN) e o Banco<br \/>\nEuropeu de Investimentos (BEI), at\u00e9 o valor de EUR 100.000000,00 (cento milh\u00f5es de<br \/>\neuros), destinada \u00e0 financiar a moderniza\u00e7\u00e3o e extens\u00e3o da infraestrutura de \u00e1gua e esgoto<br \/>\nna \u00e1rea de servi\u00e7os da CASAN. <\/p>\n<p>A CASAN escolheu o BEI como agente financeiro para o projeto pelos seguintes<br \/>\nmotivos: <\/p>\n<p>\u2022 O BEI possui ampla experi\u00eancia no financiamento de projetos de<br \/>\nsaneamento b\u00e1sico em diversos pa\u00edses, reconhecido por sua expertise t\u00e9cnica e<br \/>\nrigorosa avalia\u00e7\u00e3o de projetos. O BEI j\u00e1 financia outros entes no Brasil como \u00e9 o<br \/>\ncaso da Companhia de Saneamento de Minas Gerais \u2013 COPASA. <\/p>\n<p>\u2022 Demonstrando compromisso com o desenvolvimento sustent\u00e1vel<br \/>\ndo Estado de Santa Catarina, o BEI apresentou \u00e0 CASAN um pacote de<br \/>\nfinanciamento atrativo, com caracter\u00edsticas que se alinham perfeitamente as<br \/>\nnecessidades dos projetos em quest\u00e3o. <\/p>\n<p>\u2022 A taxa de juros competitiva de 4,5% ao ano, acrescida de um<br \/>\neurob\u00f4nus semestral, traduz o compromisso do BEI com projetos de impacto<br \/>\nsocial e ambiental, como os de infraestrutura de \u00e1gua e esgotamento sanit\u00e1rio. <\/p>\n<p>\u2022 O prazo total da opera\u00e7\u00e3o de 144 meses, com per\u00edodo de car\u00eancia<br \/>\nde 36 meses, demonstra a compreens\u00e3o do BEI da natureza de longo prazo dos<br \/>\nprojetos, que exigem tempo para gerar retorno financeiro. Essa flexibilidade no<br \/>\npagamento permite \u00e0 CASAN investir com responsabilidade e seguran\u00e7a, sem<br \/>\ncomprometer o fluxo de caixa da empresa. <\/p>\n<p>\u2022 As condi\u00e7\u00f5es oferecidas pelo BEI se configuram como um grande<br \/>\ndiferencial, possibilitando \u00e0 CASAN a implementa\u00e7\u00e3o de projetos estruturantes<br \/>\nque contribuir\u00e3o para a universaliza\u00e7\u00e3o do acesso a \u00e1gua pot\u00e1vel e ao<br \/>\nesgotamento sanit\u00e1rio no Estado, promovendo a sa\u00fade p\u00fablica, o bem-estar da<br \/>\npopula\u00e7\u00e3o e o desenvolvimento socioecon\u00f4mico de Santa Catarina. <\/p>\n<p>\u2022 Ao aliar expertise internacional \u00e0 sensibilidade com as demandas<br \/>\nlocais, o BEI se consolida como um parceiro estrat\u00e9gico da CASAN na jornada por<br \/>\num futuro mais sustent\u00e1vel para o Estado. <\/p>\n<p>Acreditamos que a parceria com o BEI representa uma oportunidade \u00fanica para<br \/>\nimpulsionar o desenvolvimento de Santa Catarina e fortalecer a posi\u00e7\u00e3o da CASAN como<br \/>\nrefer\u00eancia em saneamento b\u00e1sico no Estado. <\/p>\n<p>Centro Administrativo do Governo &#8211; Rodovia SC 401 &#8211; KM 05, n\u00ba 4.600 \u2013 88032-000 \u2013 Florian\u00f3polis &#8211; SC<br \/>\nFone (48) 3665-2564 \u2013 E-mail gabs@sefaz.sc.gov.br <\/p>\n<p>393<br \/>\nP\u00e1g. 01 de 02 &#8211; Documento assinado digitalmente. Para confer\u00eancia, acesse o site https:\/\/portal.sgpe.sea.sc.gov.br\/portal-externo e informe o processo SEF 00006937\/2024 e o c\u00f3digo 9E2W05JT.GOVERNO DO ESTADO DE SANTA CATARINA<br \/>\nSECRETARIA DE ESTADO DA FAZENDA <\/p>\n<p>O BEI demonstra compromisso com a promo\u00e7\u00e3o do desenvolvimento<br \/>\nsustent\u00e1vel e a prote\u00e7\u00e3o ambiental, valores que est\u00e3o em conson\u00e2ncia com os objetivos<br \/>\nestrat\u00e9gicos da CASAN, reconhecendo a import\u00e2ncia do projeto para a universaliza\u00e7\u00e3o do<br \/>\nacesso \u00e0 \u00e1gua pot\u00e1vel e ao esgotamento sanit\u00e1rio em Santa Catarina. <\/p>\n<p>Diante do exposto, a CASAN solicitou \u00e0 Secretaria de Estado da Fazenda a<br \/>\nan\u00e1lise da viabilidade da constitui\u00e7\u00e3o de garantias, pelo Estado de Santa Catarina, na<br \/>\nreferida opera\u00e7\u00e3o de cr\u00e9dito externo. <\/p>\n<p>A constitui\u00e7\u00e3o das garantias \u00e9 fundamental para garantir o sucesso do projeto de<br \/>\ninfraestrutura de \u00e1gua e esgotamento sanit\u00e1rio da CASAN, contribuindo para a melhoria da<br \/>\nqualidade de vida da popula\u00e7\u00e3o catarinense e o desenvolvimento sustent\u00e1vel do Estado. <\/p>\n<p>O pleito foi deferido pelo Grupo Gestor de Governo (GGG), conforme<br \/>\nDelibera\u00e7\u00e3o n\u00ba 1386\/2024, constante do processo SEF 6937\/2024 (p.357). <\/p>\n<p>A Resolu\u00e7\u00e3o do Senado Federal n\u00ba 43\/2001 disp\u00f5e sobre as opera\u00e7\u00f5es de<br \/>\ncr\u00e9dito interno e externo dos estados, DF e munic\u00edpios, inclusive concess\u00e3o de garantias,<br \/>\nseus limites e condi\u00e7\u00f5es de autoriza\u00e7\u00e3o, e d\u00e1 outras provid\u00eancias. A concess\u00e3o de garantia<br \/>\n\u00e9 definida como compromisso de adimpl\u00eancia de obriga\u00e7\u00e3o financeira ou contratual<br \/>\nassumida pelo Ente da Federa\u00e7\u00e3o (EF) ou entidade a ele vinculada, n\u00e3o configurando<br \/>\nopera\u00e7\u00e3o de cr\u00e9dito, nos termos do inciso IV do art. 29 da LRF. O pedido ao Minist\u00e9rio da<br \/>\nFazenda (MF) para verifica\u00e7\u00e3o dos limites e condi\u00e7\u00f5es origina-se de solicita\u00e7\u00e3o de garantia<br \/>\nformulado ao EF para que este se responsabilize por pagamentos de obriga\u00e7\u00f5es terceiros<br \/>\nem caso de inadimpl\u00eancia.  <\/p>\n<p>A autoriza\u00e7\u00e3o legislativa \u00e9 documento essencial na an\u00e1lise, cuja previs\u00e3o<br \/>\nencontra-se no art. 32, \u00a7 1\u00ba, inc. I da Lei Complementar n\u00ba 101\/2000, e vincula as demais<br \/>\ncondi\u00e7\u00f5es da opera\u00e7\u00e3o de cr\u00e9dito. A RSF n\u00ba 43, de 2001, disp\u00f5e sobre as opera\u00e7\u00f5es de<br \/>\ncr\u00e9dito interno e externo dos Estados, do Distrito Federal e dos Munic\u00edpios, inclusive<br \/>\nconcess\u00e3o de garantias, seus limites e condi\u00e7\u00f5es de autoriza\u00e7\u00e3o, e d\u00e1 outras provid\u00eancias,<br \/>\nestabelece em seu artigo 21, que os pleitos devem conter autoriza\u00e7\u00e3o legislativa para<br \/>\nrealiza\u00e7\u00e3o da opera\u00e7\u00e3o.  <\/p>\n<p>Respeitosamente, <\/p>\n<p>CLEVERSON SIEWERT<br \/>\nSecret\u00e1rio de Estado da Fazenda <\/p>\n<p>EDSON MORITZ<br \/>\nDiretor-Presidente da CASAN<br \/>\nCentro Administrativo do Governo &#8211; Rodovia SC 401 &#8211; KM 05, n\u00ba 4.600 \u2013 88032-000 \u2013 Florian\u00f3polis &#8211; SC<br \/>\nFone (48) 3665-2564 \u2013 E-mail gabs@sefaz.sc.gov.br <\/p>\n<p>394<br \/>\nP\u00e1g. 02 de 02 &#8211; Documento assinado digitalmente. Para confer\u00eancia, acesse o site https:\/\/portal.sgpe.sea.sc.gov.br\/portal-externo e informe o processo SEF 00006937\/2024 e o c\u00f3digo 9E2W05JT.Assinaturas do documento<\/p>\n<p>C\u00f3digo para verifica\u00e7\u00e3o: 9E2W05JT<\/p>\n<p>Este documento foi assinado digitalmente pelos seguintes signat\u00e1rios nas datas indicadas:<\/p>\n<p>EDSON MORITZ MARTINS DA SILVA (CPF: 290.XXX.239-XX) em 09\/10\/2024 \u00e0s 11:31:12<br \/>\nEmitido por: &#8220;AC CNDL RFB v3&#8221;, emitido em 31\/03\/2023 &#8211; 14:00:00 e v\u00e1lido at\u00e9 31\/03\/2026 &#8211; 14:00:00.<br \/>\n(Assinatura ICP-Brasil)<\/p>\n<p>CLEVERSON SIEWERT (CPF: 017.XXX.629-XX) em 15\/10\/2024 \u00e0s 09:08:06<br \/>\nEmitido por: &#8220;SGP-e&#8221;, emitido em 02\/01\/2023 &#8211; 18:34:16 e v\u00e1lido at\u00e9 02\/01\/2123 &#8211; 18:34:16.<br \/>\n(Assinatura do sistema)<\/p>\n<p>Para verificar a autenticidade desta c\u00f3pia, acesse o link https:\/\/portal.sgpe.sea.sc.gov.br\/portal-externo\/conferencia-<br \/>\ndocumento\/U0VGXzY5NjRfMDAwMDY5MzdfNjk1Ml8yMDI0XzlFMlcwNUpU ou o site<br \/>\nhttps:\/\/portal.sgpe.sea.sc.gov.br\/portal-externo e informe o processo SEF 00006937\/2024 e o c\u00f3digo 9E2W05JT<br \/>\nou aponte a c\u00e2mera para o QR Code presente nesta p\u00e1gina para realizar a confer\u00eancia.<br \/>\nESTADO DE SANTA CATARINA <\/p>\n<p>PROJETO DE LEI N\u00ba <\/p>\n<p>Autoriza o Poder Executivo a prestar garantia em opera\u00e7\u00e3o de<br \/>\ncr\u00e9dito externo celebrada entre a Companhia Catarinense de<br \/>\n\u00c1guas e Saneamento (CASAN) e o Banco Europeu de<br \/>\nInvestimento (BEI) e estabelece outras provid\u00eancias. <\/p>\n<p>O GOVERNADOR DO ESTADO DE SANTA CATARINA<br \/>\nFa\u00e7o saber a todos os habitantes deste Estado que a<br \/>\nAssembleia Legislativa decreta e eu sanciono a seguinte Lei: <\/p>\n<p>Art. 1\u00ba Fica o Poder Executivo autorizado a prestar garantia<br \/>\nsolid\u00e1ria \u00e0 Companhia Catarinense de \u00c1guas e Saneamento (CASAN), destinada<br \/>\nexclusivamente a assegurar o cumprimento da totalidade das obriga\u00e7\u00f5es decorrentes da<br \/>\nopera\u00e7\u00e3o de cr\u00e9dito externo celebrada entre a CASAN e o Banco Europeu de Investimento<br \/>\n(BEI), com a finalidade de financiar a moderniza\u00e7\u00e3o e extens\u00e3o da infraestrutura de \u00e1gua<br \/>\ne esgoto na \u00e1rea de servi\u00e7os da referida Companhia, no valor de \u20ac 100.000.000,00 (cem<br \/>\nmilh\u00f5es de euros). <\/p>\n<p>Art. 2\u00ba A garantia de que trata esta Lei ser\u00e1 dada em car\u00e1ter<br \/>\nirrevog\u00e1vel e irretrat\u00e1vel, a partir da assinatura do respectivo contrato at\u00e9 o final da<br \/>\nliquida\u00e7\u00e3o de todas as obriga\u00e7\u00f5es nele assumidas. <\/p>\n<p>Art. 3\u00ba Fica o Governador do Estado autorizado a abrir cr\u00e9ditos<br \/>\nadicionais destinados ao pagamento de obriga\u00e7\u00f5es decorrentes da garantia autorizada por<br \/>\nesta Lei. <\/p>\n<p>Art. 4\u00ba Para a concess\u00e3o da garantia de que trata esta Lei, o<br \/>\nEstado, por interm\u00e9dio da Secretaria de Estado da Fazenda (SEF), deve firmar contrato de<br \/>\ncontragarantia com a CASAN, nos termos do inciso I do caput do art. 18 da Resolu\u00e7\u00e3o<br \/>\nn\u00ba 43, de 21 de dezembro de 2001, do Senado Federal, da Resolu\u00e7\u00e3o n\u00ba 48, de 21 de<br \/>\ndezembro de 2007, do Senado Federal, e do \u00a7 1\u00ba do art. 40 da Lei Complementar federal<br \/>\nn\u00ba 101, de 4 de maio de 2000. <\/p>\n<p>Art. 5\u00ba Esta Lei entra em vigor na data de sua publica\u00e7\u00e3o. <\/p>\n<p>Florian\u00f3polis, <\/p>\n<p>JORGINHO MELLO<br \/>\nGovernador do Estado<br \/>\nPJ_292  SEF 6937\/2024<br \/>\n450<br \/>\nP\u00e1g. 01 de 01 &#8211; Documento assinado digitalmente. Para confer\u00eancia, acesse o site https:\/\/portal.sgpe.sea.sc.gov.br\/portal-externo e informe o processo SEF 00006937\/2024 e o c\u00f3digo FO98DV50.Assinaturas do documento<\/p>\n<p>C\u00f3digo para verifica\u00e7\u00e3o: FO98DV50<\/p>\n<p>Este documento foi assinado digitalmente pelos seguintes signat\u00e1rios nas datas indicadas:<\/p>\n<p>JORGINHO DOS SANTOS MELLO (CPF: 250.XXX.199-XX) em 30\/09\/2025 \u00e0s 14:39:23<br \/>\nEmitido por: &#8220;SGP-e&#8221;, emitido em 14\/04\/2023 &#8211; 11:54:30 e v\u00e1lido at\u00e9 14\/04\/2123 &#8211; 11:54:30.<br \/>\n(Assinatura do sistema)<\/p>\n<p>Para verificar a autenticidade desta c\u00f3pia, acesse o link https:\/\/portal.sgpe.sea.sc.gov.br\/portal-externo\/conferencia-<br \/>\ndocumento\/U0VGXzY5NjRfMDAwMDY5MzdfNjk1Ml8yMDI0X0ZPOThEVjUw ou o site<br \/>\nhttps:\/\/portal.sgpe.sea.sc.gov.br\/portal-externo e informe o processo SEF 00006937\/2024 e o c\u00f3digo FO98DV50<br \/>\nou aponte a c\u00e2mera para o QR Code presente nesta p\u00e1gina para realizar a confer\u00eancia.<br \/>\n<\/article>\n<div style=\"text-align: center\">\n<div style=\"margin-bottom: 20px;\" class=\"et_pb_button_module_wrapper et_pb_button_5_tb_body_wrapper et_pb_button_alignment_center et_pb_module \">\n         <a class=\"et_pb_button et_pb_button_5_tb_body et_hover_enabled et_pb_bg_layout_dark\" style=\"width: 50%;background-color: black;\" href=\"https:\/\/app.legislapp.com.br\" target=\"_blank\" rel=\"noopener\">Visualizar completo na nossa plataforma (30 dias gr\u00e1tis)<\/a><\/p><\/div>\n<p>      <a href=\"https:\/\/play.google.com\/store\/apps\/details?id=br.com.legislapp\"><img decoding=\"async\" style=\"width: 15%; min-width: 130px;\" src=\"https:\/\/www.legislapp.com.br\/wp-content\/uploads\/google-play.png\"><\/a><br \/>\n      <a href=\"https:\/\/apps.apple.com\/us\/app\/legislapp\/id1568929859\"><img decoding=\"async\" style=\"width: 15%; min-width: 130px\" src=\"https:\/\/www.legislapp.com.br\/wp-content\/uploads\/apple-store.png\"><\/a>\n   <\/div>\n","protected":false},"excerpt":{"rendered":"<p>C\u00e2m. Legislativa de SC &#8211; Autoria de Governador do Estado Autoriza o Poder Executivo a prestar garantia em opera\u00e7\u00e3o de cr\u00e9dito externo celebrada entre a Companhia Catarinense de \u00c1guas e Saneamento (CASAN) e o Banco Europeu de Investimento (BEI) e estabelece outras provid\u00eancias. ESTADO DE SANTA CATARINA GABINETE DO GOVERNADOR MENSAGEM N\u00ba 1295 EXCELENT\u00cdSSIMO SENHOR [&hellip;]<\/p>\n","protected":false},"author":1,"featured_media":0,"parent":0,"menu_order":0,"comment_status":"closed","ping_status":"closed","template":"page-template-blank.php","meta":{"_et_pb_use_builder":"","_et_pb_old_content":"","_et_gb_content_width":"1080","ngg_post_thumbnail":0,"footnotes":""},"class_list":["post-8229","page","type-page","status-publish","hentry"],"yoast_head":"<!-- This site is optimized with the Yoast SEO plugin v24.4 - https:\/\/yoast.com\/wordpress\/plugins\/seo\/ -->\n<title>PL.\/0717\/2025 - Governador do Estado - Legislapp<\/title>\n<meta name=\"robots\" content=\"index, follow, max-snippet:-1, max-image-preview:large, max-video-preview:-1\" \/>\n<link rel=\"canonical\" href=\"https:\/\/www.legislapp.com.br\/index.php\/cam-legislativa-de-sc-pl-0717-2025\/\" \/>\n<meta property=\"og:locale\" content=\"pt_BR\" \/>\n<meta property=\"og:type\" content=\"article\" \/>\n<meta property=\"og:title\" content=\"PL.\/0717\/2025 - Governador do Estado - Legislapp\" \/>\n<meta property=\"og:description\" content=\"C\u00e2m. Legislativa de SC &#8211; Autoria de Governador do Estado Autoriza o Poder Executivo a prestar garantia em opera\u00e7\u00e3o de cr\u00e9dito externo celebrada entre a Companhia Catarinense de \u00c1guas e Saneamento (CASAN) e o Banco Europeu de Investimento (BEI) e estabelece outras provid\u00eancias. ESTADO DE SANTA CATARINA GABINETE DO GOVERNADOR MENSAGEM N\u00ba 1295 EXCELENT\u00cdSSIMO SENHOR [&hellip;]\" \/>\n<meta property=\"og:url\" content=\"https:\/\/www.legislapp.com.br\/index.php\/cam-legislativa-de-sc-pl-0717-2025\/\" \/>\n<meta property=\"og:site_name\" content=\"Legislapp\" \/>\n<meta property=\"article:publisher\" content=\"https:\/\/www.instagram.com\/legislapp\/\" \/>\n<meta property=\"og:image\" content=\"https:\/\/www.legislapp.com.br\/wp-content\/uploads\/google-play.png\" \/>\n<meta name=\"twitter:card\" content=\"summary_large_image\" \/>\n<meta name=\"twitter:label1\" content=\"Est. tempo de leitura\" \/>\n\t<meta name=\"twitter:data1\" content=\"9 minutos\" \/>\n<script type=\"application\/ld+json\" class=\"yoast-schema-graph\">{\"@context\":\"https:\/\/schema.org\",\"@graph\":[{\"@type\":\"WebPage\",\"@id\":\"https:\/\/www.legislapp.com.br\/index.php\/cam-legislativa-de-sc-pl-0717-2025\/\",\"url\":\"https:\/\/www.legislapp.com.br\/index.php\/cam-legislativa-de-sc-pl-0717-2025\/\",\"name\":\"PL.\/0717\/2025 - Governador do Estado - Legislapp\",\"isPartOf\":{\"@id\":\"https:\/\/www.legislapp.com.br\/#website\"},\"primaryImageOfPage\":{\"@id\":\"https:\/\/www.legislapp.com.br\/index.php\/cam-legislativa-de-sc-pl-0717-2025\/#primaryimage\"},\"image\":{\"@id\":\"https:\/\/www.legislapp.com.br\/index.php\/cam-legislativa-de-sc-pl-0717-2025\/#primaryimage\"},\"thumbnailUrl\":\"https:\/\/www.legislapp.com.br\/wp-content\/uploads\/google-play.png\",\"datePublished\":\"2025-10-08T14:20:04+00:00\",\"breadcrumb\":{\"@id\":\"https:\/\/www.legislapp.com.br\/index.php\/cam-legislativa-de-sc-pl-0717-2025\/#breadcrumb\"},\"inLanguage\":\"pt-BR\",\"potentialAction\":[{\"@type\":\"ReadAction\",\"target\":[\"https:\/\/www.legislapp.com.br\/index.php\/cam-legislativa-de-sc-pl-0717-2025\/\"]}]},{\"@type\":\"ImageObject\",\"inLanguage\":\"pt-BR\",\"@id\":\"https:\/\/www.legislapp.com.br\/index.php\/cam-legislativa-de-sc-pl-0717-2025\/#primaryimage\",\"url\":\"https:\/\/www.legislapp.com.br\/wp-content\/uploads\/google-play.png\",\"contentUrl\":\"https:\/\/www.legislapp.com.br\/wp-content\/uploads\/google-play.png\",\"width\":564,\"height\":168},{\"@type\":\"BreadcrumbList\",\"@id\":\"https:\/\/www.legislapp.com.br\/index.php\/cam-legislativa-de-sc-pl-0717-2025\/#breadcrumb\",\"itemListElement\":[{\"@type\":\"ListItem\",\"position\":1,\"name\":\"In\u00edcio\",\"item\":\"https:\/\/www.legislapp.com.br\/\"},{\"@type\":\"ListItem\",\"position\":2,\"name\":\"PL.\/0717\/2025 &#8211; Governador do Estado\"}]},{\"@type\":\"WebSite\",\"@id\":\"https:\/\/www.legislapp.com.br\/#website\",\"url\":\"https:\/\/www.legislapp.com.br\/\",\"name\":\"Legislapp\",\"description\":\"Intelig\u00eancia governamental em tempo real\",\"publisher\":{\"@id\":\"https:\/\/www.legislapp.com.br\/#organization\"},\"potentialAction\":[{\"@type\":\"SearchAction\",\"target\":{\"@type\":\"EntryPoint\",\"urlTemplate\":\"https:\/\/www.legislapp.com.br\/?s={search_term_string}\"},\"query-input\":{\"@type\":\"PropertyValueSpecification\",\"valueRequired\":true,\"valueName\":\"search_term_string\"}}],\"inLanguage\":\"pt-BR\"},{\"@type\":\"Organization\",\"@id\":\"https:\/\/www.legislapp.com.br\/#organization\",\"name\":\"Legislapp Monitoramento e Intelig\u00eancia Governamental\",\"url\":\"https:\/\/www.legislapp.com.br\/\",\"logo\":{\"@type\":\"ImageObject\",\"inLanguage\":\"pt-BR\",\"@id\":\"https:\/\/www.legislapp.com.br\/#\/schema\/logo\/image\/\",\"url\":\"https:\/\/www.legislapp.com.br\/wp-content\/uploads\/icon.png\",\"contentUrl\":\"https:\/\/www.legislapp.com.br\/wp-content\/uploads\/icon.png\",\"width\":1024,\"height\":1024,\"caption\":\"Legislapp Monitoramento e Intelig\u00eancia Governamental\"},\"image\":{\"@id\":\"https:\/\/www.legislapp.com.br\/#\/schema\/logo\/image\/\"},\"sameAs\":[\"https:\/\/www.instagram.com\/legislapp\/\"]}]}<\/script>\n<!-- \/ Yoast SEO plugin. -->","yoast_head_json":{"title":"PL.\/0717\/2025 - Governador do Estado - Legislapp","robots":{"index":"index","follow":"follow","max-snippet":"max-snippet:-1","max-image-preview":"max-image-preview:large","max-video-preview":"max-video-preview:-1"},"canonical":"https:\/\/www.legislapp.com.br\/index.php\/cam-legislativa-de-sc-pl-0717-2025\/","og_locale":"pt_BR","og_type":"article","og_title":"PL.\/0717\/2025 - Governador do Estado - Legislapp","og_description":"C\u00e2m. Legislativa de SC &#8211; Autoria de Governador do Estado Autoriza o Poder Executivo a prestar garantia em opera\u00e7\u00e3o de cr\u00e9dito externo celebrada entre a Companhia Catarinense de \u00c1guas e Saneamento (CASAN) e o Banco Europeu de Investimento (BEI) e estabelece outras provid\u00eancias. ESTADO DE SANTA CATARINA GABINETE DO GOVERNADOR MENSAGEM N\u00ba 1295 EXCELENT\u00cdSSIMO SENHOR [&hellip;]","og_url":"https:\/\/www.legislapp.com.br\/index.php\/cam-legislativa-de-sc-pl-0717-2025\/","og_site_name":"Legislapp","article_publisher":"https:\/\/www.instagram.com\/legislapp\/","og_image":[{"url":"https:\/\/www.legislapp.com.br\/wp-content\/uploads\/google-play.png","type":"","width":"","height":""}],"twitter_card":"summary_large_image","twitter_misc":{"Est. tempo de leitura":"9 minutos"},"schema":{"@context":"https:\/\/schema.org","@graph":[{"@type":"WebPage","@id":"https:\/\/www.legislapp.com.br\/index.php\/cam-legislativa-de-sc-pl-0717-2025\/","url":"https:\/\/www.legislapp.com.br\/index.php\/cam-legislativa-de-sc-pl-0717-2025\/","name":"PL.\/0717\/2025 - Governador do Estado - Legislapp","isPartOf":{"@id":"https:\/\/www.legislapp.com.br\/#website"},"primaryImageOfPage":{"@id":"https:\/\/www.legislapp.com.br\/index.php\/cam-legislativa-de-sc-pl-0717-2025\/#primaryimage"},"image":{"@id":"https:\/\/www.legislapp.com.br\/index.php\/cam-legislativa-de-sc-pl-0717-2025\/#primaryimage"},"thumbnailUrl":"https:\/\/www.legislapp.com.br\/wp-content\/uploads\/google-play.png","datePublished":"2025-10-08T14:20:04+00:00","breadcrumb":{"@id":"https:\/\/www.legislapp.com.br\/index.php\/cam-legislativa-de-sc-pl-0717-2025\/#breadcrumb"},"inLanguage":"pt-BR","potentialAction":[{"@type":"ReadAction","target":["https:\/\/www.legislapp.com.br\/index.php\/cam-legislativa-de-sc-pl-0717-2025\/"]}]},{"@type":"ImageObject","inLanguage":"pt-BR","@id":"https:\/\/www.legislapp.com.br\/index.php\/cam-legislativa-de-sc-pl-0717-2025\/#primaryimage","url":"https:\/\/www.legislapp.com.br\/wp-content\/uploads\/google-play.png","contentUrl":"https:\/\/www.legislapp.com.br\/wp-content\/uploads\/google-play.png","width":564,"height":168},{"@type":"BreadcrumbList","@id":"https:\/\/www.legislapp.com.br\/index.php\/cam-legislativa-de-sc-pl-0717-2025\/#breadcrumb","itemListElement":[{"@type":"ListItem","position":1,"name":"In\u00edcio","item":"https:\/\/www.legislapp.com.br\/"},{"@type":"ListItem","position":2,"name":"PL.\/0717\/2025 &#8211; Governador do Estado"}]},{"@type":"WebSite","@id":"https:\/\/www.legislapp.com.br\/#website","url":"https:\/\/www.legislapp.com.br\/","name":"Legislapp","description":"Intelig\u00eancia governamental em tempo real","publisher":{"@id":"https:\/\/www.legislapp.com.br\/#organization"},"potentialAction":[{"@type":"SearchAction","target":{"@type":"EntryPoint","urlTemplate":"https:\/\/www.legislapp.com.br\/?s={search_term_string}"},"query-input":{"@type":"PropertyValueSpecification","valueRequired":true,"valueName":"search_term_string"}}],"inLanguage":"pt-BR"},{"@type":"Organization","@id":"https:\/\/www.legislapp.com.br\/#organization","name":"Legislapp Monitoramento e Intelig\u00eancia Governamental","url":"https:\/\/www.legislapp.com.br\/","logo":{"@type":"ImageObject","inLanguage":"pt-BR","@id":"https:\/\/www.legislapp.com.br\/#\/schema\/logo\/image\/","url":"https:\/\/www.legislapp.com.br\/wp-content\/uploads\/icon.png","contentUrl":"https:\/\/www.legislapp.com.br\/wp-content\/uploads\/icon.png","width":1024,"height":1024,"caption":"Legislapp Monitoramento e Intelig\u00eancia Governamental"},"image":{"@id":"https:\/\/www.legislapp.com.br\/#\/schema\/logo\/image\/"},"sameAs":["https:\/\/www.instagram.com\/legislapp\/"]}]}},"_links":{"self":[{"href":"https:\/\/www.legislapp.com.br\/index.php\/wp-json\/wp\/v2\/pages\/8229","targetHints":{"allow":["GET"]}}],"collection":[{"href":"https:\/\/www.legislapp.com.br\/index.php\/wp-json\/wp\/v2\/pages"}],"about":[{"href":"https:\/\/www.legislapp.com.br\/index.php\/wp-json\/wp\/v2\/types\/page"}],"author":[{"embeddable":true,"href":"https:\/\/www.legislapp.com.br\/index.php\/wp-json\/wp\/v2\/users\/1"}],"replies":[{"embeddable":true,"href":"https:\/\/www.legislapp.com.br\/index.php\/wp-json\/wp\/v2\/comments?post=8229"}],"version-history":[{"count":0,"href":"https:\/\/www.legislapp.com.br\/index.php\/wp-json\/wp\/v2\/pages\/8229\/revisions"}],"wp:attachment":[{"href":"https:\/\/www.legislapp.com.br\/index.php\/wp-json\/wp\/v2\/media?parent=8229"}],"curies":[{"name":"wp","href":"https:\/\/api.w.org\/{rel}","templated":true}]}}