{"id":8232,"date":"2025-10-08T11:20:19","date_gmt":"2025-10-08T14:20:19","guid":{"rendered":"https:\/\/www.legislapp.com.br\/index.php\/cam-legislativa-de-sc-pl-0714-2025\/"},"modified":"2025-10-08T11:20:19","modified_gmt":"2025-10-08T14:20:19","slug":"cam-legislativa-de-sc-pl-0714-2025","status":"publish","type":"page","link":"https:\/\/www.legislapp.com.br\/index.php\/cam-legislativa-de-sc-pl-0714-2025\/","title":{"rendered":"PL.\/0714\/2025 &#8211; Junior Cardoso"},"content":{"rendered":"<h1 style='text-align: center;'>C\u00e2m. Legislativa de SC &#8211; Autoria de Junior Cardoso<\/h3>\n<p><\/p>\n<article style='text-align: center'>Altera os artigos Art. 2, Art. 9 \u00ba \u00a7 1\u00ba, \u00a7 2\u00ba e \u00a7 5\u00ba e Art. 10 e da Lei Estadual n\u00ba 17.942 de 12 de maio de 2020, alterando par\u00e2metros do Programa.<\/article>\n<p><\/p>\n<p style='text-align: center'><a href='https:\/\/app.legislapp.com.br\/#\/busca?termo='><\/a><\/p>\n<p><\/p>\n<article>ASSEMBLEIA LEGISLATIVA GABINETE DEPUTADO<br \/>\nESTADO DE SANTA CATARINA JUNIOR CARDOSO<\/p>\n<p>PROJETO DE LEI<\/p>\n<p>Altera os artigos Art. 2, Art. 9 \u00ba \u00a7 1\u00ba, \u00a7 2\u00ba e \u00a7 5\u00ba e Art. 10 e da<br \/>\nLei Estadual n\u00ba 17.942 de 12 de maio de 2020, alterando<br \/>\npar\u00e2metros do Programa.<\/p>\n<p>Art. 1\u00b0 Altera o inciso II do artigo 2\u00ba da Lei n\u00ba 17.942, com a<br \/>\nseguinte reda\u00e7\u00e3o:<\/p>\n<p>&#8220;Art. 2 \u00ba &#8230;&#8230;&#8230;&#8230;&#8230;&#8230;&#8230;&#8230;&#8230;&#8230;.<\/p>\n<p>I \u2013 &#8230;&#8230;&#8230;&#8230;&#8230;&#8230;&#8230;&#8230;&#8230;&#8230;&#8230;.<\/p>\n<p>II \u2013 proponente:<\/p>\n<p>a) a pessoa f\u00edsica residente no Estado, h\u00e1 no m\u00ednimo 3 (tr\u00eas)<br \/>\nano, com atua\u00e7\u00e3o cultural comprovada, h\u00e1 no m\u00ednimo 5 anos,<br \/>\ndiretamente respons\u00e1vel pela promo\u00e7\u00e3o e pela execu\u00e7\u00e3o de<br \/>\nProjetos Culturais a serem beneficiados pelo incentivo de que<br \/>\ntrata esta Lei;<\/p>\n<p>b) pessoa jur\u00eddica estabelecida no Estado, com objetivo<br \/>\nprioritariamente cultural explicitado em seus atos<br \/>\nconstitutivos, diretamente respons\u00e1vel pela promo\u00e7\u00e3o e pela<br \/>\nexecu\u00e7\u00e3o de projetos culturais a serem beneficiados pelo<br \/>\nincentivo de que trata esta Lei com, no m\u00ednimo, 3 (tr\u00eas) ano<br \/>\nde exist\u00eancia legal, funcionamento ininterrupto com<br \/>\natividades p\u00fablicas frequentes, efetiva atua\u00e7\u00e3o priorit\u00e1ria na<br \/>\n\u00e1rea cultural, devidamente comprovada e cujos dirigentes ou<br \/>\ns\u00f3cios comprovem atua\u00e7\u00e3o cultural ininterrupta h\u00e1 no m\u00ednimo<br \/>\n5 anos.&#8221;<\/p>\n<p>Art. 2\u00b0 Altera o \u00a7 5\u00ba do artigo 9\u00ba, da Lei n\u00ba 17.942, com a<br \/>\nseguinte reda\u00e7\u00e3o:<\/p>\n<p>&#8220;Art.9\u00ba &#8211; &#8230;&#8230;&#8230;&#8230;&#8230;&#8230;&#8230;&#8230;<\/p>\n<p>\u00a7 1\u00ba Apresentado \u00e0 Funda\u00e7\u00e3o Catarinense de Cultura, o<br \/>\nprojeto ser\u00e1 apreciado por uma comiss\u00e3o t\u00e9cnica, para<br \/>\navalia\u00e7\u00e3o da adequa\u00e7\u00e3o do or\u00e7amento com o mercado<br \/>\nnacional do setor, viabilidade e capacidade de exequibilidade<br \/>\ndo projeto por parte do proponente, documentos exigidos e<br \/>\nregularidade da entidade, como tamb\u00e9m avaliado pelo<br \/>\nConselho Estadual de Cultura no tocante ao m\u00e9rito e<br \/>\nrelev\u00e2ncia cultural do proponente ou artista\/grupo principal<br \/>\nenvolvido no projeto, no prazo de at\u00e9 60 (sessenta dias) e na<br \/>\nforma estabelecidos em regulamento, tendo como refer\u00eancia<br \/>\ncrit\u00e9rios consoantes com os objetivos a que se refere o art. 1\u00ba<br \/>\ndesta Lei.<\/p>\n<p>\u00a7 2\u00ba A comiss\u00e3o t\u00e9cnica, constitu\u00edda nos termos de<br \/>\nregulamento, ser\u00e1 composta por t\u00e9cnicos da Administra\u00e7\u00e3oEstadual e por representantes do Conselho Estadual de<br \/>\nCultura, bem como por poss\u00edvel contrata\u00e7\u00e3o de comiss\u00e3o<br \/>\nindependente de peritos ou pareceristas das diferentes \u00e1reas<br \/>\nestabelecidas no art. 7\u00ba desta Lei, em quantidade necess\u00e1ria<br \/>\npara que as avalia\u00e7\u00f5es dos projetos submetidos sejam<br \/>\ndentro do prazo de 60 sessenta) dias. Em caso de<br \/>\nreprova\u00e7\u00e3o do projeto submetido, \u00e0 comiss\u00e3o t\u00e9cnica dever\u00e1<br \/>\ninformar ao proponente o prazo de at\u00e9 10 (dez) dias \u00fateis<br \/>\npara ingresso de recurso gratuito. Ap\u00f3s o ingresso do<br \/>\nrecurso, a comiss\u00e3o t\u00e9cnica ter\u00e1 o prazo de at\u00e9 10 (dez) dias<br \/>\n\u00fateis para emiss\u00e3o do parecer de resposta ao recurso. <\/p>\n<p>&#8230;&#8230;&#8230;&#8230;&#8230;&#8230;&#8230;&#8230;&#8230;&#8230;&#8230;&#8230;&#8230;..<\/p>\n<p>\u00a7 5\u00ba O limite m\u00e1ximo de recursos a ser autorizado para<br \/>\ncapta\u00e7\u00e3o junto a empresas, a cada proponente ser\u00e1 de R$<br \/>\n1.200.00,00 (um milh\u00e3o e duzentos mil reais) no total,<br \/>\ndivididos em at\u00e9 6 (seis) projetos para Pessoa Jur\u00eddica e de<br \/>\nR$ 150.000,00 (cento e cinquenta mil reais) no total, divididos<br \/>\nem at\u00e9 3 (tr\u00eas) projetos para Pessoa F\u00edsica, ou na sua falta o<br \/>\n\u00edndice que o substituir.&#8221;<\/p>\n<p>Art. 3\u00b0 Altera o artigo 10\u00ba da Lei n\u00ba 17.942, com a seguinte<br \/>\nreda\u00e7\u00e3o:<\/p>\n<p>&#8220;Art. 10. A submiss\u00e3o de projeto como pessoa f\u00edsica n\u00e3o<br \/>\nimpedir\u00e1 a submiss\u00e3o de projetos por pessoa jur\u00eddica em que<br \/>\no proponente pessoa f\u00edsica configure como s\u00f3cio ou<br \/>\ndirigente. Considera-se como proponentes diferentes a<br \/>\npessoa f\u00edsica e a jur\u00eddica, mesmo que tamb\u00e9m se constitua<br \/>\ncomo tipos empresariais EI e EIRELI ou como s\u00f3cio dirigente<br \/>\ndas demais pessoas jur\u00eddicas, ou ainda, as pessoas jur\u00eddicas<br \/>\nque possuam s\u00f3cios dirigentes em comum ou que participem<br \/>\ndo mesmo grupo empresarial.&#8221;<\/p>\n<p>Art. 4\u00b0 Altera o artigo 20\u00ba da Lei n\u00ba 17.942, com a seguinte<br \/>\nreda\u00e7\u00e3o:<\/p>\n<p>&#8220;Art. 20 . Compete \u00e0 Funda\u00e7\u00e3o Catarinense de Cultura<br \/>\nassegurar a transpar\u00eancia dos projetos aprovados com<br \/>\nfornecimento, em sistema de acesso p\u00fablico para todos os<br \/>\nagentes culturais e \u00f3rg\u00e3os fiscalizadores, dos dados dos<br \/>\nproponentes, dados do projeto aprovado, dados dos<br \/>\nincentivadores, saldo captado e saldo a captar em cada<br \/>\nprojeto em tempo real e fornecedores contratados e pagos<br \/>\ncom o incentivo de cada projeto cultural beneficiado por esta<br \/>\nLei.&#8221;<\/p>\n<p>Art. 5\u00ba Esta Lei entra em vigor na data da publica\u00e7\u00e3o.<\/p>\n<p>Sala da Sess\u00f5es,     <\/p>\n<p>Deputado Junior Cardoso<\/p>\n<p>JUSTIFICATIVA<\/p>\n<p>O presente Projeto de Lei tem como finalidade promover o<br \/>\naperfei\u00e7oamento da legisla\u00e7\u00e3o vigente, ajustando dispositivos que regulam a<br \/>\nimplementa\u00e7\u00e3o de pol\u00edticas p\u00fablicas na \u00e1rea cultural. <\/p>\n<p>As altera\u00e7\u00f5es propostas buscam garantir maior clareza,<br \/>\nefici\u00eancia e seguran\u00e7a jur\u00eddica na aplica\u00e7\u00e3o da norma, al\u00e9m de ampliar a transpar\u00eancia<br \/>\ne a participa\u00e7\u00e3o dos agentes envolvidos. Cabe ressaltar que a proposta n\u00e3o cria<br \/>\ndespesas ao er\u00e1rio, somente altera crit\u00e9rios objetivos para acesso ao programa.<\/p>\n<p>As altera\u00e7\u00f5es propostas referentes a prazos para avalia\u00e7\u00e3o<br \/>\nde projetos \u00e9 decorrente da constante reclama\u00e7\u00e3o do setor cultural pela morosidade. O<br \/>\nlongo per\u00edodo de avalia\u00e7\u00e3o prejudica o setor cultural e, por consequ\u00eancia, o setor<br \/>\ntur\u00edstico e econ\u00f4mico do estado. A aus\u00eancia de prazos definidos em lei \u00e9 prejudicial ao<br \/>\nbom desempenho programa<\/p>\n<p>Trata-se de iniciativa que visa contribuir para o fortalecimento<br \/>\ndas a\u00e7\u00f5es previstas em lei, assegurando a adequada execu\u00e7\u00e3o de seus objetivos e a<br \/>\nmelhoria cont\u00ednua dos mecanismos de incentivo. <\/p>\n<p>Certo da compreens\u00e3o de todos, solicito apoio aos pares<br \/>\npara a tramita\u00e7\u00e3o de presente proposta. <\/p>\n<p>Sala das Sess\u00f5es,<\/p>\n<p>Deputado Junior Cardoso<br \/>\nELEGIS<br \/>\nDocumento assinado eletronicamente por Silvio Cardoso<br \/>\nSistema de Processo<br \/>\nJunior, em 30\/09\/2025, \u00e0s 14:09.<br \/>\nLegislativo Eletr\u00f4nico<\/article>\n<div style=\"text-align: center\">\n<div style=\"margin-bottom: 20px;\" class=\"et_pb_button_module_wrapper et_pb_button_5_tb_body_wrapper et_pb_button_alignment_center et_pb_module \">\n         <a class=\"et_pb_button et_pb_button_5_tb_body et_hover_enabled et_pb_bg_layout_dark\" style=\"width: 50%;background-color: black;\" href=\"https:\/\/app.legislapp.com.br\" target=\"_blank\" rel=\"noopener\">Visualizar completo na nossa plataforma (30 dias gr\u00e1tis)<\/a><\/p><\/div>\n<p>      <a href=\"https:\/\/play.google.com\/store\/apps\/details?id=br.com.legislapp\"><img decoding=\"async\" style=\"width: 15%; min-width: 130px;\" src=\"https:\/\/www.legislapp.com.br\/wp-content\/uploads\/google-play.png\"><\/a><br \/>\n      <a href=\"https:\/\/apps.apple.com\/us\/app\/legislapp\/id1568929859\"><img decoding=\"async\" style=\"width: 15%; min-width: 130px\" src=\"https:\/\/www.legislapp.com.br\/wp-content\/uploads\/apple-store.png\"><\/a>\n   <\/div>\n","protected":false},"excerpt":{"rendered":"<p>C\u00e2m. Legislativa de SC &#8211; Autoria de Junior Cardoso Altera os artigos Art. 2, Art. 9 \u00ba \u00a7 1\u00ba, \u00a7 2\u00ba e \u00a7 5\u00ba e Art. 10 e da Lei Estadual n\u00ba 17.942 de 12 de maio de 2020, alterando par\u00e2metros do Programa. ASSEMBLEIA LEGISLATIVA GABINETE DEPUTADO ESTADO DE SANTA CATARINA JUNIOR CARDOSO PROJETO DE [&hellip;]<\/p>\n","protected":false},"author":1,"featured_media":0,"parent":0,"menu_order":0,"comment_status":"closed","ping_status":"closed","template":"page-template-blank.php","meta":{"_et_pb_use_builder":"","_et_pb_old_content":"","_et_gb_content_width":"1080","ngg_post_thumbnail":0,"footnotes":""},"class_list":["post-8232","page","type-page","status-publish","hentry"],"yoast_head":"<!-- This site is optimized with the Yoast SEO plugin v24.4 - https:\/\/yoast.com\/wordpress\/plugins\/seo\/ -->\n<title>PL.\/0714\/2025 - Junior Cardoso - Legislapp<\/title>\n<meta name=\"robots\" content=\"index, follow, max-snippet:-1, max-image-preview:large, max-video-preview:-1\" \/>\n<link rel=\"canonical\" href=\"https:\/\/www.legislapp.com.br\/index.php\/cam-legislativa-de-sc-pl-0714-2025\/\" \/>\n<meta property=\"og:locale\" content=\"pt_BR\" \/>\n<meta property=\"og:type\" content=\"article\" \/>\n<meta property=\"og:title\" content=\"PL.\/0714\/2025 - Junior Cardoso - Legislapp\" \/>\n<meta property=\"og:description\" content=\"C\u00e2m. Legislativa de SC &#8211; Autoria de Junior Cardoso Altera os artigos Art. 2, Art. 9 \u00ba \u00a7 1\u00ba, \u00a7 2\u00ba e \u00a7 5\u00ba e Art. 10 e da Lei Estadual n\u00ba 17.942 de 12 de maio de 2020, alterando par\u00e2metros do Programa. ASSEMBLEIA LEGISLATIVA GABINETE DEPUTADO ESTADO DE SANTA CATARINA JUNIOR CARDOSO PROJETO DE [&hellip;]\" \/>\n<meta property=\"og:url\" content=\"https:\/\/www.legislapp.com.br\/index.php\/cam-legislativa-de-sc-pl-0714-2025\/\" \/>\n<meta property=\"og:site_name\" content=\"Legislapp\" \/>\n<meta property=\"article:publisher\" content=\"https:\/\/www.instagram.com\/legislapp\/\" \/>\n<meta property=\"og:image\" content=\"https:\/\/www.legislapp.com.br\/wp-content\/uploads\/google-play.png\" \/>\n<meta name=\"twitter:card\" content=\"summary_large_image\" \/>\n<meta name=\"twitter:label1\" content=\"Est. tempo de leitura\" \/>\n\t<meta name=\"twitter:data1\" content=\"5 minutos\" \/>\n<script type=\"application\/ld+json\" class=\"yoast-schema-graph\">{\"@context\":\"https:\/\/schema.org\",\"@graph\":[{\"@type\":\"WebPage\",\"@id\":\"https:\/\/www.legislapp.com.br\/index.php\/cam-legislativa-de-sc-pl-0714-2025\/\",\"url\":\"https:\/\/www.legislapp.com.br\/index.php\/cam-legislativa-de-sc-pl-0714-2025\/\",\"name\":\"PL.\/0714\/2025 - Junior Cardoso - Legislapp\",\"isPartOf\":{\"@id\":\"https:\/\/www.legislapp.com.br\/#website\"},\"primaryImageOfPage\":{\"@id\":\"https:\/\/www.legislapp.com.br\/index.php\/cam-legislativa-de-sc-pl-0714-2025\/#primaryimage\"},\"image\":{\"@id\":\"https:\/\/www.legislapp.com.br\/index.php\/cam-legislativa-de-sc-pl-0714-2025\/#primaryimage\"},\"thumbnailUrl\":\"https:\/\/www.legislapp.com.br\/wp-content\/uploads\/google-play.png\",\"datePublished\":\"2025-10-08T14:20:19+00:00\",\"breadcrumb\":{\"@id\":\"https:\/\/www.legislapp.com.br\/index.php\/cam-legislativa-de-sc-pl-0714-2025\/#breadcrumb\"},\"inLanguage\":\"pt-BR\",\"potentialAction\":[{\"@type\":\"ReadAction\",\"target\":[\"https:\/\/www.legislapp.com.br\/index.php\/cam-legislativa-de-sc-pl-0714-2025\/\"]}]},{\"@type\":\"ImageObject\",\"inLanguage\":\"pt-BR\",\"@id\":\"https:\/\/www.legislapp.com.br\/index.php\/cam-legislativa-de-sc-pl-0714-2025\/#primaryimage\",\"url\":\"https:\/\/www.legislapp.com.br\/wp-content\/uploads\/google-play.png\",\"contentUrl\":\"https:\/\/www.legislapp.com.br\/wp-content\/uploads\/google-play.png\",\"width\":564,\"height\":168},{\"@type\":\"BreadcrumbList\",\"@id\":\"https:\/\/www.legislapp.com.br\/index.php\/cam-legislativa-de-sc-pl-0714-2025\/#breadcrumb\",\"itemListElement\":[{\"@type\":\"ListItem\",\"position\":1,\"name\":\"In\u00edcio\",\"item\":\"https:\/\/www.legislapp.com.br\/\"},{\"@type\":\"ListItem\",\"position\":2,\"name\":\"PL.\/0714\/2025 &#8211; Junior Cardoso\"}]},{\"@type\":\"WebSite\",\"@id\":\"https:\/\/www.legislapp.com.br\/#website\",\"url\":\"https:\/\/www.legislapp.com.br\/\",\"name\":\"Legislapp\",\"description\":\"Intelig\u00eancia governamental em tempo real\",\"publisher\":{\"@id\":\"https:\/\/www.legislapp.com.br\/#organization\"},\"potentialAction\":[{\"@type\":\"SearchAction\",\"target\":{\"@type\":\"EntryPoint\",\"urlTemplate\":\"https:\/\/www.legislapp.com.br\/?s={search_term_string}\"},\"query-input\":{\"@type\":\"PropertyValueSpecification\",\"valueRequired\":true,\"valueName\":\"search_term_string\"}}],\"inLanguage\":\"pt-BR\"},{\"@type\":\"Organization\",\"@id\":\"https:\/\/www.legislapp.com.br\/#organization\",\"name\":\"Legislapp Monitoramento e Intelig\u00eancia Governamental\",\"url\":\"https:\/\/www.legislapp.com.br\/\",\"logo\":{\"@type\":\"ImageObject\",\"inLanguage\":\"pt-BR\",\"@id\":\"https:\/\/www.legislapp.com.br\/#\/schema\/logo\/image\/\",\"url\":\"https:\/\/www.legislapp.com.br\/wp-content\/uploads\/icon.png\",\"contentUrl\":\"https:\/\/www.legislapp.com.br\/wp-content\/uploads\/icon.png\",\"width\":1024,\"height\":1024,\"caption\":\"Legislapp Monitoramento e Intelig\u00eancia Governamental\"},\"image\":{\"@id\":\"https:\/\/www.legislapp.com.br\/#\/schema\/logo\/image\/\"},\"sameAs\":[\"https:\/\/www.instagram.com\/legislapp\/\"]}]}<\/script>\n<!-- \/ Yoast SEO plugin. -->","yoast_head_json":{"title":"PL.\/0714\/2025 - Junior Cardoso - Legislapp","robots":{"index":"index","follow":"follow","max-snippet":"max-snippet:-1","max-image-preview":"max-image-preview:large","max-video-preview":"max-video-preview:-1"},"canonical":"https:\/\/www.legislapp.com.br\/index.php\/cam-legislativa-de-sc-pl-0714-2025\/","og_locale":"pt_BR","og_type":"article","og_title":"PL.\/0714\/2025 - Junior Cardoso - Legislapp","og_description":"C\u00e2m. Legislativa de SC &#8211; Autoria de Junior Cardoso Altera os artigos Art. 2, Art. 9 \u00ba \u00a7 1\u00ba, \u00a7 2\u00ba e \u00a7 5\u00ba e Art. 10 e da Lei Estadual n\u00ba 17.942 de 12 de maio de 2020, alterando par\u00e2metros do Programa. ASSEMBLEIA LEGISLATIVA GABINETE DEPUTADO ESTADO DE SANTA CATARINA JUNIOR CARDOSO PROJETO DE [&hellip;]","og_url":"https:\/\/www.legislapp.com.br\/index.php\/cam-legislativa-de-sc-pl-0714-2025\/","og_site_name":"Legislapp","article_publisher":"https:\/\/www.instagram.com\/legislapp\/","og_image":[{"url":"https:\/\/www.legislapp.com.br\/wp-content\/uploads\/google-play.png","type":"","width":"","height":""}],"twitter_card":"summary_large_image","twitter_misc":{"Est. tempo de leitura":"5 minutos"},"schema":{"@context":"https:\/\/schema.org","@graph":[{"@type":"WebPage","@id":"https:\/\/www.legislapp.com.br\/index.php\/cam-legislativa-de-sc-pl-0714-2025\/","url":"https:\/\/www.legislapp.com.br\/index.php\/cam-legislativa-de-sc-pl-0714-2025\/","name":"PL.\/0714\/2025 - Junior Cardoso - Legislapp","isPartOf":{"@id":"https:\/\/www.legislapp.com.br\/#website"},"primaryImageOfPage":{"@id":"https:\/\/www.legislapp.com.br\/index.php\/cam-legislativa-de-sc-pl-0714-2025\/#primaryimage"},"image":{"@id":"https:\/\/www.legislapp.com.br\/index.php\/cam-legislativa-de-sc-pl-0714-2025\/#primaryimage"},"thumbnailUrl":"https:\/\/www.legislapp.com.br\/wp-content\/uploads\/google-play.png","datePublished":"2025-10-08T14:20:19+00:00","breadcrumb":{"@id":"https:\/\/www.legislapp.com.br\/index.php\/cam-legislativa-de-sc-pl-0714-2025\/#breadcrumb"},"inLanguage":"pt-BR","potentialAction":[{"@type":"ReadAction","target":["https:\/\/www.legislapp.com.br\/index.php\/cam-legislativa-de-sc-pl-0714-2025\/"]}]},{"@type":"ImageObject","inLanguage":"pt-BR","@id":"https:\/\/www.legislapp.com.br\/index.php\/cam-legislativa-de-sc-pl-0714-2025\/#primaryimage","url":"https:\/\/www.legislapp.com.br\/wp-content\/uploads\/google-play.png","contentUrl":"https:\/\/www.legislapp.com.br\/wp-content\/uploads\/google-play.png","width":564,"height":168},{"@type":"BreadcrumbList","@id":"https:\/\/www.legislapp.com.br\/index.php\/cam-legislativa-de-sc-pl-0714-2025\/#breadcrumb","itemListElement":[{"@type":"ListItem","position":1,"name":"In\u00edcio","item":"https:\/\/www.legislapp.com.br\/"},{"@type":"ListItem","position":2,"name":"PL.\/0714\/2025 &#8211; Junior Cardoso"}]},{"@type":"WebSite","@id":"https:\/\/www.legislapp.com.br\/#website","url":"https:\/\/www.legislapp.com.br\/","name":"Legislapp","description":"Intelig\u00eancia governamental em tempo real","publisher":{"@id":"https:\/\/www.legislapp.com.br\/#organization"},"potentialAction":[{"@type":"SearchAction","target":{"@type":"EntryPoint","urlTemplate":"https:\/\/www.legislapp.com.br\/?s={search_term_string}"},"query-input":{"@type":"PropertyValueSpecification","valueRequired":true,"valueName":"search_term_string"}}],"inLanguage":"pt-BR"},{"@type":"Organization","@id":"https:\/\/www.legislapp.com.br\/#organization","name":"Legislapp Monitoramento e Intelig\u00eancia Governamental","url":"https:\/\/www.legislapp.com.br\/","logo":{"@type":"ImageObject","inLanguage":"pt-BR","@id":"https:\/\/www.legislapp.com.br\/#\/schema\/logo\/image\/","url":"https:\/\/www.legislapp.com.br\/wp-content\/uploads\/icon.png","contentUrl":"https:\/\/www.legislapp.com.br\/wp-content\/uploads\/icon.png","width":1024,"height":1024,"caption":"Legislapp Monitoramento e Intelig\u00eancia Governamental"},"image":{"@id":"https:\/\/www.legislapp.com.br\/#\/schema\/logo\/image\/"},"sameAs":["https:\/\/www.instagram.com\/legislapp\/"]}]}},"_links":{"self":[{"href":"https:\/\/www.legislapp.com.br\/index.php\/wp-json\/wp\/v2\/pages\/8232","targetHints":{"allow":["GET"]}}],"collection":[{"href":"https:\/\/www.legislapp.com.br\/index.php\/wp-json\/wp\/v2\/pages"}],"about":[{"href":"https:\/\/www.legislapp.com.br\/index.php\/wp-json\/wp\/v2\/types\/page"}],"author":[{"embeddable":true,"href":"https:\/\/www.legislapp.com.br\/index.php\/wp-json\/wp\/v2\/users\/1"}],"replies":[{"embeddable":true,"href":"https:\/\/www.legislapp.com.br\/index.php\/wp-json\/wp\/v2\/comments?post=8232"}],"version-history":[{"count":0,"href":"https:\/\/www.legislapp.com.br\/index.php\/wp-json\/wp\/v2\/pages\/8232\/revisions"}],"wp:attachment":[{"href":"https:\/\/www.legislapp.com.br\/index.php\/wp-json\/wp\/v2\/media?parent=8232"}],"curies":[{"name":"wp","href":"https:\/\/api.w.org\/{rel}","templated":true}]}}