{"id":8235,"date":"2025-10-08T11:21:16","date_gmt":"2025-10-08T14:21:16","guid":{"rendered":"https:\/\/www.legislapp.com.br\/index.php\/cam-legislativa-de-sc-pl-0712-2025\/"},"modified":"2025-10-08T11:21:16","modified_gmt":"2025-10-08T14:21:16","slug":"cam-legislativa-de-sc-pl-0712-2025","status":"publish","type":"page","link":"https:\/\/www.legislapp.com.br\/index.php\/cam-legislativa-de-sc-pl-0712-2025\/","title":{"rendered":"PL.\/0712\/2025 &#8211; Junior Cardoso"},"content":{"rendered":"<h1 style='text-align: center;'>C\u00e2m. Legislativa de SC &#8211; Autoria de Junior Cardoso<\/h3>\n<p><\/p>\n<article style='text-align: center'>Disp\u00f5e sobre a prote\u00e7\u00e3o integral de crian\u00e7as e adolescentes em situa\u00e7\u00e3o de explora\u00e7\u00e3o, mendic\u00e2ncia ou vulnerabilidade similar, e estabelece diretrizes para a atua\u00e7\u00e3o do Poder P\u00fablico e da sociedade no \u00e2mbito do Estado de Santa Catarina.<\/article>\n<p><\/p>\n<p style='text-align: center'><a href='https:\/\/app.legislapp.com.br\/#\/busca?termo='><\/a><\/p>\n<p><\/p>\n<article>ASSEMBLEIA LEGISLATIVA GABINETE DEPUTADO<br \/>\nESTADO DE SANTA CATARINA JUNIOR CARDOSO<br \/>\nPROJETO DE LEI <\/p>\n<p>Disp\u00f5e sobre a prote\u00e7\u00e3o integral de crian\u00e7as e adolescentes<br \/>\nem situa\u00e7\u00e3o de explora\u00e7\u00e3o, mendic\u00e2ncia ou vulnerabilidade<br \/>\nsimilar, e estabelece diretrizes para a atua\u00e7\u00e3o do Poder<br \/>\nP\u00fablico e da sociedade no \u00e2mbito do Estado de Santa<br \/>\nCatarina. <\/p>\n<p>Art. 1\u00ba &#8211; Esta Lei estabelece diretrizes para a prote\u00e7\u00e3o<br \/>\nintegral de crian\u00e7as e adolescentes encontrados em situa\u00e7\u00e3o de explora\u00e7\u00e3o infantil,<br \/>\ntrabalho infantil, mendic\u00e2ncia ou vulnerabilidade similar, inclusive em sem\u00e1foros e<br \/>\nlogradouros p\u00fablicos, no \u00e2mbito do Estado de Santa Catarina.<\/p>\n<p>Art. 2\u00ba &#8211; A abordagem e o encaminhamento de crian\u00e7as e<br \/>\nadolescentes nas situa\u00e7\u00f5es descritas no Art. 1\u00ba ser\u00e3o realizados pelo Conselho Tutelar,<br \/>\nem conjunto com os \u00f3rg\u00e3os estaduais e municipais competentes, priorizando a<br \/>\naplica\u00e7\u00e3o das medidas protetivas previstas no Estatuto da Crian\u00e7a e do Adolescente e<br \/>\no atendimento integral de suas necessidades.<\/p>\n<p>Par\u00e1grafo \u00fanico. A autoridade policial prestar\u00e1 o apoio<br \/>\nnecess\u00e1rio e imediato \u00e0s a\u00e7\u00f5es de abordagem e encaminhamento realizadas pelos<br \/>\nConselhos Tutelares, garantindo a seguran\u00e7a dos envolvidos e o cumprimento da lei.<\/p>\n<p>Art. 3\u00ba &#8211; Os pais ou respons\u00e1veis legais que, por a\u00e7\u00e3o ou<br \/>\nomiss\u00e3o, consentirem, incentivarem ou forem diretamente respons\u00e1veis pela coloca\u00e7\u00e3o<br \/>\nde crian\u00e7as ou adolescentes nas situa\u00e7\u00f5es descritas no Art. 1\u00ba, estar\u00e3o sujeitos \u00e0s<br \/>\nmedidas previstas no Estatuto da Crian\u00e7a e do Adolescente, incluindo a instaura\u00e7\u00e3o de<br \/>\nprocedimento judicial para a perda ou suspens\u00e3o do poder familiar, nos termos dos<br \/>\nartigos 129, inciso X, e 155 da Lei n\u00ba 8.069, de 13 de julho de 1990, e demais<br \/>\ndispositivos legais aplic\u00e1veis. <\/p>\n<p>Par\u00e1grafo \u00fanico. A instaura\u00e7\u00e3o do procedimento de perda ou<br \/>\nsuspens\u00e3o do poder familiar ser\u00e1 precedida de avalia\u00e7\u00e3o t\u00e9cnica e psicossocial, e<br \/>\nsomente ocorrer\u00e1 ap\u00f3s esgotadas todas as possibilidades de manuten\u00e7\u00e3o da crian\u00e7a<br \/>\nou adolescente em sua fam\u00edlia de origem, mediante o oferecimento de programas de<br \/>\napoio e acompanhamento familiar, priorizando sempre o melhor interesse da crian\u00e7a e<br \/>\ndo adolescente. <\/p>\n<p>Art. 4\u00ba &#8211; O Poder Executivo Estadual, em coopera\u00e7\u00e3o com os<br \/>\nmunic\u00edpios e a sociedade civil, implementar\u00e1 e fortalecer\u00e1 campanhas educativas<br \/>\npermanentes, destinadas \u00e0 conscientiza\u00e7\u00e3o da popula\u00e7\u00e3o sobre os direitos de crian\u00e7as<br \/>\ne adolescentes, os malef\u00edcios da explora\u00e7\u00e3o infantil, do trabalho infantil e da<br \/>\nmendic\u00e2ncia, bem como sobre os canais de den\u00fancia e as formas de apoio \u00e0s fam\u00edlias<br \/>\nem situa\u00e7\u00e3o de vulnerabilidade, desestimulando a pr\u00e1tica de doa\u00e7\u00f5es em logradouros<br \/>\np\u00fablicos que possam incentivar tais pr\u00e1ticas. <\/p>\n<p>Art. 5\u00ba As den\u00fancias de explora\u00e7\u00e3o infantojuvenil, trabalho<br \/>\ninfantil e mendic\u00e2ncia ser\u00e3o recebidas e encaminhadas pelos Conselhos Tutelares,<br \/>\nMinist\u00e9rio P\u00fablico, \u00f3rg\u00e3os de seguran\u00e7a p\u00fablica e demais \u00f3rg\u00e3os da rede de prote\u00e7\u00e3o \u00e0<br \/>\ncrian\u00e7a e ao adolescente, por meio de canais amplamente divulgados pelo Poder<br \/>\nExecutivo Estadual, garantindo-se o sigilo e a prote\u00e7\u00e3o do denunciante. <\/p>\n<p>Art. 6\u00ba O descumprimento das disposi\u00e7\u00f5es desta Lei e das<br \/>\ndemais normas de prote\u00e7\u00e3o \u00e0 crian\u00e7a e ao adolescente ensejar\u00e1 a responsabiliza\u00e7\u00e3o<br \/>\ncivil, penal e administrativa dos infratores, nos termos da legisla\u00e7\u00e3o aplic\u00e1vel, sem<br \/>\npreju\u00edzo das medidas protetivas e socioeducativas cab\u00edveis.<br \/>\nArt. 7\u00ba Esta Lei entra em vigor na data de sua publica\u00e7\u00e3o. <\/p>\n<p>Sala das Sess\u00f5es, <\/p>\n<p>Deputado Junior Cardoso  <\/p>\n<p>JUSTIFICATIVA <\/p>\n<p>O presente Projeto de Lei visa aprimorar a legisla\u00e7\u00e3o<br \/>\nestadual de Santa Catarina no que concerne \u00e0 prote\u00e7\u00e3o de crian\u00e7as e adolescentes em<br \/>\nsitua\u00e7\u00e3o de explora\u00e7\u00e3o, trabalho infantil e mendic\u00e2ncia, alinhando-a de forma mais<br \/>\nprecisa e eficaz com os princ\u00edpios e diretrizes estabelecidos pelo Estatuto da Crian\u00e7a e<br \/>\ndo Adolescente (ECA) \u2013 Lei n\u00ba 8.069, de 13 de julho de 1990 \u2013 e demais normas<br \/>\nfederais pertinentes. <\/p>\n<p>A iniciativa se justifica pela necessidade de fortalecer o<br \/>\narcabou\u00e7o legal que visa garantir a prote\u00e7\u00e3o integral de crian\u00e7as e adolescentes,<br \/>\nespecialmente aqueles em situa\u00e7\u00e3o de vulnerabilidade social, que s\u00e3o expostos a<br \/>\nriscos e viola\u00e7\u00f5es de direitos em logradouros p\u00fablicos e outras situa\u00e7\u00f5es de<br \/>\nexplora\u00e7\u00e3o.<\/p>\n<p>Em suma, o presente Projeto de Lei representa um avan\u00e7o<br \/>\nsignificativo na prote\u00e7\u00e3o de crian\u00e7as e adolescentes em situa\u00e7\u00e3o de vulnerabilidade no<br \/>\nEstado de Santa Catarina. <\/p>\n<p>Ao alinhar-se rigorosamente com o Estatuto da Crian\u00e7a e do<br \/>\nAdolescente e a legisla\u00e7\u00e3o federal, e ao adotar uma abordagem mais humanizada e<br \/>\nintegral, a proposta visa garantir que esses indiv\u00edduos tenham seus direitos<br \/>\nfundamentais assegurados e que possam se desenvolver plenamente, livres de<br \/>\nqualquer forma de explora\u00e7\u00e3o ou neglig\u00eancia. <\/p>\n<p>Sala das Sess\u00f5es, <\/p>\n<p>Deputado Junior Cardoso<br \/>\nELEGIS<br \/>\nDocumento assinado eletronicamente por Silvio Cardoso<br \/>\nSistema de Processo<br \/>\nJunior, em 30\/09\/2025, \u00e0s 14:07.<br \/>\nLegislativo Eletr\u00f4nico<\/article>\n<div style=\"text-align: center\">\n<div style=\"margin-bottom: 20px;\" class=\"et_pb_button_module_wrapper et_pb_button_5_tb_body_wrapper et_pb_button_alignment_center et_pb_module \">\n         <a class=\"et_pb_button et_pb_button_5_tb_body et_hover_enabled et_pb_bg_layout_dark\" style=\"width: 50%;background-color: black;\" href=\"https:\/\/app.legislapp.com.br\" target=\"_blank\" rel=\"noopener\">Visualizar completo na nossa plataforma (30 dias gr\u00e1tis)<\/a><\/p><\/div>\n<p>      <a href=\"https:\/\/play.google.com\/store\/apps\/details?id=br.com.legislapp\"><img decoding=\"async\" style=\"width: 15%; min-width: 130px;\" src=\"https:\/\/www.legislapp.com.br\/wp-content\/uploads\/google-play.png\"><\/a><br \/>\n      <a href=\"https:\/\/apps.apple.com\/us\/app\/legislapp\/id1568929859\"><img decoding=\"async\" style=\"width: 15%; min-width: 130px\" src=\"https:\/\/www.legislapp.com.br\/wp-content\/uploads\/apple-store.png\"><\/a>\n   <\/div>\n","protected":false},"excerpt":{"rendered":"<p>C\u00e2m. Legislativa de SC &#8211; Autoria de Junior Cardoso Disp\u00f5e sobre a prote\u00e7\u00e3o integral de crian\u00e7as e adolescentes em situa\u00e7\u00e3o de explora\u00e7\u00e3o, mendic\u00e2ncia ou vulnerabilidade similar, e estabelece diretrizes para a atua\u00e7\u00e3o do Poder P\u00fablico e da sociedade no \u00e2mbito do Estado de Santa Catarina. ASSEMBLEIA LEGISLATIVA GABINETE DEPUTADO ESTADO DE SANTA CATARINA JUNIOR CARDOSO [&hellip;]<\/p>\n","protected":false},"author":1,"featured_media":0,"parent":0,"menu_order":0,"comment_status":"closed","ping_status":"closed","template":"page-template-blank.php","meta":{"_et_pb_use_builder":"","_et_pb_old_content":"","_et_gb_content_width":"1080","ngg_post_thumbnail":0,"footnotes":""},"class_list":["post-8235","page","type-page","status-publish","hentry"],"yoast_head":"<!-- This site is optimized with the Yoast SEO plugin v24.4 - https:\/\/yoast.com\/wordpress\/plugins\/seo\/ -->\n<title>PL.\/0712\/2025 - Junior Cardoso - Legislapp<\/title>\n<meta name=\"robots\" content=\"index, follow, max-snippet:-1, max-image-preview:large, max-video-preview:-1\" \/>\n<link rel=\"canonical\" href=\"https:\/\/www.legislapp.com.br\/index.php\/cam-legislativa-de-sc-pl-0712-2025\/\" \/>\n<meta property=\"og:locale\" content=\"pt_BR\" \/>\n<meta property=\"og:type\" content=\"article\" \/>\n<meta property=\"og:title\" content=\"PL.\/0712\/2025 - Junior Cardoso - Legislapp\" \/>\n<meta property=\"og:description\" content=\"C\u00e2m. Legislativa de SC &#8211; Autoria de Junior Cardoso Disp\u00f5e sobre a prote\u00e7\u00e3o integral de crian\u00e7as e adolescentes em situa\u00e7\u00e3o de explora\u00e7\u00e3o, mendic\u00e2ncia ou vulnerabilidade similar, e estabelece diretrizes para a atua\u00e7\u00e3o do Poder P\u00fablico e da sociedade no \u00e2mbito do Estado de Santa Catarina. ASSEMBLEIA LEGISLATIVA GABINETE DEPUTADO ESTADO DE SANTA CATARINA JUNIOR CARDOSO [&hellip;]\" \/>\n<meta property=\"og:url\" content=\"https:\/\/www.legislapp.com.br\/index.php\/cam-legislativa-de-sc-pl-0712-2025\/\" \/>\n<meta property=\"og:site_name\" content=\"Legislapp\" \/>\n<meta property=\"article:publisher\" content=\"https:\/\/www.instagram.com\/legislapp\/\" \/>\n<meta property=\"og:image\" content=\"https:\/\/www.legislapp.com.br\/wp-content\/uploads\/google-play.png\" \/>\n<meta name=\"twitter:card\" content=\"summary_large_image\" \/>\n<meta name=\"twitter:label1\" content=\"Est. tempo de leitura\" \/>\n\t<meta name=\"twitter:data1\" content=\"4 minutos\" \/>\n<script type=\"application\/ld+json\" class=\"yoast-schema-graph\">{\"@context\":\"https:\/\/schema.org\",\"@graph\":[{\"@type\":\"WebPage\",\"@id\":\"https:\/\/www.legislapp.com.br\/index.php\/cam-legislativa-de-sc-pl-0712-2025\/\",\"url\":\"https:\/\/www.legislapp.com.br\/index.php\/cam-legislativa-de-sc-pl-0712-2025\/\",\"name\":\"PL.\/0712\/2025 - Junior Cardoso - Legislapp\",\"isPartOf\":{\"@id\":\"https:\/\/www.legislapp.com.br\/#website\"},\"primaryImageOfPage\":{\"@id\":\"https:\/\/www.legislapp.com.br\/index.php\/cam-legislativa-de-sc-pl-0712-2025\/#primaryimage\"},\"image\":{\"@id\":\"https:\/\/www.legislapp.com.br\/index.php\/cam-legislativa-de-sc-pl-0712-2025\/#primaryimage\"},\"thumbnailUrl\":\"https:\/\/www.legislapp.com.br\/wp-content\/uploads\/google-play.png\",\"datePublished\":\"2025-10-08T14:21:16+00:00\",\"breadcrumb\":{\"@id\":\"https:\/\/www.legislapp.com.br\/index.php\/cam-legislativa-de-sc-pl-0712-2025\/#breadcrumb\"},\"inLanguage\":\"pt-BR\",\"potentialAction\":[{\"@type\":\"ReadAction\",\"target\":[\"https:\/\/www.legislapp.com.br\/index.php\/cam-legislativa-de-sc-pl-0712-2025\/\"]}]},{\"@type\":\"ImageObject\",\"inLanguage\":\"pt-BR\",\"@id\":\"https:\/\/www.legislapp.com.br\/index.php\/cam-legislativa-de-sc-pl-0712-2025\/#primaryimage\",\"url\":\"https:\/\/www.legislapp.com.br\/wp-content\/uploads\/google-play.png\",\"contentUrl\":\"https:\/\/www.legislapp.com.br\/wp-content\/uploads\/google-play.png\",\"width\":564,\"height\":168},{\"@type\":\"BreadcrumbList\",\"@id\":\"https:\/\/www.legislapp.com.br\/index.php\/cam-legislativa-de-sc-pl-0712-2025\/#breadcrumb\",\"itemListElement\":[{\"@type\":\"ListItem\",\"position\":1,\"name\":\"In\u00edcio\",\"item\":\"https:\/\/www.legislapp.com.br\/\"},{\"@type\":\"ListItem\",\"position\":2,\"name\":\"PL.\/0712\/2025 &#8211; Junior Cardoso\"}]},{\"@type\":\"WebSite\",\"@id\":\"https:\/\/www.legislapp.com.br\/#website\",\"url\":\"https:\/\/www.legislapp.com.br\/\",\"name\":\"Legislapp\",\"description\":\"Intelig\u00eancia governamental em tempo real\",\"publisher\":{\"@id\":\"https:\/\/www.legislapp.com.br\/#organization\"},\"potentialAction\":[{\"@type\":\"SearchAction\",\"target\":{\"@type\":\"EntryPoint\",\"urlTemplate\":\"https:\/\/www.legislapp.com.br\/?s={search_term_string}\"},\"query-input\":{\"@type\":\"PropertyValueSpecification\",\"valueRequired\":true,\"valueName\":\"search_term_string\"}}],\"inLanguage\":\"pt-BR\"},{\"@type\":\"Organization\",\"@id\":\"https:\/\/www.legislapp.com.br\/#organization\",\"name\":\"Legislapp Monitoramento e Intelig\u00eancia Governamental\",\"url\":\"https:\/\/www.legislapp.com.br\/\",\"logo\":{\"@type\":\"ImageObject\",\"inLanguage\":\"pt-BR\",\"@id\":\"https:\/\/www.legislapp.com.br\/#\/schema\/logo\/image\/\",\"url\":\"https:\/\/www.legislapp.com.br\/wp-content\/uploads\/icon.png\",\"contentUrl\":\"https:\/\/www.legislapp.com.br\/wp-content\/uploads\/icon.png\",\"width\":1024,\"height\":1024,\"caption\":\"Legislapp Monitoramento e Intelig\u00eancia Governamental\"},\"image\":{\"@id\":\"https:\/\/www.legislapp.com.br\/#\/schema\/logo\/image\/\"},\"sameAs\":[\"https:\/\/www.instagram.com\/legislapp\/\"]}]}<\/script>\n<!-- \/ Yoast SEO plugin. -->","yoast_head_json":{"title":"PL.\/0712\/2025 - Junior Cardoso - Legislapp","robots":{"index":"index","follow":"follow","max-snippet":"max-snippet:-1","max-image-preview":"max-image-preview:large","max-video-preview":"max-video-preview:-1"},"canonical":"https:\/\/www.legislapp.com.br\/index.php\/cam-legislativa-de-sc-pl-0712-2025\/","og_locale":"pt_BR","og_type":"article","og_title":"PL.\/0712\/2025 - Junior Cardoso - Legislapp","og_description":"C\u00e2m. Legislativa de SC &#8211; Autoria de Junior Cardoso Disp\u00f5e sobre a prote\u00e7\u00e3o integral de crian\u00e7as e adolescentes em situa\u00e7\u00e3o de explora\u00e7\u00e3o, mendic\u00e2ncia ou vulnerabilidade similar, e estabelece diretrizes para a atua\u00e7\u00e3o do Poder P\u00fablico e da sociedade no \u00e2mbito do Estado de Santa Catarina. ASSEMBLEIA LEGISLATIVA GABINETE DEPUTADO ESTADO DE SANTA CATARINA JUNIOR CARDOSO [&hellip;]","og_url":"https:\/\/www.legislapp.com.br\/index.php\/cam-legislativa-de-sc-pl-0712-2025\/","og_site_name":"Legislapp","article_publisher":"https:\/\/www.instagram.com\/legislapp\/","og_image":[{"url":"https:\/\/www.legislapp.com.br\/wp-content\/uploads\/google-play.png","type":"","width":"","height":""}],"twitter_card":"summary_large_image","twitter_misc":{"Est. tempo de leitura":"4 minutos"},"schema":{"@context":"https:\/\/schema.org","@graph":[{"@type":"WebPage","@id":"https:\/\/www.legislapp.com.br\/index.php\/cam-legislativa-de-sc-pl-0712-2025\/","url":"https:\/\/www.legislapp.com.br\/index.php\/cam-legislativa-de-sc-pl-0712-2025\/","name":"PL.\/0712\/2025 - Junior Cardoso - Legislapp","isPartOf":{"@id":"https:\/\/www.legislapp.com.br\/#website"},"primaryImageOfPage":{"@id":"https:\/\/www.legislapp.com.br\/index.php\/cam-legislativa-de-sc-pl-0712-2025\/#primaryimage"},"image":{"@id":"https:\/\/www.legislapp.com.br\/index.php\/cam-legislativa-de-sc-pl-0712-2025\/#primaryimage"},"thumbnailUrl":"https:\/\/www.legislapp.com.br\/wp-content\/uploads\/google-play.png","datePublished":"2025-10-08T14:21:16+00:00","breadcrumb":{"@id":"https:\/\/www.legislapp.com.br\/index.php\/cam-legislativa-de-sc-pl-0712-2025\/#breadcrumb"},"inLanguage":"pt-BR","potentialAction":[{"@type":"ReadAction","target":["https:\/\/www.legislapp.com.br\/index.php\/cam-legislativa-de-sc-pl-0712-2025\/"]}]},{"@type":"ImageObject","inLanguage":"pt-BR","@id":"https:\/\/www.legislapp.com.br\/index.php\/cam-legislativa-de-sc-pl-0712-2025\/#primaryimage","url":"https:\/\/www.legislapp.com.br\/wp-content\/uploads\/google-play.png","contentUrl":"https:\/\/www.legislapp.com.br\/wp-content\/uploads\/google-play.png","width":564,"height":168},{"@type":"BreadcrumbList","@id":"https:\/\/www.legislapp.com.br\/index.php\/cam-legislativa-de-sc-pl-0712-2025\/#breadcrumb","itemListElement":[{"@type":"ListItem","position":1,"name":"In\u00edcio","item":"https:\/\/www.legislapp.com.br\/"},{"@type":"ListItem","position":2,"name":"PL.\/0712\/2025 &#8211; Junior Cardoso"}]},{"@type":"WebSite","@id":"https:\/\/www.legislapp.com.br\/#website","url":"https:\/\/www.legislapp.com.br\/","name":"Legislapp","description":"Intelig\u00eancia governamental em tempo real","publisher":{"@id":"https:\/\/www.legislapp.com.br\/#organization"},"potentialAction":[{"@type":"SearchAction","target":{"@type":"EntryPoint","urlTemplate":"https:\/\/www.legislapp.com.br\/?s={search_term_string}"},"query-input":{"@type":"PropertyValueSpecification","valueRequired":true,"valueName":"search_term_string"}}],"inLanguage":"pt-BR"},{"@type":"Organization","@id":"https:\/\/www.legislapp.com.br\/#organization","name":"Legislapp Monitoramento e Intelig\u00eancia Governamental","url":"https:\/\/www.legislapp.com.br\/","logo":{"@type":"ImageObject","inLanguage":"pt-BR","@id":"https:\/\/www.legislapp.com.br\/#\/schema\/logo\/image\/","url":"https:\/\/www.legislapp.com.br\/wp-content\/uploads\/icon.png","contentUrl":"https:\/\/www.legislapp.com.br\/wp-content\/uploads\/icon.png","width":1024,"height":1024,"caption":"Legislapp Monitoramento e Intelig\u00eancia Governamental"},"image":{"@id":"https:\/\/www.legislapp.com.br\/#\/schema\/logo\/image\/"},"sameAs":["https:\/\/www.instagram.com\/legislapp\/"]}]}},"_links":{"self":[{"href":"https:\/\/www.legislapp.com.br\/index.php\/wp-json\/wp\/v2\/pages\/8235","targetHints":{"allow":["GET"]}}],"collection":[{"href":"https:\/\/www.legislapp.com.br\/index.php\/wp-json\/wp\/v2\/pages"}],"about":[{"href":"https:\/\/www.legislapp.com.br\/index.php\/wp-json\/wp\/v2\/types\/page"}],"author":[{"embeddable":true,"href":"https:\/\/www.legislapp.com.br\/index.php\/wp-json\/wp\/v2\/users\/1"}],"replies":[{"embeddable":true,"href":"https:\/\/www.legislapp.com.br\/index.php\/wp-json\/wp\/v2\/comments?post=8235"}],"version-history":[{"count":0,"href":"https:\/\/www.legislapp.com.br\/index.php\/wp-json\/wp\/v2\/pages\/8235\/revisions"}],"wp:attachment":[{"href":"https:\/\/www.legislapp.com.br\/index.php\/wp-json\/wp\/v2\/media?parent=8235"}],"curies":[{"name":"wp","href":"https:\/\/api.w.org\/{rel}","templated":true}]}}