{"id":8239,"date":"2025-10-08T11:21:30","date_gmt":"2025-10-08T14:21:30","guid":{"rendered":"https:\/\/www.legislapp.com.br\/index.php\/cam-legislativa-de-sc-pl-0706-2025\/"},"modified":"2025-10-08T11:21:30","modified_gmt":"2025-10-08T14:21:30","slug":"cam-legislativa-de-sc-pl-0706-2025","status":"publish","type":"page","link":"https:\/\/www.legislapp.com.br\/index.php\/cam-legislativa-de-sc-pl-0706-2025\/","title":{"rendered":"PL.\/0706\/2025 &#8211; Altair Silva"},"content":{"rendered":"<h1 style='text-align: center;'>C\u00e2m. Legislativa de SC &#8211; Autoria de Altair Silva<\/h3>\n<p><\/p>\n<article style='text-align: center'>Altera a Lei n\u00ba 19.379, de 18 de julho de 2025, para dispor sobre o licenciamento ambiental das obras do Programa Estrada Boa Rural, e d\u00e1 outras provid\u00eancias.<\/article>\n<p><\/p>\n<p style='text-align: center'><a href='https:\/\/app.legislapp.com.br\/#\/busca?termo='><\/a><\/p>\n<p><\/p>\n<article>ASSEMBLEIA LEGISLATIVA GABINETE DEPUTADO<br \/>\nESTADO DE SANTA CATARINA ALTAIR SILVA<\/p>\n<p>PROJETO DE LEI<\/p>\n<p>Altera a Lei n\u00ba 19.379, de 18 de julho de 2025, para dispor<br \/>\nsobre o licenciamento ambiental das obras do Programa<br \/>\nEstrada Boa Rural, e d\u00e1 outras provid\u00eancias.<\/p>\n<p>Art. 1\u00ba A Lei n\u00ba 19.379, de 17 de janeiro de 2025, passa a<br \/>\nvigorar com as seguintes altera\u00e7\u00f5es:<\/p>\n<p>Art. 5\u00ba-A. As obras e servi\u00e7os realizados no \u00e2mbito do<br \/>\nPrograma Estrada Boa Rural observar\u00e3o a legisla\u00e7\u00e3o ambiental vigente, em especial a<br \/>\nLei n\u00ba 14.675, de 13 de abril de 2009 (C\u00f3digo Estadual do Meio Ambiente).<\/p>\n<p>\u00a7 1\u00ba N\u00e3o se aplicam \u00e0s obras do Programa Estrada Boa<br \/>\nRural as disposi\u00e7\u00f5es da Lei n\u00ba 18.569, de 21 de dezembro de 2022, prevalecendo, em<br \/>\ncaso de conflito, o disposto nesta Lei.<\/p>\n<p>\u00a7 2\u00ba Para os fins desta Lei, considera-se:<\/p>\n<p>I \u2013 estrada vicinal: via p\u00fablica localizada em \u00e1rea rural, de<br \/>\numa s\u00f3 pista, ou mais, destinada prioritariamente ao acesso de propriedades agr\u00edcolas,<br \/>\ncomunidades do interior, escolas rurais, postos de sa\u00fade e equipamentos p\u00fablicos<br \/>\ncomunit\u00e1rios, com fun\u00e7\u00e3o de integra\u00e7\u00e3o local e escoamento da produ\u00e7\u00e3o;<\/p>\n<p>II \u2013 supress\u00e3o significativa de vegeta\u00e7\u00e3o nativa: a remo\u00e7\u00e3o<br \/>\nde cobertura vegetal que ultrapasse a largura de 10 (dez) metros lineares cont\u00ednuos ou<br \/>\nque represente a elimina\u00e7\u00e3o superior a 0,5 hectare em \u00e1rea isolada, desde que fora de<br \/>\n\u00e1rea de preserva\u00e7\u00e3o permanente ou unidade de conserva\u00e7\u00e3o.<\/p>\n<p>\u00a7 3\u00ba Ficam dispensadas de licenciamento ambiental as obras<br \/>\ne interven\u00e7\u00f5es executadas:<\/p>\n<p>I \u2013 em estradas vicinais j\u00e1 consolidadas, assim consideradas<br \/>\naquelas com hist\u00f3rico de uso p\u00fablico regular para circula\u00e7\u00e3o, acesso ou manuten\u00e7\u00e3o;<\/p>\n<p>II \u2013 nos trechos que n\u00e3o impliquem em supress\u00e3o<br \/>\nsignificativa de vegeta\u00e7\u00e3o nativa;<\/p>\n<p>III \u2013 nos locais onde j\u00e1 haja interven\u00e7\u00e3o consolidada em<br \/>\n\u00e1reas de preserva\u00e7\u00e3o permanente, unidades de conserva\u00e7\u00e3o de prote\u00e7\u00e3o integral, em<br \/>\n\u00e1reas de prote\u00e7\u00e3o de mananciais ou em corpos d\u2019\u00e1gua, desde que a obra se limite \u00e0<br \/>\nmanuten\u00e7\u00e3o, adequa\u00e7\u00e3o ou melhoria da estrada existente.<\/p>\n<p>\u00a7 4\u00ba Quando indispens\u00e1vel o licenciamento ambiental, caber\u00e1<br \/>\nao Poder Executivo, por interm\u00e9dio do \u00f3rg\u00e3o competente, adotar rito c\u00e9lere e<br \/>\nsimplificado, compat\u00edvel com a natureza das obras de infraestrutura rural de baixo<br \/>\nimpacto ambiental, observando o disposto no C\u00f3digo Estadual do Meio Ambiente.<\/p>\n<p>\u00a7 5\u00ba Nos casos de interven\u00e7\u00f5es em \u00e1reas de menor impacto<br \/>\nambiental, poder\u00e1 ser adotado procedimento de licenciamento simplificado, mediante<br \/>\nautoriza\u00e7\u00e3o ou cadastro ambiental espec\u00edfico, nos termos de regulamenta\u00e7\u00e3o do Poder<br \/>\nExecutivo.<br \/>\n Art. 5\u00ba-B. O Poder Executivo poder\u00e1 expedir normas<br \/>\ncomplementares necess\u00e1rias \u00e0 execu\u00e7\u00e3o desta Lei, visando assegurar equil\u00edbrio entre<br \/>\na preserva\u00e7\u00e3o ambiental e a viabilidade das obras de infraestrutura rural.<\/p>\n<p>Art. 2\u00ba Esta Lei entra em vigor na data de sua publica\u00e7\u00e3o.<\/p>\n<p>Sala das Sess\u00f5es,<\/p>\n<p>Deputado Altair Silva<br \/>\n J US T I F I CA\u00c7\u00c3O<\/p>\n<p>O presente projeto busca harmonizar a Lei n\u00ba 19.379\/2025,<br \/>\nque instituiu o Programa Estrada Boa Rural, com o C\u00f3digo Estadual do Meio Ambiente<br \/>\n(Lei n\u00ba 14.675\/2009), estabelecendo regras pr\u00f3prias quanto \u00e0 necessidade de<br \/>\nlicenciamento ambiental, conceituando estrada vicinal e delimitando par\u00e2metros<br \/>\nobjetivos para a caracteriza\u00e7\u00e3o de supress\u00e3o significativa de vegeta\u00e7\u00e3o nativa.<\/p>\n<p>Dessa forma, fica afastada a aplica\u00e7\u00e3o da Lei n\u00ba 18.569\/2022<br \/>\nao Programa Estrada Boa Rural, conferindo maior seguran\u00e7a jur\u00eddica e efici\u00eancia na<br \/>\nexecu\u00e7\u00e3o das obras, sem abrir m\u00e3o da preserva\u00e7\u00e3o dos recursos naturais.<\/p>\n<p>A proposta cria hip\u00f3teses de dispensa, autoriza a ado\u00e7\u00e3o de<br \/>\nrito simplificado e garante agilidade para que os benef\u00edcios do Programa Estrada Boa<br \/>\nRural cheguem com maior efetividade \u00e0s comunidades rurais catarinenses.<\/p>\n<p>Deputado Altair Silva<br \/>\nELEGIS<br \/>\nDocumento assinado eletronicamente por Altair Silva, em<br \/>\nSistema de Processo<br \/>\n29\/09\/2025, \u00e0s 11:57.<br \/>\nLegislativo Eletr\u00f4nico<\/article>\n<div style=\"text-align: center\">\n<div style=\"margin-bottom: 20px;\" class=\"et_pb_button_module_wrapper et_pb_button_5_tb_body_wrapper et_pb_button_alignment_center et_pb_module \">\n         <a class=\"et_pb_button et_pb_button_5_tb_body et_hover_enabled et_pb_bg_layout_dark\" style=\"width: 50%;background-color: black;\" href=\"https:\/\/app.legislapp.com.br\" target=\"_blank\" rel=\"noopener\">Visualizar completo na nossa plataforma (30 dias gr\u00e1tis)<\/a><\/p><\/div>\n<p>      <a href=\"https:\/\/play.google.com\/store\/apps\/details?id=br.com.legislapp\"><img decoding=\"async\" style=\"width: 15%; min-width: 130px;\" src=\"https:\/\/www.legislapp.com.br\/wp-content\/uploads\/google-play.png\"><\/a><br \/>\n      <a href=\"https:\/\/apps.apple.com\/us\/app\/legislapp\/id1568929859\"><img decoding=\"async\" style=\"width: 15%; min-width: 130px\" src=\"https:\/\/www.legislapp.com.br\/wp-content\/uploads\/apple-store.png\"><\/a>\n   <\/div>\n","protected":false},"excerpt":{"rendered":"<p>C\u00e2m. Legislativa de SC &#8211; Autoria de Altair Silva Altera a Lei n\u00ba 19.379, de 18 de julho de 2025, para dispor sobre o licenciamento ambiental das obras do Programa Estrada Boa Rural, e d\u00e1 outras provid\u00eancias. ASSEMBLEIA LEGISLATIVA GABINETE DEPUTADO ESTADO DE SANTA CATARINA ALTAIR SILVA PROJETO DE LEI Altera a Lei n\u00ba 19.379, [&hellip;]<\/p>\n","protected":false},"author":1,"featured_media":0,"parent":0,"menu_order":0,"comment_status":"closed","ping_status":"closed","template":"page-template-blank.php","meta":{"_et_pb_use_builder":"","_et_pb_old_content":"","_et_gb_content_width":"1080","ngg_post_thumbnail":0,"footnotes":""},"class_list":["post-8239","page","type-page","status-publish","hentry"],"yoast_head":"<!-- This site is optimized with the Yoast SEO plugin v24.4 - https:\/\/yoast.com\/wordpress\/plugins\/seo\/ -->\n<title>PL.\/0706\/2025 - Altair Silva - Legislapp<\/title>\n<meta name=\"robots\" content=\"index, follow, max-snippet:-1, max-image-preview:large, max-video-preview:-1\" \/>\n<link rel=\"canonical\" href=\"https:\/\/www.legislapp.com.br\/index.php\/cam-legislativa-de-sc-pl-0706-2025\/\" \/>\n<meta property=\"og:locale\" content=\"pt_BR\" \/>\n<meta property=\"og:type\" content=\"article\" \/>\n<meta property=\"og:title\" content=\"PL.\/0706\/2025 - Altair Silva - Legislapp\" \/>\n<meta property=\"og:description\" content=\"C\u00e2m. Legislativa de SC &#8211; Autoria de Altair Silva Altera a Lei n\u00ba 19.379, de 18 de julho de 2025, para dispor sobre o licenciamento ambiental das obras do Programa Estrada Boa Rural, e d\u00e1 outras provid\u00eancias. ASSEMBLEIA LEGISLATIVA GABINETE DEPUTADO ESTADO DE SANTA CATARINA ALTAIR SILVA PROJETO DE LEI Altera a Lei n\u00ba 19.379, [&hellip;]\" \/>\n<meta property=\"og:url\" content=\"https:\/\/www.legislapp.com.br\/index.php\/cam-legislativa-de-sc-pl-0706-2025\/\" \/>\n<meta property=\"og:site_name\" content=\"Legislapp\" \/>\n<meta property=\"article:publisher\" content=\"https:\/\/www.instagram.com\/legislapp\/\" \/>\n<meta property=\"og:image\" content=\"https:\/\/www.legislapp.com.br\/wp-content\/uploads\/google-play.png\" \/>\n<meta name=\"twitter:card\" content=\"summary_large_image\" \/>\n<meta name=\"twitter:label1\" content=\"Est. tempo de leitura\" \/>\n\t<meta name=\"twitter:data1\" content=\"3 minutos\" \/>\n<script type=\"application\/ld+json\" class=\"yoast-schema-graph\">{\"@context\":\"https:\/\/schema.org\",\"@graph\":[{\"@type\":\"WebPage\",\"@id\":\"https:\/\/www.legislapp.com.br\/index.php\/cam-legislativa-de-sc-pl-0706-2025\/\",\"url\":\"https:\/\/www.legislapp.com.br\/index.php\/cam-legislativa-de-sc-pl-0706-2025\/\",\"name\":\"PL.\/0706\/2025 - Altair Silva - Legislapp\",\"isPartOf\":{\"@id\":\"https:\/\/www.legislapp.com.br\/#website\"},\"primaryImageOfPage\":{\"@id\":\"https:\/\/www.legislapp.com.br\/index.php\/cam-legislativa-de-sc-pl-0706-2025\/#primaryimage\"},\"image\":{\"@id\":\"https:\/\/www.legislapp.com.br\/index.php\/cam-legislativa-de-sc-pl-0706-2025\/#primaryimage\"},\"thumbnailUrl\":\"https:\/\/www.legislapp.com.br\/wp-content\/uploads\/google-play.png\",\"datePublished\":\"2025-10-08T14:21:30+00:00\",\"breadcrumb\":{\"@id\":\"https:\/\/www.legislapp.com.br\/index.php\/cam-legislativa-de-sc-pl-0706-2025\/#breadcrumb\"},\"inLanguage\":\"pt-BR\",\"potentialAction\":[{\"@type\":\"ReadAction\",\"target\":[\"https:\/\/www.legislapp.com.br\/index.php\/cam-legislativa-de-sc-pl-0706-2025\/\"]}]},{\"@type\":\"ImageObject\",\"inLanguage\":\"pt-BR\",\"@id\":\"https:\/\/www.legislapp.com.br\/index.php\/cam-legislativa-de-sc-pl-0706-2025\/#primaryimage\",\"url\":\"https:\/\/www.legislapp.com.br\/wp-content\/uploads\/google-play.png\",\"contentUrl\":\"https:\/\/www.legislapp.com.br\/wp-content\/uploads\/google-play.png\",\"width\":564,\"height\":168},{\"@type\":\"BreadcrumbList\",\"@id\":\"https:\/\/www.legislapp.com.br\/index.php\/cam-legislativa-de-sc-pl-0706-2025\/#breadcrumb\",\"itemListElement\":[{\"@type\":\"ListItem\",\"position\":1,\"name\":\"In\u00edcio\",\"item\":\"https:\/\/www.legislapp.com.br\/\"},{\"@type\":\"ListItem\",\"position\":2,\"name\":\"PL.\/0706\/2025 &#8211; Altair Silva\"}]},{\"@type\":\"WebSite\",\"@id\":\"https:\/\/www.legislapp.com.br\/#website\",\"url\":\"https:\/\/www.legislapp.com.br\/\",\"name\":\"Legislapp\",\"description\":\"Intelig\u00eancia governamental em tempo real\",\"publisher\":{\"@id\":\"https:\/\/www.legislapp.com.br\/#organization\"},\"potentialAction\":[{\"@type\":\"SearchAction\",\"target\":{\"@type\":\"EntryPoint\",\"urlTemplate\":\"https:\/\/www.legislapp.com.br\/?s={search_term_string}\"},\"query-input\":{\"@type\":\"PropertyValueSpecification\",\"valueRequired\":true,\"valueName\":\"search_term_string\"}}],\"inLanguage\":\"pt-BR\"},{\"@type\":\"Organization\",\"@id\":\"https:\/\/www.legislapp.com.br\/#organization\",\"name\":\"Legislapp Monitoramento e Intelig\u00eancia Governamental\",\"url\":\"https:\/\/www.legislapp.com.br\/\",\"logo\":{\"@type\":\"ImageObject\",\"inLanguage\":\"pt-BR\",\"@id\":\"https:\/\/www.legislapp.com.br\/#\/schema\/logo\/image\/\",\"url\":\"https:\/\/www.legislapp.com.br\/wp-content\/uploads\/icon.png\",\"contentUrl\":\"https:\/\/www.legislapp.com.br\/wp-content\/uploads\/icon.png\",\"width\":1024,\"height\":1024,\"caption\":\"Legislapp Monitoramento e Intelig\u00eancia Governamental\"},\"image\":{\"@id\":\"https:\/\/www.legislapp.com.br\/#\/schema\/logo\/image\/\"},\"sameAs\":[\"https:\/\/www.instagram.com\/legislapp\/\"]}]}<\/script>\n<!-- \/ Yoast SEO plugin. -->","yoast_head_json":{"title":"PL.\/0706\/2025 - Altair Silva - Legislapp","robots":{"index":"index","follow":"follow","max-snippet":"max-snippet:-1","max-image-preview":"max-image-preview:large","max-video-preview":"max-video-preview:-1"},"canonical":"https:\/\/www.legislapp.com.br\/index.php\/cam-legislativa-de-sc-pl-0706-2025\/","og_locale":"pt_BR","og_type":"article","og_title":"PL.\/0706\/2025 - Altair Silva - Legislapp","og_description":"C\u00e2m. Legislativa de SC &#8211; Autoria de Altair Silva Altera a Lei n\u00ba 19.379, de 18 de julho de 2025, para dispor sobre o licenciamento ambiental das obras do Programa Estrada Boa Rural, e d\u00e1 outras provid\u00eancias. ASSEMBLEIA LEGISLATIVA GABINETE DEPUTADO ESTADO DE SANTA CATARINA ALTAIR SILVA PROJETO DE LEI Altera a Lei n\u00ba 19.379, [&hellip;]","og_url":"https:\/\/www.legislapp.com.br\/index.php\/cam-legislativa-de-sc-pl-0706-2025\/","og_site_name":"Legislapp","article_publisher":"https:\/\/www.instagram.com\/legislapp\/","og_image":[{"url":"https:\/\/www.legislapp.com.br\/wp-content\/uploads\/google-play.png","type":"","width":"","height":""}],"twitter_card":"summary_large_image","twitter_misc":{"Est. tempo de leitura":"3 minutos"},"schema":{"@context":"https:\/\/schema.org","@graph":[{"@type":"WebPage","@id":"https:\/\/www.legislapp.com.br\/index.php\/cam-legislativa-de-sc-pl-0706-2025\/","url":"https:\/\/www.legislapp.com.br\/index.php\/cam-legislativa-de-sc-pl-0706-2025\/","name":"PL.\/0706\/2025 - Altair Silva - Legislapp","isPartOf":{"@id":"https:\/\/www.legislapp.com.br\/#website"},"primaryImageOfPage":{"@id":"https:\/\/www.legislapp.com.br\/index.php\/cam-legislativa-de-sc-pl-0706-2025\/#primaryimage"},"image":{"@id":"https:\/\/www.legislapp.com.br\/index.php\/cam-legislativa-de-sc-pl-0706-2025\/#primaryimage"},"thumbnailUrl":"https:\/\/www.legislapp.com.br\/wp-content\/uploads\/google-play.png","datePublished":"2025-10-08T14:21:30+00:00","breadcrumb":{"@id":"https:\/\/www.legislapp.com.br\/index.php\/cam-legislativa-de-sc-pl-0706-2025\/#breadcrumb"},"inLanguage":"pt-BR","potentialAction":[{"@type":"ReadAction","target":["https:\/\/www.legislapp.com.br\/index.php\/cam-legislativa-de-sc-pl-0706-2025\/"]}]},{"@type":"ImageObject","inLanguage":"pt-BR","@id":"https:\/\/www.legislapp.com.br\/index.php\/cam-legislativa-de-sc-pl-0706-2025\/#primaryimage","url":"https:\/\/www.legislapp.com.br\/wp-content\/uploads\/google-play.png","contentUrl":"https:\/\/www.legislapp.com.br\/wp-content\/uploads\/google-play.png","width":564,"height":168},{"@type":"BreadcrumbList","@id":"https:\/\/www.legislapp.com.br\/index.php\/cam-legislativa-de-sc-pl-0706-2025\/#breadcrumb","itemListElement":[{"@type":"ListItem","position":1,"name":"In\u00edcio","item":"https:\/\/www.legislapp.com.br\/"},{"@type":"ListItem","position":2,"name":"PL.\/0706\/2025 &#8211; Altair Silva"}]},{"@type":"WebSite","@id":"https:\/\/www.legislapp.com.br\/#website","url":"https:\/\/www.legislapp.com.br\/","name":"Legislapp","description":"Intelig\u00eancia governamental em tempo real","publisher":{"@id":"https:\/\/www.legislapp.com.br\/#organization"},"potentialAction":[{"@type":"SearchAction","target":{"@type":"EntryPoint","urlTemplate":"https:\/\/www.legislapp.com.br\/?s={search_term_string}"},"query-input":{"@type":"PropertyValueSpecification","valueRequired":true,"valueName":"search_term_string"}}],"inLanguage":"pt-BR"},{"@type":"Organization","@id":"https:\/\/www.legislapp.com.br\/#organization","name":"Legislapp Monitoramento e Intelig\u00eancia Governamental","url":"https:\/\/www.legislapp.com.br\/","logo":{"@type":"ImageObject","inLanguage":"pt-BR","@id":"https:\/\/www.legislapp.com.br\/#\/schema\/logo\/image\/","url":"https:\/\/www.legislapp.com.br\/wp-content\/uploads\/icon.png","contentUrl":"https:\/\/www.legislapp.com.br\/wp-content\/uploads\/icon.png","width":1024,"height":1024,"caption":"Legislapp Monitoramento e Intelig\u00eancia Governamental"},"image":{"@id":"https:\/\/www.legislapp.com.br\/#\/schema\/logo\/image\/"},"sameAs":["https:\/\/www.instagram.com\/legislapp\/"]}]}},"_links":{"self":[{"href":"https:\/\/www.legislapp.com.br\/index.php\/wp-json\/wp\/v2\/pages\/8239","targetHints":{"allow":["GET"]}}],"collection":[{"href":"https:\/\/www.legislapp.com.br\/index.php\/wp-json\/wp\/v2\/pages"}],"about":[{"href":"https:\/\/www.legislapp.com.br\/index.php\/wp-json\/wp\/v2\/types\/page"}],"author":[{"embeddable":true,"href":"https:\/\/www.legislapp.com.br\/index.php\/wp-json\/wp\/v2\/users\/1"}],"replies":[{"embeddable":true,"href":"https:\/\/www.legislapp.com.br\/index.php\/wp-json\/wp\/v2\/comments?post=8239"}],"version-history":[{"count":0,"href":"https:\/\/www.legislapp.com.br\/index.php\/wp-json\/wp\/v2\/pages\/8239\/revisions"}],"wp:attachment":[{"href":"https:\/\/www.legislapp.com.br\/index.php\/wp-json\/wp\/v2\/media?parent=8239"}],"curies":[{"name":"wp","href":"https:\/\/api.w.org\/{rel}","templated":true}]}}