{"id":8300,"date":"2025-10-08T11:25:15","date_gmt":"2025-10-08T14:25:15","guid":{"rendered":"https:\/\/www.legislapp.com.br\/index.php\/cam-legislativa-de-mg-pl-4347-2025\/"},"modified":"2025-10-08T11:25:15","modified_gmt":"2025-10-08T14:25:15","slug":"cam-legislativa-de-mg-pl-4347-2025","status":"publish","type":"page","link":"https:\/\/www.legislapp.com.br\/index.php\/cam-legislativa-de-mg-pl-4347-2025\/","title":{"rendered":"PL 4347\/2025 &#8211; Deputados"},"content":{"rendered":"<h1 style='text-align: center;'>C\u00e2m. Legislativa de MG &#8211; Autoria de Deputados<\/h3>\n<p><\/p>\n<article style='text-align: center'>Altera a Lei 12393, de 9 de dezembro de 1996, para dar nova<br \/>\ndenomina\u00e7\u00e3o a trecho da Rodovia MG-158.<\/article>\n<p><\/p>\n<p style='text-align: center'><a href='https:\/\/app.legislapp.com.br\/#\/busca?termo='><\/a><\/p>\n<p><\/p>\n<article>Altera a Lei n\u00ba 12.393, de 1996, para denominar \u201cRodovia Monsenhor Jonas Abib\u201d o trecho da rodovia MG-158 (Cardeal Motta), compreendido entre o Munic\u00edpio de Itanhandu at\u00e9 a divisa entre os Estados de Minas Gerais e S\u00e3o Paulo.<br \/>\nA Assembleia Legislativa do Estado de Minas Gerais decreta:<br \/>\nArt. 1\u00ba \u2013 Esta Lei altera a Lei n\u00ba 12.393, de 9 de dezembro de 1996, para estabelecer designa\u00e7\u00e3o supletiva de Rodovia Monsenhor Jonas Abib, \u00e0 rodovia MG-158 (Cardeal Motta), no trecho entre o Munic\u00edpio de Itanhandu at\u00e9 a divisa entre os Estados de Minas Gerais e S\u00e3o Paulo, passando pelo Munic\u00edpio de Passa Quatro.<br \/>\nArt. 2\u00ba \u2013 A ementa da Lei n\u00ba 12.393, de 1996, passa a vigorar com a seguinte reda\u00e7\u00e3o:<br \/>\n\u201cDisp\u00f5e sobre a designa\u00e7\u00e3o supletiva da rodovia MG-158 (Cardeal Motta), nos trechos que especifica.\u201d<br \/>\nArt. 3\u00ba \u2013 O art. 1\u00ba da Lei n\u00ba 12.393, de 1996, passa a vigorar com a seguinte reda\u00e7\u00e3o:<br \/>\n\u201cArt. 1\u00ba A rodovia MG-158 \u00e9 denominada:<br \/>\nI \u2013 Rodovia Cardeal Motta, no trecho que liga o Distrito de Santana do Capivari, do Munic\u00edpio de Pouso Alto, ao Munic\u00edpio de Itanhandu;<br \/>\nII \u2013 Rodovia Monsenhor Jonas Abib, no trecho compreendido entre o Munic\u00edpio de Itanhandu, \u00e0 divisa entre os Estados de Minas Gerais e S\u00e3o Paulo, passando pelo Munic\u00edpio de Passa Quatro.\u201d.<br \/>\nArt. 4\u00ba \u2013 Esta lei entra em vigor na data de sua publica\u00e7\u00e3o.<br \/>\nArt. 5\u00ba \u2013 Revogam-se as disposi\u00e7\u00f5es em contr\u00e1rio.<br \/>\nSala das Reuni\u00f5es, 1\u00ba de setembro de 2025.<br \/>\nChiara Biondini (PP), vice-l\u00edder do Bloco Minas em Frente.<br \/>\nJustifica\u00e7\u00e3o: A MG-158 \u00e9 uma importante rodovia do Estado de Minas Gerais que liga a BR-354, no distrito de Santana do Capivari, no munic\u00edpio de Pouso Alto, at\u00e9 a divisa com o Estado de S\u00e3o Paulo, no munic\u00edpio de Passa Quatro. Ela tem 29 km de extens\u00e3o em pista simples e asfaltada com m\u00e3o dupla de dire\u00e7\u00e3o e passa pelos munic\u00edpios de Pouso Alto, Itanhandu e Passa Quatro. A MG-158 \u00e9 uma das principais vias da regi\u00e3o da Estrada Real e do circuito tur\u00edstico das Terras Altas da Mantiqueira e d\u00e1 acesso \u00e0 Comunidade Can\u00e7\u00e3o Nova e ao Vale do Para\u00edba a partir da rodovia SP-52 e SP-166.<br \/>\nA lei estadual 5.332, de 10.11.1969, deu a essa rodovia o nome de Rodovia dos Bandeirantes. Posteriormente, por for\u00e7a da lei estadual 12.393, de 9.12.1996, a denomina\u00e7\u00e3o foi alterada para Rodovia Cardeal Motta.<br \/>\nDe modo a atender ao pleito das lideran\u00e7as pol\u00edticas e comunit\u00e1rias dos munic\u00edpios cortados pela MG-158, (distrito de Santana do Capivari, do munic\u00edpio de Pouso Alto, Itanhandu e Passa Quatro), nos seus 29 km de extens\u00e3o, a Deputada que a este subscreve, conta com o apoio de seus nobres pares para a aprova\u00e7\u00e3o deste projeto de lei, que confere o nome do Monsenhor Jonas Abib ao trecho da MG-158, de Itanhandu at\u00e9 a divisa entre os Estados de Minas Gerais e S\u00e3o Paulo, passando pelo Munic\u00edpio de Passa Quatro, em reconhecimento ao idealizador e fundador da Comunidade Can\u00e7\u00e3o Nova. Trata-se de importante rodovia que praticamente liga Minas Gerais \u00e0 Cachoeira Paulista, Sede Nacional da Can\u00e7\u00e3o Nova, onde milhares de peregrinos trafegam com destino a referida cidade.<br \/>\nSen\u00e3o vejamos uma breve s\u00edntese de sua rica biografia.<br \/>\nO Monsenhor Jonas Abib, com apenas 13 anos de idade, entrou para o semin\u00e1rio, uma voca\u00e7\u00e3o que deu muitos frutos, entre eles a Comunidade Can\u00e7\u00e3o Nova.<br \/>\nNatural de Elias Fausto (SP), Monsenhor Jonas nasceu em 21 de dezembro de 1936. Aos 13 anos, entrou para o semin\u00e1rio salesiano, no Col\u00e9gio S\u00e3o Manoel, em Lavrinhas (SP). Cursou Filosofia em Lorena (SP) e Teologia em S\u00e3o Paulo (SP), sendo ordenado sacerdote, em 1964, com o lema \u201cFeito tudo para todos\u201d.<br \/>\nUm dos marcos em sua vida e minist\u00e9rio foi quando conheceu a Renova\u00e7\u00e3o Carism\u00e1tica Cat\u00f3lica em 1971. Empenhado no trabalho com a juventude, fundou a Comunidade Can\u00e7\u00e3o Nova oito anos depois, em 1978. Um carisma cuja miss\u00e3o \u00e9 a evangeliza\u00e7\u00e3o pelos meios de comunica\u00e7\u00e3o.<br \/>\nEm 2002, esteve com o Papa Jo\u00e3o Paulo II, hoje santo da Igreja Cat\u00f3lica. O encontro foi, para ele, a confirma\u00e7\u00e3o de sua miss\u00e3o na Can\u00e7\u00e3o Nova.<br \/>\nEm 2004, foi a vez de F\u00e1tima, Portugal. L\u00e1, ele consagrou ao Imaculado Cora\u00e7\u00e3o de Maria todo o Sistema Can\u00e7\u00e3o Nova de Comunica\u00e7\u00e3o e tamb\u00e9m os membros e s\u00f3cios desta obra.<br \/>\nUma grande realiza\u00e7\u00e3o veio em 2004: a inaugura\u00e7\u00e3o do Centro de Evangeliza\u00e7\u00e3o Dom Jo\u00e3o Hip\u00f3lito de Moraes, um local para mais de 80 mil pessoas. Por ocasi\u00e3o da novidade, um grande evento que se tornou o maior da Comunidade: \u201cHosana Brasil\u201d.<br \/>\nJ\u00e1 aos 70 anos de idade, a novidade foi a grava\u00e7\u00e3o do seu primeiro DVD musical, intitulado \u201cComo \u00e9 linda a nossa fam\u00edlia\u201d. A obra foi lan\u00e7ada no dia 2 de fevereiro de 2008, quando a Comunidade completou 30 anos, e apresenta algumas das melodias consagradas em sua caminhada na m\u00fasica cat\u00f3lica.<br \/>\nEm outubro de 2007, um reconhecimento importante para seu minist\u00e9rio sacerdotal: o t\u00edtulo de Monsenhor. Foi concedido pelo Papa Bento XVI a pedido do bispo da diocese de Lorena (SP), Dom Benedito Beni Santos.<br \/>\nNo ano seguinte, um marco para a Comunidade Can\u00e7\u00e3o Nova: o Reconhecimento Pontif\u00edcio, em Roma, no Vaticano. O reconhecimento definitivo veio em 2014, no dia 29 de junho.<br \/>\nCom isso, a Can\u00e7\u00e3o Nova \u00e9 considerada, pela Santa S\u00e9, como uma \u201cAssocia\u00e7\u00e3o de fi\u00e9is Internacional de Direito Pontif\u00edcio\u201d. Ou seja, est\u00e1 a servi\u00e7o da Igreja no mundo inteiro, n\u00e3o s\u00f3 local.<br \/>\nOutro grande momento na hist\u00f3ria do sacerdote foi quando, em janeiro de 2009, a Comunidade por ele fundada foi admitida oficialmente na Fam\u00edlia Salesiana. Os salesianos s\u00e3o uma organiza\u00e7\u00e3o internacional de pessoas dedicadas, em tempo integral, ao servi\u00e7o dos jovens, especialmente os mais pobres e necessitados.<br \/>\nO Monsenhor Jonas Adib faleceu em 12.12.2022, deixando para as popula\u00e7\u00f5es Mineiras e Paulistas esse grande legado de f\u00e9 e ajuda ao pr\u00f3ximo.<br \/>\nDessa forma, o projeto de lei ora proposto \u00e9 pertinente e se coaduna com pleito das lideran\u00e7as pol\u00edticas e comunit\u00e1rias dos munic\u00edpios cortados pela MG-158, raz\u00e3o pela qual, conto com o apoio dos nobres colegas parlamentares desta Casa para a sua aprova\u00e7\u00e3o.<br \/>\n\u2013 Publicado, vai o projeto \u00e0s Comiss\u00f5es de Justi\u00e7a, para exame preliminar, e de Transporte, para delibera\u00e7\u00e3o, nos termos do art. 188, c\/c o art. 103, inciso I, do Regimento Interno.<\/article>\n<div style=\"text-align: center\">\n<div style=\"margin-bottom: 20px;\" class=\"et_pb_button_module_wrapper et_pb_button_5_tb_body_wrapper et_pb_button_alignment_center et_pb_module \">\n         <a class=\"et_pb_button et_pb_button_5_tb_body et_hover_enabled et_pb_bg_layout_dark\" style=\"width: 50%;background-color: black;\" href=\"https:\/\/app.legislapp.com.br\" target=\"_blank\" rel=\"noopener\">Visualizar completo na nossa plataforma (30 dias gr\u00e1tis)<\/a><\/p><\/div>\n<p>      <a href=\"https:\/\/play.google.com\/store\/apps\/details?id=br.com.legislapp\"><img decoding=\"async\" style=\"width: 15%; min-width: 130px;\" src=\"https:\/\/www.legislapp.com.br\/wp-content\/uploads\/google-play.png\"><\/a><br \/>\n      <a href=\"https:\/\/apps.apple.com\/us\/app\/legislapp\/id1568929859\"><img decoding=\"async\" style=\"width: 15%; min-width: 130px\" src=\"https:\/\/www.legislapp.com.br\/wp-content\/uploads\/apple-store.png\"><\/a>\n   <\/div>\n","protected":false},"excerpt":{"rendered":"<p>C\u00e2m. Legislativa de MG &#8211; Autoria de Deputados Altera a Lei 12393, de 9 de dezembro de 1996, para dar nova denomina\u00e7\u00e3o a trecho da Rodovia MG-158. Altera a Lei n\u00ba 12.393, de 1996, para denominar \u201cRodovia Monsenhor Jonas Abib\u201d o trecho da rodovia MG-158 (Cardeal Motta), compreendido entre o Munic\u00edpio de Itanhandu at\u00e9 a [&hellip;]<\/p>\n","protected":false},"author":1,"featured_media":0,"parent":0,"menu_order":0,"comment_status":"closed","ping_status":"closed","template":"page-template-blank.php","meta":{"_et_pb_use_builder":"","_et_pb_old_content":"","_et_gb_content_width":"1080","ngg_post_thumbnail":0,"footnotes":""},"class_list":["post-8300","page","type-page","status-publish","hentry"],"yoast_head":"<!-- This site is optimized with the Yoast SEO plugin v24.4 - https:\/\/yoast.com\/wordpress\/plugins\/seo\/ -->\n<title>PL 4347\/2025 - Deputados - Legislapp<\/title>\n<meta name=\"robots\" content=\"index, follow, max-snippet:-1, max-image-preview:large, max-video-preview:-1\" \/>\n<link rel=\"canonical\" href=\"https:\/\/www.legislapp.com.br\/index.php\/cam-legislativa-de-mg-pl-4347-2025\/\" \/>\n<meta property=\"og:locale\" content=\"pt_BR\" \/>\n<meta property=\"og:type\" content=\"article\" \/>\n<meta property=\"og:title\" content=\"PL 4347\/2025 - Deputados - Legislapp\" \/>\n<meta property=\"og:description\" content=\"C\u00e2m. Legislativa de MG &#8211; Autoria de Deputados Altera a Lei 12393, de 9 de dezembro de 1996, para dar nova denomina\u00e7\u00e3o a trecho da Rodovia MG-158. Altera a Lei n\u00ba 12.393, de 1996, para denominar \u201cRodovia Monsenhor Jonas Abib\u201d o trecho da rodovia MG-158 (Cardeal Motta), compreendido entre o Munic\u00edpio de Itanhandu at\u00e9 a [&hellip;]\" \/>\n<meta property=\"og:url\" content=\"https:\/\/www.legislapp.com.br\/index.php\/cam-legislativa-de-mg-pl-4347-2025\/\" \/>\n<meta property=\"og:site_name\" content=\"Legislapp\" \/>\n<meta property=\"article:publisher\" content=\"https:\/\/www.instagram.com\/legislapp\/\" \/>\n<meta property=\"og:image\" content=\"https:\/\/www.legislapp.com.br\/wp-content\/uploads\/google-play.png\" \/>\n<meta name=\"twitter:card\" content=\"summary_large_image\" \/>\n<meta name=\"twitter:label1\" content=\"Est. tempo de leitura\" \/>\n\t<meta name=\"twitter:data1\" content=\"6 minutos\" \/>\n<script type=\"application\/ld+json\" class=\"yoast-schema-graph\">{\"@context\":\"https:\/\/schema.org\",\"@graph\":[{\"@type\":\"WebPage\",\"@id\":\"https:\/\/www.legislapp.com.br\/index.php\/cam-legislativa-de-mg-pl-4347-2025\/\",\"url\":\"https:\/\/www.legislapp.com.br\/index.php\/cam-legislativa-de-mg-pl-4347-2025\/\",\"name\":\"PL 4347\/2025 - Deputados - Legislapp\",\"isPartOf\":{\"@id\":\"https:\/\/www.legislapp.com.br\/#website\"},\"primaryImageOfPage\":{\"@id\":\"https:\/\/www.legislapp.com.br\/index.php\/cam-legislativa-de-mg-pl-4347-2025\/#primaryimage\"},\"image\":{\"@id\":\"https:\/\/www.legislapp.com.br\/index.php\/cam-legislativa-de-mg-pl-4347-2025\/#primaryimage\"},\"thumbnailUrl\":\"https:\/\/www.legislapp.com.br\/wp-content\/uploads\/google-play.png\",\"datePublished\":\"2025-10-08T14:25:15+00:00\",\"breadcrumb\":{\"@id\":\"https:\/\/www.legislapp.com.br\/index.php\/cam-legislativa-de-mg-pl-4347-2025\/#breadcrumb\"},\"inLanguage\":\"pt-BR\",\"potentialAction\":[{\"@type\":\"ReadAction\",\"target\":[\"https:\/\/www.legislapp.com.br\/index.php\/cam-legislativa-de-mg-pl-4347-2025\/\"]}]},{\"@type\":\"ImageObject\",\"inLanguage\":\"pt-BR\",\"@id\":\"https:\/\/www.legislapp.com.br\/index.php\/cam-legislativa-de-mg-pl-4347-2025\/#primaryimage\",\"url\":\"https:\/\/www.legislapp.com.br\/wp-content\/uploads\/google-play.png\",\"contentUrl\":\"https:\/\/www.legislapp.com.br\/wp-content\/uploads\/google-play.png\",\"width\":564,\"height\":168},{\"@type\":\"BreadcrumbList\",\"@id\":\"https:\/\/www.legislapp.com.br\/index.php\/cam-legislativa-de-mg-pl-4347-2025\/#breadcrumb\",\"itemListElement\":[{\"@type\":\"ListItem\",\"position\":1,\"name\":\"In\u00edcio\",\"item\":\"https:\/\/www.legislapp.com.br\/\"},{\"@type\":\"ListItem\",\"position\":2,\"name\":\"PL 4347\/2025 &#8211; Deputados\"}]},{\"@type\":\"WebSite\",\"@id\":\"https:\/\/www.legislapp.com.br\/#website\",\"url\":\"https:\/\/www.legislapp.com.br\/\",\"name\":\"Legislapp\",\"description\":\"Intelig\u00eancia governamental em tempo real\",\"publisher\":{\"@id\":\"https:\/\/www.legislapp.com.br\/#organization\"},\"potentialAction\":[{\"@type\":\"SearchAction\",\"target\":{\"@type\":\"EntryPoint\",\"urlTemplate\":\"https:\/\/www.legislapp.com.br\/?s={search_term_string}\"},\"query-input\":{\"@type\":\"PropertyValueSpecification\",\"valueRequired\":true,\"valueName\":\"search_term_string\"}}],\"inLanguage\":\"pt-BR\"},{\"@type\":\"Organization\",\"@id\":\"https:\/\/www.legislapp.com.br\/#organization\",\"name\":\"Legislapp Monitoramento e Intelig\u00eancia Governamental\",\"url\":\"https:\/\/www.legislapp.com.br\/\",\"logo\":{\"@type\":\"ImageObject\",\"inLanguage\":\"pt-BR\",\"@id\":\"https:\/\/www.legislapp.com.br\/#\/schema\/logo\/image\/\",\"url\":\"https:\/\/www.legislapp.com.br\/wp-content\/uploads\/icon.png\",\"contentUrl\":\"https:\/\/www.legislapp.com.br\/wp-content\/uploads\/icon.png\",\"width\":1024,\"height\":1024,\"caption\":\"Legislapp Monitoramento e Intelig\u00eancia Governamental\"},\"image\":{\"@id\":\"https:\/\/www.legislapp.com.br\/#\/schema\/logo\/image\/\"},\"sameAs\":[\"https:\/\/www.instagram.com\/legislapp\/\"]}]}<\/script>\n<!-- \/ Yoast SEO plugin. -->","yoast_head_json":{"title":"PL 4347\/2025 - Deputados - Legislapp","robots":{"index":"index","follow":"follow","max-snippet":"max-snippet:-1","max-image-preview":"max-image-preview:large","max-video-preview":"max-video-preview:-1"},"canonical":"https:\/\/www.legislapp.com.br\/index.php\/cam-legislativa-de-mg-pl-4347-2025\/","og_locale":"pt_BR","og_type":"article","og_title":"PL 4347\/2025 - Deputados - Legislapp","og_description":"C\u00e2m. Legislativa de MG &#8211; Autoria de Deputados Altera a Lei 12393, de 9 de dezembro de 1996, para dar nova denomina\u00e7\u00e3o a trecho da Rodovia MG-158. Altera a Lei n\u00ba 12.393, de 1996, para denominar \u201cRodovia Monsenhor Jonas Abib\u201d o trecho da rodovia MG-158 (Cardeal Motta), compreendido entre o Munic\u00edpio de Itanhandu at\u00e9 a [&hellip;]","og_url":"https:\/\/www.legislapp.com.br\/index.php\/cam-legislativa-de-mg-pl-4347-2025\/","og_site_name":"Legislapp","article_publisher":"https:\/\/www.instagram.com\/legislapp\/","og_image":[{"url":"https:\/\/www.legislapp.com.br\/wp-content\/uploads\/google-play.png","type":"","width":"","height":""}],"twitter_card":"summary_large_image","twitter_misc":{"Est. tempo de leitura":"6 minutos"},"schema":{"@context":"https:\/\/schema.org","@graph":[{"@type":"WebPage","@id":"https:\/\/www.legislapp.com.br\/index.php\/cam-legislativa-de-mg-pl-4347-2025\/","url":"https:\/\/www.legislapp.com.br\/index.php\/cam-legislativa-de-mg-pl-4347-2025\/","name":"PL 4347\/2025 - Deputados - Legislapp","isPartOf":{"@id":"https:\/\/www.legislapp.com.br\/#website"},"primaryImageOfPage":{"@id":"https:\/\/www.legislapp.com.br\/index.php\/cam-legislativa-de-mg-pl-4347-2025\/#primaryimage"},"image":{"@id":"https:\/\/www.legislapp.com.br\/index.php\/cam-legislativa-de-mg-pl-4347-2025\/#primaryimage"},"thumbnailUrl":"https:\/\/www.legislapp.com.br\/wp-content\/uploads\/google-play.png","datePublished":"2025-10-08T14:25:15+00:00","breadcrumb":{"@id":"https:\/\/www.legislapp.com.br\/index.php\/cam-legislativa-de-mg-pl-4347-2025\/#breadcrumb"},"inLanguage":"pt-BR","potentialAction":[{"@type":"ReadAction","target":["https:\/\/www.legislapp.com.br\/index.php\/cam-legislativa-de-mg-pl-4347-2025\/"]}]},{"@type":"ImageObject","inLanguage":"pt-BR","@id":"https:\/\/www.legislapp.com.br\/index.php\/cam-legislativa-de-mg-pl-4347-2025\/#primaryimage","url":"https:\/\/www.legislapp.com.br\/wp-content\/uploads\/google-play.png","contentUrl":"https:\/\/www.legislapp.com.br\/wp-content\/uploads\/google-play.png","width":564,"height":168},{"@type":"BreadcrumbList","@id":"https:\/\/www.legislapp.com.br\/index.php\/cam-legislativa-de-mg-pl-4347-2025\/#breadcrumb","itemListElement":[{"@type":"ListItem","position":1,"name":"In\u00edcio","item":"https:\/\/www.legislapp.com.br\/"},{"@type":"ListItem","position":2,"name":"PL 4347\/2025 &#8211; Deputados"}]},{"@type":"WebSite","@id":"https:\/\/www.legislapp.com.br\/#website","url":"https:\/\/www.legislapp.com.br\/","name":"Legislapp","description":"Intelig\u00eancia governamental em tempo real","publisher":{"@id":"https:\/\/www.legislapp.com.br\/#organization"},"potentialAction":[{"@type":"SearchAction","target":{"@type":"EntryPoint","urlTemplate":"https:\/\/www.legislapp.com.br\/?s={search_term_string}"},"query-input":{"@type":"PropertyValueSpecification","valueRequired":true,"valueName":"search_term_string"}}],"inLanguage":"pt-BR"},{"@type":"Organization","@id":"https:\/\/www.legislapp.com.br\/#organization","name":"Legislapp Monitoramento e Intelig\u00eancia Governamental","url":"https:\/\/www.legislapp.com.br\/","logo":{"@type":"ImageObject","inLanguage":"pt-BR","@id":"https:\/\/www.legislapp.com.br\/#\/schema\/logo\/image\/","url":"https:\/\/www.legislapp.com.br\/wp-content\/uploads\/icon.png","contentUrl":"https:\/\/www.legislapp.com.br\/wp-content\/uploads\/icon.png","width":1024,"height":1024,"caption":"Legislapp Monitoramento e Intelig\u00eancia Governamental"},"image":{"@id":"https:\/\/www.legislapp.com.br\/#\/schema\/logo\/image\/"},"sameAs":["https:\/\/www.instagram.com\/legislapp\/"]}]}},"_links":{"self":[{"href":"https:\/\/www.legislapp.com.br\/index.php\/wp-json\/wp\/v2\/pages\/8300","targetHints":{"allow":["GET"]}}],"collection":[{"href":"https:\/\/www.legislapp.com.br\/index.php\/wp-json\/wp\/v2\/pages"}],"about":[{"href":"https:\/\/www.legislapp.com.br\/index.php\/wp-json\/wp\/v2\/types\/page"}],"author":[{"embeddable":true,"href":"https:\/\/www.legislapp.com.br\/index.php\/wp-json\/wp\/v2\/users\/1"}],"replies":[{"embeddable":true,"href":"https:\/\/www.legislapp.com.br\/index.php\/wp-json\/wp\/v2\/comments?post=8300"}],"version-history":[{"count":0,"href":"https:\/\/www.legislapp.com.br\/index.php\/wp-json\/wp\/v2\/pages\/8300\/revisions"}],"wp:attachment":[{"href":"https:\/\/www.legislapp.com.br\/index.php\/wp-json\/wp\/v2\/media?parent=8300"}],"curies":[{"name":"wp","href":"https:\/\/api.w.org\/{rel}","templated":true}]}}