{"id":8339,"date":"2025-10-08T11:27:59","date_gmt":"2025-10-08T14:27:59","guid":{"rendered":"https:\/\/www.legislapp.com.br\/index.php\/cam-legislativa-de-sc-pl-0662-2025\/"},"modified":"2025-10-08T11:27:59","modified_gmt":"2025-10-08T14:27:59","slug":"cam-legislativa-de-sc-pl-0662-2025","status":"publish","type":"page","link":"https:\/\/www.legislapp.com.br\/index.php\/cam-legislativa-de-sc-pl-0662-2025\/","title":{"rendered":"PL.\/0662\/2025 &#8211; Pep\u00ea Colla\u00e7o"},"content":{"rendered":"<h1 style='text-align: center;'>C\u00e2m. Legislativa de SC &#8211; Autoria de Pep\u00ea Colla\u00e7o<\/h3>\n<p><\/p>\n<article style='text-align: center'>Altera o Anexo I da Lei no 16.720, de 2015, que &#8220;Consolida as Leis que disp\u00f5e sobre denomina\u00e7\u00e3o de bens p\u00fablicos no \u00e2mbito do Estado de Santa Catarina&#8221;, para o fim de denominar Michael Carvalho de Sousa a Quadra Poliesportiva Coberta da E.E.B. Machado Luz no munic\u00edpio de Jaguaruna.<\/article>\n<p><\/p>\n<p style='text-align: center'><a href='https:\/\/app.legislapp.com.br\/#\/busca?termo='><\/a><\/p>\n<p><\/p>\n<article>ASSEMBLEIA LEGISLATIVA GABINETE DEPUTADO<br \/>\nESTADO DE SANTA CATARINA PEP\u00ca COLLA\u00c7O<\/p>\n<p>PROJETO DE LEI<\/p>\n<p>Altera o Anexo I da Lei no 16.720, de 2015, que &#8220;Consolida as Leis<br \/>\nque disp\u00f5e sobre denomina\u00e7\u00e3o de bens p\u00fablicos no \u00e2mbito do<br \/>\nEstado de Santa Catarina&#8221;, para o fim de denominar Michael<br \/>\nCarvalho de Sousa a Quadra Poliesportiva Coberta da E.E.B.<br \/>\nMachado Luz no munic\u00edpio de Jaguaruna.<\/p>\n<p>Art. 1\u00ba Fica denominado Michael Carvalho de Sousa a Quadra<br \/>\nPoliesportiva Coberta da E.E.B. Machado Luz no munic\u00edpio de Jaguaruna.<\/p>\n<p>Art. 2\u00ba O anexo I da Lei n\u00ba 16.720, de 08 de outubro de 2015, passa<br \/>\na vigorar com a reda\u00e7\u00e3o constante do Anexo \u00danico desta Lei. <\/p>\n<p>Art. 3\u00ba Esta Lei entra em vigor na data de sua publica\u00e7\u00e3o.<\/p>\n<p>Sala da Sess\u00f5es,     <\/p>\n<p>Deputado Pep\u00ea Colla\u00e7o<br \/>\n\u00daANEXO \u00daNICO<br \/>\n(ALTERA O ANEXO I da Lei n\u00ba 16.720, de 8 de outubro de 2015)<\/p>\n<p>\u201cANEXO I<br \/>\nBENS P\u00daBLICOS &#8211; INTRAMUNIC\u00cdPIOS<\/p>\n<p>&#8230;&#8230;&#8230;&#8230;&#8230;&#8230;&#8230;&#8230;&#8230;&#8230;&#8230;&#8230;&#8230;&#8230;&#8230;&#8230;&#8230;&#8230;&#8230;&#8230;&#8230;&#8230;&#8230;&#8230;&#8230;&#8230;&#8230;&#8230;&#8230;&#8230;&#8230;&#8230;&#8230;. &#8230;&#8230;&#8230;&#8230;&#8230;&#8230;&#8230;&#8230;&#8230;&#8230;&#8230;&#8230;&#8230;<br \/>\nJAGUARUNA LEI ORIGINAL N\u00ba<br \/>\n&#8230;&#8230;&#8230;&#8230;&#8230;&#8230;&#8230;&#8230;&#8230;&#8230;&#8230;&#8230;&#8230;&#8230;&#8230;&#8230;&#8230;&#8230;&#8230;&#8230;&#8230;&#8230;&#8230;&#8230;&#8230;&#8230;&#8230;&#8230;&#8230;&#8230;&#8230;&#8230;&#8230;. &#8230;&#8230;&#8230;&#8230;&#8230;&#8230;&#8230;&#8230;&#8230;&#8230;&#8230;&#8230;&#8230;<br \/>\nDenomina Michael Carvalho de Sousa a Quadra<br \/>\nPoliesportiva Coberta da E.E.B. Machado Luz no<br \/>\nmunic\u00edpio de Jaguaruna.<br \/>\n&#8230;&#8230;&#8230;&#8230;&#8230;&#8230;&#8230;&#8230;&#8230;&#8230;&#8230;&#8230;&#8230;&#8230;&#8230;&#8230;&#8230;&#8230;&#8230;&#8230;&#8230;&#8230;&#8230;&#8230;&#8230;&#8230;&#8230;&#8230;&#8230;&#8230;&#8230;&#8230;&#8230;.. &#8230;&#8230;&#8230;&#8230;&#8230;&#8230;&#8230;&#8230;&#8230;&#8230;&#8230;&#8230;..<br \/>\n&#8220;(NR)<\/p>\n<p>Sala das Sess\u00f5es,<\/p>\n<p>Deputado Pep\u00ea Colla\u00e7oJUSTIFICATIVA<\/p>\n<p>O presente Projeto de Lei tem por finalidade denominar Michael<br \/>\nCarvalho de Sousa a Quadra Poliesportiva Coberta da Escola de Educa\u00e7\u00e3o B\u00e1sica Machado<br \/>\nLuz, localizada no munic\u00edpio de Jaguaruna.<\/p>\n<p>A homenagem proposta busca perpetuar a mem\u00f3ria de um ex-<br \/>\nestudante da unidade escolar que, mesmo diante de severas limita\u00e7\u00f5es impostas pela<br \/>\ndefici\u00eancia visual total, destacou-se por sua determina\u00e7\u00e3o, alegria e esp\u00edrito de supera\u00e7\u00e3o.<br \/>\nNascido em 23 de dezembro de 1980, Michael enfrentou com coragem os desafios do<br \/>\nprocesso de inclus\u00e3o escolar, tornando-se exemplo para colegas, professores e toda a<br \/>\ncomunidade escolar.<\/p>\n<p>Desde a inf\u00e2ncia, contou com o apoio incondicional de sua fam\u00edlia,<br \/>\nque o incentivava a participar ativamente da vida comunit\u00e1ria. Participava regularmente das<br \/>\nmissas dominicais, realizando leituras transcritas em Braille por sua irm\u00e3, e acompanhava<br \/>\ncom entusiasmo os jogos no Gin\u00e1sio de Esportes do munic\u00edpio ao lado de seu pai. Sua<br \/>\ntrajet\u00f3ria educacional na E.E.B. Marechal Luz foi marcada por v\u00ednculos de amizade e<br \/>\nsolidariedade de colegas e professores, que sempre buscaram estrat\u00e9gias inclusivas para<br \/>\ngarantir sua plena participa\u00e7\u00e3o.<\/p>\n<p>O Atendimento Educacional Especializado ofertado no contraturno<br \/>\nfoi fundamental para o desenvolvimento de sua escrita e leitura em Braille, habilidade que<br \/>\ndominava com maestria gra\u00e7as a uma m\u00e1quina cedida pelo Lions Club de Jaguaruna. Ap\u00f3s<br \/>\nseu falecimento em 28 de agosto de 2009, decorrente de septicemia e broncopneumonia, sua<br \/>\nfam\u00edlia, em um gesto de altru\u00edsmo, doou essa m\u00e1quina \u00e0 Coordenadoria Regional de<br \/>\nEduca\u00e7\u00e3o de Tubar\u00e3o, possibilitando que outros estudantes com defici\u00eancia visual pudessem<br \/>\nter acesso ao recurso \u2014 ato que foi inclusive registrado em mat\u00e9ria no jornal local, dada sua<br \/>\nrelev\u00e2ncia social.<\/p>\n<p>Assim, diante de sua hist\u00f3ria de supera\u00e7\u00e3o, da inspira\u00e7\u00e3o que<br \/>\nproporcionou a todos que com ele conviveram e do legado de empatia e inclus\u00e3o deixado \u00e0<br \/>\ncomunidade escolar, \u00e9 justa e oportuna a homenagem de denominar com seu nome a Quadra<br \/>\nPoliesportiva Coberta da E.E.B. Machado Luz, perpetuando sua mem\u00f3ria e exemplo \u00e0s<br \/>\nfuturas gera\u00e7\u00f5es.<\/p>\n<p>Diante do exposto, solicito apoio dos Pares na aprova\u00e7\u00e3o desta<br \/>\njusta iniciativa.<\/p>\n<p>Sala das Sess\u00f5es<\/p>\n<p>Deputado Pep\u00ea Colla\u00e7o<br \/>\nELEGIS<br \/>\nDocumento assinado eletronicamente por Felippe Luiz Colla\u00e7o, em<br \/>\nSistema de Processo<br \/>\n15\/09\/2025, \u00e0s 13:43.<br \/>\nLegislativo Eletr\u00f4nico<\/article>\n<div style=\"text-align: center\">\n<div style=\"margin-bottom: 20px;\" class=\"et_pb_button_module_wrapper et_pb_button_5_tb_body_wrapper et_pb_button_alignment_center et_pb_module \">\n         <a class=\"et_pb_button et_pb_button_5_tb_body et_hover_enabled et_pb_bg_layout_dark\" style=\"width: 50%;background-color: black;\" href=\"https:\/\/app.legislapp.com.br\" target=\"_blank\" rel=\"noopener\">Visualizar completo na nossa plataforma (30 dias gr\u00e1tis)<\/a><\/p><\/div>\n<p>      <a href=\"https:\/\/play.google.com\/store\/apps\/details?id=br.com.legislapp\"><img decoding=\"async\" style=\"width: 15%; min-width: 130px;\" src=\"https:\/\/www.legislapp.com.br\/wp-content\/uploads\/google-play.png\"><\/a><br \/>\n      <a href=\"https:\/\/apps.apple.com\/us\/app\/legislapp\/id1568929859\"><img decoding=\"async\" style=\"width: 15%; min-width: 130px\" src=\"https:\/\/www.legislapp.com.br\/wp-content\/uploads\/apple-store.png\"><\/a>\n   <\/div>\n","protected":false},"excerpt":{"rendered":"<p>C\u00e2m. Legislativa de SC &#8211; Autoria de Pep\u00ea Colla\u00e7o Altera o Anexo I da Lei no 16.720, de 2015, que &#8220;Consolida as Leis que disp\u00f5e sobre denomina\u00e7\u00e3o de bens p\u00fablicos no \u00e2mbito do Estado de Santa Catarina&#8221;, para o fim de denominar Michael Carvalho de Sousa a Quadra Poliesportiva Coberta da E.E.B. Machado Luz no [&hellip;]<\/p>\n","protected":false},"author":1,"featured_media":0,"parent":0,"menu_order":0,"comment_status":"closed","ping_status":"closed","template":"page-template-blank.php","meta":{"_et_pb_use_builder":"","_et_pb_old_content":"","_et_gb_content_width":"1080","ngg_post_thumbnail":0,"footnotes":""},"class_list":["post-8339","page","type-page","status-publish","hentry"],"yoast_head":"<!-- This site is optimized with the Yoast SEO plugin v24.4 - https:\/\/yoast.com\/wordpress\/plugins\/seo\/ -->\n<title>PL.\/0662\/2025 - Pep\u00ea Colla\u00e7o - Legislapp<\/title>\n<meta name=\"robots\" content=\"index, follow, max-snippet:-1, max-image-preview:large, max-video-preview:-1\" \/>\n<link rel=\"canonical\" href=\"https:\/\/www.legislapp.com.br\/index.php\/cam-legislativa-de-sc-pl-0662-2025\/\" \/>\n<meta property=\"og:locale\" content=\"pt_BR\" \/>\n<meta property=\"og:type\" content=\"article\" \/>\n<meta property=\"og:title\" content=\"PL.\/0662\/2025 - Pep\u00ea Colla\u00e7o - Legislapp\" \/>\n<meta property=\"og:description\" content=\"C\u00e2m. Legislativa de SC &#8211; Autoria de Pep\u00ea Colla\u00e7o Altera o Anexo I da Lei no 16.720, de 2015, que &#8220;Consolida as Leis que disp\u00f5e sobre denomina\u00e7\u00e3o de bens p\u00fablicos no \u00e2mbito do Estado de Santa Catarina&#8221;, para o fim de denominar Michael Carvalho de Sousa a Quadra Poliesportiva Coberta da E.E.B. Machado Luz no [&hellip;]\" \/>\n<meta property=\"og:url\" content=\"https:\/\/www.legislapp.com.br\/index.php\/cam-legislativa-de-sc-pl-0662-2025\/\" \/>\n<meta property=\"og:site_name\" content=\"Legislapp\" \/>\n<meta property=\"article:publisher\" content=\"https:\/\/www.instagram.com\/legislapp\/\" \/>\n<meta property=\"og:image\" content=\"https:\/\/www.legislapp.com.br\/wp-content\/uploads\/google-play.png\" \/>\n<meta name=\"twitter:card\" content=\"summary_large_image\" \/>\n<meta name=\"twitter:label1\" content=\"Est. tempo de leitura\" \/>\n\t<meta name=\"twitter:data1\" content=\"3 minutos\" \/>\n<script type=\"application\/ld+json\" class=\"yoast-schema-graph\">{\"@context\":\"https:\/\/schema.org\",\"@graph\":[{\"@type\":\"WebPage\",\"@id\":\"https:\/\/www.legislapp.com.br\/index.php\/cam-legislativa-de-sc-pl-0662-2025\/\",\"url\":\"https:\/\/www.legislapp.com.br\/index.php\/cam-legislativa-de-sc-pl-0662-2025\/\",\"name\":\"PL.\/0662\/2025 - Pep\u00ea Colla\u00e7o - Legislapp\",\"isPartOf\":{\"@id\":\"https:\/\/www.legislapp.com.br\/#website\"},\"primaryImageOfPage\":{\"@id\":\"https:\/\/www.legislapp.com.br\/index.php\/cam-legislativa-de-sc-pl-0662-2025\/#primaryimage\"},\"image\":{\"@id\":\"https:\/\/www.legislapp.com.br\/index.php\/cam-legislativa-de-sc-pl-0662-2025\/#primaryimage\"},\"thumbnailUrl\":\"https:\/\/www.legislapp.com.br\/wp-content\/uploads\/google-play.png\",\"datePublished\":\"2025-10-08T14:27:59+00:00\",\"breadcrumb\":{\"@id\":\"https:\/\/www.legislapp.com.br\/index.php\/cam-legislativa-de-sc-pl-0662-2025\/#breadcrumb\"},\"inLanguage\":\"pt-BR\",\"potentialAction\":[{\"@type\":\"ReadAction\",\"target\":[\"https:\/\/www.legislapp.com.br\/index.php\/cam-legislativa-de-sc-pl-0662-2025\/\"]}]},{\"@type\":\"ImageObject\",\"inLanguage\":\"pt-BR\",\"@id\":\"https:\/\/www.legislapp.com.br\/index.php\/cam-legislativa-de-sc-pl-0662-2025\/#primaryimage\",\"url\":\"https:\/\/www.legislapp.com.br\/wp-content\/uploads\/google-play.png\",\"contentUrl\":\"https:\/\/www.legislapp.com.br\/wp-content\/uploads\/google-play.png\",\"width\":564,\"height\":168},{\"@type\":\"BreadcrumbList\",\"@id\":\"https:\/\/www.legislapp.com.br\/index.php\/cam-legislativa-de-sc-pl-0662-2025\/#breadcrumb\",\"itemListElement\":[{\"@type\":\"ListItem\",\"position\":1,\"name\":\"In\u00edcio\",\"item\":\"https:\/\/www.legislapp.com.br\/\"},{\"@type\":\"ListItem\",\"position\":2,\"name\":\"PL.\/0662\/2025 &#8211; Pep\u00ea Colla\u00e7o\"}]},{\"@type\":\"WebSite\",\"@id\":\"https:\/\/www.legislapp.com.br\/#website\",\"url\":\"https:\/\/www.legislapp.com.br\/\",\"name\":\"Legislapp\",\"description\":\"Intelig\u00eancia governamental em tempo real\",\"publisher\":{\"@id\":\"https:\/\/www.legislapp.com.br\/#organization\"},\"potentialAction\":[{\"@type\":\"SearchAction\",\"target\":{\"@type\":\"EntryPoint\",\"urlTemplate\":\"https:\/\/www.legislapp.com.br\/?s={search_term_string}\"},\"query-input\":{\"@type\":\"PropertyValueSpecification\",\"valueRequired\":true,\"valueName\":\"search_term_string\"}}],\"inLanguage\":\"pt-BR\"},{\"@type\":\"Organization\",\"@id\":\"https:\/\/www.legislapp.com.br\/#organization\",\"name\":\"Legislapp Monitoramento e Intelig\u00eancia Governamental\",\"url\":\"https:\/\/www.legislapp.com.br\/\",\"logo\":{\"@type\":\"ImageObject\",\"inLanguage\":\"pt-BR\",\"@id\":\"https:\/\/www.legislapp.com.br\/#\/schema\/logo\/image\/\",\"url\":\"https:\/\/www.legislapp.com.br\/wp-content\/uploads\/icon.png\",\"contentUrl\":\"https:\/\/www.legislapp.com.br\/wp-content\/uploads\/icon.png\",\"width\":1024,\"height\":1024,\"caption\":\"Legislapp Monitoramento e Intelig\u00eancia Governamental\"},\"image\":{\"@id\":\"https:\/\/www.legislapp.com.br\/#\/schema\/logo\/image\/\"},\"sameAs\":[\"https:\/\/www.instagram.com\/legislapp\/\"]}]}<\/script>\n<!-- \/ Yoast SEO plugin. -->","yoast_head_json":{"title":"PL.\/0662\/2025 - Pep\u00ea Colla\u00e7o - Legislapp","robots":{"index":"index","follow":"follow","max-snippet":"max-snippet:-1","max-image-preview":"max-image-preview:large","max-video-preview":"max-video-preview:-1"},"canonical":"https:\/\/www.legislapp.com.br\/index.php\/cam-legislativa-de-sc-pl-0662-2025\/","og_locale":"pt_BR","og_type":"article","og_title":"PL.\/0662\/2025 - Pep\u00ea Colla\u00e7o - Legislapp","og_description":"C\u00e2m. Legislativa de SC &#8211; Autoria de Pep\u00ea Colla\u00e7o Altera o Anexo I da Lei no 16.720, de 2015, que &#8220;Consolida as Leis que disp\u00f5e sobre denomina\u00e7\u00e3o de bens p\u00fablicos no \u00e2mbito do Estado de Santa Catarina&#8221;, para o fim de denominar Michael Carvalho de Sousa a Quadra Poliesportiva Coberta da E.E.B. Machado Luz no [&hellip;]","og_url":"https:\/\/www.legislapp.com.br\/index.php\/cam-legislativa-de-sc-pl-0662-2025\/","og_site_name":"Legislapp","article_publisher":"https:\/\/www.instagram.com\/legislapp\/","og_image":[{"url":"https:\/\/www.legislapp.com.br\/wp-content\/uploads\/google-play.png","type":"","width":"","height":""}],"twitter_card":"summary_large_image","twitter_misc":{"Est. tempo de leitura":"3 minutos"},"schema":{"@context":"https:\/\/schema.org","@graph":[{"@type":"WebPage","@id":"https:\/\/www.legislapp.com.br\/index.php\/cam-legislativa-de-sc-pl-0662-2025\/","url":"https:\/\/www.legislapp.com.br\/index.php\/cam-legislativa-de-sc-pl-0662-2025\/","name":"PL.\/0662\/2025 - Pep\u00ea Colla\u00e7o - Legislapp","isPartOf":{"@id":"https:\/\/www.legislapp.com.br\/#website"},"primaryImageOfPage":{"@id":"https:\/\/www.legislapp.com.br\/index.php\/cam-legislativa-de-sc-pl-0662-2025\/#primaryimage"},"image":{"@id":"https:\/\/www.legislapp.com.br\/index.php\/cam-legislativa-de-sc-pl-0662-2025\/#primaryimage"},"thumbnailUrl":"https:\/\/www.legislapp.com.br\/wp-content\/uploads\/google-play.png","datePublished":"2025-10-08T14:27:59+00:00","breadcrumb":{"@id":"https:\/\/www.legislapp.com.br\/index.php\/cam-legislativa-de-sc-pl-0662-2025\/#breadcrumb"},"inLanguage":"pt-BR","potentialAction":[{"@type":"ReadAction","target":["https:\/\/www.legislapp.com.br\/index.php\/cam-legislativa-de-sc-pl-0662-2025\/"]}]},{"@type":"ImageObject","inLanguage":"pt-BR","@id":"https:\/\/www.legislapp.com.br\/index.php\/cam-legislativa-de-sc-pl-0662-2025\/#primaryimage","url":"https:\/\/www.legislapp.com.br\/wp-content\/uploads\/google-play.png","contentUrl":"https:\/\/www.legislapp.com.br\/wp-content\/uploads\/google-play.png","width":564,"height":168},{"@type":"BreadcrumbList","@id":"https:\/\/www.legislapp.com.br\/index.php\/cam-legislativa-de-sc-pl-0662-2025\/#breadcrumb","itemListElement":[{"@type":"ListItem","position":1,"name":"In\u00edcio","item":"https:\/\/www.legislapp.com.br\/"},{"@type":"ListItem","position":2,"name":"PL.\/0662\/2025 &#8211; Pep\u00ea Colla\u00e7o"}]},{"@type":"WebSite","@id":"https:\/\/www.legislapp.com.br\/#website","url":"https:\/\/www.legislapp.com.br\/","name":"Legislapp","description":"Intelig\u00eancia governamental em tempo real","publisher":{"@id":"https:\/\/www.legislapp.com.br\/#organization"},"potentialAction":[{"@type":"SearchAction","target":{"@type":"EntryPoint","urlTemplate":"https:\/\/www.legislapp.com.br\/?s={search_term_string}"},"query-input":{"@type":"PropertyValueSpecification","valueRequired":true,"valueName":"search_term_string"}}],"inLanguage":"pt-BR"},{"@type":"Organization","@id":"https:\/\/www.legislapp.com.br\/#organization","name":"Legislapp Monitoramento e Intelig\u00eancia Governamental","url":"https:\/\/www.legislapp.com.br\/","logo":{"@type":"ImageObject","inLanguage":"pt-BR","@id":"https:\/\/www.legislapp.com.br\/#\/schema\/logo\/image\/","url":"https:\/\/www.legislapp.com.br\/wp-content\/uploads\/icon.png","contentUrl":"https:\/\/www.legislapp.com.br\/wp-content\/uploads\/icon.png","width":1024,"height":1024,"caption":"Legislapp Monitoramento e Intelig\u00eancia Governamental"},"image":{"@id":"https:\/\/www.legislapp.com.br\/#\/schema\/logo\/image\/"},"sameAs":["https:\/\/www.instagram.com\/legislapp\/"]}]}},"_links":{"self":[{"href":"https:\/\/www.legislapp.com.br\/index.php\/wp-json\/wp\/v2\/pages\/8339","targetHints":{"allow":["GET"]}}],"collection":[{"href":"https:\/\/www.legislapp.com.br\/index.php\/wp-json\/wp\/v2\/pages"}],"about":[{"href":"https:\/\/www.legislapp.com.br\/index.php\/wp-json\/wp\/v2\/types\/page"}],"author":[{"embeddable":true,"href":"https:\/\/www.legislapp.com.br\/index.php\/wp-json\/wp\/v2\/users\/1"}],"replies":[{"embeddable":true,"href":"https:\/\/www.legislapp.com.br\/index.php\/wp-json\/wp\/v2\/comments?post=8339"}],"version-history":[{"count":0,"href":"https:\/\/www.legislapp.com.br\/index.php\/wp-json\/wp\/v2\/pages\/8339\/revisions"}],"wp:attachment":[{"href":"https:\/\/www.legislapp.com.br\/index.php\/wp-json\/wp\/v2\/media?parent=8339"}],"curies":[{"name":"wp","href":"https:\/\/api.w.org\/{rel}","templated":true}]}}