{"id":8342,"date":"2025-10-08T11:28:10","date_gmt":"2025-10-08T14:28:10","guid":{"rendered":"https:\/\/www.legislapp.com.br\/index.php\/cam-legislativa-de-mg-pl-4301-2025\/"},"modified":"2025-10-08T11:28:10","modified_gmt":"2025-10-08T14:28:10","slug":"cam-legislativa-de-mg-pl-4301-2025","status":"publish","type":"page","link":"https:\/\/www.legislapp.com.br\/index.php\/cam-legislativa-de-mg-pl-4301-2025\/","title":{"rendered":"PL 4301\/2025 &#8211; Deputados"},"content":{"rendered":"<h1 style='text-align: center;'>C\u00e2m. Legislativa de MG &#8211; Autoria de Deputados<\/h3>\n<p><\/p>\n<article style='text-align: center'>Institui o Polo Industrial da Regi\u00e3o do Vale do A\u00e7o.<\/article>\n<p><\/p>\n<p style='text-align: center'><a href='https:\/\/app.legislapp.com.br\/#\/busca?termo='><\/a><\/p>\n<p><\/p>\n<article>Institui o polo industrial da regi\u00e3o do Vale do A\u00e7o.<br \/>\nA Assembleia Legislativa do Estado de Minas Gerais decreta:<br \/>\nArt. 1\u00ba \u2013 Fica institu\u00eddo o Polo Industrial de Ipatinga e regi\u00e3o.<br \/>\nPar\u00e1grafo \u00fanico \u2013 Integram o polo de que trata o caput os Munic\u00edpios de Coronel Fabriciano, Tim\u00f3teo, Santana do Para\u00edso, A\u00e7ucena, Ant\u00f4nio Dias, Belo Oriente, Bom Jesus do Galho, Bra\u00fanas, Bugre, Caratinga, C\u00f3rrego Novo, Dom Cavati, Dion\u00edsio, Entre Folhas, lapu, Ipaba, Jaguara\u00e7u, Joan\u00e9sia, Marli\u00e9ria, Mesquita, Naque, Periquito, Pingo d\u2019\u00c1gua, S\u00e3o Jos\u00e9 do Goiabal, S\u00e3o Jo\u00e3o do Oriente, Sobr\u00e1lia e Vargem Alegre.<br \/>\nArt. 2\u00ba \u2013 S\u00e3o objetivos do polo de que trata esta lei:<br \/>\nI \u2013 fortalecer a cadeia produtiva do setor industrial;<br \/>\nII \u2013 incentivar a produ\u00e7\u00e3o e a comercializa\u00e7\u00e3o de produtos industriais;<br \/>\nIII \u2013 promover o desenvolvimento e a divulga\u00e7\u00e3o de tecnologias aplic\u00e1veis ao setor industrial;<br \/>\nIV \u2013 contribuir para a gera\u00e7\u00e3o de empregos e para o aumento da renda, principalmente mediante a\u00e7\u00f5es voltadas para o setor, observados os princ\u00edpios do desenvolvimento sustent\u00e1vel.<br \/>\nArt. 3\u00ba \u2013 As a\u00e7\u00f5es governamentais observar\u00e3o as seguintes diretrizes:<br \/>\nI \u2013 promover o desenvolvimento e a divulga\u00e7\u00e3o de novas t\u00e9cnicas e processos de produ\u00e7\u00e3o industrial;<br \/>\nII \u2013 destinar recursos espec\u00edficos para o desenvolvimento e a pesquisa de novas tecnologias voltadas ao aprimoramento das ind\u00fastrias locais;<br \/>\nIII \u2013 desenvolver a\u00e7\u00f5es de capacita\u00e7\u00e3o profissional para t\u00e9cnicos, inclusive quanto aos aspectos gerenciais e de comercializa\u00e7\u00e3o;<br \/>\nIV \u2013 implantar sistema de informa\u00e7\u00e3o de mercado, interligando entidades p\u00fablicas, empresas, cooperativas e associa\u00e7\u00f5es de produtores, com vistas a subsidiar o processo de tomada de decis\u00e3o dos agentes envolvidos no setor;<br \/>\nV \u2013 propor a cria\u00e7\u00e3o, nas institui\u00e7\u00f5es banc\u00e1rias oficiais, de linhas de cr\u00e9dito especiais para subsidiar as atividades industriais.<br \/>\nSala das Reuni\u00f5es, 27 de agosto de 2025.<br \/>\nLincoln Drumond (PL)<br \/>\nJustifica\u00e7\u00e3o: A cidade de Ipatinga, localizada no cora\u00e7\u00e3o da regi\u00e3o do Vale do A\u00e7o, \u00e9 um dos mais expressivos polos industriais do Estado de Minas Gerais, destacando-se especialmente pela presen\u00e7a de grandes empresas do setor sider\u00fargico e metal\u00fargico, como a Usiminas, al\u00e9m de um conjunto significativo de ind\u00fastrias de m\u00e9dio e pequeno porte que movimentam a cadeia produtiva local.<br \/>\nO setor industrial exerce papel estrat\u00e9gico n\u00e3o apenas no fortalecimento da economia regional, mas tamb\u00e9m na gera\u00e7\u00e3o de empregos diretos e indiretos, no fomento \u00e0 inova\u00e7\u00e3o tecnol\u00f3gica e na arrecada\u00e7\u00e3o de receitas que contribuem de forma decisiva para a sustentabilidade financeira dos munic\u00edpios do Vale do A\u00e7o e para o pr\u00f3prio Estado.<br \/>\nDiante desse cen\u00e1rio, a aprova\u00e7\u00e3o desta lei mostra-se de fundamental import\u00e2ncia, pois busca fomentar ainda mais a produ\u00e7\u00e3o, a comercializa\u00e7\u00e3o e a inova\u00e7\u00e3o no setor industrial, fortalecendo as ind\u00fastrias j\u00e1 instaladas e criando condi\u00e7\u00f5es favor\u00e1veis para a atra\u00e7\u00e3o de novos investimentos. Trata-se de medida que estimular\u00e1 a diversifica\u00e7\u00e3o da economia, ampliar\u00e1 as oportunidades de emprego e renda para a popula\u00e7\u00e3o e contribuir\u00e1 diretamente para o crescimento sustent\u00e1vel de toda a regi\u00e3o.<br \/>\nAssim, contamos com o apoio dos nobres pares para a aprova\u00e7\u00e3o desta proposi\u00e7\u00e3o, que representa um passo significativo rumo ao fortalecimento do setor industrial e ao desenvolvimento socioecon\u00f4mico de Ipatinga, do Vale do A\u00e7o e de Minas Gerais.<br \/>\n\u2013 Publicado, vai o projeto \u00e0s Comiss\u00f5es de Justi\u00e7a, de Desenvolvimento Econ\u00f4mico e de Fiscaliza\u00e7\u00e3o Financeira para parecer, nos termos do art. 188, c\/c o art. 102, do Regimento Interno.<\/article>\n<div style=\"text-align: center\">\n<div style=\"margin-bottom: 20px;\" class=\"et_pb_button_module_wrapper et_pb_button_5_tb_body_wrapper et_pb_button_alignment_center et_pb_module \">\n         <a class=\"et_pb_button et_pb_button_5_tb_body et_hover_enabled et_pb_bg_layout_dark\" style=\"width: 50%;background-color: black;\" href=\"https:\/\/app.legislapp.com.br\" target=\"_blank\" rel=\"noopener\">Visualizar completo na nossa plataforma (30 dias gr\u00e1tis)<\/a><\/p><\/div>\n<p>      <a href=\"https:\/\/play.google.com\/store\/apps\/details?id=br.com.legislapp\"><img decoding=\"async\" style=\"width: 15%; min-width: 130px;\" src=\"https:\/\/www.legislapp.com.br\/wp-content\/uploads\/google-play.png\"><\/a><br \/>\n      <a href=\"https:\/\/apps.apple.com\/us\/app\/legislapp\/id1568929859\"><img decoding=\"async\" style=\"width: 15%; min-width: 130px\" src=\"https:\/\/www.legislapp.com.br\/wp-content\/uploads\/apple-store.png\"><\/a>\n   <\/div>\n","protected":false},"excerpt":{"rendered":"<p>C\u00e2m. Legislativa de MG &#8211; Autoria de Deputados Institui o Polo Industrial da Regi\u00e3o do Vale do A\u00e7o. Institui o polo industrial da regi\u00e3o do Vale do A\u00e7o. A Assembleia Legislativa do Estado de Minas Gerais decreta: Art. 1\u00ba \u2013 Fica institu\u00eddo o Polo Industrial de Ipatinga e regi\u00e3o. Par\u00e1grafo \u00fanico \u2013 Integram o polo [&hellip;]<\/p>\n","protected":false},"author":1,"featured_media":0,"parent":0,"menu_order":0,"comment_status":"closed","ping_status":"closed","template":"page-template-blank.php","meta":{"_et_pb_use_builder":"","_et_pb_old_content":"","_et_gb_content_width":"1080","ngg_post_thumbnail":0,"footnotes":""},"class_list":["post-8342","page","type-page","status-publish","hentry"],"yoast_head":"<!-- This site is optimized with the Yoast SEO plugin v24.4 - https:\/\/yoast.com\/wordpress\/plugins\/seo\/ -->\n<title>PL 4301\/2025 - Deputados - Legislapp<\/title>\n<meta name=\"robots\" content=\"index, follow, max-snippet:-1, max-image-preview:large, max-video-preview:-1\" \/>\n<link rel=\"canonical\" href=\"https:\/\/www.legislapp.com.br\/index.php\/cam-legislativa-de-mg-pl-4301-2025\/\" \/>\n<meta property=\"og:locale\" content=\"pt_BR\" \/>\n<meta property=\"og:type\" content=\"article\" \/>\n<meta property=\"og:title\" content=\"PL 4301\/2025 - Deputados - Legislapp\" \/>\n<meta property=\"og:description\" content=\"C\u00e2m. Legislativa de MG &#8211; Autoria de Deputados Institui o Polo Industrial da Regi\u00e3o do Vale do A\u00e7o. Institui o polo industrial da regi\u00e3o do Vale do A\u00e7o. A Assembleia Legislativa do Estado de Minas Gerais decreta: Art. 1\u00ba \u2013 Fica institu\u00eddo o Polo Industrial de Ipatinga e regi\u00e3o. Par\u00e1grafo \u00fanico \u2013 Integram o polo [&hellip;]\" \/>\n<meta property=\"og:url\" content=\"https:\/\/www.legislapp.com.br\/index.php\/cam-legislativa-de-mg-pl-4301-2025\/\" \/>\n<meta property=\"og:site_name\" content=\"Legislapp\" \/>\n<meta property=\"article:publisher\" content=\"https:\/\/www.instagram.com\/legislapp\/\" \/>\n<meta property=\"og:image\" content=\"https:\/\/www.legislapp.com.br\/wp-content\/uploads\/google-play.png\" \/>\n<meta name=\"twitter:card\" content=\"summary_large_image\" \/>\n<meta name=\"twitter:label1\" content=\"Est. tempo de leitura\" \/>\n\t<meta name=\"twitter:data1\" content=\"3 minutos\" \/>\n<script type=\"application\/ld+json\" class=\"yoast-schema-graph\">{\"@context\":\"https:\/\/schema.org\",\"@graph\":[{\"@type\":\"WebPage\",\"@id\":\"https:\/\/www.legislapp.com.br\/index.php\/cam-legislativa-de-mg-pl-4301-2025\/\",\"url\":\"https:\/\/www.legislapp.com.br\/index.php\/cam-legislativa-de-mg-pl-4301-2025\/\",\"name\":\"PL 4301\/2025 - Deputados - Legislapp\",\"isPartOf\":{\"@id\":\"https:\/\/www.legislapp.com.br\/#website\"},\"primaryImageOfPage\":{\"@id\":\"https:\/\/www.legislapp.com.br\/index.php\/cam-legislativa-de-mg-pl-4301-2025\/#primaryimage\"},\"image\":{\"@id\":\"https:\/\/www.legislapp.com.br\/index.php\/cam-legislativa-de-mg-pl-4301-2025\/#primaryimage\"},\"thumbnailUrl\":\"https:\/\/www.legislapp.com.br\/wp-content\/uploads\/google-play.png\",\"datePublished\":\"2025-10-08T14:28:10+00:00\",\"breadcrumb\":{\"@id\":\"https:\/\/www.legislapp.com.br\/index.php\/cam-legislativa-de-mg-pl-4301-2025\/#breadcrumb\"},\"inLanguage\":\"pt-BR\",\"potentialAction\":[{\"@type\":\"ReadAction\",\"target\":[\"https:\/\/www.legislapp.com.br\/index.php\/cam-legislativa-de-mg-pl-4301-2025\/\"]}]},{\"@type\":\"ImageObject\",\"inLanguage\":\"pt-BR\",\"@id\":\"https:\/\/www.legislapp.com.br\/index.php\/cam-legislativa-de-mg-pl-4301-2025\/#primaryimage\",\"url\":\"https:\/\/www.legislapp.com.br\/wp-content\/uploads\/google-play.png\",\"contentUrl\":\"https:\/\/www.legislapp.com.br\/wp-content\/uploads\/google-play.png\",\"width\":564,\"height\":168},{\"@type\":\"BreadcrumbList\",\"@id\":\"https:\/\/www.legislapp.com.br\/index.php\/cam-legislativa-de-mg-pl-4301-2025\/#breadcrumb\",\"itemListElement\":[{\"@type\":\"ListItem\",\"position\":1,\"name\":\"In\u00edcio\",\"item\":\"https:\/\/www.legislapp.com.br\/\"},{\"@type\":\"ListItem\",\"position\":2,\"name\":\"PL 4301\/2025 &#8211; Deputados\"}]},{\"@type\":\"WebSite\",\"@id\":\"https:\/\/www.legislapp.com.br\/#website\",\"url\":\"https:\/\/www.legislapp.com.br\/\",\"name\":\"Legislapp\",\"description\":\"Intelig\u00eancia governamental em tempo real\",\"publisher\":{\"@id\":\"https:\/\/www.legislapp.com.br\/#organization\"},\"potentialAction\":[{\"@type\":\"SearchAction\",\"target\":{\"@type\":\"EntryPoint\",\"urlTemplate\":\"https:\/\/www.legislapp.com.br\/?s={search_term_string}\"},\"query-input\":{\"@type\":\"PropertyValueSpecification\",\"valueRequired\":true,\"valueName\":\"search_term_string\"}}],\"inLanguage\":\"pt-BR\"},{\"@type\":\"Organization\",\"@id\":\"https:\/\/www.legislapp.com.br\/#organization\",\"name\":\"Legislapp Monitoramento e Intelig\u00eancia Governamental\",\"url\":\"https:\/\/www.legislapp.com.br\/\",\"logo\":{\"@type\":\"ImageObject\",\"inLanguage\":\"pt-BR\",\"@id\":\"https:\/\/www.legislapp.com.br\/#\/schema\/logo\/image\/\",\"url\":\"https:\/\/www.legislapp.com.br\/wp-content\/uploads\/icon.png\",\"contentUrl\":\"https:\/\/www.legislapp.com.br\/wp-content\/uploads\/icon.png\",\"width\":1024,\"height\":1024,\"caption\":\"Legislapp Monitoramento e Intelig\u00eancia Governamental\"},\"image\":{\"@id\":\"https:\/\/www.legislapp.com.br\/#\/schema\/logo\/image\/\"},\"sameAs\":[\"https:\/\/www.instagram.com\/legislapp\/\"]}]}<\/script>\n<!-- \/ Yoast SEO plugin. -->","yoast_head_json":{"title":"PL 4301\/2025 - Deputados - Legislapp","robots":{"index":"index","follow":"follow","max-snippet":"max-snippet:-1","max-image-preview":"max-image-preview:large","max-video-preview":"max-video-preview:-1"},"canonical":"https:\/\/www.legislapp.com.br\/index.php\/cam-legislativa-de-mg-pl-4301-2025\/","og_locale":"pt_BR","og_type":"article","og_title":"PL 4301\/2025 - Deputados - Legislapp","og_description":"C\u00e2m. Legislativa de MG &#8211; Autoria de Deputados Institui o Polo Industrial da Regi\u00e3o do Vale do A\u00e7o. Institui o polo industrial da regi\u00e3o do Vale do A\u00e7o. A Assembleia Legislativa do Estado de Minas Gerais decreta: Art. 1\u00ba \u2013 Fica institu\u00eddo o Polo Industrial de Ipatinga e regi\u00e3o. Par\u00e1grafo \u00fanico \u2013 Integram o polo [&hellip;]","og_url":"https:\/\/www.legislapp.com.br\/index.php\/cam-legislativa-de-mg-pl-4301-2025\/","og_site_name":"Legislapp","article_publisher":"https:\/\/www.instagram.com\/legislapp\/","og_image":[{"url":"https:\/\/www.legislapp.com.br\/wp-content\/uploads\/google-play.png","type":"","width":"","height":""}],"twitter_card":"summary_large_image","twitter_misc":{"Est. tempo de leitura":"3 minutos"},"schema":{"@context":"https:\/\/schema.org","@graph":[{"@type":"WebPage","@id":"https:\/\/www.legislapp.com.br\/index.php\/cam-legislativa-de-mg-pl-4301-2025\/","url":"https:\/\/www.legislapp.com.br\/index.php\/cam-legislativa-de-mg-pl-4301-2025\/","name":"PL 4301\/2025 - Deputados - Legislapp","isPartOf":{"@id":"https:\/\/www.legislapp.com.br\/#website"},"primaryImageOfPage":{"@id":"https:\/\/www.legislapp.com.br\/index.php\/cam-legislativa-de-mg-pl-4301-2025\/#primaryimage"},"image":{"@id":"https:\/\/www.legislapp.com.br\/index.php\/cam-legislativa-de-mg-pl-4301-2025\/#primaryimage"},"thumbnailUrl":"https:\/\/www.legislapp.com.br\/wp-content\/uploads\/google-play.png","datePublished":"2025-10-08T14:28:10+00:00","breadcrumb":{"@id":"https:\/\/www.legislapp.com.br\/index.php\/cam-legislativa-de-mg-pl-4301-2025\/#breadcrumb"},"inLanguage":"pt-BR","potentialAction":[{"@type":"ReadAction","target":["https:\/\/www.legislapp.com.br\/index.php\/cam-legislativa-de-mg-pl-4301-2025\/"]}]},{"@type":"ImageObject","inLanguage":"pt-BR","@id":"https:\/\/www.legislapp.com.br\/index.php\/cam-legislativa-de-mg-pl-4301-2025\/#primaryimage","url":"https:\/\/www.legislapp.com.br\/wp-content\/uploads\/google-play.png","contentUrl":"https:\/\/www.legislapp.com.br\/wp-content\/uploads\/google-play.png","width":564,"height":168},{"@type":"BreadcrumbList","@id":"https:\/\/www.legislapp.com.br\/index.php\/cam-legislativa-de-mg-pl-4301-2025\/#breadcrumb","itemListElement":[{"@type":"ListItem","position":1,"name":"In\u00edcio","item":"https:\/\/www.legislapp.com.br\/"},{"@type":"ListItem","position":2,"name":"PL 4301\/2025 &#8211; Deputados"}]},{"@type":"WebSite","@id":"https:\/\/www.legislapp.com.br\/#website","url":"https:\/\/www.legislapp.com.br\/","name":"Legislapp","description":"Intelig\u00eancia governamental em tempo real","publisher":{"@id":"https:\/\/www.legislapp.com.br\/#organization"},"potentialAction":[{"@type":"SearchAction","target":{"@type":"EntryPoint","urlTemplate":"https:\/\/www.legislapp.com.br\/?s={search_term_string}"},"query-input":{"@type":"PropertyValueSpecification","valueRequired":true,"valueName":"search_term_string"}}],"inLanguage":"pt-BR"},{"@type":"Organization","@id":"https:\/\/www.legislapp.com.br\/#organization","name":"Legislapp Monitoramento e Intelig\u00eancia Governamental","url":"https:\/\/www.legislapp.com.br\/","logo":{"@type":"ImageObject","inLanguage":"pt-BR","@id":"https:\/\/www.legislapp.com.br\/#\/schema\/logo\/image\/","url":"https:\/\/www.legislapp.com.br\/wp-content\/uploads\/icon.png","contentUrl":"https:\/\/www.legislapp.com.br\/wp-content\/uploads\/icon.png","width":1024,"height":1024,"caption":"Legislapp Monitoramento e Intelig\u00eancia Governamental"},"image":{"@id":"https:\/\/www.legislapp.com.br\/#\/schema\/logo\/image\/"},"sameAs":["https:\/\/www.instagram.com\/legislapp\/"]}]}},"_links":{"self":[{"href":"https:\/\/www.legislapp.com.br\/index.php\/wp-json\/wp\/v2\/pages\/8342","targetHints":{"allow":["GET"]}}],"collection":[{"href":"https:\/\/www.legislapp.com.br\/index.php\/wp-json\/wp\/v2\/pages"}],"about":[{"href":"https:\/\/www.legislapp.com.br\/index.php\/wp-json\/wp\/v2\/types\/page"}],"author":[{"embeddable":true,"href":"https:\/\/www.legislapp.com.br\/index.php\/wp-json\/wp\/v2\/users\/1"}],"replies":[{"embeddable":true,"href":"https:\/\/www.legislapp.com.br\/index.php\/wp-json\/wp\/v2\/comments?post=8342"}],"version-history":[{"count":0,"href":"https:\/\/www.legislapp.com.br\/index.php\/wp-json\/wp\/v2\/pages\/8342\/revisions"}],"wp:attachment":[{"href":"https:\/\/www.legislapp.com.br\/index.php\/wp-json\/wp\/v2\/media?parent=8342"}],"curies":[{"name":"wp","href":"https:\/\/api.w.org\/{rel}","templated":true}]}}