{"id":8345,"date":"2025-10-08T11:28:21","date_gmt":"2025-10-08T14:28:21","guid":{"rendered":"https:\/\/www.legislapp.com.br\/index.php\/cam-legislativa-de-mg-pl-4303-2025\/"},"modified":"2025-10-08T11:28:21","modified_gmt":"2025-10-08T14:28:21","slug":"cam-legislativa-de-mg-pl-4303-2025","status":"publish","type":"page","link":"https:\/\/www.legislapp.com.br\/index.php\/cam-legislativa-de-mg-pl-4303-2025\/","title":{"rendered":"PL 4303\/2025 &#8211; Deputados"},"content":{"rendered":"<h1 style='text-align: center;'>C\u00e2m. Legislativa de MG &#8211; Autoria de Deputados<\/h3>\n<p><\/p>\n<article style='text-align: center'>Disp\u00f5e sobre o programa habitacional para a Pol\u00edcia Militar, a Pol\u00edcia<br \/>\nCivil, o Corpo de Bombeiros e a Pol\u00edcia Penal do Estado.<\/article>\n<p><\/p>\n<p style='text-align: center'><a href='https:\/\/app.legislapp.com.br\/#\/busca?termo='><\/a><\/p>\n<p><\/p>\n<article>Disp\u00f5e sobre o programa habitacional para Pol\u00edcia Militar, Pol\u00edcia Civil, Corpo de Bombeiros e Pol\u00edcia Penal do Estado de Minas Gerais.<br \/>\nA Assembleia Legislativa do Estado de Minas Gerais decreta:<br \/>\nArt. 1\u00ba \u2013 Fica o Poder Executivo autorizado a criar programa habitacional para Pol\u00edcia Militar, Pol\u00edcia Civil, Corpo de Bombeiros e Pol\u00edcia Penal do Estado de Minas Gerais, vinculados \u00e0 Secretaria de Estado de Justi\u00e7a e Seguran\u00e7a P\u00fablica \u2013 Sejusp \u2013 ou \u00e0 Secretaria de Estado de Planejamento e Gest\u00e3o \u2013 Seplag.<br \/>\n\u00a7 1\u00ba \u2013 O programa ter\u00e1 como objetivo assegurar condi\u00e7\u00f5es para a aquisi\u00e7\u00e3o de unidades habitacionais, constru\u00e7\u00e3o ou reforma, reconhecendo a relev\u00e2ncia social das fun\u00e7\u00f5es desempenhadas pelos profissionais mencionados no caput.<br \/>\n\u00a7 2\u00ba \u2013 Os benefici\u00e1rios ser\u00e3o indicados pelas respectivas Secretarias, observados os limites de vagas destinadas ao programa e a comprova\u00e7\u00e3o do cumprimento de requisitos definidos em regulamento.<br \/>\n\u00a7 3\u00ba \u2013 \u00c9 requisito m\u00ednimo para inscri\u00e7\u00e3o no programa o servidor estar vinculado \u00e0 Sejusp ou \u00e0 Seplag.<br \/>\n\u00a7 4\u00ba \u2013 A cada servidor poder\u00e3o ser concedidos at\u00e9 tr\u00eas aux\u00edlios habitacionais, mediante carta de cr\u00e9dito, com os juros a ser regulamentados nos seguintes crit\u00e9rios:<br \/>\nI \u2013 n\u00e3o ultrapassar 4% (quatro por cento) ao ano;<br \/>\nII \u2013 percentual de comprometimento da renda familiar mensal bruta com o pagamento das parcelas de 20% (vinte por cento).<br \/>\n\u00a7 5\u00ba \u2013 Caso o n\u00famero de inscritos seja superior ao limite de vagas do programa, a sele\u00e7\u00e3o observar\u00e1, sucessivamente:<br \/>\nI \u2013 primeiro im\u00f3vel;<br \/>\nII \u2013 maior idade do inscrito;<br \/>\nIII \u2013 maior n\u00famero de filhos menores ou incapazes;<br \/>\nIV \u2013 sorteio.<br \/>\n\u00a7 6\u00ba \u2013 O programa poder\u00e1 contemplar, entre outras modalidades:<br \/>\nI \u2013 concess\u00e3o de cartas de cr\u00e9dito, preferencialmente;<br \/>\nII \u2013 reserva de percentual m\u00ednimo de unidades habitacionais em empreendimentos promovidos pelo Estado;<br \/>\nIII \u2013 condi\u00e7\u00f5es especiais de financiamento, com possibilidade de consigna\u00e7\u00e3o em folha de pagamento;<br \/>\nIV \u2013 concess\u00e3o de subs\u00eddios proporcionais \u00e0 renda familiar do benefici\u00e1rio.<br \/>\nArt. 2\u00ba \u2013 A operacionaliza\u00e7\u00e3o do programa habitacional ficar\u00e1 a cargo da Companhia de Habita\u00e7\u00e3o do Estado de Minas Gerais \u2013 Cohab\/MG \u2013, precedida da celebra\u00e7\u00e3o de conv\u00eanios com as Secretarias mencionadas no art. 1\u00ba.<br \/>\nArt. 3\u00ba \u2013 O programa poder\u00e1 contar com recursos da Pol\u00edtica Estadual Habitacional de Interesse Social \u2013 Pehis \u2013 ou de outros fundos habitacionais, devendo articular-se a programas j\u00e1 existentes ou futuros, observadas as regras e condi\u00e7\u00f5es estabelecidas pelo respectivo Conselho Gestor, a ser institu\u00eddo via regulamenta\u00e7\u00e3o do Executivo.<br \/>\nArt. 4\u00ba \u2013 As despesas decorrentes da execu\u00e7\u00e3o desta lei correr\u00e3o \u00e0 conta de dota\u00e7\u00f5es or\u00e7ament\u00e1rias pr\u00f3prias, suplementadas se necess\u00e1rio.<br \/>\nArt. 5\u00ba \u2013 Esta lei entra em vigor na data de sua publica\u00e7\u00e3o.<br \/>\nSala das Reuni\u00f5es, 28 de agosto de 2025.<br \/>\nZ\u00e9 Guilherme (PP), presidente da Comiss\u00e3o de Fiscaliza\u00e7\u00e3o Financeira e Or\u00e7ament\u00e1ria.<br \/>\nJustifica\u00e7\u00e3o: A presente proposi\u00e7\u00e3o busca assegurar dignidade e melhores condi\u00e7\u00f5es de vida para os profissionais da seguran\u00e7a p\u00fablica e do sistema prisional, categorias que diariamente arriscam suas vidas na defesa da sociedade mineira. Trata-se de medida de justi\u00e7a social e de valoriza\u00e7\u00e3o do servidor p\u00fablico.<br \/>\nA proposi\u00e7\u00e3o tem por objetivo assegurar condi\u00e7\u00f5es dignas de moradia a policiais militares, policiais civis, bombeiros militares e policiais penais. Essas categorias exercem atividades de risco, muitas vezes em condi\u00e7\u00f5es adversas, e t\u00eam papel central na defesa da sociedade, na preserva\u00e7\u00e3o da ordem p\u00fablica e na prote\u00e7\u00e3o da vida.<br \/>\nN\u00e3o \u00e9 razo\u00e1vel que profissionais que dedicam suas vidas \u00e0 seguran\u00e7a da popula\u00e7\u00e3o enfrentem dificuldades para acessar um direito b\u00e1sico como a moradia. Ao criar um programa espec\u00edfico, o Estado reconhece a relev\u00e2ncia social do trabalho desses servidores e contribui para sua valoriza\u00e7\u00e3o, garantindo mais estabilidade e tranquilidade para suas fam\u00edlias.<br \/>\nO programa proposto prev\u00ea a possibilidade de concess\u00e3o de subs\u00eddios, linhas de cr\u00e9dito especiais, condi\u00e7\u00f5es facilitadas de financiamento e a destina\u00e7\u00e3o de unidades habitacionais j\u00e1 existentes ou a serem constru\u00eddas, sempre observando crit\u00e9rios de prioridade transparentes e justos, como tempo de servi\u00e7o, local de lota\u00e7\u00e3o e composi\u00e7\u00e3o familiar.<br \/>\nAl\u00e9m disso, a execu\u00e7\u00e3o do programa poder\u00e1 ser celebrados conv\u00eanios e parcerias com institui\u00e7\u00f5es financeiras e entidades da sociedade civil.<br \/>\nTrata-se, portanto, de uma pol\u00edtica p\u00fablica necess\u00e1ria, justa e vi\u00e1vel, que contribuir\u00e1 para a melhoria da qualidade de vida dos profissionais de seguran\u00e7a p\u00fablica e, consequentemente, para o fortalecimento das institui\u00e7\u00f5es que garantem a paz e a ordem em nosso Estado.<br \/>\nDiante da relev\u00e2ncia da mat\u00e9ria submeto \u00e0 elevada considera\u00e7\u00e3o desta Casa este projeto que institui o Programa Habitacional destinado aos profissionais da seguran\u00e7a p\u00fablica e do sistema prisional do Estado de Minas Gerais, para tanto, conto com o apoio dos nobres pares para a aprova\u00e7\u00e3o desta proposi\u00e7\u00e3o.<br \/>\n\u2013 Publicado, vai o projeto \u00e0s Comiss\u00f5es de Justi\u00e7a, de Seguran\u00e7a P\u00fablica, de Administra\u00e7\u00e3o P\u00fablica e de Fiscaliza\u00e7\u00e3o Financeira para parecer, nos termos do art. 188, c\/c o art. 102, do Regimento Interno.<\/article>\n<div style=\"text-align: center\">\n<div style=\"margin-bottom: 20px;\" class=\"et_pb_button_module_wrapper et_pb_button_5_tb_body_wrapper et_pb_button_alignment_center et_pb_module \">\n         <a class=\"et_pb_button et_pb_button_5_tb_body et_hover_enabled et_pb_bg_layout_dark\" style=\"width: 50%;background-color: black;\" href=\"https:\/\/app.legislapp.com.br\" target=\"_blank\" rel=\"noopener\">Visualizar completo na nossa plataforma (30 dias gr\u00e1tis)<\/a><\/p><\/div>\n<p>      <a href=\"https:\/\/play.google.com\/store\/apps\/details?id=br.com.legislapp\"><img decoding=\"async\" style=\"width: 15%; min-width: 130px;\" src=\"https:\/\/www.legislapp.com.br\/wp-content\/uploads\/google-play.png\"><\/a><br \/>\n      <a href=\"https:\/\/apps.apple.com\/us\/app\/legislapp\/id1568929859\"><img decoding=\"async\" style=\"width: 15%; min-width: 130px\" src=\"https:\/\/www.legislapp.com.br\/wp-content\/uploads\/apple-store.png\"><\/a>\n   <\/div>\n","protected":false},"excerpt":{"rendered":"<p>C\u00e2m. Legislativa de MG &#8211; Autoria de Deputados Disp\u00f5e sobre o programa habitacional para a Pol\u00edcia Militar, a Pol\u00edcia Civil, o Corpo de Bombeiros e a Pol\u00edcia Penal do Estado. Disp\u00f5e sobre o programa habitacional para Pol\u00edcia Militar, Pol\u00edcia Civil, Corpo de Bombeiros e Pol\u00edcia Penal do Estado de Minas Gerais. A Assembleia Legislativa do [&hellip;]<\/p>\n","protected":false},"author":1,"featured_media":0,"parent":0,"menu_order":0,"comment_status":"closed","ping_status":"closed","template":"page-template-blank.php","meta":{"_et_pb_use_builder":"","_et_pb_old_content":"","_et_gb_content_width":"1080","ngg_post_thumbnail":0,"footnotes":""},"class_list":["post-8345","page","type-page","status-publish","hentry"],"yoast_head":"<!-- This site is optimized with the Yoast SEO plugin v24.4 - https:\/\/yoast.com\/wordpress\/plugins\/seo\/ -->\n<title>PL 4303\/2025 - Deputados - Legislapp<\/title>\n<meta name=\"robots\" content=\"index, follow, max-snippet:-1, max-image-preview:large, max-video-preview:-1\" \/>\n<link rel=\"canonical\" href=\"https:\/\/www.legislapp.com.br\/index.php\/cam-legislativa-de-mg-pl-4303-2025\/\" \/>\n<meta property=\"og:locale\" content=\"pt_BR\" \/>\n<meta property=\"og:type\" content=\"article\" \/>\n<meta property=\"og:title\" content=\"PL 4303\/2025 - Deputados - Legislapp\" \/>\n<meta property=\"og:description\" content=\"C\u00e2m. Legislativa de MG &#8211; Autoria de Deputados Disp\u00f5e sobre o programa habitacional para a Pol\u00edcia Militar, a Pol\u00edcia Civil, o Corpo de Bombeiros e a Pol\u00edcia Penal do Estado. Disp\u00f5e sobre o programa habitacional para Pol\u00edcia Militar, Pol\u00edcia Civil, Corpo de Bombeiros e Pol\u00edcia Penal do Estado de Minas Gerais. A Assembleia Legislativa do [&hellip;]\" \/>\n<meta property=\"og:url\" content=\"https:\/\/www.legislapp.com.br\/index.php\/cam-legislativa-de-mg-pl-4303-2025\/\" \/>\n<meta property=\"og:site_name\" content=\"Legislapp\" \/>\n<meta property=\"article:publisher\" content=\"https:\/\/www.instagram.com\/legislapp\/\" \/>\n<meta property=\"og:image\" content=\"https:\/\/www.legislapp.com.br\/wp-content\/uploads\/google-play.png\" \/>\n<meta name=\"twitter:card\" content=\"summary_large_image\" \/>\n<meta name=\"twitter:label1\" content=\"Est. tempo de leitura\" \/>\n\t<meta name=\"twitter:data1\" content=\"4 minutos\" \/>\n<script type=\"application\/ld+json\" class=\"yoast-schema-graph\">{\"@context\":\"https:\/\/schema.org\",\"@graph\":[{\"@type\":\"WebPage\",\"@id\":\"https:\/\/www.legislapp.com.br\/index.php\/cam-legislativa-de-mg-pl-4303-2025\/\",\"url\":\"https:\/\/www.legislapp.com.br\/index.php\/cam-legislativa-de-mg-pl-4303-2025\/\",\"name\":\"PL 4303\/2025 - Deputados - Legislapp\",\"isPartOf\":{\"@id\":\"https:\/\/www.legislapp.com.br\/#website\"},\"primaryImageOfPage\":{\"@id\":\"https:\/\/www.legislapp.com.br\/index.php\/cam-legislativa-de-mg-pl-4303-2025\/#primaryimage\"},\"image\":{\"@id\":\"https:\/\/www.legislapp.com.br\/index.php\/cam-legislativa-de-mg-pl-4303-2025\/#primaryimage\"},\"thumbnailUrl\":\"https:\/\/www.legislapp.com.br\/wp-content\/uploads\/google-play.png\",\"datePublished\":\"2025-10-08T14:28:21+00:00\",\"breadcrumb\":{\"@id\":\"https:\/\/www.legislapp.com.br\/index.php\/cam-legislativa-de-mg-pl-4303-2025\/#breadcrumb\"},\"inLanguage\":\"pt-BR\",\"potentialAction\":[{\"@type\":\"ReadAction\",\"target\":[\"https:\/\/www.legislapp.com.br\/index.php\/cam-legislativa-de-mg-pl-4303-2025\/\"]}]},{\"@type\":\"ImageObject\",\"inLanguage\":\"pt-BR\",\"@id\":\"https:\/\/www.legislapp.com.br\/index.php\/cam-legislativa-de-mg-pl-4303-2025\/#primaryimage\",\"url\":\"https:\/\/www.legislapp.com.br\/wp-content\/uploads\/google-play.png\",\"contentUrl\":\"https:\/\/www.legislapp.com.br\/wp-content\/uploads\/google-play.png\",\"width\":564,\"height\":168},{\"@type\":\"BreadcrumbList\",\"@id\":\"https:\/\/www.legislapp.com.br\/index.php\/cam-legislativa-de-mg-pl-4303-2025\/#breadcrumb\",\"itemListElement\":[{\"@type\":\"ListItem\",\"position\":1,\"name\":\"In\u00edcio\",\"item\":\"https:\/\/www.legislapp.com.br\/\"},{\"@type\":\"ListItem\",\"position\":2,\"name\":\"PL 4303\/2025 &#8211; Deputados\"}]},{\"@type\":\"WebSite\",\"@id\":\"https:\/\/www.legislapp.com.br\/#website\",\"url\":\"https:\/\/www.legislapp.com.br\/\",\"name\":\"Legislapp\",\"description\":\"Intelig\u00eancia governamental em tempo real\",\"publisher\":{\"@id\":\"https:\/\/www.legislapp.com.br\/#organization\"},\"potentialAction\":[{\"@type\":\"SearchAction\",\"target\":{\"@type\":\"EntryPoint\",\"urlTemplate\":\"https:\/\/www.legislapp.com.br\/?s={search_term_string}\"},\"query-input\":{\"@type\":\"PropertyValueSpecification\",\"valueRequired\":true,\"valueName\":\"search_term_string\"}}],\"inLanguage\":\"pt-BR\"},{\"@type\":\"Organization\",\"@id\":\"https:\/\/www.legislapp.com.br\/#organization\",\"name\":\"Legislapp Monitoramento e Intelig\u00eancia Governamental\",\"url\":\"https:\/\/www.legislapp.com.br\/\",\"logo\":{\"@type\":\"ImageObject\",\"inLanguage\":\"pt-BR\",\"@id\":\"https:\/\/www.legislapp.com.br\/#\/schema\/logo\/image\/\",\"url\":\"https:\/\/www.legislapp.com.br\/wp-content\/uploads\/icon.png\",\"contentUrl\":\"https:\/\/www.legislapp.com.br\/wp-content\/uploads\/icon.png\",\"width\":1024,\"height\":1024,\"caption\":\"Legislapp Monitoramento e Intelig\u00eancia Governamental\"},\"image\":{\"@id\":\"https:\/\/www.legislapp.com.br\/#\/schema\/logo\/image\/\"},\"sameAs\":[\"https:\/\/www.instagram.com\/legislapp\/\"]}]}<\/script>\n<!-- \/ Yoast SEO plugin. -->","yoast_head_json":{"title":"PL 4303\/2025 - Deputados - Legislapp","robots":{"index":"index","follow":"follow","max-snippet":"max-snippet:-1","max-image-preview":"max-image-preview:large","max-video-preview":"max-video-preview:-1"},"canonical":"https:\/\/www.legislapp.com.br\/index.php\/cam-legislativa-de-mg-pl-4303-2025\/","og_locale":"pt_BR","og_type":"article","og_title":"PL 4303\/2025 - Deputados - Legislapp","og_description":"C\u00e2m. Legislativa de MG &#8211; Autoria de Deputados Disp\u00f5e sobre o programa habitacional para a Pol\u00edcia Militar, a Pol\u00edcia Civil, o Corpo de Bombeiros e a Pol\u00edcia Penal do Estado. Disp\u00f5e sobre o programa habitacional para Pol\u00edcia Militar, Pol\u00edcia Civil, Corpo de Bombeiros e Pol\u00edcia Penal do Estado de Minas Gerais. A Assembleia Legislativa do [&hellip;]","og_url":"https:\/\/www.legislapp.com.br\/index.php\/cam-legislativa-de-mg-pl-4303-2025\/","og_site_name":"Legislapp","article_publisher":"https:\/\/www.instagram.com\/legislapp\/","og_image":[{"url":"https:\/\/www.legislapp.com.br\/wp-content\/uploads\/google-play.png","type":"","width":"","height":""}],"twitter_card":"summary_large_image","twitter_misc":{"Est. tempo de leitura":"4 minutos"},"schema":{"@context":"https:\/\/schema.org","@graph":[{"@type":"WebPage","@id":"https:\/\/www.legislapp.com.br\/index.php\/cam-legislativa-de-mg-pl-4303-2025\/","url":"https:\/\/www.legislapp.com.br\/index.php\/cam-legislativa-de-mg-pl-4303-2025\/","name":"PL 4303\/2025 - Deputados - Legislapp","isPartOf":{"@id":"https:\/\/www.legislapp.com.br\/#website"},"primaryImageOfPage":{"@id":"https:\/\/www.legislapp.com.br\/index.php\/cam-legislativa-de-mg-pl-4303-2025\/#primaryimage"},"image":{"@id":"https:\/\/www.legislapp.com.br\/index.php\/cam-legislativa-de-mg-pl-4303-2025\/#primaryimage"},"thumbnailUrl":"https:\/\/www.legislapp.com.br\/wp-content\/uploads\/google-play.png","datePublished":"2025-10-08T14:28:21+00:00","breadcrumb":{"@id":"https:\/\/www.legislapp.com.br\/index.php\/cam-legislativa-de-mg-pl-4303-2025\/#breadcrumb"},"inLanguage":"pt-BR","potentialAction":[{"@type":"ReadAction","target":["https:\/\/www.legislapp.com.br\/index.php\/cam-legislativa-de-mg-pl-4303-2025\/"]}]},{"@type":"ImageObject","inLanguage":"pt-BR","@id":"https:\/\/www.legislapp.com.br\/index.php\/cam-legislativa-de-mg-pl-4303-2025\/#primaryimage","url":"https:\/\/www.legislapp.com.br\/wp-content\/uploads\/google-play.png","contentUrl":"https:\/\/www.legislapp.com.br\/wp-content\/uploads\/google-play.png","width":564,"height":168},{"@type":"BreadcrumbList","@id":"https:\/\/www.legislapp.com.br\/index.php\/cam-legislativa-de-mg-pl-4303-2025\/#breadcrumb","itemListElement":[{"@type":"ListItem","position":1,"name":"In\u00edcio","item":"https:\/\/www.legislapp.com.br\/"},{"@type":"ListItem","position":2,"name":"PL 4303\/2025 &#8211; Deputados"}]},{"@type":"WebSite","@id":"https:\/\/www.legislapp.com.br\/#website","url":"https:\/\/www.legislapp.com.br\/","name":"Legislapp","description":"Intelig\u00eancia governamental em tempo real","publisher":{"@id":"https:\/\/www.legislapp.com.br\/#organization"},"potentialAction":[{"@type":"SearchAction","target":{"@type":"EntryPoint","urlTemplate":"https:\/\/www.legislapp.com.br\/?s={search_term_string}"},"query-input":{"@type":"PropertyValueSpecification","valueRequired":true,"valueName":"search_term_string"}}],"inLanguage":"pt-BR"},{"@type":"Organization","@id":"https:\/\/www.legislapp.com.br\/#organization","name":"Legislapp Monitoramento e Intelig\u00eancia Governamental","url":"https:\/\/www.legislapp.com.br\/","logo":{"@type":"ImageObject","inLanguage":"pt-BR","@id":"https:\/\/www.legislapp.com.br\/#\/schema\/logo\/image\/","url":"https:\/\/www.legislapp.com.br\/wp-content\/uploads\/icon.png","contentUrl":"https:\/\/www.legislapp.com.br\/wp-content\/uploads\/icon.png","width":1024,"height":1024,"caption":"Legislapp Monitoramento e Intelig\u00eancia Governamental"},"image":{"@id":"https:\/\/www.legislapp.com.br\/#\/schema\/logo\/image\/"},"sameAs":["https:\/\/www.instagram.com\/legislapp\/"]}]}},"_links":{"self":[{"href":"https:\/\/www.legislapp.com.br\/index.php\/wp-json\/wp\/v2\/pages\/8345","targetHints":{"allow":["GET"]}}],"collection":[{"href":"https:\/\/www.legislapp.com.br\/index.php\/wp-json\/wp\/v2\/pages"}],"about":[{"href":"https:\/\/www.legislapp.com.br\/index.php\/wp-json\/wp\/v2\/types\/page"}],"author":[{"embeddable":true,"href":"https:\/\/www.legislapp.com.br\/index.php\/wp-json\/wp\/v2\/users\/1"}],"replies":[{"embeddable":true,"href":"https:\/\/www.legislapp.com.br\/index.php\/wp-json\/wp\/v2\/comments?post=8345"}],"version-history":[{"count":0,"href":"https:\/\/www.legislapp.com.br\/index.php\/wp-json\/wp\/v2\/pages\/8345\/revisions"}],"wp:attachment":[{"href":"https:\/\/www.legislapp.com.br\/index.php\/wp-json\/wp\/v2\/media?parent=8345"}],"curies":[{"name":"wp","href":"https:\/\/api.w.org\/{rel}","templated":true}]}}