{"id":8365,"date":"2025-10-08T11:29:32","date_gmt":"2025-10-08T14:29:32","guid":{"rendered":"https:\/\/www.legislapp.com.br\/index.php\/cam-legislativa-de-sc-pl-0653-2025\/"},"modified":"2025-10-08T11:29:32","modified_gmt":"2025-10-08T14:29:32","slug":"cam-legislativa-de-sc-pl-0653-2025","status":"publish","type":"page","link":"https:\/\/www.legislapp.com.br\/index.php\/cam-legislativa-de-sc-pl-0653-2025\/","title":{"rendered":"PL.\/0653\/2025 &#8211; Rodrigo Minotto"},"content":{"rendered":"<h1 style='text-align: center;'>C\u00e2m. Legislativa de SC &#8211; Autoria de Rodrigo Minotto<\/h3>\n<p><\/p>\n<article style='text-align: center'>Institui o Programa Estadual de Incentivo \u00e0 Pr\u00e1tica Segura do &#8220;Grau&#8221; e de Manobras Esportivas com Bicicletas no \u00e2mbito do Estado de Santa Catarina, e estabelece outras provid\u00eancias.<\/article>\n<p><\/p>\n<p style='text-align: center'><a href='https:\/\/app.legislapp.com.br\/#\/busca?termo='><\/a><\/p>\n<p><\/p>\n<article>ASSEMBLEIA LEGISLATIVA GABINETE DEPUTADO<br \/>\nESTADO DE SANTA CATARINA RODRIGO MINOTTO<\/p>\n<p>PROJETO DE LEI<\/p>\n<p>Institui o Programa Estadual de Incentivo \u00e0 Pr\u00e1tica<br \/>\nSegura do \u201cGrau\u201d e de Manobras Esportivas com<br \/>\nBicicletas no \u00e2mbito do Estado de Santa Catarina, e<br \/>\nestabelece outras provid\u00eancias.<\/p>\n<p>Art. 1\u00ba Fica institu\u00eddo o Programa Estadual de Incentivo \u00e0 Pr\u00e1tica Segura do \u201cGrau\u201d e<br \/>\nde Manobras Esportivas com Bicicletas, destinado, preferencialmente, a adolescentes,<br \/>\ncom os seguintes objetivos:<\/p>\n<p>I \u2013promo\u00e7\u00e3o da educa\u00e7\u00e3o e de medidas de seguran\u00e7a quanto ao uso da bicicleta em<br \/>\nvias p\u00fablicas;<\/p>\n<p>II \u2013 fomento da pr\u00e1tica e da cultura esportivas como forma de lazer saud\u00e1vel e inclus\u00e3o<br \/>\nsocial;<\/p>\n<p>III \u2013 incentivo a competi\u00e7\u00f5es, oficinas e festivais esportivos de \u201cgrau\u201d e a outras<br \/>\nmanobras esportivas com bicicleta em condi\u00e7\u00f5es seguras e supervisionadas; e<\/p>\n<p>IV \u2013 apoio a projetos sociais, educacionais e culturais que utilizem a bicicleta como<br \/>\ninstrumento de cidadania, inclus\u00e3o social e desenvolvimento comunit\u00e1rio.<\/p>\n<p>Par\u00e1grafo \u00fanico. Para os fins desta Lei, considera-se:<\/p>\n<p>I \u2013 \u201cgrau\u201d: conjunto de manobras acrob\u00e1ticas esportivas realizadas com bicicletas,<br \/>\ncaracterizadas pelo equil\u00edbrio, controle e t\u00e9cnica do praticante, que podem incluir, entre<br \/>\noutras, a eleva\u00e7\u00e3o parcial ou total das rodas, giros, saltos e deslocamentos em posi\u00e7\u00e3o<br \/>\ndiferenciada; e<\/p>\n<p>II \u2013 adolescente: pessoa entre 12 (doze) e 18 (dezoito) anos de idade.<\/p>\n<p>Art. 2\u00ba Os espa\u00e7os destinados \u00e0 pr\u00e1tica do \u201cgrau\u201d e manobras esportivas com bicicleta<br \/>\ndevem disponibilizar:<\/p>\n<p>I \u2013 infraestrutura adequada e segura;<\/p>\n<p>II \u2013 acompanhamento de profissionais especializados na pr\u00e1tica de manobras<br \/>\nesportivas com bicicleta ou profissionais de educa\u00e7\u00e3o f\u00edsica; e<\/p>\n<p>III \u2013 informa\u00e7\u00f5es quanto \u00e0 seguran\u00e7a no tr\u00e2nsito e ao uso de equipamentos de<br \/>\nprote\u00e7\u00e3o para a pr\u00e1tica de manobras esportivas com bicicleta.<\/p>\n<p>Art. 3\u00b0 O Poder P\u00fablico fomentar\u00e1 os grupos organizados, os projetos sociais e os<br \/>\neventos esportivos relacionados ao \u201cgrau\u201d.<\/p>\n<p>Art.4\u00ba O Poder Executivo regulamentar\u00e1 a presente Lei, conforme o previsto no art. 71,<br \/>\nIII, da Constitui\u00e7\u00e3o Estadual.<\/p>\n<p>Art. 5\u00ba Esta Lei entra em vigor na data de sua publica\u00e7\u00e3o.<br \/>\n Sala das Sess\u00f5es,<\/p>\n<p>Deputado Rodrigo Minotto <\/p>\n<p>JUSTIFICA\u00c7\u00c3O<\/p>\n<p>O presente Projeto de Lei tem por objetivo instituir o Programa Estadual de Incentivo \u00e0<br \/>\nPr\u00e1tica Segura do \u201cGrau\u201d e de Manobras Esportivas com Bicicletas, destinado<br \/>\nadolescentes, como forma de reconhecer, organizar e valorizar uma pr\u00e1tica j\u00e1 existente<br \/>\nem diversos munic\u00edpios catarinenses.<\/p>\n<p>O chamado \u201cgrau\u201d e outras manobras radicais com bicicletas, apesar de muitas vezes<br \/>\nestigmatizados, representam express\u00f5es culturais e esportivas que re\u00fanem muitos<br \/>\npraticantes em espa\u00e7os p\u00fablicos. Entretanto, a aus\u00eancia de locais adequados, de<br \/>\ninfraestrutura e de orienta\u00e7\u00e3o profissional exp\u00f5e adolescentes a riscos de acidentes,<br \/>\nal\u00e9m de levar \u00e0 pr\u00e1tica em vias p\u00fablicas, gerando conflitos no tr\u00e2nsito e problemas de<br \/>\nseguran\u00e7a.<\/p>\n<p>A proposta de lei, portanto, busca transformar essa realidade por meio da cria\u00e7\u00e3o de<br \/>\nespa\u00e7os apropriados, do fomento \u00e0 pr\u00e1tica esportiva e do apoio a projetos sociais,<br \/>\ncompeti\u00e7\u00f5es e oficinas. Assim, pretende-se n\u00e3o apenas reduzir riscos e conscientizar<br \/>\nquanto \u00e0 import\u00e2ncia do uso de equipamentos de prote\u00e7\u00e3o, mas tamb\u00e9m incentivar o<br \/>\nesporte como forma de lazer saud\u00e1vel, de fortalecimento da cidadania e de inclus\u00e3o<br \/>\nsocial.<\/p>\n<p>Portanto, este Projeto de Lei busca assegurar que o Poder P\u00fablico reconhe\u00e7a e apoie a<br \/>\npr\u00e1tica segura do \u201cGrau\u201d e de manobras Esportivas com bicicletas, oferecendo<br \/>\nseguran\u00e7a, estrutura e oportunidades aos adolescentes praticantes, contribuindo para a<br \/>\nconstru\u00e7\u00e3o de uma cultura esportiva inclusiva e cidad\u00e3.<\/p>\n<p>Pelo exposto, solicito o apoio dos demais Parlamentares para a aprova\u00e7\u00e3o do presente<br \/>\nProjeto de Lei.<\/p>\n<p>ELEGIS<br \/>\nDocumento assinado eletronicamente por Rodrigo Minotto, em<br \/>\nSistema de Processo<br \/>\n10\/09\/2025, \u00e0s 15:41.<br \/>\nLegislativo Eletr\u00f4nico<\/article>\n<div style=\"text-align: center\">\n<div style=\"margin-bottom: 20px;\" class=\"et_pb_button_module_wrapper et_pb_button_5_tb_body_wrapper et_pb_button_alignment_center et_pb_module \">\n         <a class=\"et_pb_button et_pb_button_5_tb_body et_hover_enabled et_pb_bg_layout_dark\" style=\"width: 50%;background-color: black;\" href=\"https:\/\/app.legislapp.com.br\" target=\"_blank\" rel=\"noopener\">Visualizar completo na nossa plataforma (30 dias gr\u00e1tis)<\/a><\/p><\/div>\n<p>      <a href=\"https:\/\/play.google.com\/store\/apps\/details?id=br.com.legislapp\"><img decoding=\"async\" style=\"width: 15%; min-width: 130px;\" src=\"https:\/\/www.legislapp.com.br\/wp-content\/uploads\/google-play.png\"><\/a><br \/>\n      <a href=\"https:\/\/apps.apple.com\/us\/app\/legislapp\/id1568929859\"><img decoding=\"async\" style=\"width: 15%; min-width: 130px\" src=\"https:\/\/www.legislapp.com.br\/wp-content\/uploads\/apple-store.png\"><\/a>\n   <\/div>\n","protected":false},"excerpt":{"rendered":"<p>C\u00e2m. Legislativa de SC &#8211; Autoria de Rodrigo Minotto Institui o Programa Estadual de Incentivo \u00e0 Pr\u00e1tica Segura do &#8220;Grau&#8221; e de Manobras Esportivas com Bicicletas no \u00e2mbito do Estado de Santa Catarina, e estabelece outras provid\u00eancias. ASSEMBLEIA LEGISLATIVA GABINETE DEPUTADO ESTADO DE SANTA CATARINA RODRIGO MINOTTO PROJETO DE LEI Institui o Programa Estadual de [&hellip;]<\/p>\n","protected":false},"author":1,"featured_media":0,"parent":0,"menu_order":0,"comment_status":"closed","ping_status":"closed","template":"page-template-blank.php","meta":{"_et_pb_use_builder":"","_et_pb_old_content":"","_et_gb_content_width":"1080","ngg_post_thumbnail":0,"footnotes":""},"class_list":["post-8365","page","type-page","status-publish","hentry"],"yoast_head":"<!-- This site is optimized with the Yoast SEO plugin v24.4 - https:\/\/yoast.com\/wordpress\/plugins\/seo\/ -->\n<title>PL.\/0653\/2025 - Rodrigo Minotto - Legislapp<\/title>\n<meta name=\"robots\" content=\"index, follow, max-snippet:-1, max-image-preview:large, max-video-preview:-1\" \/>\n<link rel=\"canonical\" href=\"https:\/\/www.legislapp.com.br\/index.php\/cam-legislativa-de-sc-pl-0653-2025\/\" \/>\n<meta property=\"og:locale\" content=\"pt_BR\" \/>\n<meta property=\"og:type\" content=\"article\" \/>\n<meta property=\"og:title\" content=\"PL.\/0653\/2025 - Rodrigo Minotto - Legislapp\" \/>\n<meta property=\"og:description\" content=\"C\u00e2m. Legislativa de SC &#8211; Autoria de Rodrigo Minotto Institui o Programa Estadual de Incentivo \u00e0 Pr\u00e1tica Segura do &#8220;Grau&#8221; e de Manobras Esportivas com Bicicletas no \u00e2mbito do Estado de Santa Catarina, e estabelece outras provid\u00eancias. ASSEMBLEIA LEGISLATIVA GABINETE DEPUTADO ESTADO DE SANTA CATARINA RODRIGO MINOTTO PROJETO DE LEI Institui o Programa Estadual de [&hellip;]\" \/>\n<meta property=\"og:url\" content=\"https:\/\/www.legislapp.com.br\/index.php\/cam-legislativa-de-sc-pl-0653-2025\/\" \/>\n<meta property=\"og:site_name\" content=\"Legislapp\" \/>\n<meta property=\"article:publisher\" content=\"https:\/\/www.instagram.com\/legislapp\/\" \/>\n<meta property=\"og:image\" content=\"https:\/\/www.legislapp.com.br\/wp-content\/uploads\/google-play.png\" \/>\n<meta name=\"twitter:card\" content=\"summary_large_image\" \/>\n<meta name=\"twitter:label1\" content=\"Est. tempo de leitura\" \/>\n\t<meta name=\"twitter:data1\" content=\"3 minutos\" \/>\n<script type=\"application\/ld+json\" class=\"yoast-schema-graph\">{\"@context\":\"https:\/\/schema.org\",\"@graph\":[{\"@type\":\"WebPage\",\"@id\":\"https:\/\/www.legislapp.com.br\/index.php\/cam-legislativa-de-sc-pl-0653-2025\/\",\"url\":\"https:\/\/www.legislapp.com.br\/index.php\/cam-legislativa-de-sc-pl-0653-2025\/\",\"name\":\"PL.\/0653\/2025 - Rodrigo Minotto - Legislapp\",\"isPartOf\":{\"@id\":\"https:\/\/www.legislapp.com.br\/#website\"},\"primaryImageOfPage\":{\"@id\":\"https:\/\/www.legislapp.com.br\/index.php\/cam-legislativa-de-sc-pl-0653-2025\/#primaryimage\"},\"image\":{\"@id\":\"https:\/\/www.legislapp.com.br\/index.php\/cam-legislativa-de-sc-pl-0653-2025\/#primaryimage\"},\"thumbnailUrl\":\"https:\/\/www.legislapp.com.br\/wp-content\/uploads\/google-play.png\",\"datePublished\":\"2025-10-08T14:29:32+00:00\",\"breadcrumb\":{\"@id\":\"https:\/\/www.legislapp.com.br\/index.php\/cam-legislativa-de-sc-pl-0653-2025\/#breadcrumb\"},\"inLanguage\":\"pt-BR\",\"potentialAction\":[{\"@type\":\"ReadAction\",\"target\":[\"https:\/\/www.legislapp.com.br\/index.php\/cam-legislativa-de-sc-pl-0653-2025\/\"]}]},{\"@type\":\"ImageObject\",\"inLanguage\":\"pt-BR\",\"@id\":\"https:\/\/www.legislapp.com.br\/index.php\/cam-legislativa-de-sc-pl-0653-2025\/#primaryimage\",\"url\":\"https:\/\/www.legislapp.com.br\/wp-content\/uploads\/google-play.png\",\"contentUrl\":\"https:\/\/www.legislapp.com.br\/wp-content\/uploads\/google-play.png\",\"width\":564,\"height\":168},{\"@type\":\"BreadcrumbList\",\"@id\":\"https:\/\/www.legislapp.com.br\/index.php\/cam-legislativa-de-sc-pl-0653-2025\/#breadcrumb\",\"itemListElement\":[{\"@type\":\"ListItem\",\"position\":1,\"name\":\"In\u00edcio\",\"item\":\"https:\/\/www.legislapp.com.br\/\"},{\"@type\":\"ListItem\",\"position\":2,\"name\":\"PL.\/0653\/2025 &#8211; Rodrigo Minotto\"}]},{\"@type\":\"WebSite\",\"@id\":\"https:\/\/www.legislapp.com.br\/#website\",\"url\":\"https:\/\/www.legislapp.com.br\/\",\"name\":\"Legislapp\",\"description\":\"Intelig\u00eancia governamental em tempo real\",\"publisher\":{\"@id\":\"https:\/\/www.legislapp.com.br\/#organization\"},\"potentialAction\":[{\"@type\":\"SearchAction\",\"target\":{\"@type\":\"EntryPoint\",\"urlTemplate\":\"https:\/\/www.legislapp.com.br\/?s={search_term_string}\"},\"query-input\":{\"@type\":\"PropertyValueSpecification\",\"valueRequired\":true,\"valueName\":\"search_term_string\"}}],\"inLanguage\":\"pt-BR\"},{\"@type\":\"Organization\",\"@id\":\"https:\/\/www.legislapp.com.br\/#organization\",\"name\":\"Legislapp Monitoramento e Intelig\u00eancia Governamental\",\"url\":\"https:\/\/www.legislapp.com.br\/\",\"logo\":{\"@type\":\"ImageObject\",\"inLanguage\":\"pt-BR\",\"@id\":\"https:\/\/www.legislapp.com.br\/#\/schema\/logo\/image\/\",\"url\":\"https:\/\/www.legislapp.com.br\/wp-content\/uploads\/icon.png\",\"contentUrl\":\"https:\/\/www.legislapp.com.br\/wp-content\/uploads\/icon.png\",\"width\":1024,\"height\":1024,\"caption\":\"Legislapp Monitoramento e Intelig\u00eancia Governamental\"},\"image\":{\"@id\":\"https:\/\/www.legislapp.com.br\/#\/schema\/logo\/image\/\"},\"sameAs\":[\"https:\/\/www.instagram.com\/legislapp\/\"]}]}<\/script>\n<!-- \/ Yoast SEO plugin. -->","yoast_head_json":{"title":"PL.\/0653\/2025 - Rodrigo Minotto - Legislapp","robots":{"index":"index","follow":"follow","max-snippet":"max-snippet:-1","max-image-preview":"max-image-preview:large","max-video-preview":"max-video-preview:-1"},"canonical":"https:\/\/www.legislapp.com.br\/index.php\/cam-legislativa-de-sc-pl-0653-2025\/","og_locale":"pt_BR","og_type":"article","og_title":"PL.\/0653\/2025 - Rodrigo Minotto - Legislapp","og_description":"C\u00e2m. Legislativa de SC &#8211; Autoria de Rodrigo Minotto Institui o Programa Estadual de Incentivo \u00e0 Pr\u00e1tica Segura do &#8220;Grau&#8221; e de Manobras Esportivas com Bicicletas no \u00e2mbito do Estado de Santa Catarina, e estabelece outras provid\u00eancias. ASSEMBLEIA LEGISLATIVA GABINETE DEPUTADO ESTADO DE SANTA CATARINA RODRIGO MINOTTO PROJETO DE LEI Institui o Programa Estadual de [&hellip;]","og_url":"https:\/\/www.legislapp.com.br\/index.php\/cam-legislativa-de-sc-pl-0653-2025\/","og_site_name":"Legislapp","article_publisher":"https:\/\/www.instagram.com\/legislapp\/","og_image":[{"url":"https:\/\/www.legislapp.com.br\/wp-content\/uploads\/google-play.png","type":"","width":"","height":""}],"twitter_card":"summary_large_image","twitter_misc":{"Est. tempo de leitura":"3 minutos"},"schema":{"@context":"https:\/\/schema.org","@graph":[{"@type":"WebPage","@id":"https:\/\/www.legislapp.com.br\/index.php\/cam-legislativa-de-sc-pl-0653-2025\/","url":"https:\/\/www.legislapp.com.br\/index.php\/cam-legislativa-de-sc-pl-0653-2025\/","name":"PL.\/0653\/2025 - Rodrigo Minotto - Legislapp","isPartOf":{"@id":"https:\/\/www.legislapp.com.br\/#website"},"primaryImageOfPage":{"@id":"https:\/\/www.legislapp.com.br\/index.php\/cam-legislativa-de-sc-pl-0653-2025\/#primaryimage"},"image":{"@id":"https:\/\/www.legislapp.com.br\/index.php\/cam-legislativa-de-sc-pl-0653-2025\/#primaryimage"},"thumbnailUrl":"https:\/\/www.legislapp.com.br\/wp-content\/uploads\/google-play.png","datePublished":"2025-10-08T14:29:32+00:00","breadcrumb":{"@id":"https:\/\/www.legislapp.com.br\/index.php\/cam-legislativa-de-sc-pl-0653-2025\/#breadcrumb"},"inLanguage":"pt-BR","potentialAction":[{"@type":"ReadAction","target":["https:\/\/www.legislapp.com.br\/index.php\/cam-legislativa-de-sc-pl-0653-2025\/"]}]},{"@type":"ImageObject","inLanguage":"pt-BR","@id":"https:\/\/www.legislapp.com.br\/index.php\/cam-legislativa-de-sc-pl-0653-2025\/#primaryimage","url":"https:\/\/www.legislapp.com.br\/wp-content\/uploads\/google-play.png","contentUrl":"https:\/\/www.legislapp.com.br\/wp-content\/uploads\/google-play.png","width":564,"height":168},{"@type":"BreadcrumbList","@id":"https:\/\/www.legislapp.com.br\/index.php\/cam-legislativa-de-sc-pl-0653-2025\/#breadcrumb","itemListElement":[{"@type":"ListItem","position":1,"name":"In\u00edcio","item":"https:\/\/www.legislapp.com.br\/"},{"@type":"ListItem","position":2,"name":"PL.\/0653\/2025 &#8211; Rodrigo Minotto"}]},{"@type":"WebSite","@id":"https:\/\/www.legislapp.com.br\/#website","url":"https:\/\/www.legislapp.com.br\/","name":"Legislapp","description":"Intelig\u00eancia governamental em tempo real","publisher":{"@id":"https:\/\/www.legislapp.com.br\/#organization"},"potentialAction":[{"@type":"SearchAction","target":{"@type":"EntryPoint","urlTemplate":"https:\/\/www.legislapp.com.br\/?s={search_term_string}"},"query-input":{"@type":"PropertyValueSpecification","valueRequired":true,"valueName":"search_term_string"}}],"inLanguage":"pt-BR"},{"@type":"Organization","@id":"https:\/\/www.legislapp.com.br\/#organization","name":"Legislapp Monitoramento e Intelig\u00eancia Governamental","url":"https:\/\/www.legislapp.com.br\/","logo":{"@type":"ImageObject","inLanguage":"pt-BR","@id":"https:\/\/www.legislapp.com.br\/#\/schema\/logo\/image\/","url":"https:\/\/www.legislapp.com.br\/wp-content\/uploads\/icon.png","contentUrl":"https:\/\/www.legislapp.com.br\/wp-content\/uploads\/icon.png","width":1024,"height":1024,"caption":"Legislapp Monitoramento e Intelig\u00eancia Governamental"},"image":{"@id":"https:\/\/www.legislapp.com.br\/#\/schema\/logo\/image\/"},"sameAs":["https:\/\/www.instagram.com\/legislapp\/"]}]}},"_links":{"self":[{"href":"https:\/\/www.legislapp.com.br\/index.php\/wp-json\/wp\/v2\/pages\/8365","targetHints":{"allow":["GET"]}}],"collection":[{"href":"https:\/\/www.legislapp.com.br\/index.php\/wp-json\/wp\/v2\/pages"}],"about":[{"href":"https:\/\/www.legislapp.com.br\/index.php\/wp-json\/wp\/v2\/types\/page"}],"author":[{"embeddable":true,"href":"https:\/\/www.legislapp.com.br\/index.php\/wp-json\/wp\/v2\/users\/1"}],"replies":[{"embeddable":true,"href":"https:\/\/www.legislapp.com.br\/index.php\/wp-json\/wp\/v2\/comments?post=8365"}],"version-history":[{"count":0,"href":"https:\/\/www.legislapp.com.br\/index.php\/wp-json\/wp\/v2\/pages\/8365\/revisions"}],"wp:attachment":[{"href":"https:\/\/www.legislapp.com.br\/index.php\/wp-json\/wp\/v2\/media?parent=8365"}],"curies":[{"name":"wp","href":"https:\/\/api.w.org\/{rel}","templated":true}]}}