{"id":8380,"date":"2025-10-08T11:30:35","date_gmt":"2025-10-08T14:30:35","guid":{"rendered":"https:\/\/www.legislapp.com.br\/index.php\/cam-legislativa-de-mg-pl-4206-2025\/"},"modified":"2025-10-08T11:30:35","modified_gmt":"2025-10-08T14:30:35","slug":"cam-legislativa-de-mg-pl-4206-2025","status":"publish","type":"page","link":"https:\/\/www.legislapp.com.br\/index.php\/cam-legislativa-de-mg-pl-4206-2025\/","title":{"rendered":"PL 4206\/2025 &#8211; Deputados"},"content":{"rendered":"<h1 style='text-align: center;'>C\u00e2m. Legislativa de MG &#8211; Autoria de Deputados<\/h3>\n<p><\/p>\n<article style='text-align: center'>Disp\u00f5e sobre a proibi\u00e7\u00e3o de conte\u00fados art\u00edsticos e culturais que promovam<br \/>\nadultiza\u00e7\u00e3o, sexualiza\u00e7\u00e3o ou explora\u00e7\u00e3o de crian\u00e7as e adolescentes em<br \/>\neventos, &#8220;shows&#8221;, apresenta\u00e7\u00f5es culturais ou art\u00edsticas, em espa\u00e7o<br \/>\np\u00fablico ou privado no Estado.<\/article>\n<p><\/p>\n<p style='text-align: center'><a href='https:\/\/app.legislapp.com.br\/#\/busca?termo='><\/a><\/p>\n<p><\/p>\n<article>Disp\u00f5e sobre a proibi\u00e7\u00e3o de conte\u00fados art\u00edsticos e culturais que promovam a adultiza\u00e7\u00e3o, sexualiza\u00e7\u00e3o ou explora\u00e7\u00e3o de crian\u00e7as e adolescentes, como condi\u00e7\u00e3o para autoriza\u00e7\u00e3o e realiza\u00e7\u00e3o de eventos, shows e apresenta\u00e7\u00f5es no Estado de Minas Gerais, nos termos do Estatuto da Crian\u00e7a e do Adolescente.<br \/>\nA Assembleia Legislativa do Estado de Minas Gerais decreta:<br \/>\nArt. 1\u00ba \u2013 Fica proibida, no \u00e2mbito do estado de Minas Gerais, a participa\u00e7\u00e3o, a reprodu\u00e7\u00e3o, execu\u00e7\u00e3o, exibi\u00e7\u00e3o ou veicula\u00e7\u00e3o, em qualquer evento, show, apresenta\u00e7\u00e3o cultural ou art\u00edstica, realizado em espa\u00e7o p\u00fablico ou privado, de crian\u00e7as e adolescentes que, por meio de coreografias, letras de m\u00fasica, figurinos, falas ou tem\u00e1ticas, promovam a adultiza\u00e7\u00e3o e a sexualiza\u00e7\u00e3o precoce.<br \/>\nPar\u00e1grafo \u00fanico \u2013 Para os fins desta lei, entende-se por:<br \/>\nI \u2013 Shows, espet\u00e1culos e exposi\u00e7\u00f5es: eventos de m\u00fasica, dan\u00e7a, teatro, desfiles, competi\u00e7\u00f5es ou qualquer forma de manifesta\u00e7\u00e3o art\u00edstica ou cultural que seja de acesso p\u00fablico ou que utilize plataformas digitais para sua divulga\u00e7\u00e3o.<br \/>\nII \u2013 Adultiza\u00e7\u00e3o: o incentivo a comportamentos, est\u00e9ticas ou tem\u00e1ticas t\u00edpicas da vida adulta, de forma incompat\u00edvel com a fase de desenvolvimento da crian\u00e7a ou do adolescente.<br \/>\nIII \u2013 Sexualiza\u00e7\u00e3o precoce: a exposi\u00e7\u00e3o ou o incentivo \u00e0 manifesta\u00e7\u00e3o de sexualidade de forma inadequada para a idade, com a finalidade de objetificar ou erotizar a imagem da crian\u00e7a ou do adolescente.<br \/>\nArt. 2\u00ba \u2013 \u00c9 dever do poder p\u00fablico estadual, em colabora\u00e7\u00e3o com os Conselhos Tutelares, o Minist\u00e9rio P\u00fablico e a Vara da Inf\u00e2ncia e da Juventude, fiscalizar e coibir as pr\u00e1ticas mencionadas no art. 1\u00ba.<br \/>\nPar\u00e1grafo \u00fanico \u2013 A emiss\u00e3o de alvar\u00e1s, licen\u00e7as e autoriza\u00e7\u00f5es para realiza\u00e7\u00e3o de eventos, shows e apresenta\u00e7\u00f5es no Estado de Minas Gerais fica condicionada \u00e0 apresenta\u00e7\u00e3o, pelo organizador, de declara\u00e7\u00e3o expressa de que o conte\u00fado art\u00edstico e musical:<br \/>\nI \u2013 N\u00e3o se enquadra nas veda\u00e7\u00f5es desta lei;<br \/>\nII \u2013 Ser\u00e1 previamente analisado pela equipe de produ\u00e7\u00e3o, garantindo compatibilidade com a legisla\u00e7\u00e3o de prote\u00e7\u00e3o \u00e0 crian\u00e7a e ao adolescente.<br \/>\nArt. 3\u00ba \u2013 Os respons\u00e1veis pela organiza\u00e7\u00e3o de shows, espet\u00e1culos e exposi\u00e7\u00f5es que permitirem ou promoverem a participa\u00e7\u00e3o de crian\u00e7as e adolescentes em desacordo com esta Lei estar\u00e3o sujeitos \u00e0s seguintes san\u00e7\u00f5es, sem preju\u00edzo de outras penalidades previstas na legisla\u00e7\u00e3o vigente:<br \/>\nI \u2013 Advert\u00eancia formal, com prazo para adequa\u00e7\u00e3o;<br \/>\nII \u2013 Multa no valor de dez a cinquenta sal\u00e1rios-m\u00ednimos, duplicada em caso de reincid\u00eancia;<br \/>\nIII \u2013 Suspens\u00e3o do evento ou da licen\u00e7a de funcionamento do local por um per\u00edodo de at\u00e9 cento e oitenta dias;<br \/>\nIV \u2013 Proibi\u00e7\u00e3o de receber qualquer tipo de incentivo ou apoio financeiro do poder p\u00fablico estadual por um per\u00edodo de at\u00e9 cinco anos;<br \/>\nV \u2013 Encaminhamento imediato ao Minist\u00e9rio P\u00fablico e Conselho Tutelar, em caso de ind\u00edcios de crimes contra crian\u00e7as e adolescentes.<br \/>\nArt. 4\u00ba \u2013 Aos pais ou respons\u00e1veis que, comprovadamente, incentivarem ou permitirem a participa\u00e7\u00e3o de seus filhos em shows, espet\u00e1culos e exposi\u00e7\u00f5es de que trata esta Lei, ser\u00e3o aplicadas as medidas de prote\u00e7\u00e3o previstas no Estatuto da Crian\u00e7a e do Adolescente, podendo ser penalizados com multa e encaminhados a programas de orienta\u00e7\u00e3o.<br \/>\nArt. 5\u00ba \u2013 As san\u00e7\u00f5es administrativas ser\u00e3o aplicadas por \u00f3rg\u00e3o a ser designado pelo Poder Executivo Estadual, respeitando-se o devido processo legal, o contradit\u00f3rio e a ampla defesa.<br \/>\nArt. 6\u00ba \u2013 O Poder Executivo regulamentar\u00e1 esta Lei no prazo de 90 (noventa) dias a contar de sua publica\u00e7\u00e3o, estabelecendo os crit\u00e9rios para a fiscaliza\u00e7\u00e3o e a aplica\u00e7\u00e3o das san\u00e7\u00f5es.<br \/>\nArt. 7\u00ba \u2013 Esta lei entra em vigor na data de sua publica\u00e7\u00e3o.<br \/>\nSala das Reuni\u00f5es, 12 de agosto de 2025.<br \/>\nMarli Ribeiro (PL)<br \/>\nJustifica\u00e7\u00e3o: A exposi\u00e7\u00e3o de crian\u00e7as e adolescentes a ambientes e situa\u00e7\u00f5es que incentivam a adultiza\u00e7\u00e3o e a sexualiza\u00e7\u00e3o precoce \u00e9 uma viola\u00e7\u00e3o grave de seus direitos.\u00a0<br \/>\nO Eca, em seu art. 17, garante o direito ao respeito, que inclui a preserva\u00e7\u00e3o da imagem e da integridade moral. No entanto, a crescente exposi\u00e7\u00e3o em m\u00eddias sociais e a participa\u00e7\u00e3o em eventos com coreografias, vestimentas e tem\u00e1ticas inadequadas \u00e0 idade exigem uma legisla\u00e7\u00e3o mais espec\u00edfica para coibir essas pr\u00e1ticas.\u00a0<br \/>\nEste projeto de lei busca proteger integralmente crian\u00e7as e adolescentes de qualquer forma de exposi\u00e7\u00e3o \u00e0 adultiza\u00e7\u00e3o precoce, sexualiza\u00e7\u00e3o e explora\u00e7\u00e3o, especialmente em eventos p\u00fablicos e culturais que, por vezes, se tornam espa\u00e7os de vulnerabilidade explorados por redes criminosas de pedofilia e tr\u00e1fico de menores. Fortalecer a prote\u00e7\u00e3o jur\u00eddica desse p\u00fablico, responsabilizando diretamente os organizadores de eventos e os pais ou respons\u00e1veis que permitirem essa exposi\u00e7\u00e3o, garantindo que a inf\u00e2ncia e a adolesc\u00eancia sejam vividas de forma plena e segura, longe de press\u00f5es e conte\u00fados inadequados, \u00e9, tamb\u00e9m, um dos seus objetivos.<br \/>\nRecentemente, den\u00fancias amplamente divulgadas, como as trazidas pelo comunicador Felca, alertaram sobre o uso de crian\u00e7as em contextos art\u00edsticos e musicais impr\u00f3prios, muitas vezes impulsionados por personalidades famosas e artistas.<br \/>\nAo condicionar a emiss\u00e3o de alvar\u00e1s \u00e0 garantia de que n\u00e3o haver\u00e1 conte\u00fado impr\u00f3prio, o Estado atua de forma preventiva, evitando a exposi\u00e7\u00e3o indevida e refor\u00e7ando o cumprimento do Estatuto da Crian\u00e7a e do Adolescente (Lei n\u00ba 8.069\/1990), que assegura prote\u00e7\u00e3o integral e prioridade absoluta \u00e0 inf\u00e2ncia.<br \/>\nEsta lei n\u00e3o visa censurar manifesta\u00e7\u00f5es art\u00edsticas leg\u00edtimas, mas proteger a inf\u00e2ncia, impedir a normaliza\u00e7\u00e3o da sexualiza\u00e7\u00e3o precoce e fortalecer a barreira contra pr\u00e1ticas criminosas.<br \/>\n\u2013 Publicado, vai o projeto \u00e0s Comiss\u00f5es de Justi\u00e7a, do Trabalho, de Cultura e de Administra\u00e7\u00e3o P\u00fablica para parecer, nos termos do art. 188, c\/c o art. 102, do Regimento Interno.<\/article>\n<div style=\"text-align: center\">\n<div style=\"margin-bottom: 20px;\" class=\"et_pb_button_module_wrapper et_pb_button_5_tb_body_wrapper et_pb_button_alignment_center et_pb_module \">\n         <a class=\"et_pb_button et_pb_button_5_tb_body et_hover_enabled et_pb_bg_layout_dark\" style=\"width: 50%;background-color: black;\" href=\"https:\/\/app.legislapp.com.br\" target=\"_blank\" rel=\"noopener\">Visualizar completo na nossa plataforma (30 dias gr\u00e1tis)<\/a><\/p><\/div>\n<p>      <a href=\"https:\/\/play.google.com\/store\/apps\/details?id=br.com.legislapp\"><img decoding=\"async\" style=\"width: 15%; min-width: 130px;\" src=\"https:\/\/www.legislapp.com.br\/wp-content\/uploads\/google-play.png\"><\/a><br \/>\n      <a href=\"https:\/\/apps.apple.com\/us\/app\/legislapp\/id1568929859\"><img decoding=\"async\" style=\"width: 15%; min-width: 130px\" src=\"https:\/\/www.legislapp.com.br\/wp-content\/uploads\/apple-store.png\"><\/a>\n   <\/div>\n","protected":false},"excerpt":{"rendered":"<p>C\u00e2m. Legislativa de MG &#8211; Autoria de Deputados Disp\u00f5e sobre a proibi\u00e7\u00e3o de conte\u00fados art\u00edsticos e culturais que promovam adultiza\u00e7\u00e3o, sexualiza\u00e7\u00e3o ou explora\u00e7\u00e3o de crian\u00e7as e adolescentes em eventos, &#8220;shows&#8221;, apresenta\u00e7\u00f5es culturais ou art\u00edsticas, em espa\u00e7o p\u00fablico ou privado no Estado. Disp\u00f5e sobre a proibi\u00e7\u00e3o de conte\u00fados art\u00edsticos e culturais que promovam a adultiza\u00e7\u00e3o, sexualiza\u00e7\u00e3o [&hellip;]<\/p>\n","protected":false},"author":1,"featured_media":0,"parent":0,"menu_order":0,"comment_status":"closed","ping_status":"closed","template":"page-template-blank.php","meta":{"_et_pb_use_builder":"","_et_pb_old_content":"","_et_gb_content_width":"1080","ngg_post_thumbnail":0,"footnotes":""},"class_list":["post-8380","page","type-page","status-publish","hentry"],"yoast_head":"<!-- This site is optimized with the Yoast SEO plugin v24.4 - https:\/\/yoast.com\/wordpress\/plugins\/seo\/ -->\n<title>PL 4206\/2025 - Deputados - Legislapp<\/title>\n<meta name=\"robots\" content=\"index, follow, max-snippet:-1, max-image-preview:large, max-video-preview:-1\" \/>\n<link rel=\"canonical\" href=\"https:\/\/www.legislapp.com.br\/index.php\/cam-legislativa-de-mg-pl-4206-2025\/\" \/>\n<meta property=\"og:locale\" content=\"pt_BR\" \/>\n<meta property=\"og:type\" content=\"article\" \/>\n<meta property=\"og:title\" content=\"PL 4206\/2025 - Deputados - Legislapp\" \/>\n<meta property=\"og:description\" content=\"C\u00e2m. Legislativa de MG &#8211; Autoria de Deputados Disp\u00f5e sobre a proibi\u00e7\u00e3o de conte\u00fados art\u00edsticos e culturais que promovam adultiza\u00e7\u00e3o, sexualiza\u00e7\u00e3o ou explora\u00e7\u00e3o de crian\u00e7as e adolescentes em eventos, &#8220;shows&#8221;, apresenta\u00e7\u00f5es culturais ou art\u00edsticas, em espa\u00e7o p\u00fablico ou privado no Estado. Disp\u00f5e sobre a proibi\u00e7\u00e3o de conte\u00fados art\u00edsticos e culturais que promovam a adultiza\u00e7\u00e3o, sexualiza\u00e7\u00e3o [&hellip;]\" \/>\n<meta property=\"og:url\" content=\"https:\/\/www.legislapp.com.br\/index.php\/cam-legislativa-de-mg-pl-4206-2025\/\" \/>\n<meta property=\"og:site_name\" content=\"Legislapp\" \/>\n<meta property=\"article:publisher\" content=\"https:\/\/www.instagram.com\/legislapp\/\" \/>\n<meta property=\"og:image\" content=\"https:\/\/www.legislapp.com.br\/wp-content\/uploads\/google-play.png\" \/>\n<meta name=\"twitter:card\" content=\"summary_large_image\" \/>\n<meta name=\"twitter:label1\" content=\"Est. tempo de leitura\" \/>\n\t<meta name=\"twitter:data1\" content=\"5 minutos\" \/>\n<script type=\"application\/ld+json\" class=\"yoast-schema-graph\">{\"@context\":\"https:\/\/schema.org\",\"@graph\":[{\"@type\":\"WebPage\",\"@id\":\"https:\/\/www.legislapp.com.br\/index.php\/cam-legislativa-de-mg-pl-4206-2025\/\",\"url\":\"https:\/\/www.legislapp.com.br\/index.php\/cam-legislativa-de-mg-pl-4206-2025\/\",\"name\":\"PL 4206\/2025 - Deputados - Legislapp\",\"isPartOf\":{\"@id\":\"https:\/\/www.legislapp.com.br\/#website\"},\"primaryImageOfPage\":{\"@id\":\"https:\/\/www.legislapp.com.br\/index.php\/cam-legislativa-de-mg-pl-4206-2025\/#primaryimage\"},\"image\":{\"@id\":\"https:\/\/www.legislapp.com.br\/index.php\/cam-legislativa-de-mg-pl-4206-2025\/#primaryimage\"},\"thumbnailUrl\":\"https:\/\/www.legislapp.com.br\/wp-content\/uploads\/google-play.png\",\"datePublished\":\"2025-10-08T14:30:35+00:00\",\"breadcrumb\":{\"@id\":\"https:\/\/www.legislapp.com.br\/index.php\/cam-legislativa-de-mg-pl-4206-2025\/#breadcrumb\"},\"inLanguage\":\"pt-BR\",\"potentialAction\":[{\"@type\":\"ReadAction\",\"target\":[\"https:\/\/www.legislapp.com.br\/index.php\/cam-legislativa-de-mg-pl-4206-2025\/\"]}]},{\"@type\":\"ImageObject\",\"inLanguage\":\"pt-BR\",\"@id\":\"https:\/\/www.legislapp.com.br\/index.php\/cam-legislativa-de-mg-pl-4206-2025\/#primaryimage\",\"url\":\"https:\/\/www.legislapp.com.br\/wp-content\/uploads\/google-play.png\",\"contentUrl\":\"https:\/\/www.legislapp.com.br\/wp-content\/uploads\/google-play.png\",\"width\":564,\"height\":168},{\"@type\":\"BreadcrumbList\",\"@id\":\"https:\/\/www.legislapp.com.br\/index.php\/cam-legislativa-de-mg-pl-4206-2025\/#breadcrumb\",\"itemListElement\":[{\"@type\":\"ListItem\",\"position\":1,\"name\":\"In\u00edcio\",\"item\":\"https:\/\/www.legislapp.com.br\/\"},{\"@type\":\"ListItem\",\"position\":2,\"name\":\"PL 4206\/2025 &#8211; Deputados\"}]},{\"@type\":\"WebSite\",\"@id\":\"https:\/\/www.legislapp.com.br\/#website\",\"url\":\"https:\/\/www.legislapp.com.br\/\",\"name\":\"Legislapp\",\"description\":\"Intelig\u00eancia governamental em tempo real\",\"publisher\":{\"@id\":\"https:\/\/www.legislapp.com.br\/#organization\"},\"potentialAction\":[{\"@type\":\"SearchAction\",\"target\":{\"@type\":\"EntryPoint\",\"urlTemplate\":\"https:\/\/www.legislapp.com.br\/?s={search_term_string}\"},\"query-input\":{\"@type\":\"PropertyValueSpecification\",\"valueRequired\":true,\"valueName\":\"search_term_string\"}}],\"inLanguage\":\"pt-BR\"},{\"@type\":\"Organization\",\"@id\":\"https:\/\/www.legislapp.com.br\/#organization\",\"name\":\"Legislapp Monitoramento e Intelig\u00eancia Governamental\",\"url\":\"https:\/\/www.legislapp.com.br\/\",\"logo\":{\"@type\":\"ImageObject\",\"inLanguage\":\"pt-BR\",\"@id\":\"https:\/\/www.legislapp.com.br\/#\/schema\/logo\/image\/\",\"url\":\"https:\/\/www.legislapp.com.br\/wp-content\/uploads\/icon.png\",\"contentUrl\":\"https:\/\/www.legislapp.com.br\/wp-content\/uploads\/icon.png\",\"width\":1024,\"height\":1024,\"caption\":\"Legislapp Monitoramento e Intelig\u00eancia Governamental\"},\"image\":{\"@id\":\"https:\/\/www.legislapp.com.br\/#\/schema\/logo\/image\/\"},\"sameAs\":[\"https:\/\/www.instagram.com\/legislapp\/\"]}]}<\/script>\n<!-- \/ Yoast SEO plugin. -->","yoast_head_json":{"title":"PL 4206\/2025 - Deputados - Legislapp","robots":{"index":"index","follow":"follow","max-snippet":"max-snippet:-1","max-image-preview":"max-image-preview:large","max-video-preview":"max-video-preview:-1"},"canonical":"https:\/\/www.legislapp.com.br\/index.php\/cam-legislativa-de-mg-pl-4206-2025\/","og_locale":"pt_BR","og_type":"article","og_title":"PL 4206\/2025 - Deputados - Legislapp","og_description":"C\u00e2m. Legislativa de MG &#8211; Autoria de Deputados Disp\u00f5e sobre a proibi\u00e7\u00e3o de conte\u00fados art\u00edsticos e culturais que promovam adultiza\u00e7\u00e3o, sexualiza\u00e7\u00e3o ou explora\u00e7\u00e3o de crian\u00e7as e adolescentes em eventos, &#8220;shows&#8221;, apresenta\u00e7\u00f5es culturais ou art\u00edsticas, em espa\u00e7o p\u00fablico ou privado no Estado. Disp\u00f5e sobre a proibi\u00e7\u00e3o de conte\u00fados art\u00edsticos e culturais que promovam a adultiza\u00e7\u00e3o, sexualiza\u00e7\u00e3o [&hellip;]","og_url":"https:\/\/www.legislapp.com.br\/index.php\/cam-legislativa-de-mg-pl-4206-2025\/","og_site_name":"Legislapp","article_publisher":"https:\/\/www.instagram.com\/legislapp\/","og_image":[{"url":"https:\/\/www.legislapp.com.br\/wp-content\/uploads\/google-play.png","type":"","width":"","height":""}],"twitter_card":"summary_large_image","twitter_misc":{"Est. tempo de leitura":"5 minutos"},"schema":{"@context":"https:\/\/schema.org","@graph":[{"@type":"WebPage","@id":"https:\/\/www.legislapp.com.br\/index.php\/cam-legislativa-de-mg-pl-4206-2025\/","url":"https:\/\/www.legislapp.com.br\/index.php\/cam-legislativa-de-mg-pl-4206-2025\/","name":"PL 4206\/2025 - Deputados - Legislapp","isPartOf":{"@id":"https:\/\/www.legislapp.com.br\/#website"},"primaryImageOfPage":{"@id":"https:\/\/www.legislapp.com.br\/index.php\/cam-legislativa-de-mg-pl-4206-2025\/#primaryimage"},"image":{"@id":"https:\/\/www.legislapp.com.br\/index.php\/cam-legislativa-de-mg-pl-4206-2025\/#primaryimage"},"thumbnailUrl":"https:\/\/www.legislapp.com.br\/wp-content\/uploads\/google-play.png","datePublished":"2025-10-08T14:30:35+00:00","breadcrumb":{"@id":"https:\/\/www.legislapp.com.br\/index.php\/cam-legislativa-de-mg-pl-4206-2025\/#breadcrumb"},"inLanguage":"pt-BR","potentialAction":[{"@type":"ReadAction","target":["https:\/\/www.legislapp.com.br\/index.php\/cam-legislativa-de-mg-pl-4206-2025\/"]}]},{"@type":"ImageObject","inLanguage":"pt-BR","@id":"https:\/\/www.legislapp.com.br\/index.php\/cam-legislativa-de-mg-pl-4206-2025\/#primaryimage","url":"https:\/\/www.legislapp.com.br\/wp-content\/uploads\/google-play.png","contentUrl":"https:\/\/www.legislapp.com.br\/wp-content\/uploads\/google-play.png","width":564,"height":168},{"@type":"BreadcrumbList","@id":"https:\/\/www.legislapp.com.br\/index.php\/cam-legislativa-de-mg-pl-4206-2025\/#breadcrumb","itemListElement":[{"@type":"ListItem","position":1,"name":"In\u00edcio","item":"https:\/\/www.legislapp.com.br\/"},{"@type":"ListItem","position":2,"name":"PL 4206\/2025 &#8211; Deputados"}]},{"@type":"WebSite","@id":"https:\/\/www.legislapp.com.br\/#website","url":"https:\/\/www.legislapp.com.br\/","name":"Legislapp","description":"Intelig\u00eancia governamental em tempo real","publisher":{"@id":"https:\/\/www.legislapp.com.br\/#organization"},"potentialAction":[{"@type":"SearchAction","target":{"@type":"EntryPoint","urlTemplate":"https:\/\/www.legislapp.com.br\/?s={search_term_string}"},"query-input":{"@type":"PropertyValueSpecification","valueRequired":true,"valueName":"search_term_string"}}],"inLanguage":"pt-BR"},{"@type":"Organization","@id":"https:\/\/www.legislapp.com.br\/#organization","name":"Legislapp Monitoramento e Intelig\u00eancia Governamental","url":"https:\/\/www.legislapp.com.br\/","logo":{"@type":"ImageObject","inLanguage":"pt-BR","@id":"https:\/\/www.legislapp.com.br\/#\/schema\/logo\/image\/","url":"https:\/\/www.legislapp.com.br\/wp-content\/uploads\/icon.png","contentUrl":"https:\/\/www.legislapp.com.br\/wp-content\/uploads\/icon.png","width":1024,"height":1024,"caption":"Legislapp Monitoramento e Intelig\u00eancia Governamental"},"image":{"@id":"https:\/\/www.legislapp.com.br\/#\/schema\/logo\/image\/"},"sameAs":["https:\/\/www.instagram.com\/legislapp\/"]}]}},"_links":{"self":[{"href":"https:\/\/www.legislapp.com.br\/index.php\/wp-json\/wp\/v2\/pages\/8380","targetHints":{"allow":["GET"]}}],"collection":[{"href":"https:\/\/www.legislapp.com.br\/index.php\/wp-json\/wp\/v2\/pages"}],"about":[{"href":"https:\/\/www.legislapp.com.br\/index.php\/wp-json\/wp\/v2\/types\/page"}],"author":[{"embeddable":true,"href":"https:\/\/www.legislapp.com.br\/index.php\/wp-json\/wp\/v2\/users\/1"}],"replies":[{"embeddable":true,"href":"https:\/\/www.legislapp.com.br\/index.php\/wp-json\/wp\/v2\/comments?post=8380"}],"version-history":[{"count":0,"href":"https:\/\/www.legislapp.com.br\/index.php\/wp-json\/wp\/v2\/pages\/8380\/revisions"}],"wp:attachment":[{"href":"https:\/\/www.legislapp.com.br\/index.php\/wp-json\/wp\/v2\/media?parent=8380"}],"curies":[{"name":"wp","href":"https:\/\/api.w.org\/{rel}","templated":true}]}}