{"id":8386,"date":"2025-10-08T11:30:56","date_gmt":"2025-10-08T14:30:56","guid":{"rendered":"https:\/\/www.legislapp.com.br\/index.php\/cam-legislativa-de-mg-pl-4238-2025\/"},"modified":"2025-10-08T11:30:56","modified_gmt":"2025-10-08T14:30:56","slug":"cam-legislativa-de-mg-pl-4238-2025","status":"publish","type":"page","link":"https:\/\/www.legislapp.com.br\/index.php\/cam-legislativa-de-mg-pl-4238-2025\/","title":{"rendered":"PL 4238\/2025 &#8211; Deputados"},"content":{"rendered":"<h1 style='text-align: center;'>C\u00e2m. Legislativa de MG &#8211; Autoria de Deputados<\/h3>\n<p><\/p>\n<article style='text-align: center'>Declara os servi\u00e7os prestados pela Empresa de Assist\u00eancia T\u00e9cnica e<br \/>\nExtens\u00e3o Rural do Estado de Minas Gerais &#8211; Emater-MG &#8211; como patrim\u00f4nio<br \/>\ncultural e imaterial do Estado.<\/article>\n<p><\/p>\n<p style='text-align: center'><a href='https:\/\/app.legislapp.com.br\/#\/busca?termo='><\/a><\/p>\n<p><\/p>\n<article>Declara os servi\u00e7os prestados pela Empresa de Assist\u00eancia T\u00e9cnica e Extens\u00e3o Rural do Estado de Minas Gerais \u2013 Emater-MG \u2013, como Patrim\u00f4nio Cultural e Imaterial.<br \/>\nA Assembleia Legislativa do Estado de Minas Gerais decreta:<br \/>\nArt. 1\u00ba \u2013 Ficam declarados como patrim\u00f4nio Cultural e material do estado de Minas Gerais os servi\u00e7os de Assist\u00eancia T\u00e9cnica e Extens\u00e3o Rural prestados pela Emater-MG, reconhecendo sua relev\u00e2ncia hist\u00f3rica, social, cultural e econ\u00f4mica para o desenvolvimento sustent\u00e1vel na moderniza\u00e7\u00e3o do setor agropecu\u00e1rio.<br \/>\nArt. 2\u00ba \u2013 O reconhecimento que trata essa lei se fundamenta na:<br \/>\nI \u2013 contribui\u00e7\u00e3o da Emater-MG na difus\u00e3o de conhecimentos, saberes e praticas agr\u00edcolas sustent\u00e1veis;<br \/>\nII \u2013 valoriza\u00e7\u00e3o dos modos de vida do campo, do fortalecimento da agricultura familiar e seus produtos e desenvolvimento rural.<br \/>\nIII \u2013 promo\u00e7\u00e3o da seguran\u00e7a alimentar e nutricional.<br \/>\nIV \u2013 preserva\u00e7\u00e3o de pr\u00e1ticas culturais, tradi\u00e7\u00f5es e identidades ligadas ao meio rural mineiro.<br \/>\nArt. 3\u00ba \u2013 Caber\u00e1 ao Poder Executivo em articula\u00e7\u00e3o com \u00f3rg\u00e3os de patrim\u00f4nio cultural, registar, proteger e promover\u00a0 os servi\u00e7os prestados pela Emater-MG como bem de natureza imaterial, assegurando sua continuidade e transmiss\u00e3o das gera\u00e7\u00f5es futuras.<br \/>\nArt. 4\u00ba \u2013 Esta lei entra em vigor na data de sua publica\u00e7\u00e3o.<br \/>\nSala das Reuni\u00f5es, 19 de agosto de 2025.<br \/>\nCarlos Henrique (Republicanos), presidente da Comiss\u00e3o de Reda\u00e7\u00e3o.<br \/>\nJustifica\u00e7\u00e3o: A defini\u00e7\u00e3o institucional de patrim\u00f4nio cultural foi reconhecida pela Constitui\u00e7\u00e3o Federal de 1988, em seu artigo n\u00ba 216 e 216A, a qual identifica o patrim\u00f4nio cultural como um conjunto de bens de natureza material e imaterial, portadores de refer\u00eancia \u00e0 identidade, \u00e0 a\u00e7\u00e3o, \u00e0 mem\u00f3ria dos diferentes grupos formadores da sociedade brasileira, nos quais incluem as formas de express\u00e3o; os modos de criar, fazer e viver; as cria\u00e7\u00f5es cient\u00edficas, art\u00edsticas e tecnol\u00f3gicas; as obras, objetos, documentos, edifica\u00e7\u00f5es e demais espa\u00e7os destinados \u00e0s manifesta\u00e7\u00f5es art\u00edstico-culturais; e os conjuntos urbanos e s\u00edtios de valor hist\u00f3rico, paisag\u00edstico, art\u00edstico, arqueol\u00f3gico, paleontol\u00f3gico, ecol\u00f3gico e cient\u00edfico . Entende-se por cultura todas as a\u00e7\u00f5es por meio das quais os povos expressam suas formas de criar, fazer e viver, conforme consta na Constitui\u00e7\u00e3o Federal de 1988, art. 216. A cultura engloba as cren\u00e7as, vis\u00f5es de mundo e saber fazer.<br \/>\nTrata-se de um processo din\u00e2mico de transmiss\u00e3o, de gera\u00e7\u00e3o a gera\u00e7\u00e3o, de pr\u00e1ticas, sentidos e valores. Neste cen\u00e1rio, \u00e9 importante reconhecer que todos os povos produzem cultura e que cada um tem uma forma diferente de se expressar e aceitar a diversidade cultural, Ou seja, reconhecer que n\u00e3o h\u00e1 uma cultura superior, mas sim culturas diferentes. Uma a\u00e7\u00e3o que se destaca neste cen\u00e1rio \u00e9 o Programa de Iniciativa Comunit\u00e1ria Liga\u00e7\u00e3o entre A\u00e7\u00f5es de Desenvolvimento e Economia Rural, criado em 1991 pela Comiss\u00e3o Europeia, composto por diferentes projetos que passaram a valorizar o patrim\u00f4nio cultural imaterial das comunidades rurais, compreendendo-as al\u00e9m da dimens\u00e3o produtivista e considerando outros aspectos relacionados \u00e0 vida no campo, como o modo de fazer artesanal.<br \/>\nNesta iniciativa est\u00e1 a no\u00e7\u00e3o contempor\u00e2nea de patrim\u00f4nio cultural, que deixou de ter o foco nos museus para fazer parte do cotidiano da sociedade, devendo ser trabalhada como um elemento vivo, em constantes adapta\u00e7\u00f5es, e acionada como propulsionadora do desenvolvimento das comunidades . Ao valorizar as singularidades hist\u00f3ricas e culturais, de tradi\u00e7\u00e3o e pertencimento, os atores locais podem produzir elementos mobilizadores e impulsionadores de gera\u00e7\u00e3o de trabalho e renda e, ao mesmo tempo, o patrim\u00f4nio passa a ser reconhecido como elemento estruturante da mem\u00f3ria, imagem e identidade territorial e como um dos recursos essenciais para a afirma\u00e7\u00e3o dos valores culturais e ambientais no quadro renovado das teorias de desenvolvimento compartilham desta vis\u00e3o acenando que as estrat\u00e9gias e constru\u00e7\u00f5es culturais aplicadas pelos indiv\u00edduos no territ\u00f3rio podem ser retiradas de um estoque de discursos dispon\u00edveis (verbais e n\u00e3o verbais) resultantes de estilos de vida, formas culturais e racionalidades que os atores participam e compartilham com outros indiv\u00edduos, contempor\u00e2neos e\/ou antecessores. Mais especificamente no rural, a crise ambiental iniciada no final dos anos 70 permitiu a mudan\u00e7a de percep\u00e7\u00e3o sobre o rural passou a reconhecer as suas potencialidades espec\u00edficas, valorizando o patrim\u00f4nio presente, respingando na atividade agr\u00edcola que passaria a ser considerada al\u00e9m da sua vers\u00e3o produtivista.<br \/>\nAo agricultor fica ent\u00e3o reservado o estatuto de um importante ator na tarefa da preserva\u00e7\u00e3o dos valores patrimoniais e paisag\u00edsticos do mundo rural, cujo objetivo principal \u00e9 fortalecer os territ\u00f3rios detentores de identidade cultural diferenciada, conduzindo din\u00e2micas sustent\u00e1veis, inclusivas e contribuindo para gera\u00e7\u00e3o de empregos e renda.<br \/>\n\u2013 Publicado, vai o projeto \u00e0s Comiss\u00f5es de Justi\u00e7a e de Cultura para parecer, nos termos do art. 188, c\/c o art. 102, do Regimento Interno.<\/article>\n<div style=\"text-align: center\">\n<div style=\"margin-bottom: 20px;\" class=\"et_pb_button_module_wrapper et_pb_button_5_tb_body_wrapper et_pb_button_alignment_center et_pb_module \">\n         <a class=\"et_pb_button et_pb_button_5_tb_body et_hover_enabled et_pb_bg_layout_dark\" style=\"width: 50%;background-color: black;\" href=\"https:\/\/app.legislapp.com.br\" target=\"_blank\" rel=\"noopener\">Visualizar completo na nossa plataforma (30 dias gr\u00e1tis)<\/a><\/p><\/div>\n<p>      <a href=\"https:\/\/play.google.com\/store\/apps\/details?id=br.com.legislapp\"><img decoding=\"async\" style=\"width: 15%; min-width: 130px;\" src=\"https:\/\/www.legislapp.com.br\/wp-content\/uploads\/google-play.png\"><\/a><br \/>\n      <a href=\"https:\/\/apps.apple.com\/us\/app\/legislapp\/id1568929859\"><img decoding=\"async\" style=\"width: 15%; min-width: 130px\" src=\"https:\/\/www.legislapp.com.br\/wp-content\/uploads\/apple-store.png\"><\/a>\n   <\/div>\n","protected":false},"excerpt":{"rendered":"<p>C\u00e2m. Legislativa de MG &#8211; Autoria de Deputados Declara os servi\u00e7os prestados pela Empresa de Assist\u00eancia T\u00e9cnica e Extens\u00e3o Rural do Estado de Minas Gerais &#8211; Emater-MG &#8211; como patrim\u00f4nio cultural e imaterial do Estado. Declara os servi\u00e7os prestados pela Empresa de Assist\u00eancia T\u00e9cnica e Extens\u00e3o Rural do Estado de Minas Gerais \u2013 Emater-MG \u2013, [&hellip;]<\/p>\n","protected":false},"author":1,"featured_media":0,"parent":0,"menu_order":0,"comment_status":"closed","ping_status":"closed","template":"page-template-blank.php","meta":{"_et_pb_use_builder":"","_et_pb_old_content":"","_et_gb_content_width":"1080","ngg_post_thumbnail":0,"footnotes":""},"class_list":["post-8386","page","type-page","status-publish","hentry"],"yoast_head":"<!-- This site is optimized with the Yoast SEO plugin v24.4 - https:\/\/yoast.com\/wordpress\/plugins\/seo\/ -->\n<title>PL 4238\/2025 - Deputados - Legislapp<\/title>\n<meta name=\"robots\" content=\"index, follow, max-snippet:-1, max-image-preview:large, max-video-preview:-1\" \/>\n<link rel=\"canonical\" href=\"https:\/\/www.legislapp.com.br\/index.php\/cam-legislativa-de-mg-pl-4238-2025\/\" \/>\n<meta property=\"og:locale\" content=\"pt_BR\" \/>\n<meta property=\"og:type\" content=\"article\" \/>\n<meta property=\"og:title\" content=\"PL 4238\/2025 - Deputados - Legislapp\" \/>\n<meta property=\"og:description\" content=\"C\u00e2m. Legislativa de MG &#8211; Autoria de Deputados Declara os servi\u00e7os prestados pela Empresa de Assist\u00eancia T\u00e9cnica e Extens\u00e3o Rural do Estado de Minas Gerais &#8211; Emater-MG &#8211; como patrim\u00f4nio cultural e imaterial do Estado. Declara os servi\u00e7os prestados pela Empresa de Assist\u00eancia T\u00e9cnica e Extens\u00e3o Rural do Estado de Minas Gerais \u2013 Emater-MG \u2013, [&hellip;]\" \/>\n<meta property=\"og:url\" content=\"https:\/\/www.legislapp.com.br\/index.php\/cam-legislativa-de-mg-pl-4238-2025\/\" \/>\n<meta property=\"og:site_name\" content=\"Legislapp\" \/>\n<meta property=\"article:publisher\" content=\"https:\/\/www.instagram.com\/legislapp\/\" \/>\n<meta property=\"og:image\" content=\"https:\/\/www.legislapp.com.br\/wp-content\/uploads\/google-play.png\" \/>\n<meta name=\"twitter:card\" content=\"summary_large_image\" \/>\n<meta name=\"twitter:label1\" content=\"Est. tempo de leitura\" \/>\n\t<meta name=\"twitter:data1\" content=\"4 minutos\" \/>\n<script type=\"application\/ld+json\" class=\"yoast-schema-graph\">{\"@context\":\"https:\/\/schema.org\",\"@graph\":[{\"@type\":\"WebPage\",\"@id\":\"https:\/\/www.legislapp.com.br\/index.php\/cam-legislativa-de-mg-pl-4238-2025\/\",\"url\":\"https:\/\/www.legislapp.com.br\/index.php\/cam-legislativa-de-mg-pl-4238-2025\/\",\"name\":\"PL 4238\/2025 - Deputados - Legislapp\",\"isPartOf\":{\"@id\":\"https:\/\/www.legislapp.com.br\/#website\"},\"primaryImageOfPage\":{\"@id\":\"https:\/\/www.legislapp.com.br\/index.php\/cam-legislativa-de-mg-pl-4238-2025\/#primaryimage\"},\"image\":{\"@id\":\"https:\/\/www.legislapp.com.br\/index.php\/cam-legislativa-de-mg-pl-4238-2025\/#primaryimage\"},\"thumbnailUrl\":\"https:\/\/www.legislapp.com.br\/wp-content\/uploads\/google-play.png\",\"datePublished\":\"2025-10-08T14:30:56+00:00\",\"breadcrumb\":{\"@id\":\"https:\/\/www.legislapp.com.br\/index.php\/cam-legislativa-de-mg-pl-4238-2025\/#breadcrumb\"},\"inLanguage\":\"pt-BR\",\"potentialAction\":[{\"@type\":\"ReadAction\",\"target\":[\"https:\/\/www.legislapp.com.br\/index.php\/cam-legislativa-de-mg-pl-4238-2025\/\"]}]},{\"@type\":\"ImageObject\",\"inLanguage\":\"pt-BR\",\"@id\":\"https:\/\/www.legislapp.com.br\/index.php\/cam-legislativa-de-mg-pl-4238-2025\/#primaryimage\",\"url\":\"https:\/\/www.legislapp.com.br\/wp-content\/uploads\/google-play.png\",\"contentUrl\":\"https:\/\/www.legislapp.com.br\/wp-content\/uploads\/google-play.png\",\"width\":564,\"height\":168},{\"@type\":\"BreadcrumbList\",\"@id\":\"https:\/\/www.legislapp.com.br\/index.php\/cam-legislativa-de-mg-pl-4238-2025\/#breadcrumb\",\"itemListElement\":[{\"@type\":\"ListItem\",\"position\":1,\"name\":\"In\u00edcio\",\"item\":\"https:\/\/www.legislapp.com.br\/\"},{\"@type\":\"ListItem\",\"position\":2,\"name\":\"PL 4238\/2025 &#8211; Deputados\"}]},{\"@type\":\"WebSite\",\"@id\":\"https:\/\/www.legislapp.com.br\/#website\",\"url\":\"https:\/\/www.legislapp.com.br\/\",\"name\":\"Legislapp\",\"description\":\"Intelig\u00eancia governamental em tempo real\",\"publisher\":{\"@id\":\"https:\/\/www.legislapp.com.br\/#organization\"},\"potentialAction\":[{\"@type\":\"SearchAction\",\"target\":{\"@type\":\"EntryPoint\",\"urlTemplate\":\"https:\/\/www.legislapp.com.br\/?s={search_term_string}\"},\"query-input\":{\"@type\":\"PropertyValueSpecification\",\"valueRequired\":true,\"valueName\":\"search_term_string\"}}],\"inLanguage\":\"pt-BR\"},{\"@type\":\"Organization\",\"@id\":\"https:\/\/www.legislapp.com.br\/#organization\",\"name\":\"Legislapp Monitoramento e Intelig\u00eancia Governamental\",\"url\":\"https:\/\/www.legislapp.com.br\/\",\"logo\":{\"@type\":\"ImageObject\",\"inLanguage\":\"pt-BR\",\"@id\":\"https:\/\/www.legislapp.com.br\/#\/schema\/logo\/image\/\",\"url\":\"https:\/\/www.legislapp.com.br\/wp-content\/uploads\/icon.png\",\"contentUrl\":\"https:\/\/www.legislapp.com.br\/wp-content\/uploads\/icon.png\",\"width\":1024,\"height\":1024,\"caption\":\"Legislapp Monitoramento e Intelig\u00eancia Governamental\"},\"image\":{\"@id\":\"https:\/\/www.legislapp.com.br\/#\/schema\/logo\/image\/\"},\"sameAs\":[\"https:\/\/www.instagram.com\/legislapp\/\"]}]}<\/script>\n<!-- \/ Yoast SEO plugin. -->","yoast_head_json":{"title":"PL 4238\/2025 - Deputados - Legislapp","robots":{"index":"index","follow":"follow","max-snippet":"max-snippet:-1","max-image-preview":"max-image-preview:large","max-video-preview":"max-video-preview:-1"},"canonical":"https:\/\/www.legislapp.com.br\/index.php\/cam-legislativa-de-mg-pl-4238-2025\/","og_locale":"pt_BR","og_type":"article","og_title":"PL 4238\/2025 - Deputados - Legislapp","og_description":"C\u00e2m. Legislativa de MG &#8211; Autoria de Deputados Declara os servi\u00e7os prestados pela Empresa de Assist\u00eancia T\u00e9cnica e Extens\u00e3o Rural do Estado de Minas Gerais &#8211; Emater-MG &#8211; como patrim\u00f4nio cultural e imaterial do Estado. Declara os servi\u00e7os prestados pela Empresa de Assist\u00eancia T\u00e9cnica e Extens\u00e3o Rural do Estado de Minas Gerais \u2013 Emater-MG \u2013, [&hellip;]","og_url":"https:\/\/www.legislapp.com.br\/index.php\/cam-legislativa-de-mg-pl-4238-2025\/","og_site_name":"Legislapp","article_publisher":"https:\/\/www.instagram.com\/legislapp\/","og_image":[{"url":"https:\/\/www.legislapp.com.br\/wp-content\/uploads\/google-play.png","type":"","width":"","height":""}],"twitter_card":"summary_large_image","twitter_misc":{"Est. tempo de leitura":"4 minutos"},"schema":{"@context":"https:\/\/schema.org","@graph":[{"@type":"WebPage","@id":"https:\/\/www.legislapp.com.br\/index.php\/cam-legislativa-de-mg-pl-4238-2025\/","url":"https:\/\/www.legislapp.com.br\/index.php\/cam-legislativa-de-mg-pl-4238-2025\/","name":"PL 4238\/2025 - Deputados - Legislapp","isPartOf":{"@id":"https:\/\/www.legislapp.com.br\/#website"},"primaryImageOfPage":{"@id":"https:\/\/www.legislapp.com.br\/index.php\/cam-legislativa-de-mg-pl-4238-2025\/#primaryimage"},"image":{"@id":"https:\/\/www.legislapp.com.br\/index.php\/cam-legislativa-de-mg-pl-4238-2025\/#primaryimage"},"thumbnailUrl":"https:\/\/www.legislapp.com.br\/wp-content\/uploads\/google-play.png","datePublished":"2025-10-08T14:30:56+00:00","breadcrumb":{"@id":"https:\/\/www.legislapp.com.br\/index.php\/cam-legislativa-de-mg-pl-4238-2025\/#breadcrumb"},"inLanguage":"pt-BR","potentialAction":[{"@type":"ReadAction","target":["https:\/\/www.legislapp.com.br\/index.php\/cam-legislativa-de-mg-pl-4238-2025\/"]}]},{"@type":"ImageObject","inLanguage":"pt-BR","@id":"https:\/\/www.legislapp.com.br\/index.php\/cam-legislativa-de-mg-pl-4238-2025\/#primaryimage","url":"https:\/\/www.legislapp.com.br\/wp-content\/uploads\/google-play.png","contentUrl":"https:\/\/www.legislapp.com.br\/wp-content\/uploads\/google-play.png","width":564,"height":168},{"@type":"BreadcrumbList","@id":"https:\/\/www.legislapp.com.br\/index.php\/cam-legislativa-de-mg-pl-4238-2025\/#breadcrumb","itemListElement":[{"@type":"ListItem","position":1,"name":"In\u00edcio","item":"https:\/\/www.legislapp.com.br\/"},{"@type":"ListItem","position":2,"name":"PL 4238\/2025 &#8211; Deputados"}]},{"@type":"WebSite","@id":"https:\/\/www.legislapp.com.br\/#website","url":"https:\/\/www.legislapp.com.br\/","name":"Legislapp","description":"Intelig\u00eancia governamental em tempo real","publisher":{"@id":"https:\/\/www.legislapp.com.br\/#organization"},"potentialAction":[{"@type":"SearchAction","target":{"@type":"EntryPoint","urlTemplate":"https:\/\/www.legislapp.com.br\/?s={search_term_string}"},"query-input":{"@type":"PropertyValueSpecification","valueRequired":true,"valueName":"search_term_string"}}],"inLanguage":"pt-BR"},{"@type":"Organization","@id":"https:\/\/www.legislapp.com.br\/#organization","name":"Legislapp Monitoramento e Intelig\u00eancia Governamental","url":"https:\/\/www.legislapp.com.br\/","logo":{"@type":"ImageObject","inLanguage":"pt-BR","@id":"https:\/\/www.legislapp.com.br\/#\/schema\/logo\/image\/","url":"https:\/\/www.legislapp.com.br\/wp-content\/uploads\/icon.png","contentUrl":"https:\/\/www.legislapp.com.br\/wp-content\/uploads\/icon.png","width":1024,"height":1024,"caption":"Legislapp Monitoramento e Intelig\u00eancia Governamental"},"image":{"@id":"https:\/\/www.legislapp.com.br\/#\/schema\/logo\/image\/"},"sameAs":["https:\/\/www.instagram.com\/legislapp\/"]}]}},"_links":{"self":[{"href":"https:\/\/www.legislapp.com.br\/index.php\/wp-json\/wp\/v2\/pages\/8386","targetHints":{"allow":["GET"]}}],"collection":[{"href":"https:\/\/www.legislapp.com.br\/index.php\/wp-json\/wp\/v2\/pages"}],"about":[{"href":"https:\/\/www.legislapp.com.br\/index.php\/wp-json\/wp\/v2\/types\/page"}],"author":[{"embeddable":true,"href":"https:\/\/www.legislapp.com.br\/index.php\/wp-json\/wp\/v2\/users\/1"}],"replies":[{"embeddable":true,"href":"https:\/\/www.legislapp.com.br\/index.php\/wp-json\/wp\/v2\/comments?post=8386"}],"version-history":[{"count":0,"href":"https:\/\/www.legislapp.com.br\/index.php\/wp-json\/wp\/v2\/pages\/8386\/revisions"}],"wp:attachment":[{"href":"https:\/\/www.legislapp.com.br\/index.php\/wp-json\/wp\/v2\/media?parent=8386"}],"curies":[{"name":"wp","href":"https:\/\/api.w.org\/{rel}","templated":true}]}}