{"id":8427,"date":"2025-10-08T11:33:20","date_gmt":"2025-10-08T14:33:20","guid":{"rendered":"https:\/\/www.legislapp.com.br\/index.php\/cam-legislativa-de-sc-of-0018-2025\/"},"modified":"2025-10-08T11:33:20","modified_gmt":"2025-10-08T14:33:20","slug":"cam-legislativa-de-sc-of-0018-2025","status":"publish","type":"page","link":"https:\/\/www.legislapp.com.br\/index.php\/cam-legislativa-de-sc-of-0018-2025\/","title":{"rendered":"OF.\/0018\/2025 &#8211; Entidade"},"content":{"rendered":"<h1 style='text-align: center;'>C\u00e2m. Legislativa de SC &#8211; Autoria de Entidade<\/h3>\n<p><\/p>\n<article style='text-align: center'>Instituto de Assist\u00eancia e Educa\u00e7\u00e3o S\u00e3o Jo\u00e3o &#8211; Hospital Santa Casa Rural, de Itapiranga, solicitando a altera\u00e7\u00e3o da Lei que a declarou de utilidade p\u00fablica em raz\u00e3o de altera\u00e7\u00e3o do endere\u00e7o da sua sede. (S\u00e3o Jo\u00e3o do Oeste)<\/article>\n<p><\/p>\n<p style='text-align: center'><a href='https:\/\/app.legislapp.com.br\/#\/busca?termo='><\/a><\/p>\n<p><\/p>\n<article>\nREQUERIMENTO DE ALTERA\u00c7\u00c3O DA NORMA LEGAL QUE OUTORGOU O<br \/>\nT\u00cdTULO DE UTILIDADE P\u00daBLICA<br \/>\n(Lei n\u00ba 18.269, de 9 de dezembro de 2021) <\/p>\n<p>Eu, VILSON , inscrito no CPF sob o n\u00ba 894. -20, telefone n\u00ba 49<br \/>\n3636 , e-mail: hospitalsjo@gmail.com, residente na Estrada Geral ,<br \/>\nS\u00e3o Jo\u00e3o do Oeste\/SC, CEP 89897- , na qualidade de presidente do INSTITUTO DE<br \/>\nASSITENCIA E EDUCA\u00c7\u00c3O S\u00c3O JO\u00c3O \u2013 HOSPITAL SANTA CASA RURAL, requeiro<br \/>\na altera\u00e7\u00e3o da Lei n\u00ba 18.269, de 9 de dezembro de 2021, que consolidou e outorgou a<br \/>\nesta o t\u00edtulo de utilidade p\u00fablica, em raz\u00e3o de altera\u00e7\u00e3o de sua SEDE, nos termos do<br \/>\nart. 5\u00ba da referida Lei. <\/p>\n<p>Declaro para os devidos fins, que fazem parte deste requerimento, conforme<br \/>\nestabelecido no art. 5\u00ba da Lei que rege a mat\u00e9ria, os seguintes documentos:<br \/>\n( X ) c\u00f3pias da ata da assembleia geral e da altera\u00e7\u00e3o do estatuto em que conste a<br \/>\nmudan\u00e7a de sua sede e\/ou denomina\u00e7\u00e3o, registradas em Cart\u00f3rio ou na Junta<br \/>\nComercial; e<br \/>\n( X ) inscri\u00e7\u00e3o no Cadastro Nacional de Pessoa Jur\u00eddica (CNPJ), atualizada.  <\/p>\n<p>Declaro, ainda, que o\/a Sr.(a) M\u00d4NICA , inscrito no CPF sob o n\u00ba 026. &#8211;<br \/>\n09 , telefone n\u00ba 49 99953 , e-mail: monicacanton1601@gmail.com realizou o<br \/>\ncadastro de usu\u00e1rio externo no portal SEI (https:\/\/portalsei.alesc.sc.gov.br\/) para<br \/>\nconsultar o processo e responder a eventuais dilig\u00eancias. <\/p>\n<p>S\u00e3o Jo\u00e3o do Oeste\/SC, 01 de setembro de 2025 <\/p>\n<p>Assinado de forma digital por <\/p>\n<p>VILSON <\/p>\n<p>Dados: 2025.09.01 16:21:58<br \/>\n:894 920<\/p>\n<p>-03&#8217;00&#8217;<br \/>\nVilson<br \/>\nPresidente OF\u00cdCIO N.47\/2025                                    S\u00e3o Jo\u00e3o do Oeste &#8211; SC, 02 de setembro de 2025<br \/>\nA Sua Excel\u00eancia o Senhor<br \/>\nDEPUTADO JULIO GARCIA<br \/>\nPresidente da Assembleia Legislativa do Estado de Santa Catarina<br \/>\nGabinete da Presid\u00eancia \u2013 Sala 100 \u2013 1 Andar<br \/>\nRua Jorge Luz Fontes, 310<br \/>\n88020-900 \u2013 Florian\u00f3polis &#8211; SC<br \/>\nAssunto: Atualiza\u00e7\u00e3o do Endere\u00e7o do Instituto de Assist\u00eancia e Educa\u00e7\u00e3o S\u00e3o Jo\u00e3o \u2013 Hospital<br \/>\nSanta Casa Rural<br \/>\n  O INSTITUTO DE ASSIST\u00caNCIA E EDUCA\u00c7\u00c3O S\u00c3O JO\u00c3O \u2013 HOSPITAL SANTA<br \/>\nCASA RURAL, inscrito no CNPJ 84.375.690\/0001-53, com sede na Rua Encantado, 88, centro<br \/>\ndo Munic\u00edpio de S\u00e3o Jo\u00e3o do Oeste\/SC, declarado de Utilidade P\u00fablica Estadual Lei Estadual<br \/>\nn\u00ba 18.278, de 2021, neste ato representado pelo seu Presidente, vem por meio deste solicitar<br \/>\na Assembleia Legislativa de Santa Catarina atualiza\u00e7\u00e3o da sede da entidade.<br \/>\nNa Lei Estadual n\u00ba 18.278, de 2021 que declara de Utilidade P\u00fablica Estadual o<br \/>\nInstituto de Assist\u00eancia e Educa\u00e7\u00e3o S\u00e3o Jo\u00e3o \u2013 Hospital Santa Casa Rural consta como sede<br \/>\no mun\u00edcipio de Itapiranga conforme a primeira Lei de 10 de novembro de 1954.<br \/>\nNo entanto, em 12 de dezembro de 1991 foi publicada a Lei Estadual n\u00ba 8.475<br \/>\nque emancipa o distrito de S\u00e3o Jo\u00e3o pertencente a Itapiranga para o munic\u00edpio de S\u00e3o Jo\u00e3o<br \/>\ndo Oeste, sede da entidade. Desta forma a mudan\u00e7a de endere\u00e7o se deu por cria\u00e7\u00e3o do<br \/>\nmunic\u00edpio. NO entanto, somente em 20 de maio de 2004 foi realizada altera\u00e7\u00e3o do Estatuto<br \/>\ncom a nova sede conforme o Estatuto em anexo.<br \/>\nDiante de todo o exposto, o Instituto de Assist\u00eancia e Educa\u00e7\u00e3o S\u00e3o Jo\u00e3o, vem<br \/>\nRua Encantado, 88<br \/>\nCentro \u2022 89897-000<br \/>\nS\u00e3o Jo\u00e3o do Oeste, SC<br \/>\n(49) 3636-1133 respeitosamente, apresentar o pedido de atualiza\u00e7\u00e3o da LEI n\u00ba 18.278 de 2021 com o<br \/>\nendere\u00e7o da entidade para o Munic\u00edpio de S\u00e3o Jo\u00e3o do Oeste\/SC.<br \/>\n  Em tempo, destacamos protestos de estima e distinta considera\u00e7\u00e3o. <\/p>\n<p>Atenciosamente,  <\/p>\n<p>VILSON<br \/>\nAssinado de forma digital por <\/p>\n<p>VILSON THOME:89465652920<br \/>\nTHOME:8946565<br \/>\nDados: 2025.09.02 08:32:34<br \/>\n-03&#8217;00&#8217;<br \/>\n2920<br \/>\nVILSON THOME<br \/>\nPresidente<br \/>\nRua Encantado, 88<br \/>\nCentro \u2022 89897-000<br \/>\nS\u00e3o Jo\u00e3o do Oeste, SC<br \/>\n(49) 3636-1133 15\/07\/2025, 10:06 about:blank<\/p>\n<p>REP\u00daBLICA FEDERATIVA DO BRASIL<\/p>\n<p>CADASTRO NACIONAL DA PESSOA JUR\u00cdDICA<\/p>\n<p>N\u00daMERO DE INSCRI\u00c7\u00c3O DATA DE ABERTURA<br \/>\nCOMPROVANTE DE INSCRI\u00c7\u00c3O E DE SITUA\u00c7\u00c3O<br \/>\n84.375.690\/0001-53 10\/10\/1966<br \/>\nCADASTRAL<br \/>\nMATRIZ<\/p>\n<p>NOME EMPRESARIAL<br \/>\nINSTITUTO DE ASSISTENCIA E EDUCACAO SAO JOAO &#8211; HOSPITAL SANTA CASA RURAL<\/p>\n<p>T\u00cdTULO DO ESTABELECIMENTO (NOME DE FANTASIA) PORTE<br \/>\nHOSPITAL SANTA CASA RURAL DEMAIS<\/p>\n<p>C\u00d3DIGO E DESCRI\u00c7\u00c3O DA ATIVIDADE ECON\u00d4MICA PRINCIPAL<br \/>\n86.10-1-01 &#8211; Atividades de atendimento hospitalar, exceto pronto-socorro e unidades para atendimento a urg\u00eancias<\/p>\n<p>C\u00d3DIGO E DESCRI\u00c7\u00c3O DAS ATIVIDADES ECON\u00d4MICAS SECUND\u00c1RIAS<br \/>\n86.10-1-02 &#8211; Atividades de atendimento em pronto-socorro e unidades hospitalares para atendimento a urg\u00eancias<br \/>\nC\u00d3DIGO E DESCRI\u00c7\u00c3O DA NATUREZA JUR\u00cdDICA<br \/>\n399-9 &#8211; Associa\u00e7\u00e3o Privada<br \/>\nLOGRADOURO N\u00daMERO COMPLEMENTO<br \/>\nR ENCANTADO 88 ********<\/p>\n<p>CEP BAIRRO\/DISTRITO MUNIC\u00cdPIO UF<br \/>\n89.897-000 CENTRO SAO JOAO DO OESTE SC<\/p>\n<p>ENDERE\u00c7O ELETR\u00d4NICO TELEFONE<br \/>\nHOSPITALSJO@GMAIL.COM (49) 3636-1133\/ (49) 3636-1818<\/p>\n<p>ENTE FEDERATIVO RESPONS\u00c1VEL (EFR)<br \/>\n*****<\/p>\n<p>SITUA\u00c7\u00c3O CADASTRAL DATA DA SITUA\u00c7\u00c3O CADASTRAL<br \/>\nATIVA 24\/09\/2005<br \/>\nMOTIVO DE SITUA\u00c7\u00c3O CADASTRAL<\/p>\n<p>SITUA\u00c7\u00c3O ESPECIAL DATA DA SITUA\u00c7\u00c3O ESPECIAL<br \/>\n******** ********<br \/>\nAprovado pela Instru\u00e7\u00e3o Normativa RFB n\u00ba 2.119, de 06 de dezembro de 2022.<br \/>\nEmitido no dia 15\/07\/2025 \u00e0s 10:06:40 (data e hora de Bras\u00edlia). P\u00e1gina: 1\/1<br \/>\nabout:blank 1\/122\/08\/2025, 16:49 Lei Ordin\u00e1ria 57 1993 de S\u00e3o Jo\u00e3o do Oeste SC<\/p>\n<p>www.LeisMunicipais.com.br<br \/>\nLEI N\u00ba 57, DE 29 DE MAR\u00c7O DE 1993.<br \/>\nDECLARA\u00c7\u00c3O DE UTILIDADE B\u00cdBLICA DO INSTITUTO DE ASSIST\u00caNCIA E<br \/>\nEDUCA\u00c7\u00c3O S\u00c3O JO\u00c3O &#8211; &#8220;ALIAN\u00c7A&#8221;.<br \/>\nOTTMAR JOS\u00c9 SCHREIDERS, Prefeito Municipal de S\u00e3o Jo\u00e3o do Oeste, Estado de Santa Catarina, no uso das suas atribui\u00e7\u00f5es legais,<br \/>\nfaz saber que a C\u00e2mara Municipal votou e que ele sanciona esta Lei:<br \/>\nArt. 1\u00ba<br \/>\n Fica declarado de Ulidade p\u00fablicO a o Ins tutO o de Assist\u00eancia e Educa\u00e7\u00e3o S\u00e3o Jo\u00e3o &#8220;Alian\u00e7a&#8221; da cidade de S\u00e3o Jo\u00e3o do<br \/>\nOeste.<br \/>\nArt. 2\u00ba A enOdade referida no arOgo anterior ?cam asseguradas todas as vantagens e prerroga Ovas da legisla\u00e7\u00e3o per nenO te.<br \/>\nArt. 3\u00ba<br \/>\n Esta lei entra em vigor na data de sua publica\u00e7\u00e3o, revo gadas as disposi\u00e7\u00f5es em contr\u00e1rio.<br \/>\nS\u00e3o Jo\u00e3o do Oeste, SC, 29 de mar\u00e7o de 1993.<br \/>\nOTTMAR JOS\u00c9 SCHNEIDERS<br \/>\nPrefeito Municipal<br \/>\nNota: Este texto n\u00e3o substui o original publicO ado no Di\u00e1rio O ?cial.<br \/>\nData de Inser\u00e7\u00e3o no Sistema LeisMunicipais: 28\/10\/2022<br \/>\nhttps:\/\/leismunicipais.com.br\/a1\/sc\/s\/sao-joao-do-oeste\/lei-ordinaria\/1993\/6\/57\/lei-ordinaria-n-57-1993-declaracao-de-utilidade-biblica-do-instituto-\u2026 1\/1<\/article>\n<div style=\"text-align: center\">\n<div style=\"margin-bottom: 20px;\" class=\"et_pb_button_module_wrapper et_pb_button_5_tb_body_wrapper et_pb_button_alignment_center et_pb_module \">\n         <a class=\"et_pb_button et_pb_button_5_tb_body et_hover_enabled et_pb_bg_layout_dark\" style=\"width: 50%;background-color: black;\" href=\"https:\/\/app.legislapp.com.br\" target=\"_blank\" rel=\"noopener\">Visualizar completo na nossa plataforma (30 dias gr\u00e1tis)<\/a><\/p><\/div>\n<p>      <a href=\"https:\/\/play.google.com\/store\/apps\/details?id=br.com.legislapp\"><img decoding=\"async\" style=\"width: 15%; min-width: 130px;\" src=\"https:\/\/www.legislapp.com.br\/wp-content\/uploads\/google-play.png\"><\/a><br \/>\n      <a href=\"https:\/\/apps.apple.com\/us\/app\/legislapp\/id1568929859\"><img decoding=\"async\" style=\"width: 15%; min-width: 130px\" src=\"https:\/\/www.legislapp.com.br\/wp-content\/uploads\/apple-store.png\"><\/a>\n   <\/div>\n","protected":false},"excerpt":{"rendered":"<p>C\u00e2m. Legislativa de SC &#8211; Autoria de Entidade Instituto de Assist\u00eancia e Educa\u00e7\u00e3o S\u00e3o Jo\u00e3o &#8211; Hospital Santa Casa Rural, de Itapiranga, solicitando a altera\u00e7\u00e3o da Lei que a declarou de utilidade p\u00fablica em raz\u00e3o de altera\u00e7\u00e3o do endere\u00e7o da sua sede. (S\u00e3o Jo\u00e3o do Oeste) REQUERIMENTO DE ALTERA\u00c7\u00c3O DA NORMA LEGAL QUE OUTORGOU O [&hellip;]<\/p>\n","protected":false},"author":1,"featured_media":0,"parent":0,"menu_order":0,"comment_status":"closed","ping_status":"closed","template":"page-template-blank.php","meta":{"_et_pb_use_builder":"","_et_pb_old_content":"","_et_gb_content_width":"1080","ngg_post_thumbnail":0,"footnotes":""},"class_list":["post-8427","page","type-page","status-publish","hentry"],"yoast_head":"<!-- This site is optimized with the Yoast SEO plugin v24.4 - https:\/\/yoast.com\/wordpress\/plugins\/seo\/ -->\n<title>OF.\/0018\/2025 - Entidade - Legislapp<\/title>\n<meta name=\"robots\" content=\"index, follow, max-snippet:-1, max-image-preview:large, max-video-preview:-1\" \/>\n<link rel=\"canonical\" href=\"https:\/\/www.legislapp.com.br\/index.php\/cam-legislativa-de-sc-of-0018-2025\/\" \/>\n<meta property=\"og:locale\" content=\"pt_BR\" \/>\n<meta property=\"og:type\" content=\"article\" \/>\n<meta property=\"og:title\" content=\"OF.\/0018\/2025 - Entidade - Legislapp\" \/>\n<meta property=\"og:description\" content=\"C\u00e2m. Legislativa de SC &#8211; Autoria de Entidade Instituto de Assist\u00eancia e Educa\u00e7\u00e3o S\u00e3o Jo\u00e3o &#8211; Hospital Santa Casa Rural, de Itapiranga, solicitando a altera\u00e7\u00e3o da Lei que a declarou de utilidade p\u00fablica em raz\u00e3o de altera\u00e7\u00e3o do endere\u00e7o da sua sede. (S\u00e3o Jo\u00e3o do Oeste) REQUERIMENTO DE ALTERA\u00c7\u00c3O DA NORMA LEGAL QUE OUTORGOU O [&hellip;]\" \/>\n<meta property=\"og:url\" content=\"https:\/\/www.legislapp.com.br\/index.php\/cam-legislativa-de-sc-of-0018-2025\/\" \/>\n<meta property=\"og:site_name\" content=\"Legislapp\" \/>\n<meta property=\"article:publisher\" content=\"https:\/\/www.instagram.com\/legislapp\/\" \/>\n<meta property=\"og:image\" content=\"https:\/\/www.legislapp.com.br\/wp-content\/uploads\/google-play.png\" \/>\n<meta name=\"twitter:card\" content=\"summary_large_image\" \/>\n<meta name=\"twitter:label1\" content=\"Est. tempo de leitura\" \/>\n\t<meta name=\"twitter:data1\" content=\"5 minutos\" \/>\n<script type=\"application\/ld+json\" class=\"yoast-schema-graph\">{\"@context\":\"https:\/\/schema.org\",\"@graph\":[{\"@type\":\"WebPage\",\"@id\":\"https:\/\/www.legislapp.com.br\/index.php\/cam-legislativa-de-sc-of-0018-2025\/\",\"url\":\"https:\/\/www.legislapp.com.br\/index.php\/cam-legislativa-de-sc-of-0018-2025\/\",\"name\":\"OF.\/0018\/2025 - Entidade - Legislapp\",\"isPartOf\":{\"@id\":\"https:\/\/www.legislapp.com.br\/#website\"},\"primaryImageOfPage\":{\"@id\":\"https:\/\/www.legislapp.com.br\/index.php\/cam-legislativa-de-sc-of-0018-2025\/#primaryimage\"},\"image\":{\"@id\":\"https:\/\/www.legislapp.com.br\/index.php\/cam-legislativa-de-sc-of-0018-2025\/#primaryimage\"},\"thumbnailUrl\":\"https:\/\/www.legislapp.com.br\/wp-content\/uploads\/google-play.png\",\"datePublished\":\"2025-10-08T14:33:20+00:00\",\"breadcrumb\":{\"@id\":\"https:\/\/www.legislapp.com.br\/index.php\/cam-legislativa-de-sc-of-0018-2025\/#breadcrumb\"},\"inLanguage\":\"pt-BR\",\"potentialAction\":[{\"@type\":\"ReadAction\",\"target\":[\"https:\/\/www.legislapp.com.br\/index.php\/cam-legislativa-de-sc-of-0018-2025\/\"]}]},{\"@type\":\"ImageObject\",\"inLanguage\":\"pt-BR\",\"@id\":\"https:\/\/www.legislapp.com.br\/index.php\/cam-legislativa-de-sc-of-0018-2025\/#primaryimage\",\"url\":\"https:\/\/www.legislapp.com.br\/wp-content\/uploads\/google-play.png\",\"contentUrl\":\"https:\/\/www.legislapp.com.br\/wp-content\/uploads\/google-play.png\",\"width\":564,\"height\":168},{\"@type\":\"BreadcrumbList\",\"@id\":\"https:\/\/www.legislapp.com.br\/index.php\/cam-legislativa-de-sc-of-0018-2025\/#breadcrumb\",\"itemListElement\":[{\"@type\":\"ListItem\",\"position\":1,\"name\":\"In\u00edcio\",\"item\":\"https:\/\/www.legislapp.com.br\/\"},{\"@type\":\"ListItem\",\"position\":2,\"name\":\"OF.\/0018\/2025 &#8211; Entidade\"}]},{\"@type\":\"WebSite\",\"@id\":\"https:\/\/www.legislapp.com.br\/#website\",\"url\":\"https:\/\/www.legislapp.com.br\/\",\"name\":\"Legislapp\",\"description\":\"Intelig\u00eancia governamental em tempo real\",\"publisher\":{\"@id\":\"https:\/\/www.legislapp.com.br\/#organization\"},\"potentialAction\":[{\"@type\":\"SearchAction\",\"target\":{\"@type\":\"EntryPoint\",\"urlTemplate\":\"https:\/\/www.legislapp.com.br\/?s={search_term_string}\"},\"query-input\":{\"@type\":\"PropertyValueSpecification\",\"valueRequired\":true,\"valueName\":\"search_term_string\"}}],\"inLanguage\":\"pt-BR\"},{\"@type\":\"Organization\",\"@id\":\"https:\/\/www.legislapp.com.br\/#organization\",\"name\":\"Legislapp Monitoramento e Intelig\u00eancia Governamental\",\"url\":\"https:\/\/www.legislapp.com.br\/\",\"logo\":{\"@type\":\"ImageObject\",\"inLanguage\":\"pt-BR\",\"@id\":\"https:\/\/www.legislapp.com.br\/#\/schema\/logo\/image\/\",\"url\":\"https:\/\/www.legislapp.com.br\/wp-content\/uploads\/icon.png\",\"contentUrl\":\"https:\/\/www.legislapp.com.br\/wp-content\/uploads\/icon.png\",\"width\":1024,\"height\":1024,\"caption\":\"Legislapp Monitoramento e Intelig\u00eancia Governamental\"},\"image\":{\"@id\":\"https:\/\/www.legislapp.com.br\/#\/schema\/logo\/image\/\"},\"sameAs\":[\"https:\/\/www.instagram.com\/legislapp\/\"]}]}<\/script>\n<!-- \/ Yoast SEO plugin. -->","yoast_head_json":{"title":"OF.\/0018\/2025 - Entidade - Legislapp","robots":{"index":"index","follow":"follow","max-snippet":"max-snippet:-1","max-image-preview":"max-image-preview:large","max-video-preview":"max-video-preview:-1"},"canonical":"https:\/\/www.legislapp.com.br\/index.php\/cam-legislativa-de-sc-of-0018-2025\/","og_locale":"pt_BR","og_type":"article","og_title":"OF.\/0018\/2025 - Entidade - Legislapp","og_description":"C\u00e2m. Legislativa de SC &#8211; Autoria de Entidade Instituto de Assist\u00eancia e Educa\u00e7\u00e3o S\u00e3o Jo\u00e3o &#8211; Hospital Santa Casa Rural, de Itapiranga, solicitando a altera\u00e7\u00e3o da Lei que a declarou de utilidade p\u00fablica em raz\u00e3o de altera\u00e7\u00e3o do endere\u00e7o da sua sede. (S\u00e3o Jo\u00e3o do Oeste) REQUERIMENTO DE ALTERA\u00c7\u00c3O DA NORMA LEGAL QUE OUTORGOU O [&hellip;]","og_url":"https:\/\/www.legislapp.com.br\/index.php\/cam-legislativa-de-sc-of-0018-2025\/","og_site_name":"Legislapp","article_publisher":"https:\/\/www.instagram.com\/legislapp\/","og_image":[{"url":"https:\/\/www.legislapp.com.br\/wp-content\/uploads\/google-play.png","type":"","width":"","height":""}],"twitter_card":"summary_large_image","twitter_misc":{"Est. tempo de leitura":"5 minutos"},"schema":{"@context":"https:\/\/schema.org","@graph":[{"@type":"WebPage","@id":"https:\/\/www.legislapp.com.br\/index.php\/cam-legislativa-de-sc-of-0018-2025\/","url":"https:\/\/www.legislapp.com.br\/index.php\/cam-legislativa-de-sc-of-0018-2025\/","name":"OF.\/0018\/2025 - Entidade - Legislapp","isPartOf":{"@id":"https:\/\/www.legislapp.com.br\/#website"},"primaryImageOfPage":{"@id":"https:\/\/www.legislapp.com.br\/index.php\/cam-legislativa-de-sc-of-0018-2025\/#primaryimage"},"image":{"@id":"https:\/\/www.legislapp.com.br\/index.php\/cam-legislativa-de-sc-of-0018-2025\/#primaryimage"},"thumbnailUrl":"https:\/\/www.legislapp.com.br\/wp-content\/uploads\/google-play.png","datePublished":"2025-10-08T14:33:20+00:00","breadcrumb":{"@id":"https:\/\/www.legislapp.com.br\/index.php\/cam-legislativa-de-sc-of-0018-2025\/#breadcrumb"},"inLanguage":"pt-BR","potentialAction":[{"@type":"ReadAction","target":["https:\/\/www.legislapp.com.br\/index.php\/cam-legislativa-de-sc-of-0018-2025\/"]}]},{"@type":"ImageObject","inLanguage":"pt-BR","@id":"https:\/\/www.legislapp.com.br\/index.php\/cam-legislativa-de-sc-of-0018-2025\/#primaryimage","url":"https:\/\/www.legislapp.com.br\/wp-content\/uploads\/google-play.png","contentUrl":"https:\/\/www.legislapp.com.br\/wp-content\/uploads\/google-play.png","width":564,"height":168},{"@type":"BreadcrumbList","@id":"https:\/\/www.legislapp.com.br\/index.php\/cam-legislativa-de-sc-of-0018-2025\/#breadcrumb","itemListElement":[{"@type":"ListItem","position":1,"name":"In\u00edcio","item":"https:\/\/www.legislapp.com.br\/"},{"@type":"ListItem","position":2,"name":"OF.\/0018\/2025 &#8211; Entidade"}]},{"@type":"WebSite","@id":"https:\/\/www.legislapp.com.br\/#website","url":"https:\/\/www.legislapp.com.br\/","name":"Legislapp","description":"Intelig\u00eancia governamental em tempo real","publisher":{"@id":"https:\/\/www.legislapp.com.br\/#organization"},"potentialAction":[{"@type":"SearchAction","target":{"@type":"EntryPoint","urlTemplate":"https:\/\/www.legislapp.com.br\/?s={search_term_string}"},"query-input":{"@type":"PropertyValueSpecification","valueRequired":true,"valueName":"search_term_string"}}],"inLanguage":"pt-BR"},{"@type":"Organization","@id":"https:\/\/www.legislapp.com.br\/#organization","name":"Legislapp Monitoramento e Intelig\u00eancia Governamental","url":"https:\/\/www.legislapp.com.br\/","logo":{"@type":"ImageObject","inLanguage":"pt-BR","@id":"https:\/\/www.legislapp.com.br\/#\/schema\/logo\/image\/","url":"https:\/\/www.legislapp.com.br\/wp-content\/uploads\/icon.png","contentUrl":"https:\/\/www.legislapp.com.br\/wp-content\/uploads\/icon.png","width":1024,"height":1024,"caption":"Legislapp Monitoramento e Intelig\u00eancia Governamental"},"image":{"@id":"https:\/\/www.legislapp.com.br\/#\/schema\/logo\/image\/"},"sameAs":["https:\/\/www.instagram.com\/legislapp\/"]}]}},"_links":{"self":[{"href":"https:\/\/www.legislapp.com.br\/index.php\/wp-json\/wp\/v2\/pages\/8427","targetHints":{"allow":["GET"]}}],"collection":[{"href":"https:\/\/www.legislapp.com.br\/index.php\/wp-json\/wp\/v2\/pages"}],"about":[{"href":"https:\/\/www.legislapp.com.br\/index.php\/wp-json\/wp\/v2\/types\/page"}],"author":[{"embeddable":true,"href":"https:\/\/www.legislapp.com.br\/index.php\/wp-json\/wp\/v2\/users\/1"}],"replies":[{"embeddable":true,"href":"https:\/\/www.legislapp.com.br\/index.php\/wp-json\/wp\/v2\/comments?post=8427"}],"version-history":[{"count":0,"href":"https:\/\/www.legislapp.com.br\/index.php\/wp-json\/wp\/v2\/pages\/8427\/revisions"}],"wp:attachment":[{"href":"https:\/\/www.legislapp.com.br\/index.php\/wp-json\/wp\/v2\/media?parent=8427"}],"curies":[{"name":"wp","href":"https:\/\/api.w.org\/{rel}","templated":true}]}}