{"id":8428,"date":"2025-10-08T11:33:23","date_gmt":"2025-10-08T14:33:23","guid":{"rendered":"https:\/\/www.legislapp.com.br\/index.php\/cam-legislativa-de-sc-pl-0623-2025\/"},"modified":"2025-10-08T11:33:23","modified_gmt":"2025-10-08T14:33:23","slug":"cam-legislativa-de-sc-pl-0623-2025","status":"publish","type":"page","link":"https:\/\/www.legislapp.com.br\/index.php\/cam-legislativa-de-sc-pl-0623-2025\/","title":{"rendered":"PL.\/0623\/2025 &#8211; Adilson Girardi"},"content":{"rendered":"<h1 style='text-align: center;'>C\u00e2m. Legislativa de SC &#8211; Autoria de Adilson Girardi<\/h3>\n<p><\/p>\n<article style='text-align: center'>Institui a Semana Estadual da Educa\u00e7\u00e3o Financeira e altera o Anexo \u00danico da Lei n\u00ba 18.531, de 2022, que Consolida as leis que instituem datas e eventos alusivos no \u00e2mbito do Estado de Santa Catarina e estabelece o Calend\u00e1rio Oficial do Estado para incluir referida data alusiva no Calend\u00e1rio Oficial do Estado de Santa Catarina.<\/article>\n<p><\/p>\n<p style='text-align: center'><a href='https:\/\/app.legislapp.com.br\/#\/busca?termo='><\/a><\/p>\n<p><\/p>\n<article>ASSEMBLEIA LEGISLATIVA GABINETE DEPUTADO<br \/>\nESTADO DE SANTA CATARINA ADILSON GIRARDI<\/p>\n<p>PROJETO DE LEI <\/p>\n<p>Institui a Semana Estadual da Educa\u00e7\u00e3o Financeira e altera o<br \/>\nAnexo \u00danico da Lei n\u00ba 18.531, de 2022, que Consolida as leis<br \/>\nque instituem datas e eventos alusivos no \u00e2mbito do Estado<br \/>\nde Santa Catarina e estabelece o Calend\u00e1rio Oficial do<br \/>\nEstado para incluir referida data alusiva no Calend\u00e1rio Oficial<br \/>\ndo Estado de Santa Catarina.<\/p>\n<p>Art. 1\u00ba Fica institu\u00eddo, no \u00e2mbito do Estado de Santa Catarina,<br \/>\na Semana Estadual da Educa\u00e7\u00e3o Financeira, a ser celebrada, anualmente, na segunda<br \/>\nsemana do m\u00eas de maio.<\/p>\n<p>Art. 2\u00ba A Semana Estadual da Educa\u00e7\u00e3o Financeira tem por<br \/>\nobjetivos:<\/p>\n<p>I \u2013 promover a conscientiza\u00e7\u00e3o da popula\u00e7\u00e3o sobre a<br \/>\nimport\u00e2ncia do planejamento e da gest\u00e3o respons\u00e1vel das finan\u00e7as pessoais e<br \/>\nfamiliares;<\/p>\n<p>II \u2013 estimular o desenvolvimento de h\u00e1bitos de consumo<br \/>\nsustent\u00e1vel e consciente;<\/p>\n<p>III \u2013 apoiar a\u00e7\u00f5es educativas em escolas p\u00fablicas e privadas,<br \/>\nem institui\u00e7\u00f5es de ensino superior e em comunidades;<\/p>\n<p>IV \u2013 incentivar parcerias entre \u00f3rg\u00e3os p\u00fablicos, iniciativa<br \/>\nprivada e entidades da sociedade civil para a realiza\u00e7\u00e3o de palestras, cursos, oficinas e<br \/>\ncampanhas;<\/p>\n<p>V \u2013 refor\u00e7ar a Pol\u00edtica Estadual de Educa\u00e7\u00e3o Financeira j\u00e1<br \/>\ninstitu\u00edda pela Lei n\u00ba 18.891\/2024.<\/p>\n<p>Art. 3\u00b0 O Anexo \u00danico da Lei n\u00ba 18.531, de 5 de dezembro de<br \/>\n2022, passa a vigorar com a altera\u00e7\u00e3o constante do Anexo \u00fanico desta Lei.<\/p>\n<p>Art. 4\u00ba Esta Lei entra em vigor na data de sua publica\u00e7\u00e3o.<\/p>\n<p>Sala das Sess\u00f5es,<\/p>\n<p>Deputado Adilson Girardi<\/p>\n<p>JUSTIFICA\u00c7\u00c3O<\/p>\n<p>O presente projeto de lei objetiva instituir a Semana Estadual<br \/>\nda Educa\u00e7\u00e3o Financeira, a ser celebrada, anualmente, na segunda semana do m\u00eas de<br \/>\nmaio, em conson\u00e2ncia com a Semana Nacional de Educa\u00e7\u00e3o Financeira (SEMANA<br \/>\nENEF), j\u00e1 consolidada no calend\u00e1rio brasileiro.<br \/>\nA educa\u00e7\u00e3o financeira \u00e9 um dos pilares fundamentais para o<br \/>\ndesenvolvimento de uma sociedade mais justa, consciente e sustent\u00e1vel. A falta de<br \/>\nconhecimento sobre gest\u00e3o financeira pessoal e familiar est\u00e1 diretamente ligada ao<br \/>\naumento dos \u00edndices de endividamento, inadimpl\u00eancia e exclus\u00e3o social, impactando de<br \/>\nforma significativa a qualidade de vida da popula\u00e7\u00e3o.<br \/>\nSanta Catarina j\u00e1 avan\u00e7ou nesse tema com a promulga\u00e7\u00e3o<br \/>\nda Lei n\u00ba 18.891, de 22 de abril de 2024, que instituiu a Pol\u00edtica Estadual de Educa\u00e7\u00e3o<br \/>\nFinanceira, estabelecendo diretrizes para promover pr\u00e1ticas de conscientiza\u00e7\u00e3o e<br \/>\nresponsabilidade financeira. A presente proposi\u00e7\u00e3o, nesse sentido, complementa e<br \/>\nfortalece essa pol\u00edtica, criando um marco temporal espec\u00edfico no Calend\u00e1rio Oficial do<br \/>\nEstado para concentrar esfor\u00e7os, campanhas e atividades educativas de amplo<br \/>\nalcance.<br \/>\nPortanto, trata-se de uma iniciativa de alto interesse p\u00fablico,<br \/>\ncapaz de contribuir para a forma\u00e7\u00e3o de cidad\u00e3os mais conscientes, preparados para o<br \/>\nplanejamento financeiro, e aptos a tomar decis\u00f5es respons\u00e1veis no \u00e2mbito econ\u00f4mico,<br \/>\nsocial e ambiental.<br \/>\nDiante da relev\u00e2ncia da mat\u00e9ria, contamos com o apoio dos<br \/>\nnobres Pares para a aprova\u00e7\u00e3o do presente Projeto de Lei.<\/p>\n<p>Sala das Sess\u00f5es,<\/p>\n<p>Deputado Adilson Girardi<\/p>\n<p>ANEXO \u00daNICO<br \/>\n(Altera o Anexo \u00danico da Lei n\u00ba 18.531, de 5 de dezembro de 2022)<\/p>\n<p>ANEXO \u00daNICO<br \/>\nCALEND\u00c1RIO OFICIAL DO ESTADO DE SANTA CATARINA<br \/>\n&#8230;&#8230;&#8230;&#8230;&#8230;&#8230;&#8230;&#8230;&#8230;&#8230;&#8230;&#8230;&#8230;&#8230;&#8230;&#8230;&#8230;&#8230;&#8230;&#8230;&#8230;&#8230;&#8230;&#8230;&#8230;&#8230;&#8230;&#8230;&#8230;&#8230;&#8230;&#8230;&#8230;&#8230;&#8230;&#8230;&#8230;&#8230;&#8230;&#8230;&#8230;&#8230;&#8230;&#8230;&#8230;&#8230;&#8230;..<\/p>\n<p>Segunda semana do m\u00eas de maio &#8211; Semana Estadual da Educa\u00e7\u00e3o Financeira<\/p>\n<p>Com o objetivo de:<br \/>\n\u2013 promover a conscientiza\u00e7\u00e3o da popula\u00e7\u00e3o sobre a import\u00e2ncia do planejamento e da<br \/>\ngest\u00e3o respons\u00e1vel das finan\u00e7as pessoais e familiares;<\/p>\n<p>\u2013 estimular o desenvolvimento de h\u00e1bitos de consumo sustent\u00e1vel e consciente;<\/p>\n<p>\u2013 apoiar a\u00e7\u00f5es educativas em escolas p\u00fablicas e privadas, em institui\u00e7\u00f5es de ensino<br \/>\nsuperior e em comunidades;<\/p>\n<p>\u2013 incentivar parcerias entre \u00f3rg\u00e3os p\u00fablicos, iniciativa privada e entidades da sociedade<br \/>\ncivil para a realiza\u00e7\u00e3o de palestras, cursos, oficinas e campanhas;<\/p>\n<p>\u2013 refor\u00e7ar a Pol\u00edtica Estadual de Educa\u00e7\u00e3o Financeira j\u00e1 institu\u00edda pela Lei n\u00ba<br \/>\n18.891\/2024.m o objetivo de<br \/>\nCom o objetivo de<br \/>\n&#8230;&#8230;&#8230;&#8230;&#8230;&#8230;&#8230;&#8230;&#8230;&#8230;&#8230;&#8230;&#8230;&#8230;&#8230;&#8230;&#8230;&#8230;&#8230;&#8230;&#8230;&#8230;&#8230;&#8230;&#8230;&#8230;&#8230;&#8230;&#8230;&#8230;&#8230;&#8230;&#8230;&#8230;&#8230;&#8230;&#8230;&#8230;&#8230;&#8230;&#8230;&#8230;.&#8221; (NR)<br \/>\nELEGIS<br \/>\nDocumento assinado eletronicamente por Adilson Luiz Girardi,<br \/>\nSistema de Processo<br \/>\nem 02\/09\/2025, \u00e0s 21:09.<br \/>\nLegislativo Eletr\u00f4nico<\/article>\n<div style=\"text-align: center\">\n<div style=\"margin-bottom: 20px;\" class=\"et_pb_button_module_wrapper et_pb_button_5_tb_body_wrapper et_pb_button_alignment_center et_pb_module \">\n         <a class=\"et_pb_button et_pb_button_5_tb_body et_hover_enabled et_pb_bg_layout_dark\" style=\"width: 50%;background-color: black;\" href=\"https:\/\/app.legislapp.com.br\" target=\"_blank\" rel=\"noopener\">Visualizar completo na nossa plataforma (30 dias gr\u00e1tis)<\/a><\/p><\/div>\n<p>      <a href=\"https:\/\/play.google.com\/store\/apps\/details?id=br.com.legislapp\"><img decoding=\"async\" style=\"width: 15%; min-width: 130px;\" src=\"https:\/\/www.legislapp.com.br\/wp-content\/uploads\/google-play.png\"><\/a><br \/>\n      <a href=\"https:\/\/apps.apple.com\/us\/app\/legislapp\/id1568929859\"><img decoding=\"async\" style=\"width: 15%; min-width: 130px\" src=\"https:\/\/www.legislapp.com.br\/wp-content\/uploads\/apple-store.png\"><\/a>\n   <\/div>\n","protected":false},"excerpt":{"rendered":"<p>C\u00e2m. Legislativa de SC &#8211; Autoria de Adilson Girardi Institui a Semana Estadual da Educa\u00e7\u00e3o Financeira e altera o Anexo \u00danico da Lei n\u00ba 18.531, de 2022, que Consolida as leis que instituem datas e eventos alusivos no \u00e2mbito do Estado de Santa Catarina e estabelece o Calend\u00e1rio Oficial do Estado para incluir referida data [&hellip;]<\/p>\n","protected":false},"author":1,"featured_media":0,"parent":0,"menu_order":0,"comment_status":"closed","ping_status":"closed","template":"page-template-blank.php","meta":{"_et_pb_use_builder":"","_et_pb_old_content":"","_et_gb_content_width":"1080","ngg_post_thumbnail":0,"footnotes":""},"class_list":["post-8428","page","type-page","status-publish","hentry"],"yoast_head":"<!-- This site is optimized with the Yoast SEO plugin v24.4 - https:\/\/yoast.com\/wordpress\/plugins\/seo\/ -->\n<title>PL.\/0623\/2025 - Adilson Girardi - Legislapp<\/title>\n<meta name=\"robots\" content=\"index, follow, max-snippet:-1, max-image-preview:large, max-video-preview:-1\" \/>\n<link rel=\"canonical\" href=\"https:\/\/www.legislapp.com.br\/index.php\/cam-legislativa-de-sc-pl-0623-2025\/\" \/>\n<meta property=\"og:locale\" content=\"pt_BR\" \/>\n<meta property=\"og:type\" content=\"article\" \/>\n<meta property=\"og:title\" content=\"PL.\/0623\/2025 - Adilson Girardi - Legislapp\" \/>\n<meta property=\"og:description\" content=\"C\u00e2m. Legislativa de SC &#8211; Autoria de Adilson Girardi Institui a Semana Estadual da Educa\u00e7\u00e3o Financeira e altera o Anexo \u00danico da Lei n\u00ba 18.531, de 2022, que Consolida as leis que instituem datas e eventos alusivos no \u00e2mbito do Estado de Santa Catarina e estabelece o Calend\u00e1rio Oficial do Estado para incluir referida data [&hellip;]\" \/>\n<meta property=\"og:url\" content=\"https:\/\/www.legislapp.com.br\/index.php\/cam-legislativa-de-sc-pl-0623-2025\/\" \/>\n<meta property=\"og:site_name\" content=\"Legislapp\" \/>\n<meta property=\"article:publisher\" content=\"https:\/\/www.instagram.com\/legislapp\/\" \/>\n<meta property=\"og:image\" content=\"https:\/\/www.legislapp.com.br\/wp-content\/uploads\/google-play.png\" \/>\n<meta name=\"twitter:card\" content=\"summary_large_image\" \/>\n<meta name=\"twitter:label1\" content=\"Est. tempo de leitura\" \/>\n\t<meta name=\"twitter:data1\" content=\"4 minutos\" \/>\n<script type=\"application\/ld+json\" class=\"yoast-schema-graph\">{\"@context\":\"https:\/\/schema.org\",\"@graph\":[{\"@type\":\"WebPage\",\"@id\":\"https:\/\/www.legislapp.com.br\/index.php\/cam-legislativa-de-sc-pl-0623-2025\/\",\"url\":\"https:\/\/www.legislapp.com.br\/index.php\/cam-legislativa-de-sc-pl-0623-2025\/\",\"name\":\"PL.\/0623\/2025 - Adilson Girardi - Legislapp\",\"isPartOf\":{\"@id\":\"https:\/\/www.legislapp.com.br\/#website\"},\"primaryImageOfPage\":{\"@id\":\"https:\/\/www.legislapp.com.br\/index.php\/cam-legislativa-de-sc-pl-0623-2025\/#primaryimage\"},\"image\":{\"@id\":\"https:\/\/www.legislapp.com.br\/index.php\/cam-legislativa-de-sc-pl-0623-2025\/#primaryimage\"},\"thumbnailUrl\":\"https:\/\/www.legislapp.com.br\/wp-content\/uploads\/google-play.png\",\"datePublished\":\"2025-10-08T14:33:23+00:00\",\"breadcrumb\":{\"@id\":\"https:\/\/www.legislapp.com.br\/index.php\/cam-legislativa-de-sc-pl-0623-2025\/#breadcrumb\"},\"inLanguage\":\"pt-BR\",\"potentialAction\":[{\"@type\":\"ReadAction\",\"target\":[\"https:\/\/www.legislapp.com.br\/index.php\/cam-legislativa-de-sc-pl-0623-2025\/\"]}]},{\"@type\":\"ImageObject\",\"inLanguage\":\"pt-BR\",\"@id\":\"https:\/\/www.legislapp.com.br\/index.php\/cam-legislativa-de-sc-pl-0623-2025\/#primaryimage\",\"url\":\"https:\/\/www.legislapp.com.br\/wp-content\/uploads\/google-play.png\",\"contentUrl\":\"https:\/\/www.legislapp.com.br\/wp-content\/uploads\/google-play.png\",\"width\":564,\"height\":168},{\"@type\":\"BreadcrumbList\",\"@id\":\"https:\/\/www.legislapp.com.br\/index.php\/cam-legislativa-de-sc-pl-0623-2025\/#breadcrumb\",\"itemListElement\":[{\"@type\":\"ListItem\",\"position\":1,\"name\":\"In\u00edcio\",\"item\":\"https:\/\/www.legislapp.com.br\/\"},{\"@type\":\"ListItem\",\"position\":2,\"name\":\"PL.\/0623\/2025 &#8211; Adilson Girardi\"}]},{\"@type\":\"WebSite\",\"@id\":\"https:\/\/www.legislapp.com.br\/#website\",\"url\":\"https:\/\/www.legislapp.com.br\/\",\"name\":\"Legislapp\",\"description\":\"Intelig\u00eancia governamental em tempo real\",\"publisher\":{\"@id\":\"https:\/\/www.legislapp.com.br\/#organization\"},\"potentialAction\":[{\"@type\":\"SearchAction\",\"target\":{\"@type\":\"EntryPoint\",\"urlTemplate\":\"https:\/\/www.legislapp.com.br\/?s={search_term_string}\"},\"query-input\":{\"@type\":\"PropertyValueSpecification\",\"valueRequired\":true,\"valueName\":\"search_term_string\"}}],\"inLanguage\":\"pt-BR\"},{\"@type\":\"Organization\",\"@id\":\"https:\/\/www.legislapp.com.br\/#organization\",\"name\":\"Legislapp Monitoramento e Intelig\u00eancia Governamental\",\"url\":\"https:\/\/www.legislapp.com.br\/\",\"logo\":{\"@type\":\"ImageObject\",\"inLanguage\":\"pt-BR\",\"@id\":\"https:\/\/www.legislapp.com.br\/#\/schema\/logo\/image\/\",\"url\":\"https:\/\/www.legislapp.com.br\/wp-content\/uploads\/icon.png\",\"contentUrl\":\"https:\/\/www.legislapp.com.br\/wp-content\/uploads\/icon.png\",\"width\":1024,\"height\":1024,\"caption\":\"Legislapp Monitoramento e Intelig\u00eancia Governamental\"},\"image\":{\"@id\":\"https:\/\/www.legislapp.com.br\/#\/schema\/logo\/image\/\"},\"sameAs\":[\"https:\/\/www.instagram.com\/legislapp\/\"]}]}<\/script>\n<!-- \/ Yoast SEO plugin. -->","yoast_head_json":{"title":"PL.\/0623\/2025 - Adilson Girardi - Legislapp","robots":{"index":"index","follow":"follow","max-snippet":"max-snippet:-1","max-image-preview":"max-image-preview:large","max-video-preview":"max-video-preview:-1"},"canonical":"https:\/\/www.legislapp.com.br\/index.php\/cam-legislativa-de-sc-pl-0623-2025\/","og_locale":"pt_BR","og_type":"article","og_title":"PL.\/0623\/2025 - Adilson Girardi - Legislapp","og_description":"C\u00e2m. Legislativa de SC &#8211; Autoria de Adilson Girardi Institui a Semana Estadual da Educa\u00e7\u00e3o Financeira e altera o Anexo \u00danico da Lei n\u00ba 18.531, de 2022, que Consolida as leis que instituem datas e eventos alusivos no \u00e2mbito do Estado de Santa Catarina e estabelece o Calend\u00e1rio Oficial do Estado para incluir referida data [&hellip;]","og_url":"https:\/\/www.legislapp.com.br\/index.php\/cam-legislativa-de-sc-pl-0623-2025\/","og_site_name":"Legislapp","article_publisher":"https:\/\/www.instagram.com\/legislapp\/","og_image":[{"url":"https:\/\/www.legislapp.com.br\/wp-content\/uploads\/google-play.png","type":"","width":"","height":""}],"twitter_card":"summary_large_image","twitter_misc":{"Est. tempo de leitura":"4 minutos"},"schema":{"@context":"https:\/\/schema.org","@graph":[{"@type":"WebPage","@id":"https:\/\/www.legislapp.com.br\/index.php\/cam-legislativa-de-sc-pl-0623-2025\/","url":"https:\/\/www.legislapp.com.br\/index.php\/cam-legislativa-de-sc-pl-0623-2025\/","name":"PL.\/0623\/2025 - Adilson Girardi - Legislapp","isPartOf":{"@id":"https:\/\/www.legislapp.com.br\/#website"},"primaryImageOfPage":{"@id":"https:\/\/www.legislapp.com.br\/index.php\/cam-legislativa-de-sc-pl-0623-2025\/#primaryimage"},"image":{"@id":"https:\/\/www.legislapp.com.br\/index.php\/cam-legislativa-de-sc-pl-0623-2025\/#primaryimage"},"thumbnailUrl":"https:\/\/www.legislapp.com.br\/wp-content\/uploads\/google-play.png","datePublished":"2025-10-08T14:33:23+00:00","breadcrumb":{"@id":"https:\/\/www.legislapp.com.br\/index.php\/cam-legislativa-de-sc-pl-0623-2025\/#breadcrumb"},"inLanguage":"pt-BR","potentialAction":[{"@type":"ReadAction","target":["https:\/\/www.legislapp.com.br\/index.php\/cam-legislativa-de-sc-pl-0623-2025\/"]}]},{"@type":"ImageObject","inLanguage":"pt-BR","@id":"https:\/\/www.legislapp.com.br\/index.php\/cam-legislativa-de-sc-pl-0623-2025\/#primaryimage","url":"https:\/\/www.legislapp.com.br\/wp-content\/uploads\/google-play.png","contentUrl":"https:\/\/www.legislapp.com.br\/wp-content\/uploads\/google-play.png","width":564,"height":168},{"@type":"BreadcrumbList","@id":"https:\/\/www.legislapp.com.br\/index.php\/cam-legislativa-de-sc-pl-0623-2025\/#breadcrumb","itemListElement":[{"@type":"ListItem","position":1,"name":"In\u00edcio","item":"https:\/\/www.legislapp.com.br\/"},{"@type":"ListItem","position":2,"name":"PL.\/0623\/2025 &#8211; Adilson Girardi"}]},{"@type":"WebSite","@id":"https:\/\/www.legislapp.com.br\/#website","url":"https:\/\/www.legislapp.com.br\/","name":"Legislapp","description":"Intelig\u00eancia governamental em tempo real","publisher":{"@id":"https:\/\/www.legislapp.com.br\/#organization"},"potentialAction":[{"@type":"SearchAction","target":{"@type":"EntryPoint","urlTemplate":"https:\/\/www.legislapp.com.br\/?s={search_term_string}"},"query-input":{"@type":"PropertyValueSpecification","valueRequired":true,"valueName":"search_term_string"}}],"inLanguage":"pt-BR"},{"@type":"Organization","@id":"https:\/\/www.legislapp.com.br\/#organization","name":"Legislapp Monitoramento e Intelig\u00eancia Governamental","url":"https:\/\/www.legislapp.com.br\/","logo":{"@type":"ImageObject","inLanguage":"pt-BR","@id":"https:\/\/www.legislapp.com.br\/#\/schema\/logo\/image\/","url":"https:\/\/www.legislapp.com.br\/wp-content\/uploads\/icon.png","contentUrl":"https:\/\/www.legislapp.com.br\/wp-content\/uploads\/icon.png","width":1024,"height":1024,"caption":"Legislapp Monitoramento e Intelig\u00eancia Governamental"},"image":{"@id":"https:\/\/www.legislapp.com.br\/#\/schema\/logo\/image\/"},"sameAs":["https:\/\/www.instagram.com\/legislapp\/"]}]}},"_links":{"self":[{"href":"https:\/\/www.legislapp.com.br\/index.php\/wp-json\/wp\/v2\/pages\/8428","targetHints":{"allow":["GET"]}}],"collection":[{"href":"https:\/\/www.legislapp.com.br\/index.php\/wp-json\/wp\/v2\/pages"}],"about":[{"href":"https:\/\/www.legislapp.com.br\/index.php\/wp-json\/wp\/v2\/types\/page"}],"author":[{"embeddable":true,"href":"https:\/\/www.legislapp.com.br\/index.php\/wp-json\/wp\/v2\/users\/1"}],"replies":[{"embeddable":true,"href":"https:\/\/www.legislapp.com.br\/index.php\/wp-json\/wp\/v2\/comments?post=8428"}],"version-history":[{"count":0,"href":"https:\/\/www.legislapp.com.br\/index.php\/wp-json\/wp\/v2\/pages\/8428\/revisions"}],"wp:attachment":[{"href":"https:\/\/www.legislapp.com.br\/index.php\/wp-json\/wp\/v2\/media?parent=8428"}],"curies":[{"name":"wp","href":"https:\/\/api.w.org\/{rel}","templated":true}]}}