{"id":8440,"date":"2025-10-08T11:34:06","date_gmt":"2025-10-08T14:34:06","guid":{"rendered":"https:\/\/www.legislapp.com.br\/index.php\/cam-legislativa-de-sc-pl-0610-2025\/"},"modified":"2025-10-08T11:34:06","modified_gmt":"2025-10-08T14:34:06","slug":"cam-legislativa-de-sc-pl-0610-2025","status":"publish","type":"page","link":"https:\/\/www.legislapp.com.br\/index.php\/cam-legislativa-de-sc-pl-0610-2025\/","title":{"rendered":"PL.\/0610\/2025 &#8211; Nilso Berlanda"},"content":{"rendered":"<h1 style='text-align: center;'>C\u00e2m. Legislativa de SC &#8211; Autoria de Nilso Berlanda<\/h3>\n<p><\/p>\n<article style='text-align: center'>Altera a Lei n\u00ba 14.204, de 2007, que &#8220;Disp\u00f5e sobre a circula\u00e7\u00e3o de c\u00e3es em locais p\u00fablicos no Estado de Santa Catarina&#8221;, para o fim de adequ\u00e1-la \u00e0 circula\u00e7\u00e3o de c\u00e3es da ra\u00e7a Pit Bull nos locais que especifica e aos c\u00e3es que prestem servi\u00e7os relevantes \u00e0 comunidade e\/ou prestem apoio a pessoas com defici\u00eancia.<\/article>\n<p><\/p>\n<p style='text-align: center'><a href='https:\/\/app.legislapp.com.br\/#\/busca?termo='><\/a><\/p>\n<p><\/p>\n<article>ASSEMBLEIA LEGISLATIVA GABINETE DEPUTADO<br \/>\nESTADO DE SANTA CATARINA NILSO BERLANDA<br \/>\nPROJETO DE LEI <\/p>\n<p>Altera a Lei n\u00ba 14.204, de 2007, que \u201cDisp\u00f5e sobre a<br \/>\ncircula\u00e7\u00e3o de c\u00e3es em locais p\u00fablicos no Estado de Santa<br \/>\nCatarina\u201d, para o fim de adequ\u00e1-la \u00e0 circula\u00e7\u00e3o de c\u00e3es da<br \/>\nra\u00e7a Pit Bull nos locais que especifica e aos c\u00e3es que<br \/>\nprestem servi\u00e7os relevantes \u00e0 comunidade e\/ou prestem<br \/>\napoio a pessoas com defici\u00eancia. <\/p>\n<p>Art. 1\u00ba O art. 3\u00ba da Lei n\u00ba 14.204, de 10 de novembro de 2007, passa a vigorar com a<br \/>\nseguinte reda\u00e7\u00e3o:<\/p>\n<p>\u201cArt. 3\u00ba &#8230;&#8230;&#8230;&#8230;&#8230;&#8230;&#8230;&#8230;&#8230;&#8230;&#8230;&#8230;&#8230;&#8230;&#8230;&#8230;&#8230;&#8230;&#8230;&#8230;&#8230;&#8230;&#8230;&#8230;&#8230;&#8230;&#8230;&#8230;&#8230;&#8230;&#8230;.<\/p>\n<p>\u00a7 1\u00ba A circula\u00e7\u00e3o de c\u00e3es da ra\u00e7a Pit Bull nos locais referidos no ca p u t ser\u00e1 permitida<br \/>\ndesde que conduzidos por maiores de 18 (dezoito) anos por meio de guias com<br \/>\nenforcador e focinheira pr\u00f3prios para a tipologia de cada animal.<\/p>\n<p>\u00a7 2\u00ba As disposi\u00e7\u00f5es desta Lei n\u00e3o se aplicam aos c\u00e3es que prestem servi\u00e7os relevantes<br \/>\n\u00e0 comunidade e\/ou prestem apoio a pessoas com defici\u00eancia, desde que devidamente<br \/>\nidentificados e acompanhados por seus tutores ou respons\u00e1veis, ou ainda, seus<br \/>\nbin\u00f4mios, nos casos espec\u00edficos.<\/p>\n<p>\u00a7 3\u00ba Os tutores dos c\u00e3es referidos no \u00a7 2\u00ba ficam obrigados a manter a vacina\u00e7\u00e3o do<br \/>\nanimal em dia, bem como a garantir acompanhamento de adestramento cont\u00ednuo que<br \/>\nassegure o comportamento adequado do c\u00e3o no desempenho de suas fun\u00e7\u00f5es.\u201d (NR)<\/p>\n<p>Art. 2\u00ba Esta Lei entra em vigor na data de sua publica\u00e7\u00e3o. <\/p>\n<p>Sala das Sess\u00f5es, <\/p>\n<p>Deputado Nilso Berlanda<\/p>\n<p>JUSTIFICA\u00c7\u00c3O<\/p>\n<p>A Lei n\u00ba 14.204, de 2007, regulamentada pelo Decreto n\u00ba 1.047, de 2008, estabelece<br \/>\nnormas sobre a circula\u00e7\u00e3o de determinadas ra\u00e7as de c\u00e3es em locais p\u00fablicos, exigindo,<br \/>\nentre outras medidas, o uso de focinheira.<\/p>\n<p>A presente proposi\u00e7\u00e3o busca adequar essa legisla\u00e7\u00e3o \u00e0 realidade das pessoas com<br \/>\ndefici\u00eancia que se utilizam de c\u00e3es de apoio. Animais que trabalham ou prestamservi\u00e7os de apoio t\u00eam papel fundamental na inclus\u00e3o social, na autonomia e no bem-<br \/>\nestar de seus tutores, sejam eles pessoas com defici\u00eancia visual, auditiva, motora,<br \/>\nintelectual ou neurodivergente.<\/p>\n<p>O uso de focinheira, nesses casos, compromete a liberdade necess\u00e1ria ao<br \/>\ndesempenho da fun\u00e7\u00e3o terap\u00eautica e de apoio, prejudicando diretamente quem mais<br \/>\nprecisa da assist\u00eancia desses animais.<\/p>\n<p>Para equilibrar inclus\u00e3o social e seguran\u00e7a p\u00fablica, este Projeto de Lei estabelece que<br \/>\ntais c\u00e3es fiquem isentos das restri\u00e7\u00f5es, mas condiciona a exce\u00e7\u00e3o \u00e0 obriga\u00e7\u00e3o dos<br \/>\ntutores de manterem a vacina\u00e7\u00e3o em dia e o adestramento cont\u00ednuo, garantindo que os<br \/>\nanimais se mantenham aptos ao conv\u00edvio social.<\/p>\n<p>Dessa forma, assegura-se a compatibiliza\u00e7\u00e3o da legisla\u00e7\u00e3o estadual com os princ\u00edpios<br \/>\nda dignidade da pessoa humana e da Lei Brasileira de Inclus\u00e3o da Pessoa com<br \/>\nDefici\u00eancia (Lei nacional n\u00ba 13.146 de 2015 \u2013 Estatuto da Pessoa com Defici\u00eancia),<br \/>\nsem abrir m\u00e3o da seguran\u00e7a da coletividade.<\/p>\n<p>Diante do exposto, contamos com o apoio dos meus Pares para a aprova\u00e7\u00e3o deste<br \/>\nProjeto de Lei.<\/p>\n<p>ELEGIS<br \/>\nDocumento assinado eletronicamente por Nilso Jos\u00e9 Berlanda,<br \/>\nSistema de Processo<br \/>\nem 29\/08\/2025, \u00e0s 14:43.<br \/>\nLegislativo Eletr\u00f4nico<\/article>\n<div style=\"text-align: center\">\n<div style=\"margin-bottom: 20px;\" class=\"et_pb_button_module_wrapper et_pb_button_5_tb_body_wrapper et_pb_button_alignment_center et_pb_module \">\n         <a class=\"et_pb_button et_pb_button_5_tb_body et_hover_enabled et_pb_bg_layout_dark\" style=\"width: 50%;background-color: black;\" href=\"https:\/\/app.legislapp.com.br\" target=\"_blank\" rel=\"noopener\">Visualizar completo na nossa plataforma (30 dias gr\u00e1tis)<\/a><\/p><\/div>\n<p>      <a href=\"https:\/\/play.google.com\/store\/apps\/details?id=br.com.legislapp\"><img decoding=\"async\" style=\"width: 15%; min-width: 130px;\" src=\"https:\/\/www.legislapp.com.br\/wp-content\/uploads\/google-play.png\"><\/a><br \/>\n      <a href=\"https:\/\/apps.apple.com\/us\/app\/legislapp\/id1568929859\"><img decoding=\"async\" style=\"width: 15%; min-width: 130px\" src=\"https:\/\/www.legislapp.com.br\/wp-content\/uploads\/apple-store.png\"><\/a>\n   <\/div>\n","protected":false},"excerpt":{"rendered":"<p>C\u00e2m. Legislativa de SC &#8211; Autoria de Nilso Berlanda Altera a Lei n\u00ba 14.204, de 2007, que &#8220;Disp\u00f5e sobre a circula\u00e7\u00e3o de c\u00e3es em locais p\u00fablicos no Estado de Santa Catarina&#8221;, para o fim de adequ\u00e1-la \u00e0 circula\u00e7\u00e3o de c\u00e3es da ra\u00e7a Pit Bull nos locais que especifica e aos c\u00e3es que prestem servi\u00e7os relevantes [&hellip;]<\/p>\n","protected":false},"author":1,"featured_media":0,"parent":0,"menu_order":0,"comment_status":"closed","ping_status":"closed","template":"page-template-blank.php","meta":{"_et_pb_use_builder":"","_et_pb_old_content":"","_et_gb_content_width":"1080","ngg_post_thumbnail":0,"footnotes":""},"class_list":["post-8440","page","type-page","status-publish","hentry"],"yoast_head":"<!-- This site is optimized with the Yoast SEO plugin v24.4 - https:\/\/yoast.com\/wordpress\/plugins\/seo\/ -->\n<title>PL.\/0610\/2025 - Nilso Berlanda - Legislapp<\/title>\n<meta name=\"robots\" content=\"index, follow, max-snippet:-1, max-image-preview:large, max-video-preview:-1\" \/>\n<link rel=\"canonical\" href=\"https:\/\/www.legislapp.com.br\/index.php\/cam-legislativa-de-sc-pl-0610-2025\/\" \/>\n<meta property=\"og:locale\" content=\"pt_BR\" \/>\n<meta property=\"og:type\" content=\"article\" \/>\n<meta property=\"og:title\" content=\"PL.\/0610\/2025 - Nilso Berlanda - Legislapp\" \/>\n<meta property=\"og:description\" content=\"C\u00e2m. Legislativa de SC &#8211; Autoria de Nilso Berlanda Altera a Lei n\u00ba 14.204, de 2007, que &#8220;Disp\u00f5e sobre a circula\u00e7\u00e3o de c\u00e3es em locais p\u00fablicos no Estado de Santa Catarina&#8221;, para o fim de adequ\u00e1-la \u00e0 circula\u00e7\u00e3o de c\u00e3es da ra\u00e7a Pit Bull nos locais que especifica e aos c\u00e3es que prestem servi\u00e7os relevantes [&hellip;]\" \/>\n<meta property=\"og:url\" content=\"https:\/\/www.legislapp.com.br\/index.php\/cam-legislativa-de-sc-pl-0610-2025\/\" \/>\n<meta property=\"og:site_name\" content=\"Legislapp\" \/>\n<meta property=\"article:publisher\" content=\"https:\/\/www.instagram.com\/legislapp\/\" \/>\n<meta property=\"og:image\" content=\"https:\/\/www.legislapp.com.br\/wp-content\/uploads\/google-play.png\" \/>\n<meta name=\"twitter:card\" content=\"summary_large_image\" \/>\n<meta name=\"twitter:label1\" content=\"Est. tempo de leitura\" \/>\n\t<meta name=\"twitter:data1\" content=\"3 minutos\" \/>\n<script type=\"application\/ld+json\" class=\"yoast-schema-graph\">{\"@context\":\"https:\/\/schema.org\",\"@graph\":[{\"@type\":\"WebPage\",\"@id\":\"https:\/\/www.legislapp.com.br\/index.php\/cam-legislativa-de-sc-pl-0610-2025\/\",\"url\":\"https:\/\/www.legislapp.com.br\/index.php\/cam-legislativa-de-sc-pl-0610-2025\/\",\"name\":\"PL.\/0610\/2025 - Nilso Berlanda - Legislapp\",\"isPartOf\":{\"@id\":\"https:\/\/www.legislapp.com.br\/#website\"},\"primaryImageOfPage\":{\"@id\":\"https:\/\/www.legislapp.com.br\/index.php\/cam-legislativa-de-sc-pl-0610-2025\/#primaryimage\"},\"image\":{\"@id\":\"https:\/\/www.legislapp.com.br\/index.php\/cam-legislativa-de-sc-pl-0610-2025\/#primaryimage\"},\"thumbnailUrl\":\"https:\/\/www.legislapp.com.br\/wp-content\/uploads\/google-play.png\",\"datePublished\":\"2025-10-08T14:34:06+00:00\",\"breadcrumb\":{\"@id\":\"https:\/\/www.legislapp.com.br\/index.php\/cam-legislativa-de-sc-pl-0610-2025\/#breadcrumb\"},\"inLanguage\":\"pt-BR\",\"potentialAction\":[{\"@type\":\"ReadAction\",\"target\":[\"https:\/\/www.legislapp.com.br\/index.php\/cam-legislativa-de-sc-pl-0610-2025\/\"]}]},{\"@type\":\"ImageObject\",\"inLanguage\":\"pt-BR\",\"@id\":\"https:\/\/www.legislapp.com.br\/index.php\/cam-legislativa-de-sc-pl-0610-2025\/#primaryimage\",\"url\":\"https:\/\/www.legislapp.com.br\/wp-content\/uploads\/google-play.png\",\"contentUrl\":\"https:\/\/www.legislapp.com.br\/wp-content\/uploads\/google-play.png\",\"width\":564,\"height\":168},{\"@type\":\"BreadcrumbList\",\"@id\":\"https:\/\/www.legislapp.com.br\/index.php\/cam-legislativa-de-sc-pl-0610-2025\/#breadcrumb\",\"itemListElement\":[{\"@type\":\"ListItem\",\"position\":1,\"name\":\"In\u00edcio\",\"item\":\"https:\/\/www.legislapp.com.br\/\"},{\"@type\":\"ListItem\",\"position\":2,\"name\":\"PL.\/0610\/2025 &#8211; Nilso Berlanda\"}]},{\"@type\":\"WebSite\",\"@id\":\"https:\/\/www.legislapp.com.br\/#website\",\"url\":\"https:\/\/www.legislapp.com.br\/\",\"name\":\"Legislapp\",\"description\":\"Intelig\u00eancia governamental em tempo real\",\"publisher\":{\"@id\":\"https:\/\/www.legislapp.com.br\/#organization\"},\"potentialAction\":[{\"@type\":\"SearchAction\",\"target\":{\"@type\":\"EntryPoint\",\"urlTemplate\":\"https:\/\/www.legislapp.com.br\/?s={search_term_string}\"},\"query-input\":{\"@type\":\"PropertyValueSpecification\",\"valueRequired\":true,\"valueName\":\"search_term_string\"}}],\"inLanguage\":\"pt-BR\"},{\"@type\":\"Organization\",\"@id\":\"https:\/\/www.legislapp.com.br\/#organization\",\"name\":\"Legislapp Monitoramento e Intelig\u00eancia Governamental\",\"url\":\"https:\/\/www.legislapp.com.br\/\",\"logo\":{\"@type\":\"ImageObject\",\"inLanguage\":\"pt-BR\",\"@id\":\"https:\/\/www.legislapp.com.br\/#\/schema\/logo\/image\/\",\"url\":\"https:\/\/www.legislapp.com.br\/wp-content\/uploads\/icon.png\",\"contentUrl\":\"https:\/\/www.legislapp.com.br\/wp-content\/uploads\/icon.png\",\"width\":1024,\"height\":1024,\"caption\":\"Legislapp Monitoramento e Intelig\u00eancia Governamental\"},\"image\":{\"@id\":\"https:\/\/www.legislapp.com.br\/#\/schema\/logo\/image\/\"},\"sameAs\":[\"https:\/\/www.instagram.com\/legislapp\/\"]}]}<\/script>\n<!-- \/ Yoast SEO plugin. -->","yoast_head_json":{"title":"PL.\/0610\/2025 - Nilso Berlanda - Legislapp","robots":{"index":"index","follow":"follow","max-snippet":"max-snippet:-1","max-image-preview":"max-image-preview:large","max-video-preview":"max-video-preview:-1"},"canonical":"https:\/\/www.legislapp.com.br\/index.php\/cam-legislativa-de-sc-pl-0610-2025\/","og_locale":"pt_BR","og_type":"article","og_title":"PL.\/0610\/2025 - Nilso Berlanda - Legislapp","og_description":"C\u00e2m. Legislativa de SC &#8211; Autoria de Nilso Berlanda Altera a Lei n\u00ba 14.204, de 2007, que &#8220;Disp\u00f5e sobre a circula\u00e7\u00e3o de c\u00e3es em locais p\u00fablicos no Estado de Santa Catarina&#8221;, para o fim de adequ\u00e1-la \u00e0 circula\u00e7\u00e3o de c\u00e3es da ra\u00e7a Pit Bull nos locais que especifica e aos c\u00e3es que prestem servi\u00e7os relevantes [&hellip;]","og_url":"https:\/\/www.legislapp.com.br\/index.php\/cam-legislativa-de-sc-pl-0610-2025\/","og_site_name":"Legislapp","article_publisher":"https:\/\/www.instagram.com\/legislapp\/","og_image":[{"url":"https:\/\/www.legislapp.com.br\/wp-content\/uploads\/google-play.png","type":"","width":"","height":""}],"twitter_card":"summary_large_image","twitter_misc":{"Est. tempo de leitura":"3 minutos"},"schema":{"@context":"https:\/\/schema.org","@graph":[{"@type":"WebPage","@id":"https:\/\/www.legislapp.com.br\/index.php\/cam-legislativa-de-sc-pl-0610-2025\/","url":"https:\/\/www.legislapp.com.br\/index.php\/cam-legislativa-de-sc-pl-0610-2025\/","name":"PL.\/0610\/2025 - Nilso Berlanda - Legislapp","isPartOf":{"@id":"https:\/\/www.legislapp.com.br\/#website"},"primaryImageOfPage":{"@id":"https:\/\/www.legislapp.com.br\/index.php\/cam-legislativa-de-sc-pl-0610-2025\/#primaryimage"},"image":{"@id":"https:\/\/www.legislapp.com.br\/index.php\/cam-legislativa-de-sc-pl-0610-2025\/#primaryimage"},"thumbnailUrl":"https:\/\/www.legislapp.com.br\/wp-content\/uploads\/google-play.png","datePublished":"2025-10-08T14:34:06+00:00","breadcrumb":{"@id":"https:\/\/www.legislapp.com.br\/index.php\/cam-legislativa-de-sc-pl-0610-2025\/#breadcrumb"},"inLanguage":"pt-BR","potentialAction":[{"@type":"ReadAction","target":["https:\/\/www.legislapp.com.br\/index.php\/cam-legislativa-de-sc-pl-0610-2025\/"]}]},{"@type":"ImageObject","inLanguage":"pt-BR","@id":"https:\/\/www.legislapp.com.br\/index.php\/cam-legislativa-de-sc-pl-0610-2025\/#primaryimage","url":"https:\/\/www.legislapp.com.br\/wp-content\/uploads\/google-play.png","contentUrl":"https:\/\/www.legislapp.com.br\/wp-content\/uploads\/google-play.png","width":564,"height":168},{"@type":"BreadcrumbList","@id":"https:\/\/www.legislapp.com.br\/index.php\/cam-legislativa-de-sc-pl-0610-2025\/#breadcrumb","itemListElement":[{"@type":"ListItem","position":1,"name":"In\u00edcio","item":"https:\/\/www.legislapp.com.br\/"},{"@type":"ListItem","position":2,"name":"PL.\/0610\/2025 &#8211; Nilso Berlanda"}]},{"@type":"WebSite","@id":"https:\/\/www.legislapp.com.br\/#website","url":"https:\/\/www.legislapp.com.br\/","name":"Legislapp","description":"Intelig\u00eancia governamental em tempo real","publisher":{"@id":"https:\/\/www.legislapp.com.br\/#organization"},"potentialAction":[{"@type":"SearchAction","target":{"@type":"EntryPoint","urlTemplate":"https:\/\/www.legislapp.com.br\/?s={search_term_string}"},"query-input":{"@type":"PropertyValueSpecification","valueRequired":true,"valueName":"search_term_string"}}],"inLanguage":"pt-BR"},{"@type":"Organization","@id":"https:\/\/www.legislapp.com.br\/#organization","name":"Legislapp Monitoramento e Intelig\u00eancia Governamental","url":"https:\/\/www.legislapp.com.br\/","logo":{"@type":"ImageObject","inLanguage":"pt-BR","@id":"https:\/\/www.legislapp.com.br\/#\/schema\/logo\/image\/","url":"https:\/\/www.legislapp.com.br\/wp-content\/uploads\/icon.png","contentUrl":"https:\/\/www.legislapp.com.br\/wp-content\/uploads\/icon.png","width":1024,"height":1024,"caption":"Legislapp Monitoramento e Intelig\u00eancia Governamental"},"image":{"@id":"https:\/\/www.legislapp.com.br\/#\/schema\/logo\/image\/"},"sameAs":["https:\/\/www.instagram.com\/legislapp\/"]}]}},"_links":{"self":[{"href":"https:\/\/www.legislapp.com.br\/index.php\/wp-json\/wp\/v2\/pages\/8440","targetHints":{"allow":["GET"]}}],"collection":[{"href":"https:\/\/www.legislapp.com.br\/index.php\/wp-json\/wp\/v2\/pages"}],"about":[{"href":"https:\/\/www.legislapp.com.br\/index.php\/wp-json\/wp\/v2\/types\/page"}],"author":[{"embeddable":true,"href":"https:\/\/www.legislapp.com.br\/index.php\/wp-json\/wp\/v2\/users\/1"}],"replies":[{"embeddable":true,"href":"https:\/\/www.legislapp.com.br\/index.php\/wp-json\/wp\/v2\/comments?post=8440"}],"version-history":[{"count":0,"href":"https:\/\/www.legislapp.com.br\/index.php\/wp-json\/wp\/v2\/pages\/8440\/revisions"}],"wp:attachment":[{"href":"https:\/\/www.legislapp.com.br\/index.php\/wp-json\/wp\/v2\/media?parent=8440"}],"curies":[{"name":"wp","href":"https:\/\/api.w.org\/{rel}","templated":true}]}}