{"id":8441,"date":"2025-10-08T11:34:09","date_gmt":"2025-10-08T14:34:09","guid":{"rendered":"https:\/\/www.legislapp.com.br\/index.php\/cam-legislativa-de-mg-pl-4216-2025-2\/"},"modified":"2025-10-08T11:34:09","modified_gmt":"2025-10-08T14:34:09","slug":"cam-legislativa-de-mg-pl-4216-2025-2","status":"publish","type":"page","link":"https:\/\/www.legislapp.com.br\/index.php\/cam-legislativa-de-mg-pl-4216-2025-2\/","title":{"rendered":"PL 4216\/2025 &#8211; Deputados"},"content":{"rendered":"<h1 style='text-align: center;'>C\u00e2m. Legislativa de MG &#8211; Autoria de Deputados<\/h3>\n<p><\/p>\n<article style='text-align: center'>Disp\u00f5e sobre a garantia de espa\u00e7os de amamenta\u00e7\u00e3o ou recebimento de leite<br \/>\nhumano congelado nas escolas p\u00fablicas e privadas do Estado.<\/article>\n<p><\/p>\n<p style='text-align: center'><a href='https:\/\/app.legislapp.com.br\/#\/busca?termo='><\/a><\/p>\n<p><\/p>\n<article>Garante espa\u00e7o de amamenta\u00e7\u00e3o ou recebimento de leite humano congelado nas escolas p\u00fablicas e privadas do Estado de Minas Gerais.<br \/>\nA Assembleia Legislativa do Estado de Minas Gerais decreta:<br \/>\nArt. 1\u00ba \u2013 As escolas de educa\u00e7\u00e3o infantil, p\u00fablicas e privadas, do Estado de Minas Gerais devem garantir a\u00e7\u00f5es que promovam o aleitamento humano das crian\u00e7as matriculadas, seja por meio de espa\u00e7os espec\u00edficos para amamenta\u00e7\u00e3o ou recebendo o leite humano congelado para oferta \u00e0s crian\u00e7as durante o per\u00edodo de perman\u00eancia na unidade.<br \/>\nArt. 2\u00ba \u2013 Os espa\u00e7os para amamenta\u00e7\u00e3o devem ser providos de estrutura adequada, incluindo conforto, privacidade e higiene, de acordo com as diretrizes estabelecidas pelo Minist\u00e9rio da Sa\u00fade e \u00f3rg\u00e3os competentes.<br \/>\nArt. 3\u00ba \u2013 As escolas devem assegurar que os espa\u00e7os para amamenta\u00e7\u00e3o estejam dispon\u00edveis e acess\u00edveis a todas as lactantes, incluindo funcion\u00e1rias, alunas e visitantes, durante o hor\u00e1rio de funcionamento da institui\u00e7\u00e3o.<br \/>\nArt. 4\u00ba \u2013 As despesas decorrentes da aplica\u00e7\u00e3o desta lei correr\u00e3o por conta das dota\u00e7\u00f5es or\u00e7ament\u00e1rias pr\u00f3prias, suplementadas se necess\u00e1rio.<br \/>\nArt. 5\u00ba \u2013 Esta lei entra em vigor na data de sua publica\u00e7\u00e3o.<br \/>\nSala das Reuni\u00f5es, 7 de agosto de 2025.<br \/>\nAna Paula Siqueira (Rede), presidenta da Comiss\u00e3o de Defesa dos Direitos da Mulher \u2013 Leninha (PT) \u2013 Andr\u00e9ia de Jesus (PT) \u2013 Beatriz Cerqueira (PT) \u2013 Bella Gon\u00e7alves (Psol) \u2013 Carol Caram (Avante) \u2013 Ione Pinheiro (Uni\u00e3o) \u2013 Lohanna (PV) \u2013 Maria Clara Marra (PSDB) \u2013 Marli Ribeiro (PL) \u2013 Lud Falc\u00e3o (Pode).<br \/>\nJustifica\u00e7\u00e3o: O presente projeto de lei tem por objetivo instituir a cria\u00e7\u00e3o e a manuten\u00e7\u00e3o de espa\u00e7os adequados para a amamenta\u00e7\u00e3o, bem como para a coleta e o armazenamento de leite humano, nas institui\u00e7\u00f5es de educa\u00e7\u00e3o infantil, p\u00fablicas e privadas, no \u00e2mbito de nosso Estado.<br \/>\nA proposi\u00e7\u00e3o fundamenta-se em m\u00faltiplos pilares de indiscut\u00edvel relev\u00e2ncia para a sa\u00fade p\u00fablica, o desenvolvimento social e a promo\u00e7\u00e3o da igualdade de g\u00eanero e de oportunidades. No que tange \u00e0 sa\u00fade infantil, \u00e9 consenso cient\u00edfico que o leite humano\u00a0constitui a fonte mais completa de nutri\u00e7\u00e3o para lactentes, sendo essencial para o crescimento saud\u00e1vel e para o fortalecimento do sistema imunol\u00f3gico. A amamenta\u00e7\u00e3o continuada reduz a incid\u00eancia de infec\u00e7\u00f5es e, por consequ\u00eancia, contribui para a diminui\u00e7\u00e3o dos \u00edndices de absente\u00edsmo escolar na primeira inf\u00e2ncia.\u00a0<br \/>\nAdicionalmente, a medida representa um suporte indispens\u00e1vel \u00e0s m\u00e3es trabalhadoras, assegurando que o retorno \u00e0s atividades profissionais n\u00e3o se converta em um obst\u00e1culo para a continuidade do aleitamento. A exist\u00eancia de um espa\u00e7o apropriado nas escolas e creches permite a concilia\u00e7\u00e3o entre as responsabilidades laborais e o direito \u00e0 amamenta\u00e7\u00e3o, beneficiando a sa\u00fade f\u00edsica e emocional tanto da m\u00e3e quanto da crian\u00e7a.\u00a0<br \/>\nSob a \u00f3tica da equidade, este projeto de lei atua como uma ferramenta de promo\u00e7\u00e3o da igualdade de g\u00eanero, ao mitigar uma das barreiras que historicamente imp\u00f5em \u00e0s mulheres uma escolha entre a manuten\u00e7\u00e3o de suas carreiras e os cuidados maternos. Garante, ainda, a isonomia de oportunidades desde o in\u00edcio da vida, ao viabilizar que todas as crian\u00e7as, independentemente da condi\u00e7\u00e3o socioecon\u00f4mica de suas fam\u00edlias, tenham acesso aos benef\u00edcios nutricionais e imunol\u00f3gicos do leite humano.\u00a0<br \/>\nEm suma, este projeto de lei n\u00e3o cria uma obriga\u00e7\u00e3o onerosa; ele estabelece uma diretriz de cuidado e respeito, pois est\u00e1 alinhado \u00e0s mais avan\u00e7adas pol\u00edticas de sa\u00fade p\u00fablica, promove a igualdade de oportunidades para as mulheres no mercado de trabalho e, acima de tudo, garante que nossas crian\u00e7as tenham o melhor come\u00e7o de vida poss\u00edvel.<br \/>\nAprovar este projeto \u00e9 reafirmar o papel de cuidado do nosso Estado, que protege e que investe em seu bem mais precioso: suas crian\u00e7as. Contamos com o apoio e a sensibilidade de todos os nobres Pares para transformar esta proposta em lei.<br \/>\n\u2013 Publicado, vai o projeto \u00e0s Comiss\u00f5es de Justi\u00e7a, de Sa\u00fade, de Educa\u00e7\u00e3o e de Fiscaliza\u00e7\u00e3o Financeira para parecer, nos termos do art. 188, c\/c o art. 102, do Regimento Interno.<\/article>\n<div style=\"text-align: center\">\n<div style=\"margin-bottom: 20px;\" class=\"et_pb_button_module_wrapper et_pb_button_5_tb_body_wrapper et_pb_button_alignment_center et_pb_module \">\n         <a class=\"et_pb_button et_pb_button_5_tb_body et_hover_enabled et_pb_bg_layout_dark\" style=\"width: 50%;background-color: black;\" href=\"https:\/\/app.legislapp.com.br\" target=\"_blank\" rel=\"noopener\">Visualizar completo na nossa plataforma (30 dias gr\u00e1tis)<\/a><\/p><\/div>\n<p>      <a href=\"https:\/\/play.google.com\/store\/apps\/details?id=br.com.legislapp\"><img decoding=\"async\" style=\"width: 15%; min-width: 130px;\" src=\"https:\/\/www.legislapp.com.br\/wp-content\/uploads\/google-play.png\"><\/a><br \/>\n      <a href=\"https:\/\/apps.apple.com\/us\/app\/legislapp\/id1568929859\"><img decoding=\"async\" style=\"width: 15%; min-width: 130px\" src=\"https:\/\/www.legislapp.com.br\/wp-content\/uploads\/apple-store.png\"><\/a>\n   <\/div>\n","protected":false},"excerpt":{"rendered":"<p>C\u00e2m. Legislativa de MG &#8211; Autoria de Deputados Disp\u00f5e sobre a garantia de espa\u00e7os de amamenta\u00e7\u00e3o ou recebimento de leite humano congelado nas escolas p\u00fablicas e privadas do Estado. Garante espa\u00e7o de amamenta\u00e7\u00e3o ou recebimento de leite humano congelado nas escolas p\u00fablicas e privadas do Estado de Minas Gerais. A Assembleia Legislativa do Estado de [&hellip;]<\/p>\n","protected":false},"author":1,"featured_media":0,"parent":0,"menu_order":0,"comment_status":"closed","ping_status":"closed","template":"page-template-blank.php","meta":{"_et_pb_use_builder":"","_et_pb_old_content":"","_et_gb_content_width":"1080","ngg_post_thumbnail":0,"footnotes":""},"class_list":["post-8441","page","type-page","status-publish","hentry"],"yoast_head":"<!-- This site is optimized with the Yoast SEO plugin v24.4 - https:\/\/yoast.com\/wordpress\/plugins\/seo\/ -->\n<title>PL 4216\/2025 - Deputados - Legislapp<\/title>\n<meta name=\"robots\" content=\"index, follow, max-snippet:-1, max-image-preview:large, max-video-preview:-1\" \/>\n<link rel=\"canonical\" href=\"https:\/\/www.legislapp.com.br\/index.php\/cam-legislativa-de-mg-pl-4216-2025-2\/\" \/>\n<meta property=\"og:locale\" content=\"pt_BR\" \/>\n<meta property=\"og:type\" content=\"article\" \/>\n<meta property=\"og:title\" content=\"PL 4216\/2025 - Deputados - Legislapp\" \/>\n<meta property=\"og:description\" content=\"C\u00e2m. Legislativa de MG &#8211; Autoria de Deputados Disp\u00f5e sobre a garantia de espa\u00e7os de amamenta\u00e7\u00e3o ou recebimento de leite humano congelado nas escolas p\u00fablicas e privadas do Estado. Garante espa\u00e7o de amamenta\u00e7\u00e3o ou recebimento de leite humano congelado nas escolas p\u00fablicas e privadas do Estado de Minas Gerais. A Assembleia Legislativa do Estado de [&hellip;]\" \/>\n<meta property=\"og:url\" content=\"https:\/\/www.legislapp.com.br\/index.php\/cam-legislativa-de-mg-pl-4216-2025-2\/\" \/>\n<meta property=\"og:site_name\" content=\"Legislapp\" \/>\n<meta property=\"article:publisher\" content=\"https:\/\/www.instagram.com\/legislapp\/\" \/>\n<meta property=\"og:image\" content=\"https:\/\/www.legislapp.com.br\/wp-content\/uploads\/google-play.png\" \/>\n<meta name=\"twitter:card\" content=\"summary_large_image\" \/>\n<meta name=\"twitter:label1\" content=\"Est. tempo de leitura\" \/>\n\t<meta name=\"twitter:data1\" content=\"4 minutos\" \/>\n<script type=\"application\/ld+json\" class=\"yoast-schema-graph\">{\"@context\":\"https:\/\/schema.org\",\"@graph\":[{\"@type\":\"WebPage\",\"@id\":\"https:\/\/www.legislapp.com.br\/index.php\/cam-legislativa-de-mg-pl-4216-2025-2\/\",\"url\":\"https:\/\/www.legislapp.com.br\/index.php\/cam-legislativa-de-mg-pl-4216-2025-2\/\",\"name\":\"PL 4216\/2025 - Deputados - Legislapp\",\"isPartOf\":{\"@id\":\"https:\/\/www.legislapp.com.br\/#website\"},\"primaryImageOfPage\":{\"@id\":\"https:\/\/www.legislapp.com.br\/index.php\/cam-legislativa-de-mg-pl-4216-2025-2\/#primaryimage\"},\"image\":{\"@id\":\"https:\/\/www.legislapp.com.br\/index.php\/cam-legislativa-de-mg-pl-4216-2025-2\/#primaryimage\"},\"thumbnailUrl\":\"https:\/\/www.legislapp.com.br\/wp-content\/uploads\/google-play.png\",\"datePublished\":\"2025-10-08T14:34:09+00:00\",\"breadcrumb\":{\"@id\":\"https:\/\/www.legislapp.com.br\/index.php\/cam-legislativa-de-mg-pl-4216-2025-2\/#breadcrumb\"},\"inLanguage\":\"pt-BR\",\"potentialAction\":[{\"@type\":\"ReadAction\",\"target\":[\"https:\/\/www.legislapp.com.br\/index.php\/cam-legislativa-de-mg-pl-4216-2025-2\/\"]}]},{\"@type\":\"ImageObject\",\"inLanguage\":\"pt-BR\",\"@id\":\"https:\/\/www.legislapp.com.br\/index.php\/cam-legislativa-de-mg-pl-4216-2025-2\/#primaryimage\",\"url\":\"https:\/\/www.legislapp.com.br\/wp-content\/uploads\/google-play.png\",\"contentUrl\":\"https:\/\/www.legislapp.com.br\/wp-content\/uploads\/google-play.png\",\"width\":564,\"height\":168},{\"@type\":\"BreadcrumbList\",\"@id\":\"https:\/\/www.legislapp.com.br\/index.php\/cam-legislativa-de-mg-pl-4216-2025-2\/#breadcrumb\",\"itemListElement\":[{\"@type\":\"ListItem\",\"position\":1,\"name\":\"In\u00edcio\",\"item\":\"https:\/\/www.legislapp.com.br\/\"},{\"@type\":\"ListItem\",\"position\":2,\"name\":\"PL 4216\/2025 &#8211; Deputados\"}]},{\"@type\":\"WebSite\",\"@id\":\"https:\/\/www.legislapp.com.br\/#website\",\"url\":\"https:\/\/www.legislapp.com.br\/\",\"name\":\"Legislapp\",\"description\":\"Intelig\u00eancia governamental em tempo real\",\"publisher\":{\"@id\":\"https:\/\/www.legislapp.com.br\/#organization\"},\"potentialAction\":[{\"@type\":\"SearchAction\",\"target\":{\"@type\":\"EntryPoint\",\"urlTemplate\":\"https:\/\/www.legislapp.com.br\/?s={search_term_string}\"},\"query-input\":{\"@type\":\"PropertyValueSpecification\",\"valueRequired\":true,\"valueName\":\"search_term_string\"}}],\"inLanguage\":\"pt-BR\"},{\"@type\":\"Organization\",\"@id\":\"https:\/\/www.legislapp.com.br\/#organization\",\"name\":\"Legislapp Monitoramento e Intelig\u00eancia Governamental\",\"url\":\"https:\/\/www.legislapp.com.br\/\",\"logo\":{\"@type\":\"ImageObject\",\"inLanguage\":\"pt-BR\",\"@id\":\"https:\/\/www.legislapp.com.br\/#\/schema\/logo\/image\/\",\"url\":\"https:\/\/www.legislapp.com.br\/wp-content\/uploads\/icon.png\",\"contentUrl\":\"https:\/\/www.legislapp.com.br\/wp-content\/uploads\/icon.png\",\"width\":1024,\"height\":1024,\"caption\":\"Legislapp Monitoramento e Intelig\u00eancia Governamental\"},\"image\":{\"@id\":\"https:\/\/www.legislapp.com.br\/#\/schema\/logo\/image\/\"},\"sameAs\":[\"https:\/\/www.instagram.com\/legislapp\/\"]}]}<\/script>\n<!-- \/ Yoast SEO plugin. -->","yoast_head_json":{"title":"PL 4216\/2025 - Deputados - Legislapp","robots":{"index":"index","follow":"follow","max-snippet":"max-snippet:-1","max-image-preview":"max-image-preview:large","max-video-preview":"max-video-preview:-1"},"canonical":"https:\/\/www.legislapp.com.br\/index.php\/cam-legislativa-de-mg-pl-4216-2025-2\/","og_locale":"pt_BR","og_type":"article","og_title":"PL 4216\/2025 - Deputados - Legislapp","og_description":"C\u00e2m. Legislativa de MG &#8211; Autoria de Deputados Disp\u00f5e sobre a garantia de espa\u00e7os de amamenta\u00e7\u00e3o ou recebimento de leite humano congelado nas escolas p\u00fablicas e privadas do Estado. Garante espa\u00e7o de amamenta\u00e7\u00e3o ou recebimento de leite humano congelado nas escolas p\u00fablicas e privadas do Estado de Minas Gerais. A Assembleia Legislativa do Estado de [&hellip;]","og_url":"https:\/\/www.legislapp.com.br\/index.php\/cam-legislativa-de-mg-pl-4216-2025-2\/","og_site_name":"Legislapp","article_publisher":"https:\/\/www.instagram.com\/legislapp\/","og_image":[{"url":"https:\/\/www.legislapp.com.br\/wp-content\/uploads\/google-play.png","type":"","width":"","height":""}],"twitter_card":"summary_large_image","twitter_misc":{"Est. tempo de leitura":"4 minutos"},"schema":{"@context":"https:\/\/schema.org","@graph":[{"@type":"WebPage","@id":"https:\/\/www.legislapp.com.br\/index.php\/cam-legislativa-de-mg-pl-4216-2025-2\/","url":"https:\/\/www.legislapp.com.br\/index.php\/cam-legislativa-de-mg-pl-4216-2025-2\/","name":"PL 4216\/2025 - Deputados - Legislapp","isPartOf":{"@id":"https:\/\/www.legislapp.com.br\/#website"},"primaryImageOfPage":{"@id":"https:\/\/www.legislapp.com.br\/index.php\/cam-legislativa-de-mg-pl-4216-2025-2\/#primaryimage"},"image":{"@id":"https:\/\/www.legislapp.com.br\/index.php\/cam-legislativa-de-mg-pl-4216-2025-2\/#primaryimage"},"thumbnailUrl":"https:\/\/www.legislapp.com.br\/wp-content\/uploads\/google-play.png","datePublished":"2025-10-08T14:34:09+00:00","breadcrumb":{"@id":"https:\/\/www.legislapp.com.br\/index.php\/cam-legislativa-de-mg-pl-4216-2025-2\/#breadcrumb"},"inLanguage":"pt-BR","potentialAction":[{"@type":"ReadAction","target":["https:\/\/www.legislapp.com.br\/index.php\/cam-legislativa-de-mg-pl-4216-2025-2\/"]}]},{"@type":"ImageObject","inLanguage":"pt-BR","@id":"https:\/\/www.legislapp.com.br\/index.php\/cam-legislativa-de-mg-pl-4216-2025-2\/#primaryimage","url":"https:\/\/www.legislapp.com.br\/wp-content\/uploads\/google-play.png","contentUrl":"https:\/\/www.legislapp.com.br\/wp-content\/uploads\/google-play.png","width":564,"height":168},{"@type":"BreadcrumbList","@id":"https:\/\/www.legislapp.com.br\/index.php\/cam-legislativa-de-mg-pl-4216-2025-2\/#breadcrumb","itemListElement":[{"@type":"ListItem","position":1,"name":"In\u00edcio","item":"https:\/\/www.legislapp.com.br\/"},{"@type":"ListItem","position":2,"name":"PL 4216\/2025 &#8211; Deputados"}]},{"@type":"WebSite","@id":"https:\/\/www.legislapp.com.br\/#website","url":"https:\/\/www.legislapp.com.br\/","name":"Legislapp","description":"Intelig\u00eancia governamental em tempo real","publisher":{"@id":"https:\/\/www.legislapp.com.br\/#organization"},"potentialAction":[{"@type":"SearchAction","target":{"@type":"EntryPoint","urlTemplate":"https:\/\/www.legislapp.com.br\/?s={search_term_string}"},"query-input":{"@type":"PropertyValueSpecification","valueRequired":true,"valueName":"search_term_string"}}],"inLanguage":"pt-BR"},{"@type":"Organization","@id":"https:\/\/www.legislapp.com.br\/#organization","name":"Legislapp Monitoramento e Intelig\u00eancia Governamental","url":"https:\/\/www.legislapp.com.br\/","logo":{"@type":"ImageObject","inLanguage":"pt-BR","@id":"https:\/\/www.legislapp.com.br\/#\/schema\/logo\/image\/","url":"https:\/\/www.legislapp.com.br\/wp-content\/uploads\/icon.png","contentUrl":"https:\/\/www.legislapp.com.br\/wp-content\/uploads\/icon.png","width":1024,"height":1024,"caption":"Legislapp Monitoramento e Intelig\u00eancia Governamental"},"image":{"@id":"https:\/\/www.legislapp.com.br\/#\/schema\/logo\/image\/"},"sameAs":["https:\/\/www.instagram.com\/legislapp\/"]}]}},"_links":{"self":[{"href":"https:\/\/www.legislapp.com.br\/index.php\/wp-json\/wp\/v2\/pages\/8441","targetHints":{"allow":["GET"]}}],"collection":[{"href":"https:\/\/www.legislapp.com.br\/index.php\/wp-json\/wp\/v2\/pages"}],"about":[{"href":"https:\/\/www.legislapp.com.br\/index.php\/wp-json\/wp\/v2\/types\/page"}],"author":[{"embeddable":true,"href":"https:\/\/www.legislapp.com.br\/index.php\/wp-json\/wp\/v2\/users\/1"}],"replies":[{"embeddable":true,"href":"https:\/\/www.legislapp.com.br\/index.php\/wp-json\/wp\/v2\/comments?post=8441"}],"version-history":[{"count":0,"href":"https:\/\/www.legislapp.com.br\/index.php\/wp-json\/wp\/v2\/pages\/8441\/revisions"}],"wp:attachment":[{"href":"https:\/\/www.legislapp.com.br\/index.php\/wp-json\/wp\/v2\/media?parent=8441"}],"curies":[{"name":"wp","href":"https:\/\/api.w.org\/{rel}","templated":true}]}}