{"id":8460,"date":"2025-10-08T11:35:14","date_gmt":"2025-10-08T14:35:14","guid":{"rendered":"https:\/\/www.legislapp.com.br\/index.php\/cam-legislativa-de-sc-pl-0605-2025\/"},"modified":"2025-10-08T11:35:14","modified_gmt":"2025-10-08T14:35:14","slug":"cam-legislativa-de-sc-pl-0605-2025","status":"publish","type":"page","link":"https:\/\/www.legislapp.com.br\/index.php\/cam-legislativa-de-sc-pl-0605-2025\/","title":{"rendered":"PL.\/0605\/2025 &#8211; Napole\u00e3o Bernardes"},"content":{"rendered":"<h1 style='text-align: center;'>C\u00e2m. Legislativa de SC &#8211; Autoria de Napole\u00e3o Bernardes<\/h3>\n<p><\/p>\n<article style='text-align: center'>Altera a Lei n. 10.501, de 1997, para desburocratizar a instala\u00e7\u00e3o das ag\u00eancias de relacionamento banc\u00e1rio, no \u00e2mbito de Santa Catarina.<\/article>\n<p><\/p>\n<p style='text-align: center'><a href='https:\/\/app.legislapp.com.br\/#\/busca?termo='><\/a><\/p>\n<p><\/p>\n<article>ASSEMBLEIA LEGISLATIVA GABINETE DEPUTADO<br \/>\nESTADO DE SANTA CATARINA NAPOLE\u00c3O BERNARDES<br \/>\nPROJETO DE LEI<\/p>\n<p>Altera a Lei n. 10.501, de 1997, para desburocratizar a<br \/>\ninstala\u00e7\u00e3o das ag\u00eancias de relacionamento banc\u00e1rio, no \u00e2mbito<br \/>\nde Santa Catarina.<\/p>\n<p>Art. 1\u00ba O art. 1\u00ba da Lei n. 10.501, de 1997, passa a vigorar com a seguinte reda\u00e7\u00e3o:<\/p>\n<p>\u201cArt. 1\u00ba Art. 1\u00ba Fica, no \u00e2mbito do Estado de Santa Catarina, o<br \/>\nfuncionamento de qualquer estabelecimento financeiro, atrelado a<br \/>\nplano de seguran\u00e7a aprovado pela Pol\u00edcia Federal, nos termos da<br \/>\nLei Federal 14.967\/2024.\u201d (NR)<\/p>\n<p>Par\u00e1grafo \u00fanico. S\u00e3o considerados estabelecimentos financeiros,<br \/>\npara os efeitos desta Lei, bancos oficiais ou privados e caixas<br \/>\necon\u00f4micas, suas ag\u00eancias, subag\u00eancias e postos.\u201d<\/p>\n<p>Art. 2\u00ba O art. 2\u00ba da Lei n. 10.501, de 1997, passa a vigorar com a seguinte reda\u00e7\u00e3o:<\/p>\n<p>Art. 2\u00b0 O sistema de seguran\u00e7a prescrito nesta Lei compreende<br \/>\npessoas adequadamente preparadas, assim chamadas vigilantes;<br \/>\nportas eletr\u00f4nicas de seguran\u00e7a individualizadas (PESI); alarme<br \/>\ncapaz de permitir, com seguran\u00e7a, comunica\u00e7\u00e3o entre o<br \/>\nestabelecimento financeiro e outro da mesma institui\u00e7\u00e3o, empresa<br \/>\nde vigil\u00e2ncia ou \u00f3rg\u00e3o policial mais pr\u00f3ximo; equipamentos<br \/>\nel\u00e9tricos, eletr\u00f4nicos e de filmagem que possibilitem a identifica\u00e7\u00e3o<br \/>\ndos assaltantes.<\/p>\n<p>\u00a7 1\u00b0 \u00b7 A porta a que se refere este artigo dever\u00e1, entre outras,<br \/>\nobedecer \u00e0s seguintes caracter\u00edsticas t\u00e9cnicas:<br \/>\na. Possuir detector de metais;<br \/>\nb. Travamento e retorno autom\u00e1ticos\u00b7<br \/>\nc. Abertura ou janela para entrega ao vigilante, do metal detectado;<\/p>\n<p>\u00a7 2\u00b0 &#8211; Poder\u00e1 ser dispensada a exig\u00eancia contida neste artigo, para<br \/>\num ou mais Posto de Servi\u00e7os, que n\u00e3o tenham guarda ou<br \/>\nmovimenta\u00e7\u00e3o de numer\u00e1rio, por meio de acordo coletivo de<br \/>\ntrabalho celebrado entre as empresas e o Sindicato dos<br \/>\nEmpregados em Estabelecimento Banc\u00e1rio de Santa Catarina ou<br \/>\nse houver Plano de Seguran\u00e7a aprovado pela Pol\u00edcia Federal, nos<br \/>\ntermos da Lei Federal n\u00b0 14.967\/2024.\u201d<\/p>\n<p>Art. 3\u00ba Esta Lei entra em vigor na data de sua publica\u00e7\u00e3o.<\/p>\n<p>NAPOLE\u00c3O Bernardes,<br \/>\nDeputado Estadual<br \/>\n JUSTIFICA\u00c7\u00c3O<\/p>\n<p>A presente propositura tem por finalidade modernizar a legisla\u00e7\u00e3o Catarinense dedicada a<br \/>\npol\u00edtica de seguran\u00e7a banc\u00e1ria, que torna obrigat\u00f3ria a instala\u00e7\u00e3o de dispositivos de seguran\u00e7a<br \/>\nnas ag\u00eancias e nos postos de servi\u00e7os das institui\u00e7\u00f5es banc\u00e1rias e financeiras, acrescentando-<br \/>\nlhe comandos para determinar a instala\u00e7\u00e3o de dispositivos que atualmente contribuem muito<br \/>\nmais na promo\u00e7\u00e3o da seguran\u00e7a, do conforto e da acessibilidade ao p\u00fablico usu\u00e1rio dos seus<br \/>\nespa\u00e7os f\u00edsicos, inserindo Santa Catarina no rol de Estados do pa\u00eds que acompanham a<br \/>\nevolu\u00e7\u00e3o da legisla\u00e7\u00e3o federal e da seguran\u00e7a banc\u00e1ria como um todo.<\/p>\n<p>Nesse sentido, recentemente foi editada, em setembro de 2024, a nova Lei n\u00ba 14.967\/24, que<br \/>\nversa sobre a seguran\u00e7a privada e das institui\u00e7\u00f5es financeiras com o objetivo de modernizar toda<br \/>\na legisla\u00e7\u00e3o sobre a mat\u00e9ria no pa\u00eds, tendo em vista, dentre outros aspectos, na mudan\u00e7a de<br \/>\nparadigma que atualmente vivenciamos com a migra\u00e7\u00e3o do crime a estabelecimentos financeiros<br \/>\ndo presencial para o mundo digital e com a diminui\u00e7\u00e3o da presen\u00e7a dos clientes fisicamente nas<br \/>\nag\u00eancias.<\/p>\n<p>Vale destacar que nos \u00faltimos 10 anos houve queda de 93% dos assaltos a estabelecimentos<br \/>\nbanc\u00e1rios, relativo ao n\u00famero de ataques a ATMs, a redu\u00e7\u00e3o foi de 96%. Em outro aspecto<br \/>\napenas 2% das transa\u00e7\u00f5es banc\u00e1rias ocorrem hoje na ag\u00eancia presencial, sendo 98% nas<br \/>\nferramentas digitais. Entre as diversas inova\u00e7\u00f5es trazidas pela norma, o novo Estatuto<br \/>\nestabeleceu regras gerais a serem observadas em todo Brasil. Vale frisar que a unifica\u00e7\u00e3o da<br \/>\nlegisla\u00e7\u00e3o em um \u00fanico diploma traz seguran\u00e7a jur\u00eddica, ganhos de efici\u00eancia ao permitir o<br \/>\nplanejamento e padroniza\u00e7\u00e3o de processos.<\/p>\n<p>Outra inova\u00e7\u00e3o da nova Lei foi inserir que a edi\u00e7\u00e3o de normas relativas \u00e0 seguran\u00e7a das<br \/>\ninstitui\u00e7\u00f5es financeiras dever\u00e1 ser precedida de an\u00e1lise t\u00e9cnica que, a crit\u00e9rio da Pol\u00edcia Federal,<br \/>\nresulte na sua efetividade. O dispositivo deixa claro que a autoridade competente, no caso, a<br \/>\nPol\u00edcia Federal, que det\u00e9m conhecimento t\u00e9cnico apurado, com departamentos especializados e<br \/>\ntreinamento, \u00e9 a mais indicada para estabelecer os itens de seguran\u00e7a de uma ag\u00eancia banc\u00e1ria<br \/>\nquando da aprova\u00e7\u00e3o do plano de seguran\u00e7a espec\u00edfico para cada local.<\/p>\n<p>Com essa atualiza\u00e7\u00e3o, novos itens de seguran\u00e7a, que venham a ser exigidos em normas,<br \/>\ndever\u00e3o ter sua efic\u00e1cia comprovada previamente pela Pol\u00edcia Federal. Desta forma, a medida<br \/>\nir\u00e1 assegurar que os equipamentos e rotinas adotadas para a seguran\u00e7a de ag\u00eancias ser\u00e1<br \/>\nsempre efetuada com base em crit\u00e9rios t\u00e9cnicos e objetivos, garantindo a sua plena efic\u00e1cia e<br \/>\nresultado.<\/p>\n<p>Por fim, importante ressaltar tamb\u00e9m que a nova legisla\u00e7\u00e3o federal modernizou a seguran\u00e7a<br \/>\nbanc\u00e1ria em todo pa\u00eds. Certos itens, at\u00e9 ent\u00e3o n\u00e3o previstos, passam a ser obrigat\u00f3rios, e,<br \/>\noutros, deixam de ser adotados ante a constata\u00e7\u00e3o de sua baixa efetividade ou por ter ficado<br \/>\nobsoleto, devendo ser substitu\u00eddo por outro mais moderno, como as cabines blindadas em<br \/>\nag\u00eancias.<\/p>\n<p>Na atual legisla\u00e7\u00e3o estadual, as ag\u00eancias banc\u00e1rias ficam obrigadas a instalar cabines blindadas,<br \/>\nficando autorizada a dispensa de sua instala\u00e7\u00e3o apenas nos postos de servi\u00e7o e<br \/>\ncorrespondentes banc\u00e1rios em que n\u00e3o houver a presen\u00e7a de vigilantes ou guarda. Nesse<br \/>\nsentido, o posicionamento e necessidade do equipamento s\u00e3o definidos em um plano de<br \/>\nseguran\u00e7a elaborado por profissionais especializados em seguran\u00e7a f\u00edsica e patrimonial, ap\u00f3s<br \/>\ndetida an\u00e1lise da \u00e1rea do estabelecimento.<\/p>\n<p>Ademais, a exig\u00eancia de ado\u00e7\u00e3o compuls\u00f3ria da cabine, sem nenhuma ressalva quanto \u00e0s<br \/>\ncaracter\u00edsticas de cada institui\u00e7\u00e3o financeira, poder\u00e1 colocar em risco a vida dos clientes e<br \/>\nfuncion\u00e1rios. Isso porque esses equipamentos podem trazer efeito inverso ao desejado. Note-se<br \/>\nque a cabine cria uma falsa sensa\u00e7\u00e3o de seguran\u00e7a, que poder\u00e1 estimular o vigilante a reagir na<br \/>\nhip\u00f3tese de um eventual ataque criminoso. Em tal situa\u00e7\u00e3o, clientes e funcion\u00e1rios poder\u00e3o ser<br \/>\natingidos por proj\u00e9teis de arma de fogo, o que demonstra ser a ado\u00e7\u00e3o do equipamento quest\u00e3o<br \/>\nextremamente complexa, que n\u00e3o deve ser exigida para todo e qualquer estabelecimento<br \/>\nbanc\u00e1rio, como prop\u00f5e o projeto de lei em an\u00e1lise. Destacamos ainda que a determina\u00e7\u00e3o para<br \/>\nque a cabine ou escudo sejam dotados de telefone para comunica\u00e7\u00e3o direta com os \u00f3rg\u00e3os de<br \/>\nseguran\u00e7a competentes \u00e9 desaconselh\u00e1vel e desnecess\u00e1ria.<\/p>\n<p>Desta forma, \u00e9 poss\u00edvel constatar que a nova legisla\u00e7\u00e3o sobre seguran\u00e7a privada e banc\u00e1ria n\u00e3o<br \/>\napenas modernizou os itens de seguran\u00e7a para funcionamento dos estabelecimentos banc\u00e1rios,<br \/>\nmas tamb\u00e9m deixou expl\u00edcito a import\u00e2ncia de uma legisla\u00e7\u00e3o \u00fanica em todo pa\u00eds e a relev\u00e2ncia<br \/>\nda an\u00e1lise t\u00e9cnica da Pol\u00edcia Federal na fiscaliza\u00e7\u00e3o dos estabelecimentos banc\u00e1rios.<br \/>\nAssim, o projeto prop\u00f5e adequar a atual legisla\u00e7\u00e3o de Santa Catarina  ao que \u00e9 praticado em<br \/>\ntodos os Estados do pa\u00eds, tornando os estabelecimentos banc\u00e1rios mais seguros, modernos,<br \/>\nadequados a nova realidade, preservando sua manuten\u00e7\u00e3o e protegendo os postos de trabalho e<br \/>\na economia local.<\/p>\n<p>Sala das Sess\u00f5es,<\/p>\n<p>Napole\u00e3o Bernardes,<br \/>\nDeputado Estadual<\/p>\n<p>QUADRO COMPARATIVO<br \/>\nLei n. 14.967, de 2009 PLC<br \/>\nArt. 1\u00ba Fica, no \u00e2mbito do Estado de Santa Art. 1\u00ba Fica, no \u00e2mbito do Estado de Santa<br \/>\nCatarina, vedado o funcionamento de Catarina, o funcionamento de qualquer<br \/>\nestabelecimentos financeiros que n\u00e3o estabelecimento financeiro, atrelado a<br \/>\npossuam, concomitantemente, os sistemas plano de seguran\u00e7a aprovado pela Pol\u00edcia<br \/>\nde seguran\u00e7a elencados nesta Lei. Federal, nos termos da Lei Federal<br \/>\nPar\u00e1grafo \u00fanico. S\u00e3o considerados 14.967\/2024.\u201d (NR)<br \/>\nestabelecimentos financeiros, para os Par\u00e1grafo \u00fanico. S\u00e3o considerados<br \/>\nefeitos desta Lei, bancos oficiais ou estabelecimentos financeiros, para os<br \/>\nprivados e caixas econ\u00f4micas, suas efeitos desta Lei, bancos oficiais ou<br \/>\nag\u00eancias, subag\u00eancias e postos. privados e caixas econ\u00f4micas, suas<br \/>\nag\u00eancias, sub ag\u00eancias e postos.<br \/>\nArt. 2\u00ba O sistema de seguran\u00e7a prescrito Art. 2\u00b0 O sistema de seguran\u00e7a prescrito<br \/>\nnesta Lei compreende pessoas nesta Lei compreende pessoas<br \/>\nadequadamente preparadas, assim adequadamente preparadas, assim<br \/>\nchamadas vigilantes; portas eletr\u00f4nicas de chamadas vigilantes; portas eletr\u00f4nicas de<br \/>\nseguran\u00e7a individualizadas (PESI); alarme seguran\u00e7a individualizadas (PESI); alarme<br \/>\ncapaz de permitir, com seguran\u00e7a, capaz de permitir, com seguran\u00e7a,<br \/>\ncomunica\u00e7\u00e3o entre o estabelecimento comunica\u00e7\u00e3o entre o estabelecimento<br \/>\nfinanceiro e outro da mesma institui\u00e7\u00e3o, financeiro e outro da mesma institui\u00e7\u00e3o,<br \/>\nempresa de vigil\u00e2ncia ou \u00f3rg\u00e3o policial empresa de vigil\u00e2ncia ou \u00f3rg\u00e3o policial<br \/>\nmais pr\u00f3ximo; equipamentos el\u00e9tricos, mais pr\u00f3ximo; equipamentos el\u00e9tricos,<br \/>\neletr\u00f4nicos e de filmagem que possibilitem eletr\u00f4nicos e de filmagem que possibilitem<br \/>\na identifica\u00e7\u00e3o dos assaltantes, e pelo a identifica\u00e7\u00e3o dos assaltantes.<br \/>\nmenos, mais um dos seguintes<br \/>\ndispositivos: \u00a7 1\u00b0 \u00b7 A porta a que se refere este artigo<br \/>\n dever\u00e1, entre outras, obedecer \u00e0s<br \/>\nI &#8211; artefato que retarde a a\u00e7\u00e3o dos seguintes caracter\u00edsticas t\u00e9cnicas:<br \/>\ncriminosos, permitindo sua persegui\u00e7\u00e3o,<br \/>\nidentifica\u00e7\u00e3o ou captura; ou a. Possuir detector de metais;<br \/>\nII &#8211; cabina blindada com perman\u00eancia b. Travamento e retorno autom\u00e1ticos\u00b7<br \/>\nininterrupta de vigilante durante o c. Abertura ou janela para entrega ao<br \/>\nexpediente para o p\u00fablico e enquanto vigilante, do metal detectado;<br \/>\nhouver movimenta\u00e7\u00e3o de numer\u00e1rio no<br \/>\ninterior do estabelecimento. (NR) (Reda\u00e7\u00e3o \u00a7 2\u00b0 &#8211; Poder\u00e1 ser dispensada a exig\u00eancia<br \/>\ndada pela Lei 14.947, de 2009) contida neste artigo, para um ou mais<br \/>\n Posto de Servi\u00e7os, que n\u00e3o tenham guarda<br \/>\nou movimenta\u00e7\u00e3o de numer\u00e1rio, por meio<br \/>\nde acordo coletivo de trabalho celebrado<br \/>\nentre as empresas e o Sindicato dos<br \/>\nEmpregados em Estabelecimento Banc\u00e1rio<br \/>\nde Santa Catarina ou se houver Plano de<br \/>\nSeguran\u00e7a aprovado pela Pol\u00edcia Federal,<br \/>\nnos termos da Lei Federal n\u00b0<br \/>\n14.967\/2024.\u201d<\/p>\n<p>ELEGIS<br \/>\nDocumento assinado eletronicamente por Napole\u00e3o Bernardes Neto, em<br \/>\nSistema de Processo<br \/>\n28\/08\/2025, \u00e0s 10:29.<br \/>\nLegislativo Eletr\u00f4nico<\/article>\n<div style=\"text-align: center\">\n<div style=\"margin-bottom: 20px;\" class=\"et_pb_button_module_wrapper et_pb_button_5_tb_body_wrapper et_pb_button_alignment_center et_pb_module \">\n         <a class=\"et_pb_button et_pb_button_5_tb_body et_hover_enabled et_pb_bg_layout_dark\" style=\"width: 50%;background-color: black;\" href=\"https:\/\/app.legislapp.com.br\" target=\"_blank\" rel=\"noopener\">Visualizar completo na nossa plataforma (30 dias gr\u00e1tis)<\/a><\/p><\/div>\n<p>      <a href=\"https:\/\/play.google.com\/store\/apps\/details?id=br.com.legislapp\"><img decoding=\"async\" style=\"width: 15%; min-width: 130px;\" src=\"https:\/\/www.legislapp.com.br\/wp-content\/uploads\/google-play.png\"><\/a><br \/>\n      <a href=\"https:\/\/apps.apple.com\/us\/app\/legislapp\/id1568929859\"><img decoding=\"async\" style=\"width: 15%; min-width: 130px\" src=\"https:\/\/www.legislapp.com.br\/wp-content\/uploads\/apple-store.png\"><\/a>\n   <\/div>\n","protected":false},"excerpt":{"rendered":"<p>C\u00e2m. Legislativa de SC &#8211; Autoria de Napole\u00e3o Bernardes Altera a Lei n. 10.501, de 1997, para desburocratizar a instala\u00e7\u00e3o das ag\u00eancias de relacionamento banc\u00e1rio, no \u00e2mbito de Santa Catarina. ASSEMBLEIA LEGISLATIVA GABINETE DEPUTADO ESTADO DE SANTA CATARINA NAPOLE\u00c3O BERNARDES PROJETO DE LEI Altera a Lei n. 10.501, de 1997, para desburocratizar a instala\u00e7\u00e3o das [&hellip;]<\/p>\n","protected":false},"author":1,"featured_media":0,"parent":0,"menu_order":0,"comment_status":"closed","ping_status":"closed","template":"page-template-blank.php","meta":{"_et_pb_use_builder":"","_et_pb_old_content":"","_et_gb_content_width":"1080","ngg_post_thumbnail":0,"footnotes":""},"class_list":["post-8460","page","type-page","status-publish","hentry"],"yoast_head":"<!-- This site is optimized with the Yoast SEO plugin v24.4 - https:\/\/yoast.com\/wordpress\/plugins\/seo\/ -->\n<title>PL.\/0605\/2025 - Napole\u00e3o Bernardes - Legislapp<\/title>\n<meta name=\"robots\" content=\"index, follow, max-snippet:-1, max-image-preview:large, max-video-preview:-1\" \/>\n<link rel=\"canonical\" href=\"https:\/\/www.legislapp.com.br\/index.php\/cam-legislativa-de-sc-pl-0605-2025\/\" \/>\n<meta property=\"og:locale\" content=\"pt_BR\" \/>\n<meta property=\"og:type\" content=\"article\" \/>\n<meta property=\"og:title\" content=\"PL.\/0605\/2025 - Napole\u00e3o Bernardes - Legislapp\" \/>\n<meta property=\"og:description\" content=\"C\u00e2m. Legislativa de SC &#8211; Autoria de Napole\u00e3o Bernardes Altera a Lei n. 10.501, de 1997, para desburocratizar a instala\u00e7\u00e3o das ag\u00eancias de relacionamento banc\u00e1rio, no \u00e2mbito de Santa Catarina. ASSEMBLEIA LEGISLATIVA GABINETE DEPUTADO ESTADO DE SANTA CATARINA NAPOLE\u00c3O BERNARDES PROJETO DE LEI Altera a Lei n. 10.501, de 1997, para desburocratizar a instala\u00e7\u00e3o das [&hellip;]\" \/>\n<meta property=\"og:url\" content=\"https:\/\/www.legislapp.com.br\/index.php\/cam-legislativa-de-sc-pl-0605-2025\/\" \/>\n<meta property=\"og:site_name\" content=\"Legislapp\" \/>\n<meta property=\"article:publisher\" content=\"https:\/\/www.instagram.com\/legislapp\/\" \/>\n<meta property=\"og:image\" content=\"https:\/\/www.legislapp.com.br\/wp-content\/uploads\/google-play.png\" \/>\n<meta name=\"twitter:card\" content=\"summary_large_image\" \/>\n<meta name=\"twitter:label1\" content=\"Est. tempo de leitura\" \/>\n\t<meta name=\"twitter:data1\" content=\"9 minutos\" \/>\n<script type=\"application\/ld+json\" class=\"yoast-schema-graph\">{\"@context\":\"https:\/\/schema.org\",\"@graph\":[{\"@type\":\"WebPage\",\"@id\":\"https:\/\/www.legislapp.com.br\/index.php\/cam-legislativa-de-sc-pl-0605-2025\/\",\"url\":\"https:\/\/www.legislapp.com.br\/index.php\/cam-legislativa-de-sc-pl-0605-2025\/\",\"name\":\"PL.\/0605\/2025 - Napole\u00e3o Bernardes - Legislapp\",\"isPartOf\":{\"@id\":\"https:\/\/www.legislapp.com.br\/#website\"},\"primaryImageOfPage\":{\"@id\":\"https:\/\/www.legislapp.com.br\/index.php\/cam-legislativa-de-sc-pl-0605-2025\/#primaryimage\"},\"image\":{\"@id\":\"https:\/\/www.legislapp.com.br\/index.php\/cam-legislativa-de-sc-pl-0605-2025\/#primaryimage\"},\"thumbnailUrl\":\"https:\/\/www.legislapp.com.br\/wp-content\/uploads\/google-play.png\",\"datePublished\":\"2025-10-08T14:35:14+00:00\",\"breadcrumb\":{\"@id\":\"https:\/\/www.legislapp.com.br\/index.php\/cam-legislativa-de-sc-pl-0605-2025\/#breadcrumb\"},\"inLanguage\":\"pt-BR\",\"potentialAction\":[{\"@type\":\"ReadAction\",\"target\":[\"https:\/\/www.legislapp.com.br\/index.php\/cam-legislativa-de-sc-pl-0605-2025\/\"]}]},{\"@type\":\"ImageObject\",\"inLanguage\":\"pt-BR\",\"@id\":\"https:\/\/www.legislapp.com.br\/index.php\/cam-legislativa-de-sc-pl-0605-2025\/#primaryimage\",\"url\":\"https:\/\/www.legislapp.com.br\/wp-content\/uploads\/google-play.png\",\"contentUrl\":\"https:\/\/www.legislapp.com.br\/wp-content\/uploads\/google-play.png\",\"width\":564,\"height\":168},{\"@type\":\"BreadcrumbList\",\"@id\":\"https:\/\/www.legislapp.com.br\/index.php\/cam-legislativa-de-sc-pl-0605-2025\/#breadcrumb\",\"itemListElement\":[{\"@type\":\"ListItem\",\"position\":1,\"name\":\"In\u00edcio\",\"item\":\"https:\/\/www.legislapp.com.br\/\"},{\"@type\":\"ListItem\",\"position\":2,\"name\":\"PL.\/0605\/2025 &#8211; Napole\u00e3o Bernardes\"}]},{\"@type\":\"WebSite\",\"@id\":\"https:\/\/www.legislapp.com.br\/#website\",\"url\":\"https:\/\/www.legislapp.com.br\/\",\"name\":\"Legislapp\",\"description\":\"Intelig\u00eancia governamental em tempo real\",\"publisher\":{\"@id\":\"https:\/\/www.legislapp.com.br\/#organization\"},\"potentialAction\":[{\"@type\":\"SearchAction\",\"target\":{\"@type\":\"EntryPoint\",\"urlTemplate\":\"https:\/\/www.legislapp.com.br\/?s={search_term_string}\"},\"query-input\":{\"@type\":\"PropertyValueSpecification\",\"valueRequired\":true,\"valueName\":\"search_term_string\"}}],\"inLanguage\":\"pt-BR\"},{\"@type\":\"Organization\",\"@id\":\"https:\/\/www.legislapp.com.br\/#organization\",\"name\":\"Legislapp Monitoramento e Intelig\u00eancia Governamental\",\"url\":\"https:\/\/www.legislapp.com.br\/\",\"logo\":{\"@type\":\"ImageObject\",\"inLanguage\":\"pt-BR\",\"@id\":\"https:\/\/www.legislapp.com.br\/#\/schema\/logo\/image\/\",\"url\":\"https:\/\/www.legislapp.com.br\/wp-content\/uploads\/icon.png\",\"contentUrl\":\"https:\/\/www.legislapp.com.br\/wp-content\/uploads\/icon.png\",\"width\":1024,\"height\":1024,\"caption\":\"Legislapp Monitoramento e Intelig\u00eancia Governamental\"},\"image\":{\"@id\":\"https:\/\/www.legislapp.com.br\/#\/schema\/logo\/image\/\"},\"sameAs\":[\"https:\/\/www.instagram.com\/legislapp\/\"]}]}<\/script>\n<!-- \/ Yoast SEO plugin. -->","yoast_head_json":{"title":"PL.\/0605\/2025 - Napole\u00e3o Bernardes - Legislapp","robots":{"index":"index","follow":"follow","max-snippet":"max-snippet:-1","max-image-preview":"max-image-preview:large","max-video-preview":"max-video-preview:-1"},"canonical":"https:\/\/www.legislapp.com.br\/index.php\/cam-legislativa-de-sc-pl-0605-2025\/","og_locale":"pt_BR","og_type":"article","og_title":"PL.\/0605\/2025 - Napole\u00e3o Bernardes - Legislapp","og_description":"C\u00e2m. Legislativa de SC &#8211; Autoria de Napole\u00e3o Bernardes Altera a Lei n. 10.501, de 1997, para desburocratizar a instala\u00e7\u00e3o das ag\u00eancias de relacionamento banc\u00e1rio, no \u00e2mbito de Santa Catarina. ASSEMBLEIA LEGISLATIVA GABINETE DEPUTADO ESTADO DE SANTA CATARINA NAPOLE\u00c3O BERNARDES PROJETO DE LEI Altera a Lei n. 10.501, de 1997, para desburocratizar a instala\u00e7\u00e3o das [&hellip;]","og_url":"https:\/\/www.legislapp.com.br\/index.php\/cam-legislativa-de-sc-pl-0605-2025\/","og_site_name":"Legislapp","article_publisher":"https:\/\/www.instagram.com\/legislapp\/","og_image":[{"url":"https:\/\/www.legislapp.com.br\/wp-content\/uploads\/google-play.png","type":"","width":"","height":""}],"twitter_card":"summary_large_image","twitter_misc":{"Est. tempo de leitura":"9 minutos"},"schema":{"@context":"https:\/\/schema.org","@graph":[{"@type":"WebPage","@id":"https:\/\/www.legislapp.com.br\/index.php\/cam-legislativa-de-sc-pl-0605-2025\/","url":"https:\/\/www.legislapp.com.br\/index.php\/cam-legislativa-de-sc-pl-0605-2025\/","name":"PL.\/0605\/2025 - Napole\u00e3o Bernardes - Legislapp","isPartOf":{"@id":"https:\/\/www.legislapp.com.br\/#website"},"primaryImageOfPage":{"@id":"https:\/\/www.legislapp.com.br\/index.php\/cam-legislativa-de-sc-pl-0605-2025\/#primaryimage"},"image":{"@id":"https:\/\/www.legislapp.com.br\/index.php\/cam-legislativa-de-sc-pl-0605-2025\/#primaryimage"},"thumbnailUrl":"https:\/\/www.legislapp.com.br\/wp-content\/uploads\/google-play.png","datePublished":"2025-10-08T14:35:14+00:00","breadcrumb":{"@id":"https:\/\/www.legislapp.com.br\/index.php\/cam-legislativa-de-sc-pl-0605-2025\/#breadcrumb"},"inLanguage":"pt-BR","potentialAction":[{"@type":"ReadAction","target":["https:\/\/www.legislapp.com.br\/index.php\/cam-legislativa-de-sc-pl-0605-2025\/"]}]},{"@type":"ImageObject","inLanguage":"pt-BR","@id":"https:\/\/www.legislapp.com.br\/index.php\/cam-legislativa-de-sc-pl-0605-2025\/#primaryimage","url":"https:\/\/www.legislapp.com.br\/wp-content\/uploads\/google-play.png","contentUrl":"https:\/\/www.legislapp.com.br\/wp-content\/uploads\/google-play.png","width":564,"height":168},{"@type":"BreadcrumbList","@id":"https:\/\/www.legislapp.com.br\/index.php\/cam-legislativa-de-sc-pl-0605-2025\/#breadcrumb","itemListElement":[{"@type":"ListItem","position":1,"name":"In\u00edcio","item":"https:\/\/www.legislapp.com.br\/"},{"@type":"ListItem","position":2,"name":"PL.\/0605\/2025 &#8211; Napole\u00e3o Bernardes"}]},{"@type":"WebSite","@id":"https:\/\/www.legislapp.com.br\/#website","url":"https:\/\/www.legislapp.com.br\/","name":"Legislapp","description":"Intelig\u00eancia governamental em tempo real","publisher":{"@id":"https:\/\/www.legislapp.com.br\/#organization"},"potentialAction":[{"@type":"SearchAction","target":{"@type":"EntryPoint","urlTemplate":"https:\/\/www.legislapp.com.br\/?s={search_term_string}"},"query-input":{"@type":"PropertyValueSpecification","valueRequired":true,"valueName":"search_term_string"}}],"inLanguage":"pt-BR"},{"@type":"Organization","@id":"https:\/\/www.legislapp.com.br\/#organization","name":"Legislapp Monitoramento e Intelig\u00eancia Governamental","url":"https:\/\/www.legislapp.com.br\/","logo":{"@type":"ImageObject","inLanguage":"pt-BR","@id":"https:\/\/www.legislapp.com.br\/#\/schema\/logo\/image\/","url":"https:\/\/www.legislapp.com.br\/wp-content\/uploads\/icon.png","contentUrl":"https:\/\/www.legislapp.com.br\/wp-content\/uploads\/icon.png","width":1024,"height":1024,"caption":"Legislapp Monitoramento e Intelig\u00eancia Governamental"},"image":{"@id":"https:\/\/www.legislapp.com.br\/#\/schema\/logo\/image\/"},"sameAs":["https:\/\/www.instagram.com\/legislapp\/"]}]}},"_links":{"self":[{"href":"https:\/\/www.legislapp.com.br\/index.php\/wp-json\/wp\/v2\/pages\/8460","targetHints":{"allow":["GET"]}}],"collection":[{"href":"https:\/\/www.legislapp.com.br\/index.php\/wp-json\/wp\/v2\/pages"}],"about":[{"href":"https:\/\/www.legislapp.com.br\/index.php\/wp-json\/wp\/v2\/types\/page"}],"author":[{"embeddable":true,"href":"https:\/\/www.legislapp.com.br\/index.php\/wp-json\/wp\/v2\/users\/1"}],"replies":[{"embeddable":true,"href":"https:\/\/www.legislapp.com.br\/index.php\/wp-json\/wp\/v2\/comments?post=8460"}],"version-history":[{"count":0,"href":"https:\/\/www.legislapp.com.br\/index.php\/wp-json\/wp\/v2\/pages\/8460\/revisions"}],"wp:attachment":[{"href":"https:\/\/www.legislapp.com.br\/index.php\/wp-json\/wp\/v2\/media?parent=8460"}],"curies":[{"name":"wp","href":"https:\/\/api.w.org\/{rel}","templated":true}]}}