{"id":8461,"date":"2025-10-08T11:35:17","date_gmt":"2025-10-08T14:35:17","guid":{"rendered":"https:\/\/www.legislapp.com.br\/index.php\/cam-legislativa-de-sc-pl-0604-2025\/"},"modified":"2025-10-08T11:35:17","modified_gmt":"2025-10-08T14:35:17","slug":"cam-legislativa-de-sc-pl-0604-2025","status":"publish","type":"page","link":"https:\/\/www.legislapp.com.br\/index.php\/cam-legislativa-de-sc-pl-0604-2025\/","title":{"rendered":"PL.\/0604\/2025 &#8211; Marcos da Rosa"},"content":{"rendered":"<h1 style='text-align: center;'>C\u00e2m. Legislativa de SC &#8211; Autoria de Marcos da Rosa<\/h3>\n<p><\/p>\n<article style='text-align: center'>Institui, no \u00e2mbito da educa\u00e7\u00e3o b\u00e1sica do Estado de Santa Catarina, a\u00e7\u00f5es educativas voltadas \u00e0 seguran\u00e7a no trabalho, com o objetivo de formar cidad\u00e3os conscientes dos riscos laborais e multiplicadores de pr\u00e1ticas preventivas de acidentes.<\/article>\n<p><\/p>\n<p style='text-align: center'><a href='https:\/\/app.legislapp.com.br\/#\/busca?termo='><\/a><\/p>\n<p><\/p>\n<article>ASSEMBLEIA LEGISLATIVA GABINETE DEPUTADO<br \/>\nESTADO DE SANTA CATARINA MARCOS DA ROSA<\/p>\n<p>PROJETO DE LEI<\/p>\n<p>Institui, no \u00e2mbito da educa\u00e7\u00e3o b\u00e1sica do Estado de Santa<br \/>\nCatarina, a\u00e7\u00f5es educativas voltadas \u00e0 seguran\u00e7a no trabalho,<br \/>\ncom o objetivo de formar cidad\u00e3os conscientes dos riscos<br \/>\nlaborais e multiplicadores de pr\u00e1ticas preventivas de<br \/>\nacidentes.<\/p>\n<p>Art. 1\u00ba Ficam inclu\u00eddos, no curr\u00edculo oficial da educa\u00e7\u00e3o<br \/>\nb\u00e1sica p\u00fablica e privada do Estado de Santa Catarina, conte\u00fados transversais de<br \/>\neduca\u00e7\u00e3o para seguran\u00e7a no trabalho, a serem abordados a partir do 6\u00ba ano do Ensino<br \/>\nFundamental at\u00e9 o Ensino M\u00e9dio.<\/p>\n<p>Art. 2\u00ba O conte\u00fado pedag\u00f3gico referido no artigo anterior<br \/>\ndever\u00e1 contemplar, no m\u00ednimo, os seguintes t\u00f3picos:<\/p>\n<p>I \u2013 Conceitos fundamentais de seguran\u00e7a e sa\u00fade no<br \/>\ntrabalho;<\/p>\n<p>II \u2013 Principais riscos ocupacionais e acidentes laborais<br \/>\nregistrados nos setores mais afetados em Santa Catarina;<\/p>\n<p>III \u2013 Uso correto e import\u00e2ncia dos Equipamentos de<br \/>\nProte\u00e7\u00e3o Individual (EPIs);<\/p>\n<p>IV \u2013 No\u00e7\u00f5es b\u00e1sicas de preven\u00e7\u00e3o, primeiros socorros e<br \/>\nformas de den\u00fancia de condi\u00e7\u00f5es inseguras;<\/p>\n<p>V \u2013 Valoriza\u00e7\u00e3o do trabalhador e respeito \u00e0s Normas<br \/>\nRegulamentadoras (NRs).<\/p>\n<p>Art. 3\u00ba O Estado estimular\u00e1 a participa\u00e7\u00e3o de profissionais da<br \/>\n\u00e1rea de Seguran\u00e7a do Trabalho, \u00f3rg\u00e3os de defesa dos trabalhadores (como Cerest,<br \/>\nsindicatos, MPT) e institui\u00e7\u00f5es afins, para a realiza\u00e7\u00e3o de palestras, oficinas e<br \/>\ncampanhas educativas no ambiente escolar.<\/p>\n<p>Art. 4\u00ba Fica autorizada a implementa\u00e7\u00e3o de mecanismos<br \/>\neducacionais voltados ao registro e \u00e0 notifica\u00e7\u00e3o de acidentes de trabalho (como a<br \/>\nemiss\u00e3o de CAT e uso de registros do eSocial), com a participa\u00e7\u00e3o dos estudantes,<br \/>\npromovendo uma cultura de seguran\u00e7a desde o ambiente escolar.<\/p>\n<p>Art. 5\u00ba Compete \u00e0 Secretaria de Estado da Educa\u00e7\u00e3o:<br \/>\nI \u2013 Elaborar materiais did\u00e1ticos espec\u00edficos sobre seguran\u00e7a<br \/>\nno trabalho, adaptados \u00e0 realidade escolar;<\/p>\n<p>II \u2013 Capacitar docentes para ministrar os conte\u00fados definidos<br \/>\nnesta Lei;<\/p>\n<p>III \u2013 Avaliar os resultados e divulgar relat\u00f3rios peri\u00f3dicos com<br \/>\nos indicadores educacionais e sociais relacionados \u00e0 pol\u00edtica de preven\u00e7\u00e3o de<br \/>\nacidentes.<\/p>\n<p>Art. 6\u00ba As despesas decorrentes da execu\u00e7\u00e3o desta Lei<br \/>\ncorrer\u00e3o por conta das dota\u00e7\u00f5es or\u00e7ament\u00e1rias pr\u00f3prias, podendo ser suplementadas,se necess\u00e1rio.<\/p>\n<p>Art. 7\u00ba Esta Lei entra em vigor na data de sua publica\u00e7\u00e3o.<\/p>\n<p>Sala da Sess\u00f5es,     <\/p>\n<p>Deputado Marcos da Rosa<br \/>\n JUSTIFICA\u00c7\u00c3O<\/p>\n<p>O cen\u00e1rio da seguran\u00e7a do trabalho em Santa Catarina ainda<br \/>\ninspira s\u00e9rias preocupa\u00e7\u00f5es. Conforme dados recentes: Em 2022, foram registrados<br \/>\ncerca de 46.800 acidentes laborais, com uma m\u00e9dia de um trabalhador acidentado a<br \/>\ncada 11 minutos e 649 aposentadorias por invalidez; Em 2023, o n\u00famero de acidentes<br \/>\nultrapassou 55 mil, com 267 mortes e mais de 5.200 processos envolvendo acidentes e<br \/>\ndoen\u00e7as ocupacionais; Em 2024, embora tenha havido leve queda, ainda foram<br \/>\ncontabilizados 37 mil acidentes e 186 mortes.<\/p>\n<p>Esses n\u00fameros demonstram a necessidade urgente de<br \/>\na\u00e7\u00f5es preventivas. Ao introduzir o tema da seguran\u00e7a do trabalho desde a educa\u00e7\u00e3o<br \/>\nb\u00e1sica, cria-se uma cultura de preven\u00e7\u00e3o precoce, capacitando jovens para que sejam<br \/>\nagentes multiplicadores em suas casas, comunidades e futuros ambientes de trabalho.<\/p>\n<p>BENEF\u00cdCIOS POTENCIAIS<br \/>\nBenef\u00edcio Descri\u00e7\u00e3o<br \/>\nForma\u00e7\u00e3o cidad\u00e3 Estudantes passam a<br \/>\ncompreender direitos e deveres<br \/>\nrelacionados \u00e0 seguran\u00e7a laboral.<br \/>\nPreven\u00e7\u00e3o cultural Cria\u00e7\u00e3o de uma cultura de<br \/>\npreven\u00e7\u00e3o desde a base escolar.<br \/>\nMultiplicadores de preven\u00e7\u00e3o Jovens compartilham pr\u00e1ticas<br \/>\nseguras com familiares e colegas<br \/>\nde trabalho.<br \/>\nIntegra\u00e7\u00e3o institucional Cerest, MPT e sindicatos<br \/>\nfortalecem a conex\u00e3o entre escola<br \/>\ne realidade laboral.<br \/>\nDados e monitoramento Escolas colaboram na constru\u00e7\u00e3o<br \/>\nde indicadores e notifica\u00e7\u00f5es de<br \/>\nriscos.<br \/>\nRedu\u00e7\u00e3o de custos p\u00fablicos A preven\u00e7\u00e3o reduz afastamentos,<br \/>\ndespesas m\u00e9dicas e judiciais.<\/p>\n<p>A inser\u00e7\u00e3o da educa\u00e7\u00e3o em seguran\u00e7a do trabalho no<br \/>\ncurr\u00edculo escolar catarinense \u00e9 uma medida estrat\u00e9gica, preventiva e transformadora. O<br \/>\nEstado de Santa Catarina, por meio do mandato do Deputado Estadual Marcos da<br \/>\nRosa, prop\u00f5e este Projeto de Lei como instrumento de cidadania, visando a forma\u00e7\u00e3o<br \/>\nde jovens conscientes, a redu\u00e7\u00e3o de acidentes laborais e o fortalecimento de<br \/>\nambientes de trabalho mais seguros e saud\u00e1veis no futuro.<\/p>\n<p>Certo de que a causa \u00e9 de interesse p\u00fablico, conto com a<br \/>\nsensibilidade dos Pares para a sua aprova\u00e7\u00e3o.<\/p>\n<p>Deputado Marcos Da Rosa ELEGIS<br \/>\nDocumento assinado eletronicamente por Marcos da Rosa, em<br \/>\nSistema de Processo<br \/>\n28\/08\/2025, \u00e0s 09:59.<br \/>\nLegislativo Eletr\u00f4nico<\/article>\n<div style=\"text-align: center\">\n<div style=\"margin-bottom: 20px;\" class=\"et_pb_button_module_wrapper et_pb_button_5_tb_body_wrapper et_pb_button_alignment_center et_pb_module \">\n         <a class=\"et_pb_button et_pb_button_5_tb_body et_hover_enabled et_pb_bg_layout_dark\" style=\"width: 50%;background-color: black;\" href=\"https:\/\/app.legislapp.com.br\" target=\"_blank\" rel=\"noopener\">Visualizar completo na nossa plataforma (30 dias gr\u00e1tis)<\/a><\/p><\/div>\n<p>      <a href=\"https:\/\/play.google.com\/store\/apps\/details?id=br.com.legislapp\"><img decoding=\"async\" style=\"width: 15%; min-width: 130px;\" src=\"https:\/\/www.legislapp.com.br\/wp-content\/uploads\/google-play.png\"><\/a><br \/>\n      <a href=\"https:\/\/apps.apple.com\/us\/app\/legislapp\/id1568929859\"><img decoding=\"async\" style=\"width: 15%; min-width: 130px\" src=\"https:\/\/www.legislapp.com.br\/wp-content\/uploads\/apple-store.png\"><\/a>\n   <\/div>\n","protected":false},"excerpt":{"rendered":"<p>C\u00e2m. Legislativa de SC &#8211; Autoria de Marcos da Rosa Institui, no \u00e2mbito da educa\u00e7\u00e3o b\u00e1sica do Estado de Santa Catarina, a\u00e7\u00f5es educativas voltadas \u00e0 seguran\u00e7a no trabalho, com o objetivo de formar cidad\u00e3os conscientes dos riscos laborais e multiplicadores de pr\u00e1ticas preventivas de acidentes. ASSEMBLEIA LEGISLATIVA GABINETE DEPUTADO ESTADO DE SANTA CATARINA MARCOS DA [&hellip;]<\/p>\n","protected":false},"author":1,"featured_media":0,"parent":0,"menu_order":0,"comment_status":"closed","ping_status":"closed","template":"page-template-blank.php","meta":{"_et_pb_use_builder":"","_et_pb_old_content":"","_et_gb_content_width":"1080","ngg_post_thumbnail":0,"footnotes":""},"class_list":["post-8461","page","type-page","status-publish","hentry"],"yoast_head":"<!-- This site is optimized with the Yoast SEO plugin v24.4 - https:\/\/yoast.com\/wordpress\/plugins\/seo\/ -->\n<title>PL.\/0604\/2025 - Marcos da Rosa - Legislapp<\/title>\n<meta name=\"robots\" content=\"index, follow, max-snippet:-1, max-image-preview:large, max-video-preview:-1\" \/>\n<link rel=\"canonical\" href=\"https:\/\/www.legislapp.com.br\/index.php\/cam-legislativa-de-sc-pl-0604-2025\/\" \/>\n<meta property=\"og:locale\" content=\"pt_BR\" \/>\n<meta property=\"og:type\" content=\"article\" \/>\n<meta property=\"og:title\" content=\"PL.\/0604\/2025 - Marcos da Rosa - Legislapp\" \/>\n<meta property=\"og:description\" content=\"C\u00e2m. Legislativa de SC &#8211; Autoria de Marcos da Rosa Institui, no \u00e2mbito da educa\u00e7\u00e3o b\u00e1sica do Estado de Santa Catarina, a\u00e7\u00f5es educativas voltadas \u00e0 seguran\u00e7a no trabalho, com o objetivo de formar cidad\u00e3os conscientes dos riscos laborais e multiplicadores de pr\u00e1ticas preventivas de acidentes. ASSEMBLEIA LEGISLATIVA GABINETE DEPUTADO ESTADO DE SANTA CATARINA MARCOS DA [&hellip;]\" \/>\n<meta property=\"og:url\" content=\"https:\/\/www.legislapp.com.br\/index.php\/cam-legislativa-de-sc-pl-0604-2025\/\" \/>\n<meta property=\"og:site_name\" content=\"Legislapp\" \/>\n<meta property=\"article:publisher\" content=\"https:\/\/www.instagram.com\/legislapp\/\" \/>\n<meta property=\"og:image\" content=\"https:\/\/www.legislapp.com.br\/wp-content\/uploads\/google-play.png\" \/>\n<meta name=\"twitter:card\" content=\"summary_large_image\" \/>\n<meta name=\"twitter:label1\" content=\"Est. tempo de leitura\" \/>\n\t<meta name=\"twitter:data1\" content=\"4 minutos\" \/>\n<script type=\"application\/ld+json\" class=\"yoast-schema-graph\">{\"@context\":\"https:\/\/schema.org\",\"@graph\":[{\"@type\":\"WebPage\",\"@id\":\"https:\/\/www.legislapp.com.br\/index.php\/cam-legislativa-de-sc-pl-0604-2025\/\",\"url\":\"https:\/\/www.legislapp.com.br\/index.php\/cam-legislativa-de-sc-pl-0604-2025\/\",\"name\":\"PL.\/0604\/2025 - Marcos da Rosa - Legislapp\",\"isPartOf\":{\"@id\":\"https:\/\/www.legislapp.com.br\/#website\"},\"primaryImageOfPage\":{\"@id\":\"https:\/\/www.legislapp.com.br\/index.php\/cam-legislativa-de-sc-pl-0604-2025\/#primaryimage\"},\"image\":{\"@id\":\"https:\/\/www.legislapp.com.br\/index.php\/cam-legislativa-de-sc-pl-0604-2025\/#primaryimage\"},\"thumbnailUrl\":\"https:\/\/www.legislapp.com.br\/wp-content\/uploads\/google-play.png\",\"datePublished\":\"2025-10-08T14:35:17+00:00\",\"breadcrumb\":{\"@id\":\"https:\/\/www.legislapp.com.br\/index.php\/cam-legislativa-de-sc-pl-0604-2025\/#breadcrumb\"},\"inLanguage\":\"pt-BR\",\"potentialAction\":[{\"@type\":\"ReadAction\",\"target\":[\"https:\/\/www.legislapp.com.br\/index.php\/cam-legislativa-de-sc-pl-0604-2025\/\"]}]},{\"@type\":\"ImageObject\",\"inLanguage\":\"pt-BR\",\"@id\":\"https:\/\/www.legislapp.com.br\/index.php\/cam-legislativa-de-sc-pl-0604-2025\/#primaryimage\",\"url\":\"https:\/\/www.legislapp.com.br\/wp-content\/uploads\/google-play.png\",\"contentUrl\":\"https:\/\/www.legislapp.com.br\/wp-content\/uploads\/google-play.png\",\"width\":564,\"height\":168},{\"@type\":\"BreadcrumbList\",\"@id\":\"https:\/\/www.legislapp.com.br\/index.php\/cam-legislativa-de-sc-pl-0604-2025\/#breadcrumb\",\"itemListElement\":[{\"@type\":\"ListItem\",\"position\":1,\"name\":\"In\u00edcio\",\"item\":\"https:\/\/www.legislapp.com.br\/\"},{\"@type\":\"ListItem\",\"position\":2,\"name\":\"PL.\/0604\/2025 &#8211; Marcos da Rosa\"}]},{\"@type\":\"WebSite\",\"@id\":\"https:\/\/www.legislapp.com.br\/#website\",\"url\":\"https:\/\/www.legislapp.com.br\/\",\"name\":\"Legislapp\",\"description\":\"Intelig\u00eancia governamental em tempo real\",\"publisher\":{\"@id\":\"https:\/\/www.legislapp.com.br\/#organization\"},\"potentialAction\":[{\"@type\":\"SearchAction\",\"target\":{\"@type\":\"EntryPoint\",\"urlTemplate\":\"https:\/\/www.legislapp.com.br\/?s={search_term_string}\"},\"query-input\":{\"@type\":\"PropertyValueSpecification\",\"valueRequired\":true,\"valueName\":\"search_term_string\"}}],\"inLanguage\":\"pt-BR\"},{\"@type\":\"Organization\",\"@id\":\"https:\/\/www.legislapp.com.br\/#organization\",\"name\":\"Legislapp Monitoramento e Intelig\u00eancia Governamental\",\"url\":\"https:\/\/www.legislapp.com.br\/\",\"logo\":{\"@type\":\"ImageObject\",\"inLanguage\":\"pt-BR\",\"@id\":\"https:\/\/www.legislapp.com.br\/#\/schema\/logo\/image\/\",\"url\":\"https:\/\/www.legislapp.com.br\/wp-content\/uploads\/icon.png\",\"contentUrl\":\"https:\/\/www.legislapp.com.br\/wp-content\/uploads\/icon.png\",\"width\":1024,\"height\":1024,\"caption\":\"Legislapp Monitoramento e Intelig\u00eancia Governamental\"},\"image\":{\"@id\":\"https:\/\/www.legislapp.com.br\/#\/schema\/logo\/image\/\"},\"sameAs\":[\"https:\/\/www.instagram.com\/legislapp\/\"]}]}<\/script>\n<!-- \/ Yoast SEO plugin. -->","yoast_head_json":{"title":"PL.\/0604\/2025 - Marcos da Rosa - Legislapp","robots":{"index":"index","follow":"follow","max-snippet":"max-snippet:-1","max-image-preview":"max-image-preview:large","max-video-preview":"max-video-preview:-1"},"canonical":"https:\/\/www.legislapp.com.br\/index.php\/cam-legislativa-de-sc-pl-0604-2025\/","og_locale":"pt_BR","og_type":"article","og_title":"PL.\/0604\/2025 - Marcos da Rosa - Legislapp","og_description":"C\u00e2m. Legislativa de SC &#8211; Autoria de Marcos da Rosa Institui, no \u00e2mbito da educa\u00e7\u00e3o b\u00e1sica do Estado de Santa Catarina, a\u00e7\u00f5es educativas voltadas \u00e0 seguran\u00e7a no trabalho, com o objetivo de formar cidad\u00e3os conscientes dos riscos laborais e multiplicadores de pr\u00e1ticas preventivas de acidentes. ASSEMBLEIA LEGISLATIVA GABINETE DEPUTADO ESTADO DE SANTA CATARINA MARCOS DA [&hellip;]","og_url":"https:\/\/www.legislapp.com.br\/index.php\/cam-legislativa-de-sc-pl-0604-2025\/","og_site_name":"Legislapp","article_publisher":"https:\/\/www.instagram.com\/legislapp\/","og_image":[{"url":"https:\/\/www.legislapp.com.br\/wp-content\/uploads\/google-play.png","type":"","width":"","height":""}],"twitter_card":"summary_large_image","twitter_misc":{"Est. tempo de leitura":"4 minutos"},"schema":{"@context":"https:\/\/schema.org","@graph":[{"@type":"WebPage","@id":"https:\/\/www.legislapp.com.br\/index.php\/cam-legislativa-de-sc-pl-0604-2025\/","url":"https:\/\/www.legislapp.com.br\/index.php\/cam-legislativa-de-sc-pl-0604-2025\/","name":"PL.\/0604\/2025 - Marcos da Rosa - Legislapp","isPartOf":{"@id":"https:\/\/www.legislapp.com.br\/#website"},"primaryImageOfPage":{"@id":"https:\/\/www.legislapp.com.br\/index.php\/cam-legislativa-de-sc-pl-0604-2025\/#primaryimage"},"image":{"@id":"https:\/\/www.legislapp.com.br\/index.php\/cam-legislativa-de-sc-pl-0604-2025\/#primaryimage"},"thumbnailUrl":"https:\/\/www.legislapp.com.br\/wp-content\/uploads\/google-play.png","datePublished":"2025-10-08T14:35:17+00:00","breadcrumb":{"@id":"https:\/\/www.legislapp.com.br\/index.php\/cam-legislativa-de-sc-pl-0604-2025\/#breadcrumb"},"inLanguage":"pt-BR","potentialAction":[{"@type":"ReadAction","target":["https:\/\/www.legislapp.com.br\/index.php\/cam-legislativa-de-sc-pl-0604-2025\/"]}]},{"@type":"ImageObject","inLanguage":"pt-BR","@id":"https:\/\/www.legislapp.com.br\/index.php\/cam-legislativa-de-sc-pl-0604-2025\/#primaryimage","url":"https:\/\/www.legislapp.com.br\/wp-content\/uploads\/google-play.png","contentUrl":"https:\/\/www.legislapp.com.br\/wp-content\/uploads\/google-play.png","width":564,"height":168},{"@type":"BreadcrumbList","@id":"https:\/\/www.legislapp.com.br\/index.php\/cam-legislativa-de-sc-pl-0604-2025\/#breadcrumb","itemListElement":[{"@type":"ListItem","position":1,"name":"In\u00edcio","item":"https:\/\/www.legislapp.com.br\/"},{"@type":"ListItem","position":2,"name":"PL.\/0604\/2025 &#8211; Marcos da Rosa"}]},{"@type":"WebSite","@id":"https:\/\/www.legislapp.com.br\/#website","url":"https:\/\/www.legislapp.com.br\/","name":"Legislapp","description":"Intelig\u00eancia governamental em tempo real","publisher":{"@id":"https:\/\/www.legislapp.com.br\/#organization"},"potentialAction":[{"@type":"SearchAction","target":{"@type":"EntryPoint","urlTemplate":"https:\/\/www.legislapp.com.br\/?s={search_term_string}"},"query-input":{"@type":"PropertyValueSpecification","valueRequired":true,"valueName":"search_term_string"}}],"inLanguage":"pt-BR"},{"@type":"Organization","@id":"https:\/\/www.legislapp.com.br\/#organization","name":"Legislapp Monitoramento e Intelig\u00eancia Governamental","url":"https:\/\/www.legislapp.com.br\/","logo":{"@type":"ImageObject","inLanguage":"pt-BR","@id":"https:\/\/www.legislapp.com.br\/#\/schema\/logo\/image\/","url":"https:\/\/www.legislapp.com.br\/wp-content\/uploads\/icon.png","contentUrl":"https:\/\/www.legislapp.com.br\/wp-content\/uploads\/icon.png","width":1024,"height":1024,"caption":"Legislapp Monitoramento e Intelig\u00eancia Governamental"},"image":{"@id":"https:\/\/www.legislapp.com.br\/#\/schema\/logo\/image\/"},"sameAs":["https:\/\/www.instagram.com\/legislapp\/"]}]}},"_links":{"self":[{"href":"https:\/\/www.legislapp.com.br\/index.php\/wp-json\/wp\/v2\/pages\/8461","targetHints":{"allow":["GET"]}}],"collection":[{"href":"https:\/\/www.legislapp.com.br\/index.php\/wp-json\/wp\/v2\/pages"}],"about":[{"href":"https:\/\/www.legislapp.com.br\/index.php\/wp-json\/wp\/v2\/types\/page"}],"author":[{"embeddable":true,"href":"https:\/\/www.legislapp.com.br\/index.php\/wp-json\/wp\/v2\/users\/1"}],"replies":[{"embeddable":true,"href":"https:\/\/www.legislapp.com.br\/index.php\/wp-json\/wp\/v2\/comments?post=8461"}],"version-history":[{"count":0,"href":"https:\/\/www.legislapp.com.br\/index.php\/wp-json\/wp\/v2\/pages\/8461\/revisions"}],"wp:attachment":[{"href":"https:\/\/www.legislapp.com.br\/index.php\/wp-json\/wp\/v2\/media?parent=8461"}],"curies":[{"name":"wp","href":"https:\/\/api.w.org\/{rel}","templated":true}]}}