{"id":8508,"date":"2025-10-08T11:37:59","date_gmt":"2025-10-08T14:37:59","guid":{"rendered":"https:\/\/www.legislapp.com.br\/index.php\/cam-legislativa-de-sc-pl-0581-2025-2\/"},"modified":"2025-10-08T11:37:59","modified_gmt":"2025-10-08T14:37:59","slug":"cam-legislativa-de-sc-pl-0581-2025-2","status":"publish","type":"page","link":"https:\/\/www.legislapp.com.br\/index.php\/cam-legislativa-de-sc-pl-0581-2025-2\/","title":{"rendered":"PL.\/0581\/2025 &#8211; Paulinha"},"content":{"rendered":"<h1 style='text-align: center;'>C\u00e2m. Legislativa de SC &#8211; Autoria de Paulinha<\/h3>\n<p><\/p>\n<article style='text-align: center'>Disp\u00f5e sobre a emiss\u00e3o unificada da credencial de estacionamento para pessoa com defici\u00eancia no Estado de Santa Catarina e d\u00e1 outras provid\u00eancias.<\/article>\n<p><\/p>\n<p style='text-align: center'><a href='https:\/\/app.legislapp.com.br\/#\/busca?termo='><\/a><\/p>\n<p><\/p>\n<article>ASSEMBLEIA LEGISLATIVA GABINETE DEPUTADA<br \/>\nESTADO DE SANTA CATARINA PAULINHA<\/p>\n<p>PROJETO DE LEI<\/p>\n<p>Disp\u00f5e sobre a emiss\u00e3o unificada da credencial de<br \/>\nestacionamento para pessoa com defici\u00eancia no Estado de<br \/>\nSanta Catarina e d\u00e1 outras provid\u00eancias.<\/p>\n<p>Art. 1\u00ba  Fica institu\u00edda, no \u00e2mbito do Estado de Santa<br \/>\nCatarina, a emiss\u00e3o unificada da credencial de estacionamento para pessoas<br \/>\ncom defici\u00eancia (PCD), v\u00e1lida em todo o territ\u00f3rio estadual, em conformidade com<br \/>\nas normas gerais do C\u00f3digo de Tr\u00e2nsito Brasileiro e regulamenta\u00e7\u00f5es do<br \/>\nConselho Nacional de Tr\u00e2nsito (CONTRAN).<\/p>\n<p>Art. 2\u00ba  A credencial ser\u00e1 emitida pela Funda\u00e7\u00e3o Catarinense<br \/>\nde Educa\u00e7\u00e3o Especial (FCEE), competindo-lhe:   <\/p>\n<p>I \u2013 emitir credencial de estacionamento para PCD integrada<br \/>\n\u00e0s carteirinhas de identifica\u00e7\u00e3o j\u00e1 emitidas pela Funda\u00e7\u00e3o;   <\/p>\n<p>II \u2013 emitir credencial exclusiva para estacionamento,<br \/>\nindependentemente da solicita\u00e7\u00e3o de outros documentos;<\/p>\n<p>III \u2013 disponibilizar plataforma digital para solicita\u00e7\u00e3o, com<br \/>\nop\u00e7\u00e3o de impress\u00e3o domiciliar pelo pr\u00f3prio requerente;   <\/p>\n<p>                             IV \u2013 fornecer credencial f\u00edsica, mediante solicita\u00e7\u00e3o do interessado,<br \/>\npodendo ser entregue na Associa\u00e7\u00e3o de Pais e Amigos dos Excepcionais (Apae) do<br \/>\nmunic\u00edpio do requerente, conforme ocorre com as carteirinhas.<\/p>\n<p>Art. 3\u00ba  Para fins de emiss\u00e3o da credencial de<br \/>\nestacionamento de que trata esta Lei, ser\u00e1 aceita a comprova\u00e7\u00e3o da defici\u00eancia<br \/>\npor meio de:   <\/p>\n<p>I \u2013 laudo m\u00e9dico atualizado, emitido por profissional<br \/>\nhabilitado, contendo o C\u00f3digo Internacional de Doen\u00e7as (CID); ou   <\/p>\n<p>II \u2013 documento oficial que ateste a condi\u00e7\u00e3o de PCD.<\/p>\n<p> \u00a7 1\u00ba \u00c9 dispensada a exig\u00eancia de cadastro pr\u00e9vio no Instituto<br \/>\nNacional do Seguro Social (INSS) para emiss\u00e3o da credencial.   <\/p>\n<p>\u00a7 2\u00ba Nos casos de defici\u00eancia permanente, a credencial<br \/>\nemitida ter\u00e1 validade indeterminada.<\/p>\n<p> \u00a7 3\u00ba Nos casos de defici\u00eancia tempor\u00e1ria ou pass\u00edvel de<br \/>\nrevers\u00e3o, devidamente comprovados por laudo m\u00e9dico, ser\u00e1 fixado prazo de validade,<br \/>\ncom possibilidade de renova\u00e7\u00e3o.<\/p>\n<p>Art. 4\u00ba  A credencial emitida na forma desta Lei ter\u00e1 validade<br \/>\nem todo o territ\u00f3rio do Estado de Santa Catarina e ser\u00e1 reconhecida pelas autoridades<br \/>\nde tr\u00e2nsito estaduais e municipais, possuindo equival\u00eancia e compatibilidade com a<br \/>\ncredencial prevista na regulamenta\u00e7\u00e3o federal vigente.<br \/>\n Art. 5\u00ba O Poder Executivo regulamentar\u00e1 esta Lei no prazo<br \/>\nde 90 (noventa) dias a contar da data de sua publica\u00e7\u00e3o.<\/p>\n<p>Art. 6\u00ba  Esta Lei entra em vigor na data de sua publica\u00e7\u00e3o.<\/p>\n<p>Sala da Sess\u00f5es,     <\/p>\n<p>Deputada PAULINHA<br \/>\n JUSTIFICA\u00c7\u00c3O<\/p>\n<p>A presente proposi\u00e7\u00e3o tem por finalidade simplificar e unificar o processo de emiss\u00e3o<br \/>\nda credencial de estacionamento para pessoas com defici\u00eancia (PCD) no Estado de<br \/>\nSanta Catarina, garantindo validade em todo o territ\u00f3rio estadual e compatibilidade com<br \/>\nas normas federais.<\/p>\n<p>Atualmente, cada munic\u00edpio adota procedimentos pr\u00f3prios para concess\u00e3o da<br \/>\ncredencial, e muitos n\u00e3o disp\u00f5em de legisla\u00e7\u00e3o ou estrutura padronizada, o que<br \/>\nacarreta transtornos a quem precisa se deslocar para outras cidades, seja para<br \/>\nconsultas m\u00e9dicas, trabalho ou demais atividades, resultando, muitas vezes, na<br \/>\nimpossibilidade de utiliza\u00e7\u00e3o das vagas preferenciais.<\/p>\n<p>Embora exista a op\u00e7\u00e3o de emiss\u00e3o via SENATRAN, esta depende de cadastro pr\u00e9vio<br \/>\nno INSS, requisito que exclui muitas pessoas com defici\u00eancia que, embora possuam<br \/>\nlaudo m\u00e9dico v\u00e1lido, n\u00e3o est\u00e3o inscritas no sistema previdenci\u00e1rio.<\/p>\n<p>A proposta prev\u00ea que a Funda\u00e7\u00e3o Catarinense de Educa\u00e7\u00e3o Especial (FCEE), j\u00e1<br \/>\nrespons\u00e1vel pela emiss\u00e3o da carteirinha de identifica\u00e7\u00e3o de PCD, possa tamb\u00e9m emitir<br \/>\na credencial de estacionamento, tanto de forma f\u00edsica quanto digital, com possibilidade<br \/>\nde impress\u00e3o domiciliar, assegurando agilidade, acessibilidade e desburocratiza\u00e7\u00e3o.<\/p>\n<p>Com essa medida, busca-se eliminar barreiras burocr\u00e1ticas, garantir direitos, promover<br \/>\ninclus\u00e3o e mobilidade, em conformidade com a Lei Brasileira de Inclus\u00e3o (Lei n\u00ba<br \/>\n13.146\/2015) e com as boas pr\u00e1ticas de gest\u00e3o p\u00fablica.<br \/>\nELEGIS<br \/>\nDocumento assinado eletronicamente por Ana Paula da Silva,<br \/>\nSistema de Processo<br \/>\nem 19\/08\/2025, \u00e0s 10:32.<br \/>\nLegislativo Eletr\u00f4nico<\/article>\n<div style=\"text-align: center\">\n<div style=\"margin-bottom: 20px;\" class=\"et_pb_button_module_wrapper et_pb_button_5_tb_body_wrapper et_pb_button_alignment_center et_pb_module \">\n         <a class=\"et_pb_button et_pb_button_5_tb_body et_hover_enabled et_pb_bg_layout_dark\" style=\"width: 50%;background-color: black;\" href=\"https:\/\/app.legislapp.com.br\" target=\"_blank\" rel=\"noopener\">Visualizar completo na nossa plataforma (30 dias gr\u00e1tis)<\/a><\/p><\/div>\n<p>      <a href=\"https:\/\/play.google.com\/store\/apps\/details?id=br.com.legislapp\"><img decoding=\"async\" style=\"width: 15%; min-width: 130px;\" src=\"https:\/\/www.legislapp.com.br\/wp-content\/uploads\/google-play.png\"><\/a><br \/>\n      <a href=\"https:\/\/apps.apple.com\/us\/app\/legislapp\/id1568929859\"><img decoding=\"async\" style=\"width: 15%; min-width: 130px\" src=\"https:\/\/www.legislapp.com.br\/wp-content\/uploads\/apple-store.png\"><\/a>\n   <\/div>\n","protected":false},"excerpt":{"rendered":"<p>C\u00e2m. Legislativa de SC &#8211; Autoria de Paulinha Disp\u00f5e sobre a emiss\u00e3o unificada da credencial de estacionamento para pessoa com defici\u00eancia no Estado de Santa Catarina e d\u00e1 outras provid\u00eancias. ASSEMBLEIA LEGISLATIVA GABINETE DEPUTADA ESTADO DE SANTA CATARINA PAULINHA PROJETO DE LEI Disp\u00f5e sobre a emiss\u00e3o unificada da credencial de estacionamento para pessoa com defici\u00eancia [&hellip;]<\/p>\n","protected":false},"author":1,"featured_media":0,"parent":0,"menu_order":0,"comment_status":"closed","ping_status":"closed","template":"page-template-blank.php","meta":{"_et_pb_use_builder":"","_et_pb_old_content":"","_et_gb_content_width":"1080","ngg_post_thumbnail":0,"footnotes":""},"class_list":["post-8508","page","type-page","status-publish","hentry"],"yoast_head":"<!-- This site is optimized with the Yoast SEO plugin v24.4 - https:\/\/yoast.com\/wordpress\/plugins\/seo\/ -->\n<title>PL.\/0581\/2025 - Paulinha - Legislapp<\/title>\n<meta name=\"robots\" content=\"index, follow, max-snippet:-1, max-image-preview:large, max-video-preview:-1\" \/>\n<link rel=\"canonical\" href=\"https:\/\/www.legislapp.com.br\/index.php\/cam-legislativa-de-sc-pl-0581-2025-2\/\" \/>\n<meta property=\"og:locale\" content=\"pt_BR\" \/>\n<meta property=\"og:type\" content=\"article\" \/>\n<meta property=\"og:title\" content=\"PL.\/0581\/2025 - Paulinha - Legislapp\" \/>\n<meta property=\"og:description\" content=\"C\u00e2m. Legislativa de SC &#8211; Autoria de Paulinha Disp\u00f5e sobre a emiss\u00e3o unificada da credencial de estacionamento para pessoa com defici\u00eancia no Estado de Santa Catarina e d\u00e1 outras provid\u00eancias. ASSEMBLEIA LEGISLATIVA GABINETE DEPUTADA ESTADO DE SANTA CATARINA PAULINHA PROJETO DE LEI Disp\u00f5e sobre a emiss\u00e3o unificada da credencial de estacionamento para pessoa com defici\u00eancia [&hellip;]\" \/>\n<meta property=\"og:url\" content=\"https:\/\/www.legislapp.com.br\/index.php\/cam-legislativa-de-sc-pl-0581-2025-2\/\" \/>\n<meta property=\"og:site_name\" content=\"Legislapp\" \/>\n<meta property=\"article:publisher\" content=\"https:\/\/www.instagram.com\/legislapp\/\" \/>\n<meta property=\"og:image\" content=\"https:\/\/www.legislapp.com.br\/wp-content\/uploads\/google-play.png\" \/>\n<meta name=\"twitter:card\" content=\"summary_large_image\" \/>\n<meta name=\"twitter:label1\" content=\"Est. tempo de leitura\" \/>\n\t<meta name=\"twitter:data1\" content=\"3 minutos\" \/>\n<script type=\"application\/ld+json\" class=\"yoast-schema-graph\">{\"@context\":\"https:\/\/schema.org\",\"@graph\":[{\"@type\":\"WebPage\",\"@id\":\"https:\/\/www.legislapp.com.br\/index.php\/cam-legislativa-de-sc-pl-0581-2025-2\/\",\"url\":\"https:\/\/www.legislapp.com.br\/index.php\/cam-legislativa-de-sc-pl-0581-2025-2\/\",\"name\":\"PL.\/0581\/2025 - Paulinha - Legislapp\",\"isPartOf\":{\"@id\":\"https:\/\/www.legislapp.com.br\/#website\"},\"primaryImageOfPage\":{\"@id\":\"https:\/\/www.legislapp.com.br\/index.php\/cam-legislativa-de-sc-pl-0581-2025-2\/#primaryimage\"},\"image\":{\"@id\":\"https:\/\/www.legislapp.com.br\/index.php\/cam-legislativa-de-sc-pl-0581-2025-2\/#primaryimage\"},\"thumbnailUrl\":\"https:\/\/www.legislapp.com.br\/wp-content\/uploads\/google-play.png\",\"datePublished\":\"2025-10-08T14:37:59+00:00\",\"breadcrumb\":{\"@id\":\"https:\/\/www.legislapp.com.br\/index.php\/cam-legislativa-de-sc-pl-0581-2025-2\/#breadcrumb\"},\"inLanguage\":\"pt-BR\",\"potentialAction\":[{\"@type\":\"ReadAction\",\"target\":[\"https:\/\/www.legislapp.com.br\/index.php\/cam-legislativa-de-sc-pl-0581-2025-2\/\"]}]},{\"@type\":\"ImageObject\",\"inLanguage\":\"pt-BR\",\"@id\":\"https:\/\/www.legislapp.com.br\/index.php\/cam-legislativa-de-sc-pl-0581-2025-2\/#primaryimage\",\"url\":\"https:\/\/www.legislapp.com.br\/wp-content\/uploads\/google-play.png\",\"contentUrl\":\"https:\/\/www.legislapp.com.br\/wp-content\/uploads\/google-play.png\",\"width\":564,\"height\":168},{\"@type\":\"BreadcrumbList\",\"@id\":\"https:\/\/www.legislapp.com.br\/index.php\/cam-legislativa-de-sc-pl-0581-2025-2\/#breadcrumb\",\"itemListElement\":[{\"@type\":\"ListItem\",\"position\":1,\"name\":\"In\u00edcio\",\"item\":\"https:\/\/www.legislapp.com.br\/\"},{\"@type\":\"ListItem\",\"position\":2,\"name\":\"PL.\/0581\/2025 &#8211; Paulinha\"}]},{\"@type\":\"WebSite\",\"@id\":\"https:\/\/www.legislapp.com.br\/#website\",\"url\":\"https:\/\/www.legislapp.com.br\/\",\"name\":\"Legislapp\",\"description\":\"Intelig\u00eancia governamental em tempo real\",\"publisher\":{\"@id\":\"https:\/\/www.legislapp.com.br\/#organization\"},\"potentialAction\":[{\"@type\":\"SearchAction\",\"target\":{\"@type\":\"EntryPoint\",\"urlTemplate\":\"https:\/\/www.legislapp.com.br\/?s={search_term_string}\"},\"query-input\":{\"@type\":\"PropertyValueSpecification\",\"valueRequired\":true,\"valueName\":\"search_term_string\"}}],\"inLanguage\":\"pt-BR\"},{\"@type\":\"Organization\",\"@id\":\"https:\/\/www.legislapp.com.br\/#organization\",\"name\":\"Legislapp Monitoramento e Intelig\u00eancia Governamental\",\"url\":\"https:\/\/www.legislapp.com.br\/\",\"logo\":{\"@type\":\"ImageObject\",\"inLanguage\":\"pt-BR\",\"@id\":\"https:\/\/www.legislapp.com.br\/#\/schema\/logo\/image\/\",\"url\":\"https:\/\/www.legislapp.com.br\/wp-content\/uploads\/icon.png\",\"contentUrl\":\"https:\/\/www.legislapp.com.br\/wp-content\/uploads\/icon.png\",\"width\":1024,\"height\":1024,\"caption\":\"Legislapp Monitoramento e Intelig\u00eancia Governamental\"},\"image\":{\"@id\":\"https:\/\/www.legislapp.com.br\/#\/schema\/logo\/image\/\"},\"sameAs\":[\"https:\/\/www.instagram.com\/legislapp\/\"]}]}<\/script>\n<!-- \/ Yoast SEO plugin. -->","yoast_head_json":{"title":"PL.\/0581\/2025 - Paulinha - Legislapp","robots":{"index":"index","follow":"follow","max-snippet":"max-snippet:-1","max-image-preview":"max-image-preview:large","max-video-preview":"max-video-preview:-1"},"canonical":"https:\/\/www.legislapp.com.br\/index.php\/cam-legislativa-de-sc-pl-0581-2025-2\/","og_locale":"pt_BR","og_type":"article","og_title":"PL.\/0581\/2025 - Paulinha - Legislapp","og_description":"C\u00e2m. Legislativa de SC &#8211; Autoria de Paulinha Disp\u00f5e sobre a emiss\u00e3o unificada da credencial de estacionamento para pessoa com defici\u00eancia no Estado de Santa Catarina e d\u00e1 outras provid\u00eancias. ASSEMBLEIA LEGISLATIVA GABINETE DEPUTADA ESTADO DE SANTA CATARINA PAULINHA PROJETO DE LEI Disp\u00f5e sobre a emiss\u00e3o unificada da credencial de estacionamento para pessoa com defici\u00eancia [&hellip;]","og_url":"https:\/\/www.legislapp.com.br\/index.php\/cam-legislativa-de-sc-pl-0581-2025-2\/","og_site_name":"Legislapp","article_publisher":"https:\/\/www.instagram.com\/legislapp\/","og_image":[{"url":"https:\/\/www.legislapp.com.br\/wp-content\/uploads\/google-play.png","type":"","width":"","height":""}],"twitter_card":"summary_large_image","twitter_misc":{"Est. tempo de leitura":"3 minutos"},"schema":{"@context":"https:\/\/schema.org","@graph":[{"@type":"WebPage","@id":"https:\/\/www.legislapp.com.br\/index.php\/cam-legislativa-de-sc-pl-0581-2025-2\/","url":"https:\/\/www.legislapp.com.br\/index.php\/cam-legislativa-de-sc-pl-0581-2025-2\/","name":"PL.\/0581\/2025 - Paulinha - Legislapp","isPartOf":{"@id":"https:\/\/www.legislapp.com.br\/#website"},"primaryImageOfPage":{"@id":"https:\/\/www.legislapp.com.br\/index.php\/cam-legislativa-de-sc-pl-0581-2025-2\/#primaryimage"},"image":{"@id":"https:\/\/www.legislapp.com.br\/index.php\/cam-legislativa-de-sc-pl-0581-2025-2\/#primaryimage"},"thumbnailUrl":"https:\/\/www.legislapp.com.br\/wp-content\/uploads\/google-play.png","datePublished":"2025-10-08T14:37:59+00:00","breadcrumb":{"@id":"https:\/\/www.legislapp.com.br\/index.php\/cam-legislativa-de-sc-pl-0581-2025-2\/#breadcrumb"},"inLanguage":"pt-BR","potentialAction":[{"@type":"ReadAction","target":["https:\/\/www.legislapp.com.br\/index.php\/cam-legislativa-de-sc-pl-0581-2025-2\/"]}]},{"@type":"ImageObject","inLanguage":"pt-BR","@id":"https:\/\/www.legislapp.com.br\/index.php\/cam-legislativa-de-sc-pl-0581-2025-2\/#primaryimage","url":"https:\/\/www.legislapp.com.br\/wp-content\/uploads\/google-play.png","contentUrl":"https:\/\/www.legislapp.com.br\/wp-content\/uploads\/google-play.png","width":564,"height":168},{"@type":"BreadcrumbList","@id":"https:\/\/www.legislapp.com.br\/index.php\/cam-legislativa-de-sc-pl-0581-2025-2\/#breadcrumb","itemListElement":[{"@type":"ListItem","position":1,"name":"In\u00edcio","item":"https:\/\/www.legislapp.com.br\/"},{"@type":"ListItem","position":2,"name":"PL.\/0581\/2025 &#8211; Paulinha"}]},{"@type":"WebSite","@id":"https:\/\/www.legislapp.com.br\/#website","url":"https:\/\/www.legislapp.com.br\/","name":"Legislapp","description":"Intelig\u00eancia governamental em tempo real","publisher":{"@id":"https:\/\/www.legislapp.com.br\/#organization"},"potentialAction":[{"@type":"SearchAction","target":{"@type":"EntryPoint","urlTemplate":"https:\/\/www.legislapp.com.br\/?s={search_term_string}"},"query-input":{"@type":"PropertyValueSpecification","valueRequired":true,"valueName":"search_term_string"}}],"inLanguage":"pt-BR"},{"@type":"Organization","@id":"https:\/\/www.legislapp.com.br\/#organization","name":"Legislapp Monitoramento e Intelig\u00eancia Governamental","url":"https:\/\/www.legislapp.com.br\/","logo":{"@type":"ImageObject","inLanguage":"pt-BR","@id":"https:\/\/www.legislapp.com.br\/#\/schema\/logo\/image\/","url":"https:\/\/www.legislapp.com.br\/wp-content\/uploads\/icon.png","contentUrl":"https:\/\/www.legislapp.com.br\/wp-content\/uploads\/icon.png","width":1024,"height":1024,"caption":"Legislapp Monitoramento e Intelig\u00eancia Governamental"},"image":{"@id":"https:\/\/www.legislapp.com.br\/#\/schema\/logo\/image\/"},"sameAs":["https:\/\/www.instagram.com\/legislapp\/"]}]}},"_links":{"self":[{"href":"https:\/\/www.legislapp.com.br\/index.php\/wp-json\/wp\/v2\/pages\/8508","targetHints":{"allow":["GET"]}}],"collection":[{"href":"https:\/\/www.legislapp.com.br\/index.php\/wp-json\/wp\/v2\/pages"}],"about":[{"href":"https:\/\/www.legislapp.com.br\/index.php\/wp-json\/wp\/v2\/types\/page"}],"author":[{"embeddable":true,"href":"https:\/\/www.legislapp.com.br\/index.php\/wp-json\/wp\/v2\/users\/1"}],"replies":[{"embeddable":true,"href":"https:\/\/www.legislapp.com.br\/index.php\/wp-json\/wp\/v2\/comments?post=8508"}],"version-history":[{"count":0,"href":"https:\/\/www.legislapp.com.br\/index.php\/wp-json\/wp\/v2\/pages\/8508\/revisions"}],"wp:attachment":[{"href":"https:\/\/www.legislapp.com.br\/index.php\/wp-json\/wp\/v2\/media?parent=8508"}],"curies":[{"name":"wp","href":"https:\/\/api.w.org\/{rel}","templated":true}]}}