{"id":8516,"date":"2025-10-08T11:38:27","date_gmt":"2025-10-08T14:38:27","guid":{"rendered":"https:\/\/www.legislapp.com.br\/index.php\/cam-legislativa-de-mg-pl-4170-2025-2\/"},"modified":"2025-10-08T11:38:27","modified_gmt":"2025-10-08T14:38:27","slug":"cam-legislativa-de-mg-pl-4170-2025-2","status":"publish","type":"page","link":"https:\/\/www.legislapp.com.br\/index.php\/cam-legislativa-de-mg-pl-4170-2025-2\/","title":{"rendered":"PL 4170\/2025 &#8211;"},"content":{"rendered":"<h1 style='text-align: center;'>C\u00e2m. Legislativa de MG &#8211; Autoria de <\/h3>\n<p><\/p>\n<article style='text-align: center'>Autoriza a abertura de cr\u00e9dito suplementar ao Or\u00e7amento Fiscal do Estado<br \/>\nem favor do Tribunal de Contas do Estado de Minas Gerais e do Minist\u00e9rio<br \/>\nP\u00fablico do Estado de Minas Gerais, nos termos que especifica.<\/article>\n<p><\/p>\n<p style='text-align: center'><a href='https:\/\/app.legislapp.com.br\/#\/busca?termo='><\/a><\/p>\n<p><\/p>\n<article>Autoriza a abertura de cr\u00e9dito suplementar ao Or\u00e7amento Fiscal do Estado em favor do Tribunal de Contas do Estado de Minas Gerais e do Minist\u00e9rio P\u00fablico do Estado de Minas Gerais, nos termos que especifica.<br \/>\nArt. 1\u00ba \u2013 Fica o Poder Executivo autorizado a abrir cr\u00e9dito suplementar ao Or\u00e7amento Fiscal do Estado em favor da unidade or\u00e7ament\u00e1ria Tribunal de Contas do Estado de Minas Gerais, at\u00e9 o valor de R$182.757.788,00 (cento e oitenta e dois milh\u00f5es setecentos e cinquenta e sete mil setecentos e oitenta e oito reais), para atender despesas de Pessoal e Encargos Sociais.<br \/>\nArt. 2\u00ba \u2013 Para atender ao disposto no art. 1\u00ba, ser\u00e3o utilizados recursos provenientes da:<br \/>\nI \u2013 da anula\u00e7\u00e3o de dota\u00e7\u00e3o or\u00e7ament\u00e1ria do grupo de Outras Despesas Correntes da fonte de Recursos Ordin\u00e1rios \u2013 Recursos n\u00e3o Vinculados de Impostos, at\u00e9 o valor de R$20.000.000,00 (vinte milh\u00f5es de reais);<br \/>\nII \u2013 da anula\u00e7\u00e3o de dota\u00e7\u00e3o or\u00e7ament\u00e1ria do grupo de Investimentos da fonte de Recursos Ordin\u00e1rios \u2013 Recursos n\u00e3o Vinculados de Impostos, at\u00e9 o valor de R$4.000.000,00 (quatro milh\u00f5es de reais);<br \/>\nIII \u2013 da anula\u00e7\u00e3o de dota\u00e7\u00e3o or\u00e7ament\u00e1ria do grupo de Investimentos da fonte de Recursos Diretamente Arrecadados, at\u00e9 o valor de R$10.779.514,00 (dez milh\u00f5es setecentos e setenta e nove mil quinhentos e quatorze reais);<br \/>\nIV \u2013 da anula\u00e7\u00e3o de dota\u00e7\u00e3o or\u00e7ament\u00e1ria do grupo de Outras Despesas Correntes da fonte de Recursos Diretamente Arrecadados, at\u00e9 o valor de R$10.000.000,00 (dez milh\u00f5es de reais);<br \/>\nV \u2013 do saldo financeiro da receita de Recursos Diretamente Arrecadados do Tribunal de Contas do Estado de Minas Gerais, at\u00e9 o valor de R$95.000.000,00 (noventa e cinco milh\u00f5es de reais);<br \/>\nVI \u2013 do excesso de arrecada\u00e7\u00e3o da receita de Contribui\u00e7\u00e3o Patronal para o RPPS at\u00e9 o valor de R$18.817.178,00 (dezoito milh\u00f5es oitocentos e dezessete mil cento e setenta e oito reais);<br \/>\nVII \u2013 do excesso de arrecada\u00e7\u00e3o da receita de Contribui\u00e7\u00f5es do Servidor para o RPPS, at\u00e9 o valor de R$24.161.096,00 (vinte e quatro milh\u00f5es cento e sessenta e um mil noventa e seis reais).<br \/>\nArt. 3\u00ba \u2013 Fica o Poder Executivo autorizado a abrir cr\u00e9dito suplementar ao Or\u00e7amento Fiscal do Estado, em favor da unidade or\u00e7ament\u00e1ria Procuradoria-Geral de Justi\u00e7a, at\u00e9 o valor de R$203.988.120,65 (duzentos e tr\u00eas milh\u00f5es novecentos e oitenta e oito mil cento e vinte reais e sessenta e cinco centavos), para atender a:<br \/>\nI \u2013 Pessoal e Encargos Sociais, at\u00e9 o valor de R$50.300.000,00 (cinquenta milh\u00f5es e trezentos mil reais);<br \/>\nII \u2013 Outras Despesas Correntes, at\u00e9 o valor de R$143.193.308,00 (cento e quarenta e tr\u00eas milh\u00f5es cento e noventa e tr\u00eas mil trezentos e oito reais);<br \/>\nIII \u2013 Investimentos, at\u00e9 o valor de R$5.494.812,65 (cinco milh\u00f5es quatrocentos e noventa e quatro mil oitocentos e doze reais e sessenta e cinco centavos);<br \/>\nIV \u2013 Invers\u00f5es Financeiras, at\u00e9 o valor de R$5.000.000,00 (cinco milh\u00f5es de reais).<br \/>\nArt. 4\u00ba \u2013 Para atender ao disposto no art. 3\u00ba, ser\u00e3o utilizados recursos provenientes da:<br \/>\nI \u2013 da anula\u00e7\u00e3o de dota\u00e7\u00e3o or\u00e7ament\u00e1ria do grupo de Pessoal e Encargos Sociais, da fonte de Recursos Ordin\u00e1rios \u2013 Recursos n\u00e3o Vinculados de Impostos, at\u00e9 o valor de R$20.300.000,00 (vinte milh\u00f5es e trezentos mil reais);<br \/>\nII \u2013 da anula\u00e7\u00e3o de dota\u00e7\u00e3o or\u00e7ament\u00e1ria do grupo de Outras Despesas Correntes, da fonte de Recursos Ordin\u00e1rios \u2013 Recursos n\u00e3o Vinculados de Impostos, at\u00e9 o valor de R$59.000.000,00 (cinquenta e nove milh\u00f5es de reais);<br \/>\nIII \u2013 da anula\u00e7\u00e3o de dota\u00e7\u00e3o or\u00e7ament\u00e1ria do grupo de Investimentos, da fonte de Recursos Ordin\u00e1rios \u2013 Recursos n\u00e3o Vinculados de Impostos, at\u00e9 o valor de R$5.039.024,94 (cinco milh\u00f5es trinta e nove mil vinte e quatro reais e noventa e quatro centavos);<br \/>\nIV \u2013 da anula\u00e7\u00e3o de dota\u00e7\u00e3o or\u00e7ament\u00e1ria do grupo de Invers\u00f5es Financeiras, da fonte de Recursos Ordin\u00e1rios \u2013 Recursos n\u00e3o Vinculados de Impostos, at\u00e9 o valor de R$4.936.873,80 (quatro milh\u00f5es novecentos e trinta e seis mil oitocentos e setenta e tr\u00eas reais e oitenta centavos);<br \/>\nV \u2013 do excesso de arrecada\u00e7\u00e3o da receita de Contribui\u00e7\u00e3o Patronal para o RPPS, at\u00e9 o valor de R$15.000.000,00 (quinze milh\u00f5es de reais);<br \/>\nVI \u2013 do excesso de arrecada\u00e7\u00e3o da receita de Contribui\u00e7\u00e3o do Servidor para o RPPS, at\u00e9 o valor de R$15.000.000,00 (quinze milh\u00f5es de reais);<br \/>\nVII \u2013 do saldo financeiro da receita de Recursos Diretamente Arrecadados da Procuradoria-Geral de Justi\u00e7a, at\u00e9 o valor de R$82.800.000,00 (oitenta e dois milh\u00f5es e oitocentos mil reais);<br \/>\nVIII \u2013 do excesso de arrecada\u00e7\u00e3o da receita de Conv\u00eanios com a Uni\u00e3o e suas Entidades \u2013 Exceto Emendas Individuais e de Bancada, at\u00e9 o valor de R$1.912.221,91 (um milh\u00e3o novecentos e doze mil duzentos e vinte e um reais e noventa e um centavos).<br \/>\nArt. 5\u00ba \u2013 Fica o Poder Executivo autorizado a abrir cr\u00e9dito suplementar ao Or\u00e7amento Fiscal do Estado, em favor da unidade or\u00e7ament\u00e1ria do Fundo Estadual de Prote\u00e7\u00e3o e Defesa do Consumidor, at\u00e9 o valor de R$100.000.000,00 (cem milh\u00f5es de reais), para atender a:<br \/>\nI \u2013 Outras Despesas Correntes, at\u00e9 o valor de R$60.000.000,00 (sessenta milh\u00f5es de reais);<br \/>\nII \u2013 Investimentos, at\u00e9 o valor de R$40.000.000,00 (quarenta milh\u00f5es de reais).<br \/>\nArt. 6\u00ba \u2013 Para atender ao disposto no art. 5\u00ba, ser\u00e3o utilizados recursos provenientes do saldo financeiro da receita de Recursos Diretamente Arrecadados do Fundo Estadual de Prote\u00e7\u00e3o e Defesa do Consumidor.<br \/>\nArt. 7\u00ba \u2013 Fica o Poder Executivo autorizado a abrir cr\u00e9dito suplementar ao Or\u00e7amento Fiscal do Estado, em favor do Fundo Especial do Minist\u00e9rio P\u00fablico do Estado de Minas Gerais, at\u00e9 o valor de R$100.000.000,00 (cem milh\u00f5es de reais), para atender a:<br \/>\nI \u2013 Outras Despesas Correntes, at\u00e9 o valor de R$55.000.000,00 (cinquenta e cinco milh\u00f5es de reais);<br \/>\nII \u2013 Investimentos, at\u00e9 o valor de R$45.000.000,00 (quarenta e cinco milh\u00f5es de reais).<br \/>\nArt. 8\u00ba \u2013 Para atender ao disposto no art. 7\u00ba, ser\u00e3o utilizados recursos provenientes do saldo financeiro da receita de Recursos Diretamente Arrecadados do Fundo Especial do Minist\u00e9rio P\u00fablico do Estado de Minas Gerais.<br \/>\nArt. 9\u00ba \u2013 A aplica\u00e7\u00e3o desta lei observar\u00e1 o disposto no art. 169 da Constitui\u00e7\u00e3o da Rep\u00fablica e as normas pertinentes da Lei Complementar Federal n\u00ba 101, de 4 de maio de 2000.<br \/>\nArt. 10 \u2013 Esta lei entra em vigor na data de sua publica\u00e7\u00e3o.<br \/>\n\u2013 Publicado, vai o projeto \u00e0 Comiss\u00e3o de Fiscaliza\u00e7\u00e3o Financeira para parecer, nos termos do art. 204 do Regimento Interno.<\/article>\n<div style=\"text-align: center\">\n<div style=\"margin-bottom: 20px;\" class=\"et_pb_button_module_wrapper et_pb_button_5_tb_body_wrapper et_pb_button_alignment_center et_pb_module \">\n         <a class=\"et_pb_button et_pb_button_5_tb_body et_hover_enabled et_pb_bg_layout_dark\" style=\"width: 50%;background-color: black;\" href=\"https:\/\/app.legislapp.com.br\" target=\"_blank\" rel=\"noopener\">Visualizar completo na nossa plataforma (30 dias gr\u00e1tis)<\/a><\/p><\/div>\n<p>      <a href=\"https:\/\/play.google.com\/store\/apps\/details?id=br.com.legislapp\"><img decoding=\"async\" style=\"width: 15%; min-width: 130px;\" src=\"https:\/\/www.legislapp.com.br\/wp-content\/uploads\/google-play.png\"><\/a><br \/>\n      <a href=\"https:\/\/apps.apple.com\/us\/app\/legislapp\/id1568929859\"><img decoding=\"async\" style=\"width: 15%; min-width: 130px\" src=\"https:\/\/www.legislapp.com.br\/wp-content\/uploads\/apple-store.png\"><\/a>\n   <\/div>\n","protected":false},"excerpt":{"rendered":"<p>C\u00e2m. Legislativa de MG &#8211; Autoria de Autoriza a abertura de cr\u00e9dito suplementar ao Or\u00e7amento Fiscal do Estado em favor do Tribunal de Contas do Estado de Minas Gerais e do Minist\u00e9rio P\u00fablico do Estado de Minas Gerais, nos termos que especifica. Autoriza a abertura de cr\u00e9dito suplementar ao Or\u00e7amento Fiscal do Estado em favor [&hellip;]<\/p>\n","protected":false},"author":1,"featured_media":0,"parent":0,"menu_order":0,"comment_status":"closed","ping_status":"closed","template":"page-template-blank.php","meta":{"_et_pb_use_builder":"","_et_pb_old_content":"","_et_gb_content_width":"1080","ngg_post_thumbnail":0,"footnotes":""},"class_list":["post-8516","page","type-page","status-publish","hentry"],"yoast_head":"<!-- This site is optimized with the Yoast SEO plugin v24.4 - https:\/\/yoast.com\/wordpress\/plugins\/seo\/ -->\n<title>PL 4170\/2025 - Legislapp<\/title>\n<meta name=\"robots\" content=\"index, follow, max-snippet:-1, max-image-preview:large, max-video-preview:-1\" \/>\n<link rel=\"canonical\" href=\"https:\/\/www.legislapp.com.br\/index.php\/cam-legislativa-de-mg-pl-4170-2025-2\/\" \/>\n<meta property=\"og:locale\" content=\"pt_BR\" \/>\n<meta property=\"og:type\" content=\"article\" \/>\n<meta property=\"og:title\" content=\"PL 4170\/2025 - Legislapp\" \/>\n<meta property=\"og:description\" content=\"C\u00e2m. Legislativa de MG &#8211; Autoria de Autoriza a abertura de cr\u00e9dito suplementar ao Or\u00e7amento Fiscal do Estado em favor do Tribunal de Contas do Estado de Minas Gerais e do Minist\u00e9rio P\u00fablico do Estado de Minas Gerais, nos termos que especifica. Autoriza a abertura de cr\u00e9dito suplementar ao Or\u00e7amento Fiscal do Estado em favor [&hellip;]\" \/>\n<meta property=\"og:url\" content=\"https:\/\/www.legislapp.com.br\/index.php\/cam-legislativa-de-mg-pl-4170-2025-2\/\" \/>\n<meta property=\"og:site_name\" content=\"Legislapp\" \/>\n<meta property=\"article:publisher\" content=\"https:\/\/www.instagram.com\/legislapp\/\" \/>\n<meta property=\"og:image\" content=\"https:\/\/www.legislapp.com.br\/wp-content\/uploads\/google-play.png\" \/>\n<meta name=\"twitter:card\" content=\"summary_large_image\" \/>\n<meta name=\"twitter:label1\" content=\"Est. tempo de leitura\" \/>\n\t<meta name=\"twitter:data1\" content=\"6 minutos\" \/>\n<script type=\"application\/ld+json\" class=\"yoast-schema-graph\">{\"@context\":\"https:\/\/schema.org\",\"@graph\":[{\"@type\":\"WebPage\",\"@id\":\"https:\/\/www.legislapp.com.br\/index.php\/cam-legislativa-de-mg-pl-4170-2025-2\/\",\"url\":\"https:\/\/www.legislapp.com.br\/index.php\/cam-legislativa-de-mg-pl-4170-2025-2\/\",\"name\":\"PL 4170\/2025 - Legislapp\",\"isPartOf\":{\"@id\":\"https:\/\/www.legislapp.com.br\/#website\"},\"primaryImageOfPage\":{\"@id\":\"https:\/\/www.legislapp.com.br\/index.php\/cam-legislativa-de-mg-pl-4170-2025-2\/#primaryimage\"},\"image\":{\"@id\":\"https:\/\/www.legislapp.com.br\/index.php\/cam-legislativa-de-mg-pl-4170-2025-2\/#primaryimage\"},\"thumbnailUrl\":\"https:\/\/www.legislapp.com.br\/wp-content\/uploads\/google-play.png\",\"datePublished\":\"2025-10-08T14:38:27+00:00\",\"breadcrumb\":{\"@id\":\"https:\/\/www.legislapp.com.br\/index.php\/cam-legislativa-de-mg-pl-4170-2025-2\/#breadcrumb\"},\"inLanguage\":\"pt-BR\",\"potentialAction\":[{\"@type\":\"ReadAction\",\"target\":[\"https:\/\/www.legislapp.com.br\/index.php\/cam-legislativa-de-mg-pl-4170-2025-2\/\"]}]},{\"@type\":\"ImageObject\",\"inLanguage\":\"pt-BR\",\"@id\":\"https:\/\/www.legislapp.com.br\/index.php\/cam-legislativa-de-mg-pl-4170-2025-2\/#primaryimage\",\"url\":\"https:\/\/www.legislapp.com.br\/wp-content\/uploads\/google-play.png\",\"contentUrl\":\"https:\/\/www.legislapp.com.br\/wp-content\/uploads\/google-play.png\",\"width\":564,\"height\":168},{\"@type\":\"BreadcrumbList\",\"@id\":\"https:\/\/www.legislapp.com.br\/index.php\/cam-legislativa-de-mg-pl-4170-2025-2\/#breadcrumb\",\"itemListElement\":[{\"@type\":\"ListItem\",\"position\":1,\"name\":\"In\u00edcio\",\"item\":\"https:\/\/www.legislapp.com.br\/\"},{\"@type\":\"ListItem\",\"position\":2,\"name\":\"PL 4170\/2025 &#8211;\"}]},{\"@type\":\"WebSite\",\"@id\":\"https:\/\/www.legislapp.com.br\/#website\",\"url\":\"https:\/\/www.legislapp.com.br\/\",\"name\":\"Legislapp\",\"description\":\"Intelig\u00eancia governamental em tempo real\",\"publisher\":{\"@id\":\"https:\/\/www.legislapp.com.br\/#organization\"},\"potentialAction\":[{\"@type\":\"SearchAction\",\"target\":{\"@type\":\"EntryPoint\",\"urlTemplate\":\"https:\/\/www.legislapp.com.br\/?s={search_term_string}\"},\"query-input\":{\"@type\":\"PropertyValueSpecification\",\"valueRequired\":true,\"valueName\":\"search_term_string\"}}],\"inLanguage\":\"pt-BR\"},{\"@type\":\"Organization\",\"@id\":\"https:\/\/www.legislapp.com.br\/#organization\",\"name\":\"Legislapp Monitoramento e Intelig\u00eancia Governamental\",\"url\":\"https:\/\/www.legislapp.com.br\/\",\"logo\":{\"@type\":\"ImageObject\",\"inLanguage\":\"pt-BR\",\"@id\":\"https:\/\/www.legislapp.com.br\/#\/schema\/logo\/image\/\",\"url\":\"https:\/\/www.legislapp.com.br\/wp-content\/uploads\/icon.png\",\"contentUrl\":\"https:\/\/www.legislapp.com.br\/wp-content\/uploads\/icon.png\",\"width\":1024,\"height\":1024,\"caption\":\"Legislapp Monitoramento e Intelig\u00eancia Governamental\"},\"image\":{\"@id\":\"https:\/\/www.legislapp.com.br\/#\/schema\/logo\/image\/\"},\"sameAs\":[\"https:\/\/www.instagram.com\/legislapp\/\"]}]}<\/script>\n<!-- \/ Yoast SEO plugin. -->","yoast_head_json":{"title":"PL 4170\/2025 - Legislapp","robots":{"index":"index","follow":"follow","max-snippet":"max-snippet:-1","max-image-preview":"max-image-preview:large","max-video-preview":"max-video-preview:-1"},"canonical":"https:\/\/www.legislapp.com.br\/index.php\/cam-legislativa-de-mg-pl-4170-2025-2\/","og_locale":"pt_BR","og_type":"article","og_title":"PL 4170\/2025 - Legislapp","og_description":"C\u00e2m. Legislativa de MG &#8211; Autoria de Autoriza a abertura de cr\u00e9dito suplementar ao Or\u00e7amento Fiscal do Estado em favor do Tribunal de Contas do Estado de Minas Gerais e do Minist\u00e9rio P\u00fablico do Estado de Minas Gerais, nos termos que especifica. Autoriza a abertura de cr\u00e9dito suplementar ao Or\u00e7amento Fiscal do Estado em favor [&hellip;]","og_url":"https:\/\/www.legislapp.com.br\/index.php\/cam-legislativa-de-mg-pl-4170-2025-2\/","og_site_name":"Legislapp","article_publisher":"https:\/\/www.instagram.com\/legislapp\/","og_image":[{"url":"https:\/\/www.legislapp.com.br\/wp-content\/uploads\/google-play.png","type":"","width":"","height":""}],"twitter_card":"summary_large_image","twitter_misc":{"Est. tempo de leitura":"6 minutos"},"schema":{"@context":"https:\/\/schema.org","@graph":[{"@type":"WebPage","@id":"https:\/\/www.legislapp.com.br\/index.php\/cam-legislativa-de-mg-pl-4170-2025-2\/","url":"https:\/\/www.legislapp.com.br\/index.php\/cam-legislativa-de-mg-pl-4170-2025-2\/","name":"PL 4170\/2025 - Legislapp","isPartOf":{"@id":"https:\/\/www.legislapp.com.br\/#website"},"primaryImageOfPage":{"@id":"https:\/\/www.legislapp.com.br\/index.php\/cam-legislativa-de-mg-pl-4170-2025-2\/#primaryimage"},"image":{"@id":"https:\/\/www.legislapp.com.br\/index.php\/cam-legislativa-de-mg-pl-4170-2025-2\/#primaryimage"},"thumbnailUrl":"https:\/\/www.legislapp.com.br\/wp-content\/uploads\/google-play.png","datePublished":"2025-10-08T14:38:27+00:00","breadcrumb":{"@id":"https:\/\/www.legislapp.com.br\/index.php\/cam-legislativa-de-mg-pl-4170-2025-2\/#breadcrumb"},"inLanguage":"pt-BR","potentialAction":[{"@type":"ReadAction","target":["https:\/\/www.legislapp.com.br\/index.php\/cam-legislativa-de-mg-pl-4170-2025-2\/"]}]},{"@type":"ImageObject","inLanguage":"pt-BR","@id":"https:\/\/www.legislapp.com.br\/index.php\/cam-legislativa-de-mg-pl-4170-2025-2\/#primaryimage","url":"https:\/\/www.legislapp.com.br\/wp-content\/uploads\/google-play.png","contentUrl":"https:\/\/www.legislapp.com.br\/wp-content\/uploads\/google-play.png","width":564,"height":168},{"@type":"BreadcrumbList","@id":"https:\/\/www.legislapp.com.br\/index.php\/cam-legislativa-de-mg-pl-4170-2025-2\/#breadcrumb","itemListElement":[{"@type":"ListItem","position":1,"name":"In\u00edcio","item":"https:\/\/www.legislapp.com.br\/"},{"@type":"ListItem","position":2,"name":"PL 4170\/2025 &#8211;"}]},{"@type":"WebSite","@id":"https:\/\/www.legislapp.com.br\/#website","url":"https:\/\/www.legislapp.com.br\/","name":"Legislapp","description":"Intelig\u00eancia governamental em tempo real","publisher":{"@id":"https:\/\/www.legislapp.com.br\/#organization"},"potentialAction":[{"@type":"SearchAction","target":{"@type":"EntryPoint","urlTemplate":"https:\/\/www.legislapp.com.br\/?s={search_term_string}"},"query-input":{"@type":"PropertyValueSpecification","valueRequired":true,"valueName":"search_term_string"}}],"inLanguage":"pt-BR"},{"@type":"Organization","@id":"https:\/\/www.legislapp.com.br\/#organization","name":"Legislapp Monitoramento e Intelig\u00eancia Governamental","url":"https:\/\/www.legislapp.com.br\/","logo":{"@type":"ImageObject","inLanguage":"pt-BR","@id":"https:\/\/www.legislapp.com.br\/#\/schema\/logo\/image\/","url":"https:\/\/www.legislapp.com.br\/wp-content\/uploads\/icon.png","contentUrl":"https:\/\/www.legislapp.com.br\/wp-content\/uploads\/icon.png","width":1024,"height":1024,"caption":"Legislapp Monitoramento e Intelig\u00eancia Governamental"},"image":{"@id":"https:\/\/www.legislapp.com.br\/#\/schema\/logo\/image\/"},"sameAs":["https:\/\/www.instagram.com\/legislapp\/"]}]}},"_links":{"self":[{"href":"https:\/\/www.legislapp.com.br\/index.php\/wp-json\/wp\/v2\/pages\/8516","targetHints":{"allow":["GET"]}}],"collection":[{"href":"https:\/\/www.legislapp.com.br\/index.php\/wp-json\/wp\/v2\/pages"}],"about":[{"href":"https:\/\/www.legislapp.com.br\/index.php\/wp-json\/wp\/v2\/types\/page"}],"author":[{"embeddable":true,"href":"https:\/\/www.legislapp.com.br\/index.php\/wp-json\/wp\/v2\/users\/1"}],"replies":[{"embeddable":true,"href":"https:\/\/www.legislapp.com.br\/index.php\/wp-json\/wp\/v2\/comments?post=8516"}],"version-history":[{"count":0,"href":"https:\/\/www.legislapp.com.br\/index.php\/wp-json\/wp\/v2\/pages\/8516\/revisions"}],"wp:attachment":[{"href":"https:\/\/www.legislapp.com.br\/index.php\/wp-json\/wp\/v2\/media?parent=8516"}],"curies":[{"name":"wp","href":"https:\/\/api.w.org\/{rel}","templated":true}]}}