{"id":8531,"date":"2025-10-08T11:39:19","date_gmt":"2025-10-08T14:39:19","guid":{"rendered":"https:\/\/www.legislapp.com.br\/index.php\/cam-legislativa-de-sc-pl-0570-2025-2\/"},"modified":"2025-10-08T11:39:19","modified_gmt":"2025-10-08T14:39:19","slug":"cam-legislativa-de-sc-pl-0570-2025-2","status":"publish","type":"page","link":"https:\/\/www.legislapp.com.br\/index.php\/cam-legislativa-de-sc-pl-0570-2025-2\/","title":{"rendered":"PL.\/0570\/2025 &#8211; Fernando Krelling"},"content":{"rendered":"<h1 style='text-align: center;'>C\u00e2m. Legislativa de SC &#8211; Autoria de Fernando Krelling<\/h3>\n<p><\/p>\n<article style='text-align: center'>Declara de utilidade p\u00fablica a Federa\u00e7\u00e3o Catarinense de Patina\u00e7\u00e3o Art\u00edstica, de Joinville, e altera o Anexo \u00danico da Lei n\u00ba 18.278, de 2021, que &#8220;Consolida os atos normativos que concedem o T\u00edtulo de Utilidade P\u00fablica estadual no \u00e2mbito do Estado de Santa Catarina&#8221;.<\/article>\n<p><\/p>\n<p style='text-align: center'><a href='https:\/\/app.legislapp.com.br\/#\/busca?termo='><\/a><\/p>\n<p><\/p>\n<article>\n<p>PROJETO DE LEI  <\/p>\n<p>DDeeccllaarraa  ddee  uuttiilliiddaaddee  pp\u00fa\u00fabblliiccaa  a FFeeddeerraa\u00e7\u00e7\u00e3\u00e3oo  CCaattaarriinneennssee  ddee<br \/>\nPPaattiinnaa\u00e7\u00e7\u00e3\u00e3oo  AArrtt\u00ed\u00edssttiiccaa,,  ddee  JJooiinnvviillllee,ee  aalltteerraa  oo  AAnneexxoo  \u00da\u00danniiccoo  ddaa  LLeeii<br \/>\nnnn\u00ba\u00ba\u00ba   111888&#8230;222777888,,,   dddeee   222000222111,,,   qqquuueee   \u201c\u201c\u201cCCCooonnnsssooollliiidddaaa   ooosss   aaatttooosss   nnnooorrrmmmaaatttiiivvvooosss   qqquuueee<br \/>\ncccooonnnccceeedddeeemmm   ooo   TTT\u00ed\u00ed\u00edtttuuulllooo   dddeee   UUUtttiiillliiidddaaadddeee   PPP\u00fa\u00fa\u00fabbbllliiicccaaa   eeessstttaaaddduuuaaalll   nnnooo   \u00e2\u00e2\u00e2mmmbbbiiitttooo   dddooo<br \/>\nEEssttaaddoo  ddee  SSaannttaa  CCaattaarriinnaa\u201d\u201d..   <\/p>\n<p>AArrtt..  11\u00ba\u00ba  FFiiccaa  ddeeccllaarraadda ddee  uuttiilliiddaaddee  pp\u00fa\u00fabblliiccaa  eessttaadduuaall  a<br \/>\nFedera\u00e7\u00e3o Catarinense ddee  PPaattiinnaa\u00e7\u00e7\u00e3\u00e3oo  AArrtt\u00ed\u00edssttiiccaa \u2013 FCPA, ccoomm  sseeddee  nnoo  MMuunniicc\u00ed\u00edppiioo  de<br \/>\nJoinville. <\/p>\n<p>AAArrrttt&#8230;   222\u00ba\u00ba\u00ba   OOO   AAAnnneeexxxooo   \u00da\u00da\u00dannniiicccooo   dddaaa   LLLeeeiii   nnn\u00ba\u00ba\u00ba   111888&#8230;222777888,,,   dddeee   222000   dddeee   dddeeezzzeeemmmbbbrrrooo   dddeee<br \/>\n222000222111,,,   pppaaassssssaaa   aaa   vvviiigggooorrraaarrr   cccooommm   aaa   aaalllttteeerrraaa\u00e7\u00e7\u00e7\u00e3\u00e3\u00e3ooo   cccooonnnssstttaaannnttteee   dddooo   AAAnnneeexxxooo   \u00da\u00da\u00dannniiicccooo   dddeeessstttaaa   LLLeeeiii&#8230; <\/p>\n<p>AAArrrttt&#8230;   333\u00ba\u00ba\u00ba   EEEssstttaaa   LLLeeeiii   eeennntttrrraaa   eeemmm   vvviiigggooorrr   nnnaaa   dddaaatttaaa   dddeee   sssuuuaaa   publica\u00e7\u00e3o. <\/p>\n<p>SSaallaa  ddaass  SSeessss\u00f5\u00f5eess,,   <\/p>\n<p>Deputado Fernando Krelling <\/p>\n<p>Pal\u00e1cio Barriga-Verde<br \/>\nRua Dr. Jorge Luz Fontes, 310 &#8211; GGaabbiinneettee  110011<br \/>\n88020-900 &#8211; Florian\u00f3polis \u2013 SC<br \/>\n(48) 3221.2650<br \/>\nffeerrnnaannddookkrreelllliinngg@@aalleesscc..sscc..ggoovv..bbrr  <\/p>\n<p>ANEXO \u00daNICO<br \/>\n(((AAAlllttteeerrraaa   ooo   AAAnnneeexxxooo   \u00da\u00da\u00dannniiicccooo   dddaaa   LLLeeeiii   nnn\u00ba\u00ba\u00ba   111888&#8230;222777888,,,   dddeee   222000   dddeee   dddeeezzzeeemmmbbbrrrooo   dddeee   222000222111))) <\/p>\n<p>\u201cANEXO \u00daNICO<br \/>\nEENNTTIIDDAADDEESS  DDEECCLLAARRAADDAASS DDEE  UUTTIILLIIDDAADDEE  PP\u00da\u00daBBLLIICCAA <\/p>\n<p>&#8230;&#8230;&#8230;&#8230;&#8230;&#8230;&#8230;&#8230;&#8230;&#8230;&#8230;&#8230;&#8230;&#8230;&#8230;&#8230;&#8230;&#8230;&#8230;&#8230;&#8230;&#8230;&#8230;&#8230;&#8230;&#8230;&#8230;&#8230;&#8230;&#8230;&#8230;&#8230;&#8230;&#8230;&#8230;&#8230;&#8230;&#8230;&#8230;&#8230;&#8230;&#8230;&#8230;&#8230;&#8230;&#8230;&#8230;&#8230;&#8230;&#8230;&#8230;&#8230;&#8230;&#8230;&#8230;&#8230;&#8230;&#8230;&#8230;&#8230;&#8230;&#8230;&#8230;&#8230;&#8230;&#8230;.. &#8230;&#8230;&#8230;&#8230;&#8230;&#8230;&#8230;&#8230;&#8230;&#8230;&#8230;&#8230;&#8230;&#8230;&#8230;&#8230;&#8230;&#8230;&#8230;&#8230;&#8230;&#8230;&#8230;&#8230;&#8230;&#8230;<br \/>\nJOINVILLE LEIS<br \/>\n&#8230;&#8230;&#8230;&#8230;&#8230;&#8230;&#8230;&#8230;&#8230;&#8230;&#8230;&#8230;&#8230;&#8230;&#8230;&#8230;&#8230;&#8230;&#8230;&#8230;&#8230;&#8230;&#8230;&#8230;&#8230;&#8230;&#8230;&#8230;&#8230;&#8230;&#8230;&#8230;&#8230;&#8230;&#8230;&#8230;&#8230;&#8230;&#8230;&#8230;&#8230;&#8230;&#8230;&#8230;&#8230;&#8230;&#8230;&#8230;&#8230;&#8230;&#8230;&#8230;&#8230;&#8230;&#8230;&#8230;&#8230;&#8230;&#8230;&#8230;&#8230;&#8230;&#8230;&#8230;&#8230;&#8230;.. &#8230;&#8230;&#8230;&#8230;&#8230;&#8230;&#8230;&#8230;&#8230;&#8230;&#8230;&#8230;&#8230;&#8230;&#8230;&#8230;&#8230;&#8230;&#8230;&#8230;&#8230;&#8230;&#8230;&#8230;&#8230;&#8230;<br \/>\nFFeeddeerraa\u00e7\u00e7\u00e3\u00e3oo  CCaattaarriinneennssee  ddee  PPaattiinnaa\u00e7\u00e7\u00e3\u00e3oo  AArrtt\u00ed\u00edssttiiccaa \u2013 FCPA <\/p>\n<p>&#8230;&#8230;&#8230;&#8230;&#8230;&#8230;&#8230;&#8230;&#8230;&#8230;&#8230;&#8230;&#8230;&#8230;&#8230;&#8230;&#8230;&#8230;&#8230;&#8230;&#8230;&#8230;&#8230;&#8230;&#8230;.<br \/>\n&#8230;&#8230;&#8230;&#8230;&#8230;&#8230;&#8230;&#8230;&#8230;&#8230;&#8230;&#8230;&#8230;&#8230;&#8230;&#8230;&#8230;&#8230;&#8230;&#8230;&#8230;&#8230;&#8230;&#8230;&#8230;&#8230;&#8230;&#8230;&#8230;&#8230;&#8230;&#8230;&#8230;&#8230;&#8230;&#8230;&#8230;&#8230;&#8230;&#8230;&#8230;&#8230;&#8230;&#8230;&#8230;&#8230;&#8230;&#8230;&#8230;&#8230;&#8230;&#8230;&#8230;&#8230;&#8230;&#8230;&#8230;&#8230;&#8230;&#8230;&#8230;&#8230;&#8230;&#8230;&#8230;&#8230;&#8230;.<br \/>\n\u201d(NR) <\/p>\n<p>Pal\u00e1cio Barriga-Verde<br \/>\nRua Dr. Jorge Luz Fontes, 310 &#8211; GGaabbiinneettee  110011<br \/>\n88020-900 &#8211; Florian\u00f3polis \u2013 SC<br \/>\n(48) 3221.2650<br \/>\nffeerrnnaannddookkrreelllliinngg@@aalleesscc..sscc..ggoovv..bbrr  <\/p>\n<p>JUSTIFICA\u00c7\u00c3O <\/p>\n<p>OO  PPrroojjeettoo  ddee  LLeeii  em an\u00e1lise tem por escopo ddeeccllaarraarr  ddee  uuttiilliiddaaddee<br \/>\np\u00fablica estadual a FFeeddeerraa\u00e7\u00e7\u00e3\u00e3oo  CCaattaarriinneennssee  ddee  PPaattiinnaa\u00e7\u00e7\u00e3\u00e3oo  AArrtt\u00ed\u00edssttiiccaa \u2013 FFCCPPAA, com sede no<br \/>\nMunic\u00edpio de Joinville, tteennddoo  eemm  vviissttaa  qquuee a referida entidade presta iimmppoorrttaannttee servi\u00e7o \u00e0<br \/>\ncomunidade, tendo ffiinnaalliiddaaddee principal pprroommoovveerr,,  ddiirriiggiirr,,  ddiiffuunnddiirr,,  ssuuppeerrvviissiioonnaarr,,<br \/>\nccoooorrddeennaarr,,  ccoonnttrroollaarr  ee  ffiissccaalliizzaarr  aa  pprr\u00e1\u00e1ttiiccaa  ddaa  patina\u00e7\u00e3o arrtt\u00ed\u00edssttiiccaa  ssoobbrree  rrooddaass  nnoo  EEssttaaddoo  ddee<br \/>\nSanta Catarina, conforme eessttaabbeelleeccee  seu Estatuto Social. <\/p>\n<p>DDaa  mmeessmmaa  mmaanneeiirraa,,  aass  aapprreesseennttaa\u00e7\u00e7\u00f5\u00f5eess  pp\u00fa\u00fabblliiccaass  ddee  ppaattiinnaa\u00e7\u00e7\u00e3\u00e3oo  aarrtt\u00ed\u00edsstica<br \/>\ns\u00e3o promovidas ccoomm  ffiinnss  ddee  iinncclluuss\u00e3\u00e3oo,, ddeemmooccrraattiizzaa\u00e7\u00e7\u00e3\u00e3oo  ddoo  aacceessssoo  ee  ddiivvuullggaa\u00e7\u00e7\u00e3\u00e3oo  ddaa<br \/>\nmodalidade, ee  ccoomm  aa  rreeaalliizzaa\u00e7\u00e7\u00e3\u00e3oo  ddee  campanhas solid\u00e1rias em bbeenneeff\u00ed\u00edcciioo  ddaa  ccoommuunniiddaaddee.. <\/p>\n<p>Pelo eeexxxpppooossstttooo,,,   cccooonnntttooo   cccooommm   ooo   aaapppoooiiiooo   dddooosss   mmmeeeuuusss   PPPaaarrreeesss   pppaaarrraaa   aaa   aaappprrrooovvvaaa\u00e7\u00e7\u00e7\u00e3\u00e3\u00e3ooo<br \/>\nda presente mat\u00e9ria. <\/p>\n<p>Pal\u00e1cio Barriga-Verde<br \/>\nRua Dr. Jorge Luz Fontes, 310 &#8211; GGaabbiinneettee  110011<br \/>\n88020-900 &#8211; Florian\u00f3polis \u2013 SC<br \/>\n(48) 3221.2650<br \/>\nffeerrnnaannddookkrreelllliinngg@@aalleesscc..sscc..ggoovv..bbrr <\/article>\n<div style=\"text-align: center\">\n<div style=\"margin-bottom: 20px;\" class=\"et_pb_button_module_wrapper et_pb_button_5_tb_body_wrapper et_pb_button_alignment_center et_pb_module \">\n         <a class=\"et_pb_button et_pb_button_5_tb_body et_hover_enabled et_pb_bg_layout_dark\" style=\"width: 50%;background-color: black;\" href=\"https:\/\/app.legislapp.com.br\" target=\"_blank\" rel=\"noopener\">Visualizar completo na nossa plataforma (30 dias gr\u00e1tis)<\/a><\/p><\/div>\n<p>      <a href=\"https:\/\/play.google.com\/store\/apps\/details?id=br.com.legislapp\"><img decoding=\"async\" style=\"width: 15%; min-width: 130px;\" src=\"https:\/\/www.legislapp.com.br\/wp-content\/uploads\/google-play.png\"><\/a><br \/>\n      <a href=\"https:\/\/apps.apple.com\/us\/app\/legislapp\/id1568929859\"><img decoding=\"async\" style=\"width: 15%; min-width: 130px\" src=\"https:\/\/www.legislapp.com.br\/wp-content\/uploads\/apple-store.png\"><\/a>\n   <\/div>\n","protected":false},"excerpt":{"rendered":"<p>C\u00e2m. Legislativa de SC &#8211; Autoria de Fernando Krelling Declara de utilidade p\u00fablica a Federa\u00e7\u00e3o Catarinense de Patina\u00e7\u00e3o Art\u00edstica, de Joinville, e altera o Anexo \u00danico da Lei n\u00ba 18.278, de 2021, que &#8220;Consolida os atos normativos que concedem o T\u00edtulo de Utilidade P\u00fablica estadual no \u00e2mbito do Estado de Santa Catarina&#8221;. PROJETO DE LEI [&hellip;]<\/p>\n","protected":false},"author":1,"featured_media":0,"parent":0,"menu_order":0,"comment_status":"closed","ping_status":"closed","template":"page-template-blank.php","meta":{"_et_pb_use_builder":"","_et_pb_old_content":"","_et_gb_content_width":"1080","ngg_post_thumbnail":0,"footnotes":""},"class_list":["post-8531","page","type-page","status-publish","hentry"],"yoast_head":"<!-- This site is optimized with the Yoast SEO plugin v24.4 - https:\/\/yoast.com\/wordpress\/plugins\/seo\/ -->\n<title>PL.\/0570\/2025 - Fernando Krelling - Legislapp<\/title>\n<meta name=\"robots\" content=\"index, follow, max-snippet:-1, max-image-preview:large, max-video-preview:-1\" \/>\n<link rel=\"canonical\" href=\"https:\/\/www.legislapp.com.br\/index.php\/cam-legislativa-de-sc-pl-0570-2025-2\/\" \/>\n<meta property=\"og:locale\" content=\"pt_BR\" \/>\n<meta property=\"og:type\" content=\"article\" \/>\n<meta property=\"og:title\" content=\"PL.\/0570\/2025 - Fernando Krelling - Legislapp\" \/>\n<meta property=\"og:description\" content=\"C\u00e2m. Legislativa de SC &#8211; Autoria de Fernando Krelling Declara de utilidade p\u00fablica a Federa\u00e7\u00e3o Catarinense de Patina\u00e7\u00e3o Art\u00edstica, de Joinville, e altera o Anexo \u00danico da Lei n\u00ba 18.278, de 2021, que &#8220;Consolida os atos normativos que concedem o T\u00edtulo de Utilidade P\u00fablica estadual no \u00e2mbito do Estado de Santa Catarina&#8221;. PROJETO DE LEI [&hellip;]\" \/>\n<meta property=\"og:url\" content=\"https:\/\/www.legislapp.com.br\/index.php\/cam-legislativa-de-sc-pl-0570-2025-2\/\" \/>\n<meta property=\"og:site_name\" content=\"Legislapp\" \/>\n<meta property=\"article:publisher\" content=\"https:\/\/www.instagram.com\/legislapp\/\" \/>\n<meta property=\"og:image\" content=\"https:\/\/www.legislapp.com.br\/wp-content\/uploads\/google-play.png\" \/>\n<meta name=\"twitter:card\" content=\"summary_large_image\" \/>\n<meta name=\"twitter:label1\" content=\"Est. tempo de leitura\" \/>\n\t<meta name=\"twitter:data1\" content=\"2 minutos\" \/>\n<script type=\"application\/ld+json\" class=\"yoast-schema-graph\">{\"@context\":\"https:\/\/schema.org\",\"@graph\":[{\"@type\":\"WebPage\",\"@id\":\"https:\/\/www.legislapp.com.br\/index.php\/cam-legislativa-de-sc-pl-0570-2025-2\/\",\"url\":\"https:\/\/www.legislapp.com.br\/index.php\/cam-legislativa-de-sc-pl-0570-2025-2\/\",\"name\":\"PL.\/0570\/2025 - Fernando Krelling - Legislapp\",\"isPartOf\":{\"@id\":\"https:\/\/www.legislapp.com.br\/#website\"},\"primaryImageOfPage\":{\"@id\":\"https:\/\/www.legislapp.com.br\/index.php\/cam-legislativa-de-sc-pl-0570-2025-2\/#primaryimage\"},\"image\":{\"@id\":\"https:\/\/www.legislapp.com.br\/index.php\/cam-legislativa-de-sc-pl-0570-2025-2\/#primaryimage\"},\"thumbnailUrl\":\"https:\/\/www.legislapp.com.br\/wp-content\/uploads\/google-play.png\",\"datePublished\":\"2025-10-08T14:39:19+00:00\",\"breadcrumb\":{\"@id\":\"https:\/\/www.legislapp.com.br\/index.php\/cam-legislativa-de-sc-pl-0570-2025-2\/#breadcrumb\"},\"inLanguage\":\"pt-BR\",\"potentialAction\":[{\"@type\":\"ReadAction\",\"target\":[\"https:\/\/www.legislapp.com.br\/index.php\/cam-legislativa-de-sc-pl-0570-2025-2\/\"]}]},{\"@type\":\"ImageObject\",\"inLanguage\":\"pt-BR\",\"@id\":\"https:\/\/www.legislapp.com.br\/index.php\/cam-legislativa-de-sc-pl-0570-2025-2\/#primaryimage\",\"url\":\"https:\/\/www.legislapp.com.br\/wp-content\/uploads\/google-play.png\",\"contentUrl\":\"https:\/\/www.legislapp.com.br\/wp-content\/uploads\/google-play.png\",\"width\":564,\"height\":168},{\"@type\":\"BreadcrumbList\",\"@id\":\"https:\/\/www.legislapp.com.br\/index.php\/cam-legislativa-de-sc-pl-0570-2025-2\/#breadcrumb\",\"itemListElement\":[{\"@type\":\"ListItem\",\"position\":1,\"name\":\"In\u00edcio\",\"item\":\"https:\/\/www.legislapp.com.br\/\"},{\"@type\":\"ListItem\",\"position\":2,\"name\":\"PL.\/0570\/2025 &#8211; Fernando Krelling\"}]},{\"@type\":\"WebSite\",\"@id\":\"https:\/\/www.legislapp.com.br\/#website\",\"url\":\"https:\/\/www.legislapp.com.br\/\",\"name\":\"Legislapp\",\"description\":\"Intelig\u00eancia governamental em tempo real\",\"publisher\":{\"@id\":\"https:\/\/www.legislapp.com.br\/#organization\"},\"potentialAction\":[{\"@type\":\"SearchAction\",\"target\":{\"@type\":\"EntryPoint\",\"urlTemplate\":\"https:\/\/www.legislapp.com.br\/?s={search_term_string}\"},\"query-input\":{\"@type\":\"PropertyValueSpecification\",\"valueRequired\":true,\"valueName\":\"search_term_string\"}}],\"inLanguage\":\"pt-BR\"},{\"@type\":\"Organization\",\"@id\":\"https:\/\/www.legislapp.com.br\/#organization\",\"name\":\"Legislapp Monitoramento e Intelig\u00eancia Governamental\",\"url\":\"https:\/\/www.legislapp.com.br\/\",\"logo\":{\"@type\":\"ImageObject\",\"inLanguage\":\"pt-BR\",\"@id\":\"https:\/\/www.legislapp.com.br\/#\/schema\/logo\/image\/\",\"url\":\"https:\/\/www.legislapp.com.br\/wp-content\/uploads\/icon.png\",\"contentUrl\":\"https:\/\/www.legislapp.com.br\/wp-content\/uploads\/icon.png\",\"width\":1024,\"height\":1024,\"caption\":\"Legislapp Monitoramento e Intelig\u00eancia Governamental\"},\"image\":{\"@id\":\"https:\/\/www.legislapp.com.br\/#\/schema\/logo\/image\/\"},\"sameAs\":[\"https:\/\/www.instagram.com\/legislapp\/\"]}]}<\/script>\n<!-- \/ Yoast SEO plugin. -->","yoast_head_json":{"title":"PL.\/0570\/2025 - Fernando Krelling - Legislapp","robots":{"index":"index","follow":"follow","max-snippet":"max-snippet:-1","max-image-preview":"max-image-preview:large","max-video-preview":"max-video-preview:-1"},"canonical":"https:\/\/www.legislapp.com.br\/index.php\/cam-legislativa-de-sc-pl-0570-2025-2\/","og_locale":"pt_BR","og_type":"article","og_title":"PL.\/0570\/2025 - Fernando Krelling - Legislapp","og_description":"C\u00e2m. Legislativa de SC &#8211; Autoria de Fernando Krelling Declara de utilidade p\u00fablica a Federa\u00e7\u00e3o Catarinense de Patina\u00e7\u00e3o Art\u00edstica, de Joinville, e altera o Anexo \u00danico da Lei n\u00ba 18.278, de 2021, que &#8220;Consolida os atos normativos que concedem o T\u00edtulo de Utilidade P\u00fablica estadual no \u00e2mbito do Estado de Santa Catarina&#8221;. PROJETO DE LEI [&hellip;]","og_url":"https:\/\/www.legislapp.com.br\/index.php\/cam-legislativa-de-sc-pl-0570-2025-2\/","og_site_name":"Legislapp","article_publisher":"https:\/\/www.instagram.com\/legislapp\/","og_image":[{"url":"https:\/\/www.legislapp.com.br\/wp-content\/uploads\/google-play.png","type":"","width":"","height":""}],"twitter_card":"summary_large_image","twitter_misc":{"Est. tempo de leitura":"2 minutos"},"schema":{"@context":"https:\/\/schema.org","@graph":[{"@type":"WebPage","@id":"https:\/\/www.legislapp.com.br\/index.php\/cam-legislativa-de-sc-pl-0570-2025-2\/","url":"https:\/\/www.legislapp.com.br\/index.php\/cam-legislativa-de-sc-pl-0570-2025-2\/","name":"PL.\/0570\/2025 - Fernando Krelling - Legislapp","isPartOf":{"@id":"https:\/\/www.legislapp.com.br\/#website"},"primaryImageOfPage":{"@id":"https:\/\/www.legislapp.com.br\/index.php\/cam-legislativa-de-sc-pl-0570-2025-2\/#primaryimage"},"image":{"@id":"https:\/\/www.legislapp.com.br\/index.php\/cam-legislativa-de-sc-pl-0570-2025-2\/#primaryimage"},"thumbnailUrl":"https:\/\/www.legislapp.com.br\/wp-content\/uploads\/google-play.png","datePublished":"2025-10-08T14:39:19+00:00","breadcrumb":{"@id":"https:\/\/www.legislapp.com.br\/index.php\/cam-legislativa-de-sc-pl-0570-2025-2\/#breadcrumb"},"inLanguage":"pt-BR","potentialAction":[{"@type":"ReadAction","target":["https:\/\/www.legislapp.com.br\/index.php\/cam-legislativa-de-sc-pl-0570-2025-2\/"]}]},{"@type":"ImageObject","inLanguage":"pt-BR","@id":"https:\/\/www.legislapp.com.br\/index.php\/cam-legislativa-de-sc-pl-0570-2025-2\/#primaryimage","url":"https:\/\/www.legislapp.com.br\/wp-content\/uploads\/google-play.png","contentUrl":"https:\/\/www.legislapp.com.br\/wp-content\/uploads\/google-play.png","width":564,"height":168},{"@type":"BreadcrumbList","@id":"https:\/\/www.legislapp.com.br\/index.php\/cam-legislativa-de-sc-pl-0570-2025-2\/#breadcrumb","itemListElement":[{"@type":"ListItem","position":1,"name":"In\u00edcio","item":"https:\/\/www.legislapp.com.br\/"},{"@type":"ListItem","position":2,"name":"PL.\/0570\/2025 &#8211; Fernando Krelling"}]},{"@type":"WebSite","@id":"https:\/\/www.legislapp.com.br\/#website","url":"https:\/\/www.legislapp.com.br\/","name":"Legislapp","description":"Intelig\u00eancia governamental em tempo real","publisher":{"@id":"https:\/\/www.legislapp.com.br\/#organization"},"potentialAction":[{"@type":"SearchAction","target":{"@type":"EntryPoint","urlTemplate":"https:\/\/www.legislapp.com.br\/?s={search_term_string}"},"query-input":{"@type":"PropertyValueSpecification","valueRequired":true,"valueName":"search_term_string"}}],"inLanguage":"pt-BR"},{"@type":"Organization","@id":"https:\/\/www.legislapp.com.br\/#organization","name":"Legislapp Monitoramento e Intelig\u00eancia Governamental","url":"https:\/\/www.legislapp.com.br\/","logo":{"@type":"ImageObject","inLanguage":"pt-BR","@id":"https:\/\/www.legislapp.com.br\/#\/schema\/logo\/image\/","url":"https:\/\/www.legislapp.com.br\/wp-content\/uploads\/icon.png","contentUrl":"https:\/\/www.legislapp.com.br\/wp-content\/uploads\/icon.png","width":1024,"height":1024,"caption":"Legislapp Monitoramento e Intelig\u00eancia Governamental"},"image":{"@id":"https:\/\/www.legislapp.com.br\/#\/schema\/logo\/image\/"},"sameAs":["https:\/\/www.instagram.com\/legislapp\/"]}]}},"_links":{"self":[{"href":"https:\/\/www.legislapp.com.br\/index.php\/wp-json\/wp\/v2\/pages\/8531","targetHints":{"allow":["GET"]}}],"collection":[{"href":"https:\/\/www.legislapp.com.br\/index.php\/wp-json\/wp\/v2\/pages"}],"about":[{"href":"https:\/\/www.legislapp.com.br\/index.php\/wp-json\/wp\/v2\/types\/page"}],"author":[{"embeddable":true,"href":"https:\/\/www.legislapp.com.br\/index.php\/wp-json\/wp\/v2\/users\/1"}],"replies":[{"embeddable":true,"href":"https:\/\/www.legislapp.com.br\/index.php\/wp-json\/wp\/v2\/comments?post=8531"}],"version-history":[{"count":0,"href":"https:\/\/www.legislapp.com.br\/index.php\/wp-json\/wp\/v2\/pages\/8531\/revisions"}],"wp:attachment":[{"href":"https:\/\/www.legislapp.com.br\/index.php\/wp-json\/wp\/v2\/media?parent=8531"}],"curies":[{"name":"wp","href":"https:\/\/api.w.org\/{rel}","templated":true}]}}