{"id":8534,"date":"2025-10-08T11:39:29","date_gmt":"2025-10-08T14:39:29","guid":{"rendered":"https:\/\/www.legislapp.com.br\/index.php\/cam-legislativa-de-sc-pl-0566-2025-2\/"},"modified":"2025-10-08T11:39:29","modified_gmt":"2025-10-08T14:39:29","slug":"cam-legislativa-de-sc-pl-0566-2025-2","status":"publish","type":"page","link":"https:\/\/www.legislapp.com.br\/index.php\/cam-legislativa-de-sc-pl-0566-2025-2\/","title":{"rendered":"PL.\/0566\/2025 &#8211; Sargento Lima"},"content":{"rendered":"<h1 style='text-align: center;'>C\u00e2m. Legislativa de SC &#8211; Autoria de Sargento Lima<\/h3>\n<p><\/p>\n<article style='text-align: center'>Disp\u00f5e sobre a preven\u00e7\u00e3o e controle da pesca fantasma, estabelece medidas de manejo sustent\u00e1vel de equipamentos de pesca e prote\u00e7\u00e3o aos ecossistemas marinhos e costeiros no Estado de Santa Catarina, e d\u00e1 outras provid\u00eancias.<\/article>\n<p><\/p>\n<p style='text-align: center'><a href='https:\/\/app.legislapp.com.br\/#\/busca?termo='><\/a><\/p>\n<p><\/p>\n<article>ASSEMBLEIA LEGISLATIVA GABINETE DEPUTADO<br \/>\nESTADO DE SANTA CATARINA SARGENTO LIMA<br \/>\nPROJETO DE LEI<\/p>\n<p>&#8220;Disp\u00f5e sobre a preven\u00e7\u00e3o e controle da pesca<br \/>\nfantasma, estabelece medidas de manejo sustent\u00e1vel de<br \/>\nequipamentos de pesca e prote\u00e7\u00e3o aos ecossistemas<br \/>\nmarinhos e costeiros no Estado de Santa Catarina, e d\u00e1<br \/>\noutras provid\u00eancias.\u201d<\/p>\n<p>Art. 1\u00ba Esta Lei tem por finalidade prevenir, controlar e<br \/>\nmitigar os impactos ambientais decorrentes de petrechos de pesca abandonados,<br \/>\nperdidos ou descartados (PP-APD) nos corpos h\u00eddricos estaduais e no litoral<br \/>\ncatarinense, promovendo a prote\u00e7\u00e3o da biodiversidade marinha e o uso sustent\u00e1vel<br \/>\ndos recursos pesqueiros.<\/p>\n<p>Par\u00e1grafo \u00fanico. S\u00e3o objetivos da presente Lei:<\/p>\n<p>I \u2013 Proteger a biodiversidade marinha, em especial esp\u00e9cies<br \/>\namea\u00e7adas como o peixe-anjo, mero e algumas raias, como a viola, viola-da-cara-curta<br \/>\ne a raia-borboleta;<\/p>\n<p>II \u2013 Reduzir a mortalidade de fauna aqu\u00e1tica e danos a<br \/>\necossistemas sens\u00edveis, como recifes de coral e manguezais;<\/p>\n<p>III \u2013 Fomentar a economia circular, incentivando a reciclagem<br \/>\nde materiais de pesca; e<\/p>\n<p>IV \u2013 Fortalecer a coopera\u00e7\u00e3o entre pescadores artesanais,<br \/>\nsetor industrial, \u00f3rg\u00e3os p\u00fablicos e institui\u00e7\u00f5es de pesquisa.<\/p>\n<p>Art. 2\u00ba Para os fins desta Lei, considera-se:<\/p>\n<p>I \u2013 Pesca fantasma: Impacto causado por equipamentos de<br \/>\npesca (redes, linhas, armadilhas, anz\u00f3is etc.) abandonados, perdidos ou descartados<br \/>\nno mar, rios ou zonas costeiras, que continuam a capturar esp\u00e9cies ou degradar<br \/>\nhabitats.<\/p>\n<p>II \u2013 PP-APD: Sigla para Petrechos de Pesca Abandonados,<br \/>\nPerdidos ou Descartados, compostos majoritariamente por materiais sint\u00e9ticos como<br \/>\npoliamida (nylon), polietileno e outros pl\u00e1sticos de alta durabilidade.<\/p>\n<p>III \u2013 \u00c1reas priorit\u00e1rias: Zonas de maior incid\u00eancia de redes<br \/>\nfantasmas no Estado, como a Reserva Biol\u00f3gica Marinha do Arvoredo, Ba\u00eda da<br \/>\nBabitonga e entorno de Florian\u00f3polis.<\/p>\n<p>IV \u2013 Pesca artesanal: atividade realizada por pescadores<br \/>\naut\u00f4nomos ou em regime de economia familiar, com embarca\u00e7\u00f5es de pequeno porte e<br \/>\nmenor impacto ambiental.<\/p>\n<p>V \u2013 Pesca industrial: atividade realizada por embarca\u00e7\u00f5es de<br \/>\nm\u00e9dio ou grande porte, com utiliza\u00e7\u00e3o de redes de grande escala, sistemas<br \/>\nmecanizados e fins predominantemente comerciais.<\/p>\n<p>Art. 3\u00ba S\u00e3o vedadas no territ\u00f3rio catarinense:<br \/>\nI \u2013 O descarte intencional de equipamentos de pesca em<br \/>\ncorpos h\u00eddricos, ressalvadas situa\u00e7\u00f5es de for\u00e7a maior ou acidentes comprovadamente<br \/>\ncomunicados \u00e0s autoridades competentes; e<\/p>\n<p>II \u2013 A pesca industrial sem sistema de rastreamento de<br \/>\nequipamentos em \u00e1reas cr\u00edticas, conforme mapeamento do Instituto do Meio Ambiente<br \/>\nde Santa Catarina (IMA), regulamentado por ato pr\u00f3prio.<\/p>\n<p>Art. 4\u00ba S\u00e3o obriga\u00e7\u00f5es dos pescadores e empresas<br \/>\npesqueiras registradas no Estado:<\/p>\n<p>I \u2013 Comunicar ao IMA a perda de equipamentos no prazo<br \/>\nm\u00e1ximo de 48 (quarenta e oito) horas;<\/p>\n<p>II \u2013 Participar de Programas de Recupera\u00e7\u00e3o de Redes<br \/>\nFantasmas, entregando equipamentos danificados em pontos de coleta credenciados;<br \/>\ne<\/p>\n<p>III \u2013 Manter registro atualizado e identifica\u00e7\u00e3o individualizada<br \/>\ndos equipamentos de pesca utilizados, sempre que tecnicamente vi\u00e1vel.<\/p>\n<p>Art. 5\u00ba O Poder Executivo Estadual instituir\u00e1:<\/p>\n<p>I \u2013 O Sistema de Monitoramento de Redes Fantasmas, em<br \/>\nparceria com universidade e institui\u00e7\u00f5es de ensino, pesquisa e extens\u00e3o; e<br \/>\norganiza\u00e7\u00f5es da sociedade civil, para mapear \u00e1reas cr\u00edticas;<\/p>\n<p>II \u2013 O Fundo Estadual de Conserva\u00e7\u00e3o Marinha, a ser<br \/>\ninstitu\u00eddo por lei espec\u00edfica, financiado por multas ambientais e por at\u00e9 1% (um por<br \/>\ncento) da receita proveniente do turismo costeiro, com destina\u00e7\u00e3o priorit\u00e1ria a:<\/p>\n<p>a) remo\u00e7\u00e3o de PP-APD;<\/p>\n<p>b) pesquisas e desenvolvimento de materiais sustent\u00e1veis; e <\/p>\n<p>c) campanhas educativas em comunidades pesqueiras e<br \/>\nescolares.<\/p>\n<p>III \u2013 O Pr\u00eamio Santa Catarina Sustent\u00e1vel, para<br \/>\nreconhecimento de iniciativas exemplares de pescadores e empresas comprometidas<br \/>\ncom a redu\u00e7\u00e3o das redes fantasmas.<\/p>\n<p>Art. 6\u00ba As empresas com atua\u00e7\u00e3o no litoral catarinense<br \/>\npoder\u00e3o:<\/p>\n<p>I \u2013 Destinar voluntariamente parcela de seu lucro l\u00edquido<br \/>\nanual a projetos de recupera\u00e7\u00e3o de ecossistemas impactados por PP-APD, mediante<br \/>\nconv\u00eanio com o Poder P\u00fablico; <\/p>\n<p>II \u2013 Instalar dispositivos de escape em redes de pesca,<br \/>\nminimizando a captura acidental de esp\u00e9cies n\u00e3o-alvo, conforme regulamenta\u00e7\u00e3o<br \/>\nespec\u00edfica; e<\/p>\n<p>III &#8211; Substituir gradualmente redes de nylon por alternativas<br \/>\nbiodegrad\u00e1veis, como forma de contribuir para a prote\u00e7\u00e3o da biodiversidade marinha e<br \/>\no uso sustent\u00e1vel dos recursos pesqueiros.<br \/>\n Art. 7\u00ba As infra\u00e7\u00f5es \u00e0 presente Lei sujeitar\u00e3o os infratores \u00e0s<br \/>\nseguintes san\u00e7\u00f5es administrativas, sem preju\u00edzo das demais san\u00e7\u00f5es civis, penais ou<br \/>\nadministrativas previstas em legisla\u00e7\u00e3o espec\u00edfica:<\/p>\n<p>I \u2013 Multa administrativa de R$ 2.000,00 (dois mil reais) a R$<br \/>\n500.000,00 (quinhentos mil reais), a ser fixada conforme os crit\u00e9rios de gravidade da<br \/>\ninfra\u00e7\u00e3o, reincid\u00eancia, porte do infrator e extens\u00e3o do dano ambiental, nos termos de<br \/>\nregulamenta\u00e7\u00e3o do Poder Executivo;<\/p>\n<p>II \u2013 Suspens\u00e3o da licen\u00e7a de pesca por 6 (seis) meses a 3<br \/>\n(tr\u00eas) anos; e<\/p>\n<p>III \u2013 Obrigatoriedade de repara\u00e7\u00e3o ambiental, sob supervis\u00e3o<br \/>\ndo IMA, conforme disp\u00f5e o art. 9\u00ba da Lei n\u00ba 9.605, de 12 de fevereiro de 1998.<\/p>\n<p>Art. 8\u00ba A fiscaliza\u00e7\u00e3o caber\u00e1:<\/p>\n<p>I \u2013 Ao Instituto do Meio Ambiente de Santa Catarina (IMA);<\/p>\n<p>II \u2013 \u00c0 Pol\u00edcia Militar Ambiental; e<\/p>\n<p>III \u2013 \u00c0 Secretaria de Estado da Pesca e Aquicultura, nos<br \/>\nlimites de suas compet\u00eancias.<\/p>\n<p>Art. 9\u00ba O Poder Executivo promover\u00e1 a\u00e7\u00f5es educativas em<br \/>\nescolas p\u00fablicas e privadas, col\u00f4nias de pescadores, cooperativas, feiras e eventos<br \/>\ntur\u00edsticos, com os seguintes objetivos:<\/p>\n<p>I \u2013 Informar sobre os impactos das redes fantasmas na<br \/>\nbiodiversidade, na pesca artesanal e no turismo;<\/p>\n<p>II \u2013 Promover m\u00e9todos de descarte respons\u00e1vel e de<br \/>\nreciclagem de petrechos de pesca; e<\/p>\n<p>III \u2013 Valorizar as unidades de conserva\u00e7\u00e3o e a cultura<br \/>\npesqueira tradicional.<\/p>\n<p>Art. 10. Esta Lei entra em vigor 120 (cento e vinte) dias ap\u00f3s<br \/>\nsua publica\u00e7\u00e3o.<\/p>\n<p>Sala das Sess\u00f5es,     <\/p>\n<p>Deputado Sargento Lima<br \/>\n JUSTIFICA\u00c7\u00c3O<\/p>\n<p>A presente proposi\u00e7\u00e3o tem como escopo combater o grave<br \/>\nproblema ambiental conhecido como pesca fantasma, caracterizado pela presen\u00e7a de<br \/>\npetrechos de pesca abandonados, perdidos ou descartados nos corpos h\u00eddricos e no<br \/>\nlitoral, os quais continuam a capturar esp\u00e9cies aqu\u00e1ticas de forma indiscriminada, al\u00e9m<br \/>\nde poluir os ecossistemas marinhos com materiais pl\u00e1sticos altamente resistentes \u00e0<br \/>\ndecomposi\u00e7\u00e3o.<\/p>\n<p>Estima-se que, no Brasil, mais de 25 milh\u00f5es de animais<br \/>\nmarinhos sejam impactados anualmente por redes fantasmas. Em Santa Catarina,<br \/>\nestudos cient\u00edficos e a\u00e7\u00f5es de campo j\u00e1 detectaram a presen\u00e7a desses materiais em<br \/>\n\u00e1reas protegidas, como a Reserva Biol\u00f3gica Marinha do Arvoredo, com impactos<br \/>\ndiretos sobre esp\u00e9cies amea\u00e7adas, como o mero e a raia-borboleta.<\/p>\n<p>A proposta busca, em conson\u00e2ncia com os princ\u00edpios<br \/>\nconstitucionais da fun\u00e7\u00e3o socioambiental dos recursos naturais (art. 225 da CF) e da<br \/>\nsustentabilidade, estabelecer um arcabou\u00e7o normativo que una preven\u00e7\u00e3o,<br \/>\nmonitoramento, fiscaliza\u00e7\u00e3o e educa\u00e7\u00e3o ambiental, al\u00e9m de incentivar pr\u00e1ticas<br \/>\nsustent\u00e1veis no setor pesqueiro e fomentar a economia circular por meio da reciclagem<br \/>\nde materiais.<\/p>\n<p>Ressalte-se que a iniciativa se mostra especialmente<br \/>\nrelevante diante da aus\u00eancia de uma pol\u00edtica p\u00fablica federal articulada sobre o tema e<br \/>\nda necessidade de os entes estaduais atuarem para suprir essa lacuna, em<br \/>\ncolabora\u00e7\u00e3o com universidades, organiza\u00e7\u00f5es da sociedade civil e comunidades<br \/>\npesqueiras tradicionais.<\/p>\n<p>Conforme informa\u00e7\u00f5es da National Geographic, datado de<br \/>\n2020:<\/p>\n<p>&#8211; 6,4 milh\u00f5es de toneladas de lixo marinho chegam aos mares mundiais anualmente;<br \/>\n&#8211; 25 milh\u00f5es de animais marinhos s\u00e3o impactados por pesca fantasma no Brasil por<br \/>\nano;<br \/>\n&#8211; Aproximadamente 580 kg de redes s\u00e3o perdidos na costa brasileira diariamente.<\/p>\n<p> Relat\u00f3rio \u201cFantasma sob as Ondas\u201d, da ONG Prote\u00e7\u00e3o<br \/>\nAnimal Mundial, mostrou que, a cada ano, 800 mil toneladas de equipamentos ou<br \/>\nfragmentos de equipamentos de pesca s\u00e3o perdidos ou descartados nos oceanos,<br \/>\nrepresentando 10% (dez porcento) de todo o pl\u00e1stico que entra no oceano e a rede de<br \/>\npl\u00e1stico pode demorar at\u00e9 600 anos para se degradar.<\/p>\n<p>Os petrechos de pesca ficam centenas de anos vagando nas<br \/>\n\u00e1guas dos mares e capturando involuntariamente os animais. E, depois que esse<br \/>\nmaterial, essencialmente feito de pl\u00e1stico, se decomp\u00f5e, surge outro problema: a<br \/>\nprolifera\u00e7\u00e3o do micropl\u00e1stico nos oceanos.<\/p>\n<p>O estudo Mar\u00e9 Fantasma, conduzido pela Organiza\u00e7\u00e3o<br \/>\nProte\u00e7\u00e3o Animal Mundial, estima que, em um ano, 25 milh\u00f5es de animais marinhos na<br \/>\ncosta brasileira podem ter sido impactados pelos petrechos (morte, mutila\u00e7\u00e3o,<br \/>\nferimentos ou aprisionamento).<\/p>\n<p>H\u00e1 pouca pesquisa dedicada \u00e0 pesca fantasma no Brasil.<br \/>\nSomente tr\u00eas estados (S\u00e3o Paulo, Rio de Janeiro e Santa Catarina) t\u00eam estudos de<br \/>\ncunho cient\u00edfico, com registros sobre a retirada de petrechos fantasmas. A somat\u00f3ria de<br \/>\ndados dispon\u00edveis nessa pesquisa, al\u00e9m de relatos de ag\u00eancias de mergulho e limpeza<br \/>\nde praia, aponta que, em pelo menos 70% (setenta porcento) do litoral brasileiro, h\u00e1<br \/>\nrelatos de petrechos abandonados ou perdidos.<br \/>\n Relato da Ocean Cleanup Foundation: ao menos 136.000<br \/>\nbaleias, focas, le\u00f5es-marinhos, tartarugas e golfinhos, al\u00e9m de inumer\u00e1veis peixes e<br \/>\naves, enredam-se em equipamentos fantasmas por ano na regi\u00e3o da Indon\u00e9sia. No<br \/>\nEquador, onde a pesca \u00e9 vital, documentos de 2024 mostram que as redes fantasmas<br \/>\nafetam Gal\u00e1pagos, \u00e1rea reconhecida como Patrim\u00f4nio da Humanidade, atingindo<br \/>\nesp\u00e9cies como tartarugas-marinhas e tubar\u00f5es-martelo.<\/p>\n<p>J\u00e1 em levantamento feito em 12 pontos nas quatro ilhas que<br \/>\ncomp\u00f5em a unidade de conserva\u00e7\u00e3o Ilha do Arvoredo foram identificados PP-APD,<br \/>\ncoletou-se chumbada, isca artificial, anzol, amostras de linhas e redes de emalhe,<br \/>\nsendo as linhas, redes e cabos os mais frequentes. Estes petrechos s\u00e3o provenientes<br \/>\nprincipalmente da pesca ilegal praticada na unidade de conserva\u00e7\u00e3o, especialmente<br \/>\npesca amadora e profissional artesanal.<\/p>\n<p>A Reserva do Arvoredo apresenta 1.400 esp\u00e9cies marinhas<br \/>\nregistradas em trabalhos cient\u00edficos (at\u00e9 2017). Algumas est\u00e3o inclu\u00eddas na lista<br \/>\ninternacional de esp\u00e9cies amea\u00e7adas da Uni\u00e3o Internacional para a Conserva\u00e7\u00e3o da<br \/>\nNatureza e dos Recursos Naturais, entre elas peixe-anjo, mero e algumas raias, como<br \/>\na viola, viola-da-cara-curta e a raia-borboleta. De 2009 a 2016, o ICMBio emitiu 96<br \/>\nautos de infra\u00e7\u00e3o por pesca irregular no Arvoredo, sendo a ampla maioria por pesca<br \/>\ncom rede de emalhe e vara de pesca, em embarca\u00e7\u00f5es de lazer. <\/p>\n<p>A presente proposta encontra respaldo nos dispositivos da<br \/>\nConstitui\u00e7\u00e3o Federal (arts. 23, 24 e 225), bem como na Lei n\u00ba 11.959\/2009 (Lei da<br \/>\nPesca), na Lei n\u00ba 12.305\/2010 (Pol\u00edtica Nacional de Res\u00edduos S\u00f3lidos), na Lei n\u00ba<br \/>\n9.605\/1998 (Lei de Crimes Ambientais) e na Lei n\u00ba 13.123\/2015 (Lei da Biodiversidade).<\/p>\n<p>Deste modo, esta proposi\u00e7\u00e3o contribui para a preserva\u00e7\u00e3o da<br \/>\nbiodiversidade, a valoriza\u00e7\u00e3o da pesca artesanal sustent\u00e1vel, e a seguran\u00e7a da<br \/>\nnavega\u00e7\u00e3o, alinhando-se aos compromissos internacionais assumidos pelo Brasil em<br \/>\nmat\u00e9ria ambiental, e fortalecendo a atua\u00e7\u00e3o do Estado de Santa Catarina como<br \/>\nrefer\u00eancia em prote\u00e7\u00e3o costeira e marinha.<\/p>\n<p>Sala das Sess\u00f5es,     <\/p>\n<p>Deputado Sargento Lima<\/p>\n<p>ELEGIS<br \/>\nDocumento assinado eletronicamente por Carlos Henrique de<br \/>\nSistema de Processo<br \/>\nLima, em 12\/08\/2025, \u00e0s 17:22.<br \/>\nLegislativo Eletr\u00f4nico<\/article>\n<div style=\"text-align: center\">\n<div style=\"margin-bottom: 20px;\" class=\"et_pb_button_module_wrapper et_pb_button_5_tb_body_wrapper et_pb_button_alignment_center et_pb_module \">\n         <a class=\"et_pb_button et_pb_button_5_tb_body et_hover_enabled et_pb_bg_layout_dark\" style=\"width: 50%;background-color: black;\" href=\"https:\/\/app.legislapp.com.br\" target=\"_blank\" rel=\"noopener\">Visualizar completo na nossa plataforma (30 dias gr\u00e1tis)<\/a><\/p><\/div>\n<p>      <a href=\"https:\/\/play.google.com\/store\/apps\/details?id=br.com.legislapp\"><img decoding=\"async\" style=\"width: 15%; min-width: 130px;\" src=\"https:\/\/www.legislapp.com.br\/wp-content\/uploads\/google-play.png\"><\/a><br \/>\n      <a href=\"https:\/\/apps.apple.com\/us\/app\/legislapp\/id1568929859\"><img decoding=\"async\" style=\"width: 15%; min-width: 130px\" src=\"https:\/\/www.legislapp.com.br\/wp-content\/uploads\/apple-store.png\"><\/a>\n   <\/div>\n","protected":false},"excerpt":{"rendered":"<p>C\u00e2m. Legislativa de SC &#8211; Autoria de Sargento Lima Disp\u00f5e sobre a preven\u00e7\u00e3o e controle da pesca fantasma, estabelece medidas de manejo sustent\u00e1vel de equipamentos de pesca e prote\u00e7\u00e3o aos ecossistemas marinhos e costeiros no Estado de Santa Catarina, e d\u00e1 outras provid\u00eancias. ASSEMBLEIA LEGISLATIVA GABINETE DEPUTADO ESTADO DE SANTA CATARINA SARGENTO LIMA PROJETO DE [&hellip;]<\/p>\n","protected":false},"author":1,"featured_media":0,"parent":0,"menu_order":0,"comment_status":"closed","ping_status":"closed","template":"page-template-blank.php","meta":{"_et_pb_use_builder":"","_et_pb_old_content":"","_et_gb_content_width":"1080","ngg_post_thumbnail":0,"footnotes":""},"class_list":["post-8534","page","type-page","status-publish","hentry"],"yoast_head":"<!-- This site is optimized with the Yoast SEO plugin v24.4 - https:\/\/yoast.com\/wordpress\/plugins\/seo\/ -->\n<title>PL.\/0566\/2025 - Sargento Lima - Legislapp<\/title>\n<meta name=\"robots\" content=\"index, follow, max-snippet:-1, max-image-preview:large, max-video-preview:-1\" \/>\n<link rel=\"canonical\" href=\"https:\/\/www.legislapp.com.br\/index.php\/cam-legislativa-de-sc-pl-0566-2025-2\/\" \/>\n<meta property=\"og:locale\" content=\"pt_BR\" \/>\n<meta property=\"og:type\" content=\"article\" \/>\n<meta property=\"og:title\" content=\"PL.\/0566\/2025 - Sargento Lima - Legislapp\" \/>\n<meta property=\"og:description\" content=\"C\u00e2m. Legislativa de SC &#8211; Autoria de Sargento Lima Disp\u00f5e sobre a preven\u00e7\u00e3o e controle da pesca fantasma, estabelece medidas de manejo sustent\u00e1vel de equipamentos de pesca e prote\u00e7\u00e3o aos ecossistemas marinhos e costeiros no Estado de Santa Catarina, e d\u00e1 outras provid\u00eancias. ASSEMBLEIA LEGISLATIVA GABINETE DEPUTADO ESTADO DE SANTA CATARINA SARGENTO LIMA PROJETO DE [&hellip;]\" \/>\n<meta property=\"og:url\" content=\"https:\/\/www.legislapp.com.br\/index.php\/cam-legislativa-de-sc-pl-0566-2025-2\/\" \/>\n<meta property=\"og:site_name\" content=\"Legislapp\" \/>\n<meta property=\"article:publisher\" content=\"https:\/\/www.instagram.com\/legislapp\/\" \/>\n<meta property=\"og:image\" content=\"https:\/\/www.legislapp.com.br\/wp-content\/uploads\/google-play.png\" \/>\n<meta name=\"twitter:card\" content=\"summary_large_image\" \/>\n<meta name=\"twitter:label1\" content=\"Est. tempo de leitura\" \/>\n\t<meta name=\"twitter:data1\" content=\"9 minutos\" \/>\n<script type=\"application\/ld+json\" class=\"yoast-schema-graph\">{\"@context\":\"https:\/\/schema.org\",\"@graph\":[{\"@type\":\"WebPage\",\"@id\":\"https:\/\/www.legislapp.com.br\/index.php\/cam-legislativa-de-sc-pl-0566-2025-2\/\",\"url\":\"https:\/\/www.legislapp.com.br\/index.php\/cam-legislativa-de-sc-pl-0566-2025-2\/\",\"name\":\"PL.\/0566\/2025 - Sargento Lima - Legislapp\",\"isPartOf\":{\"@id\":\"https:\/\/www.legislapp.com.br\/#website\"},\"primaryImageOfPage\":{\"@id\":\"https:\/\/www.legislapp.com.br\/index.php\/cam-legislativa-de-sc-pl-0566-2025-2\/#primaryimage\"},\"image\":{\"@id\":\"https:\/\/www.legislapp.com.br\/index.php\/cam-legislativa-de-sc-pl-0566-2025-2\/#primaryimage\"},\"thumbnailUrl\":\"https:\/\/www.legislapp.com.br\/wp-content\/uploads\/google-play.png\",\"datePublished\":\"2025-10-08T14:39:29+00:00\",\"breadcrumb\":{\"@id\":\"https:\/\/www.legislapp.com.br\/index.php\/cam-legislativa-de-sc-pl-0566-2025-2\/#breadcrumb\"},\"inLanguage\":\"pt-BR\",\"potentialAction\":[{\"@type\":\"ReadAction\",\"target\":[\"https:\/\/www.legislapp.com.br\/index.php\/cam-legislativa-de-sc-pl-0566-2025-2\/\"]}]},{\"@type\":\"ImageObject\",\"inLanguage\":\"pt-BR\",\"@id\":\"https:\/\/www.legislapp.com.br\/index.php\/cam-legislativa-de-sc-pl-0566-2025-2\/#primaryimage\",\"url\":\"https:\/\/www.legislapp.com.br\/wp-content\/uploads\/google-play.png\",\"contentUrl\":\"https:\/\/www.legislapp.com.br\/wp-content\/uploads\/google-play.png\",\"width\":564,\"height\":168},{\"@type\":\"BreadcrumbList\",\"@id\":\"https:\/\/www.legislapp.com.br\/index.php\/cam-legislativa-de-sc-pl-0566-2025-2\/#breadcrumb\",\"itemListElement\":[{\"@type\":\"ListItem\",\"position\":1,\"name\":\"In\u00edcio\",\"item\":\"https:\/\/www.legislapp.com.br\/\"},{\"@type\":\"ListItem\",\"position\":2,\"name\":\"PL.\/0566\/2025 &#8211; Sargento Lima\"}]},{\"@type\":\"WebSite\",\"@id\":\"https:\/\/www.legislapp.com.br\/#website\",\"url\":\"https:\/\/www.legislapp.com.br\/\",\"name\":\"Legislapp\",\"description\":\"Intelig\u00eancia governamental em tempo real\",\"publisher\":{\"@id\":\"https:\/\/www.legislapp.com.br\/#organization\"},\"potentialAction\":[{\"@type\":\"SearchAction\",\"target\":{\"@type\":\"EntryPoint\",\"urlTemplate\":\"https:\/\/www.legislapp.com.br\/?s={search_term_string}\"},\"query-input\":{\"@type\":\"PropertyValueSpecification\",\"valueRequired\":true,\"valueName\":\"search_term_string\"}}],\"inLanguage\":\"pt-BR\"},{\"@type\":\"Organization\",\"@id\":\"https:\/\/www.legislapp.com.br\/#organization\",\"name\":\"Legislapp Monitoramento e Intelig\u00eancia Governamental\",\"url\":\"https:\/\/www.legislapp.com.br\/\",\"logo\":{\"@type\":\"ImageObject\",\"inLanguage\":\"pt-BR\",\"@id\":\"https:\/\/www.legislapp.com.br\/#\/schema\/logo\/image\/\",\"url\":\"https:\/\/www.legislapp.com.br\/wp-content\/uploads\/icon.png\",\"contentUrl\":\"https:\/\/www.legislapp.com.br\/wp-content\/uploads\/icon.png\",\"width\":1024,\"height\":1024,\"caption\":\"Legislapp Monitoramento e Intelig\u00eancia Governamental\"},\"image\":{\"@id\":\"https:\/\/www.legislapp.com.br\/#\/schema\/logo\/image\/\"},\"sameAs\":[\"https:\/\/www.instagram.com\/legislapp\/\"]}]}<\/script>\n<!-- \/ Yoast SEO plugin. -->","yoast_head_json":{"title":"PL.\/0566\/2025 - Sargento Lima - Legislapp","robots":{"index":"index","follow":"follow","max-snippet":"max-snippet:-1","max-image-preview":"max-image-preview:large","max-video-preview":"max-video-preview:-1"},"canonical":"https:\/\/www.legislapp.com.br\/index.php\/cam-legislativa-de-sc-pl-0566-2025-2\/","og_locale":"pt_BR","og_type":"article","og_title":"PL.\/0566\/2025 - Sargento Lima - Legislapp","og_description":"C\u00e2m. Legislativa de SC &#8211; Autoria de Sargento Lima Disp\u00f5e sobre a preven\u00e7\u00e3o e controle da pesca fantasma, estabelece medidas de manejo sustent\u00e1vel de equipamentos de pesca e prote\u00e7\u00e3o aos ecossistemas marinhos e costeiros no Estado de Santa Catarina, e d\u00e1 outras provid\u00eancias. ASSEMBLEIA LEGISLATIVA GABINETE DEPUTADO ESTADO DE SANTA CATARINA SARGENTO LIMA PROJETO DE [&hellip;]","og_url":"https:\/\/www.legislapp.com.br\/index.php\/cam-legislativa-de-sc-pl-0566-2025-2\/","og_site_name":"Legislapp","article_publisher":"https:\/\/www.instagram.com\/legislapp\/","og_image":[{"url":"https:\/\/www.legislapp.com.br\/wp-content\/uploads\/google-play.png","type":"","width":"","height":""}],"twitter_card":"summary_large_image","twitter_misc":{"Est. tempo de leitura":"9 minutos"},"schema":{"@context":"https:\/\/schema.org","@graph":[{"@type":"WebPage","@id":"https:\/\/www.legislapp.com.br\/index.php\/cam-legislativa-de-sc-pl-0566-2025-2\/","url":"https:\/\/www.legislapp.com.br\/index.php\/cam-legislativa-de-sc-pl-0566-2025-2\/","name":"PL.\/0566\/2025 - Sargento Lima - Legislapp","isPartOf":{"@id":"https:\/\/www.legislapp.com.br\/#website"},"primaryImageOfPage":{"@id":"https:\/\/www.legislapp.com.br\/index.php\/cam-legislativa-de-sc-pl-0566-2025-2\/#primaryimage"},"image":{"@id":"https:\/\/www.legislapp.com.br\/index.php\/cam-legislativa-de-sc-pl-0566-2025-2\/#primaryimage"},"thumbnailUrl":"https:\/\/www.legislapp.com.br\/wp-content\/uploads\/google-play.png","datePublished":"2025-10-08T14:39:29+00:00","breadcrumb":{"@id":"https:\/\/www.legislapp.com.br\/index.php\/cam-legislativa-de-sc-pl-0566-2025-2\/#breadcrumb"},"inLanguage":"pt-BR","potentialAction":[{"@type":"ReadAction","target":["https:\/\/www.legislapp.com.br\/index.php\/cam-legislativa-de-sc-pl-0566-2025-2\/"]}]},{"@type":"ImageObject","inLanguage":"pt-BR","@id":"https:\/\/www.legislapp.com.br\/index.php\/cam-legislativa-de-sc-pl-0566-2025-2\/#primaryimage","url":"https:\/\/www.legislapp.com.br\/wp-content\/uploads\/google-play.png","contentUrl":"https:\/\/www.legislapp.com.br\/wp-content\/uploads\/google-play.png","width":564,"height":168},{"@type":"BreadcrumbList","@id":"https:\/\/www.legislapp.com.br\/index.php\/cam-legislativa-de-sc-pl-0566-2025-2\/#breadcrumb","itemListElement":[{"@type":"ListItem","position":1,"name":"In\u00edcio","item":"https:\/\/www.legislapp.com.br\/"},{"@type":"ListItem","position":2,"name":"PL.\/0566\/2025 &#8211; Sargento Lima"}]},{"@type":"WebSite","@id":"https:\/\/www.legislapp.com.br\/#website","url":"https:\/\/www.legislapp.com.br\/","name":"Legislapp","description":"Intelig\u00eancia governamental em tempo real","publisher":{"@id":"https:\/\/www.legislapp.com.br\/#organization"},"potentialAction":[{"@type":"SearchAction","target":{"@type":"EntryPoint","urlTemplate":"https:\/\/www.legislapp.com.br\/?s={search_term_string}"},"query-input":{"@type":"PropertyValueSpecification","valueRequired":true,"valueName":"search_term_string"}}],"inLanguage":"pt-BR"},{"@type":"Organization","@id":"https:\/\/www.legislapp.com.br\/#organization","name":"Legislapp Monitoramento e Intelig\u00eancia Governamental","url":"https:\/\/www.legislapp.com.br\/","logo":{"@type":"ImageObject","inLanguage":"pt-BR","@id":"https:\/\/www.legislapp.com.br\/#\/schema\/logo\/image\/","url":"https:\/\/www.legislapp.com.br\/wp-content\/uploads\/icon.png","contentUrl":"https:\/\/www.legislapp.com.br\/wp-content\/uploads\/icon.png","width":1024,"height":1024,"caption":"Legislapp Monitoramento e Intelig\u00eancia Governamental"},"image":{"@id":"https:\/\/www.legislapp.com.br\/#\/schema\/logo\/image\/"},"sameAs":["https:\/\/www.instagram.com\/legislapp\/"]}]}},"_links":{"self":[{"href":"https:\/\/www.legislapp.com.br\/index.php\/wp-json\/wp\/v2\/pages\/8534","targetHints":{"allow":["GET"]}}],"collection":[{"href":"https:\/\/www.legislapp.com.br\/index.php\/wp-json\/wp\/v2\/pages"}],"about":[{"href":"https:\/\/www.legislapp.com.br\/index.php\/wp-json\/wp\/v2\/types\/page"}],"author":[{"embeddable":true,"href":"https:\/\/www.legislapp.com.br\/index.php\/wp-json\/wp\/v2\/users\/1"}],"replies":[{"embeddable":true,"href":"https:\/\/www.legislapp.com.br\/index.php\/wp-json\/wp\/v2\/comments?post=8534"}],"version-history":[{"count":0,"href":"https:\/\/www.legislapp.com.br\/index.php\/wp-json\/wp\/v2\/pages\/8534\/revisions"}],"wp:attachment":[{"href":"https:\/\/www.legislapp.com.br\/index.php\/wp-json\/wp\/v2\/media?parent=8534"}],"curies":[{"name":"wp","href":"https:\/\/api.w.org\/{rel}","templated":true}]}}